{"id":919,"date":"2022-08-14T20:41:30","date_gmt":"2022-08-14T20:41:30","guid":{"rendered":"https:\/\/www.ammore.online\/prodotto\/panettone-fait-a-la-main-avec-creme-de-pistache\/"},"modified":"2023-11-05T18:39:16","modified_gmt":"2023-11-05T18:39:16","slug":"panettone-artigianale-crema-al-pistacchio","status":"publish","type":"product","link":"https:\/\/www.ammore.online\/fr\/prodotto\/panettone-artigianale-crema-al-pistacchio\/","title":{"rendered":"Panettone artisanal <br> Cr\u00e8me de pistache"},"content":{"rendered":"<p><strong>Ingr\u00e9dients<\/strong>: farine de<strong> bl\u00e9<\/strong>, <strong>beurre<\/strong>, jaune <strong>d&#8217;oeuf<\/strong> frais, sucre, fructose, levure naturelle (farine de<strong> bl\u00e9<\/strong>), <strong>beurre<\/strong> de cacao, miel, vanille bourbon, dextrose, ar\u00f4mes et sel, correcteur d&#8217;acidit\u00e9: acide citrique.<br \/>\n<strong>Ingr\u00e9dients de la cr\u00e8me<\/strong>: Chocolat blanc (sucre, <strong>beurre<\/strong> de cacao, <strong>lait<\/strong> \u00e9cr\u00e9m\u00e9 en poudre,<strong> lait<\/strong> entier en poudre, <strong>lactos\u00e9rum<\/strong> en poudre, mati\u00e8re grasse <strong>laiti\u00e8re<\/strong>, l\u00e9cithines (<strong>soja<\/strong>), ar\u00f4me naturel de vanille), <strong>ghee<\/strong>, huile de graine de tournesol, p\u00e2te de <strong>pistache<\/strong> 15% (Italie), naturelle saveur de<strong> pistache<\/strong>. Peut contenir des traces de <strong>fruits \u00e0 coque<\/strong> et de <strong>c\u00e9r\u00e9ales<\/strong> contenant du gluten. Peut contenir des traces de<strong> fruits \u00e0 coque<\/strong>, de <strong>soja<\/strong> et de <strong>moutarde<\/strong>. Conserver dans un endroit frais et sec. Produit sujet \u00e0 perte de poids. Produit en Italie.<\/p>\n","protected":false},"excerpt":{"rendered":"<p>Le savoir-faire artisanal de ce panettone est assur\u00e9 par une lev\u00e9e naturelle et une recette extr\u00eamement traditionnelle. Un produit sp\u00e9cial fourr\u00e9 \u00e0 la <strong>cr\u00e8me de pistache sicilienne<\/strong> et fait avec du levain, des farines fines, du beurre de Bretagne et des \u0153ufs de premi\u00e8re qualit\u00e9. La saveur finale est enrichie par la<strong> Vanille<\/strong> <strong>Bourbon <\/strong>de<strong> Madagascar<\/strong>.<\/p>\n<p><strong>Format 1 kg<\/strong> &#8211; <strong>Emball\u00e9 \u00e0 la main <\/strong><\/p>\n<table border=\"0\">\n<tbody>\n<tr>\n<td><img loading=\"lazy\" decoding=\"async\" class=\"alignnone wp-image-573\" src=\"https:\/\/www.ammore.online\/wp-content\/uploads\/2022\/08\/Ingredienti_artigianale-fr.png\" alt=\"\" width=\"197\" height=\"82\" \/><\/td>\n<td><img loading=\"lazy\" decoding=\"async\" class=\"alignnone size-medium wp-image-578\" src=\"https:\/\/www.ammore.online\/wp-content\/uploads\/2022\/08\/Ingredienti_lievito-fr.png\" alt=\"\" width=\"197\" height=\"82\" \/><\/td>\n<td><img loading=\"lazy\" decoding=\"async\" class=\"alignnone size-medium wp-image-583\" src=\"https:\/\/www.ammore.online\/wp-content\/uploads\/2022\/08\/Ingredienti_naturale-fr.png\" alt=\"\" width=\"197\" height=\"82\" \/><\/td>\n<\/tr>\n<tr>\n<td><img loading=\"lazy\" decoding=\"async\" class=\"alignnone size-medium wp-image-593\" src=\"https:\/\/www.ammore.online\/wp-content\/uploads\/2022\/08\/Ingredienti_no_palma-fr.png\" alt=\"\" width=\"197\" height=\"82\" \/><\/td>\n<td><img loading=\"lazy\" decoding=\"async\" class=\"alignnone size-medium wp-image-588\" src=\"https:\/\/www.ammore.online\/wp-content\/uploads\/2022\/08\/Ingredienti_no_grassi-fr.png\" alt=\"\" width=\"197\" height=\"82\" \/><\/td>\n<td><img loading=\"lazy\" decoding=\"async\" class=\"alignnone wp-image-573\" src=\"https:\/\/www.ammore.online\/wp-content\/uploads\/2022\/08\/Ingredienti_clip-fr.png\" alt=\"\" width=\"197\" height=\"82\" \/><\/td>\n<\/tr>\n<\/tbody>\n<\/table>\n","protected":false},"featured_media":4786,"template":"","meta":{"_genesis_hide_title":false,"_genesis_hide_breadcrumbs":false,"_genesis_hide_singular_image":false,"_genesis_hide_footer_widgets":false,"_genesis_custom_body_class":"","_genesis_custom_post_class":"","_genesis_layout":""},"product_cat":[60,90],"product_tag":[],"class_list":{"0":"post-919","1":"product","2":"type-product","3":"status-publish","4":"has-post-thumbnail","6":"product_cat-noel","7":"product_cat-farci","8":"entry","10":"first","11":"outofstock","12":"shipping-taxable","13":"purchasable","14":"product-type-simple"},"yoast_head":"<!-- This site is optimized with the Yoast SEO plugin v23.7 - https:\/\/yoast.com\/wordpress\/plugins\/seo\/ -->\n<title>Panettone artisanal  Cr\u00e8me de pistache - Ammore<\/title>\n<meta name=\"robots\" content=\"index, follow, max-snippet:-1, max-image-preview:large, max-video-preview:-1\" \/>\n<link rel=\"canonical\" href=\"https:\/\/www.ammore.online\/fr\/prodotto\/panettone-artigianale-crema-al-pistacchio\/\" \/>\n<meta property=\"og:locale\" content=\"fr_FR\" \/>\n<meta property=\"og:type\" content=\"article\" \/>\n<meta property=\"og:title\" content=\"Panettone artisanal  Cr\u00e8me de pistache - Ammore\" \/>\n<meta property=\"og:description\" content=\"Le savoir-faire artisanal de ce panettone est assur\u00e9 par une lev\u00e9e naturelle et une recette extr\u00eamement traditionnelle. Un produit sp\u00e9cial fourr\u00e9 \u00e0 la cr\u00e8me de pistache sicilienne et fait avec du levain, des farines fines, du beurre de Bretagne et des \u0153ufs de premi\u00e8re qualit\u00e9. La saveur finale est enrichie par la Vanille Bourbon de Madagascar.  Format 1 kg - Emball\u00e9 \u00e0 la main\" \/>\n<meta property=\"og:url\" content=\"https:\/\/www.ammore.online\/fr\/prodotto\/panettone-artigianale-crema-al-pistacchio\/\" \/>\n<meta property=\"og:site_name\" content=\"Ammore\" \/>\n<meta property=\"article:publisher\" content=\"https:\/\/www.facebook.com\/ammore.official\" \/>\n<meta property=\"article:modified_time\" content=\"2023-11-05T18:39:16+00:00\" \/>\n<meta property=\"og:image\" content=\"https:\/\/www.ammore.online\/wp-content\/uploads\/2023\/09\/PISTACCHIO-1.jpg\" \/>\n\t<meta property=\"og:image:width\" content=\"2179\" \/>\n\t<meta property=\"og:image:height\" content=\"1772\" \/>\n\t<meta property=\"og:image:type\" content=\"image\/jpeg\" \/>\n<meta name=\"twitter:card\" content=\"summary_large_image\" \/>\n<meta name=\"twitter:label1\" content=\"Dur\u00e9e de lecture estim\u00e9e\" \/>\n\t<meta name=\"twitter:data1\" content=\"1 minute\" \/>\n<script type=\"application\/ld+json\" class=\"yoast-schema-graph\">{\"@context\":\"https:\/\/schema.org\",\"@graph\":[{\"@type\":\"WebPage\",\"@id\":\"https:\/\/www.ammore.online\/fr\/prodotto\/panettone-artigianale-crema-al-pistacchio\/\",\"url\":\"https:\/\/www.ammore.online\/fr\/prodotto\/panettone-artigianale-crema-al-pistacchio\/\",\"name\":\"Panettone artisanal Cr\u00e8me de pistache - Ammore\",\"isPartOf\":{\"@id\":\"https:\/\/www.ammore.online\/es\/#website\"},\"primaryImageOfPage\":{\"@id\":\"https:\/\/www.ammore.online\/fr\/prodotto\/panettone-artigianale-crema-al-pistacchio\/#primaryimage\"},\"image\":{\"@id\":\"https:\/\/www.ammore.online\/fr\/prodotto\/panettone-artigianale-crema-al-pistacchio\/#primaryimage\"},\"thumbnailUrl\":\"https:\/\/www.ammore.online\/wp-content\/uploads\/2022\/10\/crema-al-pistacchio.jpg\",\"datePublished\":\"2022-08-14T20:41:30+00:00\",\"dateModified\":\"2023-11-05T18:39:16+00:00\",\"breadcrumb\":{\"@id\":\"https:\/\/www.ammore.online\/fr\/prodotto\/panettone-artigianale-crema-al-pistacchio\/#breadcrumb\"},\"inLanguage\":\"fr-FR\",\"potentialAction\":[{\"@type\":\"ReadAction\",\"target\":[\"https:\/\/www.ammore.online\/fr\/prodotto\/panettone-artigianale-crema-al-pistacchio\/\"]}]},{\"@type\":\"ImageObject\",\"inLanguage\":\"fr-FR\",\"@id\":\"https:\/\/www.ammore.online\/fr\/prodotto\/panettone-artigianale-crema-al-pistacchio\/#primaryimage\",\"url\":\"https:\/\/www.ammore.online\/wp-content\/uploads\/2022\/10\/crema-al-pistacchio.jpg\",\"contentUrl\":\"https:\/\/www.ammore.online\/wp-content\/uploads\/2022\/10\/crema-al-pistacchio.jpg\",\"width\":1920,\"height\":1920,\"caption\":\"Foto \u00a9 Alessandra Farinelli\"},{\"@type\":\"BreadcrumbList\",\"@id\":\"https:\/\/www.ammore.online\/fr\/prodotto\/panettone-artigianale-crema-al-pistacchio\/#breadcrumb\",\"itemListElement\":[{\"@type\":\"ListItem\",\"position\":1,\"name\":\"Home\",\"item\":\"https:\/\/www.ammore.online\/fr\/\"},{\"@type\":\"ListItem\",\"position\":2,\"name\":\"Boutique\",\"item\":\"https:\/\/www.ammore.online\/fr\/boutique\/\"},{\"@type\":\"ListItem\",\"position\":3,\"name\":\"Panettone artisanal Cr\u00e8me de pistache\"}]},{\"@type\":\"WebSite\",\"@id\":\"https:\/\/www.ammore.online\/es\/#website\",\"url\":\"https:\/\/www.ammore.online\/es\/\",\"name\":\"Ammore\",\"description\":\"Il gusto della tradizione\",\"publisher\":{\"@id\":\"https:\/\/www.ammore.online\/es\/#organization\"},\"potentialAction\":[{\"@type\":\"SearchAction\",\"target\":{\"@type\":\"EntryPoint\",\"urlTemplate\":\"https:\/\/www.ammore.online\/es\/?s={search_term_string}\"},\"query-input\":{\"@type\":\"PropertyValueSpecification\",\"valueRequired\":true,\"valueName\":\"search_term_string\"}}],\"inLanguage\":\"fr-FR\"},{\"@type\":\"Organization\",\"@id\":\"https:\/\/www.ammore.online\/es\/#organization\",\"name\":\"Ammore\",\"url\":\"https:\/\/www.ammore.online\/es\/\",\"logo\":{\"@type\":\"ImageObject\",\"inLanguage\":\"fr-FR\",\"@id\":\"https:\/\/www.ammore.online\/es\/#\/schema\/logo\/image\/\",\"url\":\"https:\/\/www.ammore.online\/wp-content\/uploads\/2023\/10\/cropped-cropped-Ammore_logo.png\",\"contentUrl\":\"https:\/\/www.ammore.online\/wp-content\/uploads\/2023\/10\/cropped-cropped-Ammore_logo.png\",\"width\":1411,\"height\":393,\"caption\":\"Ammore\"},\"image\":{\"@id\":\"https:\/\/www.ammore.online\/es\/#\/schema\/logo\/image\/\"},\"sameAs\":[\"https:\/\/www.facebook.com\/ammore.official\",\"https:\/\/www.instagram.com\/ammore_official\"]}]}<\/script>\n<!-- \/ Yoast SEO plugin. -->","yoast_head_json":{"title":"Panettone artisanal  Cr\u00e8me de pistache - Ammore","robots":{"index":"index","follow":"follow","max-snippet":"max-snippet:-1","max-image-preview":"max-image-preview:large","max-video-preview":"max-video-preview:-1"},"canonical":"https:\/\/www.ammore.online\/fr\/prodotto\/panettone-artigianale-crema-al-pistacchio\/","og_locale":"fr_FR","og_type":"article","og_title":"Panettone artisanal  Cr\u00e8me de pistache - Ammore","og_description":"Le savoir-faire artisanal de ce panettone est assur\u00e9 par une lev\u00e9e naturelle et une recette extr\u00eamement traditionnelle. Un produit sp\u00e9cial fourr\u00e9 \u00e0 la cr\u00e8me de pistache sicilienne et fait avec du levain, des farines fines, du beurre de Bretagne et des \u0153ufs de premi\u00e8re qualit\u00e9. La saveur finale est enrichie par la Vanille Bourbon de Madagascar.  Format 1 kg - Emball\u00e9 \u00e0 la main","og_url":"https:\/\/www.ammore.online\/fr\/prodotto\/panettone-artigianale-crema-al-pistacchio\/","og_site_name":"Ammore","article_publisher":"https:\/\/www.facebook.com\/ammore.official","article_modified_time":"2023-11-05T18:39:16+00:00","og_image":[{"width":2179,"height":1772,"url":"https:\/\/www.ammore.online\/wp-content\/uploads\/2023\/09\/PISTACCHIO-1.jpg","type":"image\/jpeg"}],"twitter_card":"summary_large_image","twitter_misc":{"Dur\u00e9e de lecture estim\u00e9e":"1 minute"},"schema":{"@context":"https:\/\/schema.org","@graph":[{"@type":"WebPage","@id":"https:\/\/www.ammore.online\/fr\/prodotto\/panettone-artigianale-crema-al-pistacchio\/","url":"https:\/\/www.ammore.online\/fr\/prodotto\/panettone-artigianale-crema-al-pistacchio\/","name":"Panettone artisanal Cr\u00e8me de pistache - Ammore","isPartOf":{"@id":"https:\/\/www.ammore.online\/es\/#website"},"primaryImageOfPage":{"@id":"https:\/\/www.ammore.online\/fr\/prodotto\/panettone-artigianale-crema-al-pistacchio\/#primaryimage"},"image":{"@id":"https:\/\/www.ammore.online\/fr\/prodotto\/panettone-artigianale-crema-al-pistacchio\/#primaryimage"},"thumbnailUrl":"https:\/\/www.ammore.online\/wp-content\/uploads\/2022\/10\/crema-al-pistacchio.jpg","datePublished":"2022-08-14T20:41:30+00:00","dateModified":"2023-11-05T18:39:16+00:00","breadcrumb":{"@id":"https:\/\/www.ammore.online\/fr\/prodotto\/panettone-artigianale-crema-al-pistacchio\/#breadcrumb"},"inLanguage":"fr-FR","potentialAction":[{"@type":"ReadAction","target":["https:\/\/www.ammore.online\/fr\/prodotto\/panettone-artigianale-crema-al-pistacchio\/"]}]},{"@type":"ImageObject","inLanguage":"fr-FR","@id":"https:\/\/www.ammore.online\/fr\/prodotto\/panettone-artigianale-crema-al-pistacchio\/#primaryimage","url":"https:\/\/www.ammore.online\/wp-content\/uploads\/2022\/10\/crema-al-pistacchio.jpg","contentUrl":"https:\/\/www.ammore.online\/wp-content\/uploads\/2022\/10\/crema-al-pistacchio.jpg","width":1920,"height":1920,"caption":"Foto \u00a9 Alessandra Farinelli"},{"@type":"BreadcrumbList","@id":"https:\/\/www.ammore.online\/fr\/prodotto\/panettone-artigianale-crema-al-pistacchio\/#breadcrumb","itemListElement":[{"@type":"ListItem","position":1,"name":"Home","item":"https:\/\/www.ammore.online\/fr\/"},{"@type":"ListItem","position":2,"name":"Boutique","item":"https:\/\/www.ammore.online\/fr\/boutique\/"},{"@type":"ListItem","position":3,"name":"Panettone artisanal Cr\u00e8me de pistache"}]},{"@type":"WebSite","@id":"https:\/\/www.ammore.online\/es\/#website","url":"https:\/\/www.ammore.online\/es\/","name":"Ammore","description":"Il gusto della tradizione","publisher":{"@id":"https:\/\/www.ammore.online\/es\/#organization"},"potentialAction":[{"@type":"SearchAction","target":{"@type":"EntryPoint","urlTemplate":"https:\/\/www.ammore.online\/es\/?s={search_term_string}"},"query-input":{"@type":"PropertyValueSpecification","valueRequired":true,"valueName":"search_term_string"}}],"inLanguage":"fr-FR"},{"@type":"Organization","@id":"https:\/\/www.ammore.online\/es\/#organization","name":"Ammore","url":"https:\/\/www.ammore.online\/es\/","logo":{"@type":"ImageObject","inLanguage":"fr-FR","@id":"https:\/\/www.ammore.online\/es\/#\/schema\/logo\/image\/","url":"https:\/\/www.ammore.online\/wp-content\/uploads\/2023\/10\/cropped-cropped-Ammore_logo.png","contentUrl":"https:\/\/www.ammore.online\/wp-content\/uploads\/2023\/10\/cropped-cropped-Ammore_logo.png","width":1411,"height":393,"caption":"Ammore"},"image":{"@id":"https:\/\/www.ammore.online\/es\/#\/schema\/logo\/image\/"},"sameAs":["https:\/\/www.facebook.com\/ammore.official","https:\/\/www.instagram.com\/ammore_official"]}]}},"_links":{"self":[{"href":"https:\/\/www.ammore.online\/fr\/wp-json\/wp\/v2\/product\/919","targetHints":{"allow":["GET"]}}],"collection":[{"href":"https:\/\/www.ammore.online\/fr\/wp-json\/wp\/v2\/product"}],"about":[{"href":"https:\/\/www.ammore.online\/fr\/wp-json\/wp\/v2\/types\/product"}],"wp:featuredmedia":[{"embeddable":true,"href":"https:\/\/www.ammore.online\/fr\/wp-json\/wp\/v2\/media\/4786"}],"wp:attachment":[{"href":"https:\/\/www.ammore.online\/fr\/wp-json\/wp\/v2\/media?parent=919"}],"wp:term":[{"taxonomy":"product_cat","embeddable":true,"href":"https:\/\/www.ammore.online\/fr\/wp-json\/wp\/v2\/product_cat?post=919"},{"taxonomy":"product_tag","embeddable":true,"href":"https:\/\/www.ammore.online\/fr\/wp-json\/wp\/v2\/product_tag?post=919"}],"curies":[{"name":"wp","href":"https:\/\/api.w.org\/{rel}","templated":true}]}}