{"id":913,"date":"2022-08-14T20:44:37","date_gmt":"2022-08-14T20:44:37","guid":{"rendered":"https:\/\/www.ammore.online\/prodotto\/panettone-artisanal-avec-glacage-et-creme-au-chocolat-noir\/"},"modified":"2023-11-05T17:34:34","modified_gmt":"2023-11-05T17:34:34","slug":"panettone-artigianale-con-glassa-e-crema-al-cioccolato-fondente-2","status":"publish","type":"product","link":"https:\/\/www.ammore.online\/fr\/prodotto\/panettone-artigianale-con-glassa-e-crema-al-cioccolato-fondente-2\/","title":{"rendered":"Panettone artisanal <br> Pandorato with Dark Cream"},"content":{"rendered":"<p><strong>Ingr\u00e9dients<\/strong>: farine de <strong>bl\u00e9<\/strong>, <strong>beurre<\/strong>, jaune <strong>d&#8217;\u0153uf<\/strong> frais, <strong>beurre<\/strong> de cacao, sucre, fructose, levure naturelle (farine de <strong>bl\u00e9<\/strong>), vanille Bourbon, dextrose, ar\u00f4mes et sel, miel, correcteur d&#8217;acidit\u00e9 : acide citrique.<br \/>\n<strong>Ingr\u00e9dients de la cr\u00e8me<\/strong> pot de 200 g : Poudre de cacao amer all\u00e9g\u00e9, sucre, <strong>beurre<\/strong> de cacao (min. 22 %) <strong>noisettes<\/strong> grill\u00e9es, huile de tournesol \u00e0 haute teneur en acide ol\u00e9ique, huile d&#8217;olive extra vierge. <strong>Amandes<\/strong> grill\u00e9es. <strong>Ingr\u00e9dients du sucre glace<\/strong>: sucre, amidon de ma\u00efs. Peut contenir des traces de <strong>fruits \u00e0 coque<\/strong>, de <strong>soja<\/strong> et de <strong>moutarde<\/strong>. Conserver dans un endroit frais et sec. Produit sujet \u00e0 perte de poids. Produit en Italie.<\/p>\n","protected":false},"excerpt":{"rendered":"<p>Une d\u00e9licieuse combinaison pour un cadeau de No\u00ebl inoubliable. Le go\u00fbt unique du <a href=\"https:\/\/www.ammore.online\/prodotti\/natale\/\"><strong>&#8220;Pandorato&#8221;<\/strong><\/a>, anobli par la douceur de la vanille Bourbon de Madagascar, est sublim\u00e9, bouch\u00e9e apr\u00e8s bouch\u00e9e, par la<a href=\"https:\/\/www.ammore.online\/prodotti\/natale\/\"> <strong>cr\u00e8me<\/strong><\/a> <a href=\"https:\/\/www.ammore.online\/prodotti\/natale\/\"><strong>&#8220;Fondente&#8221; &#8220;Ammore&#8221;<\/strong><\/a> \u00e0 \u00e9taler g\u00e9n\u00e9reusement sur chaque tranche.<\/p>\n<p><strong>Le paquet contient un panettone Pandorato, un sachet de sucre glace, un pot de 200 grammes de cr\u00e8me \u00e0 tartiner et une p\u00e2te \u00e0 tartiner en c\u00e9ramique Vietri<\/strong>.<\/p>\n<p><strong>Format 1 kg<\/strong> &#8211; <strong>Emball\u00e9 \u00e0 la main <\/strong><\/p>\n<table border=\"0\">\n<tbody>\n<tr>\n<td><img loading=\"lazy\" decoding=\"async\" class=\"alignnone wp-image-573\" src=\"https:\/\/www.ammore.online\/wp-content\/uploads\/2022\/08\/Ingredienti_artigianale-fr.png\" alt=\"\" width=\"197\" height=\"82\" \/><\/td>\n<td><img loading=\"lazy\" decoding=\"async\" class=\"alignnone size-medium wp-image-578\" src=\"https:\/\/www.ammore.online\/wp-content\/uploads\/2022\/08\/Ingredienti_lievito-fr.png\" alt=\"\" width=\"197\" height=\"82\" \/><\/td>\n<td><img loading=\"lazy\" decoding=\"async\" class=\"alignnone size-medium wp-image-583\" src=\"https:\/\/www.ammore.online\/wp-content\/uploads\/2022\/08\/Ingredienti_naturale-fr.png\" alt=\"\" width=\"197\" height=\"82\" \/><\/td>\n<\/tr>\n<tr>\n<td><img loading=\"lazy\" decoding=\"async\" class=\"alignnone size-medium wp-image-593\" src=\"https:\/\/www.ammore.online\/wp-content\/uploads\/2022\/08\/Ingredienti_no_palma-fr.png\" alt=\"\" width=\"197\" height=\"82\" \/><\/td>\n<td><img loading=\"lazy\" decoding=\"async\" class=\"alignnone size-medium wp-image-588\" src=\"https:\/\/www.ammore.online\/wp-content\/uploads\/2022\/08\/Ingredienti_no_grassi-fr.png\" alt=\"\" width=\"197\" height=\"82\" \/><\/td>\n<td><img loading=\"lazy\" decoding=\"async\" class=\"alignnone wp-image-573\" src=\"https:\/\/www.ammore.online\/wp-content\/uploads\/2022\/08\/Ingredienti_clip-fr.png\" alt=\"\" width=\"197\" height=\"82\" \/><\/td>\n<\/tr>\n<\/tbody>\n<\/table>\n","protected":false},"featured_media":4851,"template":"","meta":{"_genesis_hide_title":false,"_genesis_hide_breadcrumbs":false,"_genesis_hide_singular_image":false,"_genesis_hide_footer_widgets":false,"_genesis_custom_body_class":"","_genesis_custom_post_class":"","_genesis_layout":""},"product_cat":[60,92],"product_tag":[],"class_list":{"0":"post-913","1":"product","2":"type-product","3":"status-publish","4":"has-post-thumbnail","6":"product_cat-noel","7":"product_cat-speciaux","8":"entry","10":"first","11":"outofstock","12":"shipping-taxable","13":"purchasable","14":"product-type-simple"},"yoast_head":"<!-- This site is optimized with the Yoast SEO plugin v23.7 - https:\/\/yoast.com\/wordpress\/plugins\/seo\/ -->\n<title>Panettone artisanal  Pandorato with Dark Cream - Ammore<\/title>\n<meta name=\"robots\" content=\"index, follow, max-snippet:-1, max-image-preview:large, max-video-preview:-1\" \/>\n<link rel=\"canonical\" href=\"https:\/\/www.ammore.online\/fr\/prodotto\/panettone-artigianale-con-glassa-e-crema-al-cioccolato-fondente-2\/\" \/>\n<meta property=\"og:locale\" content=\"fr_FR\" \/>\n<meta property=\"og:type\" content=\"article\" \/>\n<meta property=\"og:title\" content=\"Panettone artisanal  Pandorato with Dark Cream - Ammore\" \/>\n<meta property=\"og:description\" content=\"Une d\u00e9licieuse combinaison pour un cadeau de No\u00ebl inoubliable. Le go\u00fbt unique du &quot;Pandorato&quot;, anobli par la douceur de la vanille Bourbon de Madagascar, est sublim\u00e9, bouch\u00e9e apr\u00e8s bouch\u00e9e, par la cr\u00e8me &quot;Fondente&quot; &quot;Ammore&quot; \u00e0 \u00e9taler g\u00e9n\u00e9reusement sur chaque tranche.  Le paquet contient un panettone Pandorato, un sachet de sucre glace, un pot de 200 grammes de cr\u00e8me \u00e0 tartiner et une p\u00e2te \u00e0 tartiner en c\u00e9ramique Vietri.  Format 1 kg - Emball\u00e9 \u00e0 la main\" \/>\n<meta property=\"og:url\" content=\"https:\/\/www.ammore.online\/fr\/prodotto\/panettone-artigianale-con-glassa-e-crema-al-cioccolato-fondente-2\/\" \/>\n<meta property=\"og:site_name\" content=\"Ammore\" \/>\n<meta property=\"article:publisher\" content=\"https:\/\/www.facebook.com\/ammore.official\" \/>\n<meta property=\"article:modified_time\" content=\"2023-11-05T17:34:34+00:00\" \/>\n<meta property=\"og:image\" content=\"https:\/\/www.ammore.online\/wp-content\/uploads\/2022\/12\/pandorato-con-crema-fondente-scaled.jpg\" \/>\n\t<meta property=\"og:image:width\" content=\"2560\" \/>\n\t<meta property=\"og:image:height\" content=\"2560\" \/>\n\t<meta property=\"og:image:type\" content=\"image\/jpeg\" \/>\n<meta name=\"twitter:card\" content=\"summary_large_image\" \/>\n<meta name=\"twitter:label1\" content=\"Dur\u00e9e de lecture estim\u00e9e\" \/>\n\t<meta name=\"twitter:data1\" content=\"1 minute\" \/>\n<script type=\"application\/ld+json\" class=\"yoast-schema-graph\">{\"@context\":\"https:\/\/schema.org\",\"@graph\":[{\"@type\":\"WebPage\",\"@id\":\"https:\/\/www.ammore.online\/fr\/prodotto\/panettone-artigianale-con-glassa-e-crema-al-cioccolato-fondente-2\/\",\"url\":\"https:\/\/www.ammore.online\/fr\/prodotto\/panettone-artigianale-con-glassa-e-crema-al-cioccolato-fondente-2\/\",\"name\":\"Panettone artisanal Pandorato with Dark Cream - Ammore\",\"isPartOf\":{\"@id\":\"https:\/\/www.ammore.online\/es\/#website\"},\"primaryImageOfPage\":{\"@id\":\"https:\/\/www.ammore.online\/fr\/prodotto\/panettone-artigianale-con-glassa-e-crema-al-cioccolato-fondente-2\/#primaryimage\"},\"image\":{\"@id\":\"https:\/\/www.ammore.online\/fr\/prodotto\/panettone-artigianale-con-glassa-e-crema-al-cioccolato-fondente-2\/#primaryimage\"},\"thumbnailUrl\":\"https:\/\/www.ammore.online\/wp-content\/uploads\/2024\/10\/pandorato-crema-fondente.jpg\",\"datePublished\":\"2022-08-14T20:44:37+00:00\",\"dateModified\":\"2023-11-05T17:34:34+00:00\",\"breadcrumb\":{\"@id\":\"https:\/\/www.ammore.online\/fr\/prodotto\/panettone-artigianale-con-glassa-e-crema-al-cioccolato-fondente-2\/#breadcrumb\"},\"inLanguage\":\"fr-FR\",\"potentialAction\":[{\"@type\":\"ReadAction\",\"target\":[\"https:\/\/www.ammore.online\/fr\/prodotto\/panettone-artigianale-con-glassa-e-crema-al-cioccolato-fondente-2\/\"]}]},{\"@type\":\"ImageObject\",\"inLanguage\":\"fr-FR\",\"@id\":\"https:\/\/www.ammore.online\/fr\/prodotto\/panettone-artigianale-con-glassa-e-crema-al-cioccolato-fondente-2\/#primaryimage\",\"url\":\"https:\/\/www.ammore.online\/wp-content\/uploads\/2024\/10\/pandorato-crema-fondente.jpg\",\"contentUrl\":\"https:\/\/www.ammore.online\/wp-content\/uploads\/2024\/10\/pandorato-crema-fondente.jpg\",\"width\":1920,\"height\":1920,\"caption\":\"Foto \u00a9 Alessandra Farinelli\"},{\"@type\":\"BreadcrumbList\",\"@id\":\"https:\/\/www.ammore.online\/fr\/prodotto\/panettone-artigianale-con-glassa-e-crema-al-cioccolato-fondente-2\/#breadcrumb\",\"itemListElement\":[{\"@type\":\"ListItem\",\"position\":1,\"name\":\"Home\",\"item\":\"https:\/\/www.ammore.online\/fr\/\"},{\"@type\":\"ListItem\",\"position\":2,\"name\":\"Boutique\",\"item\":\"https:\/\/www.ammore.online\/fr\/boutique\/\"},{\"@type\":\"ListItem\",\"position\":3,\"name\":\"Panettone artisanal Pandorato with Dark Cream\"}]},{\"@type\":\"WebSite\",\"@id\":\"https:\/\/www.ammore.online\/es\/#website\",\"url\":\"https:\/\/www.ammore.online\/es\/\",\"name\":\"Ammore\",\"description\":\"Il gusto della tradizione\",\"publisher\":{\"@id\":\"https:\/\/www.ammore.online\/es\/#organization\"},\"potentialAction\":[{\"@type\":\"SearchAction\",\"target\":{\"@type\":\"EntryPoint\",\"urlTemplate\":\"https:\/\/www.ammore.online\/es\/?s={search_term_string}\"},\"query-input\":{\"@type\":\"PropertyValueSpecification\",\"valueRequired\":true,\"valueName\":\"search_term_string\"}}],\"inLanguage\":\"fr-FR\"},{\"@type\":\"Organization\",\"@id\":\"https:\/\/www.ammore.online\/es\/#organization\",\"name\":\"Ammore\",\"url\":\"https:\/\/www.ammore.online\/es\/\",\"logo\":{\"@type\":\"ImageObject\",\"inLanguage\":\"fr-FR\",\"@id\":\"https:\/\/www.ammore.online\/es\/#\/schema\/logo\/image\/\",\"url\":\"https:\/\/www.ammore.online\/wp-content\/uploads\/2023\/10\/cropped-cropped-Ammore_logo.png\",\"contentUrl\":\"https:\/\/www.ammore.online\/wp-content\/uploads\/2023\/10\/cropped-cropped-Ammore_logo.png\",\"width\":1411,\"height\":393,\"caption\":\"Ammore\"},\"image\":{\"@id\":\"https:\/\/www.ammore.online\/es\/#\/schema\/logo\/image\/\"},\"sameAs\":[\"https:\/\/www.facebook.com\/ammore.official\",\"https:\/\/www.instagram.com\/ammore_official\"]}]}<\/script>\n<!-- \/ Yoast SEO plugin. -->","yoast_head_json":{"title":"Panettone artisanal  Pandorato with Dark Cream - Ammore","robots":{"index":"index","follow":"follow","max-snippet":"max-snippet:-1","max-image-preview":"max-image-preview:large","max-video-preview":"max-video-preview:-1"},"canonical":"https:\/\/www.ammore.online\/fr\/prodotto\/panettone-artigianale-con-glassa-e-crema-al-cioccolato-fondente-2\/","og_locale":"fr_FR","og_type":"article","og_title":"Panettone artisanal  Pandorato with Dark Cream - Ammore","og_description":"Une d\u00e9licieuse combinaison pour un cadeau de No\u00ebl inoubliable. Le go\u00fbt unique du \"Pandorato\", anobli par la douceur de la vanille Bourbon de Madagascar, est sublim\u00e9, bouch\u00e9e apr\u00e8s bouch\u00e9e, par la cr\u00e8me \"Fondente\" \"Ammore\" \u00e0 \u00e9taler g\u00e9n\u00e9reusement sur chaque tranche.  Le paquet contient un panettone Pandorato, un sachet de sucre glace, un pot de 200 grammes de cr\u00e8me \u00e0 tartiner et une p\u00e2te \u00e0 tartiner en c\u00e9ramique Vietri.  Format 1 kg - Emball\u00e9 \u00e0 la main","og_url":"https:\/\/www.ammore.online\/fr\/prodotto\/panettone-artigianale-con-glassa-e-crema-al-cioccolato-fondente-2\/","og_site_name":"Ammore","article_publisher":"https:\/\/www.facebook.com\/ammore.official","article_modified_time":"2023-11-05T17:34:34+00:00","og_image":[{"width":2560,"height":2560,"url":"https:\/\/www.ammore.online\/wp-content\/uploads\/2022\/12\/pandorato-con-crema-fondente-scaled.jpg","type":"image\/jpeg"}],"twitter_card":"summary_large_image","twitter_misc":{"Dur\u00e9e de lecture estim\u00e9e":"1 minute"},"schema":{"@context":"https:\/\/schema.org","@graph":[{"@type":"WebPage","@id":"https:\/\/www.ammore.online\/fr\/prodotto\/panettone-artigianale-con-glassa-e-crema-al-cioccolato-fondente-2\/","url":"https:\/\/www.ammore.online\/fr\/prodotto\/panettone-artigianale-con-glassa-e-crema-al-cioccolato-fondente-2\/","name":"Panettone artisanal Pandorato with Dark Cream - Ammore","isPartOf":{"@id":"https:\/\/www.ammore.online\/es\/#website"},"primaryImageOfPage":{"@id":"https:\/\/www.ammore.online\/fr\/prodotto\/panettone-artigianale-con-glassa-e-crema-al-cioccolato-fondente-2\/#primaryimage"},"image":{"@id":"https:\/\/www.ammore.online\/fr\/prodotto\/panettone-artigianale-con-glassa-e-crema-al-cioccolato-fondente-2\/#primaryimage"},"thumbnailUrl":"https:\/\/www.ammore.online\/wp-content\/uploads\/2024\/10\/pandorato-crema-fondente.jpg","datePublished":"2022-08-14T20:44:37+00:00","dateModified":"2023-11-05T17:34:34+00:00","breadcrumb":{"@id":"https:\/\/www.ammore.online\/fr\/prodotto\/panettone-artigianale-con-glassa-e-crema-al-cioccolato-fondente-2\/#breadcrumb"},"inLanguage":"fr-FR","potentialAction":[{"@type":"ReadAction","target":["https:\/\/www.ammore.online\/fr\/prodotto\/panettone-artigianale-con-glassa-e-crema-al-cioccolato-fondente-2\/"]}]},{"@type":"ImageObject","inLanguage":"fr-FR","@id":"https:\/\/www.ammore.online\/fr\/prodotto\/panettone-artigianale-con-glassa-e-crema-al-cioccolato-fondente-2\/#primaryimage","url":"https:\/\/www.ammore.online\/wp-content\/uploads\/2024\/10\/pandorato-crema-fondente.jpg","contentUrl":"https:\/\/www.ammore.online\/wp-content\/uploads\/2024\/10\/pandorato-crema-fondente.jpg","width":1920,"height":1920,"caption":"Foto \u00a9 Alessandra Farinelli"},{"@type":"BreadcrumbList","@id":"https:\/\/www.ammore.online\/fr\/prodotto\/panettone-artigianale-con-glassa-e-crema-al-cioccolato-fondente-2\/#breadcrumb","itemListElement":[{"@type":"ListItem","position":1,"name":"Home","item":"https:\/\/www.ammore.online\/fr\/"},{"@type":"ListItem","position":2,"name":"Boutique","item":"https:\/\/www.ammore.online\/fr\/boutique\/"},{"@type":"ListItem","position":3,"name":"Panettone artisanal Pandorato with Dark Cream"}]},{"@type":"WebSite","@id":"https:\/\/www.ammore.online\/es\/#website","url":"https:\/\/www.ammore.online\/es\/","name":"Ammore","description":"Il gusto della tradizione","publisher":{"@id":"https:\/\/www.ammore.online\/es\/#organization"},"potentialAction":[{"@type":"SearchAction","target":{"@type":"EntryPoint","urlTemplate":"https:\/\/www.ammore.online\/es\/?s={search_term_string}"},"query-input":{"@type":"PropertyValueSpecification","valueRequired":true,"valueName":"search_term_string"}}],"inLanguage":"fr-FR"},{"@type":"Organization","@id":"https:\/\/www.ammore.online\/es\/#organization","name":"Ammore","url":"https:\/\/www.ammore.online\/es\/","logo":{"@type":"ImageObject","inLanguage":"fr-FR","@id":"https:\/\/www.ammore.online\/es\/#\/schema\/logo\/image\/","url":"https:\/\/www.ammore.online\/wp-content\/uploads\/2023\/10\/cropped-cropped-Ammore_logo.png","contentUrl":"https:\/\/www.ammore.online\/wp-content\/uploads\/2023\/10\/cropped-cropped-Ammore_logo.png","width":1411,"height":393,"caption":"Ammore"},"image":{"@id":"https:\/\/www.ammore.online\/es\/#\/schema\/logo\/image\/"},"sameAs":["https:\/\/www.facebook.com\/ammore.official","https:\/\/www.instagram.com\/ammore_official"]}]}},"_links":{"self":[{"href":"https:\/\/www.ammore.online\/fr\/wp-json\/wp\/v2\/product\/913","targetHints":{"allow":["GET"]}}],"collection":[{"href":"https:\/\/www.ammore.online\/fr\/wp-json\/wp\/v2\/product"}],"about":[{"href":"https:\/\/www.ammore.online\/fr\/wp-json\/wp\/v2\/types\/product"}],"wp:featuredmedia":[{"embeddable":true,"href":"https:\/\/www.ammore.online\/fr\/wp-json\/wp\/v2\/media\/4851"}],"wp:attachment":[{"href":"https:\/\/www.ammore.online\/fr\/wp-json\/wp\/v2\/media?parent=913"}],"wp:term":[{"taxonomy":"product_cat","embeddable":true,"href":"https:\/\/www.ammore.online\/fr\/wp-json\/wp\/v2\/product_cat?post=913"},{"taxonomy":"product_tag","embeddable":true,"href":"https:\/\/www.ammore.online\/fr\/wp-json\/wp\/v2\/product_tag?post=913"}],"curies":[{"name":"wp","href":"https:\/\/api.w.org\/{rel}","templated":true}]}}