{"id":817,"date":"2022-08-26T09:21:29","date_gmt":"2022-08-26T09:21:29","guid":{"rendered":"https:\/\/www.ammore.online\/?post_type=product&#038;p=817"},"modified":"2023-09-25T14:43:35","modified_gmt":"2023-09-25T14:43:35","slug":"panettone-artigianale-pandorato","status":"publish","type":"product","link":"https:\/\/www.ammore.online\/fr\/prodotto\/panettone-artigianale-pandorato\/","title":{"rendered":"Panettone artisanal <br> Pandorato"},"content":{"rendered":"<p><strong>Ingr\u00e9dients<\/strong>: farine de <strong>bl\u00e9<\/strong>, <strong>beurre<\/strong>, jaune d&#8217;oeuf frais, sucre, sel,<strong> lait<\/strong> \u00e9cr\u00e9m\u00e9 en poudre, levure naturel (<strong>bl\u00e9<\/strong>), <strong>beurre<\/strong> de cacao, miel, p\u00e2te de citrus, sucre , vanille Bourbon, ar\u00f4mes naturels. <strong>Ingr\u00e9dients du sucre en poudre<\/strong>: sucre, amidon de ma\u00efs. Peut contenir des traces de\u00a0<strong>fruits \u00e0 coque<\/strong>, de<strong>\u00a0soja<\/strong>\u00a0et de\u00a0<strong>moutarde<\/strong>. Conserver dans un lieu frais et sec. Produit sujet \u00e0 une perte de poids. Fabriqu\u00e9 en Italie.<\/p>\n","protected":false},"excerpt":{"rendered":"<p>La fabrication artisanale de ce panettone (sans fruits confits ni raisins secs) est assur\u00e9e par une lev\u00e9e naturelle et une recette extr\u00eamement traditionnelle. Un produit sp\u00e9cial, compos\u00e9 de levain, de farines fines, de beurre de Bretagne et d&#8217;\u0153ufs de premi\u00e8re qualit\u00e9 dont la saveur est enrichie par la pr\u00e9sence de <strong>vanille<\/strong> <strong>Bourbon de Madagascar<\/strong>.<\/p>\n<p><strong>Format 850 g<\/strong> &#8211; <strong>Emball\u00e9 \u00e0 la main <\/strong><\/p>\n<table border=\"0\">\n<tbody>\n<tr>\n<td><img loading=\"lazy\" decoding=\"async\" class=\"alignnone wp-image-685\" src=\"https:\/\/www.ammore.online\/wp-content\/uploads\/2022\/08\/Ingredienti_artigianale-fr.png\" alt=\"\" width=\"197\" height=\"82\" \/><\/td>\n<td><img loading=\"lazy\" decoding=\"async\" class=\"alignnone size-medium wp-image-578\" src=\"https:\/\/www.ammore.online\/wp-content\/uploads\/2022\/08\/Ingredienti_lievito-fr.png\" alt=\"\" width=\"197\" height=\"82\" \/><\/td>\n<td><img loading=\"lazy\" decoding=\"async\" class=\"alignnone size-medium wp-image-583\" src=\"https:\/\/www.ammore.online\/wp-content\/uploads\/2022\/08\/Ingredienti_naturale-fr.png\" alt=\"\" width=\"197\" height=\"82\" \/><\/td>\n<\/tr>\n<tr>\n<td><img loading=\"lazy\" decoding=\"async\" class=\"alignnone size-medium wp-image-593\" src=\"https:\/\/www.ammore.online\/wp-content\/uploads\/2022\/08\/Ingredienti_no_palma-fr.png\" alt=\"\" width=\"197\" height=\"82\" \/><\/td>\n<td><img loading=\"lazy\" decoding=\"async\" class=\"alignnone size-medium wp-image-588\" src=\"https:\/\/www.ammore.online\/wp-content\/uploads\/2022\/08\/Ingredienti_no_grassi-fr.png\" alt=\"\" width=\"197\" height=\"82\" \/><\/td>\n<td><img loading=\"lazy\" decoding=\"async\" class=\"alignnone size-medium wp-image-573\" src=\"https:\/\/www.ammore.online\/wp-content\/uploads\/2022\/08\/Ingredienti_clip-fr.png\" alt=\"\" width=\"197\" height=\"82\" \/><\/td>\n<\/tr>\n<\/tbody>\n<\/table>\n","protected":false},"featured_media":4839,"template":"","meta":{"_genesis_hide_title":false,"_genesis_hide_breadcrumbs":false,"_genesis_hide_singular_image":false,"_genesis_hide_footer_widgets":false,"_genesis_custom_body_class":"","_genesis_custom_post_class":"","_genesis_layout":""},"product_cat":[60,93],"product_tag":[],"class_list":{"0":"post-817","1":"product","2":"type-product","3":"status-publish","4":"has-post-thumbnail","6":"product_cat-noel","7":"product_cat-traditionnel","8":"entry","10":"first","11":"outofstock","12":"shipping-taxable","13":"purchasable","14":"product-type-simple"},"yoast_head":"<!-- This site is optimized with the Yoast SEO plugin v23.7 - https:\/\/yoast.com\/wordpress\/plugins\/seo\/ -->\n<title>Panettone artisanal  Pandorato - Ammore<\/title>\n<meta name=\"robots\" content=\"index, follow, max-snippet:-1, max-image-preview:large, max-video-preview:-1\" \/>\n<link rel=\"canonical\" href=\"https:\/\/www.ammore.online\/prodotto\/panettone-artigianale-pandorato-ricoperto-da-glassa-al-cioccolato-fondente\/\" \/>\n<meta property=\"og:locale\" content=\"fr_FR\" \/>\n<meta property=\"og:type\" content=\"article\" \/>\n<meta property=\"og:title\" content=\"Panettone artisanal  Pandorato - Ammore\" \/>\n<meta property=\"og:description\" content=\"La fabrication artisanale de ce panettone (sans fruits confits ni raisins secs) est assur\u00e9e par une lev\u00e9e naturelle et une recette extr\u00eamement traditionnelle. Un produit sp\u00e9cial, compos\u00e9 de levain, de farines fines, de beurre de Bretagne et d&#039;\u0153ufs de premi\u00e8re qualit\u00e9 dont la saveur est enrichie par la pr\u00e9sence de vanille Bourbon de Madagascar.  Format 850 g - Emball\u00e9 \u00e0 la main\" \/>\n<meta property=\"og:url\" content=\"https:\/\/www.ammore.online\/prodotto\/panettone-artigianale-pandorato-ricoperto-da-glassa-al-cioccolato-fondente\/\" \/>\n<meta property=\"og:site_name\" content=\"Ammore\" \/>\n<meta property=\"article:publisher\" content=\"https:\/\/www.facebook.com\/ammore.official\" \/>\n<meta property=\"article:modified_time\" content=\"2023-09-25T14:43:35+00:00\" \/>\n<meta name=\"twitter:card\" content=\"summary_large_image\" \/>\n<meta name=\"twitter:label1\" content=\"Dur\u00e9e de lecture estim\u00e9e\" \/>\n\t<meta name=\"twitter:data1\" content=\"1 minute\" \/>\n<script type=\"application\/ld+json\" class=\"yoast-schema-graph\">{\"@context\":\"https:\/\/schema.org\",\"@graph\":[{\"@type\":\"WebPage\",\"@id\":\"https:\/\/www.ammore.online\/prodotto\/panettone-artigianale-pandorato-ricoperto-da-glassa-al-cioccolato-fondente\/\",\"url\":\"https:\/\/www.ammore.online\/prodotto\/panettone-artigianale-pandorato-ricoperto-da-glassa-al-cioccolato-fondente\/\",\"name\":\"Panettone artisanal Pandorato - Ammore\",\"isPartOf\":{\"@id\":\"https:\/\/www.ammore.online\/es\/#website\"},\"primaryImageOfPage\":{\"@id\":\"https:\/\/www.ammore.online\/prodotto\/panettone-artigianale-pandorato-ricoperto-da-glassa-al-cioccolato-fondente\/#primaryimage\"},\"image\":{\"@id\":\"https:\/\/www.ammore.online\/prodotto\/panettone-artigianale-pandorato-ricoperto-da-glassa-al-cioccolato-fondente\/#primaryimage\"},\"thumbnailUrl\":\"https:\/\/www.ammore.online\/wp-content\/uploads\/2024\/10\/pandorato.jpg\",\"datePublished\":\"2022-08-26T09:21:29+00:00\",\"dateModified\":\"2023-09-25T14:43:35+00:00\",\"breadcrumb\":{\"@id\":\"https:\/\/www.ammore.online\/prodotto\/panettone-artigianale-pandorato-ricoperto-da-glassa-al-cioccolato-fondente\/#breadcrumb\"},\"inLanguage\":\"fr-FR\",\"potentialAction\":[{\"@type\":\"ReadAction\",\"target\":[\"https:\/\/www.ammore.online\/prodotto\/panettone-artigianale-pandorato-ricoperto-da-glassa-al-cioccolato-fondente\/\"]}]},{\"@type\":\"ImageObject\",\"inLanguage\":\"fr-FR\",\"@id\":\"https:\/\/www.ammore.online\/prodotto\/panettone-artigianale-pandorato-ricoperto-da-glassa-al-cioccolato-fondente\/#primaryimage\",\"url\":\"https:\/\/www.ammore.online\/wp-content\/uploads\/2024\/10\/pandorato.jpg\",\"contentUrl\":\"https:\/\/www.ammore.online\/wp-content\/uploads\/2024\/10\/pandorato.jpg\",\"width\":1920,\"height\":1920,\"caption\":\"Foto \u00a9 Alessandra Farinelli\"},{\"@type\":\"BreadcrumbList\",\"@id\":\"https:\/\/www.ammore.online\/prodotto\/panettone-artigianale-pandorato-ricoperto-da-glassa-al-cioccolato-fondente\/#breadcrumb\",\"itemListElement\":[{\"@type\":\"ListItem\",\"position\":1,\"name\":\"Home\",\"item\":\"https:\/\/www.ammore.online\/fr\/\"},{\"@type\":\"ListItem\",\"position\":2,\"name\":\"Boutique\",\"item\":\"https:\/\/www.ammore.online\/fr\/boutique\/\"},{\"@type\":\"ListItem\",\"position\":3,\"name\":\"Panettone artisanal &lt;br&gt; Pandorato\"}]},{\"@type\":\"WebSite\",\"@id\":\"https:\/\/www.ammore.online\/es\/#website\",\"url\":\"https:\/\/www.ammore.online\/es\/\",\"name\":\"Ammore\",\"description\":\"Il gusto della tradizione\",\"publisher\":{\"@id\":\"https:\/\/www.ammore.online\/es\/#organization\"},\"potentialAction\":[{\"@type\":\"SearchAction\",\"target\":{\"@type\":\"EntryPoint\",\"urlTemplate\":\"https:\/\/www.ammore.online\/es\/?s={search_term_string}\"},\"query-input\":{\"@type\":\"PropertyValueSpecification\",\"valueRequired\":true,\"valueName\":\"search_term_string\"}}],\"inLanguage\":\"fr-FR\"},{\"@type\":\"Organization\",\"@id\":\"https:\/\/www.ammore.online\/es\/#organization\",\"name\":\"Ammore\",\"url\":\"https:\/\/www.ammore.online\/es\/\",\"logo\":{\"@type\":\"ImageObject\",\"inLanguage\":\"fr-FR\",\"@id\":\"https:\/\/www.ammore.online\/es\/#\/schema\/logo\/image\/\",\"url\":\"https:\/\/www.ammore.online\/wp-content\/uploads\/2023\/10\/cropped-cropped-Ammore_logo.png\",\"contentUrl\":\"https:\/\/www.ammore.online\/wp-content\/uploads\/2023\/10\/cropped-cropped-Ammore_logo.png\",\"width\":1411,\"height\":393,\"caption\":\"Ammore\"},\"image\":{\"@id\":\"https:\/\/www.ammore.online\/es\/#\/schema\/logo\/image\/\"},\"sameAs\":[\"https:\/\/www.facebook.com\/ammore.official\",\"https:\/\/www.instagram.com\/ammore_official\"]}]}<\/script>\n<!-- \/ Yoast SEO plugin. -->","yoast_head_json":{"title":"Panettone artisanal  Pandorato - Ammore","robots":{"index":"index","follow":"follow","max-snippet":"max-snippet:-1","max-image-preview":"max-image-preview:large","max-video-preview":"max-video-preview:-1"},"canonical":"https:\/\/www.ammore.online\/prodotto\/panettone-artigianale-pandorato-ricoperto-da-glassa-al-cioccolato-fondente\/","og_locale":"fr_FR","og_type":"article","og_title":"Panettone artisanal  Pandorato - Ammore","og_description":"La fabrication artisanale de ce panettone (sans fruits confits ni raisins secs) est assur\u00e9e par une lev\u00e9e naturelle et une recette extr\u00eamement traditionnelle. Un produit sp\u00e9cial, compos\u00e9 de levain, de farines fines, de beurre de Bretagne et d'\u0153ufs de premi\u00e8re qualit\u00e9 dont la saveur est enrichie par la pr\u00e9sence de vanille Bourbon de Madagascar.  Format 850 g - Emball\u00e9 \u00e0 la main","og_url":"https:\/\/www.ammore.online\/prodotto\/panettone-artigianale-pandorato-ricoperto-da-glassa-al-cioccolato-fondente\/","og_site_name":"Ammore","article_publisher":"https:\/\/www.facebook.com\/ammore.official","article_modified_time":"2023-09-25T14:43:35+00:00","twitter_card":"summary_large_image","twitter_misc":{"Dur\u00e9e de lecture estim\u00e9e":"1 minute"},"schema":{"@context":"https:\/\/schema.org","@graph":[{"@type":"WebPage","@id":"https:\/\/www.ammore.online\/prodotto\/panettone-artigianale-pandorato-ricoperto-da-glassa-al-cioccolato-fondente\/","url":"https:\/\/www.ammore.online\/prodotto\/panettone-artigianale-pandorato-ricoperto-da-glassa-al-cioccolato-fondente\/","name":"Panettone artisanal Pandorato - Ammore","isPartOf":{"@id":"https:\/\/www.ammore.online\/es\/#website"},"primaryImageOfPage":{"@id":"https:\/\/www.ammore.online\/prodotto\/panettone-artigianale-pandorato-ricoperto-da-glassa-al-cioccolato-fondente\/#primaryimage"},"image":{"@id":"https:\/\/www.ammore.online\/prodotto\/panettone-artigianale-pandorato-ricoperto-da-glassa-al-cioccolato-fondente\/#primaryimage"},"thumbnailUrl":"https:\/\/www.ammore.online\/wp-content\/uploads\/2024\/10\/pandorato.jpg","datePublished":"2022-08-26T09:21:29+00:00","dateModified":"2023-09-25T14:43:35+00:00","breadcrumb":{"@id":"https:\/\/www.ammore.online\/prodotto\/panettone-artigianale-pandorato-ricoperto-da-glassa-al-cioccolato-fondente\/#breadcrumb"},"inLanguage":"fr-FR","potentialAction":[{"@type":"ReadAction","target":["https:\/\/www.ammore.online\/prodotto\/panettone-artigianale-pandorato-ricoperto-da-glassa-al-cioccolato-fondente\/"]}]},{"@type":"ImageObject","inLanguage":"fr-FR","@id":"https:\/\/www.ammore.online\/prodotto\/panettone-artigianale-pandorato-ricoperto-da-glassa-al-cioccolato-fondente\/#primaryimage","url":"https:\/\/www.ammore.online\/wp-content\/uploads\/2024\/10\/pandorato.jpg","contentUrl":"https:\/\/www.ammore.online\/wp-content\/uploads\/2024\/10\/pandorato.jpg","width":1920,"height":1920,"caption":"Foto \u00a9 Alessandra Farinelli"},{"@type":"BreadcrumbList","@id":"https:\/\/www.ammore.online\/prodotto\/panettone-artigianale-pandorato-ricoperto-da-glassa-al-cioccolato-fondente\/#breadcrumb","itemListElement":[{"@type":"ListItem","position":1,"name":"Home","item":"https:\/\/www.ammore.online\/fr\/"},{"@type":"ListItem","position":2,"name":"Boutique","item":"https:\/\/www.ammore.online\/fr\/boutique\/"},{"@type":"ListItem","position":3,"name":"Panettone artisanal &lt;br&gt; Pandorato"}]},{"@type":"WebSite","@id":"https:\/\/www.ammore.online\/es\/#website","url":"https:\/\/www.ammore.online\/es\/","name":"Ammore","description":"Il gusto della tradizione","publisher":{"@id":"https:\/\/www.ammore.online\/es\/#organization"},"potentialAction":[{"@type":"SearchAction","target":{"@type":"EntryPoint","urlTemplate":"https:\/\/www.ammore.online\/es\/?s={search_term_string}"},"query-input":{"@type":"PropertyValueSpecification","valueRequired":true,"valueName":"search_term_string"}}],"inLanguage":"fr-FR"},{"@type":"Organization","@id":"https:\/\/www.ammore.online\/es\/#organization","name":"Ammore","url":"https:\/\/www.ammore.online\/es\/","logo":{"@type":"ImageObject","inLanguage":"fr-FR","@id":"https:\/\/www.ammore.online\/es\/#\/schema\/logo\/image\/","url":"https:\/\/www.ammore.online\/wp-content\/uploads\/2023\/10\/cropped-cropped-Ammore_logo.png","contentUrl":"https:\/\/www.ammore.online\/wp-content\/uploads\/2023\/10\/cropped-cropped-Ammore_logo.png","width":1411,"height":393,"caption":"Ammore"},"image":{"@id":"https:\/\/www.ammore.online\/es\/#\/schema\/logo\/image\/"},"sameAs":["https:\/\/www.facebook.com\/ammore.official","https:\/\/www.instagram.com\/ammore_official"]}]}},"_links":{"self":[{"href":"https:\/\/www.ammore.online\/fr\/wp-json\/wp\/v2\/product\/817","targetHints":{"allow":["GET"]}}],"collection":[{"href":"https:\/\/www.ammore.online\/fr\/wp-json\/wp\/v2\/product"}],"about":[{"href":"https:\/\/www.ammore.online\/fr\/wp-json\/wp\/v2\/types\/product"}],"wp:featuredmedia":[{"embeddable":true,"href":"https:\/\/www.ammore.online\/fr\/wp-json\/wp\/v2\/media\/4839"}],"wp:attachment":[{"href":"https:\/\/www.ammore.online\/fr\/wp-json\/wp\/v2\/media?parent=817"}],"wp:term":[{"taxonomy":"product_cat","embeddable":true,"href":"https:\/\/www.ammore.online\/fr\/wp-json\/wp\/v2\/product_cat?post=817"},{"taxonomy":"product_tag","embeddable":true,"href":"https:\/\/www.ammore.online\/fr\/wp-json\/wp\/v2\/product_tag?post=817"}],"curies":[{"name":"wp","href":"https:\/\/api.w.org\/{rel}","templated":true}]}}