{"id":667,"date":"2022-08-24T14:12:09","date_gmt":"2022-08-24T14:12:09","guid":{"rendered":"https:\/\/www.ammore.online\/?post_type=product&#038;p=667"},"modified":"2025-10-09T15:37:58","modified_gmt":"2025-10-09T15:37:58","slug":"panettone-artigianale-allo-strudel-senza-glutine","status":"publish","type":"product","link":"https:\/\/www.ammore.online\/fr\/prodotto\/panettone-artigianale-allo-strudel-senza-glutine\/","title":{"rendered":"Panettone Artisanal <br> Strudel sans gluten et lactose"},"content":{"rendered":"<p><strong>Ingr\u00e9dients<\/strong>: Farine sans gluten (amidon de ma\u00efs, amidon de riz, f\u00e9cule de pomme de terre, farine de riz, sucre, <strong>lait<\/strong> en poudre, _bres v\u00e9g\u00e9tales, \u00e9paississants : farine de gomme de guar, carboxym\u00e9thylcellulose), <strong>beurre <\/strong>(lactose moinse de 0,01%), eau, amidon de bl\u00e9 aval\u00e9, <strong>oeufs<\/strong>, sucre, raisins secs (sultanes trait\u00e9es en surface \u00e0 l\u2019huile de tournesol, min 14%), semi-con_ts pommes (pommes, sirop de glucose-fructose, saccharose, acide citrique E330, sorbate de potassium E202, min 11%), miel d\u2019acacia, sorbitol, zeste d\u2019orange (zeste d\u2019orange, sirop de glucose -fructose, sucre), zeste de citron (zeste de citron, glucose sirop de fructose, sucre), beurre de cacao (soja), levure de bi\u00e8re, sel, \u00e9mulsi_ants: E471, stabilisant: E420, poudre de cannelle, poudre d\u2019oeillet, poudre de gingembre. Ne contient pas de gluten et d&#8217;uile de palme. Contient du <strong>lait<\/strong>, des<strong> oeufs<\/strong>, du<strong> soja<\/strong>. Fabriqu\u00e9 dans un laboratoire qui utilise \u00e9galement du<strong> lait<\/strong>, du <strong>s\u00e9same<\/strong>, des <strong>fruits \u00e0 coque<\/strong> et des <strong>cacahu\u00e8tes<\/strong>.<\/p>\n","protected":false},"excerpt":{"rendered":"<p>Un produit sp\u00e9cial qui maintient inchang\u00e9es les caract\u00e9ristiques du dessert traditionnel de No\u00ebl. Elle ressemble \u00e0 une p\u00e2te saine et moelleuse, \u00e9labor\u00e9e avec des mati\u00e8res premi\u00e8res certifi\u00e9es et agr\u00e9ment\u00e9e de la saveur de <strong>cannelle<\/strong> et de d\u00e9s de<strong> pomme<\/strong> et de<strong> raisins<\/strong> secs moelleux.<\/p>\n<p><strong>Formato 400 gr<\/strong> &#8211; <strong>Emballe\u0301 a\u0300 la main<\/strong><\/p>\n<table border=\"0\">\n<tbody>\n<tr>\n<td><img loading=\"lazy\" decoding=\"async\" class=\"alignnone wp-image-573\" src=\"https:\/\/www.ammore.online\/wp-content\/uploads\/2022\/08\/Ingredienti_artigianale-fr.png\" alt=\"\" width=\"197\" height=\"82\" \/><\/td>\n<td><img loading=\"lazy\" decoding=\"async\" class=\"alignnone size-medium wp-image-583\" src=\"https:\/\/www.ammore.online\/wp-content\/uploads\/2022\/08\/Ingredienti_naturale-fr.png\" alt=\"\" width=\"197\" height=\"82\" \/><\/td>\n<\/tr>\n<tr>\n<td><img loading=\"lazy\" decoding=\"async\" class=\"alignnone size-medium wp-image-593\" src=\"https:\/\/www.ammore.online\/wp-content\/uploads\/2022\/08\/Ingredienti_no_palma-fr.png\" alt=\"\" width=\"197\" height=\"82\" \/><\/td>\n<td><img loading=\"lazy\" decoding=\"async\" class=\"alignnone size-medium wp-image-588\" src=\"https:\/\/www.ammore.online\/wp-content\/uploads\/2022\/08\/Ingredienti_no_grassi-fr.png\" alt=\"\" width=\"197\" height=\"82\" \/><\/td>\n<\/tr>\n<\/tbody>\n<\/table>\n","protected":false},"featured_media":4766,"template":"","meta":{"_genesis_hide_title":false,"_genesis_hide_breadcrumbs":false,"_genesis_hide_singular_image":false,"_genesis_hide_footer_widgets":false,"_genesis_custom_body_class":"","_genesis_custom_post_class":"","_genesis_layout":""},"product_cat":[60,128],"product_tag":[],"class_list":{"0":"post-667","1":"product","2":"type-product","3":"status-publish","4":"has-post-thumbnail","6":"product_cat-noel","7":"product_cat-sans-gluten","8":"entry","10":"first","11":"outofstock","12":"shipping-taxable","13":"purchasable","14":"product-type-simple"},"yoast_head":"<!-- This site is optimized with the Yoast SEO plugin v23.7 - https:\/\/yoast.com\/wordpress\/plugins\/seo\/ -->\n<title>Panettone Artisanal  Strudel sans gluten et lactose - Ammore<\/title>\n<meta name=\"robots\" content=\"index, follow, max-snippet:-1, max-image-preview:large, max-video-preview:-1\" \/>\n<link rel=\"canonical\" href=\"https:\/\/www.ammore.online\/fr\/prodotto\/panettone-artigianale-allo-strudel-senza-glutine\/\" \/>\n<meta property=\"og:locale\" content=\"fr_FR\" \/>\n<meta property=\"og:type\" content=\"article\" \/>\n<meta property=\"og:title\" content=\"Panettone Artisanal  Strudel sans gluten et lactose - Ammore\" \/>\n<meta property=\"og:description\" content=\"Un produit sp\u00e9cial qui maintient inchang\u00e9es les caract\u00e9ristiques du dessert traditionnel de No\u00ebl. Elle ressemble \u00e0 une p\u00e2te saine et moelleuse, \u00e9labor\u00e9e avec des mati\u00e8res premi\u00e8res certifi\u00e9es et agr\u00e9ment\u00e9e de la saveur de cannelle et de d\u00e9s de pomme et de raisins secs moelleux.  Formato 400 gr - Emballe\u0301 a\u0300 la main\" \/>\n<meta property=\"og:url\" content=\"https:\/\/www.ammore.online\/fr\/prodotto\/panettone-artigianale-allo-strudel-senza-glutine\/\" \/>\n<meta property=\"og:site_name\" content=\"Ammore\" \/>\n<meta property=\"article:publisher\" content=\"https:\/\/www.facebook.com\/ammore.official\" \/>\n<meta property=\"article:modified_time\" content=\"2025-10-09T15:37:58+00:00\" \/>\n<meta property=\"og:image\" content=\"https:\/\/www.ammore.online\/wp-content\/uploads\/2023\/07\/senzaglutine.jpg\" \/>\n\t<meta property=\"og:image:width\" content=\"1920\" \/>\n\t<meta property=\"og:image:height\" content=\"1920\" \/>\n\t<meta property=\"og:image:type\" content=\"image\/jpeg\" \/>\n<meta name=\"twitter:card\" content=\"summary_large_image\" \/>\n<meta name=\"twitter:label1\" content=\"Dur\u00e9e de lecture estim\u00e9e\" \/>\n\t<meta name=\"twitter:data1\" content=\"1 minute\" \/>\n<script type=\"application\/ld+json\" class=\"yoast-schema-graph\">{\"@context\":\"https:\/\/schema.org\",\"@graph\":[{\"@type\":\"WebPage\",\"@id\":\"https:\/\/www.ammore.online\/fr\/prodotto\/panettone-artigianale-allo-strudel-senza-glutine\/\",\"url\":\"https:\/\/www.ammore.online\/fr\/prodotto\/panettone-artigianale-allo-strudel-senza-glutine\/\",\"name\":\"Panettone Artisanal Strudel sans gluten et lactose - Ammore\",\"isPartOf\":{\"@id\":\"https:\/\/www.ammore.online\/es\/#website\"},\"primaryImageOfPage\":{\"@id\":\"https:\/\/www.ammore.online\/fr\/prodotto\/panettone-artigianale-allo-strudel-senza-glutine\/#primaryimage\"},\"image\":{\"@id\":\"https:\/\/www.ammore.online\/fr\/prodotto\/panettone-artigianale-allo-strudel-senza-glutine\/#primaryimage\"},\"thumbnailUrl\":\"https:\/\/www.ammore.online\/wp-content\/uploads\/2023\/07\/senzaglutine.jpg\",\"datePublished\":\"2022-08-24T14:12:09+00:00\",\"dateModified\":\"2025-10-09T15:37:58+00:00\",\"breadcrumb\":{\"@id\":\"https:\/\/www.ammore.online\/fr\/prodotto\/panettone-artigianale-allo-strudel-senza-glutine\/#breadcrumb\"},\"inLanguage\":\"fr-FR\",\"potentialAction\":[{\"@type\":\"ReadAction\",\"target\":[\"https:\/\/www.ammore.online\/fr\/prodotto\/panettone-artigianale-allo-strudel-senza-glutine\/\"]}]},{\"@type\":\"ImageObject\",\"inLanguage\":\"fr-FR\",\"@id\":\"https:\/\/www.ammore.online\/fr\/prodotto\/panettone-artigianale-allo-strudel-senza-glutine\/#primaryimage\",\"url\":\"https:\/\/www.ammore.online\/wp-content\/uploads\/2023\/07\/senzaglutine.jpg\",\"contentUrl\":\"https:\/\/www.ammore.online\/wp-content\/uploads\/2023\/07\/senzaglutine.jpg\",\"width\":1920,\"height\":1920,\"caption\":\"Foto \u00a9 Alessandra Farinelli\"},{\"@type\":\"BreadcrumbList\",\"@id\":\"https:\/\/www.ammore.online\/fr\/prodotto\/panettone-artigianale-allo-strudel-senza-glutine\/#breadcrumb\",\"itemListElement\":[{\"@type\":\"ListItem\",\"position\":1,\"name\":\"Home\",\"item\":\"https:\/\/www.ammore.online\/fr\/\"},{\"@type\":\"ListItem\",\"position\":2,\"name\":\"Boutique\",\"item\":\"https:\/\/www.ammore.online\/fr\/boutique\/\"},{\"@type\":\"ListItem\",\"position\":3,\"name\":\"Panettone Artisanal Strudel sans gluten et lactose\"}]},{\"@type\":\"WebSite\",\"@id\":\"https:\/\/www.ammore.online\/es\/#website\",\"url\":\"https:\/\/www.ammore.online\/es\/\",\"name\":\"Ammore\",\"description\":\"Il gusto della tradizione\",\"publisher\":{\"@id\":\"https:\/\/www.ammore.online\/es\/#organization\"},\"potentialAction\":[{\"@type\":\"SearchAction\",\"target\":{\"@type\":\"EntryPoint\",\"urlTemplate\":\"https:\/\/www.ammore.online\/es\/?s={search_term_string}\"},\"query-input\":{\"@type\":\"PropertyValueSpecification\",\"valueRequired\":true,\"valueName\":\"search_term_string\"}}],\"inLanguage\":\"fr-FR\"},{\"@type\":\"Organization\",\"@id\":\"https:\/\/www.ammore.online\/es\/#organization\",\"name\":\"Ammore\",\"url\":\"https:\/\/www.ammore.online\/es\/\",\"logo\":{\"@type\":\"ImageObject\",\"inLanguage\":\"fr-FR\",\"@id\":\"https:\/\/www.ammore.online\/es\/#\/schema\/logo\/image\/\",\"url\":\"https:\/\/www.ammore.online\/wp-content\/uploads\/2023\/10\/cropped-cropped-Ammore_logo.png\",\"contentUrl\":\"https:\/\/www.ammore.online\/wp-content\/uploads\/2023\/10\/cropped-cropped-Ammore_logo.png\",\"width\":1411,\"height\":393,\"caption\":\"Ammore\"},\"image\":{\"@id\":\"https:\/\/www.ammore.online\/es\/#\/schema\/logo\/image\/\"},\"sameAs\":[\"https:\/\/www.facebook.com\/ammore.official\",\"https:\/\/www.instagram.com\/ammore_official\"]}]}<\/script>\n<!-- \/ Yoast SEO plugin. -->","yoast_head_json":{"title":"Panettone Artisanal  Strudel sans gluten et lactose - Ammore","robots":{"index":"index","follow":"follow","max-snippet":"max-snippet:-1","max-image-preview":"max-image-preview:large","max-video-preview":"max-video-preview:-1"},"canonical":"https:\/\/www.ammore.online\/fr\/prodotto\/panettone-artigianale-allo-strudel-senza-glutine\/","og_locale":"fr_FR","og_type":"article","og_title":"Panettone Artisanal  Strudel sans gluten et lactose - Ammore","og_description":"Un produit sp\u00e9cial qui maintient inchang\u00e9es les caract\u00e9ristiques du dessert traditionnel de No\u00ebl. Elle ressemble \u00e0 une p\u00e2te saine et moelleuse, \u00e9labor\u00e9e avec des mati\u00e8res premi\u00e8res certifi\u00e9es et agr\u00e9ment\u00e9e de la saveur de cannelle et de d\u00e9s de pomme et de raisins secs moelleux.  Formato 400 gr - Emballe\u0301 a\u0300 la main","og_url":"https:\/\/www.ammore.online\/fr\/prodotto\/panettone-artigianale-allo-strudel-senza-glutine\/","og_site_name":"Ammore","article_publisher":"https:\/\/www.facebook.com\/ammore.official","article_modified_time":"2025-10-09T15:37:58+00:00","og_image":[{"width":1920,"height":1920,"url":"https:\/\/www.ammore.online\/wp-content\/uploads\/2023\/07\/senzaglutine.jpg","type":"image\/jpeg"}],"twitter_card":"summary_large_image","twitter_misc":{"Dur\u00e9e de lecture estim\u00e9e":"1 minute"},"schema":{"@context":"https:\/\/schema.org","@graph":[{"@type":"WebPage","@id":"https:\/\/www.ammore.online\/fr\/prodotto\/panettone-artigianale-allo-strudel-senza-glutine\/","url":"https:\/\/www.ammore.online\/fr\/prodotto\/panettone-artigianale-allo-strudel-senza-glutine\/","name":"Panettone Artisanal Strudel sans gluten et lactose - Ammore","isPartOf":{"@id":"https:\/\/www.ammore.online\/es\/#website"},"primaryImageOfPage":{"@id":"https:\/\/www.ammore.online\/fr\/prodotto\/panettone-artigianale-allo-strudel-senza-glutine\/#primaryimage"},"image":{"@id":"https:\/\/www.ammore.online\/fr\/prodotto\/panettone-artigianale-allo-strudel-senza-glutine\/#primaryimage"},"thumbnailUrl":"https:\/\/www.ammore.online\/wp-content\/uploads\/2023\/07\/senzaglutine.jpg","datePublished":"2022-08-24T14:12:09+00:00","dateModified":"2025-10-09T15:37:58+00:00","breadcrumb":{"@id":"https:\/\/www.ammore.online\/fr\/prodotto\/panettone-artigianale-allo-strudel-senza-glutine\/#breadcrumb"},"inLanguage":"fr-FR","potentialAction":[{"@type":"ReadAction","target":["https:\/\/www.ammore.online\/fr\/prodotto\/panettone-artigianale-allo-strudel-senza-glutine\/"]}]},{"@type":"ImageObject","inLanguage":"fr-FR","@id":"https:\/\/www.ammore.online\/fr\/prodotto\/panettone-artigianale-allo-strudel-senza-glutine\/#primaryimage","url":"https:\/\/www.ammore.online\/wp-content\/uploads\/2023\/07\/senzaglutine.jpg","contentUrl":"https:\/\/www.ammore.online\/wp-content\/uploads\/2023\/07\/senzaglutine.jpg","width":1920,"height":1920,"caption":"Foto \u00a9 Alessandra Farinelli"},{"@type":"BreadcrumbList","@id":"https:\/\/www.ammore.online\/fr\/prodotto\/panettone-artigianale-allo-strudel-senza-glutine\/#breadcrumb","itemListElement":[{"@type":"ListItem","position":1,"name":"Home","item":"https:\/\/www.ammore.online\/fr\/"},{"@type":"ListItem","position":2,"name":"Boutique","item":"https:\/\/www.ammore.online\/fr\/boutique\/"},{"@type":"ListItem","position":3,"name":"Panettone Artisanal Strudel sans gluten et lactose"}]},{"@type":"WebSite","@id":"https:\/\/www.ammore.online\/es\/#website","url":"https:\/\/www.ammore.online\/es\/","name":"Ammore","description":"Il gusto della tradizione","publisher":{"@id":"https:\/\/www.ammore.online\/es\/#organization"},"potentialAction":[{"@type":"SearchAction","target":{"@type":"EntryPoint","urlTemplate":"https:\/\/www.ammore.online\/es\/?s={search_term_string}"},"query-input":{"@type":"PropertyValueSpecification","valueRequired":true,"valueName":"search_term_string"}}],"inLanguage":"fr-FR"},{"@type":"Organization","@id":"https:\/\/www.ammore.online\/es\/#organization","name":"Ammore","url":"https:\/\/www.ammore.online\/es\/","logo":{"@type":"ImageObject","inLanguage":"fr-FR","@id":"https:\/\/www.ammore.online\/es\/#\/schema\/logo\/image\/","url":"https:\/\/www.ammore.online\/wp-content\/uploads\/2023\/10\/cropped-cropped-Ammore_logo.png","contentUrl":"https:\/\/www.ammore.online\/wp-content\/uploads\/2023\/10\/cropped-cropped-Ammore_logo.png","width":1411,"height":393,"caption":"Ammore"},"image":{"@id":"https:\/\/www.ammore.online\/es\/#\/schema\/logo\/image\/"},"sameAs":["https:\/\/www.facebook.com\/ammore.official","https:\/\/www.instagram.com\/ammore_official"]}]}},"_links":{"self":[{"href":"https:\/\/www.ammore.online\/fr\/wp-json\/wp\/v2\/product\/667","targetHints":{"allow":["GET"]}}],"collection":[{"href":"https:\/\/www.ammore.online\/fr\/wp-json\/wp\/v2\/product"}],"about":[{"href":"https:\/\/www.ammore.online\/fr\/wp-json\/wp\/v2\/types\/product"}],"wp:featuredmedia":[{"embeddable":true,"href":"https:\/\/www.ammore.online\/fr\/wp-json\/wp\/v2\/media\/4766"}],"wp:attachment":[{"href":"https:\/\/www.ammore.online\/fr\/wp-json\/wp\/v2\/media?parent=667"}],"wp:term":[{"taxonomy":"product_cat","embeddable":true,"href":"https:\/\/www.ammore.online\/fr\/wp-json\/wp\/v2\/product_cat?post=667"},{"taxonomy":"product_tag","embeddable":true,"href":"https:\/\/www.ammore.online\/fr\/wp-json\/wp\/v2\/product_tag?post=667"}],"curies":[{"name":"wp","href":"https:\/\/api.w.org\/{rel}","templated":true}]}}