{"id":4899,"date":"2024-10-16T16:02:14","date_gmt":"2024-10-16T16:02:14","guid":{"rendered":"https:\/\/www.ammore.online\/?post_type=product&#038;p=4899"},"modified":"2024-10-16T17:07:47","modified_gmt":"2024-10-16T17:07:47","slug":"pandoro-artisan","status":"publish","type":"product","link":"https:\/\/www.ammore.online\/fr\/prodotto\/pandoro-artisan\/","title":{"rendered":"Pandoro artisan"},"content":{"rendered":"<p><strong>Ingr\u00e9dients<\/strong>: farine de <strong>bl\u00e9<\/strong>, jaune <strong>d&#8217;oeuf<\/strong> frais,<strong> beurre<\/strong>, beurre de cacao, sucre, fructose, levure naturelle (farine de <strong>bl\u00e9<\/strong>), eau, vanille Bourbon, miel, sel, dextrose, correcteur d&#8217;acidit\u00e9: acide citrique. <strong>Ingr\u00e9dients du sucre<\/strong> <strong>glace<\/strong>: sucre, amidon de ma\u00efs. Peut contenir des traces de <strong>fruits \u00e0 coque<\/strong>, de <strong>soja<\/strong> et de <strong>moutarde<\/strong>. Conserver dans un endroit frais et sec. Produit sujet \u00e0 perte de poids. Produit en Italie.<\/p>\n","protected":false},"excerpt":{"rendered":"<p>Le savoir-faire du <strong>Pandoro<\/strong> classique est assur\u00e9 par un levain naturel et lent, un long processus de p\u00e2tes multiples et une recette extr\u00eamement traditionnel. Un produit sp\u00e9cial, \u00e0 base de levain et de farines fin, du <strong>beurre breton<\/strong> et des oeufs de premi\u00e8re qualit\u00e9 dont la saveur est enrichi par la pr\u00e9sence de vanille<br \/>\nBourbon de Madagascar<\/p>\n<p><strong>Format 1 kg<\/strong> &#8211; <strong>\u00a0Le pandoro est emball\u00e9 dans une \u00e9l\u00e9gante bo\u00eete \u00e0 chapeau<\/strong><\/p>\n<table border=\"0\">\n<tbody>\n<tr>\n<td><img loading=\"lazy\" decoding=\"async\" class=\"alignnone wp-image-573\" src=\"https:\/\/www.ammore.online\/wp-content\/uploads\/2022\/08\/Ingredienti_artigianale-fr.png\" alt=\"\" width=\"197\" height=\"82\" \/><\/td>\n<td><img loading=\"lazy\" decoding=\"async\" class=\"alignnone size-medium wp-image-578\" src=\"https:\/\/www.ammore.online\/wp-content\/uploads\/2022\/08\/Ingredienti_lievito-fr.png\" alt=\"\" width=\"197\" height=\"82\" \/><\/td>\n<td><img loading=\"lazy\" decoding=\"async\" class=\"alignnone size-medium wp-image-583\" src=\"https:\/\/www.ammore.online\/wp-content\/uploads\/2022\/08\/Ingredienti_naturale-fr.png\" alt=\"\" width=\"197\" height=\"82\" \/><\/td>\n<\/tr>\n<tr>\n<td><img loading=\"lazy\" decoding=\"async\" class=\"alignnone size-medium wp-image-593\" src=\"https:\/\/www.ammore.online\/wp-content\/uploads\/2022\/08\/Ingredienti_no_palma-fr.png\" alt=\"\" width=\"197\" height=\"82\" \/><\/td>\n<td><img loading=\"lazy\" decoding=\"async\" class=\"alignnone size-medium wp-image-588\" src=\"https:\/\/www.ammore.online\/wp-content\/uploads\/2022\/08\/Ingredienti_no_grassi-fr.png\" alt=\"\" width=\"197\" height=\"82\" \/><\/td>\n<td><\/td>\n<\/tr>\n<\/tbody>\n<\/table>\n","protected":false},"featured_media":5104,"template":"","meta":{"_genesis_hide_title":false,"_genesis_hide_breadcrumbs":false,"_genesis_hide_singular_image":false,"_genesis_hide_footer_widgets":false,"_genesis_custom_body_class":"","_genesis_custom_post_class":"","_genesis_layout":""},"product_cat":[159],"product_tag":[],"class_list":{"0":"post-4899","1":"product","2":"type-product","3":"status-publish","4":"has-post-thumbnail","6":"product_cat-cappelliera-fr","7":"entry","9":"first","10":"outofstock","11":"shipping-taxable","12":"purchasable","13":"product-type-simple"},"yoast_head":"<!-- This site is optimized with the Yoast SEO plugin v23.7 - https:\/\/yoast.com\/wordpress\/plugins\/seo\/ -->\n<title>Pandoro artisan - Ammore<\/title>\n<meta name=\"robots\" content=\"index, follow, max-snippet:-1, max-image-preview:large, max-video-preview:-1\" \/>\n<link rel=\"canonical\" href=\"https:\/\/www.ammore.online\/?post_type=product&p=4895\" \/>\n<meta property=\"og:locale\" content=\"fr_FR\" \/>\n<meta property=\"og:type\" content=\"article\" \/>\n<meta property=\"og:title\" content=\"Pandoro artisan - Ammore\" \/>\n<meta property=\"og:description\" content=\"Le savoir-faire du Pandoro classique est assur\u00e9 par un levain naturel et lent, un long processus de p\u00e2tes multiples et une recette extr\u00eamement traditionnel. Un produit sp\u00e9cial, \u00e0 base de levain et de farines fin, du beurre breton et des oeufs de premi\u00e8re qualit\u00e9 dont la saveur est enrichi par la pr\u00e9sence de vanille Bourbon de Madagascar  Format 1 kg - \u00a0Le pandoro est emball\u00e9 dans une \u00e9l\u00e9gante bo\u00eete \u00e0 chapeau\" \/>\n<meta property=\"og:url\" content=\"https:\/\/www.ammore.online\/?post_type=product&amp;p=4895\" \/>\n<meta property=\"og:site_name\" content=\"Ammore\" \/>\n<meta property=\"article:publisher\" content=\"https:\/\/www.facebook.com\/ammore.official\" \/>\n<meta property=\"article:modified_time\" content=\"2024-10-16T17:07:47+00:00\" \/>\n<meta property=\"og:image\" content=\"https:\/\/www.ammore.online\/wp-content\/uploads\/2024\/10\/cappelliera-pandoro.jpg\" \/>\n\t<meta property=\"og:image:width\" content=\"1920\" \/>\n\t<meta property=\"og:image:height\" content=\"1920\" \/>\n\t<meta property=\"og:image:type\" content=\"image\/jpeg\" \/>\n<meta name=\"twitter:card\" content=\"summary_large_image\" \/>\n<meta name=\"twitter:label1\" content=\"Dur\u00e9e de lecture estim\u00e9e\" \/>\n\t<meta name=\"twitter:data1\" content=\"1 minute\" \/>\n<script type=\"application\/ld+json\" class=\"yoast-schema-graph\">{\"@context\":\"https:\/\/schema.org\",\"@graph\":[{\"@type\":\"WebPage\",\"@id\":\"https:\/\/www.ammore.online\/?post_type=product&p=4895\",\"url\":\"https:\/\/www.ammore.online\/?post_type=product&p=4895\",\"name\":\"Pandoro artisan - Ammore\",\"isPartOf\":{\"@id\":\"https:\/\/www.ammore.online\/es\/#website\"},\"primaryImageOfPage\":{\"@id\":\"https:\/\/www.ammore.online\/?post_type=product&p=4895#primaryimage\"},\"image\":{\"@id\":\"https:\/\/www.ammore.online\/?post_type=product&p=4895#primaryimage\"},\"thumbnailUrl\":\"https:\/\/www.ammore.online\/wp-content\/uploads\/2024\/10\/cappelliera-pandoro.jpg\",\"datePublished\":\"2024-10-16T16:02:14+00:00\",\"dateModified\":\"2024-10-16T17:07:47+00:00\",\"breadcrumb\":{\"@id\":\"https:\/\/www.ammore.online\/?post_type=product&p=4895#breadcrumb\"},\"inLanguage\":\"fr-FR\",\"potentialAction\":[{\"@type\":\"ReadAction\",\"target\":[\"https:\/\/www.ammore.online\/?post_type=product&p=4895\"]}]},{\"@type\":\"ImageObject\",\"inLanguage\":\"fr-FR\",\"@id\":\"https:\/\/www.ammore.online\/?post_type=product&p=4895#primaryimage\",\"url\":\"https:\/\/www.ammore.online\/wp-content\/uploads\/2024\/10\/cappelliera-pandoro.jpg\",\"contentUrl\":\"https:\/\/www.ammore.online\/wp-content\/uploads\/2024\/10\/cappelliera-pandoro.jpg\",\"width\":1920,\"height\":1920,\"caption\":\"Foto \u00a9 Alessandra Farinelli\"},{\"@type\":\"BreadcrumbList\",\"@id\":\"https:\/\/www.ammore.online\/?post_type=product&p=4895#breadcrumb\",\"itemListElement\":[{\"@type\":\"ListItem\",\"position\":1,\"name\":\"Home\",\"item\":\"https:\/\/www.ammore.online\/fr\/\"},{\"@type\":\"ListItem\",\"position\":2,\"name\":\"Boutique\",\"item\":\"https:\/\/www.ammore.online\/fr\/boutique\/\"},{\"@type\":\"ListItem\",\"position\":3,\"name\":\"Pandoro artisan\"}]},{\"@type\":\"WebSite\",\"@id\":\"https:\/\/www.ammore.online\/es\/#website\",\"url\":\"https:\/\/www.ammore.online\/es\/\",\"name\":\"Ammore\",\"description\":\"Il gusto della tradizione\",\"publisher\":{\"@id\":\"https:\/\/www.ammore.online\/es\/#organization\"},\"potentialAction\":[{\"@type\":\"SearchAction\",\"target\":{\"@type\":\"EntryPoint\",\"urlTemplate\":\"https:\/\/www.ammore.online\/es\/?s={search_term_string}\"},\"query-input\":{\"@type\":\"PropertyValueSpecification\",\"valueRequired\":true,\"valueName\":\"search_term_string\"}}],\"inLanguage\":\"fr-FR\"},{\"@type\":\"Organization\",\"@id\":\"https:\/\/www.ammore.online\/es\/#organization\",\"name\":\"Ammore\",\"url\":\"https:\/\/www.ammore.online\/es\/\",\"logo\":{\"@type\":\"ImageObject\",\"inLanguage\":\"fr-FR\",\"@id\":\"https:\/\/www.ammore.online\/es\/#\/schema\/logo\/image\/\",\"url\":\"https:\/\/www.ammore.online\/wp-content\/uploads\/2023\/10\/cropped-cropped-Ammore_logo.png\",\"contentUrl\":\"https:\/\/www.ammore.online\/wp-content\/uploads\/2023\/10\/cropped-cropped-Ammore_logo.png\",\"width\":1411,\"height\":393,\"caption\":\"Ammore\"},\"image\":{\"@id\":\"https:\/\/www.ammore.online\/es\/#\/schema\/logo\/image\/\"},\"sameAs\":[\"https:\/\/www.facebook.com\/ammore.official\",\"https:\/\/www.instagram.com\/ammore_official\"]}]}<\/script>\n<!-- \/ Yoast SEO plugin. -->","yoast_head_json":{"title":"Pandoro artisan - Ammore","robots":{"index":"index","follow":"follow","max-snippet":"max-snippet:-1","max-image-preview":"max-image-preview:large","max-video-preview":"max-video-preview:-1"},"canonical":"https:\/\/www.ammore.online\/?post_type=product&p=4895","og_locale":"fr_FR","og_type":"article","og_title":"Pandoro artisan - Ammore","og_description":"Le savoir-faire du Pandoro classique est assur\u00e9 par un levain naturel et lent, un long processus de p\u00e2tes multiples et une recette extr\u00eamement traditionnel. Un produit sp\u00e9cial, \u00e0 base de levain et de farines fin, du beurre breton et des oeufs de premi\u00e8re qualit\u00e9 dont la saveur est enrichi par la pr\u00e9sence de vanille Bourbon de Madagascar  Format 1 kg - \u00a0Le pandoro est emball\u00e9 dans une \u00e9l\u00e9gante bo\u00eete \u00e0 chapeau","og_url":"https:\/\/www.ammore.online\/?post_type=product&p=4895","og_site_name":"Ammore","article_publisher":"https:\/\/www.facebook.com\/ammore.official","article_modified_time":"2024-10-16T17:07:47+00:00","og_image":[{"width":1920,"height":1920,"url":"https:\/\/www.ammore.online\/wp-content\/uploads\/2024\/10\/cappelliera-pandoro.jpg","type":"image\/jpeg"}],"twitter_card":"summary_large_image","twitter_misc":{"Dur\u00e9e de lecture estim\u00e9e":"1 minute"},"schema":{"@context":"https:\/\/schema.org","@graph":[{"@type":"WebPage","@id":"https:\/\/www.ammore.online\/?post_type=product&p=4895","url":"https:\/\/www.ammore.online\/?post_type=product&p=4895","name":"Pandoro artisan - Ammore","isPartOf":{"@id":"https:\/\/www.ammore.online\/es\/#website"},"primaryImageOfPage":{"@id":"https:\/\/www.ammore.online\/?post_type=product&p=4895#primaryimage"},"image":{"@id":"https:\/\/www.ammore.online\/?post_type=product&p=4895#primaryimage"},"thumbnailUrl":"https:\/\/www.ammore.online\/wp-content\/uploads\/2024\/10\/cappelliera-pandoro.jpg","datePublished":"2024-10-16T16:02:14+00:00","dateModified":"2024-10-16T17:07:47+00:00","breadcrumb":{"@id":"https:\/\/www.ammore.online\/?post_type=product&p=4895#breadcrumb"},"inLanguage":"fr-FR","potentialAction":[{"@type":"ReadAction","target":["https:\/\/www.ammore.online\/?post_type=product&p=4895"]}]},{"@type":"ImageObject","inLanguage":"fr-FR","@id":"https:\/\/www.ammore.online\/?post_type=product&p=4895#primaryimage","url":"https:\/\/www.ammore.online\/wp-content\/uploads\/2024\/10\/cappelliera-pandoro.jpg","contentUrl":"https:\/\/www.ammore.online\/wp-content\/uploads\/2024\/10\/cappelliera-pandoro.jpg","width":1920,"height":1920,"caption":"Foto \u00a9 Alessandra Farinelli"},{"@type":"BreadcrumbList","@id":"https:\/\/www.ammore.online\/?post_type=product&p=4895#breadcrumb","itemListElement":[{"@type":"ListItem","position":1,"name":"Home","item":"https:\/\/www.ammore.online\/fr\/"},{"@type":"ListItem","position":2,"name":"Boutique","item":"https:\/\/www.ammore.online\/fr\/boutique\/"},{"@type":"ListItem","position":3,"name":"Pandoro artisan"}]},{"@type":"WebSite","@id":"https:\/\/www.ammore.online\/es\/#website","url":"https:\/\/www.ammore.online\/es\/","name":"Ammore","description":"Il gusto della tradizione","publisher":{"@id":"https:\/\/www.ammore.online\/es\/#organization"},"potentialAction":[{"@type":"SearchAction","target":{"@type":"EntryPoint","urlTemplate":"https:\/\/www.ammore.online\/es\/?s={search_term_string}"},"query-input":{"@type":"PropertyValueSpecification","valueRequired":true,"valueName":"search_term_string"}}],"inLanguage":"fr-FR"},{"@type":"Organization","@id":"https:\/\/www.ammore.online\/es\/#organization","name":"Ammore","url":"https:\/\/www.ammore.online\/es\/","logo":{"@type":"ImageObject","inLanguage":"fr-FR","@id":"https:\/\/www.ammore.online\/es\/#\/schema\/logo\/image\/","url":"https:\/\/www.ammore.online\/wp-content\/uploads\/2023\/10\/cropped-cropped-Ammore_logo.png","contentUrl":"https:\/\/www.ammore.online\/wp-content\/uploads\/2023\/10\/cropped-cropped-Ammore_logo.png","width":1411,"height":393,"caption":"Ammore"},"image":{"@id":"https:\/\/www.ammore.online\/es\/#\/schema\/logo\/image\/"},"sameAs":["https:\/\/www.facebook.com\/ammore.official","https:\/\/www.instagram.com\/ammore_official"]}]}},"_links":{"self":[{"href":"https:\/\/www.ammore.online\/fr\/wp-json\/wp\/v2\/product\/4899","targetHints":{"allow":["GET"]}}],"collection":[{"href":"https:\/\/www.ammore.online\/fr\/wp-json\/wp\/v2\/product"}],"about":[{"href":"https:\/\/www.ammore.online\/fr\/wp-json\/wp\/v2\/types\/product"}],"wp:featuredmedia":[{"embeddable":true,"href":"https:\/\/www.ammore.online\/fr\/wp-json\/wp\/v2\/media\/5104"}],"wp:attachment":[{"href":"https:\/\/www.ammore.online\/fr\/wp-json\/wp\/v2\/media?parent=4899"}],"wp:term":[{"taxonomy":"product_cat","embeddable":true,"href":"https:\/\/www.ammore.online\/fr\/wp-json\/wp\/v2\/product_cat?post=4899"},{"taxonomy":"product_tag","embeddable":true,"href":"https:\/\/www.ammore.online\/fr\/wp-json\/wp\/v2\/product_tag?post=4899"}],"curies":[{"name":"wp","href":"https:\/\/api.w.org\/{rel}","templated":true}]}}