{"id":3742,"date":"2023-11-05T18:43:36","date_gmt":"2023-11-05T18:43:36","guid":{"rendered":"https:\/\/www.ammore.online\/?post_type=product&#038;p=3742"},"modified":"2025-09-17T15:17:48","modified_gmt":"2025-09-17T15:17:48","slug":"duetto-pecorino-calcagno","status":"publish","type":"product","link":"https:\/\/www.ammore.online\/fr\/prodotto\/duetto-pecorino-calcagno\/","title":{"rendered":"Duetto Pecorino Calcagno"},"content":{"rendered":"<p><strong>Ingr\u00e9dients<\/strong>: farine de<strong> bl\u00e9<\/strong>, jaune <strong>d&#8217;\u0153uf<\/strong> frais, huile d&#8217;olive extra vierge, <strong>beurre<\/strong> de cacao, sucre, levure naturelle (farine de <strong>bl\u00e9<\/strong>), vanille Bourbon, sel, poivre, tomates s\u00e9ch\u00e9es \u00e9goutt\u00e9es, parmigiano reggiano DOP\u00a0 (<strong>lait<\/strong>, presure at selt), <strong>noix<\/strong>, dextrose, ar\u00f4mes naturels, <strong>basilic<\/strong>, correcteur d&#8217;acidit\u00e9: acide citrique. Peut contenir des traces de <strong>fruits \u00e0 coque<\/strong>, de <strong>soja<\/strong> et de <strong>moutarde<\/strong>. Conserver dans un endroit frais et sec. Produit sujet \u00e0 perte de poids. Produit en Italie.<\/p>\n","protected":false},"excerpt":{"rendered":"<p>La qualit\u00e9 artisanale de ce panevo, au go\u00fbt l\u00e9g\u00e8rement sal\u00e9 et \u00e0 l&#8217;huile d&#8217;olive vierge extra, est assur\u00e9e par une levure naturelle et une recette traditionnelle. Ce produit unique, \u00e9labor\u00e9 \u00e0 partir de levain, de farines fines et d&#8217;\u0153ufs de premi\u00e8re qualit\u00e9, est enrichi de la saveur des<strong> tomates s\u00e9ch\u00e9es<\/strong> Maida \u00e9goutt\u00e9es, du <strong>fromage affin\u00e9<\/strong> et du basilic frais. Il est particuli\u00e8rement adapt\u00e9 \u00e0 l&#8217;ap\u00e9ritif et \u00e0 toutes les occasions sp\u00e9ciales.<\/p>\n<p><strong>Format 1 kg<\/strong> &#8211; <strong>Le panevo et le pecorino Calcagno sont emball\u00e9s dans une \u00e9l\u00e9gante bo\u00eete \u00e0 chapeau<\/strong><\/p>\n<table border=\"0\">\n<tbody>\n<tr>\n<td><img loading=\"lazy\" decoding=\"async\" class=\"alignnone wp-image-573\" src=\"https:\/\/www.ammore.online\/wp-content\/uploads\/2022\/08\/Ingredienti_artigianale-fr.png\" alt=\"\" width=\"197\" height=\"82\" \/><\/td>\n<td><img loading=\"lazy\" decoding=\"async\" class=\"alignnone size-medium wp-image-578\" src=\"https:\/\/www.ammore.online\/wp-content\/uploads\/2022\/08\/Ingredienti_lievito-fr.png\" alt=\"\" width=\"197\" height=\"82\" \/><\/td>\n<td><img loading=\"lazy\" decoding=\"async\" class=\"alignnone size-medium wp-image-583\" src=\"https:\/\/www.ammore.online\/wp-content\/uploads\/2022\/08\/Ingredienti_naturale-fr.png\" alt=\"\" width=\"197\" height=\"82\" \/><\/td>\n<\/tr>\n<tr>\n<td><img loading=\"lazy\" decoding=\"async\" class=\"alignnone size-medium wp-image-593\" src=\"https:\/\/www.ammore.online\/wp-content\/uploads\/2022\/08\/Ingredienti_no_palma-fr.png\" alt=\"\" width=\"197\" height=\"82\" \/><\/td>\n<td><img loading=\"lazy\" decoding=\"async\" class=\"alignnone size-medium wp-image-588\" src=\"https:\/\/www.ammore.online\/wp-content\/uploads\/2022\/08\/Ingredienti_no_grassi-fr.png\" alt=\"\" width=\"197\" height=\"82\" \/><\/td>\n<td><img loading=\"lazy\" decoding=\"async\" class=\"alignnone wp-image-573\" src=\"https:\/\/www.ammore.online\/wp-content\/uploads\/2022\/08\/Ingredienti_clip-fr.png\" alt=\"\" width=\"197\" height=\"82\" \/><\/td>\n<\/tr>\n<tr>\n<td><img loading=\"lazy\" decoding=\"async\" class=\"alignnone size-medium wp-image-593\" src=\"https:\/\/www.ammore.online\/wp-content\/uploads\/2022\/08\/Ingredienti_olio-fr.png\" alt=\"\" width=\"197\" height=\"82\" \/><\/td>\n<td><\/td>\n<td><\/td>\n<\/tr>\n<\/tbody>\n<\/table>\n","protected":false},"featured_media":4695,"template":"","meta":{"_genesis_hide_title":false,"_genesis_hide_breadcrumbs":false,"_genesis_hide_singular_image":false,"_genesis_hide_footer_widgets":false,"_genesis_custom_body_class":"","_genesis_custom_post_class":"","_genesis_layout":""},"product_cat":[159,185],"product_tag":[],"class_list":{"0":"post-3742","1":"product","2":"type-product","3":"status-publish","4":"has-post-thumbnail","6":"product_cat-cappelliera-fr","7":"product_cat-duetto-fr","8":"entry","10":"first","11":"outofstock","12":"shipping-taxable","13":"purchasable","14":"product-type-simple"},"yoast_head":"<!-- This site is optimized with the Yoast SEO plugin v23.7 - https:\/\/yoast.com\/wordpress\/plugins\/seo\/ -->\n<title>Duetto Pecorino Calcagno - Ammore<\/title>\n<meta name=\"robots\" content=\"index, follow, max-snippet:-1, max-image-preview:large, max-video-preview:-1\" \/>\n<link rel=\"canonical\" href=\"https:\/\/www.ammore.online\/fr\/prodotto\/duetto-pecorino-calcagno\/\" \/>\n<meta property=\"og:locale\" content=\"fr_FR\" \/>\n<meta property=\"og:type\" content=\"article\" \/>\n<meta property=\"og:title\" content=\"Duetto Pecorino Calcagno - Ammore\" \/>\n<meta property=\"og:description\" content=\"La qualit\u00e9 artisanale de ce panevo, au go\u00fbt l\u00e9g\u00e8rement sal\u00e9 et \u00e0 l&#039;huile d&#039;olive vierge extra, est assur\u00e9e par une levure naturelle et une recette traditionnelle. Ce produit unique, \u00e9labor\u00e9 \u00e0 partir de levain, de farines fines et d&#039;\u0153ufs de premi\u00e8re qualit\u00e9, est enrichi de la saveur des tomates s\u00e9ch\u00e9es Maida \u00e9goutt\u00e9es, du fromage affin\u00e9 et du basilic frais. Il est particuli\u00e8rement adapt\u00e9 \u00e0 l&#039;ap\u00e9ritif et \u00e0 toutes les occasions sp\u00e9ciales.  Format 1 kg - Le panevo et le pecorino Calcagno sont emball\u00e9s dans une \u00e9l\u00e9gante bo\u00eete \u00e0 chapeau\" \/>\n<meta property=\"og:url\" content=\"https:\/\/www.ammore.online\/fr\/prodotto\/duetto-pecorino-calcagno\/\" \/>\n<meta property=\"og:site_name\" content=\"Ammore\" \/>\n<meta property=\"article:publisher\" content=\"https:\/\/www.facebook.com\/ammore.official\" \/>\n<meta property=\"article:modified_time\" content=\"2025-09-17T15:17:48+00:00\" \/>\n<meta property=\"og:image\" content=\"https:\/\/www.ammore.online\/wp-content\/uploads\/2024\/10\/DUETTO_castelmagno_01.jpg\" \/>\n\t<meta property=\"og:image:width\" content=\"1920\" \/>\n\t<meta property=\"og:image:height\" content=\"1920\" \/>\n\t<meta property=\"og:image:type\" content=\"image\/jpeg\" \/>\n<meta name=\"twitter:card\" content=\"summary_large_image\" \/>\n<meta name=\"twitter:label1\" content=\"Dur\u00e9e de lecture estim\u00e9e\" \/>\n\t<meta name=\"twitter:data1\" content=\"1 minute\" \/>\n<script type=\"application\/ld+json\" class=\"yoast-schema-graph\">{\"@context\":\"https:\/\/schema.org\",\"@graph\":[{\"@type\":\"WebPage\",\"@id\":\"https:\/\/www.ammore.online\/fr\/prodotto\/duetto-pecorino-calcagno\/\",\"url\":\"https:\/\/www.ammore.online\/fr\/prodotto\/duetto-pecorino-calcagno\/\",\"name\":\"Duetto Pecorino Calcagno - Ammore\",\"isPartOf\":{\"@id\":\"https:\/\/www.ammore.online\/es\/#website\"},\"primaryImageOfPage\":{\"@id\":\"https:\/\/www.ammore.online\/fr\/prodotto\/duetto-pecorino-calcagno\/#primaryimage\"},\"image\":{\"@id\":\"https:\/\/www.ammore.online\/fr\/prodotto\/duetto-pecorino-calcagno\/#primaryimage\"},\"thumbnailUrl\":\"https:\/\/www.ammore.online\/wp-content\/uploads\/2024\/10\/DUETTO_castelmagno_01.jpg\",\"datePublished\":\"2023-11-05T18:43:36+00:00\",\"dateModified\":\"2025-09-17T15:17:48+00:00\",\"breadcrumb\":{\"@id\":\"https:\/\/www.ammore.online\/fr\/prodotto\/duetto-pecorino-calcagno\/#breadcrumb\"},\"inLanguage\":\"fr-FR\",\"potentialAction\":[{\"@type\":\"ReadAction\",\"target\":[\"https:\/\/www.ammore.online\/fr\/prodotto\/duetto-pecorino-calcagno\/\"]}]},{\"@type\":\"ImageObject\",\"inLanguage\":\"fr-FR\",\"@id\":\"https:\/\/www.ammore.online\/fr\/prodotto\/duetto-pecorino-calcagno\/#primaryimage\",\"url\":\"https:\/\/www.ammore.online\/wp-content\/uploads\/2024\/10\/DUETTO_castelmagno_01.jpg\",\"contentUrl\":\"https:\/\/www.ammore.online\/wp-content\/uploads\/2024\/10\/DUETTO_castelmagno_01.jpg\",\"width\":1920,\"height\":1920,\"caption\":\"Foto \u00a9 Alessandra Farinelli\"},{\"@type\":\"BreadcrumbList\",\"@id\":\"https:\/\/www.ammore.online\/fr\/prodotto\/duetto-pecorino-calcagno\/#breadcrumb\",\"itemListElement\":[{\"@type\":\"ListItem\",\"position\":1,\"name\":\"Home\",\"item\":\"https:\/\/www.ammore.online\/fr\/\"},{\"@type\":\"ListItem\",\"position\":2,\"name\":\"Boutique\",\"item\":\"https:\/\/www.ammore.online\/fr\/boutique\/\"},{\"@type\":\"ListItem\",\"position\":3,\"name\":\"Duetto Pecorino Calcagno\"}]},{\"@type\":\"WebSite\",\"@id\":\"https:\/\/www.ammore.online\/es\/#website\",\"url\":\"https:\/\/www.ammore.online\/es\/\",\"name\":\"Ammore\",\"description\":\"Il gusto della tradizione\",\"publisher\":{\"@id\":\"https:\/\/www.ammore.online\/es\/#organization\"},\"potentialAction\":[{\"@type\":\"SearchAction\",\"target\":{\"@type\":\"EntryPoint\",\"urlTemplate\":\"https:\/\/www.ammore.online\/es\/?s={search_term_string}\"},\"query-input\":{\"@type\":\"PropertyValueSpecification\",\"valueRequired\":true,\"valueName\":\"search_term_string\"}}],\"inLanguage\":\"fr-FR\"},{\"@type\":\"Organization\",\"@id\":\"https:\/\/www.ammore.online\/es\/#organization\",\"name\":\"Ammore\",\"url\":\"https:\/\/www.ammore.online\/es\/\",\"logo\":{\"@type\":\"ImageObject\",\"inLanguage\":\"fr-FR\",\"@id\":\"https:\/\/www.ammore.online\/es\/#\/schema\/logo\/image\/\",\"url\":\"https:\/\/www.ammore.online\/wp-content\/uploads\/2023\/10\/cropped-cropped-Ammore_logo.png\",\"contentUrl\":\"https:\/\/www.ammore.online\/wp-content\/uploads\/2023\/10\/cropped-cropped-Ammore_logo.png\",\"width\":1411,\"height\":393,\"caption\":\"Ammore\"},\"image\":{\"@id\":\"https:\/\/www.ammore.online\/es\/#\/schema\/logo\/image\/\"},\"sameAs\":[\"https:\/\/www.facebook.com\/ammore.official\",\"https:\/\/www.instagram.com\/ammore_official\"]}]}<\/script>\n<!-- \/ Yoast SEO plugin. -->","yoast_head_json":{"title":"Duetto Pecorino Calcagno - Ammore","robots":{"index":"index","follow":"follow","max-snippet":"max-snippet:-1","max-image-preview":"max-image-preview:large","max-video-preview":"max-video-preview:-1"},"canonical":"https:\/\/www.ammore.online\/fr\/prodotto\/duetto-pecorino-calcagno\/","og_locale":"fr_FR","og_type":"article","og_title":"Duetto Pecorino Calcagno - Ammore","og_description":"La qualit\u00e9 artisanale de ce panevo, au go\u00fbt l\u00e9g\u00e8rement sal\u00e9 et \u00e0 l'huile d'olive vierge extra, est assur\u00e9e par une levure naturelle et une recette traditionnelle. Ce produit unique, \u00e9labor\u00e9 \u00e0 partir de levain, de farines fines et d'\u0153ufs de premi\u00e8re qualit\u00e9, est enrichi de la saveur des tomates s\u00e9ch\u00e9es Maida \u00e9goutt\u00e9es, du fromage affin\u00e9 et du basilic frais. Il est particuli\u00e8rement adapt\u00e9 \u00e0 l'ap\u00e9ritif et \u00e0 toutes les occasions sp\u00e9ciales.  Format 1 kg - Le panevo et le pecorino Calcagno sont emball\u00e9s dans une \u00e9l\u00e9gante bo\u00eete \u00e0 chapeau","og_url":"https:\/\/www.ammore.online\/fr\/prodotto\/duetto-pecorino-calcagno\/","og_site_name":"Ammore","article_publisher":"https:\/\/www.facebook.com\/ammore.official","article_modified_time":"2025-09-17T15:17:48+00:00","og_image":[{"width":1920,"height":1920,"url":"https:\/\/www.ammore.online\/wp-content\/uploads\/2024\/10\/DUETTO_castelmagno_01.jpg","type":"image\/jpeg"}],"twitter_card":"summary_large_image","twitter_misc":{"Dur\u00e9e de lecture estim\u00e9e":"1 minute"},"schema":{"@context":"https:\/\/schema.org","@graph":[{"@type":"WebPage","@id":"https:\/\/www.ammore.online\/fr\/prodotto\/duetto-pecorino-calcagno\/","url":"https:\/\/www.ammore.online\/fr\/prodotto\/duetto-pecorino-calcagno\/","name":"Duetto Pecorino Calcagno - Ammore","isPartOf":{"@id":"https:\/\/www.ammore.online\/es\/#website"},"primaryImageOfPage":{"@id":"https:\/\/www.ammore.online\/fr\/prodotto\/duetto-pecorino-calcagno\/#primaryimage"},"image":{"@id":"https:\/\/www.ammore.online\/fr\/prodotto\/duetto-pecorino-calcagno\/#primaryimage"},"thumbnailUrl":"https:\/\/www.ammore.online\/wp-content\/uploads\/2024\/10\/DUETTO_castelmagno_01.jpg","datePublished":"2023-11-05T18:43:36+00:00","dateModified":"2025-09-17T15:17:48+00:00","breadcrumb":{"@id":"https:\/\/www.ammore.online\/fr\/prodotto\/duetto-pecorino-calcagno\/#breadcrumb"},"inLanguage":"fr-FR","potentialAction":[{"@type":"ReadAction","target":["https:\/\/www.ammore.online\/fr\/prodotto\/duetto-pecorino-calcagno\/"]}]},{"@type":"ImageObject","inLanguage":"fr-FR","@id":"https:\/\/www.ammore.online\/fr\/prodotto\/duetto-pecorino-calcagno\/#primaryimage","url":"https:\/\/www.ammore.online\/wp-content\/uploads\/2024\/10\/DUETTO_castelmagno_01.jpg","contentUrl":"https:\/\/www.ammore.online\/wp-content\/uploads\/2024\/10\/DUETTO_castelmagno_01.jpg","width":1920,"height":1920,"caption":"Foto \u00a9 Alessandra Farinelli"},{"@type":"BreadcrumbList","@id":"https:\/\/www.ammore.online\/fr\/prodotto\/duetto-pecorino-calcagno\/#breadcrumb","itemListElement":[{"@type":"ListItem","position":1,"name":"Home","item":"https:\/\/www.ammore.online\/fr\/"},{"@type":"ListItem","position":2,"name":"Boutique","item":"https:\/\/www.ammore.online\/fr\/boutique\/"},{"@type":"ListItem","position":3,"name":"Duetto Pecorino Calcagno"}]},{"@type":"WebSite","@id":"https:\/\/www.ammore.online\/es\/#website","url":"https:\/\/www.ammore.online\/es\/","name":"Ammore","description":"Il gusto della tradizione","publisher":{"@id":"https:\/\/www.ammore.online\/es\/#organization"},"potentialAction":[{"@type":"SearchAction","target":{"@type":"EntryPoint","urlTemplate":"https:\/\/www.ammore.online\/es\/?s={search_term_string}"},"query-input":{"@type":"PropertyValueSpecification","valueRequired":true,"valueName":"search_term_string"}}],"inLanguage":"fr-FR"},{"@type":"Organization","@id":"https:\/\/www.ammore.online\/es\/#organization","name":"Ammore","url":"https:\/\/www.ammore.online\/es\/","logo":{"@type":"ImageObject","inLanguage":"fr-FR","@id":"https:\/\/www.ammore.online\/es\/#\/schema\/logo\/image\/","url":"https:\/\/www.ammore.online\/wp-content\/uploads\/2023\/10\/cropped-cropped-Ammore_logo.png","contentUrl":"https:\/\/www.ammore.online\/wp-content\/uploads\/2023\/10\/cropped-cropped-Ammore_logo.png","width":1411,"height":393,"caption":"Ammore"},"image":{"@id":"https:\/\/www.ammore.online\/es\/#\/schema\/logo\/image\/"},"sameAs":["https:\/\/www.facebook.com\/ammore.official","https:\/\/www.instagram.com\/ammore_official"]}]}},"_links":{"self":[{"href":"https:\/\/www.ammore.online\/fr\/wp-json\/wp\/v2\/product\/3742","targetHints":{"allow":["GET"]}}],"collection":[{"href":"https:\/\/www.ammore.online\/fr\/wp-json\/wp\/v2\/product"}],"about":[{"href":"https:\/\/www.ammore.online\/fr\/wp-json\/wp\/v2\/types\/product"}],"wp:featuredmedia":[{"embeddable":true,"href":"https:\/\/www.ammore.online\/fr\/wp-json\/wp\/v2\/media\/4695"}],"wp:attachment":[{"href":"https:\/\/www.ammore.online\/fr\/wp-json\/wp\/v2\/media?parent=3742"}],"wp:term":[{"taxonomy":"product_cat","embeddable":true,"href":"https:\/\/www.ammore.online\/fr\/wp-json\/wp\/v2\/product_cat?post=3742"},{"taxonomy":"product_tag","embeddable":true,"href":"https:\/\/www.ammore.online\/fr\/wp-json\/wp\/v2\/product_tag?post=3742"}],"curies":[{"name":"wp","href":"https:\/\/api.w.org\/{rel}","templated":true}]}}