{"id":3731,"date":"2023-11-05T16:01:58","date_gmt":"2023-11-05T16:01:58","guid":{"rendered":"https:\/\/www.ammore.online\/?post_type=product&#038;p=3731"},"modified":"2023-11-05T16:32:49","modified_gmt":"2023-11-05T16:32:49","slug":"cappelliera-panettone-artisanal-figue-blanche-du-cilento-et-raisins-secs-de-corinthe","status":"publish","type":"product","link":"https:\/\/www.ammore.online\/fr\/prodotto\/cappelliera-panettone-artisanal-figue-blanche-du-cilento-et-raisins-secs-de-corinthe\/","title":{"rendered":"Panettone artisanal <br> Figue blanche du Cilento et raisins secs de Corinthe"},"content":{"rendered":"<p><strong>Ingr\u00e9dients<\/strong>: Farine de <strong>bl\u00e9<\/strong> (<strong> bl\u00e9<\/strong> tendre),<strong> beurre<\/strong>, raisins de Corinto, figues s\u00e9ch\u00e9es, jaune <strong>d&#8217;oeufs<\/strong> frais, sucre, fructose, levure naturel (farine de <strong>bl\u00e9<\/strong>), <strong>beurre<\/strong> de cacao, dextrose, ar\u00f4mes et sel, miel, r\u00e9gulateur d&#8217;acidit\u00e9, acide citrique. Peut contenir des traces de <strong>fruits \u00e0 coque<\/strong>, de<strong> soja<\/strong> et de <strong>moutarde<\/strong>. Conserver dans un lieu frais et sec. Produit sujet \u00e0 une perte de poids. Fabriqu\u00e9 en Italie.<\/p>\n<p>&nbsp;<\/p>\n","protected":false},"excerpt":{"rendered":"<p>Le savoir-faire artisanal de ce panettone est assur\u00e9 par une lev\u00e9e naturelle et une recette extr\u00eamement traditionnelle. Un produit sp\u00e9cial, compos\u00e9 de levain, de farines fines, de beurre de Bretagne et d&#8217;\u0153ufs de premi\u00e8re qualit\u00e9 dont la saveur est enrichie par la pr\u00e9sence une <strong>vanille Bourbon de Madagascar<\/strong> mais surtout la <strong>figue blanche s\u00e9ch\u00e9e du Cilento Dop<\/strong> et les<strong> raisins Corinto<\/strong>.<\/p>\n<p><strong>Format 1 kg<\/strong>\u00a0\u2013\u00a0<strong>Le panettone est emball\u00e9 dans une \u00e9l\u00e9gante bo\u00eete \u00e0 chapeau<\/strong><\/p>\n<table border=\"0\">\n<tbody>\n<tr>\n<td><img loading=\"lazy\" decoding=\"async\" class=\"alignnone wp-image-685\" src=\"https:\/\/www.ammore.online\/wp-content\/uploads\/2022\/08\/Ingredienti_artigianale-fr.png\" alt=\"\" width=\"197\" height=\"82\" \/><\/td>\n<td><img loading=\"lazy\" decoding=\"async\" class=\"alignnone size-medium wp-image-578\" src=\"https:\/\/www.ammore.online\/wp-content\/uploads\/2022\/08\/Ingredienti_lievito-fr.png\" alt=\"\" width=\"197\" height=\"82\" \/><\/td>\n<td><img loading=\"lazy\" decoding=\"async\" class=\"alignnone size-medium wp-image-583\" src=\"https:\/\/www.ammore.online\/wp-content\/uploads\/2022\/08\/Ingredienti_naturale-fr.png\" alt=\"\" width=\"197\" height=\"82\" \/><\/td>\n<\/tr>\n<tr>\n<td><img loading=\"lazy\" decoding=\"async\" class=\"alignnone size-medium wp-image-593\" src=\"https:\/\/www.ammore.online\/wp-content\/uploads\/2022\/08\/Ingredienti_no_palma-fr.png\" alt=\"\" width=\"197\" height=\"82\" \/><\/td>\n<td><img loading=\"lazy\" decoding=\"async\" class=\"alignnone size-medium wp-image-588\" src=\"https:\/\/www.ammore.online\/wp-content\/uploads\/2022\/08\/Ingredienti_no_grassi-fr.png\" alt=\"\" width=\"197\" height=\"82\" \/><\/td>\n<td><img loading=\"lazy\" decoding=\"async\" class=\"alignnone size-medium wp-image-573\" src=\"https:\/\/www.ammore.online\/wp-content\/uploads\/2022\/08\/Ingredienti_clip-fr.png\" alt=\"\" width=\"197\" height=\"82\" \/><\/td>\n<\/tr>\n<\/tbody>\n<\/table>\n","protected":false},"featured_media":0,"template":"","meta":{"_genesis_hide_title":false,"_genesis_hide_breadcrumbs":false,"_genesis_hide_singular_image":false,"_genesis_hide_footer_widgets":false,"_genesis_custom_body_class":"","_genesis_custom_post_class":"","_genesis_layout":""},"product_cat":[159],"product_tag":[],"class_list":{"0":"post-3731","1":"product","2":"type-product","3":"status-publish","5":"product_cat-cappelliera-fr","6":"entry","8":"first","9":"outofstock","10":"shipping-taxable","11":"purchasable","12":"product-type-simple"},"yoast_head":"<!-- This site is optimized with the Yoast SEO plugin v23.7 - https:\/\/yoast.com\/wordpress\/plugins\/seo\/ -->\n<title>Panettone artisanal  Figue blanche du Cilento et raisins secs de Corinthe - Ammore<\/title>\n<meta name=\"robots\" content=\"index, follow, max-snippet:-1, max-image-preview:large, max-video-preview:-1\" \/>\n<link rel=\"canonical\" href=\"https:\/\/www.ammore.online\/prodotto\/cappelliera-panettone-artigianale-fico-bianco-del-cilento-e-uvetta-corinto-copia\/\" \/>\n<meta property=\"og:locale\" content=\"fr_FR\" \/>\n<meta property=\"og:type\" content=\"article\" \/>\n<meta property=\"og:title\" content=\"Panettone artisanal  Figue blanche du Cilento et raisins secs de Corinthe - Ammore\" \/>\n<meta property=\"og:description\" content=\"Le savoir-faire artisanal de ce panettone est assur\u00e9 par une lev\u00e9e naturelle et une recette extr\u00eamement traditionnelle. Un produit sp\u00e9cial, compos\u00e9 de levain, de farines fines, de beurre de Bretagne et d&#039;\u0153ufs de premi\u00e8re qualit\u00e9 dont la saveur est enrichie par la pr\u00e9sence une vanille Bourbon de Madagascar mais surtout la figue blanche s\u00e9ch\u00e9e du Cilento Dop et les raisins Corinto.  Format 1 kg\u00a0\u2013\u00a0Le panettone est emball\u00e9 dans une \u00e9l\u00e9gante bo\u00eete \u00e0 chapeau\" \/>\n<meta property=\"og:url\" content=\"https:\/\/www.ammore.online\/prodotto\/cappelliera-panettone-artigianale-fico-bianco-del-cilento-e-uvetta-corinto-copia\/\" \/>\n<meta property=\"og:site_name\" content=\"Ammore\" \/>\n<meta property=\"article:publisher\" content=\"https:\/\/www.facebook.com\/ammore.official\" \/>\n<meta property=\"article:modified_time\" content=\"2023-11-05T16:32:49+00:00\" \/>\n<meta name=\"twitter:card\" content=\"summary_large_image\" \/>\n<meta name=\"twitter:label1\" content=\"Dur\u00e9e de lecture estim\u00e9e\" \/>\n\t<meta name=\"twitter:data1\" content=\"1 minute\" \/>\n<script type=\"application\/ld+json\" class=\"yoast-schema-graph\">{\"@context\":\"https:\/\/schema.org\",\"@graph\":[{\"@type\":\"WebPage\",\"@id\":\"https:\/\/www.ammore.online\/prodotto\/cappelliera-panettone-artigianale-fico-bianco-del-cilento-e-uvetta-corinto-copia\/\",\"url\":\"https:\/\/www.ammore.online\/prodotto\/cappelliera-panettone-artigianale-fico-bianco-del-cilento-e-uvetta-corinto-copia\/\",\"name\":\"Panettone artisanal Figue blanche du Cilento et raisins secs de Corinthe - Ammore\",\"isPartOf\":{\"@id\":\"https:\/\/www.ammore.online\/es\/#website\"},\"datePublished\":\"2023-11-05T16:01:58+00:00\",\"dateModified\":\"2023-11-05T16:32:49+00:00\",\"breadcrumb\":{\"@id\":\"https:\/\/www.ammore.online\/prodotto\/cappelliera-panettone-artigianale-fico-bianco-del-cilento-e-uvetta-corinto-copia\/#breadcrumb\"},\"inLanguage\":\"fr-FR\",\"potentialAction\":[{\"@type\":\"ReadAction\",\"target\":[\"https:\/\/www.ammore.online\/prodotto\/cappelliera-panettone-artigianale-fico-bianco-del-cilento-e-uvetta-corinto-copia\/\"]}]},{\"@type\":\"BreadcrumbList\",\"@id\":\"https:\/\/www.ammore.online\/prodotto\/cappelliera-panettone-artigianale-fico-bianco-del-cilento-e-uvetta-corinto-copia\/#breadcrumb\",\"itemListElement\":[{\"@type\":\"ListItem\",\"position\":1,\"name\":\"Home\",\"item\":\"https:\/\/www.ammore.online\/fr\/\"},{\"@type\":\"ListItem\",\"position\":2,\"name\":\"Boutique\",\"item\":\"https:\/\/www.ammore.online\/fr\/boutique\/\"},{\"@type\":\"ListItem\",\"position\":3,\"name\":\"Panettone artisanal &lt;br&gt; Figue blanche du Cilento et raisins secs de Corinthe\"}]},{\"@type\":\"WebSite\",\"@id\":\"https:\/\/www.ammore.online\/es\/#website\",\"url\":\"https:\/\/www.ammore.online\/es\/\",\"name\":\"Ammore\",\"description\":\"Il gusto della tradizione\",\"publisher\":{\"@id\":\"https:\/\/www.ammore.online\/es\/#organization\"},\"potentialAction\":[{\"@type\":\"SearchAction\",\"target\":{\"@type\":\"EntryPoint\",\"urlTemplate\":\"https:\/\/www.ammore.online\/es\/?s={search_term_string}\"},\"query-input\":{\"@type\":\"PropertyValueSpecification\",\"valueRequired\":true,\"valueName\":\"search_term_string\"}}],\"inLanguage\":\"fr-FR\"},{\"@type\":\"Organization\",\"@id\":\"https:\/\/www.ammore.online\/es\/#organization\",\"name\":\"Ammore\",\"url\":\"https:\/\/www.ammore.online\/es\/\",\"logo\":{\"@type\":\"ImageObject\",\"inLanguage\":\"fr-FR\",\"@id\":\"https:\/\/www.ammore.online\/es\/#\/schema\/logo\/image\/\",\"url\":\"https:\/\/www.ammore.online\/wp-content\/uploads\/2023\/10\/cropped-cropped-Ammore_logo.png\",\"contentUrl\":\"https:\/\/www.ammore.online\/wp-content\/uploads\/2023\/10\/cropped-cropped-Ammore_logo.png\",\"width\":1411,\"height\":393,\"caption\":\"Ammore\"},\"image\":{\"@id\":\"https:\/\/www.ammore.online\/es\/#\/schema\/logo\/image\/\"},\"sameAs\":[\"https:\/\/www.facebook.com\/ammore.official\",\"https:\/\/www.instagram.com\/ammore_official\"]}]}<\/script>\n<!-- \/ Yoast SEO plugin. -->","yoast_head_json":{"title":"Panettone artisanal  Figue blanche du Cilento et raisins secs de Corinthe - Ammore","robots":{"index":"index","follow":"follow","max-snippet":"max-snippet:-1","max-image-preview":"max-image-preview:large","max-video-preview":"max-video-preview:-1"},"canonical":"https:\/\/www.ammore.online\/prodotto\/cappelliera-panettone-artigianale-fico-bianco-del-cilento-e-uvetta-corinto-copia\/","og_locale":"fr_FR","og_type":"article","og_title":"Panettone artisanal  Figue blanche du Cilento et raisins secs de Corinthe - Ammore","og_description":"Le savoir-faire artisanal de ce panettone est assur\u00e9 par une lev\u00e9e naturelle et une recette extr\u00eamement traditionnelle. Un produit sp\u00e9cial, compos\u00e9 de levain, de farines fines, de beurre de Bretagne et d'\u0153ufs de premi\u00e8re qualit\u00e9 dont la saveur est enrichie par la pr\u00e9sence une vanille Bourbon de Madagascar mais surtout la figue blanche s\u00e9ch\u00e9e du Cilento Dop et les raisins Corinto.  Format 1 kg\u00a0\u2013\u00a0Le panettone est emball\u00e9 dans une \u00e9l\u00e9gante bo\u00eete \u00e0 chapeau","og_url":"https:\/\/www.ammore.online\/prodotto\/cappelliera-panettone-artigianale-fico-bianco-del-cilento-e-uvetta-corinto-copia\/","og_site_name":"Ammore","article_publisher":"https:\/\/www.facebook.com\/ammore.official","article_modified_time":"2023-11-05T16:32:49+00:00","twitter_card":"summary_large_image","twitter_misc":{"Dur\u00e9e de lecture estim\u00e9e":"1 minute"},"schema":{"@context":"https:\/\/schema.org","@graph":[{"@type":"WebPage","@id":"https:\/\/www.ammore.online\/prodotto\/cappelliera-panettone-artigianale-fico-bianco-del-cilento-e-uvetta-corinto-copia\/","url":"https:\/\/www.ammore.online\/prodotto\/cappelliera-panettone-artigianale-fico-bianco-del-cilento-e-uvetta-corinto-copia\/","name":"Panettone artisanal Figue blanche du Cilento et raisins secs de Corinthe - Ammore","isPartOf":{"@id":"https:\/\/www.ammore.online\/es\/#website"},"datePublished":"2023-11-05T16:01:58+00:00","dateModified":"2023-11-05T16:32:49+00:00","breadcrumb":{"@id":"https:\/\/www.ammore.online\/prodotto\/cappelliera-panettone-artigianale-fico-bianco-del-cilento-e-uvetta-corinto-copia\/#breadcrumb"},"inLanguage":"fr-FR","potentialAction":[{"@type":"ReadAction","target":["https:\/\/www.ammore.online\/prodotto\/cappelliera-panettone-artigianale-fico-bianco-del-cilento-e-uvetta-corinto-copia\/"]}]},{"@type":"BreadcrumbList","@id":"https:\/\/www.ammore.online\/prodotto\/cappelliera-panettone-artigianale-fico-bianco-del-cilento-e-uvetta-corinto-copia\/#breadcrumb","itemListElement":[{"@type":"ListItem","position":1,"name":"Home","item":"https:\/\/www.ammore.online\/fr\/"},{"@type":"ListItem","position":2,"name":"Boutique","item":"https:\/\/www.ammore.online\/fr\/boutique\/"},{"@type":"ListItem","position":3,"name":"Panettone artisanal &lt;br&gt; Figue blanche du Cilento et raisins secs de Corinthe"}]},{"@type":"WebSite","@id":"https:\/\/www.ammore.online\/es\/#website","url":"https:\/\/www.ammore.online\/es\/","name":"Ammore","description":"Il gusto della tradizione","publisher":{"@id":"https:\/\/www.ammore.online\/es\/#organization"},"potentialAction":[{"@type":"SearchAction","target":{"@type":"EntryPoint","urlTemplate":"https:\/\/www.ammore.online\/es\/?s={search_term_string}"},"query-input":{"@type":"PropertyValueSpecification","valueRequired":true,"valueName":"search_term_string"}}],"inLanguage":"fr-FR"},{"@type":"Organization","@id":"https:\/\/www.ammore.online\/es\/#organization","name":"Ammore","url":"https:\/\/www.ammore.online\/es\/","logo":{"@type":"ImageObject","inLanguage":"fr-FR","@id":"https:\/\/www.ammore.online\/es\/#\/schema\/logo\/image\/","url":"https:\/\/www.ammore.online\/wp-content\/uploads\/2023\/10\/cropped-cropped-Ammore_logo.png","contentUrl":"https:\/\/www.ammore.online\/wp-content\/uploads\/2023\/10\/cropped-cropped-Ammore_logo.png","width":1411,"height":393,"caption":"Ammore"},"image":{"@id":"https:\/\/www.ammore.online\/es\/#\/schema\/logo\/image\/"},"sameAs":["https:\/\/www.facebook.com\/ammore.official","https:\/\/www.instagram.com\/ammore_official"]}]}},"_links":{"self":[{"href":"https:\/\/www.ammore.online\/fr\/wp-json\/wp\/v2\/product\/3731","targetHints":{"allow":["GET"]}}],"collection":[{"href":"https:\/\/www.ammore.online\/fr\/wp-json\/wp\/v2\/product"}],"about":[{"href":"https:\/\/www.ammore.online\/fr\/wp-json\/wp\/v2\/types\/product"}],"wp:attachment":[{"href":"https:\/\/www.ammore.online\/fr\/wp-json\/wp\/v2\/media?parent=3731"}],"wp:term":[{"taxonomy":"product_cat","embeddable":true,"href":"https:\/\/www.ammore.online\/fr\/wp-json\/wp\/v2\/product_cat?post=3731"},{"taxonomy":"product_tag","embeddable":true,"href":"https:\/\/www.ammore.online\/fr\/wp-json\/wp\/v2\/product_tag?post=3731"}],"curies":[{"name":"wp","href":"https:\/\/api.w.org\/{rel}","templated":true}]}}