{"id":3669,"date":"2023-10-11T18:31:22","date_gmt":"2023-10-11T18:31:22","guid":{"rendered":"https:\/\/www.ammore.online\/?post_type=product&#038;p=3669"},"modified":"2025-09-26T14:44:00","modified_gmt":"2025-09-26T14:44:00","slug":"cappelliera-duetto-panettone-artisanal-figue-santomiele-et-raisins-de-corinthe","status":"publish","type":"product","link":"https:\/\/www.ammore.online\/fr\/prodotto\/cappelliera-duetto-panettone-artisanal-figue-santomiele-et-raisins-de-corinthe\/","title":{"rendered":"Duetto Sapori del Cilento"},"content":{"rendered":"<p><strong>Ingr\u00e9dients<\/strong>: Farine de <strong>bl\u00e9<\/strong> (<strong>bl\u00e9<\/strong> tendre), <strong>beurre<\/strong>, eau, jaune d&#8217;<strong>\u0153uf<\/strong> frais, figues blanches s\u00e9ch\u00e9es (10 %), mandarines confites (10 %) (\u00e9corces de mandrin, sirop de glucose-fructose, sucre), levure naturelle (farine de <strong>bl\u00e9<\/strong>), fructose, miel, sucre, beurre de cacao, vanille Bourbon, sel, dextrose, correcteur d&#8217;acidit\u00e9 : acide citrique. Peut contenir des traces de<strong> fruits \u00e0 coque<\/strong>, de <strong>soja<\/strong> et de<strong> moutarde<\/strong>. \u00c0 conserver dans un endroit frais et sec. Produit sujet \u00e0 perte de poids. Fabriqu\u00e9 en Italie.<\/p>\n","protected":false},"excerpt":{"rendered":"<p>Un emballage totalement nouveau, \u00e9l\u00e9gant et raffin\u00e9, qui contient le panettone <strong>Cilento White Fico<\/strong> et <strong>Mandarines<\/strong>, un pot de figues naturelles, s\u00e9ch\u00e9es au soleil et au vent, du pr\u00e9cieux cultivar<strong> Fico Bianco<\/strong> del <strong>Cilento DOP<\/strong>, de la soci\u00e9t\u00e9 <strong>Il Fico di Adamo<\/strong>, parfaites pour accompagner nos produits au levain de mani\u00e8re<br \/>\nsuperlative.<\/p>\n<p><strong>Format 1 kg<\/strong> &#8211; <strong>Le panettone et un pot de figues sont emball\u00e9s dans une \u00e9l\u00e9gante bo\u00eete \u00e0 chapeau<\/strong><\/p>\n<table border=\"0\">\n<tbody>\n<tr>\n<td><img loading=\"lazy\" decoding=\"async\" class=\"alignnone wp-image-685\" src=\"https:\/\/www.ammore.online\/wp-content\/uploads\/2022\/08\/Ingredienti_artigianale-fr.png\" alt=\"\" width=\"197\" height=\"82\" \/><\/td>\n<td><img loading=\"lazy\" decoding=\"async\" class=\"alignnone size-medium wp-image-578\" src=\"https:\/\/www.ammore.online\/wp-content\/uploads\/2022\/08\/Ingredienti_lievito-fr.png\" alt=\"\" width=\"197\" height=\"82\" \/><\/td>\n<td><img loading=\"lazy\" decoding=\"async\" class=\"alignnone size-medium wp-image-583\" src=\"https:\/\/www.ammore.online\/wp-content\/uploads\/2022\/08\/Ingredienti_naturale-fr.png\" alt=\"\" width=\"197\" height=\"82\" \/><\/td>\n<\/tr>\n<tr>\n<td><img loading=\"lazy\" decoding=\"async\" class=\"alignnone size-medium wp-image-593\" src=\"https:\/\/www.ammore.online\/wp-content\/uploads\/2022\/08\/Ingredienti_no_palma-fr.png\" alt=\"\" width=\"197\" height=\"82\" \/><\/td>\n<td><img loading=\"lazy\" decoding=\"async\" class=\"alignnone size-medium wp-image-588\" src=\"https:\/\/www.ammore.online\/wp-content\/uploads\/2022\/08\/Ingredienti_no_grassi-fr.png\" alt=\"\" width=\"197\" height=\"82\" \/><\/td>\n<td><img loading=\"lazy\" decoding=\"async\" class=\"alignnone size-medium wp-image-573\" src=\"https:\/\/www.ammore.online\/wp-content\/uploads\/2022\/08\/Ingredienti_clip-fr.png\" alt=\"\" width=\"197\" height=\"82\" \/><\/td>\n<\/tr>\n<\/tbody>\n<\/table>\n","protected":false},"featured_media":5679,"template":"","meta":{"_genesis_hide_title":false,"_genesis_hide_breadcrumbs":false,"_genesis_hide_singular_image":false,"_genesis_hide_footer_widgets":false,"_genesis_custom_body_class":"","_genesis_custom_post_class":"","_genesis_layout":""},"product_cat":[159,185],"product_tag":[],"class_list":{"0":"post-3669","1":"product","2":"type-product","3":"status-publish","4":"has-post-thumbnail","6":"product_cat-cappelliera-fr","7":"product_cat-duetto-fr","8":"entry","10":"first","11":"outofstock","12":"shipping-taxable","13":"purchasable","14":"product-type-simple"},"yoast_head":"<!-- This site is optimized with the Yoast SEO plugin v23.7 - https:\/\/yoast.com\/wordpress\/plugins\/seo\/ -->\n<title>Duetto Sapori del Cilento - Ammore<\/title>\n<meta name=\"robots\" content=\"index, follow, max-snippet:-1, max-image-preview:large, max-video-preview:-1\" \/>\n<link rel=\"canonical\" href=\"https:\/\/www.ammore.online\/fr\/prodotto\/cappelliera-duetto-panettone-artisanal-figue-santomiele-et-raisins-de-corinthe\/\" \/>\n<meta property=\"og:locale\" content=\"fr_FR\" \/>\n<meta property=\"og:type\" content=\"article\" \/>\n<meta property=\"og:title\" content=\"Duetto Sapori del Cilento - Ammore\" \/>\n<meta property=\"og:description\" content=\"Un emballage totalement nouveau, \u00e9l\u00e9gant et raffin\u00e9, qui contient le panettone Cilento White Fico et Mandarines, un pot de figues naturelles, s\u00e9ch\u00e9es au soleil et au vent, du pr\u00e9cieux cultivar Fico Bianco del Cilento DOP, de la soci\u00e9t\u00e9 Il Fico di Adamo, parfaites pour accompagner nos produits au levain de mani\u00e8re superlative.  Format 1 kg - Le panettone et un pot de figues sont emball\u00e9s dans une \u00e9l\u00e9gante bo\u00eete \u00e0 chapeau\" \/>\n<meta property=\"og:url\" content=\"https:\/\/www.ammore.online\/fr\/prodotto\/cappelliera-duetto-panettone-artisanal-figue-santomiele-et-raisins-de-corinthe\/\" \/>\n<meta property=\"og:site_name\" content=\"Ammore\" \/>\n<meta property=\"article:publisher\" content=\"https:\/\/www.facebook.com\/ammore.official\" \/>\n<meta property=\"article:modified_time\" content=\"2025-09-26T14:44:00+00:00\" \/>\n<meta name=\"twitter:card\" content=\"summary_large_image\" \/>\n<meta name=\"twitter:label1\" content=\"Dur\u00e9e de lecture estim\u00e9e\" \/>\n\t<meta name=\"twitter:data1\" content=\"1 minute\" \/>\n<script type=\"application\/ld+json\" class=\"yoast-schema-graph\">{\"@context\":\"https:\/\/schema.org\",\"@graph\":[{\"@type\":\"WebPage\",\"@id\":\"https:\/\/www.ammore.online\/fr\/prodotto\/cappelliera-duetto-panettone-artisanal-figue-santomiele-et-raisins-de-corinthe\/\",\"url\":\"https:\/\/www.ammore.online\/fr\/prodotto\/cappelliera-duetto-panettone-artisanal-figue-santomiele-et-raisins-de-corinthe\/\",\"name\":\"Duetto Sapori del Cilento - Ammore\",\"isPartOf\":{\"@id\":\"https:\/\/www.ammore.online\/es\/#website\"},\"primaryImageOfPage\":{\"@id\":\"https:\/\/www.ammore.online\/fr\/prodotto\/cappelliera-duetto-panettone-artisanal-figue-santomiele-et-raisins-de-corinthe\/#primaryimage\"},\"image\":{\"@id\":\"https:\/\/www.ammore.online\/fr\/prodotto\/cappelliera-duetto-panettone-artisanal-figue-santomiele-et-raisins-de-corinthe\/#primaryimage\"},\"thumbnailUrl\":\"https:\/\/www.ammore.online\/wp-content\/uploads\/2025\/10\/Duetto-fichi-1.jpg\",\"datePublished\":\"2023-10-11T18:31:22+00:00\",\"dateModified\":\"2025-09-26T14:44:00+00:00\",\"breadcrumb\":{\"@id\":\"https:\/\/www.ammore.online\/fr\/prodotto\/cappelliera-duetto-panettone-artisanal-figue-santomiele-et-raisins-de-corinthe\/#breadcrumb\"},\"inLanguage\":\"fr-FR\",\"potentialAction\":[{\"@type\":\"ReadAction\",\"target\":[\"https:\/\/www.ammore.online\/fr\/prodotto\/cappelliera-duetto-panettone-artisanal-figue-santomiele-et-raisins-de-corinthe\/\"]}]},{\"@type\":\"ImageObject\",\"inLanguage\":\"fr-FR\",\"@id\":\"https:\/\/www.ammore.online\/fr\/prodotto\/cappelliera-duetto-panettone-artisanal-figue-santomiele-et-raisins-de-corinthe\/#primaryimage\",\"url\":\"https:\/\/www.ammore.online\/wp-content\/uploads\/2025\/10\/Duetto-fichi-1.jpg\",\"contentUrl\":\"https:\/\/www.ammore.online\/wp-content\/uploads\/2025\/10\/Duetto-fichi-1.jpg\",\"width\":1417,\"height\":1417},{\"@type\":\"BreadcrumbList\",\"@id\":\"https:\/\/www.ammore.online\/fr\/prodotto\/cappelliera-duetto-panettone-artisanal-figue-santomiele-et-raisins-de-corinthe\/#breadcrumb\",\"itemListElement\":[{\"@type\":\"ListItem\",\"position\":1,\"name\":\"Home\",\"item\":\"https:\/\/www.ammore.online\/fr\/\"},{\"@type\":\"ListItem\",\"position\":2,\"name\":\"Boutique\",\"item\":\"https:\/\/www.ammore.online\/fr\/boutique\/\"},{\"@type\":\"ListItem\",\"position\":3,\"name\":\"Duetto Sapori del Cilento\"}]},{\"@type\":\"WebSite\",\"@id\":\"https:\/\/www.ammore.online\/es\/#website\",\"url\":\"https:\/\/www.ammore.online\/es\/\",\"name\":\"Ammore\",\"description\":\"Il gusto della tradizione\",\"publisher\":{\"@id\":\"https:\/\/www.ammore.online\/es\/#organization\"},\"potentialAction\":[{\"@type\":\"SearchAction\",\"target\":{\"@type\":\"EntryPoint\",\"urlTemplate\":\"https:\/\/www.ammore.online\/es\/?s={search_term_string}\"},\"query-input\":{\"@type\":\"PropertyValueSpecification\",\"valueRequired\":true,\"valueName\":\"search_term_string\"}}],\"inLanguage\":\"fr-FR\"},{\"@type\":\"Organization\",\"@id\":\"https:\/\/www.ammore.online\/es\/#organization\",\"name\":\"Ammore\",\"url\":\"https:\/\/www.ammore.online\/es\/\",\"logo\":{\"@type\":\"ImageObject\",\"inLanguage\":\"fr-FR\",\"@id\":\"https:\/\/www.ammore.online\/es\/#\/schema\/logo\/image\/\",\"url\":\"https:\/\/www.ammore.online\/wp-content\/uploads\/2023\/10\/cropped-cropped-Ammore_logo.png\",\"contentUrl\":\"https:\/\/www.ammore.online\/wp-content\/uploads\/2023\/10\/cropped-cropped-Ammore_logo.png\",\"width\":1411,\"height\":393,\"caption\":\"Ammore\"},\"image\":{\"@id\":\"https:\/\/www.ammore.online\/es\/#\/schema\/logo\/image\/\"},\"sameAs\":[\"https:\/\/www.facebook.com\/ammore.official\",\"https:\/\/www.instagram.com\/ammore_official\"]}]}<\/script>\n<!-- \/ Yoast SEO plugin. -->","yoast_head_json":{"title":"Duetto Sapori del Cilento - Ammore","robots":{"index":"index","follow":"follow","max-snippet":"max-snippet:-1","max-image-preview":"max-image-preview:large","max-video-preview":"max-video-preview:-1"},"canonical":"https:\/\/www.ammore.online\/fr\/prodotto\/cappelliera-duetto-panettone-artisanal-figue-santomiele-et-raisins-de-corinthe\/","og_locale":"fr_FR","og_type":"article","og_title":"Duetto Sapori del Cilento - Ammore","og_description":"Un emballage totalement nouveau, \u00e9l\u00e9gant et raffin\u00e9, qui contient le panettone Cilento White Fico et Mandarines, un pot de figues naturelles, s\u00e9ch\u00e9es au soleil et au vent, du pr\u00e9cieux cultivar Fico Bianco del Cilento DOP, de la soci\u00e9t\u00e9 Il Fico di Adamo, parfaites pour accompagner nos produits au levain de mani\u00e8re superlative.  Format 1 kg - Le panettone et un pot de figues sont emball\u00e9s dans une \u00e9l\u00e9gante bo\u00eete \u00e0 chapeau","og_url":"https:\/\/www.ammore.online\/fr\/prodotto\/cappelliera-duetto-panettone-artisanal-figue-santomiele-et-raisins-de-corinthe\/","og_site_name":"Ammore","article_publisher":"https:\/\/www.facebook.com\/ammore.official","article_modified_time":"2025-09-26T14:44:00+00:00","twitter_card":"summary_large_image","twitter_misc":{"Dur\u00e9e de lecture estim\u00e9e":"1 minute"},"schema":{"@context":"https:\/\/schema.org","@graph":[{"@type":"WebPage","@id":"https:\/\/www.ammore.online\/fr\/prodotto\/cappelliera-duetto-panettone-artisanal-figue-santomiele-et-raisins-de-corinthe\/","url":"https:\/\/www.ammore.online\/fr\/prodotto\/cappelliera-duetto-panettone-artisanal-figue-santomiele-et-raisins-de-corinthe\/","name":"Duetto Sapori del Cilento - Ammore","isPartOf":{"@id":"https:\/\/www.ammore.online\/es\/#website"},"primaryImageOfPage":{"@id":"https:\/\/www.ammore.online\/fr\/prodotto\/cappelliera-duetto-panettone-artisanal-figue-santomiele-et-raisins-de-corinthe\/#primaryimage"},"image":{"@id":"https:\/\/www.ammore.online\/fr\/prodotto\/cappelliera-duetto-panettone-artisanal-figue-santomiele-et-raisins-de-corinthe\/#primaryimage"},"thumbnailUrl":"https:\/\/www.ammore.online\/wp-content\/uploads\/2025\/10\/Duetto-fichi-1.jpg","datePublished":"2023-10-11T18:31:22+00:00","dateModified":"2025-09-26T14:44:00+00:00","breadcrumb":{"@id":"https:\/\/www.ammore.online\/fr\/prodotto\/cappelliera-duetto-panettone-artisanal-figue-santomiele-et-raisins-de-corinthe\/#breadcrumb"},"inLanguage":"fr-FR","potentialAction":[{"@type":"ReadAction","target":["https:\/\/www.ammore.online\/fr\/prodotto\/cappelliera-duetto-panettone-artisanal-figue-santomiele-et-raisins-de-corinthe\/"]}]},{"@type":"ImageObject","inLanguage":"fr-FR","@id":"https:\/\/www.ammore.online\/fr\/prodotto\/cappelliera-duetto-panettone-artisanal-figue-santomiele-et-raisins-de-corinthe\/#primaryimage","url":"https:\/\/www.ammore.online\/wp-content\/uploads\/2025\/10\/Duetto-fichi-1.jpg","contentUrl":"https:\/\/www.ammore.online\/wp-content\/uploads\/2025\/10\/Duetto-fichi-1.jpg","width":1417,"height":1417},{"@type":"BreadcrumbList","@id":"https:\/\/www.ammore.online\/fr\/prodotto\/cappelliera-duetto-panettone-artisanal-figue-santomiele-et-raisins-de-corinthe\/#breadcrumb","itemListElement":[{"@type":"ListItem","position":1,"name":"Home","item":"https:\/\/www.ammore.online\/fr\/"},{"@type":"ListItem","position":2,"name":"Boutique","item":"https:\/\/www.ammore.online\/fr\/boutique\/"},{"@type":"ListItem","position":3,"name":"Duetto Sapori del Cilento"}]},{"@type":"WebSite","@id":"https:\/\/www.ammore.online\/es\/#website","url":"https:\/\/www.ammore.online\/es\/","name":"Ammore","description":"Il gusto della tradizione","publisher":{"@id":"https:\/\/www.ammore.online\/es\/#organization"},"potentialAction":[{"@type":"SearchAction","target":{"@type":"EntryPoint","urlTemplate":"https:\/\/www.ammore.online\/es\/?s={search_term_string}"},"query-input":{"@type":"PropertyValueSpecification","valueRequired":true,"valueName":"search_term_string"}}],"inLanguage":"fr-FR"},{"@type":"Organization","@id":"https:\/\/www.ammore.online\/es\/#organization","name":"Ammore","url":"https:\/\/www.ammore.online\/es\/","logo":{"@type":"ImageObject","inLanguage":"fr-FR","@id":"https:\/\/www.ammore.online\/es\/#\/schema\/logo\/image\/","url":"https:\/\/www.ammore.online\/wp-content\/uploads\/2023\/10\/cropped-cropped-Ammore_logo.png","contentUrl":"https:\/\/www.ammore.online\/wp-content\/uploads\/2023\/10\/cropped-cropped-Ammore_logo.png","width":1411,"height":393,"caption":"Ammore"},"image":{"@id":"https:\/\/www.ammore.online\/es\/#\/schema\/logo\/image\/"},"sameAs":["https:\/\/www.facebook.com\/ammore.official","https:\/\/www.instagram.com\/ammore_official"]}]}},"_links":{"self":[{"href":"https:\/\/www.ammore.online\/fr\/wp-json\/wp\/v2\/product\/3669","targetHints":{"allow":["GET"]}}],"collection":[{"href":"https:\/\/www.ammore.online\/fr\/wp-json\/wp\/v2\/product"}],"about":[{"href":"https:\/\/www.ammore.online\/fr\/wp-json\/wp\/v2\/types\/product"}],"wp:featuredmedia":[{"embeddable":true,"href":"https:\/\/www.ammore.online\/fr\/wp-json\/wp\/v2\/media\/5679"}],"wp:attachment":[{"href":"https:\/\/www.ammore.online\/fr\/wp-json\/wp\/v2\/media?parent=3669"}],"wp:term":[{"taxonomy":"product_cat","embeddable":true,"href":"https:\/\/www.ammore.online\/fr\/wp-json\/wp\/v2\/product_cat?post=3669"},{"taxonomy":"product_tag","embeddable":true,"href":"https:\/\/www.ammore.online\/fr\/wp-json\/wp\/v2\/product_tag?post=3669"}],"curies":[{"name":"wp","href":"https:\/\/api.w.org\/{rel}","templated":true}]}}