{"id":2860,"date":"2023-08-23T15:49:58","date_gmt":"2023-08-23T15:49:58","guid":{"rendered":"https:\/\/www.ammore.online\/?post_type=product&#038;p=2860"},"modified":"2023-09-15T17:02:34","modified_gmt":"2023-09-15T17:02:34","slug":"panettone-artisanal-abricots-du-vesuve-3-kg","status":"publish","type":"product","link":"https:\/\/www.ammore.online\/fr\/prodotto\/panettone-artisanal-abricots-du-vesuve-3-kg\/","title":{"rendered":"Panettone artisanal <br> Abricots du V\u00e9suve"},"content":{"rendered":"<p><strong>Ingr\u00e9dients<\/strong>: Farine de<strong> bl\u00e9<\/strong> (<strong>bl\u00e9<\/strong> tendre),<strong> beurre<\/strong>, abricots confits (abricots (60%), sucre, sirop de glucose), jaune <strong>d&#8217;oeufs<\/strong> frais,<strong> beurre<\/strong> de cacao, sucre, fructose, levure naturel (farine de<strong> bl\u00e9<\/strong>), dextrose, ar\u00f4mes et sel, miel, vanilla Bourbon, r\u00e9gulateur d&#8217;acidit\u00e9 : acide citrique. Peut contenir des traces de <strong>fruits \u00e0 coque<\/strong>, de <strong>soja<\/strong> et de <strong>moutarde<\/strong>. Conserver dans un lieu frais et sec. Produit sujet \u00e0 une perte de poids. Produit en Italie.<\/p>\n","protected":false},"excerpt":{"rendered":"<p><strong>La fabrication des produits au levain Magnum est r\u00e9alis\u00e9e sur commande. Il faut donc rajouter 10 jours aux d\u00e9lais normaux d&#8217;exp\u00e9dition pour la pr\u00e9paration du produit.<\/strong><\/p>\n<p>Le savoir-faire artisanal de ce panettone est assur\u00e9 par une lev\u00e9e naturelle et une recette extr\u00eamement traditionnelle. Un produit sp\u00e9cial, compos\u00e9 de levain, de farines fines, de beurre breton et d&#8217;\u0153ufs de premi\u00e8re qualit\u00e9 dont la saveur est enrichie par la pr\u00e9sence de<strong> vanille Bourbon de Madagascar<\/strong> et surtout <strong>d&#8217;abricots<\/strong> Agrimontana <strong>Pellecchielle del Vesuvio<\/strong> confits.<\/p>\n<p><strong>Format 3 kg<\/strong> &#8211;<strong> Fabriqu\u00e9 \u00e0 la main dans des tissus de No\u00ebl\u00a0<\/strong><\/p>\n<table border=\"0\">\n<tbody>\n<tr>\n<td><img loading=\"lazy\" decoding=\"async\" class=\"alignnone wp-image-685\" src=\"https:\/\/www.ammore.online\/wp-content\/uploads\/2022\/08\/Ingredienti_artigianale-fr.png\" alt=\"\" width=\"197\" height=\"82\" \/><\/td>\n<td><img loading=\"lazy\" decoding=\"async\" class=\"alignnone size-medium wp-image-578\" src=\"https:\/\/www.ammore.online\/wp-content\/uploads\/2022\/08\/Ingredienti_lievito-fr.png\" alt=\"\" width=\"197\" height=\"82\" \/><\/td>\n<td><img loading=\"lazy\" decoding=\"async\" class=\"alignnone size-medium wp-image-583\" src=\"https:\/\/www.ammore.online\/wp-content\/uploads\/2022\/08\/Ingredienti_naturale-fr.png\" alt=\"\" width=\"197\" height=\"82\" \/><\/td>\n<\/tr>\n<tr>\n<td><img loading=\"lazy\" decoding=\"async\" class=\"alignnone size-medium wp-image-593\" src=\"https:\/\/www.ammore.online\/wp-content\/uploads\/2022\/08\/Ingredienti_no_palma-fr.png\" alt=\"\" width=\"197\" height=\"82\" \/><\/td>\n<td><img loading=\"lazy\" decoding=\"async\" class=\"alignnone size-medium wp-image-588\" src=\"https:\/\/www.ammore.online\/wp-content\/uploads\/2022\/08\/Ingredienti_no_grassi-fr.png\" alt=\"\" width=\"197\" height=\"82\" \/><\/td>\n<td><img loading=\"lazy\" decoding=\"async\" class=\"alignnone size-medium wp-image-573\" src=\"https:\/\/www.ammore.online\/wp-content\/uploads\/2022\/08\/Ingredienti_clip-fr.png\" alt=\"\" width=\"197\" height=\"82\" \/><\/td>\n<\/tr>\n<\/tbody>\n<\/table>\n","protected":false},"featured_media":0,"template":"","meta":{"_genesis_hide_title":false,"_genesis_hide_breadcrumbs":false,"_genesis_hide_singular_image":false,"_genesis_hide_footer_widgets":false,"_genesis_custom_body_class":"","_genesis_custom_post_class":"","_genesis_layout":""},"product_cat":[60,91],"product_tag":[],"class_list":{"0":"post-2860","1":"product","2":"type-product","3":"status-publish","5":"product_cat-noel","6":"product_cat-magnum","7":"product_shipping_class-free-fr","8":"entry","10":"first","11":"outofstock","12":"shipping-taxable","13":"purchasable","14":"product-type-simple"},"yoast_head":"<!-- This site is optimized with the Yoast SEO plugin v23.7 - https:\/\/yoast.com\/wordpress\/plugins\/seo\/ -->\n<title>Panettone artisanal  Abricots du V\u00e9suve - Ammore<\/title>\n<meta name=\"robots\" content=\"index, follow, max-snippet:-1, max-image-preview:large, max-video-preview:-1\" \/>\n<link rel=\"canonical\" href=\"https:\/\/www.ammore.online\/?post_type=product&p=2856\" \/>\n<meta property=\"og:locale\" content=\"fr_FR\" \/>\n<meta property=\"og:type\" content=\"article\" \/>\n<meta property=\"og:title\" content=\"Panettone artisanal  Abricots du V\u00e9suve - Ammore\" \/>\n<meta property=\"og:description\" content=\"La fabrication des produits au levain Magnum est r\u00e9alis\u00e9e sur commande. Il faut donc rajouter 10 jours aux d\u00e9lais normaux d&#039;exp\u00e9dition pour la pr\u00e9paration du produit.  Le savoir-faire artisanal de ce panettone est assur\u00e9 par une lev\u00e9e naturelle et une recette extr\u00eamement traditionnelle. Un produit sp\u00e9cial, compos\u00e9 de levain, de farines fines, de beurre breton et d&#039;\u0153ufs de premi\u00e8re qualit\u00e9 dont la saveur est enrichie par la pr\u00e9sence de vanille Bourbon de Madagascar et surtout d&#039;abricots Agrimontana Pellecchielle del Vesuvio confits.  Format 3 kg - Fabriqu\u00e9 \u00e0 la main dans des tissus de No\u00ebl\u00a0\" \/>\n<meta property=\"og:url\" content=\"https:\/\/www.ammore.online\/?post_type=product&amp;p=2856\" \/>\n<meta property=\"og:site_name\" content=\"Ammore\" \/>\n<meta property=\"article:publisher\" content=\"https:\/\/www.facebook.com\/ammore.official\" \/>\n<meta property=\"article:modified_time\" content=\"2023-09-15T17:02:34+00:00\" \/>\n<meta name=\"twitter:card\" content=\"summary_large_image\" \/>\n<meta name=\"twitter:label1\" content=\"Dur\u00e9e de lecture estim\u00e9e\" \/>\n\t<meta name=\"twitter:data1\" content=\"1 minute\" \/>\n<script type=\"application\/ld+json\" class=\"yoast-schema-graph\">{\"@context\":\"https:\/\/schema.org\",\"@graph\":[{\"@type\":\"WebPage\",\"@id\":\"https:\/\/www.ammore.online\/?post_type=product&p=2856\",\"url\":\"https:\/\/www.ammore.online\/?post_type=product&p=2856\",\"name\":\"Panettone artisanal Abricots du V\u00e9suve - Ammore\",\"isPartOf\":{\"@id\":\"https:\/\/www.ammore.online\/es\/#website\"},\"datePublished\":\"2023-08-23T15:49:58+00:00\",\"dateModified\":\"2023-09-15T17:02:34+00:00\",\"breadcrumb\":{\"@id\":\"https:\/\/www.ammore.online\/?post_type=product&p=2856#breadcrumb\"},\"inLanguage\":\"fr-FR\",\"potentialAction\":[{\"@type\":\"ReadAction\",\"target\":[\"https:\/\/www.ammore.online\/?post_type=product&p=2856\"]}]},{\"@type\":\"BreadcrumbList\",\"@id\":\"https:\/\/www.ammore.online\/?post_type=product&p=2856#breadcrumb\",\"itemListElement\":[{\"@type\":\"ListItem\",\"position\":1,\"name\":\"Home\",\"item\":\"https:\/\/www.ammore.online\/fr\/\"},{\"@type\":\"ListItem\",\"position\":2,\"name\":\"Boutique\",\"item\":\"https:\/\/www.ammore.online\/fr\/boutique\/\"},{\"@type\":\"ListItem\",\"position\":3,\"name\":\"Panettone artisanal &lt;br&gt; Abricots du V\u00e9suve\"}]},{\"@type\":\"WebSite\",\"@id\":\"https:\/\/www.ammore.online\/es\/#website\",\"url\":\"https:\/\/www.ammore.online\/es\/\",\"name\":\"Ammore\",\"description\":\"Il gusto della tradizione\",\"publisher\":{\"@id\":\"https:\/\/www.ammore.online\/es\/#organization\"},\"potentialAction\":[{\"@type\":\"SearchAction\",\"target\":{\"@type\":\"EntryPoint\",\"urlTemplate\":\"https:\/\/www.ammore.online\/es\/?s={search_term_string}\"},\"query-input\":{\"@type\":\"PropertyValueSpecification\",\"valueRequired\":true,\"valueName\":\"search_term_string\"}}],\"inLanguage\":\"fr-FR\"},{\"@type\":\"Organization\",\"@id\":\"https:\/\/www.ammore.online\/es\/#organization\",\"name\":\"Ammore\",\"url\":\"https:\/\/www.ammore.online\/es\/\",\"logo\":{\"@type\":\"ImageObject\",\"inLanguage\":\"fr-FR\",\"@id\":\"https:\/\/www.ammore.online\/es\/#\/schema\/logo\/image\/\",\"url\":\"https:\/\/www.ammore.online\/wp-content\/uploads\/2023\/10\/cropped-cropped-Ammore_logo.png\",\"contentUrl\":\"https:\/\/www.ammore.online\/wp-content\/uploads\/2023\/10\/cropped-cropped-Ammore_logo.png\",\"width\":1411,\"height\":393,\"caption\":\"Ammore\"},\"image\":{\"@id\":\"https:\/\/www.ammore.online\/es\/#\/schema\/logo\/image\/\"},\"sameAs\":[\"https:\/\/www.facebook.com\/ammore.official\",\"https:\/\/www.instagram.com\/ammore_official\"]}]}<\/script>\n<!-- \/ Yoast SEO plugin. -->","yoast_head_json":{"title":"Panettone artisanal  Abricots du V\u00e9suve - Ammore","robots":{"index":"index","follow":"follow","max-snippet":"max-snippet:-1","max-image-preview":"max-image-preview:large","max-video-preview":"max-video-preview:-1"},"canonical":"https:\/\/www.ammore.online\/?post_type=product&p=2856","og_locale":"fr_FR","og_type":"article","og_title":"Panettone artisanal  Abricots du V\u00e9suve - Ammore","og_description":"La fabrication des produits au levain Magnum est r\u00e9alis\u00e9e sur commande. Il faut donc rajouter 10 jours aux d\u00e9lais normaux d'exp\u00e9dition pour la pr\u00e9paration du produit.  Le savoir-faire artisanal de ce panettone est assur\u00e9 par une lev\u00e9e naturelle et une recette extr\u00eamement traditionnelle. Un produit sp\u00e9cial, compos\u00e9 de levain, de farines fines, de beurre breton et d'\u0153ufs de premi\u00e8re qualit\u00e9 dont la saveur est enrichie par la pr\u00e9sence de vanille Bourbon de Madagascar et surtout d'abricots Agrimontana Pellecchielle del Vesuvio confits.  Format 3 kg - Fabriqu\u00e9 \u00e0 la main dans des tissus de No\u00ebl\u00a0","og_url":"https:\/\/www.ammore.online\/?post_type=product&p=2856","og_site_name":"Ammore","article_publisher":"https:\/\/www.facebook.com\/ammore.official","article_modified_time":"2023-09-15T17:02:34+00:00","twitter_card":"summary_large_image","twitter_misc":{"Dur\u00e9e de lecture estim\u00e9e":"1 minute"},"schema":{"@context":"https:\/\/schema.org","@graph":[{"@type":"WebPage","@id":"https:\/\/www.ammore.online\/?post_type=product&p=2856","url":"https:\/\/www.ammore.online\/?post_type=product&p=2856","name":"Panettone artisanal Abricots du V\u00e9suve - Ammore","isPartOf":{"@id":"https:\/\/www.ammore.online\/es\/#website"},"datePublished":"2023-08-23T15:49:58+00:00","dateModified":"2023-09-15T17:02:34+00:00","breadcrumb":{"@id":"https:\/\/www.ammore.online\/?post_type=product&p=2856#breadcrumb"},"inLanguage":"fr-FR","potentialAction":[{"@type":"ReadAction","target":["https:\/\/www.ammore.online\/?post_type=product&p=2856"]}]},{"@type":"BreadcrumbList","@id":"https:\/\/www.ammore.online\/?post_type=product&p=2856#breadcrumb","itemListElement":[{"@type":"ListItem","position":1,"name":"Home","item":"https:\/\/www.ammore.online\/fr\/"},{"@type":"ListItem","position":2,"name":"Boutique","item":"https:\/\/www.ammore.online\/fr\/boutique\/"},{"@type":"ListItem","position":3,"name":"Panettone artisanal &lt;br&gt; Abricots du V\u00e9suve"}]},{"@type":"WebSite","@id":"https:\/\/www.ammore.online\/es\/#website","url":"https:\/\/www.ammore.online\/es\/","name":"Ammore","description":"Il gusto della tradizione","publisher":{"@id":"https:\/\/www.ammore.online\/es\/#organization"},"potentialAction":[{"@type":"SearchAction","target":{"@type":"EntryPoint","urlTemplate":"https:\/\/www.ammore.online\/es\/?s={search_term_string}"},"query-input":{"@type":"PropertyValueSpecification","valueRequired":true,"valueName":"search_term_string"}}],"inLanguage":"fr-FR"},{"@type":"Organization","@id":"https:\/\/www.ammore.online\/es\/#organization","name":"Ammore","url":"https:\/\/www.ammore.online\/es\/","logo":{"@type":"ImageObject","inLanguage":"fr-FR","@id":"https:\/\/www.ammore.online\/es\/#\/schema\/logo\/image\/","url":"https:\/\/www.ammore.online\/wp-content\/uploads\/2023\/10\/cropped-cropped-Ammore_logo.png","contentUrl":"https:\/\/www.ammore.online\/wp-content\/uploads\/2023\/10\/cropped-cropped-Ammore_logo.png","width":1411,"height":393,"caption":"Ammore"},"image":{"@id":"https:\/\/www.ammore.online\/es\/#\/schema\/logo\/image\/"},"sameAs":["https:\/\/www.facebook.com\/ammore.official","https:\/\/www.instagram.com\/ammore_official"]}]}},"_links":{"self":[{"href":"https:\/\/www.ammore.online\/fr\/wp-json\/wp\/v2\/product\/2860","targetHints":{"allow":["GET"]}}],"collection":[{"href":"https:\/\/www.ammore.online\/fr\/wp-json\/wp\/v2\/product"}],"about":[{"href":"https:\/\/www.ammore.online\/fr\/wp-json\/wp\/v2\/types\/product"}],"wp:attachment":[{"href":"https:\/\/www.ammore.online\/fr\/wp-json\/wp\/v2\/media?parent=2860"}],"wp:term":[{"taxonomy":"product_cat","embeddable":true,"href":"https:\/\/www.ammore.online\/fr\/wp-json\/wp\/v2\/product_cat?post=2860"},{"taxonomy":"product_tag","embeddable":true,"href":"https:\/\/www.ammore.online\/fr\/wp-json\/wp\/v2\/product_tag?post=2860"}],"curies":[{"name":"wp","href":"https:\/\/api.w.org\/{rel}","templated":true}]}}