{"id":2421,"date":"2023-01-31T17:47:51","date_gmt":"2023-01-31T17:47:51","guid":{"rendered":"https:\/\/www.ammore.online\/prodotto\/colomba-fait-a-la-main-avec-creme-de-pistache-recouvert-de-glacage-au-chocolat-noir\/"},"modified":"2023-01-31T17:47:51","modified_gmt":"2023-01-31T17:47:51","slug":"colomba-artigianale-con-crema-al-pistacchio-ricoperta-da-glassa-al-cioccolato-fondente","status":"publish","type":"product","link":"https:\/\/www.ammore.online\/fr\/prodotto\/colomba-artigianale-con-crema-al-pistacchio-ricoperta-da-glassa-al-cioccolato-fondente\/","title":{"rendered":"Colomba fait \u00e0 la main avec creme de pistache recouvert de gla\u00e7age au chocolat noir"},"content":{"rendered":"<p>Ingr\u00e9dients:farine de bl\u00e9, jaune d&#8217;oeuf frais, beurre, beurre de cacao, sucre, fructose, levure m\u00e8re (bl\u00e9), vanille bourbon, dextrose, ar\u00f4mes et sel, miel, r\u00e9gulateur d&#8217;acidit\u00e9, acide citrique.<\/p>\n<p>Ingr\u00e9dients Cr\u00e8me de Pistache: sucre, graisses v\u00e9g\u00e9tales: (beurre de cacao, huile de tournesol, huile de carthame, huile d\u2019olive), lait \u00e9cr\u00e9m\u00e9 en poudre, pistache, Emulsifiant: l\u00e9cithine de soja. Sel, vanilline.<br \/>\nIngr\u00e9dients de gla\u00e7age: Chocolat noir Morogoro 68% (p\u00e2te de cacao, sucre de canne, beurre de cacao, l\u00e9cithine de soja. Pr\u00e9sence possible de fruits \u00e0 coque et de soja).<br \/>\nPeut contenir des traces de fruits \u00e0 coque, soya et moutarde . Conserver dans un lieu frais et sec.<br \/>\nProduit sujet \u00e0 une perte de poids. Fabriqu\u00e9 en Italie.<\/p>\n","protected":false},"excerpt":{"rendered":"<p>La colomba \u00e0 la cr\u00e8me de pistache est une bont\u00e9 unique. Une<br \/>\ncolomba fait \u00e0 la main o\u00f9 l&#8217;alv\u00e9olation douce<br \/>\nest enrichie d&#8217;une d\u00e9licieuse cr\u00e8me de pistache sicilienne. Recouvert<br \/>\nd&#8217;un riche gla\u00e7age au chocolat noir. Ce n&#8217;est pas le go\u00fbt habituel si vous<br \/>\nle mangez avec &#8220;Ammore&#8221;.<\/p>\n<p><strong>Formato 1 Kg<\/strong> <strong>&#8211; Confezionato a mano<\/strong><\/p>\n<table border=\"0\">\n<tbody>\n<tr>\n<td><img loading=\"lazy\" decoding=\"async\" class=\"alignnone wp-image-573\" src=\"https:\/\/www.ammore.online\/wp-content\/uploads\/2022\/08\/Ingredienti_artigianale.png\" alt=\"\" width=\"197\" height=\"82\"><\/td>\n<td><img loading=\"lazy\" decoding=\"async\" class=\"alignnone size-medium wp-image-578\" src=\"https:\/\/www.ammore.online\/wp-content\/uploads\/2022\/08\/Ingredienti_lievito-300x125.png\" alt=\"\" width=\"197\" height=\"82\" srcset=\"https:\/\/www.ammore.online\/wp-content\/uploads\/2022\/08\/Ingredienti_lievito-300x125.png 300w, https:\/\/www.ammore.online\/wp-content\/uploads\/2022\/08\/Ingredienti_lievito-768x320.png 768w, https:\/\/www.ammore.online\/wp-content\/uploads\/2022\/08\/Ingredienti_lievito-720x300.png 720w, https:\/\/www.ammore.online\/wp-content\/uploads\/2022\/08\/Ingredienti_lievito.png 933w\" sizes=\"auto, (max-width: 197px) 100vw, 197px\" \/><\/td>\n<td><img loading=\"lazy\" decoding=\"async\" class=\"alignnone size-medium wp-image-583\" src=\"https:\/\/www.ammore.online\/wp-content\/uploads\/2022\/08\/Ingredienti_naturale-300x125.png\" alt=\"\" width=\"197\" height=\"82\" srcset=\"https:\/\/www.ammore.online\/wp-content\/uploads\/2022\/08\/Ingredienti_naturale-300x125.png 300w, https:\/\/www.ammore.online\/wp-content\/uploads\/2022\/08\/Ingredienti_naturale-768x320.png 768w, https:\/\/www.ammore.online\/wp-content\/uploads\/2022\/08\/Ingredienti_naturale-720x300.png 720w, https:\/\/www.ammore.online\/wp-content\/uploads\/2022\/08\/Ingredienti_naturale.png 933w\" sizes=\"auto, (max-width: 197px) 100vw, 197px\" \/><\/td>\n<\/tr>\n<tr>\n<td><img loading=\"lazy\" decoding=\"async\" class=\"alignnone size-medium wp-image-593\" src=\"https:\/\/www.ammore.online\/wp-content\/uploads\/2022\/08\/Ingredienti_no_palma-300x125.png\" alt=\"\" width=\"197\" height=\"82\" srcset=\"https:\/\/www.ammore.online\/wp-content\/uploads\/2022\/08\/Ingredienti_no_palma-300x125.png 300w, https:\/\/www.ammore.online\/wp-content\/uploads\/2022\/08\/Ingredienti_no_palma-768x320.png 768w, https:\/\/www.ammore.online\/wp-content\/uploads\/2022\/08\/Ingredienti_no_palma-720x300.png 720w, https:\/\/www.ammore.online\/wp-content\/uploads\/2022\/08\/Ingredienti_no_palma.png 933w\" sizes=\"auto, (max-width: 197px) 100vw, 197px\" \/><\/td>\n<td><img loading=\"lazy\" decoding=\"async\" class=\"alignnone size-medium wp-image-588\" src=\"https:\/\/www.ammore.online\/wp-content\/uploads\/2022\/08\/Ingredienti_no_grassi-300x125.png\" alt=\"\" width=\"197\" height=\"82\" srcset=\"https:\/\/www.ammore.online\/wp-content\/uploads\/2022\/08\/Ingredienti_no_grassi-300x125.png 300w, https:\/\/www.ammore.online\/wp-content\/uploads\/2022\/08\/Ingredienti_no_grassi-768x320.png 768w, https:\/\/www.ammore.online\/wp-content\/uploads\/2022\/08\/Ingredienti_no_grassi-720x300.png 720w, https:\/\/www.ammore.online\/wp-content\/uploads\/2022\/08\/Ingredienti_no_grassi.png 933w\" sizes=\"auto, (max-width: 197px) 100vw, 197px\" \/><\/td>\n<td><img loading=\"lazy\" decoding=\"async\" class=\"alignnone wp-image-573\" src=\"https:\/\/www.ammore.online\/wp-content\/uploads\/2022\/08\/Ingredienti_clip-300x125.png\" alt=\"\" width=\"197\" height=\"82\" srcset=\"https:\/\/www.ammore.online\/wp-content\/uploads\/2022\/08\/Ingredienti_clip-300x125.png 300w, https:\/\/www.ammore.online\/wp-content\/uploads\/2022\/08\/Ingredienti_clip-768x320.png 768w, https:\/\/www.ammore.online\/wp-content\/uploads\/2022\/08\/Ingredienti_clip-720x300.png 720w, https:\/\/www.ammore.online\/wp-content\/uploads\/2022\/08\/Ingredienti_clip.png 933w\" sizes=\"auto, (max-width: 197px) 100vw, 197px\" \/><\/td>\n<\/tr>\n<\/tbody>\n<\/table>\n","protected":false},"featured_media":0,"template":"","meta":{"_genesis_hide_title":false,"_genesis_hide_breadcrumbs":false,"_genesis_hide_singular_image":false,"_genesis_hide_footer_widgets":false,"_genesis_custom_body_class":"","_genesis_custom_post_class":"","_genesis_layout":""},"product_cat":[123,122],"product_tag":[],"class_list":{"0":"post-2421","1":"product","2":"type-product","3":"status-publish","5":"product_cat-fraci","6":"product_cat-paques","7":"entry","9":"first","10":"outofstock","11":"shipping-taxable","12":"purchasable","13":"product-type-simple"},"yoast_head":"<!-- This site is optimized with the Yoast SEO plugin v23.7 - https:\/\/yoast.com\/wordpress\/plugins\/seo\/ -->\n<title>Colomba fait \u00e0 la main avec creme de pistache recouvert de gla\u00e7age au chocolat noir - Ammore<\/title>\n<meta name=\"robots\" content=\"index, follow, max-snippet:-1, max-image-preview:large, max-video-preview:-1\" \/>\n<link rel=\"canonical\" href=\"https:\/\/www.ammore.online\/prodotto\/colomba-fait-a-la-main-avec-creme-de-pistache-recouvert-de-glacage-au-chocolat-noir\/\" \/>\n<meta property=\"og:locale\" content=\"fr_FR\" \/>\n<meta property=\"og:type\" content=\"article\" \/>\n<meta property=\"og:title\" content=\"Colomba fait \u00e0 la main avec creme de pistache recouvert de gla\u00e7age au chocolat noir - Ammore\" \/>\n<meta property=\"og:description\" content=\"La colomba \u00e0 la cr\u00e8me de pistache est une bont\u00e9 unique. Une colomba fait \u00e0 la main o\u00f9 l&#039;alv\u00e9olation douce est enrichie d&#039;une d\u00e9licieuse cr\u00e8me de pistache sicilienne. Recouvert d&#039;un riche gla\u00e7age au chocolat noir. Ce n&#039;est pas le go\u00fbt habituel si vous le mangez avec &quot;Ammore&quot;. Formato 1 Kg - Confezionato a mano\" \/>\n<meta property=\"og:url\" content=\"https:\/\/www.ammore.online\/prodotto\/colomba-fait-a-la-main-avec-creme-de-pistache-recouvert-de-glacage-au-chocolat-noir\/\" \/>\n<meta property=\"og:site_name\" content=\"Ammore\" \/>\n<meta property=\"article:publisher\" content=\"https:\/\/www.facebook.com\/ammore.official\" \/>\n<meta name=\"twitter:card\" content=\"summary_large_image\" \/>\n<meta name=\"twitter:label1\" content=\"Dur\u00e9e de lecture estim\u00e9e\" \/>\n\t<meta name=\"twitter:data1\" content=\"1 minute\" \/>\n<script type=\"application\/ld+json\" class=\"yoast-schema-graph\">{\"@context\":\"https:\/\/schema.org\",\"@graph\":[{\"@type\":\"WebPage\",\"@id\":\"https:\/\/www.ammore.online\/prodotto\/colomba-fait-a-la-main-avec-creme-de-pistache-recouvert-de-glacage-au-chocolat-noir\/\",\"url\":\"https:\/\/www.ammore.online\/prodotto\/colomba-fait-a-la-main-avec-creme-de-pistache-recouvert-de-glacage-au-chocolat-noir\/\",\"name\":\"Colomba fait \u00e0 la main avec creme de pistache recouvert de gla\u00e7age au chocolat noir - Ammore\",\"isPartOf\":{\"@id\":\"https:\/\/www.ammore.online\/es\/#website\"},\"datePublished\":\"2023-01-31T17:47:51+00:00\",\"dateModified\":\"2023-01-31T17:47:51+00:00\",\"breadcrumb\":{\"@id\":\"https:\/\/www.ammore.online\/prodotto\/colomba-fait-a-la-main-avec-creme-de-pistache-recouvert-de-glacage-au-chocolat-noir\/#breadcrumb\"},\"inLanguage\":\"fr-FR\",\"potentialAction\":[{\"@type\":\"ReadAction\",\"target\":[\"https:\/\/www.ammore.online\/prodotto\/colomba-fait-a-la-main-avec-creme-de-pistache-recouvert-de-glacage-au-chocolat-noir\/\"]}]},{\"@type\":\"BreadcrumbList\",\"@id\":\"https:\/\/www.ammore.online\/prodotto\/colomba-fait-a-la-main-avec-creme-de-pistache-recouvert-de-glacage-au-chocolat-noir\/#breadcrumb\",\"itemListElement\":[{\"@type\":\"ListItem\",\"position\":1,\"name\":\"Home\",\"item\":\"https:\/\/www.ammore.online\/fr\/\"},{\"@type\":\"ListItem\",\"position\":2,\"name\":\"Boutique\",\"item\":\"https:\/\/www.ammore.online\/fr\/boutique\/\"},{\"@type\":\"ListItem\",\"position\":3,\"name\":\"Colomba fait \u00e0 la main avec creme de pistache recouvert de gla\u00e7age au chocolat noir\"}]},{\"@type\":\"WebSite\",\"@id\":\"https:\/\/www.ammore.online\/es\/#website\",\"url\":\"https:\/\/www.ammore.online\/es\/\",\"name\":\"Ammore\",\"description\":\"Il gusto della tradizione\",\"publisher\":{\"@id\":\"https:\/\/www.ammore.online\/es\/#organization\"},\"potentialAction\":[{\"@type\":\"SearchAction\",\"target\":{\"@type\":\"EntryPoint\",\"urlTemplate\":\"https:\/\/www.ammore.online\/es\/?s={search_term_string}\"},\"query-input\":{\"@type\":\"PropertyValueSpecification\",\"valueRequired\":true,\"valueName\":\"search_term_string\"}}],\"inLanguage\":\"fr-FR\"},{\"@type\":\"Organization\",\"@id\":\"https:\/\/www.ammore.online\/es\/#organization\",\"name\":\"Ammore\",\"url\":\"https:\/\/www.ammore.online\/es\/\",\"logo\":{\"@type\":\"ImageObject\",\"inLanguage\":\"fr-FR\",\"@id\":\"https:\/\/www.ammore.online\/es\/#\/schema\/logo\/image\/\",\"url\":\"https:\/\/www.ammore.online\/wp-content\/uploads\/2023\/10\/cropped-cropped-Ammore_logo.png\",\"contentUrl\":\"https:\/\/www.ammore.online\/wp-content\/uploads\/2023\/10\/cropped-cropped-Ammore_logo.png\",\"width\":1411,\"height\":393,\"caption\":\"Ammore\"},\"image\":{\"@id\":\"https:\/\/www.ammore.online\/es\/#\/schema\/logo\/image\/\"},\"sameAs\":[\"https:\/\/www.facebook.com\/ammore.official\",\"https:\/\/www.instagram.com\/ammore_official\"]}]}<\/script>\n<!-- \/ Yoast SEO plugin. -->","yoast_head_json":{"title":"Colomba fait \u00e0 la main avec creme de pistache recouvert de gla\u00e7age au chocolat noir - Ammore","robots":{"index":"index","follow":"follow","max-snippet":"max-snippet:-1","max-image-preview":"max-image-preview:large","max-video-preview":"max-video-preview:-1"},"canonical":"https:\/\/www.ammore.online\/prodotto\/colomba-fait-a-la-main-avec-creme-de-pistache-recouvert-de-glacage-au-chocolat-noir\/","og_locale":"fr_FR","og_type":"article","og_title":"Colomba fait \u00e0 la main avec creme de pistache recouvert de gla\u00e7age au chocolat noir - Ammore","og_description":"La colomba \u00e0 la cr\u00e8me de pistache est une bont\u00e9 unique. Une colomba fait \u00e0 la main o\u00f9 l'alv\u00e9olation douce est enrichie d'une d\u00e9licieuse cr\u00e8me de pistache sicilienne. Recouvert d'un riche gla\u00e7age au chocolat noir. Ce n'est pas le go\u00fbt habituel si vous le mangez avec \"Ammore\". Formato 1 Kg - Confezionato a mano","og_url":"https:\/\/www.ammore.online\/prodotto\/colomba-fait-a-la-main-avec-creme-de-pistache-recouvert-de-glacage-au-chocolat-noir\/","og_site_name":"Ammore","article_publisher":"https:\/\/www.facebook.com\/ammore.official","twitter_card":"summary_large_image","twitter_misc":{"Dur\u00e9e de lecture estim\u00e9e":"1 minute"},"schema":{"@context":"https:\/\/schema.org","@graph":[{"@type":"WebPage","@id":"https:\/\/www.ammore.online\/prodotto\/colomba-fait-a-la-main-avec-creme-de-pistache-recouvert-de-glacage-au-chocolat-noir\/","url":"https:\/\/www.ammore.online\/prodotto\/colomba-fait-a-la-main-avec-creme-de-pistache-recouvert-de-glacage-au-chocolat-noir\/","name":"Colomba fait \u00e0 la main avec creme de pistache recouvert de gla\u00e7age au chocolat noir - Ammore","isPartOf":{"@id":"https:\/\/www.ammore.online\/es\/#website"},"datePublished":"2023-01-31T17:47:51+00:00","dateModified":"2023-01-31T17:47:51+00:00","breadcrumb":{"@id":"https:\/\/www.ammore.online\/prodotto\/colomba-fait-a-la-main-avec-creme-de-pistache-recouvert-de-glacage-au-chocolat-noir\/#breadcrumb"},"inLanguage":"fr-FR","potentialAction":[{"@type":"ReadAction","target":["https:\/\/www.ammore.online\/prodotto\/colomba-fait-a-la-main-avec-creme-de-pistache-recouvert-de-glacage-au-chocolat-noir\/"]}]},{"@type":"BreadcrumbList","@id":"https:\/\/www.ammore.online\/prodotto\/colomba-fait-a-la-main-avec-creme-de-pistache-recouvert-de-glacage-au-chocolat-noir\/#breadcrumb","itemListElement":[{"@type":"ListItem","position":1,"name":"Home","item":"https:\/\/www.ammore.online\/fr\/"},{"@type":"ListItem","position":2,"name":"Boutique","item":"https:\/\/www.ammore.online\/fr\/boutique\/"},{"@type":"ListItem","position":3,"name":"Colomba fait \u00e0 la main avec creme de pistache recouvert de gla\u00e7age au chocolat noir"}]},{"@type":"WebSite","@id":"https:\/\/www.ammore.online\/es\/#website","url":"https:\/\/www.ammore.online\/es\/","name":"Ammore","description":"Il gusto della tradizione","publisher":{"@id":"https:\/\/www.ammore.online\/es\/#organization"},"potentialAction":[{"@type":"SearchAction","target":{"@type":"EntryPoint","urlTemplate":"https:\/\/www.ammore.online\/es\/?s={search_term_string}"},"query-input":{"@type":"PropertyValueSpecification","valueRequired":true,"valueName":"search_term_string"}}],"inLanguage":"fr-FR"},{"@type":"Organization","@id":"https:\/\/www.ammore.online\/es\/#organization","name":"Ammore","url":"https:\/\/www.ammore.online\/es\/","logo":{"@type":"ImageObject","inLanguage":"fr-FR","@id":"https:\/\/www.ammore.online\/es\/#\/schema\/logo\/image\/","url":"https:\/\/www.ammore.online\/wp-content\/uploads\/2023\/10\/cropped-cropped-Ammore_logo.png","contentUrl":"https:\/\/www.ammore.online\/wp-content\/uploads\/2023\/10\/cropped-cropped-Ammore_logo.png","width":1411,"height":393,"caption":"Ammore"},"image":{"@id":"https:\/\/www.ammore.online\/es\/#\/schema\/logo\/image\/"},"sameAs":["https:\/\/www.facebook.com\/ammore.official","https:\/\/www.instagram.com\/ammore_official"]}]}},"_links":{"self":[{"href":"https:\/\/www.ammore.online\/fr\/wp-json\/wp\/v2\/product\/2421","targetHints":{"allow":["GET"]}}],"collection":[{"href":"https:\/\/www.ammore.online\/fr\/wp-json\/wp\/v2\/product"}],"about":[{"href":"https:\/\/www.ammore.online\/fr\/wp-json\/wp\/v2\/types\/product"}],"wp:attachment":[{"href":"https:\/\/www.ammore.online\/fr\/wp-json\/wp\/v2\/media?parent=2421"}],"wp:term":[{"taxonomy":"product_cat","embeddable":true,"href":"https:\/\/www.ammore.online\/fr\/wp-json\/wp\/v2\/product_cat?post=2421"},{"taxonomy":"product_tag","embeddable":true,"href":"https:\/\/www.ammore.online\/fr\/wp-json\/wp\/v2\/product_tag?post=2421"}],"curies":[{"name":"wp","href":"https:\/\/api.w.org\/{rel}","templated":true}]}}