{"id":2387,"date":"2023-01-31T16:53:32","date_gmt":"2023-01-31T16:53:32","guid":{"rendered":"https:\/\/www.ammore.online\/prodotto\/colomba-fait-a-la-main-aux-abricots-couvert-dune-glacage-aux-amandes\/"},"modified":"2024-01-16T17:39:10","modified_gmt":"2024-01-16T17:39:10","slug":"colomba-artigianale-con-albicocche-ricoperta-con-glassa-alle-mandorle","status":"publish","type":"product","link":"https:\/\/www.ammore.online\/fr\/prodotto\/colomba-artigianale-con-albicocche-ricoperta-con-glassa-alle-mandorle\/","title":{"rendered":"Colombe artisanale <br> Abricots du V\u00e9suve"},"content":{"rendered":"<p><strong>Ingr\u00e9dients<\/strong>:farine de <strong>bl\u00e9<\/strong>, jaune <strong>d&#8217;oeuf<\/strong> frais, <strong>beurre<\/strong>, beurre de cacao, sucre, fructose, levure m\u00e8re (<strong>bl\u00e9<\/strong>), vanille bourbon, abricots confits (abricot vari\u00e9t\u00e9 pellecchiella V\u00e9suve (60%), sucre, sirop de glucose) dextrose, ar\u00f4mes et sel, miel, r\u00e9gulateur d&#8217;acidit\u00e9, acide citrique. <strong>Ingr\u00e9dients de gla\u00e7age<\/strong>: sucre granul\u00e9, blanc<strong> d&#8217;oeuf<\/strong>, <strong>amandes<\/strong> d\u00e9cortiqu\u00e9es et grill\u00e9es, farine <strong>d&#8217;amandes<\/strong>, amidon de ma\u00efs, farine de riz, farine de<strong> noisette<\/strong>. Peut contenir des traces de <strong>fruits \u00e0 coque<\/strong>, <strong>soya<\/strong> et <strong>moutarde<\/strong> . Conserver dans un lieu frais et sec. Produit sujet \u00e0 une perte de poids. Produit en Italie.<\/p>\n","protected":false},"excerpt":{"rendered":"<p>La fabrication artisanale de cette colombe est assur\u00e9e par un levain naturel et une recette extr\u00eamement traditionnelle. Un produit sp\u00e9cial, compos\u00e9 de levain et de farines fines, de beurre de Bretagne et d&#8217;\u0153ufs de premi\u00e8re qualit\u00e9 dont la saveur est enrichie par des <strong>abricots confits du V\u00e9suve<\/strong> d&#8217;Agrimontana et de la<strong> vanille<\/strong> <strong>Bourbon de Madagascar<\/strong>. La garniture croustillante avec gla\u00e7age aux amandes est d\u00e9licieuse.<\/p>\n<p>&nbsp;<\/p>\n<p><strong>Format 1 kg<\/strong> &#8211; <strong>Emball\u00e9 \u00e0 la main<\/strong><\/p>\n<table border=\"0\">\n<tbody>\n<tr>\n<td><img loading=\"lazy\" decoding=\"async\" class=\"alignnone wp-image-573\" src=\"https:\/\/www.ammore.online\/wp-content\/uploads\/2022\/08\/Ingredienti_artigianale.png\" alt=\"\" width=\"197\" height=\"82\" \/><\/td>\n<td><img loading=\"lazy\" decoding=\"async\" class=\"alignnone size-medium wp-image-578\" src=\"https:\/\/www.ammore.online\/wp-content\/uploads\/2022\/08\/Ingredienti_lievito-300x125.png\" alt=\"\" width=\"197\" height=\"82\" srcset=\"https:\/\/www.ammore.online\/wp-content\/uploads\/2022\/08\/Ingredienti_lievito-300x125.png 300w, https:\/\/www.ammore.online\/wp-content\/uploads\/2022\/08\/Ingredienti_lievito-768x320.png 768w, https:\/\/www.ammore.online\/wp-content\/uploads\/2022\/08\/Ingredienti_lievito-720x300.png 720w, https:\/\/www.ammore.online\/wp-content\/uploads\/2022\/08\/Ingredienti_lievito.png 933w\" sizes=\"auto, (max-width: 197px) 100vw, 197px\" \/><\/td>\n<td><img loading=\"lazy\" decoding=\"async\" class=\"alignnone size-medium wp-image-583\" src=\"https:\/\/www.ammore.online\/wp-content\/uploads\/2022\/08\/Ingredienti_naturale-300x125.png\" alt=\"\" width=\"197\" height=\"82\" srcset=\"https:\/\/www.ammore.online\/wp-content\/uploads\/2022\/08\/Ingredienti_naturale-300x125.png 300w, https:\/\/www.ammore.online\/wp-content\/uploads\/2022\/08\/Ingredienti_naturale-768x320.png 768w, https:\/\/www.ammore.online\/wp-content\/uploads\/2022\/08\/Ingredienti_naturale-720x300.png 720w, https:\/\/www.ammore.online\/wp-content\/uploads\/2022\/08\/Ingredienti_naturale.png 933w\" sizes=\"auto, (max-width: 197px) 100vw, 197px\" \/><\/td>\n<\/tr>\n<tr>\n<td><img loading=\"lazy\" decoding=\"async\" class=\"alignnone size-medium wp-image-593\" src=\"https:\/\/www.ammore.online\/wp-content\/uploads\/2022\/08\/Ingredienti_no_palma-300x125.png\" alt=\"\" width=\"197\" height=\"82\" srcset=\"https:\/\/www.ammore.online\/wp-content\/uploads\/2022\/08\/Ingredienti_no_palma-300x125.png 300w, https:\/\/www.ammore.online\/wp-content\/uploads\/2022\/08\/Ingredienti_no_palma-768x320.png 768w, https:\/\/www.ammore.online\/wp-content\/uploads\/2022\/08\/Ingredienti_no_palma-720x300.png 720w, https:\/\/www.ammore.online\/wp-content\/uploads\/2022\/08\/Ingredienti_no_palma.png 933w\" sizes=\"auto, (max-width: 197px) 100vw, 197px\" \/><\/td>\n<td><img loading=\"lazy\" decoding=\"async\" class=\"alignnone size-medium wp-image-588\" src=\"https:\/\/www.ammore.online\/wp-content\/uploads\/2022\/08\/Ingredienti_no_grassi-300x125.png\" alt=\"\" width=\"197\" height=\"82\" srcset=\"https:\/\/www.ammore.online\/wp-content\/uploads\/2022\/08\/Ingredienti_no_grassi-300x125.png 300w, https:\/\/www.ammore.online\/wp-content\/uploads\/2022\/08\/Ingredienti_no_grassi-768x320.png 768w, https:\/\/www.ammore.online\/wp-content\/uploads\/2022\/08\/Ingredienti_no_grassi-720x300.png 720w, https:\/\/www.ammore.online\/wp-content\/uploads\/2022\/08\/Ingredienti_no_grassi.png 933w\" sizes=\"auto, (max-width: 197px) 100vw, 197px\" \/><\/td>\n<td><img loading=\"lazy\" decoding=\"async\" class=\"alignnone wp-image-573\" src=\"https:\/\/www.ammore.online\/wp-content\/uploads\/2022\/08\/Ingredienti_clip-300x125.png\" alt=\"\" width=\"197\" height=\"82\" srcset=\"https:\/\/www.ammore.online\/wp-content\/uploads\/2022\/08\/Ingredienti_clip-300x125.png 300w, https:\/\/www.ammore.online\/wp-content\/uploads\/2022\/08\/Ingredienti_clip-768x320.png 768w, https:\/\/www.ammore.online\/wp-content\/uploads\/2022\/08\/Ingredienti_clip-720x300.png 720w, https:\/\/www.ammore.online\/wp-content\/uploads\/2022\/08\/Ingredienti_clip.png 933w\" sizes=\"auto, (max-width: 197px) 100vw, 197px\" \/><\/td>\n<\/tr>\n<\/tbody>\n<\/table>\n","protected":false},"featured_media":2319,"template":"","meta":{"_genesis_hide_title":false,"_genesis_hide_breadcrumbs":false,"_genesis_hide_singular_image":false,"_genesis_hide_footer_widgets":false,"_genesis_custom_body_class":"","_genesis_custom_post_class":"","_genesis_layout":""},"product_cat":[122,126],"product_tag":[],"class_list":{"0":"post-2387","1":"product","2":"type-product","3":"status-publish","4":"has-post-thumbnail","6":"product_cat-paques","7":"product_cat-traditionnel-fr","8":"entry","10":"first","11":"outofstock","12":"shipping-taxable","13":"purchasable","14":"product-type-simple"},"yoast_head":"<!-- This site is optimized with the Yoast SEO plugin v23.7 - https:\/\/yoast.com\/wordpress\/plugins\/seo\/ -->\n<title>Colombe artisanale  Abricots du V\u00e9suve - Ammore<\/title>\n<meta name=\"robots\" content=\"index, follow, max-snippet:-1, max-image-preview:large, max-video-preview:-1\" \/>\n<link rel=\"canonical\" href=\"https:\/\/www.ammore.online\/fr\/prodotto\/colomba-artigianale-con-albicocche-ricoperta-con-glassa-alle-mandorle\/\" \/>\n<meta property=\"og:locale\" content=\"fr_FR\" \/>\n<meta property=\"og:type\" content=\"article\" \/>\n<meta property=\"og:title\" content=\"Colombe artisanale  Abricots du V\u00e9suve - Ammore\" \/>\n<meta property=\"og:description\" content=\"La fabrication artisanale de cette colombe est assur\u00e9e par un levain naturel et une recette extr\u00eamement traditionnelle. Un produit sp\u00e9cial, compos\u00e9 de levain et de farines fines, de beurre de Bretagne et d&#039;\u0153ufs de premi\u00e8re qualit\u00e9 dont la saveur est enrichie par des abricots confits du V\u00e9suve d&#039;Agrimontana et de la vanille Bourbon de Madagascar. La garniture croustillante avec gla\u00e7age aux amandes est d\u00e9licieuse.  &nbsp;  Format 1 kg - Emball\u00e9 \u00e0 la main\" \/>\n<meta property=\"og:url\" content=\"https:\/\/www.ammore.online\/fr\/prodotto\/colomba-artigianale-con-albicocche-ricoperta-con-glassa-alle-mandorle\/\" \/>\n<meta property=\"og:site_name\" content=\"Ammore\" \/>\n<meta property=\"article:publisher\" content=\"https:\/\/www.facebook.com\/ammore.official\" \/>\n<meta property=\"article:modified_time\" content=\"2024-01-16T17:39:10+00:00\" \/>\n<meta name=\"twitter:card\" content=\"summary_large_image\" \/>\n<meta name=\"twitter:label1\" content=\"Dur\u00e9e de lecture estim\u00e9e\" \/>\n\t<meta name=\"twitter:data1\" content=\"1 minute\" \/>\n<script type=\"application\/ld+json\" class=\"yoast-schema-graph\">{\"@context\":\"https:\/\/schema.org\",\"@graph\":[{\"@type\":\"WebPage\",\"@id\":\"https:\/\/www.ammore.online\/fr\/prodotto\/colomba-artigianale-con-albicocche-ricoperta-con-glassa-alle-mandorle\/\",\"url\":\"https:\/\/www.ammore.online\/fr\/prodotto\/colomba-artigianale-con-albicocche-ricoperta-con-glassa-alle-mandorle\/\",\"name\":\"Colombe artisanale Abricots du V\u00e9suve - Ammore\",\"isPartOf\":{\"@id\":\"https:\/\/www.ammore.online\/es\/#website\"},\"primaryImageOfPage\":{\"@id\":\"https:\/\/www.ammore.online\/fr\/prodotto\/colomba-artigianale-con-albicocche-ricoperta-con-glassa-alle-mandorle\/#primaryimage\"},\"image\":{\"@id\":\"https:\/\/www.ammore.online\/fr\/prodotto\/colomba-artigianale-con-albicocche-ricoperta-con-glassa-alle-mandorle\/#primaryimage\"},\"thumbnailUrl\":\"https:\/\/www.ammore.online\/wp-content\/uploads\/2023\/01\/ALBICOCCHE.png\",\"datePublished\":\"2023-01-31T16:53:32+00:00\",\"dateModified\":\"2024-01-16T17:39:10+00:00\",\"breadcrumb\":{\"@id\":\"https:\/\/www.ammore.online\/fr\/prodotto\/colomba-artigianale-con-albicocche-ricoperta-con-glassa-alle-mandorle\/#breadcrumb\"},\"inLanguage\":\"fr-FR\",\"potentialAction\":[{\"@type\":\"ReadAction\",\"target\":[\"https:\/\/www.ammore.online\/fr\/prodotto\/colomba-artigianale-con-albicocche-ricoperta-con-glassa-alle-mandorle\/\"]}]},{\"@type\":\"ImageObject\",\"inLanguage\":\"fr-FR\",\"@id\":\"https:\/\/www.ammore.online\/fr\/prodotto\/colomba-artigianale-con-albicocche-ricoperta-con-glassa-alle-mandorle\/#primaryimage\",\"url\":\"https:\/\/www.ammore.online\/wp-content\/uploads\/2023\/01\/ALBICOCCHE.png\",\"contentUrl\":\"https:\/\/www.ammore.online\/wp-content\/uploads\/2023\/01\/ALBICOCCHE.png\",\"width\":630,\"height\":630},{\"@type\":\"BreadcrumbList\",\"@id\":\"https:\/\/www.ammore.online\/fr\/prodotto\/colomba-artigianale-con-albicocche-ricoperta-con-glassa-alle-mandorle\/#breadcrumb\",\"itemListElement\":[{\"@type\":\"ListItem\",\"position\":1,\"name\":\"Home\",\"item\":\"https:\/\/www.ammore.online\/fr\/\"},{\"@type\":\"ListItem\",\"position\":2,\"name\":\"Boutique\",\"item\":\"https:\/\/www.ammore.online\/fr\/boutique\/\"},{\"@type\":\"ListItem\",\"position\":3,\"name\":\"Colombe artisanale Abricots du V\u00e9suve\"}]},{\"@type\":\"WebSite\",\"@id\":\"https:\/\/www.ammore.online\/es\/#website\",\"url\":\"https:\/\/www.ammore.online\/es\/\",\"name\":\"Ammore\",\"description\":\"Il gusto della tradizione\",\"publisher\":{\"@id\":\"https:\/\/www.ammore.online\/es\/#organization\"},\"potentialAction\":[{\"@type\":\"SearchAction\",\"target\":{\"@type\":\"EntryPoint\",\"urlTemplate\":\"https:\/\/www.ammore.online\/es\/?s={search_term_string}\"},\"query-input\":{\"@type\":\"PropertyValueSpecification\",\"valueRequired\":true,\"valueName\":\"search_term_string\"}}],\"inLanguage\":\"fr-FR\"},{\"@type\":\"Organization\",\"@id\":\"https:\/\/www.ammore.online\/es\/#organization\",\"name\":\"Ammore\",\"url\":\"https:\/\/www.ammore.online\/es\/\",\"logo\":{\"@type\":\"ImageObject\",\"inLanguage\":\"fr-FR\",\"@id\":\"https:\/\/www.ammore.online\/es\/#\/schema\/logo\/image\/\",\"url\":\"https:\/\/www.ammore.online\/wp-content\/uploads\/2023\/10\/cropped-cropped-Ammore_logo.png\",\"contentUrl\":\"https:\/\/www.ammore.online\/wp-content\/uploads\/2023\/10\/cropped-cropped-Ammore_logo.png\",\"width\":1411,\"height\":393,\"caption\":\"Ammore\"},\"image\":{\"@id\":\"https:\/\/www.ammore.online\/es\/#\/schema\/logo\/image\/\"},\"sameAs\":[\"https:\/\/www.facebook.com\/ammore.official\",\"https:\/\/www.instagram.com\/ammore_official\"]}]}<\/script>\n<!-- \/ Yoast SEO plugin. -->","yoast_head_json":{"title":"Colombe artisanale  Abricots du V\u00e9suve - Ammore","robots":{"index":"index","follow":"follow","max-snippet":"max-snippet:-1","max-image-preview":"max-image-preview:large","max-video-preview":"max-video-preview:-1"},"canonical":"https:\/\/www.ammore.online\/fr\/prodotto\/colomba-artigianale-con-albicocche-ricoperta-con-glassa-alle-mandorle\/","og_locale":"fr_FR","og_type":"article","og_title":"Colombe artisanale  Abricots du V\u00e9suve - Ammore","og_description":"La fabrication artisanale de cette colombe est assur\u00e9e par un levain naturel et une recette extr\u00eamement traditionnelle. Un produit sp\u00e9cial, compos\u00e9 de levain et de farines fines, de beurre de Bretagne et d'\u0153ufs de premi\u00e8re qualit\u00e9 dont la saveur est enrichie par des abricots confits du V\u00e9suve d'Agrimontana et de la vanille Bourbon de Madagascar. La garniture croustillante avec gla\u00e7age aux amandes est d\u00e9licieuse.  &nbsp;  Format 1 kg - Emball\u00e9 \u00e0 la main","og_url":"https:\/\/www.ammore.online\/fr\/prodotto\/colomba-artigianale-con-albicocche-ricoperta-con-glassa-alle-mandorle\/","og_site_name":"Ammore","article_publisher":"https:\/\/www.facebook.com\/ammore.official","article_modified_time":"2024-01-16T17:39:10+00:00","twitter_card":"summary_large_image","twitter_misc":{"Dur\u00e9e de lecture estim\u00e9e":"1 minute"},"schema":{"@context":"https:\/\/schema.org","@graph":[{"@type":"WebPage","@id":"https:\/\/www.ammore.online\/fr\/prodotto\/colomba-artigianale-con-albicocche-ricoperta-con-glassa-alle-mandorle\/","url":"https:\/\/www.ammore.online\/fr\/prodotto\/colomba-artigianale-con-albicocche-ricoperta-con-glassa-alle-mandorle\/","name":"Colombe artisanale Abricots du V\u00e9suve - Ammore","isPartOf":{"@id":"https:\/\/www.ammore.online\/es\/#website"},"primaryImageOfPage":{"@id":"https:\/\/www.ammore.online\/fr\/prodotto\/colomba-artigianale-con-albicocche-ricoperta-con-glassa-alle-mandorle\/#primaryimage"},"image":{"@id":"https:\/\/www.ammore.online\/fr\/prodotto\/colomba-artigianale-con-albicocche-ricoperta-con-glassa-alle-mandorle\/#primaryimage"},"thumbnailUrl":"https:\/\/www.ammore.online\/wp-content\/uploads\/2023\/01\/ALBICOCCHE.png","datePublished":"2023-01-31T16:53:32+00:00","dateModified":"2024-01-16T17:39:10+00:00","breadcrumb":{"@id":"https:\/\/www.ammore.online\/fr\/prodotto\/colomba-artigianale-con-albicocche-ricoperta-con-glassa-alle-mandorle\/#breadcrumb"},"inLanguage":"fr-FR","potentialAction":[{"@type":"ReadAction","target":["https:\/\/www.ammore.online\/fr\/prodotto\/colomba-artigianale-con-albicocche-ricoperta-con-glassa-alle-mandorle\/"]}]},{"@type":"ImageObject","inLanguage":"fr-FR","@id":"https:\/\/www.ammore.online\/fr\/prodotto\/colomba-artigianale-con-albicocche-ricoperta-con-glassa-alle-mandorle\/#primaryimage","url":"https:\/\/www.ammore.online\/wp-content\/uploads\/2023\/01\/ALBICOCCHE.png","contentUrl":"https:\/\/www.ammore.online\/wp-content\/uploads\/2023\/01\/ALBICOCCHE.png","width":630,"height":630},{"@type":"BreadcrumbList","@id":"https:\/\/www.ammore.online\/fr\/prodotto\/colomba-artigianale-con-albicocche-ricoperta-con-glassa-alle-mandorle\/#breadcrumb","itemListElement":[{"@type":"ListItem","position":1,"name":"Home","item":"https:\/\/www.ammore.online\/fr\/"},{"@type":"ListItem","position":2,"name":"Boutique","item":"https:\/\/www.ammore.online\/fr\/boutique\/"},{"@type":"ListItem","position":3,"name":"Colombe artisanale Abricots du V\u00e9suve"}]},{"@type":"WebSite","@id":"https:\/\/www.ammore.online\/es\/#website","url":"https:\/\/www.ammore.online\/es\/","name":"Ammore","description":"Il gusto della tradizione","publisher":{"@id":"https:\/\/www.ammore.online\/es\/#organization"},"potentialAction":[{"@type":"SearchAction","target":{"@type":"EntryPoint","urlTemplate":"https:\/\/www.ammore.online\/es\/?s={search_term_string}"},"query-input":{"@type":"PropertyValueSpecification","valueRequired":true,"valueName":"search_term_string"}}],"inLanguage":"fr-FR"},{"@type":"Organization","@id":"https:\/\/www.ammore.online\/es\/#organization","name":"Ammore","url":"https:\/\/www.ammore.online\/es\/","logo":{"@type":"ImageObject","inLanguage":"fr-FR","@id":"https:\/\/www.ammore.online\/es\/#\/schema\/logo\/image\/","url":"https:\/\/www.ammore.online\/wp-content\/uploads\/2023\/10\/cropped-cropped-Ammore_logo.png","contentUrl":"https:\/\/www.ammore.online\/wp-content\/uploads\/2023\/10\/cropped-cropped-Ammore_logo.png","width":1411,"height":393,"caption":"Ammore"},"image":{"@id":"https:\/\/www.ammore.online\/es\/#\/schema\/logo\/image\/"},"sameAs":["https:\/\/www.facebook.com\/ammore.official","https:\/\/www.instagram.com\/ammore_official"]}]}},"_links":{"self":[{"href":"https:\/\/www.ammore.online\/fr\/wp-json\/wp\/v2\/product\/2387","targetHints":{"allow":["GET"]}}],"collection":[{"href":"https:\/\/www.ammore.online\/fr\/wp-json\/wp\/v2\/product"}],"about":[{"href":"https:\/\/www.ammore.online\/fr\/wp-json\/wp\/v2\/types\/product"}],"wp:featuredmedia":[{"embeddable":true,"href":"https:\/\/www.ammore.online\/fr\/wp-json\/wp\/v2\/media\/2319"}],"wp:attachment":[{"href":"https:\/\/www.ammore.online\/fr\/wp-json\/wp\/v2\/media?parent=2387"}],"wp:term":[{"taxonomy":"product_cat","embeddable":true,"href":"https:\/\/www.ammore.online\/fr\/wp-json\/wp\/v2\/product_cat?post=2387"},{"taxonomy":"product_tag","embeddable":true,"href":"https:\/\/www.ammore.online\/fr\/wp-json\/wp\/v2\/product_tag?post=2387"}],"curies":[{"name":"wp","href":"https:\/\/api.w.org\/{rel}","templated":true}]}}