{"id":2367,"date":"2023-02-01T16:09:33","date_gmt":"2023-02-01T16:09:33","guid":{"rendered":"https:\/\/www.ammore.online\/prodotto\/colomba-fait-a-la-main-a-la-creme-blanche-de-noisettes-45-du-piemonte-a-tartiner-recouvert-de-glacage-au-chocolat-noir\/"},"modified":"2023-03-20T20:13:32","modified_gmt":"2023-03-20T20:13:32","slug":"colomba-artigianale-con-crema-bianca-alle-nocciole-45-piemonte-da-spalmare-ricoperta-da-glassa-al-cioccolato-fondente","status":"publish","type":"product","link":"https:\/\/www.ammore.online\/fr\/prodotto\/colomba-artigianale-con-crema-bianca-alle-nocciole-45-piemonte-da-spalmare-ricoperta-da-glassa-al-cioccolato-fondente\/","title":{"rendered":"Colomba fait \u00e0 la main \u00e0 la cr\u00e8me blanche de noisettes 45% du piemonte \u00e0 tartiner recouvert de gla\u00e7age au chocolat noir"},"content":{"rendered":"<p>Ingr\u00e9dients:farine de bl\u00e9, jaune d&#8217;oeuf frais, beurre, beurre de cacao, sucre, fructose, levure m\u00e8re (bl\u00e9), vanille bourbon, dextrose, ar\u00f4mes et sel, miel, r\u00e9gulateur d&#8217;acidit\u00e9, acide citrique.<br \/>\nIngr\u00e9dients pot de Cr\u00e8me 200g: Noisettes grill\u00e9es du Piemonte IGP (45%), sucre de canne. Lait en poudre, huile de tournesol \u00e0 haute teneur ol\u00e9ique, huile d&#8217;olive extra vierge. Beurre de cacao.<br \/>\nIngr\u00e9dients de gla\u00e7age: Chocolat noir Morogoro 68% (p\u00e2te de cacao, sucre de canne, beurre de cacao, l\u00e9cithine de soja. Pr\u00e9sence possible de fruits \u00e0 coque et de soja).<\/p>\n<p>Peut contenir des traces de fruits \u00e0 coque, soya et moutarde . Conserver dans un lieu frais et sec.<\/p>\n<p>Produit sujet \u00e0 une perte de poids. Fabriqu\u00e9 en Italie.<\/p>\n","protected":false},"excerpt":{"rendered":"<p>La colomba fait \u00e0 la main est n\u00e9e pour les amateurs de noisettes,<br \/>\navec une p\u00e2te douce et parfum\u00e9e \u00e0 la vanille de<br \/>\nMadagascar, une d\u00e9licieuse cr\u00e8me blanc tartinable de noisette du<br \/>\nPiemonte IGP blanche et recouvert d\u2019un delicieux gla\u00e7age au<br \/>\nchocolat noir Morogoro 68% Domori qui renferme<br \/>\nsimplicit\u00e9 et bont\u00e9.<\/p>\n<p><strong>Le colis contient : 1kg de colomba pandorata avec gla\u00e7age + pot de 200g de cr\u00e8me + p\u00e2te \u00e0 tartiner.<\/strong><br \/>\n<strong>Format 1 kg<\/strong> &#8211; <strong>Emball\u00e9 \u00e0 la main<\/strong><\/p>\n<table border=\"0\">\n<tbody>\n<tr>\n<td><img loading=\"lazy\" decoding=\"async\" class=\"alignnone wp-image-573\" src=\"https:\/\/www.ammore.online\/wp-content\/uploads\/2022\/08\/Ingredienti_artigianale.png\" alt=\"\" width=\"197\" height=\"82\"><\/td>\n<td><img loading=\"lazy\" decoding=\"async\" class=\"alignnone size-medium wp-image-578\" src=\"https:\/\/www.ammore.online\/wp-content\/uploads\/2022\/08\/Ingredienti_lievito-300x125.png\" alt=\"\" width=\"197\" height=\"82\" srcset=\"https:\/\/www.ammore.online\/wp-content\/uploads\/2022\/08\/Ingredienti_lievito-300x125.png 300w, https:\/\/www.ammore.online\/wp-content\/uploads\/2022\/08\/Ingredienti_lievito-768x320.png 768w, https:\/\/www.ammore.online\/wp-content\/uploads\/2022\/08\/Ingredienti_lievito-720x300.png 720w, https:\/\/www.ammore.online\/wp-content\/uploads\/2022\/08\/Ingredienti_lievito.png 933w\" sizes=\"auto, (max-width: 197px) 100vw, 197px\" \/><\/td>\n<td><img loading=\"lazy\" decoding=\"async\" class=\"alignnone size-medium wp-image-583\" src=\"https:\/\/www.ammore.online\/wp-content\/uploads\/2022\/08\/Ingredienti_naturale-300x125.png\" alt=\"\" width=\"197\" height=\"82\" srcset=\"https:\/\/www.ammore.online\/wp-content\/uploads\/2022\/08\/Ingredienti_naturale-300x125.png 300w, https:\/\/www.ammore.online\/wp-content\/uploads\/2022\/08\/Ingredienti_naturale-768x320.png 768w, https:\/\/www.ammore.online\/wp-content\/uploads\/2022\/08\/Ingredienti_naturale-720x300.png 720w, https:\/\/www.ammore.online\/wp-content\/uploads\/2022\/08\/Ingredienti_naturale.png 933w\" sizes=\"auto, (max-width: 197px) 100vw, 197px\" \/><\/td>\n<\/tr>\n<tr>\n<td><img loading=\"lazy\" decoding=\"async\" class=\"alignnone size-medium wp-image-593\" src=\"https:\/\/www.ammore.online\/wp-content\/uploads\/2022\/08\/Ingredienti_no_palma-300x125.png\" alt=\"\" width=\"197\" height=\"82\" srcset=\"https:\/\/www.ammore.online\/wp-content\/uploads\/2022\/08\/Ingredienti_no_palma-300x125.png 300w, https:\/\/www.ammore.online\/wp-content\/uploads\/2022\/08\/Ingredienti_no_palma-768x320.png 768w, https:\/\/www.ammore.online\/wp-content\/uploads\/2022\/08\/Ingredienti_no_palma-720x300.png 720w, https:\/\/www.ammore.online\/wp-content\/uploads\/2022\/08\/Ingredienti_no_palma.png 933w\" sizes=\"auto, (max-width: 197px) 100vw, 197px\" \/><\/td>\n<td><img loading=\"lazy\" decoding=\"async\" class=\"alignnone size-medium wp-image-588\" src=\"https:\/\/www.ammore.online\/wp-content\/uploads\/2022\/08\/Ingredienti_no_grassi-300x125.png\" alt=\"\" width=\"197\" height=\"82\" srcset=\"https:\/\/www.ammore.online\/wp-content\/uploads\/2022\/08\/Ingredienti_no_grassi-300x125.png 300w, https:\/\/www.ammore.online\/wp-content\/uploads\/2022\/08\/Ingredienti_no_grassi-768x320.png 768w, https:\/\/www.ammore.online\/wp-content\/uploads\/2022\/08\/Ingredienti_no_grassi-720x300.png 720w, https:\/\/www.ammore.online\/wp-content\/uploads\/2022\/08\/Ingredienti_no_grassi.png 933w\" sizes=\"auto, (max-width: 197px) 100vw, 197px\" \/><\/td>\n<td><img loading=\"lazy\" decoding=\"async\" class=\"alignnone wp-image-573\" src=\"https:\/\/www.ammore.online\/wp-content\/uploads\/2022\/08\/Ingredienti_clip-300x125.png\" alt=\"\" width=\"197\" height=\"82\" srcset=\"https:\/\/www.ammore.online\/wp-content\/uploads\/2022\/08\/Ingredienti_clip-300x125.png 300w, https:\/\/www.ammore.online\/wp-content\/uploads\/2022\/08\/Ingredienti_clip-768x320.png 768w, https:\/\/www.ammore.online\/wp-content\/uploads\/2022\/08\/Ingredienti_clip-720x300.png 720w, https:\/\/www.ammore.online\/wp-content\/uploads\/2022\/08\/Ingredienti_clip.png 933w\" sizes=\"auto, (max-width: 197px) 100vw, 197px\" \/><\/td>\n<\/tr>\n<\/tbody>\n<\/table>\n","protected":false},"featured_media":0,"template":"","meta":{"_genesis_hide_title":false,"_genesis_hide_breadcrumbs":false,"_genesis_hide_singular_image":false,"_genesis_hide_footer_widgets":false,"_genesis_custom_body_class":"","_genesis_custom_post_class":"","_genesis_layout":""},"product_cat":[122,125],"product_tag":[],"class_list":{"0":"post-2367","1":"product","2":"type-product","3":"status-publish","5":"product_cat-paques","6":"product_cat-speciaux-fr","7":"entry","9":"first","10":"outofstock","11":"shipping-taxable","12":"purchasable","13":"product-type-simple"},"yoast_head":"<!-- This site is optimized with the Yoast SEO plugin v23.7 - https:\/\/yoast.com\/wordpress\/plugins\/seo\/ -->\n<title>Colomba fait \u00e0 la main \u00e0 la cr\u00e8me blanche de noisettes 45% du piemonte \u00e0 tartiner recouvert de gla\u00e7age au chocolat noir - Ammore<\/title>\n<meta name=\"robots\" content=\"index, follow, max-snippet:-1, max-image-preview:large, max-video-preview:-1\" \/>\n<link rel=\"canonical\" href=\"https:\/\/www.ammore.online\/fr\/prodotto\/colomba-artigianale-con-crema-bianca-alle-nocciole-45-piemonte-da-spalmare-ricoperta-da-glassa-al-cioccolato-fondente\/\" \/>\n<meta property=\"og:locale\" content=\"fr_FR\" \/>\n<meta property=\"og:type\" content=\"article\" \/>\n<meta property=\"og:title\" content=\"Colomba fait \u00e0 la main \u00e0 la cr\u00e8me blanche de noisettes 45% du piemonte \u00e0 tartiner recouvert de gla\u00e7age au chocolat noir - Ammore\" \/>\n<meta property=\"og:description\" content=\"La colomba fait \u00e0 la main est n\u00e9e pour les amateurs de noisettes, avec une p\u00e2te douce et parfum\u00e9e \u00e0 la vanille de Madagascar, une d\u00e9licieuse cr\u00e8me blanc tartinable de noisette du Piemonte IGP blanche et recouvert d\u2019un delicieux gla\u00e7age au chocolat noir Morogoro 68% Domori qui renferme simplicit\u00e9 et bont\u00e9. Le colis contient : 1kg de colomba pandorata avec gla\u00e7age + pot de 200g de cr\u00e8me + p\u00e2te \u00e0 tartiner. Format 1 kg - Emball\u00e9 \u00e0 la main\" \/>\n<meta property=\"og:url\" content=\"https:\/\/www.ammore.online\/fr\/prodotto\/colomba-artigianale-con-crema-bianca-alle-nocciole-45-piemonte-da-spalmare-ricoperta-da-glassa-al-cioccolato-fondente\/\" \/>\n<meta property=\"og:site_name\" content=\"Ammore\" \/>\n<meta property=\"article:publisher\" content=\"https:\/\/www.facebook.com\/ammore.official\" \/>\n<meta property=\"article:modified_time\" content=\"2023-03-20T20:13:32+00:00\" \/>\n<meta property=\"og:image\" content=\"https:\/\/www.ammore.online\/wp-content\/uploads\/2023\/01\/crema-spalmabile-bianca.png\" \/>\n\t<meta property=\"og:image:width\" content=\"1024\" \/>\n\t<meta property=\"og:image:height\" content=\"1024\" \/>\n\t<meta property=\"og:image:type\" content=\"image\/png\" \/>\n<meta name=\"twitter:card\" content=\"summary_large_image\" \/>\n<meta name=\"twitter:label1\" content=\"Dur\u00e9e de lecture estim\u00e9e\" \/>\n\t<meta name=\"twitter:data1\" content=\"1 minute\" \/>\n<script type=\"application\/ld+json\" class=\"yoast-schema-graph\">{\"@context\":\"https:\/\/schema.org\",\"@graph\":[{\"@type\":\"WebPage\",\"@id\":\"https:\/\/www.ammore.online\/fr\/prodotto\/colomba-artigianale-con-crema-bianca-alle-nocciole-45-piemonte-da-spalmare-ricoperta-da-glassa-al-cioccolato-fondente\/\",\"url\":\"https:\/\/www.ammore.online\/fr\/prodotto\/colomba-artigianale-con-crema-bianca-alle-nocciole-45-piemonte-da-spalmare-ricoperta-da-glassa-al-cioccolato-fondente\/\",\"name\":\"Colomba fait \u00e0 la main \u00e0 la cr\u00e8me blanche de noisettes 45% du piemonte \u00e0 tartiner recouvert de gla\u00e7age au chocolat noir - Ammore\",\"isPartOf\":{\"@id\":\"https:\/\/www.ammore.online\/es\/#website\"},\"datePublished\":\"2023-02-01T16:09:33+00:00\",\"dateModified\":\"2023-03-20T20:13:32+00:00\",\"breadcrumb\":{\"@id\":\"https:\/\/www.ammore.online\/fr\/prodotto\/colomba-artigianale-con-crema-bianca-alle-nocciole-45-piemonte-da-spalmare-ricoperta-da-glassa-al-cioccolato-fondente\/#breadcrumb\"},\"inLanguage\":\"fr-FR\",\"potentialAction\":[{\"@type\":\"ReadAction\",\"target\":[\"https:\/\/www.ammore.online\/fr\/prodotto\/colomba-artigianale-con-crema-bianca-alle-nocciole-45-piemonte-da-spalmare-ricoperta-da-glassa-al-cioccolato-fondente\/\"]}]},{\"@type\":\"BreadcrumbList\",\"@id\":\"https:\/\/www.ammore.online\/fr\/prodotto\/colomba-artigianale-con-crema-bianca-alle-nocciole-45-piemonte-da-spalmare-ricoperta-da-glassa-al-cioccolato-fondente\/#breadcrumb\",\"itemListElement\":[{\"@type\":\"ListItem\",\"position\":1,\"name\":\"Home\",\"item\":\"https:\/\/www.ammore.online\/fr\/\"},{\"@type\":\"ListItem\",\"position\":2,\"name\":\"Boutique\",\"item\":\"https:\/\/www.ammore.online\/fr\/boutique\/\"},{\"@type\":\"ListItem\",\"position\":3,\"name\":\"Colomba fait \u00e0 la main \u00e0 la cr\u00e8me blanche de noisettes 45% du piemonte \u00e0 tartiner recouvert de gla\u00e7age au chocolat noir\"}]},{\"@type\":\"WebSite\",\"@id\":\"https:\/\/www.ammore.online\/es\/#website\",\"url\":\"https:\/\/www.ammore.online\/es\/\",\"name\":\"Ammore\",\"description\":\"Il gusto della tradizione\",\"publisher\":{\"@id\":\"https:\/\/www.ammore.online\/es\/#organization\"},\"potentialAction\":[{\"@type\":\"SearchAction\",\"target\":{\"@type\":\"EntryPoint\",\"urlTemplate\":\"https:\/\/www.ammore.online\/es\/?s={search_term_string}\"},\"query-input\":{\"@type\":\"PropertyValueSpecification\",\"valueRequired\":true,\"valueName\":\"search_term_string\"}}],\"inLanguage\":\"fr-FR\"},{\"@type\":\"Organization\",\"@id\":\"https:\/\/www.ammore.online\/es\/#organization\",\"name\":\"Ammore\",\"url\":\"https:\/\/www.ammore.online\/es\/\",\"logo\":{\"@type\":\"ImageObject\",\"inLanguage\":\"fr-FR\",\"@id\":\"https:\/\/www.ammore.online\/es\/#\/schema\/logo\/image\/\",\"url\":\"https:\/\/www.ammore.online\/wp-content\/uploads\/2023\/10\/cropped-cropped-Ammore_logo.png\",\"contentUrl\":\"https:\/\/www.ammore.online\/wp-content\/uploads\/2023\/10\/cropped-cropped-Ammore_logo.png\",\"width\":1411,\"height\":393,\"caption\":\"Ammore\"},\"image\":{\"@id\":\"https:\/\/www.ammore.online\/es\/#\/schema\/logo\/image\/\"},\"sameAs\":[\"https:\/\/www.facebook.com\/ammore.official\",\"https:\/\/www.instagram.com\/ammore_official\"]}]}<\/script>\n<!-- \/ Yoast SEO plugin. -->","yoast_head_json":{"title":"Colomba fait \u00e0 la main \u00e0 la cr\u00e8me blanche de noisettes 45% du piemonte \u00e0 tartiner recouvert de gla\u00e7age au chocolat noir - Ammore","robots":{"index":"index","follow":"follow","max-snippet":"max-snippet:-1","max-image-preview":"max-image-preview:large","max-video-preview":"max-video-preview:-1"},"canonical":"https:\/\/www.ammore.online\/fr\/prodotto\/colomba-artigianale-con-crema-bianca-alle-nocciole-45-piemonte-da-spalmare-ricoperta-da-glassa-al-cioccolato-fondente\/","og_locale":"fr_FR","og_type":"article","og_title":"Colomba fait \u00e0 la main \u00e0 la cr\u00e8me blanche de noisettes 45% du piemonte \u00e0 tartiner recouvert de gla\u00e7age au chocolat noir - Ammore","og_description":"La colomba fait \u00e0 la main est n\u00e9e pour les amateurs de noisettes, avec une p\u00e2te douce et parfum\u00e9e \u00e0 la vanille de Madagascar, une d\u00e9licieuse cr\u00e8me blanc tartinable de noisette du Piemonte IGP blanche et recouvert d\u2019un delicieux gla\u00e7age au chocolat noir Morogoro 68% Domori qui renferme simplicit\u00e9 et bont\u00e9. Le colis contient : 1kg de colomba pandorata avec gla\u00e7age + pot de 200g de cr\u00e8me + p\u00e2te \u00e0 tartiner. Format 1 kg - Emball\u00e9 \u00e0 la main","og_url":"https:\/\/www.ammore.online\/fr\/prodotto\/colomba-artigianale-con-crema-bianca-alle-nocciole-45-piemonte-da-spalmare-ricoperta-da-glassa-al-cioccolato-fondente\/","og_site_name":"Ammore","article_publisher":"https:\/\/www.facebook.com\/ammore.official","article_modified_time":"2023-03-20T20:13:32+00:00","og_image":[{"width":1024,"height":1024,"url":"https:\/\/www.ammore.online\/wp-content\/uploads\/2023\/01\/crema-spalmabile-bianca.png","type":"image\/png"}],"twitter_card":"summary_large_image","twitter_misc":{"Dur\u00e9e de lecture estim\u00e9e":"1 minute"},"schema":{"@context":"https:\/\/schema.org","@graph":[{"@type":"WebPage","@id":"https:\/\/www.ammore.online\/fr\/prodotto\/colomba-artigianale-con-crema-bianca-alle-nocciole-45-piemonte-da-spalmare-ricoperta-da-glassa-al-cioccolato-fondente\/","url":"https:\/\/www.ammore.online\/fr\/prodotto\/colomba-artigianale-con-crema-bianca-alle-nocciole-45-piemonte-da-spalmare-ricoperta-da-glassa-al-cioccolato-fondente\/","name":"Colomba fait \u00e0 la main \u00e0 la cr\u00e8me blanche de noisettes 45% du piemonte \u00e0 tartiner recouvert de gla\u00e7age au chocolat noir - Ammore","isPartOf":{"@id":"https:\/\/www.ammore.online\/es\/#website"},"datePublished":"2023-02-01T16:09:33+00:00","dateModified":"2023-03-20T20:13:32+00:00","breadcrumb":{"@id":"https:\/\/www.ammore.online\/fr\/prodotto\/colomba-artigianale-con-crema-bianca-alle-nocciole-45-piemonte-da-spalmare-ricoperta-da-glassa-al-cioccolato-fondente\/#breadcrumb"},"inLanguage":"fr-FR","potentialAction":[{"@type":"ReadAction","target":["https:\/\/www.ammore.online\/fr\/prodotto\/colomba-artigianale-con-crema-bianca-alle-nocciole-45-piemonte-da-spalmare-ricoperta-da-glassa-al-cioccolato-fondente\/"]}]},{"@type":"BreadcrumbList","@id":"https:\/\/www.ammore.online\/fr\/prodotto\/colomba-artigianale-con-crema-bianca-alle-nocciole-45-piemonte-da-spalmare-ricoperta-da-glassa-al-cioccolato-fondente\/#breadcrumb","itemListElement":[{"@type":"ListItem","position":1,"name":"Home","item":"https:\/\/www.ammore.online\/fr\/"},{"@type":"ListItem","position":2,"name":"Boutique","item":"https:\/\/www.ammore.online\/fr\/boutique\/"},{"@type":"ListItem","position":3,"name":"Colomba fait \u00e0 la main \u00e0 la cr\u00e8me blanche de noisettes 45% du piemonte \u00e0 tartiner recouvert de gla\u00e7age au chocolat noir"}]},{"@type":"WebSite","@id":"https:\/\/www.ammore.online\/es\/#website","url":"https:\/\/www.ammore.online\/es\/","name":"Ammore","description":"Il gusto della tradizione","publisher":{"@id":"https:\/\/www.ammore.online\/es\/#organization"},"potentialAction":[{"@type":"SearchAction","target":{"@type":"EntryPoint","urlTemplate":"https:\/\/www.ammore.online\/es\/?s={search_term_string}"},"query-input":{"@type":"PropertyValueSpecification","valueRequired":true,"valueName":"search_term_string"}}],"inLanguage":"fr-FR"},{"@type":"Organization","@id":"https:\/\/www.ammore.online\/es\/#organization","name":"Ammore","url":"https:\/\/www.ammore.online\/es\/","logo":{"@type":"ImageObject","inLanguage":"fr-FR","@id":"https:\/\/www.ammore.online\/es\/#\/schema\/logo\/image\/","url":"https:\/\/www.ammore.online\/wp-content\/uploads\/2023\/10\/cropped-cropped-Ammore_logo.png","contentUrl":"https:\/\/www.ammore.online\/wp-content\/uploads\/2023\/10\/cropped-cropped-Ammore_logo.png","width":1411,"height":393,"caption":"Ammore"},"image":{"@id":"https:\/\/www.ammore.online\/es\/#\/schema\/logo\/image\/"},"sameAs":["https:\/\/www.facebook.com\/ammore.official","https:\/\/www.instagram.com\/ammore_official"]}]}},"_links":{"self":[{"href":"https:\/\/www.ammore.online\/fr\/wp-json\/wp\/v2\/product\/2367","targetHints":{"allow":["GET"]}}],"collection":[{"href":"https:\/\/www.ammore.online\/fr\/wp-json\/wp\/v2\/product"}],"about":[{"href":"https:\/\/www.ammore.online\/fr\/wp-json\/wp\/v2\/types\/product"}],"wp:attachment":[{"href":"https:\/\/www.ammore.online\/fr\/wp-json\/wp\/v2\/media?parent=2367"}],"wp:term":[{"taxonomy":"product_cat","embeddable":true,"href":"https:\/\/www.ammore.online\/fr\/wp-json\/wp\/v2\/product_cat?post=2367"},{"taxonomy":"product_tag","embeddable":true,"href":"https:\/\/www.ammore.online\/fr\/wp-json\/wp\/v2\/product_tag?post=2367"}],"curies":[{"name":"wp","href":"https:\/\/api.w.org\/{rel}","templated":true}]}}