{"id":2346,"date":"2023-02-01T17:28:39","date_gmt":"2023-02-01T17:28:39","guid":{"rendered":"https:\/\/www.ammore.online\/prodotto\/colomba-au-chocoat-maison-san-gluten\/"},"modified":"2024-01-15T19:15:31","modified_gmt":"2024-01-15T19:15:31","slug":"colomba-artigianale-cioccolato-senza-glutine","status":"publish","type":"product","link":"https:\/\/www.ammore.online\/fr\/prodotto\/colomba-artigianale-cioccolato-senza-glutine\/","title":{"rendered":"Colomba artisanal <br> Chocolat sans gluten"},"content":{"rendered":"<p>Ingr\u00e9dients : Farine sans gluten (amidon de ma\u00efs, amidon de riz, f\u00e9cule de pomme de terre, farine de riz, sucre, <strong>lait<\/strong> en poudre, fibres v\u00e9g\u00e9tales, \u00e9paississants : farine de graines de guar, carboxym\u00e9thylcellulose), <strong>beurre<\/strong>, eau, amidon de bl\u00e9 sans gluten, <strong>oeufs<\/strong>, sucre, p\u00e9pites de chocolat noir (sucre, p\u00e2te de cacao, beurre de cacao, \u00e9mulsifiant : l\u00e9cithine de<strong> soja<\/strong>, min 20%), miel d&#8217;acacia, sorbitol, zeste d&#8217;orange (zeste d&#8217;orange, sirop de glucose -fructose, sucre), zeste de citron (zeste de citron, glucose-fructose sirop, sucre), beurre de cacao (<strong>soja<\/strong>), levure de bi\u00e8re, sel, mono et diglyc\u00e9rides d&#8217;acides gras, ar\u00f4mes, stabilisant E420, propyl\u00e8ne glycol, st\u00e9arate de sodium.<br \/>\nNE CONTIENT PAS DE GLUTEN ET D\u2019HUILE DE PALME.<br \/>\nContient du <strong>lait<\/strong>, des <strong>oeufs<\/strong>, du<strong> soja<\/strong>. Fabriqu\u00e9 dans un laboratoire qui utilise \u00e9galement du <strong>lait<\/strong>, du <strong>s\u00e9same<\/strong>, des <strong>fruits \u00e0 coque<\/strong> et des<strong> cacahu\u00e8tes<\/strong>.<\/p>\n","protected":false},"excerpt":{"rendered":"<p>Une colombe sp\u00e9ciale qui conserve inchang\u00e9es les caract\u00e9ristiques du traditionnel g\u00e2teau de P\u00e2ques. Il est produit avec des mati\u00e8res premi\u00e8res certifi\u00e9es et est une p\u00e2te saine et douce qui renferme un nid d&#8217;abeille r\u00e9gulier agr\u00e9ment\u00e9 de<strong> gouttes de chocolat noir<\/strong>.<\/p>\n<p><strong>Formato 400 gr<\/strong> &#8211; <strong>Emballe\u0301 a\u0300 la main<\/strong><\/p>\n<table border=\"0\">\n<tbody>\n<tr>\n<td><img loading=\"lazy\" decoding=\"async\" class=\"alignnone wp-image-573\" src=\"https:\/\/www.ammore.online\/wp-content\/uploads\/2022\/08\/Ingredienti_artigianale.png\" alt=\"\" width=\"197\" height=\"82\" \/><\/td>\n<td><img loading=\"lazy\" decoding=\"async\" class=\"alignnone size-medium wp-image-583\" src=\"https:\/\/www.ammore.online\/wp-content\/uploads\/2022\/08\/Ingredienti_naturale-300x125.png\" alt=\"\" width=\"197\" height=\"82\" srcset=\"https:\/\/www.ammore.online\/wp-content\/uploads\/2022\/08\/Ingredienti_naturale-300x125.png 300w, https:\/\/www.ammore.online\/wp-content\/uploads\/2022\/08\/Ingredienti_naturale-768x320.png 768w, https:\/\/www.ammore.online\/wp-content\/uploads\/2022\/08\/Ingredienti_naturale-720x300.png 720w, https:\/\/www.ammore.online\/wp-content\/uploads\/2022\/08\/Ingredienti_naturale.png 933w\" sizes=\"auto, (max-width: 197px) 100vw, 197px\" \/><\/td>\n<\/tr>\n<tr>\n<td><img loading=\"lazy\" decoding=\"async\" class=\"alignnone size-medium wp-image-593\" src=\"https:\/\/www.ammore.online\/wp-content\/uploads\/2022\/08\/Ingredienti_no_palma-300x125.png\" alt=\"\" width=\"197\" height=\"82\" srcset=\"https:\/\/www.ammore.online\/wp-content\/uploads\/2022\/08\/Ingredienti_no_palma-300x125.png 300w, https:\/\/www.ammore.online\/wp-content\/uploads\/2022\/08\/Ingredienti_no_palma-768x320.png 768w, https:\/\/www.ammore.online\/wp-content\/uploads\/2022\/08\/Ingredienti_no_palma-720x300.png 720w, https:\/\/www.ammore.online\/wp-content\/uploads\/2022\/08\/Ingredienti_no_palma.png 933w\" sizes=\"auto, (max-width: 197px) 100vw, 197px\" \/><\/td>\n<td><img loading=\"lazy\" decoding=\"async\" class=\"alignnone size-medium wp-image-588\" src=\"https:\/\/www.ammore.online\/wp-content\/uploads\/2022\/08\/Ingredienti_no_grassi-300x125.png\" alt=\"\" width=\"197\" height=\"82\" srcset=\"https:\/\/www.ammore.online\/wp-content\/uploads\/2022\/08\/Ingredienti_no_grassi-300x125.png 300w, https:\/\/www.ammore.online\/wp-content\/uploads\/2022\/08\/Ingredienti_no_grassi-768x320.png 768w, https:\/\/www.ammore.online\/wp-content\/uploads\/2022\/08\/Ingredienti_no_grassi-720x300.png 720w, https:\/\/www.ammore.online\/wp-content\/uploads\/2022\/08\/Ingredienti_no_grassi.png 933w\" sizes=\"auto, (max-width: 197px) 100vw, 197px\" \/><\/td>\n<\/tr>\n<\/tbody>\n<\/table>\n","protected":false},"featured_media":2404,"template":"","meta":{"_genesis_hide_title":false,"_genesis_hide_breadcrumbs":false,"_genesis_hide_singular_image":false,"_genesis_hide_footer_widgets":false,"_genesis_custom_body_class":"","_genesis_custom_post_class":"","_genesis_layout":""},"product_cat":[122,124],"product_tag":[],"class_list":{"0":"post-2346","1":"product","2":"type-product","3":"status-publish","4":"has-post-thumbnail","6":"product_cat-paques","7":"product_cat-paques-sans-gluten","8":"entry","10":"first","11":"outofstock","12":"shipping-taxable","13":"purchasable","14":"product-type-simple"},"yoast_head":"<!-- This site is optimized with the Yoast SEO plugin v23.7 - https:\/\/yoast.com\/wordpress\/plugins\/seo\/ -->\n<title>Colomba artisanal  Chocolat sans gluten - Ammore<\/title>\n<meta name=\"robots\" content=\"index, follow, max-snippet:-1, max-image-preview:large, max-video-preview:-1\" \/>\n<link rel=\"canonical\" href=\"https:\/\/www.ammore.online\/fr\/prodotto\/colomba-artigianale-cioccolato-senza-glutine\/\" \/>\n<meta property=\"og:locale\" content=\"fr_FR\" \/>\n<meta property=\"og:type\" content=\"article\" \/>\n<meta property=\"og:title\" content=\"Colomba artisanal  Chocolat sans gluten - Ammore\" \/>\n<meta property=\"og:description\" content=\"Une colombe sp\u00e9ciale qui conserve inchang\u00e9es les caract\u00e9ristiques du traditionnel g\u00e2teau de P\u00e2ques. Il est produit avec des mati\u00e8res premi\u00e8res certifi\u00e9es et est une p\u00e2te saine et douce qui renferme un nid d&#039;abeille r\u00e9gulier agr\u00e9ment\u00e9 de gouttes de chocolat noir.  Formato 400 gr - Emballe\u0301 a\u0300 la main\" \/>\n<meta property=\"og:url\" content=\"https:\/\/www.ammore.online\/fr\/prodotto\/colomba-artigianale-cioccolato-senza-glutine\/\" \/>\n<meta property=\"og:site_name\" content=\"Ammore\" \/>\n<meta property=\"article:publisher\" content=\"https:\/\/www.facebook.com\/ammore.official\" \/>\n<meta property=\"article:modified_time\" content=\"2024-01-15T19:15:31+00:00\" \/>\n<meta name=\"twitter:card\" content=\"summary_large_image\" \/>\n<meta name=\"twitter:label1\" content=\"Dur\u00e9e de lecture estim\u00e9e\" \/>\n\t<meta name=\"twitter:data1\" content=\"1 minute\" \/>\n<script type=\"application\/ld+json\" class=\"yoast-schema-graph\">{\"@context\":\"https:\/\/schema.org\",\"@graph\":[{\"@type\":\"WebPage\",\"@id\":\"https:\/\/www.ammore.online\/fr\/prodotto\/colomba-artigianale-cioccolato-senza-glutine\/\",\"url\":\"https:\/\/www.ammore.online\/fr\/prodotto\/colomba-artigianale-cioccolato-senza-glutine\/\",\"name\":\"Colomba artisanal Chocolat sans gluten - Ammore\",\"isPartOf\":{\"@id\":\"https:\/\/www.ammore.online\/es\/#website\"},\"primaryImageOfPage\":{\"@id\":\"https:\/\/www.ammore.online\/fr\/prodotto\/colomba-artigianale-cioccolato-senza-glutine\/#primaryimage\"},\"image\":{\"@id\":\"https:\/\/www.ammore.online\/fr\/prodotto\/colomba-artigianale-cioccolato-senza-glutine\/#primaryimage\"},\"thumbnailUrl\":\"https:\/\/www.ammore.online\/wp-content\/uploads\/2023\/02\/CIOCCO-SENZA-GLUTINE.jpg\",\"datePublished\":\"2023-02-01T17:28:39+00:00\",\"dateModified\":\"2024-01-15T19:15:31+00:00\",\"breadcrumb\":{\"@id\":\"https:\/\/www.ammore.online\/fr\/prodotto\/colomba-artigianale-cioccolato-senza-glutine\/#breadcrumb\"},\"inLanguage\":\"fr-FR\",\"potentialAction\":[{\"@type\":\"ReadAction\",\"target\":[\"https:\/\/www.ammore.online\/fr\/prodotto\/colomba-artigianale-cioccolato-senza-glutine\/\"]}]},{\"@type\":\"ImageObject\",\"inLanguage\":\"fr-FR\",\"@id\":\"https:\/\/www.ammore.online\/fr\/prodotto\/colomba-artigianale-cioccolato-senza-glutine\/#primaryimage\",\"url\":\"https:\/\/www.ammore.online\/wp-content\/uploads\/2023\/02\/CIOCCO-SENZA-GLUTINE.jpg\",\"contentUrl\":\"https:\/\/www.ammore.online\/wp-content\/uploads\/2023\/02\/CIOCCO-SENZA-GLUTINE.jpg\",\"width\":1306,\"height\":884},{\"@type\":\"BreadcrumbList\",\"@id\":\"https:\/\/www.ammore.online\/fr\/prodotto\/colomba-artigianale-cioccolato-senza-glutine\/#breadcrumb\",\"itemListElement\":[{\"@type\":\"ListItem\",\"position\":1,\"name\":\"Home\",\"item\":\"https:\/\/www.ammore.online\/fr\/\"},{\"@type\":\"ListItem\",\"position\":2,\"name\":\"Boutique\",\"item\":\"https:\/\/www.ammore.online\/fr\/boutique\/\"},{\"@type\":\"ListItem\",\"position\":3,\"name\":\"Colomba artisanal Chocolat sans gluten\"}]},{\"@type\":\"WebSite\",\"@id\":\"https:\/\/www.ammore.online\/es\/#website\",\"url\":\"https:\/\/www.ammore.online\/es\/\",\"name\":\"Ammore\",\"description\":\"Il gusto della tradizione\",\"publisher\":{\"@id\":\"https:\/\/www.ammore.online\/es\/#organization\"},\"potentialAction\":[{\"@type\":\"SearchAction\",\"target\":{\"@type\":\"EntryPoint\",\"urlTemplate\":\"https:\/\/www.ammore.online\/es\/?s={search_term_string}\"},\"query-input\":{\"@type\":\"PropertyValueSpecification\",\"valueRequired\":true,\"valueName\":\"search_term_string\"}}],\"inLanguage\":\"fr-FR\"},{\"@type\":\"Organization\",\"@id\":\"https:\/\/www.ammore.online\/es\/#organization\",\"name\":\"Ammore\",\"url\":\"https:\/\/www.ammore.online\/es\/\",\"logo\":{\"@type\":\"ImageObject\",\"inLanguage\":\"fr-FR\",\"@id\":\"https:\/\/www.ammore.online\/es\/#\/schema\/logo\/image\/\",\"url\":\"https:\/\/www.ammore.online\/wp-content\/uploads\/2023\/10\/cropped-cropped-Ammore_logo.png\",\"contentUrl\":\"https:\/\/www.ammore.online\/wp-content\/uploads\/2023\/10\/cropped-cropped-Ammore_logo.png\",\"width\":1411,\"height\":393,\"caption\":\"Ammore\"},\"image\":{\"@id\":\"https:\/\/www.ammore.online\/es\/#\/schema\/logo\/image\/\"},\"sameAs\":[\"https:\/\/www.facebook.com\/ammore.official\",\"https:\/\/www.instagram.com\/ammore_official\"]}]}<\/script>\n<!-- \/ Yoast SEO plugin. -->","yoast_head_json":{"title":"Colomba artisanal  Chocolat sans gluten - Ammore","robots":{"index":"index","follow":"follow","max-snippet":"max-snippet:-1","max-image-preview":"max-image-preview:large","max-video-preview":"max-video-preview:-1"},"canonical":"https:\/\/www.ammore.online\/fr\/prodotto\/colomba-artigianale-cioccolato-senza-glutine\/","og_locale":"fr_FR","og_type":"article","og_title":"Colomba artisanal  Chocolat sans gluten - Ammore","og_description":"Une colombe sp\u00e9ciale qui conserve inchang\u00e9es les caract\u00e9ristiques du traditionnel g\u00e2teau de P\u00e2ques. Il est produit avec des mati\u00e8res premi\u00e8res certifi\u00e9es et est une p\u00e2te saine et douce qui renferme un nid d'abeille r\u00e9gulier agr\u00e9ment\u00e9 de gouttes de chocolat noir.  Formato 400 gr - Emballe\u0301 a\u0300 la main","og_url":"https:\/\/www.ammore.online\/fr\/prodotto\/colomba-artigianale-cioccolato-senza-glutine\/","og_site_name":"Ammore","article_publisher":"https:\/\/www.facebook.com\/ammore.official","article_modified_time":"2024-01-15T19:15:31+00:00","twitter_card":"summary_large_image","twitter_misc":{"Dur\u00e9e de lecture estim\u00e9e":"1 minute"},"schema":{"@context":"https:\/\/schema.org","@graph":[{"@type":"WebPage","@id":"https:\/\/www.ammore.online\/fr\/prodotto\/colomba-artigianale-cioccolato-senza-glutine\/","url":"https:\/\/www.ammore.online\/fr\/prodotto\/colomba-artigianale-cioccolato-senza-glutine\/","name":"Colomba artisanal Chocolat sans gluten - Ammore","isPartOf":{"@id":"https:\/\/www.ammore.online\/es\/#website"},"primaryImageOfPage":{"@id":"https:\/\/www.ammore.online\/fr\/prodotto\/colomba-artigianale-cioccolato-senza-glutine\/#primaryimage"},"image":{"@id":"https:\/\/www.ammore.online\/fr\/prodotto\/colomba-artigianale-cioccolato-senza-glutine\/#primaryimage"},"thumbnailUrl":"https:\/\/www.ammore.online\/wp-content\/uploads\/2023\/02\/CIOCCO-SENZA-GLUTINE.jpg","datePublished":"2023-02-01T17:28:39+00:00","dateModified":"2024-01-15T19:15:31+00:00","breadcrumb":{"@id":"https:\/\/www.ammore.online\/fr\/prodotto\/colomba-artigianale-cioccolato-senza-glutine\/#breadcrumb"},"inLanguage":"fr-FR","potentialAction":[{"@type":"ReadAction","target":["https:\/\/www.ammore.online\/fr\/prodotto\/colomba-artigianale-cioccolato-senza-glutine\/"]}]},{"@type":"ImageObject","inLanguage":"fr-FR","@id":"https:\/\/www.ammore.online\/fr\/prodotto\/colomba-artigianale-cioccolato-senza-glutine\/#primaryimage","url":"https:\/\/www.ammore.online\/wp-content\/uploads\/2023\/02\/CIOCCO-SENZA-GLUTINE.jpg","contentUrl":"https:\/\/www.ammore.online\/wp-content\/uploads\/2023\/02\/CIOCCO-SENZA-GLUTINE.jpg","width":1306,"height":884},{"@type":"BreadcrumbList","@id":"https:\/\/www.ammore.online\/fr\/prodotto\/colomba-artigianale-cioccolato-senza-glutine\/#breadcrumb","itemListElement":[{"@type":"ListItem","position":1,"name":"Home","item":"https:\/\/www.ammore.online\/fr\/"},{"@type":"ListItem","position":2,"name":"Boutique","item":"https:\/\/www.ammore.online\/fr\/boutique\/"},{"@type":"ListItem","position":3,"name":"Colomba artisanal Chocolat sans gluten"}]},{"@type":"WebSite","@id":"https:\/\/www.ammore.online\/es\/#website","url":"https:\/\/www.ammore.online\/es\/","name":"Ammore","description":"Il gusto della tradizione","publisher":{"@id":"https:\/\/www.ammore.online\/es\/#organization"},"potentialAction":[{"@type":"SearchAction","target":{"@type":"EntryPoint","urlTemplate":"https:\/\/www.ammore.online\/es\/?s={search_term_string}"},"query-input":{"@type":"PropertyValueSpecification","valueRequired":true,"valueName":"search_term_string"}}],"inLanguage":"fr-FR"},{"@type":"Organization","@id":"https:\/\/www.ammore.online\/es\/#organization","name":"Ammore","url":"https:\/\/www.ammore.online\/es\/","logo":{"@type":"ImageObject","inLanguage":"fr-FR","@id":"https:\/\/www.ammore.online\/es\/#\/schema\/logo\/image\/","url":"https:\/\/www.ammore.online\/wp-content\/uploads\/2023\/10\/cropped-cropped-Ammore_logo.png","contentUrl":"https:\/\/www.ammore.online\/wp-content\/uploads\/2023\/10\/cropped-cropped-Ammore_logo.png","width":1411,"height":393,"caption":"Ammore"},"image":{"@id":"https:\/\/www.ammore.online\/es\/#\/schema\/logo\/image\/"},"sameAs":["https:\/\/www.facebook.com\/ammore.official","https:\/\/www.instagram.com\/ammore_official"]}]}},"_links":{"self":[{"href":"https:\/\/www.ammore.online\/fr\/wp-json\/wp\/v2\/product\/2346","targetHints":{"allow":["GET"]}}],"collection":[{"href":"https:\/\/www.ammore.online\/fr\/wp-json\/wp\/v2\/product"}],"about":[{"href":"https:\/\/www.ammore.online\/fr\/wp-json\/wp\/v2\/types\/product"}],"wp:featuredmedia":[{"embeddable":true,"href":"https:\/\/www.ammore.online\/fr\/wp-json\/wp\/v2\/media\/2404"}],"wp:attachment":[{"href":"https:\/\/www.ammore.online\/fr\/wp-json\/wp\/v2\/media?parent=2346"}],"wp:term":[{"taxonomy":"product_cat","embeddable":true,"href":"https:\/\/www.ammore.online\/fr\/wp-json\/wp\/v2\/product_cat?post=2346"},{"taxonomy":"product_tag","embeddable":true,"href":"https:\/\/www.ammore.online\/fr\/wp-json\/wp\/v2\/product_tag?post=2346"}],"curies":[{"name":"wp","href":"https:\/\/api.w.org\/{rel}","templated":true}]}}