{"id":1136,"date":"2022-09-01T12:31:25","date_gmt":"2022-09-01T12:31:25","guid":{"rendered":"https:\/\/www.ammore.online\/?post_type=product&#038;p=1136"},"modified":"2025-04-14T17:21:06","modified_gmt":"2025-04-14T17:21:06","slug":"panevo-artigianale-cavolo-verza-e-formaggio","status":"publish","type":"product","link":"https:\/\/www.ammore.online\/fr\/prodotto\/panevo-artigianale-cavolo-verza-e-formaggio\/","title":{"rendered":"PanEvo artisanal <br> Chou noirc chou et fromage"},"content":{"rendered":"<p><strong>Ingr\u00e9dients<\/strong>: farine de <strong>bl\u00e9<\/strong>, jaune <strong>d&#8217;\u0153uf<\/strong> frais, huile d&#8217;olive vierge extra, <strong>beurre<\/strong> de cacao, sucre, levure naturelle (farine de <strong>bl\u00e9<\/strong>), sel, poivre, chou noir s\u00e9ch\u00e9 bio en morceaux, chou s\u00e9ch\u00e9 bio en morceaux, formage ch\u00e8vre\u00a0 (<strong>lait<\/strong> de ch\u00e8vre, sel, pr\u00e9sure, ferments lactiques), parmigiano reggiano DOP (<strong>lait<\/strong>, pr\u00e9sure et sel), dextrose, ar\u00f4mes, correcteur d&#8217;acidit\u00e9 : acide citrique. Peut contenir des traces de <strong>fruits \u00e0 coque<\/strong>, de<strong> soja<\/strong> et de<strong> moutarde<\/strong>. Conserver dans un lieu frais et sec. Produit sujet \u00e0 une perte de poids. Fabriqu\u00e9 en Italie.<\/p>\n","protected":false},"excerpt":{"rendered":"<p>Produit au levain l\u00e9g\u00e8rement sal\u00e9 avec de l&#8217;huile d&#8217;olive extra vierge. La saveur du <strong>chou noir<\/strong> et du <strong>chou de Milan<\/strong> (bio et s\u00e9ch\u00e9s en morceaux) ainsi que le<strong> fromage<\/strong>\u00a0assaisonn\u00e9 et une fuite de <strong>vente Maldon<\/strong> en surface et lui conf\u00e8rent un go\u00fbt original. Il est particuli\u00e8rement adapt\u00e9 \u00e0 l&#8217;ap\u00e9ritif et pour toute occasion sp\u00e9cial.<\/p>\n<p><strong>Format 500 g &#8211; Emballe\u0301 a\u0300 la main<\/strong><\/p>\n<p><img loading=\"lazy\" decoding=\"async\" class=\"alignnone wp-image-573\" src=\"https:\/\/www.ammore.online\/wp-content\/uploads\/2022\/08\/Ingredienti_artigianale-fr.png\" alt=\"\" width=\"197\" height=\"82\" \/><img loading=\"lazy\" decoding=\"async\" class=\"alignnone size-medium wp-image-578\" src=\"https:\/\/www.ammore.online\/wp-content\/uploads\/2022\/08\/Ingredienti_lievito-fr.png\" alt=\"\" width=\"197\" height=\"82\" \/><img loading=\"lazy\" decoding=\"async\" class=\"alignnone size-medium wp-image-583\" src=\"https:\/\/www.ammore.online\/wp-content\/uploads\/2022\/08\/Ingredienti_naturale-fr.png\" alt=\"\" width=\"197\" height=\"82\" \/><img loading=\"lazy\" decoding=\"async\" class=\"alignnone size-medium wp-image-593\" src=\"https:\/\/www.ammore.online\/wp-content\/uploads\/2022\/08\/Ingredienti_no_palma-fr.png\" alt=\"\" width=\"197\" height=\"82\" \/><img loading=\"lazy\" decoding=\"async\" class=\"alignnone size-medium wp-image-588\" src=\"https:\/\/www.ammore.online\/wp-content\/uploads\/2022\/08\/Ingredienti_no_grassi-fr.png\" alt=\"\" width=\"197\" height=\"82\" \/><img loading=\"lazy\" decoding=\"async\" class=\"alignnone wp-image-573\" src=\"https:\/\/www.ammore.online\/wp-content\/uploads\/2022\/08\/Ingredienti_clip-fr.png\" alt=\"\" width=\"197\" height=\"82\" \/><img loading=\"lazy\" decoding=\"async\" class=\"alignnone size-medium wp-image-593\" src=\"https:\/\/www.ammore.online\/wp-content\/uploads\/2022\/08\/Ingredienti_olio-fr.png\" alt=\"\" width=\"197\" height=\"82\" \/><\/p>\n","protected":false},"featured_media":4963,"template":"","meta":{"_genesis_hide_title":false,"_genesis_hide_breadcrumbs":false,"_genesis_hide_singular_image":false,"_genesis_hide_footer_widgets":false,"_genesis_custom_body_class":"","_genesis_custom_post_class":"","_genesis_layout":""},"product_cat":[81],"product_tag":[],"class_list":{"0":"post-1136","1":"product","2":"type-product","3":"status-publish","4":"has-post-thumbnail","6":"product_cat-panevo-fr","7":"entry","9":"first","10":"outofstock","11":"shipping-taxable","12":"purchasable","13":"product-type-simple"},"yoast_head":"<!-- This site is optimized with the Yoast SEO plugin v23.7 - https:\/\/yoast.com\/wordpress\/plugins\/seo\/ -->\n<title>PanEvo artisanal  Chou noirc chou et fromage - Ammore<\/title>\n<meta name=\"robots\" content=\"index, follow, max-snippet:-1, max-image-preview:large, max-video-preview:-1\" \/>\n<link rel=\"canonical\" href=\"https:\/\/www.ammore.online\/fr\/prodotto\/panevo-artigianale-cavolo-verza-e-formaggio\/\" \/>\n<meta property=\"og:locale\" content=\"fr_FR\" \/>\n<meta property=\"og:type\" content=\"article\" \/>\n<meta property=\"og:title\" content=\"PanEvo artisanal  Chou noirc chou et fromage - Ammore\" \/>\n<meta property=\"og:description\" content=\"Produit au levain l\u00e9g\u00e8rement sal\u00e9 avec de l&#039;huile d&#039;olive extra vierge. La saveur du chou noir et du chou de Milan (bio et s\u00e9ch\u00e9s en morceaux) ainsi que le fromage\u00a0assaisonn\u00e9 et une fuite de vente Maldon en surface et lui conf\u00e8rent un go\u00fbt original. Il est particuli\u00e8rement adapt\u00e9 \u00e0 l&#039;ap\u00e9ritif et pour toute occasion sp\u00e9cial.  Format 500 g - Emballe\u0301 a\u0300 la main\" \/>\n<meta property=\"og:url\" content=\"https:\/\/www.ammore.online\/fr\/prodotto\/panevo-artigianale-cavolo-verza-e-formaggio\/\" \/>\n<meta property=\"og:site_name\" content=\"Ammore\" \/>\n<meta property=\"article:publisher\" content=\"https:\/\/www.facebook.com\/ammore.official\" \/>\n<meta property=\"article:modified_time\" content=\"2025-04-14T17:21:06+00:00\" \/>\n<meta name=\"twitter:card\" content=\"summary_large_image\" \/>\n<meta name=\"twitter:label1\" content=\"Dur\u00e9e de lecture estim\u00e9e\" \/>\n\t<meta name=\"twitter:data1\" content=\"1 minute\" \/>\n<script type=\"application\/ld+json\" class=\"yoast-schema-graph\">{\"@context\":\"https:\/\/schema.org\",\"@graph\":[{\"@type\":\"WebPage\",\"@id\":\"https:\/\/www.ammore.online\/fr\/prodotto\/panevo-artigianale-cavolo-verza-e-formaggio\/\",\"url\":\"https:\/\/www.ammore.online\/fr\/prodotto\/panevo-artigianale-cavolo-verza-e-formaggio\/\",\"name\":\"PanEvo artisanal Chou noirc chou et fromage - Ammore\",\"isPartOf\":{\"@id\":\"https:\/\/www.ammore.online\/es\/#website\"},\"primaryImageOfPage\":{\"@id\":\"https:\/\/www.ammore.online\/fr\/prodotto\/panevo-artigianale-cavolo-verza-e-formaggio\/#primaryimage\"},\"image\":{\"@id\":\"https:\/\/www.ammore.online\/fr\/prodotto\/panevo-artigianale-cavolo-verza-e-formaggio\/#primaryimage\"},\"thumbnailUrl\":\"https:\/\/www.ammore.online\/wp-content\/uploads\/2024\/10\/Panevo.jpg\",\"datePublished\":\"2022-09-01T12:31:25+00:00\",\"dateModified\":\"2025-04-14T17:21:06+00:00\",\"breadcrumb\":{\"@id\":\"https:\/\/www.ammore.online\/fr\/prodotto\/panevo-artigianale-cavolo-verza-e-formaggio\/#breadcrumb\"},\"inLanguage\":\"fr-FR\",\"potentialAction\":[{\"@type\":\"ReadAction\",\"target\":[\"https:\/\/www.ammore.online\/fr\/prodotto\/panevo-artigianale-cavolo-verza-e-formaggio\/\"]}]},{\"@type\":\"ImageObject\",\"inLanguage\":\"fr-FR\",\"@id\":\"https:\/\/www.ammore.online\/fr\/prodotto\/panevo-artigianale-cavolo-verza-e-formaggio\/#primaryimage\",\"url\":\"https:\/\/www.ammore.online\/wp-content\/uploads\/2024\/10\/Panevo.jpg\",\"contentUrl\":\"https:\/\/www.ammore.online\/wp-content\/uploads\/2024\/10\/Panevo.jpg\",\"width\":1920,\"height\":1920,\"caption\":\"Foto \u00a9 Alessandra Farinelli\"},{\"@type\":\"BreadcrumbList\",\"@id\":\"https:\/\/www.ammore.online\/fr\/prodotto\/panevo-artigianale-cavolo-verza-e-formaggio\/#breadcrumb\",\"itemListElement\":[{\"@type\":\"ListItem\",\"position\":1,\"name\":\"Home\",\"item\":\"https:\/\/www.ammore.online\/fr\/\"},{\"@type\":\"ListItem\",\"position\":2,\"name\":\"Boutique\",\"item\":\"https:\/\/www.ammore.online\/fr\/boutique\/\"},{\"@type\":\"ListItem\",\"position\":3,\"name\":\"PanEvo artisanal Chou noirc chou et fromage\"}]},{\"@type\":\"WebSite\",\"@id\":\"https:\/\/www.ammore.online\/es\/#website\",\"url\":\"https:\/\/www.ammore.online\/es\/\",\"name\":\"Ammore\",\"description\":\"Il gusto della tradizione\",\"publisher\":{\"@id\":\"https:\/\/www.ammore.online\/es\/#organization\"},\"potentialAction\":[{\"@type\":\"SearchAction\",\"target\":{\"@type\":\"EntryPoint\",\"urlTemplate\":\"https:\/\/www.ammore.online\/es\/?s={search_term_string}\"},\"query-input\":{\"@type\":\"PropertyValueSpecification\",\"valueRequired\":true,\"valueName\":\"search_term_string\"}}],\"inLanguage\":\"fr-FR\"},{\"@type\":\"Organization\",\"@id\":\"https:\/\/www.ammore.online\/es\/#organization\",\"name\":\"Ammore\",\"url\":\"https:\/\/www.ammore.online\/es\/\",\"logo\":{\"@type\":\"ImageObject\",\"inLanguage\":\"fr-FR\",\"@id\":\"https:\/\/www.ammore.online\/es\/#\/schema\/logo\/image\/\",\"url\":\"https:\/\/www.ammore.online\/wp-content\/uploads\/2023\/10\/cropped-cropped-Ammore_logo.png\",\"contentUrl\":\"https:\/\/www.ammore.online\/wp-content\/uploads\/2023\/10\/cropped-cropped-Ammore_logo.png\",\"width\":1411,\"height\":393,\"caption\":\"Ammore\"},\"image\":{\"@id\":\"https:\/\/www.ammore.online\/es\/#\/schema\/logo\/image\/\"},\"sameAs\":[\"https:\/\/www.facebook.com\/ammore.official\",\"https:\/\/www.instagram.com\/ammore_official\"]}]}<\/script>\n<!-- \/ Yoast SEO plugin. -->","yoast_head_json":{"title":"PanEvo artisanal  Chou noirc chou et fromage - Ammore","robots":{"index":"index","follow":"follow","max-snippet":"max-snippet:-1","max-image-preview":"max-image-preview:large","max-video-preview":"max-video-preview:-1"},"canonical":"https:\/\/www.ammore.online\/fr\/prodotto\/panevo-artigianale-cavolo-verza-e-formaggio\/","og_locale":"fr_FR","og_type":"article","og_title":"PanEvo artisanal  Chou noirc chou et fromage - Ammore","og_description":"Produit au levain l\u00e9g\u00e8rement sal\u00e9 avec de l'huile d'olive extra vierge. La saveur du chou noir et du chou de Milan (bio et s\u00e9ch\u00e9s en morceaux) ainsi que le fromage\u00a0assaisonn\u00e9 et une fuite de vente Maldon en surface et lui conf\u00e8rent un go\u00fbt original. Il est particuli\u00e8rement adapt\u00e9 \u00e0 l'ap\u00e9ritif et pour toute occasion sp\u00e9cial.  Format 500 g - Emballe\u0301 a\u0300 la main","og_url":"https:\/\/www.ammore.online\/fr\/prodotto\/panevo-artigianale-cavolo-verza-e-formaggio\/","og_site_name":"Ammore","article_publisher":"https:\/\/www.facebook.com\/ammore.official","article_modified_time":"2025-04-14T17:21:06+00:00","twitter_card":"summary_large_image","twitter_misc":{"Dur\u00e9e de lecture estim\u00e9e":"1 minute"},"schema":{"@context":"https:\/\/schema.org","@graph":[{"@type":"WebPage","@id":"https:\/\/www.ammore.online\/fr\/prodotto\/panevo-artigianale-cavolo-verza-e-formaggio\/","url":"https:\/\/www.ammore.online\/fr\/prodotto\/panevo-artigianale-cavolo-verza-e-formaggio\/","name":"PanEvo artisanal Chou noirc chou et fromage - Ammore","isPartOf":{"@id":"https:\/\/www.ammore.online\/es\/#website"},"primaryImageOfPage":{"@id":"https:\/\/www.ammore.online\/fr\/prodotto\/panevo-artigianale-cavolo-verza-e-formaggio\/#primaryimage"},"image":{"@id":"https:\/\/www.ammore.online\/fr\/prodotto\/panevo-artigianale-cavolo-verza-e-formaggio\/#primaryimage"},"thumbnailUrl":"https:\/\/www.ammore.online\/wp-content\/uploads\/2024\/10\/Panevo.jpg","datePublished":"2022-09-01T12:31:25+00:00","dateModified":"2025-04-14T17:21:06+00:00","breadcrumb":{"@id":"https:\/\/www.ammore.online\/fr\/prodotto\/panevo-artigianale-cavolo-verza-e-formaggio\/#breadcrumb"},"inLanguage":"fr-FR","potentialAction":[{"@type":"ReadAction","target":["https:\/\/www.ammore.online\/fr\/prodotto\/panevo-artigianale-cavolo-verza-e-formaggio\/"]}]},{"@type":"ImageObject","inLanguage":"fr-FR","@id":"https:\/\/www.ammore.online\/fr\/prodotto\/panevo-artigianale-cavolo-verza-e-formaggio\/#primaryimage","url":"https:\/\/www.ammore.online\/wp-content\/uploads\/2024\/10\/Panevo.jpg","contentUrl":"https:\/\/www.ammore.online\/wp-content\/uploads\/2024\/10\/Panevo.jpg","width":1920,"height":1920,"caption":"Foto \u00a9 Alessandra Farinelli"},{"@type":"BreadcrumbList","@id":"https:\/\/www.ammore.online\/fr\/prodotto\/panevo-artigianale-cavolo-verza-e-formaggio\/#breadcrumb","itemListElement":[{"@type":"ListItem","position":1,"name":"Home","item":"https:\/\/www.ammore.online\/fr\/"},{"@type":"ListItem","position":2,"name":"Boutique","item":"https:\/\/www.ammore.online\/fr\/boutique\/"},{"@type":"ListItem","position":3,"name":"PanEvo artisanal Chou noirc chou et fromage"}]},{"@type":"WebSite","@id":"https:\/\/www.ammore.online\/es\/#website","url":"https:\/\/www.ammore.online\/es\/","name":"Ammore","description":"Il gusto della tradizione","publisher":{"@id":"https:\/\/www.ammore.online\/es\/#organization"},"potentialAction":[{"@type":"SearchAction","target":{"@type":"EntryPoint","urlTemplate":"https:\/\/www.ammore.online\/es\/?s={search_term_string}"},"query-input":{"@type":"PropertyValueSpecification","valueRequired":true,"valueName":"search_term_string"}}],"inLanguage":"fr-FR"},{"@type":"Organization","@id":"https:\/\/www.ammore.online\/es\/#organization","name":"Ammore","url":"https:\/\/www.ammore.online\/es\/","logo":{"@type":"ImageObject","inLanguage":"fr-FR","@id":"https:\/\/www.ammore.online\/es\/#\/schema\/logo\/image\/","url":"https:\/\/www.ammore.online\/wp-content\/uploads\/2023\/10\/cropped-cropped-Ammore_logo.png","contentUrl":"https:\/\/www.ammore.online\/wp-content\/uploads\/2023\/10\/cropped-cropped-Ammore_logo.png","width":1411,"height":393,"caption":"Ammore"},"image":{"@id":"https:\/\/www.ammore.online\/es\/#\/schema\/logo\/image\/"},"sameAs":["https:\/\/www.facebook.com\/ammore.official","https:\/\/www.instagram.com\/ammore_official"]}]}},"_links":{"self":[{"href":"https:\/\/www.ammore.online\/fr\/wp-json\/wp\/v2\/product\/1136","targetHints":{"allow":["GET"]}}],"collection":[{"href":"https:\/\/www.ammore.online\/fr\/wp-json\/wp\/v2\/product"}],"about":[{"href":"https:\/\/www.ammore.online\/fr\/wp-json\/wp\/v2\/types\/product"}],"wp:featuredmedia":[{"embeddable":true,"href":"https:\/\/www.ammore.online\/fr\/wp-json\/wp\/v2\/media\/4963"}],"wp:attachment":[{"href":"https:\/\/www.ammore.online\/fr\/wp-json\/wp\/v2\/media?parent=1136"}],"wp:term":[{"taxonomy":"product_cat","embeddable":true,"href":"https:\/\/www.ammore.online\/fr\/wp-json\/wp\/v2\/product_cat?post=1136"},{"taxonomy":"product_tag","embeddable":true,"href":"https:\/\/www.ammore.online\/fr\/wp-json\/wp\/v2\/product_tag?post=1136"}],"curies":[{"name":"wp","href":"https:\/\/api.w.org\/{rel}","templated":true}]}}