{"id":1110,"date":"2022-09-01T08:34:34","date_gmt":"2022-09-01T08:34:34","guid":{"rendered":"https:\/\/www.ammore.online\/prodotto\/fait-a-la-main-panevo-o-scarpariello\/"},"modified":"2025-04-14T18:17:30","modified_gmt":"2025-04-14T18:17:30","slug":"panevo-artigianale-o-scarpariello-2","status":"publish","type":"product","link":"https:\/\/www.ammore.online\/fr\/prodotto\/panevo-artigianale-o-scarpariello-2\/","title":{"rendered":"PanEvo artisanal <br> &#8216;O Scarpariello"},"content":{"rendered":"<p><strong>Ingr\u00e9dients<\/strong>: farine de <strong>bl\u00e9<\/strong>, jaune <strong>d&#8217;\u0153uf<\/strong> frais, huile d&#8217;olive extra vierge,<strong> beurre<\/strong> de cacao, sucre, levure nature (farine de <strong>bl\u00e9<\/strong>), sel, poivre, tomates s\u00e9ch\u00e9es \u00e9goutt\u00e9, parmigiano reggiano DOP (<strong>Lait<\/strong>, pr\u00e9sure et sel), dextrose, ar\u00f4mes, correcteur d&#8217;acidit\u00e9 : acide citrique. Peut contenir des traces de <strong>fruits \u00e0 coque<\/strong>, de <strong>soja<\/strong> et de <strong>moutarde<\/strong>. Conserver dans un lieu frais et sec. Produit sujet \u00e0 une perte de poids. Fabriqu\u00e9 en Italie.<\/p>\n","protected":false},"excerpt":{"rendered":"<p>Produit au levain l\u00e9g\u00e8rement sal\u00e9 avec de l&#8217;huile d&#8217;olive extra vierge. La saveur des<strong> tomates s\u00e9ch\u00e9es<\/strong> \u00e9goutt\u00e9es de Maida, du <strong>fromage<\/strong>, du <strong>basilic <\/strong>et une fuite de vente Maldon en surface frais lui donne un go\u00fbt original. Il est particuli\u00e8rement adapt\u00e9 \u00e0 l&#8217;ap\u00e9ritif et pour toute occasion sp\u00e9ciale.<\/p>\n<p><strong>Format 500 g <\/strong>&#8211;<strong> Emball\u00e9 \u00e0 la main<\/strong><\/p>\n<p><img loading=\"lazy\" decoding=\"async\" class=\"alignnone wp-image-573\" src=\"https:\/\/www.ammore.online\/wp-content\/uploads\/2022\/08\/Ingredienti_artigianale-fr.png\" alt=\"\" width=\"197\" height=\"82\" \/><img loading=\"lazy\" decoding=\"async\" class=\"alignnone size-medium wp-image-578\" src=\"https:\/\/www.ammore.online\/wp-content\/uploads\/2022\/08\/Ingredienti_lievito-fr.png\" alt=\"\" width=\"197\" height=\"82\" \/><img loading=\"lazy\" decoding=\"async\" class=\"alignnone size-medium wp-image-583\" src=\"https:\/\/www.ammore.online\/wp-content\/uploads\/2022\/08\/Ingredienti_naturale-fr.png\" alt=\"\" width=\"197\" height=\"82\" \/><img loading=\"lazy\" decoding=\"async\" class=\"alignnone size-medium wp-image-593\" src=\"https:\/\/www.ammore.online\/wp-content\/uploads\/2022\/08\/Ingredienti_no_palma-fr.png\" alt=\"\" width=\"197\" height=\"82\" \/><img loading=\"lazy\" decoding=\"async\" class=\"alignnone size-medium wp-image-588\" src=\"https:\/\/www.ammore.online\/wp-content\/uploads\/2022\/08\/Ingredienti_no_grassi-fr.png\" alt=\"\" width=\"197\" height=\"82\" \/><img loading=\"lazy\" decoding=\"async\" class=\"alignnone wp-image-573\" src=\"https:\/\/www.ammore.online\/wp-content\/uploads\/2022\/08\/Ingredienti_clip-fr.png\" alt=\"\" width=\"197\" height=\"82\" \/><img loading=\"lazy\" decoding=\"async\" class=\"alignnone size-medium wp-image-593\" src=\"https:\/\/www.ammore.online\/wp-content\/uploads\/2022\/08\/Ingredienti_olio-fr.png\" alt=\"\" width=\"197\" height=\"82\" \/><\/p>\n","protected":false},"featured_media":4978,"template":"","meta":{"_genesis_hide_title":false,"_genesis_hide_breadcrumbs":false,"_genesis_hide_singular_image":false,"_genesis_hide_footer_widgets":false,"_genesis_custom_body_class":"","_genesis_custom_post_class":"","_genesis_layout":""},"product_cat":[81],"product_tag":[],"class_list":{"0":"post-1110","1":"product","2":"type-product","3":"status-publish","4":"has-post-thumbnail","6":"product_cat-panevo-fr","7":"entry","9":"first","10":"instock","11":"shipping-taxable","12":"purchasable","13":"product-type-simple"},"yoast_head":"<!-- This site is optimized with the Yoast SEO plugin v23.7 - https:\/\/yoast.com\/wordpress\/plugins\/seo\/ -->\n<title>PanEvo artisanal  &#039;O Scarpariello - Ammore<\/title>\n<meta name=\"robots\" content=\"index, follow, max-snippet:-1, max-image-preview:large, max-video-preview:-1\" \/>\n<link rel=\"canonical\" href=\"https:\/\/www.ammore.online\/fr\/prodotto\/panevo-artigianale-o-scarpariello-2\/\" \/>\n<meta property=\"og:locale\" content=\"fr_FR\" \/>\n<meta property=\"og:type\" content=\"article\" \/>\n<meta property=\"og:title\" content=\"PanEvo artisanal  &#039;O Scarpariello - Ammore\" \/>\n<meta property=\"og:description\" content=\"Produit au levain l\u00e9g\u00e8rement sal\u00e9 avec de l&#039;huile d&#039;olive extra vierge. La saveur des tomates s\u00e9ch\u00e9es \u00e9goutt\u00e9es de Maida, du fromage, du basilic et une fuite de vente Maldon en surface frais lui donne un go\u00fbt original. Il est particuli\u00e8rement adapt\u00e9 \u00e0 l&#039;ap\u00e9ritif et pour toute occasion sp\u00e9ciale.  Format 500 g - Emball\u00e9 \u00e0 la main\" \/>\n<meta property=\"og:url\" content=\"https:\/\/www.ammore.online\/fr\/prodotto\/panevo-artigianale-o-scarpariello-2\/\" \/>\n<meta property=\"og:site_name\" content=\"Ammore\" \/>\n<meta property=\"article:publisher\" content=\"https:\/\/www.facebook.com\/ammore.official\" \/>\n<meta property=\"article:modified_time\" content=\"2025-04-14T18:17:30+00:00\" \/>\n<meta name=\"twitter:card\" content=\"summary_large_image\" \/>\n<meta name=\"twitter:label1\" content=\"Dur\u00e9e de lecture estim\u00e9e\" \/>\n\t<meta name=\"twitter:data1\" content=\"1 minute\" \/>\n<script type=\"application\/ld+json\" class=\"yoast-schema-graph\">{\"@context\":\"https:\/\/schema.org\",\"@graph\":[{\"@type\":\"WebPage\",\"@id\":\"https:\/\/www.ammore.online\/fr\/prodotto\/panevo-artigianale-o-scarpariello-2\/\",\"url\":\"https:\/\/www.ammore.online\/fr\/prodotto\/panevo-artigianale-o-scarpariello-2\/\",\"name\":\"PanEvo artisanal 'O Scarpariello - Ammore\",\"isPartOf\":{\"@id\":\"https:\/\/www.ammore.online\/es\/#website\"},\"primaryImageOfPage\":{\"@id\":\"https:\/\/www.ammore.online\/fr\/prodotto\/panevo-artigianale-o-scarpariello-2\/#primaryimage\"},\"image\":{\"@id\":\"https:\/\/www.ammore.online\/fr\/prodotto\/panevo-artigianale-o-scarpariello-2\/#primaryimage\"},\"thumbnailUrl\":\"https:\/\/www.ammore.online\/wp-content\/uploads\/2024\/10\/InCollage_20241018_160229091-scaled.jpg\",\"datePublished\":\"2022-09-01T08:34:34+00:00\",\"dateModified\":\"2025-04-14T18:17:30+00:00\",\"breadcrumb\":{\"@id\":\"https:\/\/www.ammore.online\/fr\/prodotto\/panevo-artigianale-o-scarpariello-2\/#breadcrumb\"},\"inLanguage\":\"fr-FR\",\"potentialAction\":[{\"@type\":\"ReadAction\",\"target\":[\"https:\/\/www.ammore.online\/fr\/prodotto\/panevo-artigianale-o-scarpariello-2\/\"]}]},{\"@type\":\"ImageObject\",\"inLanguage\":\"fr-FR\",\"@id\":\"https:\/\/www.ammore.online\/fr\/prodotto\/panevo-artigianale-o-scarpariello-2\/#primaryimage\",\"url\":\"https:\/\/www.ammore.online\/wp-content\/uploads\/2024\/10\/InCollage_20241018_160229091-scaled.jpg\",\"contentUrl\":\"https:\/\/www.ammore.online\/wp-content\/uploads\/2024\/10\/InCollage_20241018_160229091-scaled.jpg\",\"width\":2560,\"height\":2560},{\"@type\":\"BreadcrumbList\",\"@id\":\"https:\/\/www.ammore.online\/fr\/prodotto\/panevo-artigianale-o-scarpariello-2\/#breadcrumb\",\"itemListElement\":[{\"@type\":\"ListItem\",\"position\":1,\"name\":\"Home\",\"item\":\"https:\/\/www.ammore.online\/fr\/\"},{\"@type\":\"ListItem\",\"position\":2,\"name\":\"Boutique\",\"item\":\"https:\/\/www.ammore.online\/fr\/boutique\/\"},{\"@type\":\"ListItem\",\"position\":3,\"name\":\"PanEvo artisanal &#8216;O Scarpariello\"}]},{\"@type\":\"WebSite\",\"@id\":\"https:\/\/www.ammore.online\/es\/#website\",\"url\":\"https:\/\/www.ammore.online\/es\/\",\"name\":\"Ammore\",\"description\":\"Il gusto della tradizione\",\"publisher\":{\"@id\":\"https:\/\/www.ammore.online\/es\/#organization\"},\"potentialAction\":[{\"@type\":\"SearchAction\",\"target\":{\"@type\":\"EntryPoint\",\"urlTemplate\":\"https:\/\/www.ammore.online\/es\/?s={search_term_string}\"},\"query-input\":{\"@type\":\"PropertyValueSpecification\",\"valueRequired\":true,\"valueName\":\"search_term_string\"}}],\"inLanguage\":\"fr-FR\"},{\"@type\":\"Organization\",\"@id\":\"https:\/\/www.ammore.online\/es\/#organization\",\"name\":\"Ammore\",\"url\":\"https:\/\/www.ammore.online\/es\/\",\"logo\":{\"@type\":\"ImageObject\",\"inLanguage\":\"fr-FR\",\"@id\":\"https:\/\/www.ammore.online\/es\/#\/schema\/logo\/image\/\",\"url\":\"https:\/\/www.ammore.online\/wp-content\/uploads\/2023\/10\/cropped-cropped-Ammore_logo.png\",\"contentUrl\":\"https:\/\/www.ammore.online\/wp-content\/uploads\/2023\/10\/cropped-cropped-Ammore_logo.png\",\"width\":1411,\"height\":393,\"caption\":\"Ammore\"},\"image\":{\"@id\":\"https:\/\/www.ammore.online\/es\/#\/schema\/logo\/image\/\"},\"sameAs\":[\"https:\/\/www.facebook.com\/ammore.official\",\"https:\/\/www.instagram.com\/ammore_official\"]}]}<\/script>\n<!-- \/ Yoast SEO plugin. -->","yoast_head_json":{"title":"PanEvo artisanal  'O Scarpariello - Ammore","robots":{"index":"index","follow":"follow","max-snippet":"max-snippet:-1","max-image-preview":"max-image-preview:large","max-video-preview":"max-video-preview:-1"},"canonical":"https:\/\/www.ammore.online\/fr\/prodotto\/panevo-artigianale-o-scarpariello-2\/","og_locale":"fr_FR","og_type":"article","og_title":"PanEvo artisanal  'O Scarpariello - Ammore","og_description":"Produit au levain l\u00e9g\u00e8rement sal\u00e9 avec de l'huile d'olive extra vierge. La saveur des tomates s\u00e9ch\u00e9es \u00e9goutt\u00e9es de Maida, du fromage, du basilic et une fuite de vente Maldon en surface frais lui donne un go\u00fbt original. Il est particuli\u00e8rement adapt\u00e9 \u00e0 l'ap\u00e9ritif et pour toute occasion sp\u00e9ciale.  Format 500 g - Emball\u00e9 \u00e0 la main","og_url":"https:\/\/www.ammore.online\/fr\/prodotto\/panevo-artigianale-o-scarpariello-2\/","og_site_name":"Ammore","article_publisher":"https:\/\/www.facebook.com\/ammore.official","article_modified_time":"2025-04-14T18:17:30+00:00","twitter_card":"summary_large_image","twitter_misc":{"Dur\u00e9e de lecture estim\u00e9e":"1 minute"},"schema":{"@context":"https:\/\/schema.org","@graph":[{"@type":"WebPage","@id":"https:\/\/www.ammore.online\/fr\/prodotto\/panevo-artigianale-o-scarpariello-2\/","url":"https:\/\/www.ammore.online\/fr\/prodotto\/panevo-artigianale-o-scarpariello-2\/","name":"PanEvo artisanal 'O Scarpariello - Ammore","isPartOf":{"@id":"https:\/\/www.ammore.online\/es\/#website"},"primaryImageOfPage":{"@id":"https:\/\/www.ammore.online\/fr\/prodotto\/panevo-artigianale-o-scarpariello-2\/#primaryimage"},"image":{"@id":"https:\/\/www.ammore.online\/fr\/prodotto\/panevo-artigianale-o-scarpariello-2\/#primaryimage"},"thumbnailUrl":"https:\/\/www.ammore.online\/wp-content\/uploads\/2024\/10\/InCollage_20241018_160229091-scaled.jpg","datePublished":"2022-09-01T08:34:34+00:00","dateModified":"2025-04-14T18:17:30+00:00","breadcrumb":{"@id":"https:\/\/www.ammore.online\/fr\/prodotto\/panevo-artigianale-o-scarpariello-2\/#breadcrumb"},"inLanguage":"fr-FR","potentialAction":[{"@type":"ReadAction","target":["https:\/\/www.ammore.online\/fr\/prodotto\/panevo-artigianale-o-scarpariello-2\/"]}]},{"@type":"ImageObject","inLanguage":"fr-FR","@id":"https:\/\/www.ammore.online\/fr\/prodotto\/panevo-artigianale-o-scarpariello-2\/#primaryimage","url":"https:\/\/www.ammore.online\/wp-content\/uploads\/2024\/10\/InCollage_20241018_160229091-scaled.jpg","contentUrl":"https:\/\/www.ammore.online\/wp-content\/uploads\/2024\/10\/InCollage_20241018_160229091-scaled.jpg","width":2560,"height":2560},{"@type":"BreadcrumbList","@id":"https:\/\/www.ammore.online\/fr\/prodotto\/panevo-artigianale-o-scarpariello-2\/#breadcrumb","itemListElement":[{"@type":"ListItem","position":1,"name":"Home","item":"https:\/\/www.ammore.online\/fr\/"},{"@type":"ListItem","position":2,"name":"Boutique","item":"https:\/\/www.ammore.online\/fr\/boutique\/"},{"@type":"ListItem","position":3,"name":"PanEvo artisanal &#8216;O Scarpariello"}]},{"@type":"WebSite","@id":"https:\/\/www.ammore.online\/es\/#website","url":"https:\/\/www.ammore.online\/es\/","name":"Ammore","description":"Il gusto della tradizione","publisher":{"@id":"https:\/\/www.ammore.online\/es\/#organization"},"potentialAction":[{"@type":"SearchAction","target":{"@type":"EntryPoint","urlTemplate":"https:\/\/www.ammore.online\/es\/?s={search_term_string}"},"query-input":{"@type":"PropertyValueSpecification","valueRequired":true,"valueName":"search_term_string"}}],"inLanguage":"fr-FR"},{"@type":"Organization","@id":"https:\/\/www.ammore.online\/es\/#organization","name":"Ammore","url":"https:\/\/www.ammore.online\/es\/","logo":{"@type":"ImageObject","inLanguage":"fr-FR","@id":"https:\/\/www.ammore.online\/es\/#\/schema\/logo\/image\/","url":"https:\/\/www.ammore.online\/wp-content\/uploads\/2023\/10\/cropped-cropped-Ammore_logo.png","contentUrl":"https:\/\/www.ammore.online\/wp-content\/uploads\/2023\/10\/cropped-cropped-Ammore_logo.png","width":1411,"height":393,"caption":"Ammore"},"image":{"@id":"https:\/\/www.ammore.online\/es\/#\/schema\/logo\/image\/"},"sameAs":["https:\/\/www.facebook.com\/ammore.official","https:\/\/www.instagram.com\/ammore_official"]}]}},"_links":{"self":[{"href":"https:\/\/www.ammore.online\/fr\/wp-json\/wp\/v2\/product\/1110","targetHints":{"allow":["GET"]}}],"collection":[{"href":"https:\/\/www.ammore.online\/fr\/wp-json\/wp\/v2\/product"}],"about":[{"href":"https:\/\/www.ammore.online\/fr\/wp-json\/wp\/v2\/types\/product"}],"wp:featuredmedia":[{"embeddable":true,"href":"https:\/\/www.ammore.online\/fr\/wp-json\/wp\/v2\/media\/4978"}],"wp:attachment":[{"href":"https:\/\/www.ammore.online\/fr\/wp-json\/wp\/v2\/media?parent=1110"}],"wp:term":[{"taxonomy":"product_cat","embeddable":true,"href":"https:\/\/www.ammore.online\/fr\/wp-json\/wp\/v2\/product_cat?post=1110"},{"taxonomy":"product_tag","embeddable":true,"href":"https:\/\/www.ammore.online\/fr\/wp-json\/wp\/v2\/product_tag?post=1110"}],"curies":[{"name":"wp","href":"https:\/\/api.w.org\/{rel}","templated":true}]}}