{"id":1101,"date":"2022-09-01T08:25:40","date_gmt":"2022-09-01T08:25:40","guid":{"rendered":"https:\/\/www.ammore.online\/?post_type=product&#038;p=1101"},"modified":"2025-09-30T16:36:24","modified_gmt":"2025-09-30T16:36:24","slug":"panettone-artigianale-crema-al-mandarino","status":"publish","type":"product","link":"https:\/\/www.ammore.online\/fr\/prodotto\/panettone-artigianale-crema-al-mandarino\/","title":{"rendered":"Panettone artisanal <br> Cr\u00e8me Mandarine"},"content":{"rendered":"<p><strong>Ingr\u00e9dients<\/strong>: farine de <strong>bl\u00e9<\/strong>, cr\u00e8me (chocolat blanc (sucre, beurre de cacao,<strong> lait<\/strong> \u00e9cr\u00e9m\u00e9 en poudre,<strong> lait<\/strong> entier en poudre, <strong>lactos\u00e9rum<\/strong> en poudre, mati\u00e8re grasse du<strong> lait<\/strong>, l\u00e9cithines (<strong>soja<\/strong>), ar\u00f4me naturel de vanille), <strong>beurre<\/strong> clarifi\u00e9, huile de graines de tournesol, infus\u00e9 dans de l\u02bcalcool de zestes de mandarine, alc. 4%, <strong>beurre<\/strong>, eau, jaune d&#8217;<strong>oeuf<\/strong> frais, mandarines confites (ecorces de mandarine, sirop de glucose-fructose, sucre), pate d\u02bcorange, levure naturelle (farine de <strong>bl\u00e9<\/strong>), fructose, miel, sucre, beurre de cacao, vanille Bourbon, sel, dextrose, correcteur d&#8217;acidit\u00e9: acide citrique. Peut contenir des traces de <strong>fruits \u00e0 coque<\/strong>, de <strong>soja<\/strong> et de <strong>moutarde<\/strong>. Conserver dans un endroit frais et sec. Produit sujet \u00e0 perte de poids. Produit en Italie.<\/p>\n","protected":false},"excerpt":{"rendered":"<p>Le savoir-faire artisanal de ce panettone est assur\u00e9 par une lev\u00e9e naturelle et une recette extr\u00eamement traditionnelle. Un produit sp\u00e9cial fourr\u00e9 \u00e0 la cr\u00e8me pr\u00e9par\u00e9 avec une infusion d&#8217;\u00e9corces de mandarine et r\u00e9alis\u00e9 avec du levain, des farines fines, du beurre de Bretagne et des oeufs de premi\u00e8re qualit\u00e9. La saveur<br \/>\nfinale est enrichie de <strong>mandarines confites<\/strong> et de <strong>Vanille Bourbon<\/strong> de Madagascar.<\/p>\n<p><strong>Format 1 kg<\/strong> &#8211; <strong>Emball\u00e9 \u00e0 la main <\/strong><\/p>\n<table border=\"0\">\n<tbody>\n<tr>\n<td><img loading=\"lazy\" decoding=\"async\" class=\"alignnone wp-image-685\" src=\"https:\/\/www.ammore.online\/wp-content\/uploads\/2022\/08\/Ingredienti_artigianale-fr.png\" alt=\"\" width=\"197\" height=\"82\" \/><\/td>\n<td><img loading=\"lazy\" decoding=\"async\" class=\"alignnone size-medium wp-image-578\" src=\"https:\/\/www.ammore.online\/wp-content\/uploads\/2022\/08\/Ingredienti_lievito-fr.png\" alt=\"\" width=\"197\" height=\"82\" \/><\/td>\n<td><img loading=\"lazy\" decoding=\"async\" class=\"alignnone size-medium wp-image-583\" src=\"https:\/\/www.ammore.online\/wp-content\/uploads\/2022\/08\/Ingredienti_naturale-fr.png\" alt=\"\" width=\"197\" height=\"82\" \/><\/td>\n<\/tr>\n<tr>\n<td><img loading=\"lazy\" decoding=\"async\" class=\"alignnone size-medium wp-image-593\" src=\"https:\/\/www.ammore.online\/wp-content\/uploads\/2022\/08\/Ingredienti_no_palma-fr.png\" alt=\"\" width=\"197\" height=\"82\" \/><\/td>\n<td><img loading=\"lazy\" decoding=\"async\" class=\"alignnone size-medium wp-image-588\" src=\"https:\/\/www.ammore.online\/wp-content\/uploads\/2022\/08\/Ingredienti_no_grassi-fr.png\" alt=\"\" width=\"197\" height=\"82\" \/><\/td>\n<td><img loading=\"lazy\" decoding=\"async\" class=\"alignnone size-medium wp-image-573\" src=\"https:\/\/www.ammore.online\/wp-content\/uploads\/2022\/08\/Ingredienti_clip-fr.png\" alt=\"\" width=\"197\" height=\"82\" \/><\/td>\n<\/tr>\n<\/tbody>\n<\/table>\n","protected":false},"featured_media":4779,"template":"","meta":{"_genesis_hide_title":false,"_genesis_hide_breadcrumbs":false,"_genesis_hide_singular_image":false,"_genesis_hide_footer_widgets":false,"_genesis_custom_body_class":"","_genesis_custom_post_class":"","_genesis_layout":""},"product_cat":[90,60],"product_tag":[],"class_list":{"0":"post-1101","1":"product","2":"type-product","3":"status-publish","4":"has-post-thumbnail","6":"product_cat-farci","7":"product_cat-noel","8":"entry","10":"first","11":"outofstock","12":"shipping-taxable","13":"purchasable","14":"product-type-simple"},"yoast_head":"<!-- This site is optimized with the Yoast SEO plugin v23.7 - https:\/\/yoast.com\/wordpress\/plugins\/seo\/ -->\n<title>Panettone artisanal  Cr\u00e8me Mandarine - Ammore<\/title>\n<meta name=\"robots\" content=\"index, follow, max-snippet:-1, max-image-preview:large, max-video-preview:-1\" \/>\n<link rel=\"canonical\" href=\"https:\/\/www.ammore.online\/fr\/prodotto\/panettone-artigianale-crema-al-mandarino\/\" \/>\n<meta property=\"og:locale\" content=\"fr_FR\" \/>\n<meta property=\"og:type\" content=\"article\" \/>\n<meta property=\"og:title\" content=\"Panettone artisanal  Cr\u00e8me Mandarine - Ammore\" \/>\n<meta property=\"og:description\" content=\"Le savoir-faire artisanal de ce panettone est assur\u00e9 par une lev\u00e9e naturelle et une recette extr\u00eamement traditionnelle. Un produit sp\u00e9cial fourr\u00e9 \u00e0 la cr\u00e8me pr\u00e9par\u00e9 avec une infusion d&#039;\u00e9corces de mandarine et r\u00e9alis\u00e9 avec du levain, des farines fines, du beurre de Bretagne et des oeufs de premi\u00e8re qualit\u00e9. La saveur finale est enrichie de mandarines confites et de Vanille Bourbon de Madagascar.  Format 1 kg - Emball\u00e9 \u00e0 la main\" \/>\n<meta property=\"og:url\" content=\"https:\/\/www.ammore.online\/fr\/prodotto\/panettone-artigianale-crema-al-mandarino\/\" \/>\n<meta property=\"og:site_name\" content=\"Ammore\" \/>\n<meta property=\"article:publisher\" content=\"https:\/\/www.facebook.com\/ammore.official\" \/>\n<meta property=\"article:modified_time\" content=\"2025-09-30T16:36:24+00:00\" \/>\n<meta name=\"twitter:card\" content=\"summary_large_image\" \/>\n<meta name=\"twitter:label1\" content=\"Dur\u00e9e de lecture estim\u00e9e\" \/>\n\t<meta name=\"twitter:data1\" content=\"1 minute\" \/>\n<script type=\"application\/ld+json\" class=\"yoast-schema-graph\">{\"@context\":\"https:\/\/schema.org\",\"@graph\":[{\"@type\":\"WebPage\",\"@id\":\"https:\/\/www.ammore.online\/fr\/prodotto\/panettone-artigianale-crema-al-mandarino\/\",\"url\":\"https:\/\/www.ammore.online\/fr\/prodotto\/panettone-artigianale-crema-al-mandarino\/\",\"name\":\"Panettone artisanal Cr\u00e8me Mandarine - Ammore\",\"isPartOf\":{\"@id\":\"https:\/\/www.ammore.online\/es\/#website\"},\"primaryImageOfPage\":{\"@id\":\"https:\/\/www.ammore.online\/fr\/prodotto\/panettone-artigianale-crema-al-mandarino\/#primaryimage\"},\"image\":{\"@id\":\"https:\/\/www.ammore.online\/fr\/prodotto\/panettone-artigianale-crema-al-mandarino\/#primaryimage\"},\"thumbnailUrl\":\"https:\/\/www.ammore.online\/wp-content\/uploads\/2022\/10\/crema-al-limoncello.jpg\",\"datePublished\":\"2022-09-01T08:25:40+00:00\",\"dateModified\":\"2025-09-30T16:36:24+00:00\",\"breadcrumb\":{\"@id\":\"https:\/\/www.ammore.online\/fr\/prodotto\/panettone-artigianale-crema-al-mandarino\/#breadcrumb\"},\"inLanguage\":\"fr-FR\",\"potentialAction\":[{\"@type\":\"ReadAction\",\"target\":[\"https:\/\/www.ammore.online\/fr\/prodotto\/panettone-artigianale-crema-al-mandarino\/\"]}]},{\"@type\":\"ImageObject\",\"inLanguage\":\"fr-FR\",\"@id\":\"https:\/\/www.ammore.online\/fr\/prodotto\/panettone-artigianale-crema-al-mandarino\/#primaryimage\",\"url\":\"https:\/\/www.ammore.online\/wp-content\/uploads\/2022\/10\/crema-al-limoncello.jpg\",\"contentUrl\":\"https:\/\/www.ammore.online\/wp-content\/uploads\/2022\/10\/crema-al-limoncello.jpg\",\"width\":1920,\"height\":1915,\"caption\":\"Foto \u00a9 Alessandra Farinelli\"},{\"@type\":\"BreadcrumbList\",\"@id\":\"https:\/\/www.ammore.online\/fr\/prodotto\/panettone-artigianale-crema-al-mandarino\/#breadcrumb\",\"itemListElement\":[{\"@type\":\"ListItem\",\"position\":1,\"name\":\"Home\",\"item\":\"https:\/\/www.ammore.online\/fr\/\"},{\"@type\":\"ListItem\",\"position\":2,\"name\":\"Boutique\",\"item\":\"https:\/\/www.ammore.online\/fr\/boutique\/\"},{\"@type\":\"ListItem\",\"position\":3,\"name\":\"Panettone artisanal Cr\u00e8me Mandarine\"}]},{\"@type\":\"WebSite\",\"@id\":\"https:\/\/www.ammore.online\/es\/#website\",\"url\":\"https:\/\/www.ammore.online\/es\/\",\"name\":\"Ammore\",\"description\":\"Il gusto della tradizione\",\"publisher\":{\"@id\":\"https:\/\/www.ammore.online\/es\/#organization\"},\"potentialAction\":[{\"@type\":\"SearchAction\",\"target\":{\"@type\":\"EntryPoint\",\"urlTemplate\":\"https:\/\/www.ammore.online\/es\/?s={search_term_string}\"},\"query-input\":{\"@type\":\"PropertyValueSpecification\",\"valueRequired\":true,\"valueName\":\"search_term_string\"}}],\"inLanguage\":\"fr-FR\"},{\"@type\":\"Organization\",\"@id\":\"https:\/\/www.ammore.online\/es\/#organization\",\"name\":\"Ammore\",\"url\":\"https:\/\/www.ammore.online\/es\/\",\"logo\":{\"@type\":\"ImageObject\",\"inLanguage\":\"fr-FR\",\"@id\":\"https:\/\/www.ammore.online\/es\/#\/schema\/logo\/image\/\",\"url\":\"https:\/\/www.ammore.online\/wp-content\/uploads\/2023\/10\/cropped-cropped-Ammore_logo.png\",\"contentUrl\":\"https:\/\/www.ammore.online\/wp-content\/uploads\/2023\/10\/cropped-cropped-Ammore_logo.png\",\"width\":1411,\"height\":393,\"caption\":\"Ammore\"},\"image\":{\"@id\":\"https:\/\/www.ammore.online\/es\/#\/schema\/logo\/image\/\"},\"sameAs\":[\"https:\/\/www.facebook.com\/ammore.official\",\"https:\/\/www.instagram.com\/ammore_official\"]}]}<\/script>\n<!-- \/ Yoast SEO plugin. -->","yoast_head_json":{"title":"Panettone artisanal  Cr\u00e8me Mandarine - Ammore","robots":{"index":"index","follow":"follow","max-snippet":"max-snippet:-1","max-image-preview":"max-image-preview:large","max-video-preview":"max-video-preview:-1"},"canonical":"https:\/\/www.ammore.online\/fr\/prodotto\/panettone-artigianale-crema-al-mandarino\/","og_locale":"fr_FR","og_type":"article","og_title":"Panettone artisanal  Cr\u00e8me Mandarine - Ammore","og_description":"Le savoir-faire artisanal de ce panettone est assur\u00e9 par une lev\u00e9e naturelle et une recette extr\u00eamement traditionnelle. Un produit sp\u00e9cial fourr\u00e9 \u00e0 la cr\u00e8me pr\u00e9par\u00e9 avec une infusion d'\u00e9corces de mandarine et r\u00e9alis\u00e9 avec du levain, des farines fines, du beurre de Bretagne et des oeufs de premi\u00e8re qualit\u00e9. La saveur finale est enrichie de mandarines confites et de Vanille Bourbon de Madagascar.  Format 1 kg - Emball\u00e9 \u00e0 la main","og_url":"https:\/\/www.ammore.online\/fr\/prodotto\/panettone-artigianale-crema-al-mandarino\/","og_site_name":"Ammore","article_publisher":"https:\/\/www.facebook.com\/ammore.official","article_modified_time":"2025-09-30T16:36:24+00:00","twitter_card":"summary_large_image","twitter_misc":{"Dur\u00e9e de lecture estim\u00e9e":"1 minute"},"schema":{"@context":"https:\/\/schema.org","@graph":[{"@type":"WebPage","@id":"https:\/\/www.ammore.online\/fr\/prodotto\/panettone-artigianale-crema-al-mandarino\/","url":"https:\/\/www.ammore.online\/fr\/prodotto\/panettone-artigianale-crema-al-mandarino\/","name":"Panettone artisanal Cr\u00e8me Mandarine - Ammore","isPartOf":{"@id":"https:\/\/www.ammore.online\/es\/#website"},"primaryImageOfPage":{"@id":"https:\/\/www.ammore.online\/fr\/prodotto\/panettone-artigianale-crema-al-mandarino\/#primaryimage"},"image":{"@id":"https:\/\/www.ammore.online\/fr\/prodotto\/panettone-artigianale-crema-al-mandarino\/#primaryimage"},"thumbnailUrl":"https:\/\/www.ammore.online\/wp-content\/uploads\/2022\/10\/crema-al-limoncello.jpg","datePublished":"2022-09-01T08:25:40+00:00","dateModified":"2025-09-30T16:36:24+00:00","breadcrumb":{"@id":"https:\/\/www.ammore.online\/fr\/prodotto\/panettone-artigianale-crema-al-mandarino\/#breadcrumb"},"inLanguage":"fr-FR","potentialAction":[{"@type":"ReadAction","target":["https:\/\/www.ammore.online\/fr\/prodotto\/panettone-artigianale-crema-al-mandarino\/"]}]},{"@type":"ImageObject","inLanguage":"fr-FR","@id":"https:\/\/www.ammore.online\/fr\/prodotto\/panettone-artigianale-crema-al-mandarino\/#primaryimage","url":"https:\/\/www.ammore.online\/wp-content\/uploads\/2022\/10\/crema-al-limoncello.jpg","contentUrl":"https:\/\/www.ammore.online\/wp-content\/uploads\/2022\/10\/crema-al-limoncello.jpg","width":1920,"height":1915,"caption":"Foto \u00a9 Alessandra Farinelli"},{"@type":"BreadcrumbList","@id":"https:\/\/www.ammore.online\/fr\/prodotto\/panettone-artigianale-crema-al-mandarino\/#breadcrumb","itemListElement":[{"@type":"ListItem","position":1,"name":"Home","item":"https:\/\/www.ammore.online\/fr\/"},{"@type":"ListItem","position":2,"name":"Boutique","item":"https:\/\/www.ammore.online\/fr\/boutique\/"},{"@type":"ListItem","position":3,"name":"Panettone artisanal Cr\u00e8me Mandarine"}]},{"@type":"WebSite","@id":"https:\/\/www.ammore.online\/es\/#website","url":"https:\/\/www.ammore.online\/es\/","name":"Ammore","description":"Il gusto della tradizione","publisher":{"@id":"https:\/\/www.ammore.online\/es\/#organization"},"potentialAction":[{"@type":"SearchAction","target":{"@type":"EntryPoint","urlTemplate":"https:\/\/www.ammore.online\/es\/?s={search_term_string}"},"query-input":{"@type":"PropertyValueSpecification","valueRequired":true,"valueName":"search_term_string"}}],"inLanguage":"fr-FR"},{"@type":"Organization","@id":"https:\/\/www.ammore.online\/es\/#organization","name":"Ammore","url":"https:\/\/www.ammore.online\/es\/","logo":{"@type":"ImageObject","inLanguage":"fr-FR","@id":"https:\/\/www.ammore.online\/es\/#\/schema\/logo\/image\/","url":"https:\/\/www.ammore.online\/wp-content\/uploads\/2023\/10\/cropped-cropped-Ammore_logo.png","contentUrl":"https:\/\/www.ammore.online\/wp-content\/uploads\/2023\/10\/cropped-cropped-Ammore_logo.png","width":1411,"height":393,"caption":"Ammore"},"image":{"@id":"https:\/\/www.ammore.online\/es\/#\/schema\/logo\/image\/"},"sameAs":["https:\/\/www.facebook.com\/ammore.official","https:\/\/www.instagram.com\/ammore_official"]}]}},"_links":{"self":[{"href":"https:\/\/www.ammore.online\/fr\/wp-json\/wp\/v2\/product\/1101","targetHints":{"allow":["GET"]}}],"collection":[{"href":"https:\/\/www.ammore.online\/fr\/wp-json\/wp\/v2\/product"}],"about":[{"href":"https:\/\/www.ammore.online\/fr\/wp-json\/wp\/v2\/types\/product"}],"wp:featuredmedia":[{"embeddable":true,"href":"https:\/\/www.ammore.online\/fr\/wp-json\/wp\/v2\/media\/4779"}],"wp:attachment":[{"href":"https:\/\/www.ammore.online\/fr\/wp-json\/wp\/v2\/media?parent=1101"}],"wp:term":[{"taxonomy":"product_cat","embeddable":true,"href":"https:\/\/www.ammore.online\/fr\/wp-json\/wp\/v2\/product_cat?post=1101"},{"taxonomy":"product_tag","embeddable":true,"href":"https:\/\/www.ammore.online\/fr\/wp-json\/wp\/v2\/product_tag?post=1101"}],"curies":[{"name":"wp","href":"https:\/\/api.w.org\/{rel}","templated":true}]}}