{"id":4499,"date":"2024-01-19T09:34:11","date_gmt":"2024-01-19T09:34:11","guid":{"rendered":"https:\/\/www.ammore.online\/produits\/paques\/"},"modified":"2024-01-30T10:38:20","modified_gmt":"2024-01-30T10:38:20","slug":"paques","status":"publish","type":"page","link":"https:\/\/www.ammore.online\/fr\/produits\/paques\/","title":{"rendered":"Paques"},"content":{"rendered":"<div class=\"wp-block-group alignwide\"><div class=\"wp-block-group__inner-container is-layout-constrained wp-block-group-is-layout-constrained\"><div style=\"height:100px\" aria-hidden=\"true\" class=\"wp-block-spacer\"><\/div>\n\n<p class=\"has-text-align-center\">La tradition, l&#8217;artisanat et beaucoup de &#8220;<strong>Ammore<\/strong>&#8221; donnent au levain de P\u00e2ques par excellence une saveur que vous n&#8217;oublierez pas. Aujourd&#8217;hui encore, la colombe est un souhait, d\u00e9j\u00e0 pour sa forme de cloche, de paix, de renaissance et de s\u00e9r\u00e9nit\u00e9, comme l&#8217;indique le symbolisme du dessert lui-m\u00eame. Go\u00fbtez-le en choisissant parmi les versions, toutes artisanales, &#8220;<strong>Traditionnel<\/strong>&#8220;, et, bien s\u00fbr, &#8220;<strong>Sans gluten<\/strong>&#8220;.<\/p>\n\n<p class=\"has-text-align-center\"><\/p>\n\n<p class=\"has-text-align-center\"><\/p><\/div><\/div><div class=\"wp-block-group alignwide\" id=\"tradizionali\"><div class=\"wp-block-group__inner-container is-layout-constrained wp-block-group-is-layout-constrained\"><div style=\"height:50px\" aria-hidden=\"true\" class=\"wp-block-spacer\"><\/div>\n\n<h1 class=\"wp-block-heading has-text-align-center\">Notre Colombe Traditionnel<\/h1>\n\n<div data-align-buttons=\"true\" data-block-name=\"woocommerce\/product-category\" data-categories=\"[126]\" data-orderby=\"menu_order\" data-stock-status=\"[&quot;&quot;,&quot;&quot;,&quot;instock&quot;,&quot;outofstock&quot;]\" class=\"wc-block-grid wp-block-product-category wc-block-product-category has-3-columns has-multiple-rows has-aligned-buttons\"><ul class=\"wc-block-grid__products\"><li class=\"wc-block-grid__product\">\n\t\t\t\t<a href=\"https:\/\/www.ammore.online\/fr\/prodotto\/colomba-artigianale-con-albicocche-ricoperta-con-glassa-alle-mandorle\/\" class=\"wc-block-grid__product-link\">\n\t\t\t\t\t\n\t\t\t\t\t<div class=\"wc-block-grid__product-image\"><img loading=\"lazy\" decoding=\"async\" width=\"530\" height=\"530\" src=\"https:\/\/www.ammore.online\/wp-content\/uploads\/2023\/01\/ALBICOCCHE-530x530.png\" class=\"attachment-woocommerce_thumbnail size-woocommerce_thumbnail\" alt=\"Colombe artisanale &lt;br&gt; Abricots du V\u00e9suve\" srcset=\"https:\/\/www.ammore.online\/wp-content\/uploads\/2023\/01\/ALBICOCCHE-530x530.png 530w, https:\/\/www.ammore.online\/wp-content\/uploads\/2023\/01\/ALBICOCCHE-300x300.png 300w, https:\/\/www.ammore.online\/wp-content\/uploads\/2023\/01\/ALBICOCCHE-150x150.png 150w, https:\/\/www.ammore.online\/wp-content\/uploads\/2023\/01\/ALBICOCCHE-600x600.png 600w, https:\/\/www.ammore.online\/wp-content\/uploads\/2023\/01\/ALBICOCCHE-180x180.png 180w, https:\/\/www.ammore.online\/wp-content\/uploads\/2023\/01\/ALBICOCCHE.png 630w\" sizes=\"auto, (max-width: 530px) 100vw, 530px\" \/><\/div>\n\t\t\t\t\t<div class=\"wc-block-grid__product-title\">Colombe artisanale <br> Abricots du V\u00e9suve<\/div>\n\t\t\t\t<\/a>\n\t\t\t\t<div class=\"wc-block-grid__product-price price\"><span class=\"woocommerce-Price-amount amount\">45,00&nbsp;<span class=\"woocommerce-Price-currencySymbol\">&euro;<\/span><\/span><\/div>\n\t\t\t\t\n\t\t\t\t<div class=\"wp-block-button wc-block-grid__product-add-to-cart\"><a href=\"https:\/\/www.ammore.online\/fr\/prodotto\/colomba-artigianale-con-albicocche-ricoperta-con-glassa-alle-mandorle\/\" aria-label=\"En savoir plus sur &ldquo;Colombe artisanale &lt;br&gt; Abricots du V\u00e9suve&rdquo;\" data-quantity=\"1\" data-product_id=\"2387\" data-product_sku=\"\" data-price=\"45\" rel=\"nofollow\" class=\"wp-block-button__link  add_to_cart_button\">Lire la suite<\/a><\/div>\n\t\t\t<\/li><li class=\"wc-block-grid__product\">\n\t\t\t\t<a href=\"https:\/\/www.ammore.online\/fr\/prodotto\/colomba-artigianale-classica-con-glassa-alle-mandorle\/\" class=\"wc-block-grid__product-link\">\n\t\t\t\t\t\n\t\t\t\t\t<div class=\"wc-block-grid__product-image\"><img loading=\"lazy\" decoding=\"async\" width=\"530\" height=\"530\" src=\"https:\/\/www.ammore.online\/wp-content\/uploads\/2023\/01\/CLASSICA-530x530.jpg\" class=\"attachment-woocommerce_thumbnail size-woocommerce_thumbnail\" alt=\"Colomba artisanal &lt;br&gt; Classique\" srcset=\"https:\/\/www.ammore.online\/wp-content\/uploads\/2023\/01\/CLASSICA-530x530.jpg 530w, https:\/\/www.ammore.online\/wp-content\/uploads\/2023\/01\/CLASSICA-300x300.jpg 300w, https:\/\/www.ammore.online\/wp-content\/uploads\/2023\/01\/CLASSICA.jpg 1024w, https:\/\/www.ammore.online\/wp-content\/uploads\/2023\/01\/CLASSICA-150x150.jpg 150w, https:\/\/www.ammore.online\/wp-content\/uploads\/2023\/01\/CLASSICA-768x768.jpg 768w, https:\/\/www.ammore.online\/wp-content\/uploads\/2023\/01\/CLASSICA-600x600.jpg 600w, https:\/\/www.ammore.online\/wp-content\/uploads\/2023\/01\/CLASSICA-720x720.jpg 720w, https:\/\/www.ammore.online\/wp-content\/uploads\/2023\/01\/CLASSICA-180x180.jpg 180w\" sizes=\"auto, (max-width: 530px) 100vw, 530px\" \/><\/div>\n\t\t\t\t\t<div class=\"wc-block-grid__product-title\">Colomba artisanal <br> Classique<\/div>\n\t\t\t\t<\/a>\n\t\t\t\t<div class=\"wc-block-grid__product-price price\"><span class=\"woocommerce-Price-amount amount\">45,00&nbsp;<span class=\"woocommerce-Price-currencySymbol\">&euro;<\/span><\/span><\/div>\n\t\t\t\t\n\t\t\t\t<div class=\"wp-block-button wc-block-grid__product-add-to-cart\"><a href=\"https:\/\/www.ammore.online\/fr\/prodotto\/colomba-artigianale-classica-con-glassa-alle-mandorle\/\" aria-label=\"En savoir plus sur &ldquo;Colomba artisanal &lt;br&gt; Classique&rdquo;\" data-quantity=\"1\" data-product_id=\"2417\" data-product_sku=\"\" data-price=\"45\" rel=\"nofollow\" class=\"wp-block-button__link  add_to_cart_button\">Lire la suite<\/a><\/div>\n\t\t\t<\/li><li class=\"wc-block-grid__product\">\n\t\t\t\t<a href=\"https:\/\/www.ammore.online\/fr\/prodotto\/colomba-artigianale-ai-tre-cioccolati-ricoperta-con-glassa-al-cioccolato-al-latte\/\" class=\"wc-block-grid__product-link\">\n\t\t\t\t\t\n\t\t\t\t\t<div class=\"wc-block-grid__product-image\"><img loading=\"lazy\" decoding=\"async\" width=\"530\" height=\"530\" src=\"https:\/\/www.ammore.online\/wp-content\/uploads\/2023\/01\/tre-cioccolati-530x530.png\" class=\"attachment-woocommerce_thumbnail size-woocommerce_thumbnail\" alt=\"Colombe artisanale &lt;br&gt; Trois chocolats\" srcset=\"https:\/\/www.ammore.online\/wp-content\/uploads\/2023\/01\/tre-cioccolati-530x530.png 530w, https:\/\/www.ammore.online\/wp-content\/uploads\/2023\/01\/tre-cioccolati-300x300.png 300w, https:\/\/www.ammore.online\/wp-content\/uploads\/2023\/01\/tre-cioccolati.png 1024w, https:\/\/www.ammore.online\/wp-content\/uploads\/2023\/01\/tre-cioccolati-150x150.png 150w, https:\/\/www.ammore.online\/wp-content\/uploads\/2023\/01\/tre-cioccolati-768x768.png 768w, https:\/\/www.ammore.online\/wp-content\/uploads\/2023\/01\/tre-cioccolati-600x600.png 600w, https:\/\/www.ammore.online\/wp-content\/uploads\/2023\/01\/tre-cioccolati-720x720.png 720w, https:\/\/www.ammore.online\/wp-content\/uploads\/2023\/01\/tre-cioccolati-180x180.png 180w\" sizes=\"auto, (max-width: 530px) 100vw, 530px\" \/><\/div>\n\t\t\t\t\t<div class=\"wc-block-grid__product-title\">Colombe artisanale <br> Trois chocolats<\/div>\n\t\t\t\t<\/a>\n\t\t\t\t<div class=\"wc-block-grid__product-price price\"><span class=\"woocommerce-Price-amount amount\">45,00&nbsp;<span class=\"woocommerce-Price-currencySymbol\">&euro;<\/span><\/span><\/div>\n\t\t\t\t\n\t\t\t\t<div class=\"wp-block-button wc-block-grid__product-add-to-cart\"><a href=\"https:\/\/www.ammore.online\/fr\/prodotto\/colomba-artigianale-ai-tre-cioccolati-ricoperta-con-glassa-al-cioccolato-al-latte\/\" aria-label=\"En savoir plus sur &ldquo;Colombe artisanale &lt;br&gt; Trois chocolats&rdquo;\" data-quantity=\"1\" data-product_id=\"2391\" data-product_sku=\"\" data-price=\"45\" rel=\"nofollow\" class=\"wp-block-button__link  add_to_cart_button\">Lire la suite<\/a><\/div>\n\t\t\t<\/li><\/ul><\/div><\/div><\/div><div class=\"wp-block-group alignwide\" id=\"tradizionali\"><div class=\"wp-block-group__inner-container is-layout-constrained wp-block-group-is-layout-constrained\"><div style=\"height:50px\" aria-hidden=\"true\" class=\"wp-block-spacer\"><\/div>\n\n<h1 class=\"wp-block-heading has-text-align-center\">Notre Colombe Sans Gluten<\/h1>\n\n<div data-align-buttons=\"true\" data-block-name=\"woocommerce\/product-category\" data-categories=\"[124]\" data-columns=\"2\" data-orderby=\"menu_order\" data-stock-status=\"[&quot;&quot;,&quot;&quot;,&quot;instock&quot;,&quot;outofstock&quot;]\" class=\"wc-block-grid wp-block-product-category wc-block-product-category has-2-columns has-multiple-rows has-aligned-buttons\"><ul class=\"wc-block-grid__products\"><li class=\"wc-block-grid__product\">\n\t\t\t\t<a href=\"https:\/\/www.ammore.online\/fr\/prodotto\/colomba-artigianale-classica-senza-glutine-2\/\" class=\"wc-block-grid__product-link\">\n\t\t\t\t\t\n\t\t\t\t\t<div class=\"wc-block-grid__product-image\"><img loading=\"lazy\" decoding=\"async\" width=\"530\" height=\"530\" src=\"https:\/\/www.ammore.online\/wp-content\/uploads\/2023\/02\/CLASSICO-SENZA-GLUTINE-530x530.jpg\" class=\"attachment-woocommerce_thumbnail size-woocommerce_thumbnail\" alt=\"Colombe artisanale &lt;br&gt; Classique sans gluten\" srcset=\"https:\/\/www.ammore.online\/wp-content\/uploads\/2023\/02\/CLASSICO-SENZA-GLUTINE-530x530.jpg 530w, https:\/\/www.ammore.online\/wp-content\/uploads\/2023\/02\/CLASSICO-SENZA-GLUTINE-150x150.jpg 150w, https:\/\/www.ammore.online\/wp-content\/uploads\/2023\/02\/CLASSICO-SENZA-GLUTINE-600x600.jpg 600w, https:\/\/www.ammore.online\/wp-content\/uploads\/2023\/02\/CLASSICO-SENZA-GLUTINE-180x180.jpg 180w\" sizes=\"auto, (max-width: 530px) 100vw, 530px\" \/><\/div>\n\t\t\t\t\t<div class=\"wc-block-grid__product-title\">Colombe artisanale <br> Classique sans gluten<\/div>\n\t\t\t\t<\/a>\n\t\t\t\t<div class=\"wc-block-grid__product-price price\"><span class=\"woocommerce-Price-amount amount\">26,00&nbsp;<span class=\"woocommerce-Price-currencySymbol\">&euro;<\/span><\/span><\/div>\n\t\t\t\t\n\t\t\t\t<div class=\"wp-block-button wc-block-grid__product-add-to-cart\"><a href=\"https:\/\/www.ammore.online\/fr\/prodotto\/colomba-artigianale-classica-senza-glutine-2\/\" aria-label=\"En savoir plus sur &ldquo;Colombe artisanale &lt;br&gt; Classique sans gluten&rdquo;\" data-quantity=\"1\" data-product_id=\"2349\" data-product_sku=\"\" data-price=\"26\" rel=\"nofollow\" class=\"wp-block-button__link  add_to_cart_button\">Lire la suite<\/a><\/div>\n\t\t\t<\/li><li class=\"wc-block-grid__product\">\n\t\t\t\t<a href=\"https:\/\/www.ammore.online\/fr\/prodotto\/colomba-artigianale-cioccolato-senza-glutine\/\" class=\"wc-block-grid__product-link\">\n\t\t\t\t\t\n\t\t\t\t\t<div class=\"wc-block-grid__product-image\"><img loading=\"lazy\" decoding=\"async\" width=\"530\" height=\"530\" src=\"https:\/\/www.ammore.online\/wp-content\/uploads\/2023\/02\/CIOCCO-SENZA-GLUTINE-530x530.jpg\" class=\"attachment-woocommerce_thumbnail size-woocommerce_thumbnail\" alt=\"Colomba artisanal &lt;br&gt; Chocolat sans gluten\" srcset=\"https:\/\/www.ammore.online\/wp-content\/uploads\/2023\/02\/CIOCCO-SENZA-GLUTINE-530x530.jpg 530w, https:\/\/www.ammore.online\/wp-content\/uploads\/2023\/02\/CIOCCO-SENZA-GLUTINE-150x150.jpg 150w, https:\/\/www.ammore.online\/wp-content\/uploads\/2023\/02\/CIOCCO-SENZA-GLUTINE-600x600.jpg 600w, https:\/\/www.ammore.online\/wp-content\/uploads\/2023\/02\/CIOCCO-SENZA-GLUTINE-180x180.jpg 180w\" sizes=\"auto, (max-width: 530px) 100vw, 530px\" \/><\/div>\n\t\t\t\t\t<div class=\"wc-block-grid__product-title\">Colomba artisanal <br> Chocolat sans gluten<\/div>\n\t\t\t\t<\/a>\n\t\t\t\t<div class=\"wc-block-grid__product-price price\"><span class=\"woocommerce-Price-amount amount\">26,00&nbsp;<span class=\"woocommerce-Price-currencySymbol\">&euro;<\/span><\/span><\/div>\n\t\t\t\t\n\t\t\t\t<div class=\"wp-block-button wc-block-grid__product-add-to-cart\"><a href=\"https:\/\/www.ammore.online\/fr\/prodotto\/colomba-artigianale-cioccolato-senza-glutine\/\" aria-label=\"En savoir plus sur &ldquo;Colomba artisanal &lt;br&gt; Chocolat sans gluten&rdquo;\" data-quantity=\"1\" data-product_id=\"2346\" data-product_sku=\"\" data-price=\"26\" rel=\"nofollow\" class=\"wp-block-button__link  add_to_cart_button\">Lire la suite<\/a><\/div>\n\t\t\t<\/li><\/ul><\/div><\/div><\/div><div class=\"wp-block-cover alignfull has-parallax\"><span aria-hidden=\"true\" class=\"wp-block-cover__background has-background-dim-80 has-background-dim\" style=\"background-color:#946941\"><\/span><div role=\"img\" class=\"wp-block-cover__image-background wp-image-153 has-parallax\" style=\"background-position:50% 50%;background-image:url(https:\/\/www.ammore.online\/wp-content\/uploads\/2022\/08\/farina-2.jpg)\"><\/div><div class=\"wp-block-cover__inner-container is-layout-flow wp-block-cover-is-layout-flow\"><div class=\"wp-block-genesis-blocks-gb-columns gb-layout-columns-1 one-column gb-columns-center alignfull\" style=\"margin-bottom:15px;padding-right:2%;padding-left:2%\"><div class=\"gb-layout-column-wrap gb-block-layout-column-gap-0 gb-is-responsive-column\" style=\"max-width:1060px\"><div class=\"wp-block-genesis-blocks-gb-column gb-block-layout-column\"><div class=\"gb-block-layout-column-inner\"><p><\/p><\/div><\/div><\/div><\/div>\n\n<div style=\"height:20px\" aria-hidden=\"true\" class=\"wp-block-spacer\"><\/div>\n\n<h2 class=\"wp-block-heading alignfull has-text-align-center small-heading is-style-default has-white-color has-text-color\">Scarica la nostra brochure &#8220;Pasqua&#8221;<\/h2>\n\n<div class=\"wp-block-columns is-layout-flex wp-container-core-columns-is-layout-9d6595d7 wp-block-columns-is-layout-flex\"><div class=\"wp-block-column is-layout-flow wp-block-column-is-layout-flow\"><\/div>\n\n<div class=\"wp-block-column is-layout-flow wp-block-column-is-layout-flow\"><div class=\"wp-block-buttons is-content-justification-center is-layout-flex wp-container-core-buttons-is-layout-16018d1d wp-block-buttons-is-layout-flex\"><div class=\"wp-block-button\"><a class=\"wp-block-button__link has-text-align-center wp-element-button\" href=\"#\" target=\"_blank\" rel=\"noreferrer noopener\">T\u00e9l\u00e9charger ici<\/a><\/div><\/div><\/div>\n\n<div class=\"wp-block-column is-layout-flow wp-block-column-is-layout-flow\"><\/div><\/div><\/div><\/div>","protected":false},"excerpt":{"rendered":"<p>La tradition, l&#8217;artisanat et beaucoup de &#8220;Ammore&#8221; donnent au levain de P\u00e2ques par excellence une saveur que vous n&#8217;oublierez pas. Aujourd&#8217;hui encore, la colombe est un souhait, d\u00e9j\u00e0 pour sa forme de cloche, de paix, de renaissance et de s\u00e9r\u00e9nit\u00e9, comme l&#8217;indique le symbolisme du dessert lui-m\u00eame. Go\u00fbtez-le en choisissant parmi les versions, toutes artisanales, [&hellip;]<\/p>\n","protected":false},"author":1,"featured_media":0,"parent":3101,"menu_order":0,"comment_status":"closed","ping_status":"closed","template":"templates\/blocks.php","meta":{"_genesis_hide_title":false,"_genesis_hide_breadcrumbs":false,"_genesis_hide_singular_image":false,"_genesis_hide_footer_widgets":false,"_genesis_custom_body_class":"","_genesis_custom_post_class":"","_genesis_layout":"full-width-content","footnotes":""},"class_list":{"0":"post-4499","1":"page","2":"type-page","3":"status-publish","5":"entry"},"yoast_head":"<!-- This site is optimized with the Yoast SEO plugin v23.7 - https:\/\/yoast.com\/wordpress\/plugins\/seo\/ -->\n<title>Paques - Ammore<\/title>\n<meta name=\"robots\" content=\"index, follow, max-snippet:-1, max-image-preview:large, max-video-preview:-1\" \/>\n<link rel=\"canonical\" href=\"https:\/\/www.ammore.online\/fr\/produits\/paques\/\" \/>\n<meta property=\"og:locale\" content=\"fr_FR\" \/>\n<meta property=\"og:type\" content=\"article\" \/>\n<meta property=\"og:title\" content=\"Paques - Ammore\" \/>\n<meta property=\"og:description\" content=\"La tradition, l&#8217;artisanat et beaucoup de &#8220;Ammore&#8221; donnent au levain de P\u00e2ques par excellence une saveur que vous n&#8217;oublierez pas. Aujourd&#8217;hui encore, la colombe est un souhait, d\u00e9j\u00e0 pour sa forme de cloche, de paix, de renaissance et de s\u00e9r\u00e9nit\u00e9, comme l&#8217;indique le symbolisme du dessert lui-m\u00eame. Go\u00fbtez-le en choisissant parmi les versions, toutes artisanales, [&hellip;]\" \/>\n<meta property=\"og:url\" content=\"https:\/\/www.ammore.online\/fr\/produits\/paques\/\" \/>\n<meta property=\"og:site_name\" content=\"Ammore\" \/>\n<meta property=\"article:publisher\" content=\"https:\/\/www.facebook.com\/ammore.official\" \/>\n<meta property=\"article:modified_time\" content=\"2024-01-30T10:38:20+00:00\" \/>\n<meta name=\"twitter:card\" content=\"summary_large_image\" \/>\n<script type=\"application\/ld+json\" class=\"yoast-schema-graph\">{\"@context\":\"https:\/\/schema.org\",\"@graph\":[{\"@type\":\"WebPage\",\"@id\":\"https:\/\/www.ammore.online\/fr\/produits\/paques\/\",\"url\":\"https:\/\/www.ammore.online\/fr\/produits\/paques\/\",\"name\":\"Paques - Ammore\",\"isPartOf\":{\"@id\":\"https:\/\/www.ammore.online\/es\/#website\"},\"datePublished\":\"2024-01-19T09:34:11+00:00\",\"dateModified\":\"2024-01-30T10:38:20+00:00\",\"breadcrumb\":{\"@id\":\"https:\/\/www.ammore.online\/fr\/produits\/paques\/#breadcrumb\"},\"inLanguage\":\"fr-FR\",\"potentialAction\":[{\"@type\":\"ReadAction\",\"target\":[\"https:\/\/www.ammore.online\/fr\/produits\/paques\/\"]}]},{\"@type\":\"BreadcrumbList\",\"@id\":\"https:\/\/www.ammore.online\/fr\/produits\/paques\/#breadcrumb\",\"itemListElement\":[{\"@type\":\"ListItem\",\"position\":1,\"name\":\"Home\",\"item\":\"https:\/\/www.ammore.online\/fr\/\"},{\"@type\":\"ListItem\",\"position\":2,\"name\":\"Produits\",\"item\":\"https:\/\/www.ammore.online\/fr\/produits\/\"},{\"@type\":\"ListItem\",\"position\":3,\"name\":\"Paques\"}]},{\"@type\":\"WebSite\",\"@id\":\"https:\/\/www.ammore.online\/es\/#website\",\"url\":\"https:\/\/www.ammore.online\/es\/\",\"name\":\"Ammore\",\"description\":\"Il gusto della tradizione\",\"publisher\":{\"@id\":\"https:\/\/www.ammore.online\/es\/#organization\"},\"potentialAction\":[{\"@type\":\"SearchAction\",\"target\":{\"@type\":\"EntryPoint\",\"urlTemplate\":\"https:\/\/www.ammore.online\/es\/?s={search_term_string}\"},\"query-input\":{\"@type\":\"PropertyValueSpecification\",\"valueRequired\":true,\"valueName\":\"search_term_string\"}}],\"inLanguage\":\"fr-FR\"},{\"@type\":\"Organization\",\"@id\":\"https:\/\/www.ammore.online\/es\/#organization\",\"name\":\"Ammore\",\"url\":\"https:\/\/www.ammore.online\/es\/\",\"logo\":{\"@type\":\"ImageObject\",\"inLanguage\":\"fr-FR\",\"@id\":\"https:\/\/www.ammore.online\/es\/#\/schema\/logo\/image\/\",\"url\":\"https:\/\/www.ammore.online\/wp-content\/uploads\/2023\/10\/cropped-cropped-Ammore_logo.png\",\"contentUrl\":\"https:\/\/www.ammore.online\/wp-content\/uploads\/2023\/10\/cropped-cropped-Ammore_logo.png\",\"width\":1411,\"height\":393,\"caption\":\"Ammore\"},\"image\":{\"@id\":\"https:\/\/www.ammore.online\/es\/#\/schema\/logo\/image\/\"},\"sameAs\":[\"https:\/\/www.facebook.com\/ammore.official\",\"https:\/\/www.instagram.com\/ammore_official\"]}]}<\/script>\n<!-- \/ Yoast SEO plugin. -->","yoast_head_json":{"title":"Paques - Ammore","robots":{"index":"index","follow":"follow","max-snippet":"max-snippet:-1","max-image-preview":"max-image-preview:large","max-video-preview":"max-video-preview:-1"},"canonical":"https:\/\/www.ammore.online\/fr\/produits\/paques\/","og_locale":"fr_FR","og_type":"article","og_title":"Paques - Ammore","og_description":"La tradition, l&#8217;artisanat et beaucoup de &#8220;Ammore&#8221; donnent au levain de P\u00e2ques par excellence une saveur que vous n&#8217;oublierez pas. Aujourd&#8217;hui encore, la colombe est un souhait, d\u00e9j\u00e0 pour sa forme de cloche, de paix, de renaissance et de s\u00e9r\u00e9nit\u00e9, comme l&#8217;indique le symbolisme du dessert lui-m\u00eame. Go\u00fbtez-le en choisissant parmi les versions, toutes artisanales, [&hellip;]","og_url":"https:\/\/www.ammore.online\/fr\/produits\/paques\/","og_site_name":"Ammore","article_publisher":"https:\/\/www.facebook.com\/ammore.official","article_modified_time":"2024-01-30T10:38:20+00:00","twitter_card":"summary_large_image","schema":{"@context":"https:\/\/schema.org","@graph":[{"@type":"WebPage","@id":"https:\/\/www.ammore.online\/fr\/produits\/paques\/","url":"https:\/\/www.ammore.online\/fr\/produits\/paques\/","name":"Paques - Ammore","isPartOf":{"@id":"https:\/\/www.ammore.online\/es\/#website"},"datePublished":"2024-01-19T09:34:11+00:00","dateModified":"2024-01-30T10:38:20+00:00","breadcrumb":{"@id":"https:\/\/www.ammore.online\/fr\/produits\/paques\/#breadcrumb"},"inLanguage":"fr-FR","potentialAction":[{"@type":"ReadAction","target":["https:\/\/www.ammore.online\/fr\/produits\/paques\/"]}]},{"@type":"BreadcrumbList","@id":"https:\/\/www.ammore.online\/fr\/produits\/paques\/#breadcrumb","itemListElement":[{"@type":"ListItem","position":1,"name":"Home","item":"https:\/\/www.ammore.online\/fr\/"},{"@type":"ListItem","position":2,"name":"Produits","item":"https:\/\/www.ammore.online\/fr\/produits\/"},{"@type":"ListItem","position":3,"name":"Paques"}]},{"@type":"WebSite","@id":"https:\/\/www.ammore.online\/es\/#website","url":"https:\/\/www.ammore.online\/es\/","name":"Ammore","description":"Il gusto della tradizione","publisher":{"@id":"https:\/\/www.ammore.online\/es\/#organization"},"potentialAction":[{"@type":"SearchAction","target":{"@type":"EntryPoint","urlTemplate":"https:\/\/www.ammore.online\/es\/?s={search_term_string}"},"query-input":{"@type":"PropertyValueSpecification","valueRequired":true,"valueName":"search_term_string"}}],"inLanguage":"fr-FR"},{"@type":"Organization","@id":"https:\/\/www.ammore.online\/es\/#organization","name":"Ammore","url":"https:\/\/www.ammore.online\/es\/","logo":{"@type":"ImageObject","inLanguage":"fr-FR","@id":"https:\/\/www.ammore.online\/es\/#\/schema\/logo\/image\/","url":"https:\/\/www.ammore.online\/wp-content\/uploads\/2023\/10\/cropped-cropped-Ammore_logo.png","contentUrl":"https:\/\/www.ammore.online\/wp-content\/uploads\/2023\/10\/cropped-cropped-Ammore_logo.png","width":1411,"height":393,"caption":"Ammore"},"image":{"@id":"https:\/\/www.ammore.online\/es\/#\/schema\/logo\/image\/"},"sameAs":["https:\/\/www.facebook.com\/ammore.official","https:\/\/www.instagram.com\/ammore_official"]}]}},"featured_image_src":null,"featured_image_src_square":null,"_links":{"self":[{"href":"https:\/\/www.ammore.online\/fr\/wp-json\/wp\/v2\/pages\/4499","targetHints":{"allow":["GET"]}}],"collection":[{"href":"https:\/\/www.ammore.online\/fr\/wp-json\/wp\/v2\/pages"}],"about":[{"href":"https:\/\/www.ammore.online\/fr\/wp-json\/wp\/v2\/types\/page"}],"author":[{"embeddable":true,"href":"https:\/\/www.ammore.online\/fr\/wp-json\/wp\/v2\/users\/1"}],"replies":[{"embeddable":true,"href":"https:\/\/www.ammore.online\/fr\/wp-json\/wp\/v2\/comments?post=4499"}],"version-history":[{"count":2,"href":"https:\/\/www.ammore.online\/fr\/wp-json\/wp\/v2\/pages\/4499\/revisions"}],"predecessor-version":[{"id":4518,"href":"https:\/\/www.ammore.online\/fr\/wp-json\/wp\/v2\/pages\/4499\/revisions\/4518"}],"up":[{"embeddable":true,"href":"https:\/\/www.ammore.online\/fr\/wp-json\/wp\/v2\/pages\/3101"}],"wp:attachment":[{"href":"https:\/\/www.ammore.online\/fr\/wp-json\/wp\/v2\/media?parent=4499"}],"curies":[{"name":"wp","href":"https:\/\/api.w.org\/{rel}","templated":true}]}}