{"id":3862,"date":"2023-11-27T18:14:25","date_gmt":"2023-11-27T18:14:25","guid":{"rendered":"https:\/\/www.ammore.online\/produits\/compotes\/"},"modified":"2023-11-27T18:19:14","modified_gmt":"2023-11-27T18:19:14","slug":"compotes","status":"publish","type":"page","link":"https:\/\/www.ammore.online\/fr\/produits\/compotes\/","title":{"rendered":"Compotes"},"content":{"rendered":"<div class=\"wp-block-group alignwide\"><div class=\"wp-block-group__inner-container is-layout-constrained wp-block-group-is-layout-constrained\"><div style=\"height:100px\" aria-hidden=\"true\" class=\"wp-block-spacer\"><\/div>\n\n<p class=\"has-text-align-center\">Pas une simple compote mais bien plus encore ! <\/p>\n\n<p class=\"has-text-align-center\">Go\u00fbt enveloppant, riche en fruits d\u00e9licieux, produit avec \u00ab <strong>Ammore<\/strong> \u00bb. <\/p>\n\n<p class=\"has-text-align-center\">Nous avons s\u00e9lectionn\u00e9 et recherch\u00e9 des mati\u00e8res premi\u00e8res d\u2019excellente qualit\u00e9. Les <strong>abricots du V\u00e9suve<\/strong> vari\u00e9t\u00e9 &#8220;<strong>Pellecchiella<\/strong>&#8221; et le jus de pomme sont soigneusement trait\u00e9s pour vous offrir une compote au go\u00fbt unique mais qui ne d\u00e9passe pas en calories, parfaite pour le petit-d\u00e9jeuner ou pour votre pause quotidienne bien m\u00e9rit\u00e9e. <\/p>\n\n<p class=\"has-text-align-center\">Amusez-vous \u00e0 go\u00fbter les nombreuses saveurs propos\u00e9es, toutes particuli\u00e8rement adapt\u00e9es \u00e0 l&#8217;alimentation des sportifs et au-del\u00e0. <\/p>\n\n<p class=\"has-text-align-center\">Une fa\u00e7on de prendre soin de l&#8217;esprit et du c\u0153ur, en se consacrant \u00e0 un d\u00e9but de journ\u00e9e nutritif et sain sans renoncer au go\u00fbt. <\/p>\n\n<p><\/p>\n\n<div style=\"height:50px\" aria-hidden=\"true\" class=\"wp-block-spacer\"><\/div><\/div><\/div><div data-align-buttons=\"true\" data-block-name=\"woocommerce\/product-category\" data-categories=\"[160]\" class=\"wc-block-grid wp-block-product-category wc-block-product-category has-3-columns has-multiple-rows alignwide has-aligned-buttons\"><ul class=\"wc-block-grid__products\"><li class=\"wc-block-grid__product\">\n\t\t\t\t<a href=\"https:\/\/www.ammore.online\/fr\/prodotto\/compote-abricot\/\" class=\"wc-block-grid__product-link\">\n\t\t\t\t\t\n\t\t\t\t\t<div class=\"wc-block-grid__product-image\"><img loading=\"lazy\" decoding=\"async\" width=\"530\" height=\"530\" src=\"https:\/\/www.ammore.online\/wp-content\/uploads\/2023\/11\/Composta-Ammore-530x530.jpg\" class=\"attachment-woocommerce_thumbnail size-woocommerce_thumbnail\" alt=\"Compote &lt;br&gt; Abricot Pellecchiella del Vesuvio\" srcset=\"https:\/\/www.ammore.online\/wp-content\/uploads\/2023\/11\/Composta-Ammore-530x530.jpg 530w, https:\/\/www.ammore.online\/wp-content\/uploads\/2023\/11\/Composta-Ammore-300x300.jpg 300w, https:\/\/www.ammore.online\/wp-content\/uploads\/2023\/11\/Composta-Ammore-150x150.jpg 150w, https:\/\/www.ammore.online\/wp-content\/uploads\/2023\/11\/Composta-Ammore-768x768.jpg 768w, https:\/\/www.ammore.online\/wp-content\/uploads\/2023\/11\/Composta-Ammore-50x50.jpg 50w, https:\/\/www.ammore.online\/wp-content\/uploads\/2023\/11\/Composta-Ammore-600x600.jpg 600w, https:\/\/www.ammore.online\/wp-content\/uploads\/2023\/11\/Composta-Ammore-720x720.jpg 720w, https:\/\/www.ammore.online\/wp-content\/uploads\/2023\/11\/Composta-Ammore-180x180.jpg 180w, https:\/\/www.ammore.online\/wp-content\/uploads\/2023\/11\/Composta-Ammore.jpg 886w\" sizes=\"auto, (max-width: 530px) 100vw, 530px\" \/><\/div>\n\t\t\t\t\t<div class=\"wc-block-grid__product-title\">Compote <br> Abricot Pellecchiella del Vesuvio<\/div>\n\t\t\t\t<\/a>\n\t\t\t\t<div class=\"wc-block-grid__product-price price\"><span class=\"woocommerce-Price-amount amount\">9,00&nbsp;<span class=\"woocommerce-Price-currencySymbol\">&euro;<\/span><\/span><\/div>\n\t\t\t\t\n\t\t\t\t<div class=\"wp-block-button wc-block-grid__product-add-to-cart\"><a href=\"https:\/\/www.ammore.online\/fr\/prodotto\/compote-abricot\/\" aria-label=\"En savoir plus sur &ldquo;Compote &lt;br&gt; Abricot Pellecchiella del Vesuvio&rdquo;\" data-quantity=\"1\" data-product_id=\"3856\" data-product_sku=\"\" data-price=\"9\" rel=\"nofollow\" class=\"wp-block-button__link  add_to_cart_button\">Lire la suite<\/a><\/div>\n\t\t\t<\/li><\/ul><\/div>","protected":false},"excerpt":{"rendered":"<p>Pas une simple compote mais bien plus encore ! Go\u00fbt enveloppant, riche en fruits d\u00e9licieux, produit avec \u00ab Ammore \u00bb. Nous avons s\u00e9lectionn\u00e9 et recherch\u00e9 des mati\u00e8res premi\u00e8res d\u2019excellente qualit\u00e9. Les abricots du V\u00e9suve vari\u00e9t\u00e9 &#8220;Pellecchiella&#8221; et le jus de pomme sont soigneusement trait\u00e9s pour vous offrir une compote au go\u00fbt unique mais qui ne [&hellip;]<\/p>\n","protected":false},"author":5,"featured_media":0,"parent":3101,"menu_order":0,"comment_status":"closed","ping_status":"closed","template":"templates\/blocks.php","meta":{"_genesis_hide_title":false,"_genesis_hide_breadcrumbs":false,"_genesis_hide_singular_image":false,"_genesis_hide_footer_widgets":false,"_genesis_custom_body_class":"","_genesis_custom_post_class":"","_genesis_layout":"full-width-content","footnotes":""},"class_list":{"0":"post-3862","1":"page","2":"type-page","3":"status-publish","5":"entry"},"yoast_head":"<!-- This site is optimized with the Yoast SEO plugin v23.7 - https:\/\/yoast.com\/wordpress\/plugins\/seo\/ -->\n<title>Compotes - Ammore<\/title>\n<meta name=\"description\" content=\"Pas un simple tartinable, mais beaucoup, beaucoup plus ! Une cr\u00e8me enveloppante et d\u00e9licieuse, \u00e0 la saveur gourmande et r\u00e9alis\u00e9e avec &quot;Ammore&quot;.\" \/>\n<meta name=\"robots\" content=\"index, follow, max-snippet:-1, max-image-preview:large, max-video-preview:-1\" \/>\n<link rel=\"canonical\" href=\"https:\/\/www.ammore.online\/fr\/produits\/compotes\/\" \/>\n<meta property=\"og:locale\" content=\"fr_FR\" \/>\n<meta property=\"og:type\" content=\"article\" \/>\n<meta property=\"og:title\" content=\"Compotes - Ammore\" \/>\n<meta property=\"og:description\" content=\"Pas un simple tartinable, mais beaucoup, beaucoup plus ! Une cr\u00e8me enveloppante et d\u00e9licieuse, \u00e0 la saveur gourmande et r\u00e9alis\u00e9e avec &quot;Ammore&quot;.\" \/>\n<meta property=\"og:url\" content=\"https:\/\/www.ammore.online\/fr\/produits\/compotes\/\" \/>\n<meta property=\"og:site_name\" content=\"Ammore\" \/>\n<meta property=\"article:publisher\" content=\"https:\/\/www.facebook.com\/ammore.official\" \/>\n<meta property=\"article:modified_time\" content=\"2023-11-27T18:19:14+00:00\" \/>\n<meta name=\"twitter:card\" content=\"summary_large_image\" \/>\n<meta name=\"twitter:label1\" content=\"Dur\u00e9e de lecture estim\u00e9e\" \/>\n\t<meta name=\"twitter:data1\" content=\"1 minute\" \/>\n<script type=\"application\/ld+json\" class=\"yoast-schema-graph\">{\"@context\":\"https:\/\/schema.org\",\"@graph\":[{\"@type\":\"WebPage\",\"@id\":\"https:\/\/www.ammore.online\/fr\/produits\/compotes\/\",\"url\":\"https:\/\/www.ammore.online\/fr\/produits\/compotes\/\",\"name\":\"Compotes - Ammore\",\"isPartOf\":{\"@id\":\"https:\/\/www.ammore.online\/es\/#website\"},\"datePublished\":\"2023-11-27T18:14:25+00:00\",\"dateModified\":\"2023-11-27T18:19:14+00:00\",\"description\":\"Pas un simple tartinable, mais beaucoup, beaucoup plus ! Une cr\u00e8me enveloppante et d\u00e9licieuse, \u00e0 la saveur gourmande et r\u00e9alis\u00e9e avec \\\"Ammore\\\".\",\"breadcrumb\":{\"@id\":\"https:\/\/www.ammore.online\/fr\/produits\/compotes\/#breadcrumb\"},\"inLanguage\":\"fr-FR\",\"potentialAction\":[{\"@type\":\"ReadAction\",\"target\":[\"https:\/\/www.ammore.online\/fr\/produits\/compotes\/\"]}]},{\"@type\":\"BreadcrumbList\",\"@id\":\"https:\/\/www.ammore.online\/fr\/produits\/compotes\/#breadcrumb\",\"itemListElement\":[{\"@type\":\"ListItem\",\"position\":1,\"name\":\"Home\",\"item\":\"https:\/\/www.ammore.online\/fr\/\"},{\"@type\":\"ListItem\",\"position\":2,\"name\":\"Produits\",\"item\":\"https:\/\/www.ammore.online\/fr\/produits\/\"},{\"@type\":\"ListItem\",\"position\":3,\"name\":\"Compotes\"}]},{\"@type\":\"WebSite\",\"@id\":\"https:\/\/www.ammore.online\/es\/#website\",\"url\":\"https:\/\/www.ammore.online\/es\/\",\"name\":\"Ammore\",\"description\":\"Il gusto della tradizione\",\"publisher\":{\"@id\":\"https:\/\/www.ammore.online\/es\/#organization\"},\"potentialAction\":[{\"@type\":\"SearchAction\",\"target\":{\"@type\":\"EntryPoint\",\"urlTemplate\":\"https:\/\/www.ammore.online\/es\/?s={search_term_string}\"},\"query-input\":{\"@type\":\"PropertyValueSpecification\",\"valueRequired\":true,\"valueName\":\"search_term_string\"}}],\"inLanguage\":\"fr-FR\"},{\"@type\":\"Organization\",\"@id\":\"https:\/\/www.ammore.online\/es\/#organization\",\"name\":\"Ammore\",\"url\":\"https:\/\/www.ammore.online\/es\/\",\"logo\":{\"@type\":\"ImageObject\",\"inLanguage\":\"fr-FR\",\"@id\":\"https:\/\/www.ammore.online\/es\/#\/schema\/logo\/image\/\",\"url\":\"https:\/\/www.ammore.online\/wp-content\/uploads\/2023\/10\/cropped-cropped-Ammore_logo.png\",\"contentUrl\":\"https:\/\/www.ammore.online\/wp-content\/uploads\/2023\/10\/cropped-cropped-Ammore_logo.png\",\"width\":1411,\"height\":393,\"caption\":\"Ammore\"},\"image\":{\"@id\":\"https:\/\/www.ammore.online\/es\/#\/schema\/logo\/image\/\"},\"sameAs\":[\"https:\/\/www.facebook.com\/ammore.official\",\"https:\/\/www.instagram.com\/ammore_official\"]}]}<\/script>\n<!-- \/ Yoast SEO plugin. -->","yoast_head_json":{"title":"Compotes - Ammore","description":"Pas un simple tartinable, mais beaucoup, beaucoup plus ! Une cr\u00e8me enveloppante et d\u00e9licieuse, \u00e0 la saveur gourmande et r\u00e9alis\u00e9e avec \"Ammore\".","robots":{"index":"index","follow":"follow","max-snippet":"max-snippet:-1","max-image-preview":"max-image-preview:large","max-video-preview":"max-video-preview:-1"},"canonical":"https:\/\/www.ammore.online\/fr\/produits\/compotes\/","og_locale":"fr_FR","og_type":"article","og_title":"Compotes - Ammore","og_description":"Pas un simple tartinable, mais beaucoup, beaucoup plus ! Une cr\u00e8me enveloppante et d\u00e9licieuse, \u00e0 la saveur gourmande et r\u00e9alis\u00e9e avec \"Ammore\".","og_url":"https:\/\/www.ammore.online\/fr\/produits\/compotes\/","og_site_name":"Ammore","article_publisher":"https:\/\/www.facebook.com\/ammore.official","article_modified_time":"2023-11-27T18:19:14+00:00","twitter_card":"summary_large_image","twitter_misc":{"Dur\u00e9e de lecture estim\u00e9e":"1 minute"},"schema":{"@context":"https:\/\/schema.org","@graph":[{"@type":"WebPage","@id":"https:\/\/www.ammore.online\/fr\/produits\/compotes\/","url":"https:\/\/www.ammore.online\/fr\/produits\/compotes\/","name":"Compotes - Ammore","isPartOf":{"@id":"https:\/\/www.ammore.online\/es\/#website"},"datePublished":"2023-11-27T18:14:25+00:00","dateModified":"2023-11-27T18:19:14+00:00","description":"Pas un simple tartinable, mais beaucoup, beaucoup plus ! Une cr\u00e8me enveloppante et d\u00e9licieuse, \u00e0 la saveur gourmande et r\u00e9alis\u00e9e avec \"Ammore\".","breadcrumb":{"@id":"https:\/\/www.ammore.online\/fr\/produits\/compotes\/#breadcrumb"},"inLanguage":"fr-FR","potentialAction":[{"@type":"ReadAction","target":["https:\/\/www.ammore.online\/fr\/produits\/compotes\/"]}]},{"@type":"BreadcrumbList","@id":"https:\/\/www.ammore.online\/fr\/produits\/compotes\/#breadcrumb","itemListElement":[{"@type":"ListItem","position":1,"name":"Home","item":"https:\/\/www.ammore.online\/fr\/"},{"@type":"ListItem","position":2,"name":"Produits","item":"https:\/\/www.ammore.online\/fr\/produits\/"},{"@type":"ListItem","position":3,"name":"Compotes"}]},{"@type":"WebSite","@id":"https:\/\/www.ammore.online\/es\/#website","url":"https:\/\/www.ammore.online\/es\/","name":"Ammore","description":"Il gusto della tradizione","publisher":{"@id":"https:\/\/www.ammore.online\/es\/#organization"},"potentialAction":[{"@type":"SearchAction","target":{"@type":"EntryPoint","urlTemplate":"https:\/\/www.ammore.online\/es\/?s={search_term_string}"},"query-input":{"@type":"PropertyValueSpecification","valueRequired":true,"valueName":"search_term_string"}}],"inLanguage":"fr-FR"},{"@type":"Organization","@id":"https:\/\/www.ammore.online\/es\/#organization","name":"Ammore","url":"https:\/\/www.ammore.online\/es\/","logo":{"@type":"ImageObject","inLanguage":"fr-FR","@id":"https:\/\/www.ammore.online\/es\/#\/schema\/logo\/image\/","url":"https:\/\/www.ammore.online\/wp-content\/uploads\/2023\/10\/cropped-cropped-Ammore_logo.png","contentUrl":"https:\/\/www.ammore.online\/wp-content\/uploads\/2023\/10\/cropped-cropped-Ammore_logo.png","width":1411,"height":393,"caption":"Ammore"},"image":{"@id":"https:\/\/www.ammore.online\/es\/#\/schema\/logo\/image\/"},"sameAs":["https:\/\/www.facebook.com\/ammore.official","https:\/\/www.instagram.com\/ammore_official"]}]}},"featured_image_src":null,"featured_image_src_square":null,"_links":{"self":[{"href":"https:\/\/www.ammore.online\/fr\/wp-json\/wp\/v2\/pages\/3862","targetHints":{"allow":["GET"]}}],"collection":[{"href":"https:\/\/www.ammore.online\/fr\/wp-json\/wp\/v2\/pages"}],"about":[{"href":"https:\/\/www.ammore.online\/fr\/wp-json\/wp\/v2\/types\/page"}],"author":[{"embeddable":true,"href":"https:\/\/www.ammore.online\/fr\/wp-json\/wp\/v2\/users\/5"}],"replies":[{"embeddable":true,"href":"https:\/\/www.ammore.online\/fr\/wp-json\/wp\/v2\/comments?post=3862"}],"version-history":[{"count":1,"href":"https:\/\/www.ammore.online\/fr\/wp-json\/wp\/v2\/pages\/3862\/revisions"}],"predecessor-version":[{"id":3863,"href":"https:\/\/www.ammore.online\/fr\/wp-json\/wp\/v2\/pages\/3862\/revisions\/3863"}],"up":[{"embeddable":true,"href":"https:\/\/www.ammore.online\/fr\/wp-json\/wp\/v2\/pages\/3101"}],"wp:attachment":[{"href":"https:\/\/www.ammore.online\/fr\/wp-json\/wp\/v2\/media?parent=3862"}],"curies":[{"name":"wp","href":"https:\/\/api.w.org\/{rel}","templated":true}]}}