{"id":3487,"date":"2023-07-14T14:25:12","date_gmt":"2023-07-14T14:25:12","guid":{"rendered":"https:\/\/www.ammore.online\/produits\/pandolce\/"},"modified":"2023-09-15T13:03:57","modified_gmt":"2023-09-15T13:03:57","slug":"pandolce","status":"publish","type":"page","link":"https:\/\/www.ammore.online\/fr\/produits\/pandolce\/","title":{"rendered":"PanDolce"},"content":{"rendered":"<div class=\"wp-block-group alignwide\"><div class=\"wp-block-group__inner-container is-layout-constrained wp-block-group-is-layout-constrained\"><div style=\"height:100px\" aria-hidden=\"true\" class=\"wp-block-spacer\"><\/div>\n\n<p class=\"has-text-align-center\"><strong>Pandolce<\/strong> est un produit au levain doux et savoureux, caract\u00e9ristique pour sa forme rectangulaire et fabriqu\u00e9 avec &#8220;<strong>Ammore<\/strong>&#8221; \u00e0 partir des ingr\u00e9dients de base du panettone, puis enrichi de fruits confits et de raisins secs, de chocolat ou, dans la version la plus simple, de &#8220;brioche&#8221;. <\/p>\n\n<p class=\"has-text-align-center\">Levage lent et ingr\u00e9dients de haute qualit\u00e9 le rendent parfait \u00e0 consommer toute l&#8217;ann\u00e9e. <\/p>\n\n<p class=\"has-text-align-center\">Mangez-le relaxant au petit-d\u00e9jeuner ou pr\u00e9f\u00e9rez-le en dessert. <\/p>\n\n<p class=\"has-text-align-center\">Accompagnez-le de glace ou enrichissez-le en le tartinant sur l&#8217;une de nos exquises cr\u00e8mes \u00e0 tartiner : vous vous r\u00e9galerez et cela deviendra une excellente raison de commencer la journ\u00e9e du bon pied, pouss\u00e9 par une envie de bon, sain et \u00e9nergique .<\/p>\n\n<div style=\"height:50px\" aria-hidden=\"true\" class=\"wp-block-spacer\"><\/div>\n\n<div data-align-buttons=\"true\" data-block-name=\"woocommerce\/product-category\" data-categories=\"[77]\" class=\"wc-block-grid wp-block-product-category wc-block-product-category has-3-columns has-multiple-rows has-aligned-buttons\"><ul class=\"wc-block-grid__products\"><li class=\"wc-block-grid__product\">\n\t\t\t\t<a href=\"https:\/\/www.ammore.online\/fr\/prodotto\/pandolce-tre-cioccolati\/\" class=\"wc-block-grid__product-link\">\n\t\t\t\t\t\n\t\t\t\t\t<div class=\"wc-block-grid__product-image\"><img loading=\"lazy\" decoding=\"async\" width=\"530\" height=\"530\" src=\"https:\/\/www.ammore.online\/wp-content\/uploads\/2022\/09\/Tronchetto_Classico-530x530.png\" class=\"attachment-woocommerce_thumbnail size-woocommerce_thumbnail\" alt=\"PanDolce artisanal &lt;br&gt; Trois chocolats\" srcset=\"https:\/\/www.ammore.online\/wp-content\/uploads\/2022\/09\/Tronchetto_Classico-530x530.png 530w, https:\/\/www.ammore.online\/wp-content\/uploads\/2022\/09\/Tronchetto_Classico-300x300.png 300w, https:\/\/www.ammore.online\/wp-content\/uploads\/2022\/09\/Tronchetto_Classico-150x150.png 150w, https:\/\/www.ammore.online\/wp-content\/uploads\/2022\/09\/Tronchetto_Classico-600x600.png 600w, https:\/\/www.ammore.online\/wp-content\/uploads\/2022\/09\/Tronchetto_Classico-180x180.png 180w, https:\/\/www.ammore.online\/wp-content\/uploads\/2022\/09\/Tronchetto_Classico.png 630w\" sizes=\"auto, (max-width: 530px) 100vw, 530px\" \/><\/div>\n\t\t\t\t\t<div class=\"wc-block-grid__product-title\">PanDolce artisanal <br> Trois chocolats<\/div>\n\t\t\t\t<\/a>\n\t\t\t\t<div class=\"wc-block-grid__product-price price\"><span class=\"woocommerce-Price-amount amount\">27,00&nbsp;<span class=\"woocommerce-Price-currencySymbol\">&euro;<\/span><\/span><\/div>\n\t\t\t\t\n\t\t\t\t<div class=\"wp-block-button wc-block-grid__product-add-to-cart\"><a href=\"https:\/\/www.ammore.online\/fr\/prodotto\/pandolce-tre-cioccolati\/\" aria-label=\"En savoir plus sur &ldquo;PanDolce artisanal &lt;br&gt; Trois chocolats&rdquo;\" data-quantity=\"1\" data-product_id=\"1154\" data-product_sku=\"\" data-price=\"27\" rel=\"nofollow\" class=\"wp-block-button__link  add_to_cart_button\">Lire la suite<\/a><\/div>\n\t\t\t<\/li><li class=\"wc-block-grid__product\">\n\t\t\t\t<a href=\"https:\/\/www.ammore.online\/fr\/prodotto\/pandolce-classico\/\" class=\"wc-block-grid__product-link\">\n\t\t\t\t\t\n\t\t\t\t\t<div class=\"wc-block-grid__product-image\"><img loading=\"lazy\" decoding=\"async\" width=\"530\" height=\"530\" src=\"https:\/\/www.ammore.online\/wp-content\/uploads\/2022\/08\/PANDOLCE-CLASSICO-530x530.png\" class=\"attachment-woocommerce_thumbnail size-woocommerce_thumbnail\" alt=\"PanDolce artisanal &lt;br&gt; Classique\" srcset=\"https:\/\/www.ammore.online\/wp-content\/uploads\/2022\/08\/PANDOLCE-CLASSICO-530x530.png 530w, https:\/\/www.ammore.online\/wp-content\/uploads\/2022\/08\/PANDOLCE-CLASSICO-300x300.png 300w, https:\/\/www.ammore.online\/wp-content\/uploads\/2022\/08\/PANDOLCE-CLASSICO-150x150.png 150w, https:\/\/www.ammore.online\/wp-content\/uploads\/2022\/08\/PANDOLCE-CLASSICO-600x600.png 600w, https:\/\/www.ammore.online\/wp-content\/uploads\/2022\/08\/PANDOLCE-CLASSICO-180x180.png 180w, https:\/\/www.ammore.online\/wp-content\/uploads\/2022\/08\/PANDOLCE-CLASSICO.png 630w\" sizes=\"auto, (max-width: 530px) 100vw, 530px\" \/><\/div>\n\t\t\t\t\t<div class=\"wc-block-grid__product-title\">PanDolce artisanal <br> Classique<\/div>\n\t\t\t\t<\/a>\n\t\t\t\t<div class=\"wc-block-grid__product-price price\"><span class=\"woocommerce-Price-amount amount\">27,00&nbsp;<span class=\"woocommerce-Price-currencySymbol\">&euro;<\/span><\/span><\/div>\n\t\t\t\t\n\t\t\t\t<div class=\"wp-block-button wc-block-grid__product-add-to-cart\"><a href=\"https:\/\/www.ammore.online\/fr\/prodotto\/pandolce-classico\/\" aria-label=\"En savoir plus sur &ldquo;PanDolce artisanal &lt;br&gt; Classique&rdquo;\" data-quantity=\"1\" data-product_id=\"1148\" data-product_sku=\"\" data-price=\"27\" rel=\"nofollow\" class=\"wp-block-button__link  add_to_cart_button\">Lire la suite<\/a><\/div>\n\t\t\t<\/li><li class=\"wc-block-grid__product\">\n\t\t\t\t<a href=\"https:\/\/www.ammore.online\/fr\/prodotto\/pandolce-artigianale-brioche\/\" class=\"wc-block-grid__product-link\">\n\t\t\t\t\t\n\t\t\t\t\t<div class=\"wc-block-grid__product-image\"><img loading=\"lazy\" decoding=\"async\" width=\"530\" height=\"530\" src=\"https:\/\/www.ammore.online\/wp-content\/uploads\/2022\/08\/PANDOLCE-BRIOCHE-530x530.png\" class=\"attachment-woocommerce_thumbnail size-woocommerce_thumbnail\" alt=\"PanDolce artisanal &lt;br&gt; Brioche\" srcset=\"https:\/\/www.ammore.online\/wp-content\/uploads\/2022\/08\/PANDOLCE-BRIOCHE-530x530.png 530w, https:\/\/www.ammore.online\/wp-content\/uploads\/2022\/08\/PANDOLCE-BRIOCHE-300x300.png 300w, https:\/\/www.ammore.online\/wp-content\/uploads\/2022\/08\/PANDOLCE-BRIOCHE-150x150.png 150w, https:\/\/www.ammore.online\/wp-content\/uploads\/2022\/08\/PANDOLCE-BRIOCHE-600x600.png 600w, https:\/\/www.ammore.online\/wp-content\/uploads\/2022\/08\/PANDOLCE-BRIOCHE-180x180.png 180w, https:\/\/www.ammore.online\/wp-content\/uploads\/2022\/08\/PANDOLCE-BRIOCHE.png 630w\" sizes=\"auto, (max-width: 530px) 100vw, 530px\" \/><\/div>\n\t\t\t\t\t<div class=\"wc-block-grid__product-title\">PanDolce artisanal <br> Brioche<\/div>\n\t\t\t\t<\/a>\n\t\t\t\t<div class=\"wc-block-grid__product-price price\"><span class=\"woocommerce-Price-amount amount\">27,00&nbsp;<span class=\"woocommerce-Price-currencySymbol\">&euro;<\/span><\/span><\/div>\n\t\t\t\t\n\t\t\t\t<div class=\"wp-block-button wc-block-grid__product-add-to-cart\"><a href=\"?add-to-cart=1410\" aria-label=\"Ajouter au panier\u00a0: &ldquo;PanDolce artisanal &lt;br&gt; Brioche&rdquo;\" data-quantity=\"1\" data-product_id=\"1410\" data-product_sku=\"\" data-price=\"27\" rel=\"nofollow\" class=\"wp-block-button__link  add_to_cart_button ajax_add_to_cart\">Ajouter au panier<\/a><\/div>\n\t\t\t<\/li><\/ul><\/div><\/div><\/div>","protected":false},"excerpt":{"rendered":"<p>Pandolce est un produit au levain doux et savoureux, caract\u00e9ristique pour sa forme rectangulaire et fabriqu\u00e9 avec &#8220;Ammore&#8221; \u00e0 partir des ingr\u00e9dients de base du panettone, puis enrichi de fruits confits et de raisins secs, de chocolat ou, dans la version la plus simple, de &#8220;brioche&#8221;. Levage lent et ingr\u00e9dients de haute qualit\u00e9 le rendent [&hellip;]<\/p>\n","protected":false},"author":1,"featured_media":0,"parent":3101,"menu_order":0,"comment_status":"closed","ping_status":"closed","template":"templates\/blocks.php","meta":{"_genesis_hide_title":false,"_genesis_hide_breadcrumbs":false,"_genesis_hide_singular_image":false,"_genesis_hide_footer_widgets":false,"_genesis_custom_body_class":"","_genesis_custom_post_class":"","_genesis_layout":"full-width-content","footnotes":""},"class_list":{"0":"post-3487","1":"page","2":"type-page","3":"status-publish","5":"entry"},"yoast_head":"<!-- This site is optimized with the Yoast SEO plugin v23.7 - https:\/\/yoast.com\/wordpress\/plugins\/seo\/ -->\n<title>PanDolce - Ammore<\/title>\n<meta name=\"description\" content=\"Pandolce est un produit au levain doux et savoureux, caract\u00e9ristique pour sa forme rectangulaire et fabriqu\u00e9 avec &quot;Ammore&quot;\" \/>\n<meta name=\"robots\" content=\"index, follow, max-snippet:-1, max-image-preview:large, max-video-preview:-1\" \/>\n<link rel=\"canonical\" href=\"https:\/\/www.ammore.online\/fr\/produits\/pandolce\/\" \/>\n<meta property=\"og:locale\" content=\"fr_FR\" \/>\n<meta property=\"og:type\" content=\"article\" \/>\n<meta property=\"og:title\" content=\"PanDolce - Ammore\" \/>\n<meta property=\"og:description\" content=\"Pandolce est un produit au levain doux et savoureux, caract\u00e9ristique pour sa forme rectangulaire et fabriqu\u00e9 avec &quot;Ammore&quot;\" \/>\n<meta property=\"og:url\" content=\"https:\/\/www.ammore.online\/fr\/produits\/pandolce\/\" \/>\n<meta property=\"og:site_name\" content=\"Ammore\" \/>\n<meta property=\"article:publisher\" content=\"https:\/\/www.facebook.com\/ammore.official\" \/>\n<meta property=\"article:modified_time\" content=\"2023-09-15T13:03:57+00:00\" \/>\n<meta name=\"twitter:card\" content=\"summary_large_image\" \/>\n<meta name=\"twitter:label1\" content=\"Dur\u00e9e de lecture estim\u00e9e\" \/>\n\t<meta name=\"twitter:data1\" content=\"1 minute\" \/>\n<script type=\"application\/ld+json\" class=\"yoast-schema-graph\">{\"@context\":\"https:\/\/schema.org\",\"@graph\":[{\"@type\":\"WebPage\",\"@id\":\"https:\/\/www.ammore.online\/fr\/produits\/pandolce\/\",\"url\":\"https:\/\/www.ammore.online\/fr\/produits\/pandolce\/\",\"name\":\"PanDolce - Ammore\",\"isPartOf\":{\"@id\":\"https:\/\/www.ammore.online\/es\/#website\"},\"datePublished\":\"2023-07-14T14:25:12+00:00\",\"dateModified\":\"2023-09-15T13:03:57+00:00\",\"description\":\"Pandolce est un produit au levain doux et savoureux, caract\u00e9ristique pour sa forme rectangulaire et fabriqu\u00e9 avec \\\"Ammore\\\"\",\"breadcrumb\":{\"@id\":\"https:\/\/www.ammore.online\/fr\/produits\/pandolce\/#breadcrumb\"},\"inLanguage\":\"fr-FR\",\"potentialAction\":[{\"@type\":\"ReadAction\",\"target\":[\"https:\/\/www.ammore.online\/fr\/produits\/pandolce\/\"]}]},{\"@type\":\"BreadcrumbList\",\"@id\":\"https:\/\/www.ammore.online\/fr\/produits\/pandolce\/#breadcrumb\",\"itemListElement\":[{\"@type\":\"ListItem\",\"position\":1,\"name\":\"Home\",\"item\":\"https:\/\/www.ammore.online\/fr\/\"},{\"@type\":\"ListItem\",\"position\":2,\"name\":\"Produits\",\"item\":\"https:\/\/www.ammore.online\/fr\/produits\/\"},{\"@type\":\"ListItem\",\"position\":3,\"name\":\"PanDolce\"}]},{\"@type\":\"WebSite\",\"@id\":\"https:\/\/www.ammore.online\/es\/#website\",\"url\":\"https:\/\/www.ammore.online\/es\/\",\"name\":\"Ammore\",\"description\":\"Il gusto della tradizione\",\"publisher\":{\"@id\":\"https:\/\/www.ammore.online\/es\/#organization\"},\"potentialAction\":[{\"@type\":\"SearchAction\",\"target\":{\"@type\":\"EntryPoint\",\"urlTemplate\":\"https:\/\/www.ammore.online\/es\/?s={search_term_string}\"},\"query-input\":{\"@type\":\"PropertyValueSpecification\",\"valueRequired\":true,\"valueName\":\"search_term_string\"}}],\"inLanguage\":\"fr-FR\"},{\"@type\":\"Organization\",\"@id\":\"https:\/\/www.ammore.online\/es\/#organization\",\"name\":\"Ammore\",\"url\":\"https:\/\/www.ammore.online\/es\/\",\"logo\":{\"@type\":\"ImageObject\",\"inLanguage\":\"fr-FR\",\"@id\":\"https:\/\/www.ammore.online\/es\/#\/schema\/logo\/image\/\",\"url\":\"https:\/\/www.ammore.online\/wp-content\/uploads\/2023\/10\/cropped-cropped-Ammore_logo.png\",\"contentUrl\":\"https:\/\/www.ammore.online\/wp-content\/uploads\/2023\/10\/cropped-cropped-Ammore_logo.png\",\"width\":1411,\"height\":393,\"caption\":\"Ammore\"},\"image\":{\"@id\":\"https:\/\/www.ammore.online\/es\/#\/schema\/logo\/image\/\"},\"sameAs\":[\"https:\/\/www.facebook.com\/ammore.official\",\"https:\/\/www.instagram.com\/ammore_official\"]}]}<\/script>\n<!-- \/ Yoast SEO plugin. -->","yoast_head_json":{"title":"PanDolce - Ammore","description":"Pandolce est un produit au levain doux et savoureux, caract\u00e9ristique pour sa forme rectangulaire et fabriqu\u00e9 avec \"Ammore\"","robots":{"index":"index","follow":"follow","max-snippet":"max-snippet:-1","max-image-preview":"max-image-preview:large","max-video-preview":"max-video-preview:-1"},"canonical":"https:\/\/www.ammore.online\/fr\/produits\/pandolce\/","og_locale":"fr_FR","og_type":"article","og_title":"PanDolce - Ammore","og_description":"Pandolce est un produit au levain doux et savoureux, caract\u00e9ristique pour sa forme rectangulaire et fabriqu\u00e9 avec \"Ammore\"","og_url":"https:\/\/www.ammore.online\/fr\/produits\/pandolce\/","og_site_name":"Ammore","article_publisher":"https:\/\/www.facebook.com\/ammore.official","article_modified_time":"2023-09-15T13:03:57+00:00","twitter_card":"summary_large_image","twitter_misc":{"Dur\u00e9e de lecture estim\u00e9e":"1 minute"},"schema":{"@context":"https:\/\/schema.org","@graph":[{"@type":"WebPage","@id":"https:\/\/www.ammore.online\/fr\/produits\/pandolce\/","url":"https:\/\/www.ammore.online\/fr\/produits\/pandolce\/","name":"PanDolce - Ammore","isPartOf":{"@id":"https:\/\/www.ammore.online\/es\/#website"},"datePublished":"2023-07-14T14:25:12+00:00","dateModified":"2023-09-15T13:03:57+00:00","description":"Pandolce est un produit au levain doux et savoureux, caract\u00e9ristique pour sa forme rectangulaire et fabriqu\u00e9 avec \"Ammore\"","breadcrumb":{"@id":"https:\/\/www.ammore.online\/fr\/produits\/pandolce\/#breadcrumb"},"inLanguage":"fr-FR","potentialAction":[{"@type":"ReadAction","target":["https:\/\/www.ammore.online\/fr\/produits\/pandolce\/"]}]},{"@type":"BreadcrumbList","@id":"https:\/\/www.ammore.online\/fr\/produits\/pandolce\/#breadcrumb","itemListElement":[{"@type":"ListItem","position":1,"name":"Home","item":"https:\/\/www.ammore.online\/fr\/"},{"@type":"ListItem","position":2,"name":"Produits","item":"https:\/\/www.ammore.online\/fr\/produits\/"},{"@type":"ListItem","position":3,"name":"PanDolce"}]},{"@type":"WebSite","@id":"https:\/\/www.ammore.online\/es\/#website","url":"https:\/\/www.ammore.online\/es\/","name":"Ammore","description":"Il gusto della tradizione","publisher":{"@id":"https:\/\/www.ammore.online\/es\/#organization"},"potentialAction":[{"@type":"SearchAction","target":{"@type":"EntryPoint","urlTemplate":"https:\/\/www.ammore.online\/es\/?s={search_term_string}"},"query-input":{"@type":"PropertyValueSpecification","valueRequired":true,"valueName":"search_term_string"}}],"inLanguage":"fr-FR"},{"@type":"Organization","@id":"https:\/\/www.ammore.online\/es\/#organization","name":"Ammore","url":"https:\/\/www.ammore.online\/es\/","logo":{"@type":"ImageObject","inLanguage":"fr-FR","@id":"https:\/\/www.ammore.online\/es\/#\/schema\/logo\/image\/","url":"https:\/\/www.ammore.online\/wp-content\/uploads\/2023\/10\/cropped-cropped-Ammore_logo.png","contentUrl":"https:\/\/www.ammore.online\/wp-content\/uploads\/2023\/10\/cropped-cropped-Ammore_logo.png","width":1411,"height":393,"caption":"Ammore"},"image":{"@id":"https:\/\/www.ammore.online\/es\/#\/schema\/logo\/image\/"},"sameAs":["https:\/\/www.facebook.com\/ammore.official","https:\/\/www.instagram.com\/ammore_official"]}]}},"featured_image_src":null,"featured_image_src_square":null,"_links":{"self":[{"href":"https:\/\/www.ammore.online\/fr\/wp-json\/wp\/v2\/pages\/3487","targetHints":{"allow":["GET"]}}],"collection":[{"href":"https:\/\/www.ammore.online\/fr\/wp-json\/wp\/v2\/pages"}],"about":[{"href":"https:\/\/www.ammore.online\/fr\/wp-json\/wp\/v2\/types\/page"}],"author":[{"embeddable":true,"href":"https:\/\/www.ammore.online\/fr\/wp-json\/wp\/v2\/users\/1"}],"replies":[{"embeddable":true,"href":"https:\/\/www.ammore.online\/fr\/wp-json\/wp\/v2\/comments?post=3487"}],"version-history":[{"count":1,"href":"https:\/\/www.ammore.online\/fr\/wp-json\/wp\/v2\/pages\/3487\/revisions"}],"predecessor-version":[{"id":3488,"href":"https:\/\/www.ammore.online\/fr\/wp-json\/wp\/v2\/pages\/3487\/revisions\/3488"}],"up":[{"embeddable":true,"href":"https:\/\/www.ammore.online\/fr\/wp-json\/wp\/v2\/pages\/3101"}],"wp:attachment":[{"href":"https:\/\/www.ammore.online\/fr\/wp-json\/wp\/v2\/media?parent=3487"}],"curies":[{"name":"wp","href":"https:\/\/api.w.org\/{rel}","templated":true}]}}