{"id":3101,"date":"2023-07-14T14:02:30","date_gmt":"2023-07-14T14:02:30","guid":{"rendered":"https:\/\/www.ammore.online\/produits\/"},"modified":"2023-10-11T08:57:54","modified_gmt":"2023-10-11T08:57:54","slug":"produits","status":"publish","type":"page","link":"https:\/\/www.ammore.online\/fr\/produits\/","title":{"rendered":"Produits"},"content":{"rendered":"<div class=\"wp-block-group alignwide\"><div class=\"wp-block-group__inner-container is-layout-constrained wp-block-group-is-layout-constrained\"><div style=\"height:100px\" aria-hidden=\"true\" class=\"wp-block-spacer\"><\/div>\n\n<h3 class=\"wp-block-heading has-text-align-center\">Nous aimons autant le sucr\u00e9 que le sal\u00e9. <\/h3>\n\n<h3 class=\"wp-block-heading has-text-align-center\">Et nous veillons \u00e0 proposer \u00e9galement des produits sans gluten.<\/h3>\n\n<div style=\"height:20px\" aria-hidden=\"true\" class=\"wp-block-spacer\"><\/div>\n\n<p class=\"has-text-align-center\">Le n\u00f4tre est un <strong>levain lent<\/strong>, il ne dure jamais moins de 48 heures et donne \u00e0 la p\u00e2te un brunissement invitant pour le moins et un nid d&#8217;abeille homog\u00e8ne et doux qui la rendent sp\u00e9ciale. Le <strong>levain exclusif<\/strong> que nous gardons jalousement depuis plus de 16 ans compl\u00e8te sa saveur en la rendant plus digeste. Nous n&#8217;utilisons aucun conservateur ni huile de palme.<\/p>\n\n<p class=\"has-text-align-center\">Nous pensons aux anniversaires tels que <strong>P\u00e2ques<\/strong> et <strong>No\u00ebl<\/strong>, mais nous vous tenons compagnie \u00e0 tout moment de la journ\u00e9e, lors d&#8217;une occasion sp\u00e9ciale ou d&#8217;une soir\u00e9e de d\u00e9tente. Au petit <strong>d\u00e9jeuner<\/strong>, pour un <strong>ap\u00e9ritif<\/strong> ou une <strong>pause<\/strong> travail qui fait oublier les collations habituelles, au moins pour une journ\u00e9e.<\/p>\n\n<div class=\"wp-block-group alignfull\"><div class=\"wp-block-group__inner-container is-layout-constrained wp-block-group-is-layout-constrained\"><div style=\"height:50px\" aria-hidden=\"true\" class=\"wp-block-spacer block-visibility-hide-small-screen\"><\/div>\n\n<div style=\"height:50px\" aria-hidden=\"true\" class=\"wp-block-spacer block-visibility-hide-large-screen block-visibility-hide-medium-screen\"><\/div>\n\n<h2 class=\"has-text-align-center\" id=\"noi\" style=\"color:#782648\">NOS PRODUITS<\/h2>\n\n<div style=\"height:50px\" aria-hidden=\"true\" class=\"wp-block-spacer block-visibility-hide-small-screen\"><\/div>\n\n<div class=\"woocommerce columns-3\"><ul class=\"products columns-3\">\n<li class=\"product-category product first\">\n\t<a aria-label=\"Acc\u00e9der \u00e0 la cat\u00e9gorie de produits P\u00e2ques\" href=\"https:\/\/www.ammore.online\/fr\/produits-artisanaux\/paques\/\"><img loading=\"lazy\" decoding=\"async\" src=\"https:\/\/www.ammore.online\/wp-content\/uploads\/2023\/04\/image0-scaled-530x530.jpeg\" alt=\"P\u00e2ques\" width=\"530\" height=\"530\" \/>\t\t<h2 class=\"woocommerce-loop-category__title\">\n\t\t\tP\u00e2ques <mark class=\"count\">(11)<\/mark>\t\t<\/h2>\n\t\t<\/a><\/li>\n<li class=\"product-category product\">\n\t<a aria-label=\"Acc\u00e9der \u00e0 la cat\u00e9gorie de produits No\u00ebl\" href=\"https:\/\/www.ammore.online\/fr\/produits-artisanaux\/noel\/\"><img loading=\"lazy\" decoding=\"async\" src=\"https:\/\/www.ammore.online\/wp-content\/uploads\/2024\/10\/pandorato_08-530x530.jpg\" alt=\"No\u00ebl\" width=\"530\" height=\"530\" srcset=\"https:\/\/www.ammore.online\/wp-content\/uploads\/2024\/10\/pandorato_08-530x530.jpg 530w, https:\/\/www.ammore.online\/wp-content\/uploads\/2024\/10\/pandorato_08-150x150.jpg 150w, https:\/\/www.ammore.online\/wp-content\/uploads\/2024\/10\/pandorato_08-600x600.jpg 600w, https:\/\/www.ammore.online\/wp-content\/uploads\/2024\/10\/pandorato_08-180x180.jpg 180w\" sizes=\"auto, (max-width: 530px) 100vw, 530px\" \/>\t\t<h2 class=\"woocommerce-loop-category__title\">\n\t\t\tNo\u00ebl <mark class=\"count\">(28)<\/mark>\t\t<\/h2>\n\t\t<\/a><\/li>\n<li class=\"product-category product last\">\n\t<a aria-label=\"Acc\u00e9der \u00e0 la cat\u00e9gorie de produits Cappelliera\" href=\"https:\/\/www.ammore.online\/fr\/produits-artisanaux\/cappelliera-fr\/\"><img loading=\"lazy\" decoding=\"async\" src=\"https:\/\/www.ammore.online\/wp-content\/uploads\/2024\/10\/Panettone-cappelliera-3Kg-530x530.jpg\" alt=\"Cappelliera\" width=\"530\" height=\"530\" srcset=\"https:\/\/www.ammore.online\/wp-content\/uploads\/2024\/10\/Panettone-cappelliera-3Kg-530x530.jpg 530w, https:\/\/www.ammore.online\/wp-content\/uploads\/2024\/10\/Panettone-cappelliera-3Kg-300x300.jpg 300w, https:\/\/www.ammore.online\/wp-content\/uploads\/2024\/10\/Panettone-cappelliera-3Kg-1024x1024.jpg 1024w, https:\/\/www.ammore.online\/wp-content\/uploads\/2024\/10\/Panettone-cappelliera-3Kg-150x150.jpg 150w, https:\/\/www.ammore.online\/wp-content\/uploads\/2024\/10\/Panettone-cappelliera-3Kg-768x768.jpg 768w, https:\/\/www.ammore.online\/wp-content\/uploads\/2024\/10\/Panettone-cappelliera-3Kg-50x50.jpg 50w, https:\/\/www.ammore.online\/wp-content\/uploads\/2024\/10\/Panettone-cappelliera-3Kg-1600x1600.jpg 1600w, https:\/\/www.ammore.online\/wp-content\/uploads\/2024\/10\/Panettone-cappelliera-3Kg-1536x1536.jpg 1536w, https:\/\/www.ammore.online\/wp-content\/uploads\/2024\/10\/Panettone-cappelliera-3Kg-600x600.jpg 600w, https:\/\/www.ammore.online\/wp-content\/uploads\/2024\/10\/Panettone-cappelliera-3Kg-720x720.jpg 720w, https:\/\/www.ammore.online\/wp-content\/uploads\/2024\/10\/Panettone-cappelliera-3Kg-180x180.jpg 180w, https:\/\/www.ammore.online\/wp-content\/uploads\/2024\/10\/Panettone-cappelliera-3Kg.jpg 1920w\" sizes=\"auto, (max-width: 530px) 100vw, 530px\" \/>\t\t<h2 class=\"woocommerce-loop-category__title\">\n\t\t\tCappelliera <mark class=\"count\">(16)<\/mark>\t\t<\/h2>\n\t\t<\/a><\/li>\n<li class=\"product-category product first\">\n\t<a aria-label=\"Acc\u00e9der \u00e0 la cat\u00e9gorie de produits Panevo\" href=\"https:\/\/www.ammore.online\/fr\/produits-artisanaux\/panevo-fr\/\"><img loading=\"lazy\" decoding=\"async\" src=\"https:\/\/www.ammore.online\/wp-content\/uploads\/2024\/10\/InCollage_20241018_160229091-scaled.jpg\" alt=\"Panevo\" width=\"530\" height=\"530\" \/>\t\t<h2 class=\"woocommerce-loop-category__title\">\n\t\t\tPanevo <mark class=\"count\">(5)<\/mark>\t\t<\/h2>\n\t\t<\/a><\/li>\n<li class=\"product-category product\">\n\t<a aria-label=\"Acc\u00e9der \u00e0 la cat\u00e9gorie de produits Pandolce\" href=\"https:\/\/www.ammore.online\/fr\/produits-artisanaux\/lievitati-artigianali-pandolce-fr\/\"><img loading=\"lazy\" decoding=\"async\" src=\"https:\/\/www.ammore.online\/wp-content\/uploads\/2024\/10\/Pandolce_brioche_01-530x530.jpg\" alt=\"Pandolce\" width=\"530\" height=\"530\" srcset=\"https:\/\/www.ammore.online\/wp-content\/uploads\/2024\/10\/Pandolce_brioche_01-530x530.jpg 530w, https:\/\/www.ammore.online\/wp-content\/uploads\/2024\/10\/Pandolce_brioche_01-150x150.jpg 150w, https:\/\/www.ammore.online\/wp-content\/uploads\/2024\/10\/Pandolce_brioche_01-600x600.jpg 600w, https:\/\/www.ammore.online\/wp-content\/uploads\/2024\/10\/Pandolce_brioche_01-180x180.jpg 180w\" sizes=\"auto, (max-width: 530px) 100vw, 530px\" \/>\t\t<h2 class=\"woocommerce-loop-category__title\">\n\t\t\tPandolce <mark class=\"count\">(3)<\/mark>\t\t<\/h2>\n\t\t<\/a><\/li>\n<li class=\"product-category product last\">\n\t<a aria-label=\"Acc\u00e9der \u00e0 la cat\u00e9gorie de produits Cr\u00e8mes \u00e0 tartiner\" href=\"https:\/\/www.ammore.online\/fr\/produits-artisanaux\/cremes-a-tartiner\/\"><img loading=\"lazy\" decoding=\"async\" src=\"https:\/\/www.ammore.online\/wp-content\/uploads\/2024\/10\/crema-nocciole-scaled-530x530.jpg\" alt=\"Cr\u00e8mes \u00e0 tartiner\" width=\"530\" height=\"530\" \/>\t\t<h2 class=\"woocommerce-loop-category__title\">\n\t\t\tCr\u00e8mes \u00e0 tartiner <mark class=\"count\">(4)<\/mark>\t\t<\/h2>\n\t\t<\/a><\/li>\n<li class=\"product-category product first\">\n\t<a aria-label=\"Acc\u00e9der \u00e0 la cat\u00e9gorie de produits Praline\" href=\"https:\/\/www.ammore.online\/fr\/produits-artisanaux\/praline-fr\/\"><img loading=\"lazy\" decoding=\"async\" src=\"https:\/\/www.ammore.online\/wp-content\/uploads\/2026\/03\/FOTO-530x530.png\" alt=\"Praline\" width=\"530\" height=\"530\" srcset=\"https:\/\/www.ammore.online\/wp-content\/uploads\/2026\/03\/FOTO-530x530.png 530w, https:\/\/www.ammore.online\/wp-content\/uploads\/2026\/03\/FOTO-300x300.png 300w, https:\/\/www.ammore.online\/wp-content\/uploads\/2026\/03\/FOTO-1024x1024.png 1024w, https:\/\/www.ammore.online\/wp-content\/uploads\/2026\/03\/FOTO-150x150.png 150w, https:\/\/www.ammore.online\/wp-content\/uploads\/2026\/03\/FOTO-768x768.png 768w, https:\/\/www.ammore.online\/wp-content\/uploads\/2026\/03\/FOTO-50x50.png 50w, https:\/\/www.ammore.online\/wp-content\/uploads\/2026\/03\/FOTO-600x600.png 600w, https:\/\/www.ammore.online\/wp-content\/uploads\/2026\/03\/FOTO-720x720.png 720w, https:\/\/www.ammore.online\/wp-content\/uploads\/2026\/03\/FOTO-180x180.png 180w, https:\/\/www.ammore.online\/wp-content\/uploads\/2026\/03\/FOTO.png 1417w\" sizes=\"auto, (max-width: 530px) 100vw, 530px\" \/>\t\t<h2 class=\"woocommerce-loop-category__title\">\n\t\t\tPraline <mark class=\"count\">(1)<\/mark>\t\t<\/h2>\n\t\t<\/a><\/li>\n<li class=\"product-category product\">\n\t<a aria-label=\"Acc\u00e9der \u00e0 la cat\u00e9gorie de produits Compotes\" href=\"https:\/\/www.ammore.online\/fr\/produits-artisanaux\/compotes-fr\/\"><img loading=\"lazy\" decoding=\"async\" src=\"https:\/\/www.ammore.online\/wp-content\/uploads\/2023\/11\/Composta-Ammore-530x530.jpg\" alt=\"Compotes\" width=\"530\" height=\"530\" srcset=\"https:\/\/www.ammore.online\/wp-content\/uploads\/2023\/11\/Composta-Ammore-530x530.jpg 530w, https:\/\/www.ammore.online\/wp-content\/uploads\/2023\/11\/Composta-Ammore-300x300.jpg 300w, https:\/\/www.ammore.online\/wp-content\/uploads\/2023\/11\/Composta-Ammore-150x150.jpg 150w, https:\/\/www.ammore.online\/wp-content\/uploads\/2023\/11\/Composta-Ammore-768x768.jpg 768w, https:\/\/www.ammore.online\/wp-content\/uploads\/2023\/11\/Composta-Ammore-50x50.jpg 50w, https:\/\/www.ammore.online\/wp-content\/uploads\/2023\/11\/Composta-Ammore-600x600.jpg 600w, https:\/\/www.ammore.online\/wp-content\/uploads\/2023\/11\/Composta-Ammore-720x720.jpg 720w, https:\/\/www.ammore.online\/wp-content\/uploads\/2023\/11\/Composta-Ammore-180x180.jpg 180w, https:\/\/www.ammore.online\/wp-content\/uploads\/2023\/11\/Composta-Ammore.jpg 886w\" sizes=\"auto, (max-width: 530px) 100vw, 530px\" \/>\t\t<h2 class=\"woocommerce-loop-category__title\">\n\t\t\tCompotes <mark class=\"count\">(1)<\/mark>\t\t<\/h2>\n\t\t<\/a><\/li>\n<\/ul>\n<\/div><\/div><\/div>\n\n<p class=\"has-text-align-center\">Nous nous occupons de la s\u00e9lection de produits de haute qualit\u00e9 avec &#8220;<strong>Ammore<\/strong>&#8221; et nous les travaillons dans un <strong>laboratoire<\/strong> artisanal, notre partenaire, qui est bas\u00e9 dans la province d&#8217;Avellino. Nous sommes sp\u00e9cialis\u00e9s dans la production artisanale, en diff\u00e9rentes saveurs, de <strong>colombes<\/strong>, <strong><a href=\"https:\/\/www.ammore.online\/fr\/produits\/noel\/\">panettone<\/a><\/strong>, <strong><a href=\"https:\/\/www.ammore.online\/fr\/?page_id=3510\">panzuppati<\/a><\/strong>, <strong><a href=\"https:\/\/www.ammore.online\/fr\/?attachment_id=1900\">pandolci<\/a><\/strong> et <strong><a href=\"https:\/\/www.ammore.online\/fr\/produits\/panevo\/\">panevo<\/a><\/strong>. Et si vous le souhaitez, nous sommes pr\u00eats \u00e0 vous \u00e9tonner avec une gamme all\u00e9chante de <strong><a href=\"https:\/\/www.ammore.online\/fr\/produits\/cremes-a-tartiner\/\">cr\u00e8mes \u00e0 tartiner.<\/a><\/strong><\/p>\n\n<p class=\"has-text-align-center\">Nous commen\u00e7ons par une <strong>recherche<\/strong> scrupuleuse de la mati\u00e8re premi\u00e8re pour arriver \u00e0 la livraison. Nous aimons prendre soin du moindre d\u00e9tail et pour nous l&#8217;emballage est un d\u00e9tail fondamental. C&#8217;est pourquoi nous utilisons un emballage de protection thermoscell\u00e9, refermable avec un <strong>clip de conservation<\/strong> de la fra\u00eecheur qui peut \u00eatre r\u00e9utilis\u00e9 en toute s\u00e9curit\u00e9.<\/p>\n\n<p class=\"has-text-align-center\">Notre sac \u00e9co-durable conserve la saveur, le parfum et les ar\u00f4mes inalt\u00e9r\u00e9s, ce qui nous permet de prolonger la dur\u00e9e de conservation de nos produits au levain. Ainsi, vous savourerez, \u00e0 chaque fois comme la premi\u00e8re fois, la douceur incomparable qui satisfait le palais, l&#8217;esprit et le c\u0153ur de ceux qui pr\u00e9f\u00e8rent les bonnes choses du pass\u00e9.<\/p><\/div><\/div>","protected":false},"excerpt":{"rendered":"<p>Nous aimons autant le sucr\u00e9 que le sal\u00e9. Et nous veillons \u00e0 proposer \u00e9galement des produits sans gluten. Le n\u00f4tre est un levain lent, il ne dure jamais moins de 48 heures et donne \u00e0 la p\u00e2te un brunissement invitant pour le moins et un nid d&#8217;abeille homog\u00e8ne et doux qui la rendent sp\u00e9ciale. Le [&hellip;]<\/p>\n","protected":false},"author":1,"featured_media":0,"parent":0,"menu_order":0,"comment_status":"closed","ping_status":"closed","template":"templates\/blocks.php","meta":{"_genesis_hide_title":false,"_genesis_hide_breadcrumbs":false,"_genesis_hide_singular_image":false,"_genesis_hide_footer_widgets":false,"_genesis_custom_body_class":"","_genesis_custom_post_class":"","_genesis_layout":"full-width-content","footnotes":""},"class_list":{"0":"post-3101","1":"page","2":"type-page","3":"status-publish","5":"entry"},"yoast_head":"<!-- This site is optimized with the Yoast SEO plugin v23.7 - https:\/\/yoast.com\/wordpress\/plugins\/seo\/ -->\n<title>Produits - Ammore<\/title>\n<meta name=\"robots\" content=\"index, follow, max-snippet:-1, max-image-preview:large, max-video-preview:-1\" \/>\n<link rel=\"canonical\" href=\"https:\/\/www.ammore.online\/fr\/produits\/\" \/>\n<meta property=\"og:locale\" content=\"fr_FR\" \/>\n<meta property=\"og:type\" content=\"article\" \/>\n<meta property=\"og:title\" content=\"Produits - Ammore\" \/>\n<meta property=\"og:description\" content=\"Nous aimons autant le sucr\u00e9 que le sal\u00e9. Et nous veillons \u00e0 proposer \u00e9galement des produits sans gluten. Le n\u00f4tre est un levain lent, il ne dure jamais moins de 48 heures et donne \u00e0 la p\u00e2te un brunissement invitant pour le moins et un nid d&#8217;abeille homog\u00e8ne et doux qui la rendent sp\u00e9ciale. Le [&hellip;]\" \/>\n<meta property=\"og:url\" content=\"https:\/\/www.ammore.online\/fr\/produits\/\" \/>\n<meta property=\"og:site_name\" content=\"Ammore\" \/>\n<meta property=\"article:publisher\" content=\"https:\/\/www.facebook.com\/ammore.official\" \/>\n<meta property=\"article:modified_time\" content=\"2023-10-11T08:57:54+00:00\" \/>\n<meta name=\"twitter:card\" content=\"summary_large_image\" \/>\n<meta name=\"twitter:label1\" content=\"Dur\u00e9e de lecture estim\u00e9e\" \/>\n\t<meta name=\"twitter:data1\" content=\"2 minutes\" \/>\n<script type=\"application\/ld+json\" class=\"yoast-schema-graph\">{\"@context\":\"https:\/\/schema.org\",\"@graph\":[{\"@type\":\"WebPage\",\"@id\":\"https:\/\/www.ammore.online\/fr\/produits\/\",\"url\":\"https:\/\/www.ammore.online\/fr\/produits\/\",\"name\":\"Produits - Ammore\",\"isPartOf\":{\"@id\":\"https:\/\/www.ammore.online\/es\/#website\"},\"datePublished\":\"2023-07-14T14:02:30+00:00\",\"dateModified\":\"2023-10-11T08:57:54+00:00\",\"breadcrumb\":{\"@id\":\"https:\/\/www.ammore.online\/fr\/produits\/#breadcrumb\"},\"inLanguage\":\"fr-FR\",\"potentialAction\":[{\"@type\":\"ReadAction\",\"target\":[\"https:\/\/www.ammore.online\/fr\/produits\/\"]}]},{\"@type\":\"BreadcrumbList\",\"@id\":\"https:\/\/www.ammore.online\/fr\/produits\/#breadcrumb\",\"itemListElement\":[{\"@type\":\"ListItem\",\"position\":1,\"name\":\"Home\",\"item\":\"https:\/\/www.ammore.online\/fr\/\"},{\"@type\":\"ListItem\",\"position\":2,\"name\":\"Produits\"}]},{\"@type\":\"WebSite\",\"@id\":\"https:\/\/www.ammore.online\/es\/#website\",\"url\":\"https:\/\/www.ammore.online\/es\/\",\"name\":\"Ammore\",\"description\":\"Il gusto della tradizione\",\"publisher\":{\"@id\":\"https:\/\/www.ammore.online\/es\/#organization\"},\"potentialAction\":[{\"@type\":\"SearchAction\",\"target\":{\"@type\":\"EntryPoint\",\"urlTemplate\":\"https:\/\/www.ammore.online\/es\/?s={search_term_string}\"},\"query-input\":{\"@type\":\"PropertyValueSpecification\",\"valueRequired\":true,\"valueName\":\"search_term_string\"}}],\"inLanguage\":\"fr-FR\"},{\"@type\":\"Organization\",\"@id\":\"https:\/\/www.ammore.online\/es\/#organization\",\"name\":\"Ammore\",\"url\":\"https:\/\/www.ammore.online\/es\/\",\"logo\":{\"@type\":\"ImageObject\",\"inLanguage\":\"fr-FR\",\"@id\":\"https:\/\/www.ammore.online\/es\/#\/schema\/logo\/image\/\",\"url\":\"https:\/\/www.ammore.online\/wp-content\/uploads\/2023\/10\/cropped-cropped-Ammore_logo.png\",\"contentUrl\":\"https:\/\/www.ammore.online\/wp-content\/uploads\/2023\/10\/cropped-cropped-Ammore_logo.png\",\"width\":1411,\"height\":393,\"caption\":\"Ammore\"},\"image\":{\"@id\":\"https:\/\/www.ammore.online\/es\/#\/schema\/logo\/image\/\"},\"sameAs\":[\"https:\/\/www.facebook.com\/ammore.official\",\"https:\/\/www.instagram.com\/ammore_official\"]}]}<\/script>\n<!-- \/ Yoast SEO plugin. -->","yoast_head_json":{"title":"Produits - Ammore","robots":{"index":"index","follow":"follow","max-snippet":"max-snippet:-1","max-image-preview":"max-image-preview:large","max-video-preview":"max-video-preview:-1"},"canonical":"https:\/\/www.ammore.online\/fr\/produits\/","og_locale":"fr_FR","og_type":"article","og_title":"Produits - Ammore","og_description":"Nous aimons autant le sucr\u00e9 que le sal\u00e9. Et nous veillons \u00e0 proposer \u00e9galement des produits sans gluten. Le n\u00f4tre est un levain lent, il ne dure jamais moins de 48 heures et donne \u00e0 la p\u00e2te un brunissement invitant pour le moins et un nid d&#8217;abeille homog\u00e8ne et doux qui la rendent sp\u00e9ciale. Le [&hellip;]","og_url":"https:\/\/www.ammore.online\/fr\/produits\/","og_site_name":"Ammore","article_publisher":"https:\/\/www.facebook.com\/ammore.official","article_modified_time":"2023-10-11T08:57:54+00:00","twitter_card":"summary_large_image","twitter_misc":{"Dur\u00e9e de lecture estim\u00e9e":"2 minutes"},"schema":{"@context":"https:\/\/schema.org","@graph":[{"@type":"WebPage","@id":"https:\/\/www.ammore.online\/fr\/produits\/","url":"https:\/\/www.ammore.online\/fr\/produits\/","name":"Produits - Ammore","isPartOf":{"@id":"https:\/\/www.ammore.online\/es\/#website"},"datePublished":"2023-07-14T14:02:30+00:00","dateModified":"2023-10-11T08:57:54+00:00","breadcrumb":{"@id":"https:\/\/www.ammore.online\/fr\/produits\/#breadcrumb"},"inLanguage":"fr-FR","potentialAction":[{"@type":"ReadAction","target":["https:\/\/www.ammore.online\/fr\/produits\/"]}]},{"@type":"BreadcrumbList","@id":"https:\/\/www.ammore.online\/fr\/produits\/#breadcrumb","itemListElement":[{"@type":"ListItem","position":1,"name":"Home","item":"https:\/\/www.ammore.online\/fr\/"},{"@type":"ListItem","position":2,"name":"Produits"}]},{"@type":"WebSite","@id":"https:\/\/www.ammore.online\/es\/#website","url":"https:\/\/www.ammore.online\/es\/","name":"Ammore","description":"Il gusto della tradizione","publisher":{"@id":"https:\/\/www.ammore.online\/es\/#organization"},"potentialAction":[{"@type":"SearchAction","target":{"@type":"EntryPoint","urlTemplate":"https:\/\/www.ammore.online\/es\/?s={search_term_string}"},"query-input":{"@type":"PropertyValueSpecification","valueRequired":true,"valueName":"search_term_string"}}],"inLanguage":"fr-FR"},{"@type":"Organization","@id":"https:\/\/www.ammore.online\/es\/#organization","name":"Ammore","url":"https:\/\/www.ammore.online\/es\/","logo":{"@type":"ImageObject","inLanguage":"fr-FR","@id":"https:\/\/www.ammore.online\/es\/#\/schema\/logo\/image\/","url":"https:\/\/www.ammore.online\/wp-content\/uploads\/2023\/10\/cropped-cropped-Ammore_logo.png","contentUrl":"https:\/\/www.ammore.online\/wp-content\/uploads\/2023\/10\/cropped-cropped-Ammore_logo.png","width":1411,"height":393,"caption":"Ammore"},"image":{"@id":"https:\/\/www.ammore.online\/es\/#\/schema\/logo\/image\/"},"sameAs":["https:\/\/www.facebook.com\/ammore.official","https:\/\/www.instagram.com\/ammore_official"]}]}},"featured_image_src":null,"featured_image_src_square":null,"_links":{"self":[{"href":"https:\/\/www.ammore.online\/fr\/wp-json\/wp\/v2\/pages\/3101","targetHints":{"allow":["GET"]}}],"collection":[{"href":"https:\/\/www.ammore.online\/fr\/wp-json\/wp\/v2\/pages"}],"about":[{"href":"https:\/\/www.ammore.online\/fr\/wp-json\/wp\/v2\/types\/page"}],"author":[{"embeddable":true,"href":"https:\/\/www.ammore.online\/fr\/wp-json\/wp\/v2\/users\/1"}],"replies":[{"embeddable":true,"href":"https:\/\/www.ammore.online\/fr\/wp-json\/wp\/v2\/comments?post=3101"}],"version-history":[{"count":4,"href":"https:\/\/www.ammore.online\/fr\/wp-json\/wp\/v2\/pages\/3101\/revisions"}],"predecessor-version":[{"id":3635,"href":"https:\/\/www.ammore.online\/fr\/wp-json\/wp\/v2\/pages\/3101\/revisions\/3635"}],"wp:attachment":[{"href":"https:\/\/www.ammore.online\/fr\/wp-json\/wp\/v2\/media?parent=3101"}],"curies":[{"name":"wp","href":"https:\/\/api.w.org\/{rel}","templated":true}]}}