{"id":779,"date":"2022-08-25T22:42:25","date_gmt":"2022-08-25T22:42:25","guid":{"rendered":"https:\/\/www.ammore.online\/?post_type=product&#038;p=779"},"modified":"2023-10-16T15:22:04","modified_gmt":"2023-10-16T15:22:04","slug":"panettone-artigianale-pandorato-crema-nocciole","status":"publish","type":"product","link":"https:\/\/www.ammore.online\/es\/prodotto\/panettone-artigianale-pandorato-crema-nocciole\/","title":{"rendered":"Panettone artesanal <br>  Pandorato con crema de avellanas"},"content":{"rendered":"<p><strong>Ingredientes<\/strong>: harina de <strong>trigo<\/strong>, <strong>mantequilla<\/strong>, yema de <strong>huevo<\/strong> fresca, az\u00facar, fructosa, levadura natural (harina de<strong> trigo<\/strong>), <strong>manteca<\/strong> de cacao, vainilla Bourbon, dextrosa, aromas y sal, miel, corrector de acidez: \u00e1cido c\u00edtrico.<br \/>\n<strong>Ingredientes Crema tarro <\/strong>200g: <strong>Avellanas<\/strong> IGP Piamonte tostadas (50%), az\u00facar de ca\u00f1a, cacao amargo en polvo desnatado, <strong>manteca<\/strong> de cacao (m\u00edn. 22%), aceite de girasol alto oleico, aceite de oliva virgen extra. Cacao (m\u00edn.20%). <strong>Ingredientes del az\u00facar glas<\/strong>: az\u00facar, almid\u00f3n de ma\u00edz. Puede contener trazas de <strong>frutos secos<\/strong>, <strong>soja<\/strong> y<strong> mostaza<\/strong>. Conservar en lugar fr\u00edo y seco. Producto sujeto a p\u00e9rdida de peso. Producido en Italia.<\/p>\n","protected":false},"excerpt":{"rendered":"<p>Una deliciosa combinaci\u00f3n para un regalo de Navidad inolvidable. El sabor \u00fanico del<strong><a href=\"https:\/\/www.ammore.online\/prodotti\/natale\/\"> &#8220;<\/a><a href=\"https:\/\/www.ammore.online\/prodotti\/natale\/\">Pandorato<\/a><a href=\"https:\/\/www.ammore.online\/prodotti\/natale\/\">&#8220;<\/a><\/strong>, ennoblecido por la dulzura de la vainilla Bourbon de Madagascar, se realza, bocado tras bocado, con la crema<a href=\"https:\/\/www.ammore.online\/prodotti\/natale\/\"><strong> &#8220;Ammore&#8221; &#8220;Avellana&#8221;<\/strong><\/a> que se unta generosamente en cada rebanada.<\/p>\n<p><strong>El paquete contiene un panettone Pandorato, un sobre de az\u00facar glas, un bote de nata para untar de 200 gramos y un esparcidor de cer\u00e1mica Vietri<\/strong>.<\/p>\n<p><strong>Formato 1 kg<\/strong> &#8211; <strong>Empaquetado a mano <\/strong><\/p>\n<table border=\"0\">\n<tbody>\n<tr>\n<td><img loading=\"lazy\" decoding=\"async\" class=\"alignnone wp-image-573\" src=\"https:\/\/www.ammore.online\/wp-content\/uploads\/2022\/08\/Ingredienti_artigianale-es.png\" alt=\"\" width=\"197\" height=\"82\" \/><\/td>\n<td><img loading=\"lazy\" decoding=\"async\" class=\"alignnone size-medium wp-image-578\" src=\"https:\/\/www.ammore.online\/wp-content\/uploads\/2022\/08\/Ingredienti_lievito-es.png\" alt=\"\" width=\"197\" height=\"82\" \/><\/td>\n<td><img loading=\"lazy\" decoding=\"async\" class=\"alignnone size-medium wp-image-583\" src=\"https:\/\/www.ammore.online\/wp-content\/uploads\/2022\/08\/Ingredienti_naturale-es.png\" alt=\"\" width=\"197\" height=\"82\" \/><\/td>\n<\/tr>\n<tr>\n<td><img loading=\"lazy\" decoding=\"async\" class=\"alignnone size-medium wp-image-593\" src=\"https:\/\/www.ammore.online\/wp-content\/uploads\/2022\/08\/Ingredienti_no_palma-es.png\" alt=\"\" width=\"197\" height=\"82\" \/><\/td>\n<td><img loading=\"lazy\" decoding=\"async\" class=\"alignnone size-medium wp-image-588\" src=\"https:\/\/www.ammore.online\/wp-content\/uploads\/2022\/08\/Ingredienti_no_grassi-es.png\" alt=\"\" width=\"197\" height=\"82\" \/><\/td>\n<td><img loading=\"lazy\" decoding=\"async\" class=\"alignnone wp-image-573\" src=\"https:\/\/www.ammore.online\/wp-content\/uploads\/2022\/08\/Ingredienti_clip-es.png\" alt=\"\" width=\"197\" height=\"82\" \/><\/td>\n<\/tr>\n<\/tbody>\n<\/table>\n","protected":false},"featured_media":4844,"template":"","meta":{"_genesis_hide_title":false,"_genesis_hide_breadcrumbs":false,"_genesis_hide_singular_image":false,"_genesis_hide_footer_widgets":false,"_genesis_custom_body_class":"","_genesis_custom_post_class":"","_genesis_layout":""},"product_cat":[62,102],"product_tag":[],"class_list":{"0":"post-779","1":"product","2":"type-product","3":"status-publish","4":"has-post-thumbnail","6":"product_cat-navidad","7":"product_cat-especiales","8":"entry","10":"first","11":"outofstock","12":"shipping-taxable","13":"purchasable","14":"product-type-simple"},"yoast_head":"<!-- This site is optimized with the Yoast SEO plugin v23.7 - https:\/\/yoast.com\/wordpress\/plugins\/seo\/ -->\n<title>Panettone artesanal  Pandorato con crema de avellanas - Ammore<\/title>\n<meta name=\"robots\" content=\"index, follow, max-snippet:-1, max-image-preview:large, max-video-preview:-1\" \/>\n<link rel=\"canonical\" href=\"https:\/\/www.ammore.online\/es\/prodotto\/panettone-artigianale-pandorato-crema-nocciole\/\" \/>\n<meta property=\"og:locale\" content=\"es_ES\" \/>\n<meta property=\"og:type\" content=\"article\" \/>\n<meta property=\"og:title\" content=\"Panettone artesanal  Pandorato con crema de avellanas - Ammore\" \/>\n<meta property=\"og:description\" content=\"Una deliciosa combinaci\u00f3n para un regalo de Navidad inolvidable. El sabor \u00fanico del &quot;Pandorato&quot;, ennoblecido por la dulzura de la vainilla Bourbon de Madagascar, se realza, bocado tras bocado, con la crema &quot;Ammore&quot; &quot;Avellana&quot; que se unta generosamente en cada rebanada.  El paquete contiene un panettone Pandorato, un sobre de az\u00facar glas, un bote de nata para untar de 200 gramos y un esparcidor de cer\u00e1mica Vietri.  Formato 1 kg - Empaquetado a mano\" \/>\n<meta property=\"og:url\" content=\"https:\/\/www.ammore.online\/es\/prodotto\/panettone-artigianale-pandorato-crema-nocciole\/\" \/>\n<meta property=\"og:site_name\" content=\"Ammore\" \/>\n<meta property=\"article:publisher\" content=\"https:\/\/www.facebook.com\/ammore.official\" \/>\n<meta property=\"article:modified_time\" content=\"2023-10-16T15:22:04+00:00\" \/>\n<meta name=\"twitter:card\" content=\"summary_large_image\" \/>\n<meta name=\"twitter:label1\" content=\"Tiempo de lectura\" \/>\n\t<meta name=\"twitter:data1\" content=\"1 minuto\" \/>\n<script type=\"application\/ld+json\" class=\"yoast-schema-graph\">{\"@context\":\"https:\/\/schema.org\",\"@graph\":[{\"@type\":\"WebPage\",\"@id\":\"https:\/\/www.ammore.online\/es\/prodotto\/panettone-artigianale-pandorato-crema-nocciole\/\",\"url\":\"https:\/\/www.ammore.online\/es\/prodotto\/panettone-artigianale-pandorato-crema-nocciole\/\",\"name\":\"Panettone artesanal Pandorato con crema de avellanas - Ammore\",\"isPartOf\":{\"@id\":\"https:\/\/www.ammore.online\/es\/#website\"},\"primaryImageOfPage\":{\"@id\":\"https:\/\/www.ammore.online\/es\/prodotto\/panettone-artigianale-pandorato-crema-nocciole\/#primaryimage\"},\"image\":{\"@id\":\"https:\/\/www.ammore.online\/es\/prodotto\/panettone-artigianale-pandorato-crema-nocciole\/#primaryimage\"},\"thumbnailUrl\":\"https:\/\/www.ammore.online\/wp-content\/uploads\/2024\/10\/pandorato-crema-nocciola.jpg\",\"datePublished\":\"2022-08-25T22:42:25+00:00\",\"dateModified\":\"2023-10-16T15:22:04+00:00\",\"breadcrumb\":{\"@id\":\"https:\/\/www.ammore.online\/es\/prodotto\/panettone-artigianale-pandorato-crema-nocciole\/#breadcrumb\"},\"inLanguage\":\"es\",\"potentialAction\":[{\"@type\":\"ReadAction\",\"target\":[\"https:\/\/www.ammore.online\/es\/prodotto\/panettone-artigianale-pandorato-crema-nocciole\/\"]}]},{\"@type\":\"ImageObject\",\"inLanguage\":\"es\",\"@id\":\"https:\/\/www.ammore.online\/es\/prodotto\/panettone-artigianale-pandorato-crema-nocciole\/#primaryimage\",\"url\":\"https:\/\/www.ammore.online\/wp-content\/uploads\/2024\/10\/pandorato-crema-nocciola.jpg\",\"contentUrl\":\"https:\/\/www.ammore.online\/wp-content\/uploads\/2024\/10\/pandorato-crema-nocciola.jpg\",\"width\":1920,\"height\":1920,\"caption\":\"Foto \u00a9 Alessandra Farinelli\"},{\"@type\":\"BreadcrumbList\",\"@id\":\"https:\/\/www.ammore.online\/es\/prodotto\/panettone-artigianale-pandorato-crema-nocciole\/#breadcrumb\",\"itemListElement\":[{\"@type\":\"ListItem\",\"position\":1,\"name\":\"Home\",\"item\":\"https:\/\/www.ammore.online\/es\/\"},{\"@type\":\"ListItem\",\"position\":2,\"name\":\"Tienda\",\"item\":\"https:\/\/www.ammore.online\/es\/tienda\/\"},{\"@type\":\"ListItem\",\"position\":3,\"name\":\"Panettone artesanal Pandorato con crema de avellanas\"}]},{\"@type\":\"WebSite\",\"@id\":\"https:\/\/www.ammore.online\/es\/#website\",\"url\":\"https:\/\/www.ammore.online\/es\/\",\"name\":\"Ammore\",\"description\":\"Il gusto della tradizione\",\"publisher\":{\"@id\":\"https:\/\/www.ammore.online\/es\/#organization\"},\"potentialAction\":[{\"@type\":\"SearchAction\",\"target\":{\"@type\":\"EntryPoint\",\"urlTemplate\":\"https:\/\/www.ammore.online\/es\/?s={search_term_string}\"},\"query-input\":{\"@type\":\"PropertyValueSpecification\",\"valueRequired\":true,\"valueName\":\"search_term_string\"}}],\"inLanguage\":\"es\"},{\"@type\":\"Organization\",\"@id\":\"https:\/\/www.ammore.online\/es\/#organization\",\"name\":\"Ammore\",\"url\":\"https:\/\/www.ammore.online\/es\/\",\"logo\":{\"@type\":\"ImageObject\",\"inLanguage\":\"es\",\"@id\":\"https:\/\/www.ammore.online\/es\/#\/schema\/logo\/image\/\",\"url\":\"https:\/\/www.ammore.online\/wp-content\/uploads\/2023\/10\/cropped-cropped-Ammore_logo.png\",\"contentUrl\":\"https:\/\/www.ammore.online\/wp-content\/uploads\/2023\/10\/cropped-cropped-Ammore_logo.png\",\"width\":1411,\"height\":393,\"caption\":\"Ammore\"},\"image\":{\"@id\":\"https:\/\/www.ammore.online\/es\/#\/schema\/logo\/image\/\"},\"sameAs\":[\"https:\/\/www.facebook.com\/ammore.official\",\"https:\/\/www.instagram.com\/ammore_official\"]}]}<\/script>\n<!-- \/ Yoast SEO plugin. -->","yoast_head_json":{"title":"Panettone artesanal  Pandorato con crema de avellanas - Ammore","robots":{"index":"index","follow":"follow","max-snippet":"max-snippet:-1","max-image-preview":"max-image-preview:large","max-video-preview":"max-video-preview:-1"},"canonical":"https:\/\/www.ammore.online\/es\/prodotto\/panettone-artigianale-pandorato-crema-nocciole\/","og_locale":"es_ES","og_type":"article","og_title":"Panettone artesanal  Pandorato con crema de avellanas - Ammore","og_description":"Una deliciosa combinaci\u00f3n para un regalo de Navidad inolvidable. El sabor \u00fanico del \"Pandorato\", ennoblecido por la dulzura de la vainilla Bourbon de Madagascar, se realza, bocado tras bocado, con la crema \"Ammore\" \"Avellana\" que se unta generosamente en cada rebanada.  El paquete contiene un panettone Pandorato, un sobre de az\u00facar glas, un bote de nata para untar de 200 gramos y un esparcidor de cer\u00e1mica Vietri.  Formato 1 kg - Empaquetado a mano","og_url":"https:\/\/www.ammore.online\/es\/prodotto\/panettone-artigianale-pandorato-crema-nocciole\/","og_site_name":"Ammore","article_publisher":"https:\/\/www.facebook.com\/ammore.official","article_modified_time":"2023-10-16T15:22:04+00:00","twitter_card":"summary_large_image","twitter_misc":{"Tiempo de lectura":"1 minuto"},"schema":{"@context":"https:\/\/schema.org","@graph":[{"@type":"WebPage","@id":"https:\/\/www.ammore.online\/es\/prodotto\/panettone-artigianale-pandorato-crema-nocciole\/","url":"https:\/\/www.ammore.online\/es\/prodotto\/panettone-artigianale-pandorato-crema-nocciole\/","name":"Panettone artesanal Pandorato con crema de avellanas - Ammore","isPartOf":{"@id":"https:\/\/www.ammore.online\/es\/#website"},"primaryImageOfPage":{"@id":"https:\/\/www.ammore.online\/es\/prodotto\/panettone-artigianale-pandorato-crema-nocciole\/#primaryimage"},"image":{"@id":"https:\/\/www.ammore.online\/es\/prodotto\/panettone-artigianale-pandorato-crema-nocciole\/#primaryimage"},"thumbnailUrl":"https:\/\/www.ammore.online\/wp-content\/uploads\/2024\/10\/pandorato-crema-nocciola.jpg","datePublished":"2022-08-25T22:42:25+00:00","dateModified":"2023-10-16T15:22:04+00:00","breadcrumb":{"@id":"https:\/\/www.ammore.online\/es\/prodotto\/panettone-artigianale-pandorato-crema-nocciole\/#breadcrumb"},"inLanguage":"es","potentialAction":[{"@type":"ReadAction","target":["https:\/\/www.ammore.online\/es\/prodotto\/panettone-artigianale-pandorato-crema-nocciole\/"]}]},{"@type":"ImageObject","inLanguage":"es","@id":"https:\/\/www.ammore.online\/es\/prodotto\/panettone-artigianale-pandorato-crema-nocciole\/#primaryimage","url":"https:\/\/www.ammore.online\/wp-content\/uploads\/2024\/10\/pandorato-crema-nocciola.jpg","contentUrl":"https:\/\/www.ammore.online\/wp-content\/uploads\/2024\/10\/pandorato-crema-nocciola.jpg","width":1920,"height":1920,"caption":"Foto \u00a9 Alessandra Farinelli"},{"@type":"BreadcrumbList","@id":"https:\/\/www.ammore.online\/es\/prodotto\/panettone-artigianale-pandorato-crema-nocciole\/#breadcrumb","itemListElement":[{"@type":"ListItem","position":1,"name":"Home","item":"https:\/\/www.ammore.online\/es\/"},{"@type":"ListItem","position":2,"name":"Tienda","item":"https:\/\/www.ammore.online\/es\/tienda\/"},{"@type":"ListItem","position":3,"name":"Panettone artesanal Pandorato con crema de avellanas"}]},{"@type":"WebSite","@id":"https:\/\/www.ammore.online\/es\/#website","url":"https:\/\/www.ammore.online\/es\/","name":"Ammore","description":"Il gusto della tradizione","publisher":{"@id":"https:\/\/www.ammore.online\/es\/#organization"},"potentialAction":[{"@type":"SearchAction","target":{"@type":"EntryPoint","urlTemplate":"https:\/\/www.ammore.online\/es\/?s={search_term_string}"},"query-input":{"@type":"PropertyValueSpecification","valueRequired":true,"valueName":"search_term_string"}}],"inLanguage":"es"},{"@type":"Organization","@id":"https:\/\/www.ammore.online\/es\/#organization","name":"Ammore","url":"https:\/\/www.ammore.online\/es\/","logo":{"@type":"ImageObject","inLanguage":"es","@id":"https:\/\/www.ammore.online\/es\/#\/schema\/logo\/image\/","url":"https:\/\/www.ammore.online\/wp-content\/uploads\/2023\/10\/cropped-cropped-Ammore_logo.png","contentUrl":"https:\/\/www.ammore.online\/wp-content\/uploads\/2023\/10\/cropped-cropped-Ammore_logo.png","width":1411,"height":393,"caption":"Ammore"},"image":{"@id":"https:\/\/www.ammore.online\/es\/#\/schema\/logo\/image\/"},"sameAs":["https:\/\/www.facebook.com\/ammore.official","https:\/\/www.instagram.com\/ammore_official"]}]}},"_links":{"self":[{"href":"https:\/\/www.ammore.online\/es\/wp-json\/wp\/v2\/product\/779","targetHints":{"allow":["GET"]}}],"collection":[{"href":"https:\/\/www.ammore.online\/es\/wp-json\/wp\/v2\/product"}],"about":[{"href":"https:\/\/www.ammore.online\/es\/wp-json\/wp\/v2\/types\/product"}],"wp:featuredmedia":[{"embeddable":true,"href":"https:\/\/www.ammore.online\/es\/wp-json\/wp\/v2\/media\/4844"}],"wp:attachment":[{"href":"https:\/\/www.ammore.online\/es\/wp-json\/wp\/v2\/media?parent=779"}],"wp:term":[{"taxonomy":"product_cat","embeddable":true,"href":"https:\/\/www.ammore.online\/es\/wp-json\/wp\/v2\/product_cat?post=779"},{"taxonomy":"product_tag","embeddable":true,"href":"https:\/\/www.ammore.online\/es\/wp-json\/wp\/v2\/product_tag?post=779"}],"curies":[{"name":"wp","href":"https:\/\/api.w.org\/{rel}","templated":true}]}}