{"id":768,"date":"2022-08-25T20:32:29","date_gmt":"2022-08-25T20:32:29","guid":{"rendered":"https:\/\/www.ammore.online\/?post_type=product&#038;p=768"},"modified":"2023-09-27T10:06:07","modified_gmt":"2023-09-27T10:06:07","slug":"panettone-artigianale-pandorato-con-glassa-cioccolato-crema-bianca","status":"publish","type":"product","link":"https:\/\/www.ammore.online\/es\/prodotto\/panettone-artigianale-pandorato-con-glassa-cioccolato-crema-bianca\/","title":{"rendered":"Panettone artesanal <br> Pandorato con Crema Blanca"},"content":{"rendered":"<p><strong>Ingredientes<\/strong>: harina de <strong>trigo<\/strong>, <strong>mantequilla<\/strong>, yema de <strong>huevo<\/strong> fresca, az\u00facar, fructosa, levadura natural (harina de <strong>trigo<\/strong>), <strong>manteca<\/strong> de cacao, vainilla Bourbon, dextrosa, aromas y sal, miel, corrector de acidez: \u00e1cido c\u00edtrico. <strong>Ingredientes Crema<\/strong> Tarro 200g: <strong>avellanas<\/strong> IGP Piamonte tostadas (45%), az\u00facar de ca\u00f1a.<strong> Leche<\/strong> en polvo, aceite de girasol alto oleico, aceite de oliva virgen extra.<strong> Mantequilla<\/strong> de cocoa. <strong>Ingredientes del az\u00facar glas<\/strong>: az\u00facar, almid\u00f3n de ma\u00edz. Puede contener trazas de <strong>frutos secos<\/strong>, <strong>soja<\/strong> y <strong>mostaza<\/strong>. Conservar en lugar fr\u00edo y seco. Producto sujeto a p\u00e9rdida de peso. Producido en Italia.<\/p>\n","protected":false},"excerpt":{"rendered":"<p>Una combinaci\u00f3n irresistiblemente perfecta para un cadeau navide\u00f1o para disfrutar en compa\u00f1\u00eda o incluso en un rom\u00e1ntico tete a tete. El sabor \u00fanico del <strong>&#8220;Pandorato&#8221;<\/strong>, ennoblecido por la dulzura de la vainilla Bourbon de Madagascar, se realza, bocado tras bocado, con la crema <strong>&#8220;Bianca&#8221; &#8220;Ammore&#8221;<\/strong> para untar generosamente en cada rebanada.<\/p>\n<p><strong>El paquete contiene un panettone Pandorato, un sobre de az\u00facar glas, un bote de nata para untar de 200 gramos y un esparcidor de cer\u00e1mica Vietri<\/strong>.<\/p>\n<p><strong>Formato 1 kg<\/strong> &#8211; <strong>Empaquetado a mano <\/strong><\/p>\n<table border=\"0\">\n<tbody>\n<tr>\n<td><img loading=\"lazy\" decoding=\"async\" class=\"alignnone wp-image-573\" src=\"https:\/\/www.ammore.online\/wp-content\/uploads\/2022\/08\/Ingredienti_artigianale-es.png\" alt=\"\" width=\"197\" height=\"82\" \/><\/td>\n<td><img loading=\"lazy\" decoding=\"async\" class=\"alignnone size-medium wp-image-578\" src=\"https:\/\/www.ammore.online\/wp-content\/uploads\/2022\/08\/Ingredienti_lievito-es.png\" alt=\"\" width=\"197\" height=\"82\" \/><\/td>\n<td><img loading=\"lazy\" decoding=\"async\" class=\"alignnone size-medium wp-image-583\" src=\"https:\/\/www.ammore.online\/wp-content\/uploads\/2022\/08\/Ingredienti_naturale-es.png\" alt=\"\" width=\"197\" height=\"82\" \/><\/td>\n<\/tr>\n<tr>\n<td><img loading=\"lazy\" decoding=\"async\" class=\"alignnone size-medium wp-image-593\" src=\"https:\/\/www.ammore.online\/wp-content\/uploads\/2022\/08\/Ingredienti_no_palma-es.png\" alt=\"\" width=\"197\" height=\"82\" \/><\/td>\n<td><img loading=\"lazy\" decoding=\"async\" class=\"alignnone size-medium wp-image-588\" src=\"https:\/\/www.ammore.online\/wp-content\/uploads\/2022\/08\/Ingredienti_no_grassi-es.png\" alt=\"\" width=\"197\" height=\"82\" \/><\/td>\n<td><img loading=\"lazy\" decoding=\"async\" class=\"alignnone wp-image-573\" src=\"https:\/\/www.ammore.online\/wp-content\/uploads\/2022\/08\/Ingredienti_clip-es.png\" alt=\"\" width=\"197\" height=\"82\" \/><\/td>\n<\/tr>\n<\/tbody>\n<\/table>\n","protected":false},"featured_media":4829,"template":"","meta":{"_genesis_hide_title":false,"_genesis_hide_breadcrumbs":false,"_genesis_hide_singular_image":false,"_genesis_hide_footer_widgets":false,"_genesis_custom_body_class":"","_genesis_custom_post_class":"","_genesis_layout":""},"product_cat":[62,102],"product_tag":[],"class_list":{"0":"post-768","1":"product","2":"type-product","3":"status-publish","4":"has-post-thumbnail","6":"product_cat-navidad","7":"product_cat-especiales","8":"entry","10":"first","11":"outofstock","12":"shipping-taxable","13":"purchasable","14":"product-type-simple"},"yoast_head":"<!-- This site is optimized with the Yoast SEO plugin v23.7 - https:\/\/yoast.com\/wordpress\/plugins\/seo\/ -->\n<title>Panettone artesanal  Pandorato con Crema Blanca - Ammore<\/title>\n<meta name=\"robots\" content=\"index, follow, max-snippet:-1, max-image-preview:large, max-video-preview:-1\" \/>\n<link rel=\"canonical\" href=\"https:\/\/www.ammore.online\/es\/prodotto\/panettone-artigianale-pandorato-con-glassa-cioccolato-crema-bianca\/\" \/>\n<meta property=\"og:locale\" content=\"es_ES\" \/>\n<meta property=\"og:type\" content=\"article\" \/>\n<meta property=\"og:title\" content=\"Panettone artesanal  Pandorato con Crema Blanca - Ammore\" \/>\n<meta property=\"og:description\" content=\"Una combinaci\u00f3n irresistiblemente perfecta para un cadeau navide\u00f1o para disfrutar en compa\u00f1\u00eda o incluso en un rom\u00e1ntico tete a tete. El sabor \u00fanico del &quot;Pandorato&quot;, ennoblecido por la dulzura de la vainilla Bourbon de Madagascar, se realza, bocado tras bocado, con la crema &quot;Bianca&quot; &quot;Ammore&quot; para untar generosamente en cada rebanada.  El paquete contiene un panettone Pandorato, un sobre de az\u00facar glas, un bote de nata para untar de 200 gramos y un esparcidor de cer\u00e1mica Vietri.  Formato 1 kg - Empaquetado a mano\" \/>\n<meta property=\"og:url\" content=\"https:\/\/www.ammore.online\/es\/prodotto\/panettone-artigianale-pandorato-con-glassa-cioccolato-crema-bianca\/\" \/>\n<meta property=\"og:site_name\" content=\"Ammore\" \/>\n<meta property=\"article:publisher\" content=\"https:\/\/www.facebook.com\/ammore.official\" \/>\n<meta property=\"article:modified_time\" content=\"2023-09-27T10:06:07+00:00\" \/>\n<meta name=\"twitter:card\" content=\"summary_large_image\" \/>\n<meta name=\"twitter:label1\" content=\"Tiempo de lectura\" \/>\n\t<meta name=\"twitter:data1\" content=\"1 minuto\" \/>\n<script type=\"application\/ld+json\" class=\"yoast-schema-graph\">{\"@context\":\"https:\/\/schema.org\",\"@graph\":[{\"@type\":\"WebPage\",\"@id\":\"https:\/\/www.ammore.online\/es\/prodotto\/panettone-artigianale-pandorato-con-glassa-cioccolato-crema-bianca\/\",\"url\":\"https:\/\/www.ammore.online\/es\/prodotto\/panettone-artigianale-pandorato-con-glassa-cioccolato-crema-bianca\/\",\"name\":\"Panettone artesanal Pandorato con Crema Blanca - Ammore\",\"isPartOf\":{\"@id\":\"https:\/\/www.ammore.online\/es\/#website\"},\"primaryImageOfPage\":{\"@id\":\"https:\/\/www.ammore.online\/es\/prodotto\/panettone-artigianale-pandorato-con-glassa-cioccolato-crema-bianca\/#primaryimage\"},\"image\":{\"@id\":\"https:\/\/www.ammore.online\/es\/prodotto\/panettone-artigianale-pandorato-con-glassa-cioccolato-crema-bianca\/#primaryimage\"},\"thumbnailUrl\":\"https:\/\/www.ammore.online\/wp-content\/uploads\/2024\/10\/pandorato-crema-bianca.jpg\",\"datePublished\":\"2022-08-25T20:32:29+00:00\",\"dateModified\":\"2023-09-27T10:06:07+00:00\",\"breadcrumb\":{\"@id\":\"https:\/\/www.ammore.online\/es\/prodotto\/panettone-artigianale-pandorato-con-glassa-cioccolato-crema-bianca\/#breadcrumb\"},\"inLanguage\":\"es\",\"potentialAction\":[{\"@type\":\"ReadAction\",\"target\":[\"https:\/\/www.ammore.online\/es\/prodotto\/panettone-artigianale-pandorato-con-glassa-cioccolato-crema-bianca\/\"]}]},{\"@type\":\"ImageObject\",\"inLanguage\":\"es\",\"@id\":\"https:\/\/www.ammore.online\/es\/prodotto\/panettone-artigianale-pandorato-con-glassa-cioccolato-crema-bianca\/#primaryimage\",\"url\":\"https:\/\/www.ammore.online\/wp-content\/uploads\/2024\/10\/pandorato-crema-bianca.jpg\",\"contentUrl\":\"https:\/\/www.ammore.online\/wp-content\/uploads\/2024\/10\/pandorato-crema-bianca.jpg\",\"width\":1920,\"height\":1920,\"caption\":\"Foto \u00a9 Alessandra Farinelli\"},{\"@type\":\"BreadcrumbList\",\"@id\":\"https:\/\/www.ammore.online\/es\/prodotto\/panettone-artigianale-pandorato-con-glassa-cioccolato-crema-bianca\/#breadcrumb\",\"itemListElement\":[{\"@type\":\"ListItem\",\"position\":1,\"name\":\"Home\",\"item\":\"https:\/\/www.ammore.online\/es\/\"},{\"@type\":\"ListItem\",\"position\":2,\"name\":\"Tienda\",\"item\":\"https:\/\/www.ammore.online\/es\/tienda\/\"},{\"@type\":\"ListItem\",\"position\":3,\"name\":\"Panettone artesanal Pandorato con Crema Blanca\"}]},{\"@type\":\"WebSite\",\"@id\":\"https:\/\/www.ammore.online\/es\/#website\",\"url\":\"https:\/\/www.ammore.online\/es\/\",\"name\":\"Ammore\",\"description\":\"Il gusto della tradizione\",\"publisher\":{\"@id\":\"https:\/\/www.ammore.online\/es\/#organization\"},\"potentialAction\":[{\"@type\":\"SearchAction\",\"target\":{\"@type\":\"EntryPoint\",\"urlTemplate\":\"https:\/\/www.ammore.online\/es\/?s={search_term_string}\"},\"query-input\":{\"@type\":\"PropertyValueSpecification\",\"valueRequired\":true,\"valueName\":\"search_term_string\"}}],\"inLanguage\":\"es\"},{\"@type\":\"Organization\",\"@id\":\"https:\/\/www.ammore.online\/es\/#organization\",\"name\":\"Ammore\",\"url\":\"https:\/\/www.ammore.online\/es\/\",\"logo\":{\"@type\":\"ImageObject\",\"inLanguage\":\"es\",\"@id\":\"https:\/\/www.ammore.online\/es\/#\/schema\/logo\/image\/\",\"url\":\"https:\/\/www.ammore.online\/wp-content\/uploads\/2023\/10\/cropped-cropped-Ammore_logo.png\",\"contentUrl\":\"https:\/\/www.ammore.online\/wp-content\/uploads\/2023\/10\/cropped-cropped-Ammore_logo.png\",\"width\":1411,\"height\":393,\"caption\":\"Ammore\"},\"image\":{\"@id\":\"https:\/\/www.ammore.online\/es\/#\/schema\/logo\/image\/\"},\"sameAs\":[\"https:\/\/www.facebook.com\/ammore.official\",\"https:\/\/www.instagram.com\/ammore_official\"]}]}<\/script>\n<!-- \/ Yoast SEO plugin. -->","yoast_head_json":{"title":"Panettone artesanal  Pandorato con Crema Blanca - Ammore","robots":{"index":"index","follow":"follow","max-snippet":"max-snippet:-1","max-image-preview":"max-image-preview:large","max-video-preview":"max-video-preview:-1"},"canonical":"https:\/\/www.ammore.online\/es\/prodotto\/panettone-artigianale-pandorato-con-glassa-cioccolato-crema-bianca\/","og_locale":"es_ES","og_type":"article","og_title":"Panettone artesanal  Pandorato con Crema Blanca - Ammore","og_description":"Una combinaci\u00f3n irresistiblemente perfecta para un cadeau navide\u00f1o para disfrutar en compa\u00f1\u00eda o incluso en un rom\u00e1ntico tete a tete. El sabor \u00fanico del \"Pandorato\", ennoblecido por la dulzura de la vainilla Bourbon de Madagascar, se realza, bocado tras bocado, con la crema \"Bianca\" \"Ammore\" para untar generosamente en cada rebanada.  El paquete contiene un panettone Pandorato, un sobre de az\u00facar glas, un bote de nata para untar de 200 gramos y un esparcidor de cer\u00e1mica Vietri.  Formato 1 kg - Empaquetado a mano","og_url":"https:\/\/www.ammore.online\/es\/prodotto\/panettone-artigianale-pandorato-con-glassa-cioccolato-crema-bianca\/","og_site_name":"Ammore","article_publisher":"https:\/\/www.facebook.com\/ammore.official","article_modified_time":"2023-09-27T10:06:07+00:00","twitter_card":"summary_large_image","twitter_misc":{"Tiempo de lectura":"1 minuto"},"schema":{"@context":"https:\/\/schema.org","@graph":[{"@type":"WebPage","@id":"https:\/\/www.ammore.online\/es\/prodotto\/panettone-artigianale-pandorato-con-glassa-cioccolato-crema-bianca\/","url":"https:\/\/www.ammore.online\/es\/prodotto\/panettone-artigianale-pandorato-con-glassa-cioccolato-crema-bianca\/","name":"Panettone artesanal Pandorato con Crema Blanca - Ammore","isPartOf":{"@id":"https:\/\/www.ammore.online\/es\/#website"},"primaryImageOfPage":{"@id":"https:\/\/www.ammore.online\/es\/prodotto\/panettone-artigianale-pandorato-con-glassa-cioccolato-crema-bianca\/#primaryimage"},"image":{"@id":"https:\/\/www.ammore.online\/es\/prodotto\/panettone-artigianale-pandorato-con-glassa-cioccolato-crema-bianca\/#primaryimage"},"thumbnailUrl":"https:\/\/www.ammore.online\/wp-content\/uploads\/2024\/10\/pandorato-crema-bianca.jpg","datePublished":"2022-08-25T20:32:29+00:00","dateModified":"2023-09-27T10:06:07+00:00","breadcrumb":{"@id":"https:\/\/www.ammore.online\/es\/prodotto\/panettone-artigianale-pandorato-con-glassa-cioccolato-crema-bianca\/#breadcrumb"},"inLanguage":"es","potentialAction":[{"@type":"ReadAction","target":["https:\/\/www.ammore.online\/es\/prodotto\/panettone-artigianale-pandorato-con-glassa-cioccolato-crema-bianca\/"]}]},{"@type":"ImageObject","inLanguage":"es","@id":"https:\/\/www.ammore.online\/es\/prodotto\/panettone-artigianale-pandorato-con-glassa-cioccolato-crema-bianca\/#primaryimage","url":"https:\/\/www.ammore.online\/wp-content\/uploads\/2024\/10\/pandorato-crema-bianca.jpg","contentUrl":"https:\/\/www.ammore.online\/wp-content\/uploads\/2024\/10\/pandorato-crema-bianca.jpg","width":1920,"height":1920,"caption":"Foto \u00a9 Alessandra Farinelli"},{"@type":"BreadcrumbList","@id":"https:\/\/www.ammore.online\/es\/prodotto\/panettone-artigianale-pandorato-con-glassa-cioccolato-crema-bianca\/#breadcrumb","itemListElement":[{"@type":"ListItem","position":1,"name":"Home","item":"https:\/\/www.ammore.online\/es\/"},{"@type":"ListItem","position":2,"name":"Tienda","item":"https:\/\/www.ammore.online\/es\/tienda\/"},{"@type":"ListItem","position":3,"name":"Panettone artesanal Pandorato con Crema Blanca"}]},{"@type":"WebSite","@id":"https:\/\/www.ammore.online\/es\/#website","url":"https:\/\/www.ammore.online\/es\/","name":"Ammore","description":"Il gusto della tradizione","publisher":{"@id":"https:\/\/www.ammore.online\/es\/#organization"},"potentialAction":[{"@type":"SearchAction","target":{"@type":"EntryPoint","urlTemplate":"https:\/\/www.ammore.online\/es\/?s={search_term_string}"},"query-input":{"@type":"PropertyValueSpecification","valueRequired":true,"valueName":"search_term_string"}}],"inLanguage":"es"},{"@type":"Organization","@id":"https:\/\/www.ammore.online\/es\/#organization","name":"Ammore","url":"https:\/\/www.ammore.online\/es\/","logo":{"@type":"ImageObject","inLanguage":"es","@id":"https:\/\/www.ammore.online\/es\/#\/schema\/logo\/image\/","url":"https:\/\/www.ammore.online\/wp-content\/uploads\/2023\/10\/cropped-cropped-Ammore_logo.png","contentUrl":"https:\/\/www.ammore.online\/wp-content\/uploads\/2023\/10\/cropped-cropped-Ammore_logo.png","width":1411,"height":393,"caption":"Ammore"},"image":{"@id":"https:\/\/www.ammore.online\/es\/#\/schema\/logo\/image\/"},"sameAs":["https:\/\/www.facebook.com\/ammore.official","https:\/\/www.instagram.com\/ammore_official"]}]}},"_links":{"self":[{"href":"https:\/\/www.ammore.online\/es\/wp-json\/wp\/v2\/product\/768","targetHints":{"allow":["GET"]}}],"collection":[{"href":"https:\/\/www.ammore.online\/es\/wp-json\/wp\/v2\/product"}],"about":[{"href":"https:\/\/www.ammore.online\/es\/wp-json\/wp\/v2\/types\/product"}],"wp:featuredmedia":[{"embeddable":true,"href":"https:\/\/www.ammore.online\/es\/wp-json\/wp\/v2\/media\/4829"}],"wp:attachment":[{"href":"https:\/\/www.ammore.online\/es\/wp-json\/wp\/v2\/media?parent=768"}],"wp:term":[{"taxonomy":"product_cat","embeddable":true,"href":"https:\/\/www.ammore.online\/es\/wp-json\/wp\/v2\/product_cat?post=768"},{"taxonomy":"product_tag","embeddable":true,"href":"https:\/\/www.ammore.online\/es\/wp-json\/wp\/v2\/product_tag?post=768"}],"curies":[{"name":"wp","href":"https:\/\/api.w.org\/{rel}","templated":true}]}}