{"id":666,"date":"2022-08-24T14:12:09","date_gmt":"2022-08-24T14:12:09","guid":{"rendered":"https:\/\/www.ammore.online\/?post_type=product&#038;p=666"},"modified":"2025-10-09T15:40:27","modified_gmt":"2025-10-09T15:40:27","slug":"panettone-artigianale-allo-strudel-senza-glutine","status":"publish","type":"product","link":"https:\/\/www.ammore.online\/es\/prodotto\/panettone-artigianale-allo-strudel-senza-glutine\/","title":{"rendered":"Panettone artesanal <br> Strudel sin gluten y lactosa"},"content":{"rendered":"<p><strong>Ingredientes<\/strong>: Harina sin gluten (f\u00e9cula de ma\u00edz, f\u00e9cula de arroz, f\u00e9cula de patata, harina de arroz, az\u00facar, <strong>leche<\/strong> en polvo, _bras vegetales, espesantes: harina de goma guar, carboximetilcelulosa),<strong> mantequilla<\/strong> (lactosa menos de 0,01%), agua, almid\u00f3n de trigo, <strong>huevos<\/strong>, az\u00facar, pasas (super_cie sultanas tratadas con aceite de girasol, min 14%), semicon_tadas manzanas (manzanas, jarabe de glucosa-fructosa, sacarosa, \u00e1cido c\u00edtrico E330, sorbato de potasio E202, min 11%), miel de acacia, sorbitol, c\u00e1scara de naranja (c\u00e1scara de naranja, jarabe de glucosa-fructosa, az\u00facar), c\u00e1scara de lim\u00f3n (c\u00e1scara de lim\u00f3n, glucosa -jarabe de fructosa, az\u00facar), manteca de cacao (<strong>soja<\/strong>), levadura de cerveza, sal, emulgentes: E471, estabilizador: E420, canela en polvo, clavel en polvo, jengibre en polvo. No contiene gluten ni aceite de palma. Contiene<strong> leche<\/strong>, <strong>huevos<\/strong>, <strong>soja<\/strong>. Elaborado en un laboratorio que tambi\u00e9n utiliza <strong>leche<\/strong>, <strong>s\u00e9samo<\/strong>, <strong>nueces<\/strong> y man\u00ed.<\/p>\n","protected":false},"excerpt":{"rendered":"<p>Un producto especial que mantiene inalteradas las caracter\u00edsticas del tradicional postre navide\u00f1o. Parece una masa sana y suave, elaborada con materias primas certificadas y adornada con el sabor de la<strong> canela<\/strong> y los <strong>suaves<\/strong> cubitos de <strong>manzana<\/strong> y <strong>pasas<\/strong>.<\/p>\n<p><strong>Formato 400 gr<\/strong> &#8211; <strong>Empaquetado a mano<\/strong><\/p>\n<table border=\"0\">\n<tbody>\n<tr>\n<td><img loading=\"lazy\" decoding=\"async\" class=\"alignnone wp-image-573\" src=\"https:\/\/www.ammore.online\/wp-content\/uploads\/2022\/08\/Ingredienti_artigianale.png\" alt=\"\" width=\"197\" height=\"82\" \/><\/td>\n<td><img loading=\"lazy\" decoding=\"async\" class=\"alignnone size-medium wp-image-583\" src=\"https:\/\/www.ammore.online\/wp-content\/uploads\/2022\/08\/Ingredienti_naturale-300x125.png\" alt=\"\" width=\"197\" height=\"82\" srcset=\"https:\/\/www.ammore.online\/wp-content\/uploads\/2022\/08\/Ingredienti_naturale-300x125.png 300w, https:\/\/www.ammore.online\/wp-content\/uploads\/2022\/08\/Ingredienti_naturale-768x320.png 768w, https:\/\/www.ammore.online\/wp-content\/uploads\/2022\/08\/Ingredienti_naturale-720x300.png 720w, https:\/\/www.ammore.online\/wp-content\/uploads\/2022\/08\/Ingredienti_naturale.png 933w\" sizes=\"auto, (max-width: 197px) 100vw, 197px\" \/><\/td>\n<td><\/td>\n<\/tr>\n<tr>\n<td><img loading=\"lazy\" decoding=\"async\" class=\"alignnone size-medium wp-image-593\" src=\"https:\/\/www.ammore.online\/wp-content\/uploads\/2022\/08\/Ingredienti_no_palma-300x125.png\" alt=\"\" width=\"197\" height=\"82\" srcset=\"https:\/\/www.ammore.online\/wp-content\/uploads\/2022\/08\/Ingredienti_no_palma-300x125.png 300w, https:\/\/www.ammore.online\/wp-content\/uploads\/2022\/08\/Ingredienti_no_palma-768x320.png 768w, https:\/\/www.ammore.online\/wp-content\/uploads\/2022\/08\/Ingredienti_no_palma-720x300.png 720w, https:\/\/www.ammore.online\/wp-content\/uploads\/2022\/08\/Ingredienti_no_palma.png 933w\" sizes=\"auto, (max-width: 197px) 100vw, 197px\" \/><\/td>\n<td><img loading=\"lazy\" decoding=\"async\" class=\"alignnone size-medium wp-image-588\" src=\"https:\/\/www.ammore.online\/wp-content\/uploads\/2022\/08\/Ingredienti_no_grassi-300x125.png\" alt=\"\" width=\"197\" height=\"82\" srcset=\"https:\/\/www.ammore.online\/wp-content\/uploads\/2022\/08\/Ingredienti_no_grassi-300x125.png 300w, https:\/\/www.ammore.online\/wp-content\/uploads\/2022\/08\/Ingredienti_no_grassi-768x320.png 768w, https:\/\/www.ammore.online\/wp-content\/uploads\/2022\/08\/Ingredienti_no_grassi-720x300.png 720w, https:\/\/www.ammore.online\/wp-content\/uploads\/2022\/08\/Ingredienti_no_grassi.png 933w\" sizes=\"auto, (max-width: 197px) 100vw, 197px\" \/><\/td>\n<td><\/td>\n<\/tr>\n<\/tbody>\n<\/table>\n","protected":false},"featured_media":4768,"template":"","meta":{"_genesis_hide_title":false,"_genesis_hide_breadcrumbs":false,"_genesis_hide_singular_image":false,"_genesis_hide_footer_widgets":false,"_genesis_custom_body_class":"","_genesis_custom_post_class":"","_genesis_layout":""},"product_cat":[62,114],"product_tag":[],"class_list":{"0":"post-666","1":"product","2":"type-product","3":"status-publish","4":"has-post-thumbnail","6":"product_cat-navidad","7":"product_cat-sin-gluten","8":"entry","10":"first","11":"outofstock","12":"shipping-taxable","13":"purchasable","14":"product-type-simple"},"yoast_head":"<!-- This site is optimized with the Yoast SEO plugin v23.7 - https:\/\/yoast.com\/wordpress\/plugins\/seo\/ -->\n<title>Panettone artesanal  Strudel sin gluten y lactosa - Ammore<\/title>\n<meta name=\"robots\" content=\"index, follow, max-snippet:-1, max-image-preview:large, max-video-preview:-1\" \/>\n<link rel=\"canonical\" href=\"https:\/\/www.ammore.online\/es\/prodotto\/panettone-artigianale-allo-strudel-senza-glutine\/\" \/>\n<meta property=\"og:locale\" content=\"es_ES\" \/>\n<meta property=\"og:type\" content=\"article\" \/>\n<meta property=\"og:title\" content=\"Panettone artesanal  Strudel sin gluten y lactosa - Ammore\" \/>\n<meta property=\"og:description\" content=\"Un producto especial que mantiene inalteradas las caracter\u00edsticas del tradicional postre navide\u00f1o. Parece una masa sana y suave, elaborada con materias primas certificadas y adornada con el sabor de la canela y los suaves cubitos de manzana y pasas.  Formato 400 gr - Empaquetado a mano\" \/>\n<meta property=\"og:url\" content=\"https:\/\/www.ammore.online\/es\/prodotto\/panettone-artigianale-allo-strudel-senza-glutine\/\" \/>\n<meta property=\"og:site_name\" content=\"Ammore\" \/>\n<meta property=\"article:publisher\" content=\"https:\/\/www.facebook.com\/ammore.official\" \/>\n<meta property=\"article:modified_time\" content=\"2025-10-09T15:40:27+00:00\" \/>\n<meta property=\"og:image\" content=\"https:\/\/www.ammore.online\/wp-content\/uploads\/2023\/07\/senzaglutine.jpg\" \/>\n\t<meta property=\"og:image:width\" content=\"1920\" \/>\n\t<meta property=\"og:image:height\" content=\"1920\" \/>\n\t<meta property=\"og:image:type\" content=\"image\/jpeg\" \/>\n<meta name=\"twitter:card\" content=\"summary_large_image\" \/>\n<meta name=\"twitter:label1\" content=\"Tiempo de lectura\" \/>\n\t<meta name=\"twitter:data1\" content=\"1 minuto\" \/>\n<script type=\"application\/ld+json\" class=\"yoast-schema-graph\">{\"@context\":\"https:\/\/schema.org\",\"@graph\":[{\"@type\":\"WebPage\",\"@id\":\"https:\/\/www.ammore.online\/es\/prodotto\/panettone-artigianale-allo-strudel-senza-glutine\/\",\"url\":\"https:\/\/www.ammore.online\/es\/prodotto\/panettone-artigianale-allo-strudel-senza-glutine\/\",\"name\":\"Panettone artesanal Strudel sin gluten y lactosa - Ammore\",\"isPartOf\":{\"@id\":\"https:\/\/www.ammore.online\/es\/#website\"},\"primaryImageOfPage\":{\"@id\":\"https:\/\/www.ammore.online\/es\/prodotto\/panettone-artigianale-allo-strudel-senza-glutine\/#primaryimage\"},\"image\":{\"@id\":\"https:\/\/www.ammore.online\/es\/prodotto\/panettone-artigianale-allo-strudel-senza-glutine\/#primaryimage\"},\"thumbnailUrl\":\"https:\/\/www.ammore.online\/wp-content\/uploads\/2023\/07\/senzaglutine.jpg\",\"datePublished\":\"2022-08-24T14:12:09+00:00\",\"dateModified\":\"2025-10-09T15:40:27+00:00\",\"breadcrumb\":{\"@id\":\"https:\/\/www.ammore.online\/es\/prodotto\/panettone-artigianale-allo-strudel-senza-glutine\/#breadcrumb\"},\"inLanguage\":\"es\",\"potentialAction\":[{\"@type\":\"ReadAction\",\"target\":[\"https:\/\/www.ammore.online\/es\/prodotto\/panettone-artigianale-allo-strudel-senza-glutine\/\"]}]},{\"@type\":\"ImageObject\",\"inLanguage\":\"es\",\"@id\":\"https:\/\/www.ammore.online\/es\/prodotto\/panettone-artigianale-allo-strudel-senza-glutine\/#primaryimage\",\"url\":\"https:\/\/www.ammore.online\/wp-content\/uploads\/2023\/07\/senzaglutine.jpg\",\"contentUrl\":\"https:\/\/www.ammore.online\/wp-content\/uploads\/2023\/07\/senzaglutine.jpg\",\"width\":1920,\"height\":1920,\"caption\":\"Foto \u00a9 Alessandra Farinelli\"},{\"@type\":\"BreadcrumbList\",\"@id\":\"https:\/\/www.ammore.online\/es\/prodotto\/panettone-artigianale-allo-strudel-senza-glutine\/#breadcrumb\",\"itemListElement\":[{\"@type\":\"ListItem\",\"position\":1,\"name\":\"Home\",\"item\":\"https:\/\/www.ammore.online\/es\/\"},{\"@type\":\"ListItem\",\"position\":2,\"name\":\"Tienda\",\"item\":\"https:\/\/www.ammore.online\/es\/tienda\/\"},{\"@type\":\"ListItem\",\"position\":3,\"name\":\"Panettone artesanal Strudel sin gluten y lactosa\"}]},{\"@type\":\"WebSite\",\"@id\":\"https:\/\/www.ammore.online\/es\/#website\",\"url\":\"https:\/\/www.ammore.online\/es\/\",\"name\":\"Ammore\",\"description\":\"Il gusto della tradizione\",\"publisher\":{\"@id\":\"https:\/\/www.ammore.online\/es\/#organization\"},\"potentialAction\":[{\"@type\":\"SearchAction\",\"target\":{\"@type\":\"EntryPoint\",\"urlTemplate\":\"https:\/\/www.ammore.online\/es\/?s={search_term_string}\"},\"query-input\":{\"@type\":\"PropertyValueSpecification\",\"valueRequired\":true,\"valueName\":\"search_term_string\"}}],\"inLanguage\":\"es\"},{\"@type\":\"Organization\",\"@id\":\"https:\/\/www.ammore.online\/es\/#organization\",\"name\":\"Ammore\",\"url\":\"https:\/\/www.ammore.online\/es\/\",\"logo\":{\"@type\":\"ImageObject\",\"inLanguage\":\"es\",\"@id\":\"https:\/\/www.ammore.online\/es\/#\/schema\/logo\/image\/\",\"url\":\"https:\/\/www.ammore.online\/wp-content\/uploads\/2023\/10\/cropped-cropped-Ammore_logo.png\",\"contentUrl\":\"https:\/\/www.ammore.online\/wp-content\/uploads\/2023\/10\/cropped-cropped-Ammore_logo.png\",\"width\":1411,\"height\":393,\"caption\":\"Ammore\"},\"image\":{\"@id\":\"https:\/\/www.ammore.online\/es\/#\/schema\/logo\/image\/\"},\"sameAs\":[\"https:\/\/www.facebook.com\/ammore.official\",\"https:\/\/www.instagram.com\/ammore_official\"]}]}<\/script>\n<!-- \/ Yoast SEO plugin. -->","yoast_head_json":{"title":"Panettone artesanal  Strudel sin gluten y lactosa - Ammore","robots":{"index":"index","follow":"follow","max-snippet":"max-snippet:-1","max-image-preview":"max-image-preview:large","max-video-preview":"max-video-preview:-1"},"canonical":"https:\/\/www.ammore.online\/es\/prodotto\/panettone-artigianale-allo-strudel-senza-glutine\/","og_locale":"es_ES","og_type":"article","og_title":"Panettone artesanal  Strudel sin gluten y lactosa - Ammore","og_description":"Un producto especial que mantiene inalteradas las caracter\u00edsticas del tradicional postre navide\u00f1o. Parece una masa sana y suave, elaborada con materias primas certificadas y adornada con el sabor de la canela y los suaves cubitos de manzana y pasas.  Formato 400 gr - Empaquetado a mano","og_url":"https:\/\/www.ammore.online\/es\/prodotto\/panettone-artigianale-allo-strudel-senza-glutine\/","og_site_name":"Ammore","article_publisher":"https:\/\/www.facebook.com\/ammore.official","article_modified_time":"2025-10-09T15:40:27+00:00","og_image":[{"width":1920,"height":1920,"url":"https:\/\/www.ammore.online\/wp-content\/uploads\/2023\/07\/senzaglutine.jpg","type":"image\/jpeg"}],"twitter_card":"summary_large_image","twitter_misc":{"Tiempo de lectura":"1 minuto"},"schema":{"@context":"https:\/\/schema.org","@graph":[{"@type":"WebPage","@id":"https:\/\/www.ammore.online\/es\/prodotto\/panettone-artigianale-allo-strudel-senza-glutine\/","url":"https:\/\/www.ammore.online\/es\/prodotto\/panettone-artigianale-allo-strudel-senza-glutine\/","name":"Panettone artesanal Strudel sin gluten y lactosa - Ammore","isPartOf":{"@id":"https:\/\/www.ammore.online\/es\/#website"},"primaryImageOfPage":{"@id":"https:\/\/www.ammore.online\/es\/prodotto\/panettone-artigianale-allo-strudel-senza-glutine\/#primaryimage"},"image":{"@id":"https:\/\/www.ammore.online\/es\/prodotto\/panettone-artigianale-allo-strudel-senza-glutine\/#primaryimage"},"thumbnailUrl":"https:\/\/www.ammore.online\/wp-content\/uploads\/2023\/07\/senzaglutine.jpg","datePublished":"2022-08-24T14:12:09+00:00","dateModified":"2025-10-09T15:40:27+00:00","breadcrumb":{"@id":"https:\/\/www.ammore.online\/es\/prodotto\/panettone-artigianale-allo-strudel-senza-glutine\/#breadcrumb"},"inLanguage":"es","potentialAction":[{"@type":"ReadAction","target":["https:\/\/www.ammore.online\/es\/prodotto\/panettone-artigianale-allo-strudel-senza-glutine\/"]}]},{"@type":"ImageObject","inLanguage":"es","@id":"https:\/\/www.ammore.online\/es\/prodotto\/panettone-artigianale-allo-strudel-senza-glutine\/#primaryimage","url":"https:\/\/www.ammore.online\/wp-content\/uploads\/2023\/07\/senzaglutine.jpg","contentUrl":"https:\/\/www.ammore.online\/wp-content\/uploads\/2023\/07\/senzaglutine.jpg","width":1920,"height":1920,"caption":"Foto \u00a9 Alessandra Farinelli"},{"@type":"BreadcrumbList","@id":"https:\/\/www.ammore.online\/es\/prodotto\/panettone-artigianale-allo-strudel-senza-glutine\/#breadcrumb","itemListElement":[{"@type":"ListItem","position":1,"name":"Home","item":"https:\/\/www.ammore.online\/es\/"},{"@type":"ListItem","position":2,"name":"Tienda","item":"https:\/\/www.ammore.online\/es\/tienda\/"},{"@type":"ListItem","position":3,"name":"Panettone artesanal Strudel sin gluten y lactosa"}]},{"@type":"WebSite","@id":"https:\/\/www.ammore.online\/es\/#website","url":"https:\/\/www.ammore.online\/es\/","name":"Ammore","description":"Il gusto della tradizione","publisher":{"@id":"https:\/\/www.ammore.online\/es\/#organization"},"potentialAction":[{"@type":"SearchAction","target":{"@type":"EntryPoint","urlTemplate":"https:\/\/www.ammore.online\/es\/?s={search_term_string}"},"query-input":{"@type":"PropertyValueSpecification","valueRequired":true,"valueName":"search_term_string"}}],"inLanguage":"es"},{"@type":"Organization","@id":"https:\/\/www.ammore.online\/es\/#organization","name":"Ammore","url":"https:\/\/www.ammore.online\/es\/","logo":{"@type":"ImageObject","inLanguage":"es","@id":"https:\/\/www.ammore.online\/es\/#\/schema\/logo\/image\/","url":"https:\/\/www.ammore.online\/wp-content\/uploads\/2023\/10\/cropped-cropped-Ammore_logo.png","contentUrl":"https:\/\/www.ammore.online\/wp-content\/uploads\/2023\/10\/cropped-cropped-Ammore_logo.png","width":1411,"height":393,"caption":"Ammore"},"image":{"@id":"https:\/\/www.ammore.online\/es\/#\/schema\/logo\/image\/"},"sameAs":["https:\/\/www.facebook.com\/ammore.official","https:\/\/www.instagram.com\/ammore_official"]}]}},"_links":{"self":[{"href":"https:\/\/www.ammore.online\/es\/wp-json\/wp\/v2\/product\/666","targetHints":{"allow":["GET"]}}],"collection":[{"href":"https:\/\/www.ammore.online\/es\/wp-json\/wp\/v2\/product"}],"about":[{"href":"https:\/\/www.ammore.online\/es\/wp-json\/wp\/v2\/types\/product"}],"wp:featuredmedia":[{"embeddable":true,"href":"https:\/\/www.ammore.online\/es\/wp-json\/wp\/v2\/media\/4768"}],"wp:attachment":[{"href":"https:\/\/www.ammore.online\/es\/wp-json\/wp\/v2\/media?parent=666"}],"wp:term":[{"taxonomy":"product_cat","embeddable":true,"href":"https:\/\/www.ammore.online\/es\/wp-json\/wp\/v2\/product_cat?post=666"},{"taxonomy":"product_tag","embeddable":true,"href":"https:\/\/www.ammore.online\/es\/wp-json\/wp\/v2\/product_tag?post=666"}],"curies":[{"name":"wp","href":"https:\/\/api.w.org\/{rel}","templated":true}]}}