{"id":3747,"date":"2023-11-05T19:09:12","date_gmt":"2023-11-05T19:09:12","guid":{"rendered":"https:\/\/www.ammore.online\/?post_type=product&#038;p=3747"},"modified":"2024-10-16T17:14:11","modified_gmt":"2024-10-16T17:14:11","slug":"cappelliera-panettone-artesanal-clasico","status":"publish","type":"product","link":"https:\/\/www.ammore.online\/es\/prodotto\/cappelliera-panettone-artesanal-clasico\/","title":{"rendered":"Panettone artesanal <br> Cl\u00e1sico"},"content":{"rendered":"<p><strong>Ingredientes<\/strong>: harina de<strong> trigo<\/strong> (<strong>trigo<\/strong> blando), <strong>manteca<\/strong>, uvas sultanas, piel de naranja confitada (piel de naranja fresca, jarabe de glucosa y fructosa, sacarosa), yema de<strong> huevo<\/strong> fresco, az\u00facar, fructosa, levadura natural (harina de <strong>trigo<\/strong>), <strong>manteca<\/strong> de cacao, vainilla Bourbon, miel, dextrosa, aromas y sal, regulador de acidez, \u00e1cido c\u00edtrico. Puede contener trazas de frutos secos, <strong>soja<\/strong> y <strong>mostaza<\/strong>. Conservar en lugar fresco y seco.<br \/>\nProducto sujeto a la p\u00e9rdida de peso. Producido en Italia.<\/p>\n","protected":false},"excerpt":{"rendered":"<p>La elaboraci\u00f3n artesanal de este panettone est\u00e1 garantizada por una levadura natural y una receta muy tradicional. Un producto especial, elaborado con masa madre, harinas finas, mantequilla de Breta\u00f1a y huevos de primera calidad cuyo sabor se enriquece con la presencia de<strong> vainilla Bourbon de Madagascar, pasas australianas<\/strong> y <strong>naranja confitada<\/strong> Agrimontana.<\/p>\n<p><strong>Formato 1 kg<\/strong> &#8211; <strong>El panettone se presenta en una elegante sombrerera<\/strong><\/p>\n<table border=\"0\">\n<tbody>\n<tr>\n<td><img loading=\"lazy\" decoding=\"async\" class=\"alignnone wp-image-573\" src=\"https:\/\/www.ammore.online\/wp-content\/uploads\/2022\/08\/Ingredienti_artigianale-es.png\" alt=\"\" width=\"197\" height=\"82\" \/><\/td>\n<td><img loading=\"lazy\" decoding=\"async\" class=\"alignnone size-medium wp-image-578\" src=\"https:\/\/www.ammore.online\/wp-content\/uploads\/2022\/08\/Ingredienti_lievito-es.png\" alt=\"\" width=\"197\" height=\"82\" \/><\/td>\n<td><img loading=\"lazy\" decoding=\"async\" class=\"alignnone size-medium wp-image-583\" src=\"https:\/\/www.ammore.online\/wp-content\/uploads\/2022\/08\/Ingredienti_naturale-es.png\" alt=\"\" width=\"197\" height=\"82\" \/><\/td>\n<\/tr>\n<tr>\n<td><img loading=\"lazy\" decoding=\"async\" class=\"alignnone size-medium wp-image-593\" src=\"https:\/\/www.ammore.online\/wp-content\/uploads\/2022\/08\/Ingredienti_no_palma-es.png\" alt=\"\" width=\"197\" height=\"82\" \/><\/td>\n<td><img loading=\"lazy\" decoding=\"async\" class=\"alignnone size-medium wp-image-588\" src=\"https:\/\/www.ammore.online\/wp-content\/uploads\/2022\/08\/Ingredienti_no_grassi-es.png\" alt=\"\" width=\"197\" height=\"82\" \/><\/td>\n<td><img loading=\"lazy\" decoding=\"async\" class=\"alignnone wp-image-573\" src=\"https:\/\/www.ammore.online\/wp-content\/uploads\/2022\/08\/Ingredienti_clip-es.png\" alt=\"\" width=\"197\" height=\"82\" \/><\/td>\n<\/tr>\n<\/tbody>\n<\/table>\n","protected":false},"featured_media":4662,"template":"","meta":{"_genesis_hide_title":false,"_genesis_hide_breadcrumbs":false,"_genesis_hide_singular_image":false,"_genesis_hide_footer_widgets":false,"_genesis_custom_body_class":"","_genesis_custom_post_class":"","_genesis_layout":""},"product_cat":[155],"product_tag":[],"class_list":{"0":"post-3747","1":"product","2":"type-product","3":"status-publish","4":"has-post-thumbnail","6":"product_cat-cappelliera","7":"entry","9":"first","10":"outofstock","11":"shipping-taxable","12":"purchasable","13":"product-type-simple"},"yoast_head":"<!-- This site is optimized with the Yoast SEO plugin v23.7 - https:\/\/yoast.com\/wordpress\/plugins\/seo\/ -->\n<title>Panettone artesanal  Cl\u00e1sico - Ammore<\/title>\n<meta name=\"robots\" content=\"index, follow, max-snippet:-1, max-image-preview:large, max-video-preview:-1\" \/>\n<link rel=\"canonical\" href=\"https:\/\/www.ammore.online\/prodotto\/cappelliera-panettone-artigianale-classico-copia\/\" \/>\n<meta property=\"og:locale\" content=\"es_ES\" \/>\n<meta property=\"og:type\" content=\"article\" \/>\n<meta property=\"og:title\" content=\"Panettone artesanal  Cl\u00e1sico - Ammore\" \/>\n<meta property=\"og:description\" content=\"La elaboraci\u00f3n artesanal de este panettone est\u00e1 garantizada por una levadura natural y una receta muy tradicional. Un producto especial, elaborado con masa madre, harinas finas, mantequilla de Breta\u00f1a y huevos de primera calidad cuyo sabor se enriquece con la presencia de vainilla Bourbon de Madagascar, pasas australianas y naranja confitada Agrimontana.  Formato 1 kg - El panettone se presenta en una elegante sombrerera\" \/>\n<meta property=\"og:url\" content=\"https:\/\/www.ammore.online\/prodotto\/cappelliera-panettone-artigianale-classico-copia\/\" \/>\n<meta property=\"og:site_name\" content=\"Ammore\" \/>\n<meta property=\"article:publisher\" content=\"https:\/\/www.facebook.com\/ammore.official\" \/>\n<meta property=\"article:modified_time\" content=\"2024-10-16T17:14:11+00:00\" \/>\n<meta property=\"og:image\" content=\"https:\/\/www.ammore.online\/wp-content\/uploads\/2024\/10\/cappelliera-classico.jpg\" \/>\n\t<meta property=\"og:image:width\" content=\"1920\" \/>\n\t<meta property=\"og:image:height\" content=\"1920\" \/>\n\t<meta property=\"og:image:type\" content=\"image\/jpeg\" \/>\n<meta name=\"twitter:card\" content=\"summary_large_image\" \/>\n<meta name=\"twitter:label1\" content=\"Tiempo de lectura\" \/>\n\t<meta name=\"twitter:data1\" content=\"1 minuto\" \/>\n<script type=\"application\/ld+json\" class=\"yoast-schema-graph\">{\"@context\":\"https:\/\/schema.org\",\"@graph\":[{\"@type\":\"WebPage\",\"@id\":\"https:\/\/www.ammore.online\/prodotto\/cappelliera-panettone-artigianale-classico-copia\/\",\"url\":\"https:\/\/www.ammore.online\/prodotto\/cappelliera-panettone-artigianale-classico-copia\/\",\"name\":\"Panettone artesanal Cl\u00e1sico - Ammore\",\"isPartOf\":{\"@id\":\"https:\/\/www.ammore.online\/es\/#website\"},\"primaryImageOfPage\":{\"@id\":\"https:\/\/www.ammore.online\/prodotto\/cappelliera-panettone-artigianale-classico-copia\/#primaryimage\"},\"image\":{\"@id\":\"https:\/\/www.ammore.online\/prodotto\/cappelliera-panettone-artigianale-classico-copia\/#primaryimage\"},\"thumbnailUrl\":\"https:\/\/www.ammore.online\/wp-content\/uploads\/2024\/10\/cappelliera-classico.jpg\",\"datePublished\":\"2023-11-05T19:09:12+00:00\",\"dateModified\":\"2024-10-16T17:14:11+00:00\",\"breadcrumb\":{\"@id\":\"https:\/\/www.ammore.online\/prodotto\/cappelliera-panettone-artigianale-classico-copia\/#breadcrumb\"},\"inLanguage\":\"es\",\"potentialAction\":[{\"@type\":\"ReadAction\",\"target\":[\"https:\/\/www.ammore.online\/prodotto\/cappelliera-panettone-artigianale-classico-copia\/\"]}]},{\"@type\":\"ImageObject\",\"inLanguage\":\"es\",\"@id\":\"https:\/\/www.ammore.online\/prodotto\/cappelliera-panettone-artigianale-classico-copia\/#primaryimage\",\"url\":\"https:\/\/www.ammore.online\/wp-content\/uploads\/2024\/10\/cappelliera-classico.jpg\",\"contentUrl\":\"https:\/\/www.ammore.online\/wp-content\/uploads\/2024\/10\/cappelliera-classico.jpg\",\"width\":1920,\"height\":1920,\"caption\":\"Foto \u00a9 Alessandra Farinelli\"},{\"@type\":\"BreadcrumbList\",\"@id\":\"https:\/\/www.ammore.online\/prodotto\/cappelliera-panettone-artigianale-classico-copia\/#breadcrumb\",\"itemListElement\":[{\"@type\":\"ListItem\",\"position\":1,\"name\":\"Home\",\"item\":\"https:\/\/www.ammore.online\/es\/\"},{\"@type\":\"ListItem\",\"position\":2,\"name\":\"Tienda\",\"item\":\"https:\/\/www.ammore.online\/es\/tienda\/\"},{\"@type\":\"ListItem\",\"position\":3,\"name\":\"Panettone artesanal &lt;br&gt; Cl\u00e1sico\"}]},{\"@type\":\"WebSite\",\"@id\":\"https:\/\/www.ammore.online\/es\/#website\",\"url\":\"https:\/\/www.ammore.online\/es\/\",\"name\":\"Ammore\",\"description\":\"Il gusto della tradizione\",\"publisher\":{\"@id\":\"https:\/\/www.ammore.online\/es\/#organization\"},\"potentialAction\":[{\"@type\":\"SearchAction\",\"target\":{\"@type\":\"EntryPoint\",\"urlTemplate\":\"https:\/\/www.ammore.online\/es\/?s={search_term_string}\"},\"query-input\":{\"@type\":\"PropertyValueSpecification\",\"valueRequired\":true,\"valueName\":\"search_term_string\"}}],\"inLanguage\":\"es\"},{\"@type\":\"Organization\",\"@id\":\"https:\/\/www.ammore.online\/es\/#organization\",\"name\":\"Ammore\",\"url\":\"https:\/\/www.ammore.online\/es\/\",\"logo\":{\"@type\":\"ImageObject\",\"inLanguage\":\"es\",\"@id\":\"https:\/\/www.ammore.online\/es\/#\/schema\/logo\/image\/\",\"url\":\"https:\/\/www.ammore.online\/wp-content\/uploads\/2023\/10\/cropped-cropped-Ammore_logo.png\",\"contentUrl\":\"https:\/\/www.ammore.online\/wp-content\/uploads\/2023\/10\/cropped-cropped-Ammore_logo.png\",\"width\":1411,\"height\":393,\"caption\":\"Ammore\"},\"image\":{\"@id\":\"https:\/\/www.ammore.online\/es\/#\/schema\/logo\/image\/\"},\"sameAs\":[\"https:\/\/www.facebook.com\/ammore.official\",\"https:\/\/www.instagram.com\/ammore_official\"]}]}<\/script>\n<!-- \/ Yoast SEO plugin. -->","yoast_head_json":{"title":"Panettone artesanal  Cl\u00e1sico - Ammore","robots":{"index":"index","follow":"follow","max-snippet":"max-snippet:-1","max-image-preview":"max-image-preview:large","max-video-preview":"max-video-preview:-1"},"canonical":"https:\/\/www.ammore.online\/prodotto\/cappelliera-panettone-artigianale-classico-copia\/","og_locale":"es_ES","og_type":"article","og_title":"Panettone artesanal  Cl\u00e1sico - Ammore","og_description":"La elaboraci\u00f3n artesanal de este panettone est\u00e1 garantizada por una levadura natural y una receta muy tradicional. Un producto especial, elaborado con masa madre, harinas finas, mantequilla de Breta\u00f1a y huevos de primera calidad cuyo sabor se enriquece con la presencia de vainilla Bourbon de Madagascar, pasas australianas y naranja confitada Agrimontana.  Formato 1 kg - El panettone se presenta en una elegante sombrerera","og_url":"https:\/\/www.ammore.online\/prodotto\/cappelliera-panettone-artigianale-classico-copia\/","og_site_name":"Ammore","article_publisher":"https:\/\/www.facebook.com\/ammore.official","article_modified_time":"2024-10-16T17:14:11+00:00","og_image":[{"width":1920,"height":1920,"url":"https:\/\/www.ammore.online\/wp-content\/uploads\/2024\/10\/cappelliera-classico.jpg","type":"image\/jpeg"}],"twitter_card":"summary_large_image","twitter_misc":{"Tiempo de lectura":"1 minuto"},"schema":{"@context":"https:\/\/schema.org","@graph":[{"@type":"WebPage","@id":"https:\/\/www.ammore.online\/prodotto\/cappelliera-panettone-artigianale-classico-copia\/","url":"https:\/\/www.ammore.online\/prodotto\/cappelliera-panettone-artigianale-classico-copia\/","name":"Panettone artesanal Cl\u00e1sico - Ammore","isPartOf":{"@id":"https:\/\/www.ammore.online\/es\/#website"},"primaryImageOfPage":{"@id":"https:\/\/www.ammore.online\/prodotto\/cappelliera-panettone-artigianale-classico-copia\/#primaryimage"},"image":{"@id":"https:\/\/www.ammore.online\/prodotto\/cappelliera-panettone-artigianale-classico-copia\/#primaryimage"},"thumbnailUrl":"https:\/\/www.ammore.online\/wp-content\/uploads\/2024\/10\/cappelliera-classico.jpg","datePublished":"2023-11-05T19:09:12+00:00","dateModified":"2024-10-16T17:14:11+00:00","breadcrumb":{"@id":"https:\/\/www.ammore.online\/prodotto\/cappelliera-panettone-artigianale-classico-copia\/#breadcrumb"},"inLanguage":"es","potentialAction":[{"@type":"ReadAction","target":["https:\/\/www.ammore.online\/prodotto\/cappelliera-panettone-artigianale-classico-copia\/"]}]},{"@type":"ImageObject","inLanguage":"es","@id":"https:\/\/www.ammore.online\/prodotto\/cappelliera-panettone-artigianale-classico-copia\/#primaryimage","url":"https:\/\/www.ammore.online\/wp-content\/uploads\/2024\/10\/cappelliera-classico.jpg","contentUrl":"https:\/\/www.ammore.online\/wp-content\/uploads\/2024\/10\/cappelliera-classico.jpg","width":1920,"height":1920,"caption":"Foto \u00a9 Alessandra Farinelli"},{"@type":"BreadcrumbList","@id":"https:\/\/www.ammore.online\/prodotto\/cappelliera-panettone-artigianale-classico-copia\/#breadcrumb","itemListElement":[{"@type":"ListItem","position":1,"name":"Home","item":"https:\/\/www.ammore.online\/es\/"},{"@type":"ListItem","position":2,"name":"Tienda","item":"https:\/\/www.ammore.online\/es\/tienda\/"},{"@type":"ListItem","position":3,"name":"Panettone artesanal &lt;br&gt; Cl\u00e1sico"}]},{"@type":"WebSite","@id":"https:\/\/www.ammore.online\/es\/#website","url":"https:\/\/www.ammore.online\/es\/","name":"Ammore","description":"Il gusto della tradizione","publisher":{"@id":"https:\/\/www.ammore.online\/es\/#organization"},"potentialAction":[{"@type":"SearchAction","target":{"@type":"EntryPoint","urlTemplate":"https:\/\/www.ammore.online\/es\/?s={search_term_string}"},"query-input":{"@type":"PropertyValueSpecification","valueRequired":true,"valueName":"search_term_string"}}],"inLanguage":"es"},{"@type":"Organization","@id":"https:\/\/www.ammore.online\/es\/#organization","name":"Ammore","url":"https:\/\/www.ammore.online\/es\/","logo":{"@type":"ImageObject","inLanguage":"es","@id":"https:\/\/www.ammore.online\/es\/#\/schema\/logo\/image\/","url":"https:\/\/www.ammore.online\/wp-content\/uploads\/2023\/10\/cropped-cropped-Ammore_logo.png","contentUrl":"https:\/\/www.ammore.online\/wp-content\/uploads\/2023\/10\/cropped-cropped-Ammore_logo.png","width":1411,"height":393,"caption":"Ammore"},"image":{"@id":"https:\/\/www.ammore.online\/es\/#\/schema\/logo\/image\/"},"sameAs":["https:\/\/www.facebook.com\/ammore.official","https:\/\/www.instagram.com\/ammore_official"]}]}},"_links":{"self":[{"href":"https:\/\/www.ammore.online\/es\/wp-json\/wp\/v2\/product\/3747","targetHints":{"allow":["GET"]}}],"collection":[{"href":"https:\/\/www.ammore.online\/es\/wp-json\/wp\/v2\/product"}],"about":[{"href":"https:\/\/www.ammore.online\/es\/wp-json\/wp\/v2\/types\/product"}],"wp:featuredmedia":[{"embeddable":true,"href":"https:\/\/www.ammore.online\/es\/wp-json\/wp\/v2\/media\/4662"}],"wp:attachment":[{"href":"https:\/\/www.ammore.online\/es\/wp-json\/wp\/v2\/media?parent=3747"}],"wp:term":[{"taxonomy":"product_cat","embeddable":true,"href":"https:\/\/www.ammore.online\/es\/wp-json\/wp\/v2\/product_cat?post=3747"},{"taxonomy":"product_tag","embeddable":true,"href":"https:\/\/www.ammore.online\/es\/wp-json\/wp\/v2\/product_tag?post=3747"}],"curies":[{"name":"wp","href":"https:\/\/api.w.org\/{rel}","templated":true}]}}