{"id":3658,"date":"2023-10-11T17:09:26","date_gmt":"2023-10-11T17:09:26","guid":{"rendered":"https:\/\/www.ammore.online\/?post_type=product&#038;p=3658"},"modified":"2023-11-05T15:02:33","modified_gmt":"2023-11-05T15:02:33","slug":"cappelliera-panettone-magnum-albaricoques-del-vesubio","status":"publish","type":"product","link":"https:\/\/www.ammore.online\/es\/prodotto\/cappelliera-panettone-magnum-albaricoques-del-vesubio\/","title":{"rendered":"Panettone Magnum <br> Albaricoques del Vesubio"},"content":{"rendered":"<p><strong>Ingredientes<\/strong>: harina de<strong> trigo<\/strong> (<strong>trigo<\/strong> blando), <strong>manteca<\/strong>, albaricoques confitados (albaricoques (60%), az\u00facar, jarabe de glucosa), yema de<strong> huevo<\/strong> fresco, manteca de cacao, az\u00facar, fructosa, levadura natura (<strong>trigo<\/strong>), dextrosa, aromas y sal, miel, vainilla Bourbon, regulador de acidez, \u00e1cido c\u00edtrico. Puede contener trazas de <strong>frutos secos<\/strong>,<strong> soja<\/strong> y<strong> mostaza<\/strong>. Conservar en lugar fresco y seco. Producto sujeto a la p\u00e9rdida de peso. Producido en Italia.<\/p>\n","protected":false},"excerpt":{"rendered":"<p><strong>La producci\u00f3n de productos fermentados Magnum se realiza bajo pedido. Por lo tanto, a los tiempos habituales de env\u00edo para la preparaci\u00f3n del producto hay que a\u00f1adir 10 d\u00edas.<\/strong><\/p>\n<p>La elaboraci\u00f3n artesanal de este panettone est\u00e1 garantizada por una levadura natural y una receta muy tradicional. Un producto especial, elaborado con masa madre, harinas finas, mantequilla de Breta\u00f1a y huevos de primera calidad cuyo sabor se enriquece con la presencia de <strong>vainilla Bourbon de Madagascar<\/strong> y, sobre todo, de <strong>albaricoques<\/strong> confitados Agrimontana<strong> Pellecchielle del Vesuvio<\/strong>.<\/p>\n<p><strong>Formato 3 kg<\/strong> &#8211; <strong>El panettone magnum se presenta en una elegante sombrerera<\/strong><\/p>\n<table border=\"0\">\n<tbody>\n<tr>\n<td><img loading=\"lazy\" decoding=\"async\" class=\"alignnone wp-image-685\" src=\"https:\/\/www.ammore.online\/wp-content\/uploads\/2022\/08\/Ingredienti_artigianale-es.png\" alt=\"\" width=\"197\" height=\"82\" \/><\/td>\n<td><img loading=\"lazy\" decoding=\"async\" class=\"alignnone size-medium wp-image-578\" src=\"https:\/\/www.ammore.online\/wp-content\/uploads\/2022\/08\/Ingredienti_lievito-es.png\" alt=\"\" width=\"197\" height=\"82\" \/><\/td>\n<td><img loading=\"lazy\" decoding=\"async\" class=\"alignnone size-medium wp-image-583\" src=\"https:\/\/www.ammore.online\/wp-content\/uploads\/2022\/08\/Ingredienti_naturale-es.png\" alt=\"\" width=\"197\" height=\"82\" \/><\/td>\n<\/tr>\n<tr>\n<td><img loading=\"lazy\" decoding=\"async\" class=\"alignnone size-medium wp-image-593\" src=\"https:\/\/www.ammore.online\/wp-content\/uploads\/2022\/08\/Ingredienti_no_palma-es.png\" alt=\"\" width=\"197\" height=\"82\" \/><\/td>\n<td><img loading=\"lazy\" decoding=\"async\" class=\"alignnone size-medium wp-image-588\" src=\"https:\/\/www.ammore.online\/wp-content\/uploads\/2022\/08\/Ingredienti_no_grassi-es.png\" alt=\"\" width=\"197\" height=\"82\" \/><\/td>\n<td><img loading=\"lazy\" decoding=\"async\" class=\"alignnone size-medium wp-image-573\" src=\"https:\/\/www.ammore.online\/wp-content\/uploads\/2022\/08\/Ingredienti_clip-es.png\" alt=\"\" width=\"197\" height=\"82\" \/><\/td>\n<\/tr>\n<\/tbody>\n<\/table>\n","protected":false},"featured_media":4943,"template":"","meta":{"_genesis_hide_title":false,"_genesis_hide_breadcrumbs":false,"_genesis_hide_singular_image":false,"_genesis_hide_footer_widgets":false,"_genesis_custom_body_class":"","_genesis_custom_post_class":"","_genesis_layout":""},"product_cat":[161,184],"product_tag":[],"class_list":{"0":"post-3658","1":"product","2":"type-product","3":"status-publish","4":"has-post-thumbnail","6":"product_cat-cappelliera-es","7":"product_cat-magnum-2-es","8":"product_shipping_class-free-es","9":"entry","11":"first","12":"outofstock","13":"shipping-taxable","14":"purchasable","15":"product-type-simple"},"yoast_head":"<!-- This site is optimized with the Yoast SEO plugin v23.7 - https:\/\/yoast.com\/wordpress\/plugins\/seo\/ -->\n<title>Panettone Magnum  Albaricoques del Vesubio - Ammore<\/title>\n<meta name=\"robots\" content=\"index, follow, max-snippet:-1, max-image-preview:large, max-video-preview:-1\" \/>\n<link rel=\"canonical\" href=\"https:\/\/www.ammore.online\/es\/prodotto\/cappelliera-panettone-magnum-albaricoques-del-vesubio\/\" \/>\n<meta property=\"og:locale\" content=\"es_ES\" \/>\n<meta property=\"og:type\" content=\"article\" \/>\n<meta property=\"og:title\" content=\"Panettone Magnum  Albaricoques del Vesubio - Ammore\" \/>\n<meta property=\"og:description\" content=\"La producci\u00f3n de productos fermentados Magnum se realiza bajo pedido. Por lo tanto, a los tiempos habituales de env\u00edo para la preparaci\u00f3n del producto hay que a\u00f1adir 10 d\u00edas.  La elaboraci\u00f3n artesanal de este panettone est\u00e1 garantizada por una levadura natural y una receta muy tradicional. Un producto especial, elaborado con masa madre, harinas finas, mantequilla de Breta\u00f1a y huevos de primera calidad cuyo sabor se enriquece con la presencia de vainilla Bourbon de Madagascar y, sobre todo, de albaricoques confitados Agrimontana Pellecchielle del Vesuvio.  Formato 3 kg - El panettone magnum se presenta en una elegante sombrerera\" \/>\n<meta property=\"og:url\" content=\"https:\/\/www.ammore.online\/es\/prodotto\/cappelliera-panettone-magnum-albaricoques-del-vesubio\/\" \/>\n<meta property=\"og:site_name\" content=\"Ammore\" \/>\n<meta property=\"article:publisher\" content=\"https:\/\/www.facebook.com\/ammore.official\" \/>\n<meta property=\"article:modified_time\" content=\"2023-11-05T15:02:33+00:00\" \/>\n<meta name=\"twitter:card\" content=\"summary_large_image\" \/>\n<meta name=\"twitter:label1\" content=\"Tiempo de lectura\" \/>\n\t<meta name=\"twitter:data1\" content=\"1 minuto\" \/>\n<script type=\"application\/ld+json\" class=\"yoast-schema-graph\">{\"@context\":\"https:\/\/schema.org\",\"@graph\":[{\"@type\":\"WebPage\",\"@id\":\"https:\/\/www.ammore.online\/es\/prodotto\/cappelliera-panettone-magnum-albaricoques-del-vesubio\/\",\"url\":\"https:\/\/www.ammore.online\/es\/prodotto\/cappelliera-panettone-magnum-albaricoques-del-vesubio\/\",\"name\":\"Panettone Magnum Albaricoques del Vesubio - Ammore\",\"isPartOf\":{\"@id\":\"https:\/\/www.ammore.online\/es\/#website\"},\"primaryImageOfPage\":{\"@id\":\"https:\/\/www.ammore.online\/es\/prodotto\/cappelliera-panettone-magnum-albaricoques-del-vesubio\/#primaryimage\"},\"image\":{\"@id\":\"https:\/\/www.ammore.online\/es\/prodotto\/cappelliera-panettone-magnum-albaricoques-del-vesubio\/#primaryimage\"},\"thumbnailUrl\":\"https:\/\/www.ammore.online\/wp-content\/uploads\/2024\/10\/Panettone-cappelliera-3Kg.jpg\",\"datePublished\":\"2023-10-11T17:09:26+00:00\",\"dateModified\":\"2023-11-05T15:02:33+00:00\",\"breadcrumb\":{\"@id\":\"https:\/\/www.ammore.online\/es\/prodotto\/cappelliera-panettone-magnum-albaricoques-del-vesubio\/#breadcrumb\"},\"inLanguage\":\"es\",\"potentialAction\":[{\"@type\":\"ReadAction\",\"target\":[\"https:\/\/www.ammore.online\/es\/prodotto\/cappelliera-panettone-magnum-albaricoques-del-vesubio\/\"]}]},{\"@type\":\"ImageObject\",\"inLanguage\":\"es\",\"@id\":\"https:\/\/www.ammore.online\/es\/prodotto\/cappelliera-panettone-magnum-albaricoques-del-vesubio\/#primaryimage\",\"url\":\"https:\/\/www.ammore.online\/wp-content\/uploads\/2024\/10\/Panettone-cappelliera-3Kg.jpg\",\"contentUrl\":\"https:\/\/www.ammore.online\/wp-content\/uploads\/2024\/10\/Panettone-cappelliera-3Kg.jpg\",\"width\":1920,\"height\":1920,\"caption\":\"Foto \u00a9 Alessandra Farinelli\"},{\"@type\":\"BreadcrumbList\",\"@id\":\"https:\/\/www.ammore.online\/es\/prodotto\/cappelliera-panettone-magnum-albaricoques-del-vesubio\/#breadcrumb\",\"itemListElement\":[{\"@type\":\"ListItem\",\"position\":1,\"name\":\"Home\",\"item\":\"https:\/\/www.ammore.online\/es\/\"},{\"@type\":\"ListItem\",\"position\":2,\"name\":\"Tienda\",\"item\":\"https:\/\/www.ammore.online\/es\/tienda\/\"},{\"@type\":\"ListItem\",\"position\":3,\"name\":\"Panettone Magnum Albaricoques del Vesubio\"}]},{\"@type\":\"WebSite\",\"@id\":\"https:\/\/www.ammore.online\/es\/#website\",\"url\":\"https:\/\/www.ammore.online\/es\/\",\"name\":\"Ammore\",\"description\":\"Il gusto della tradizione\",\"publisher\":{\"@id\":\"https:\/\/www.ammore.online\/es\/#organization\"},\"potentialAction\":[{\"@type\":\"SearchAction\",\"target\":{\"@type\":\"EntryPoint\",\"urlTemplate\":\"https:\/\/www.ammore.online\/es\/?s={search_term_string}\"},\"query-input\":{\"@type\":\"PropertyValueSpecification\",\"valueRequired\":true,\"valueName\":\"search_term_string\"}}],\"inLanguage\":\"es\"},{\"@type\":\"Organization\",\"@id\":\"https:\/\/www.ammore.online\/es\/#organization\",\"name\":\"Ammore\",\"url\":\"https:\/\/www.ammore.online\/es\/\",\"logo\":{\"@type\":\"ImageObject\",\"inLanguage\":\"es\",\"@id\":\"https:\/\/www.ammore.online\/es\/#\/schema\/logo\/image\/\",\"url\":\"https:\/\/www.ammore.online\/wp-content\/uploads\/2023\/10\/cropped-cropped-Ammore_logo.png\",\"contentUrl\":\"https:\/\/www.ammore.online\/wp-content\/uploads\/2023\/10\/cropped-cropped-Ammore_logo.png\",\"width\":1411,\"height\":393,\"caption\":\"Ammore\"},\"image\":{\"@id\":\"https:\/\/www.ammore.online\/es\/#\/schema\/logo\/image\/\"},\"sameAs\":[\"https:\/\/www.facebook.com\/ammore.official\",\"https:\/\/www.instagram.com\/ammore_official\"]}]}<\/script>\n<!-- \/ Yoast SEO plugin. -->","yoast_head_json":{"title":"Panettone Magnum  Albaricoques del Vesubio - Ammore","robots":{"index":"index","follow":"follow","max-snippet":"max-snippet:-1","max-image-preview":"max-image-preview:large","max-video-preview":"max-video-preview:-1"},"canonical":"https:\/\/www.ammore.online\/es\/prodotto\/cappelliera-panettone-magnum-albaricoques-del-vesubio\/","og_locale":"es_ES","og_type":"article","og_title":"Panettone Magnum  Albaricoques del Vesubio - Ammore","og_description":"La producci\u00f3n de productos fermentados Magnum se realiza bajo pedido. Por lo tanto, a los tiempos habituales de env\u00edo para la preparaci\u00f3n del producto hay que a\u00f1adir 10 d\u00edas.  La elaboraci\u00f3n artesanal de este panettone est\u00e1 garantizada por una levadura natural y una receta muy tradicional. Un producto especial, elaborado con masa madre, harinas finas, mantequilla de Breta\u00f1a y huevos de primera calidad cuyo sabor se enriquece con la presencia de vainilla Bourbon de Madagascar y, sobre todo, de albaricoques confitados Agrimontana Pellecchielle del Vesuvio.  Formato 3 kg - El panettone magnum se presenta en una elegante sombrerera","og_url":"https:\/\/www.ammore.online\/es\/prodotto\/cappelliera-panettone-magnum-albaricoques-del-vesubio\/","og_site_name":"Ammore","article_publisher":"https:\/\/www.facebook.com\/ammore.official","article_modified_time":"2023-11-05T15:02:33+00:00","twitter_card":"summary_large_image","twitter_misc":{"Tiempo de lectura":"1 minuto"},"schema":{"@context":"https:\/\/schema.org","@graph":[{"@type":"WebPage","@id":"https:\/\/www.ammore.online\/es\/prodotto\/cappelliera-panettone-magnum-albaricoques-del-vesubio\/","url":"https:\/\/www.ammore.online\/es\/prodotto\/cappelliera-panettone-magnum-albaricoques-del-vesubio\/","name":"Panettone Magnum Albaricoques del Vesubio - Ammore","isPartOf":{"@id":"https:\/\/www.ammore.online\/es\/#website"},"primaryImageOfPage":{"@id":"https:\/\/www.ammore.online\/es\/prodotto\/cappelliera-panettone-magnum-albaricoques-del-vesubio\/#primaryimage"},"image":{"@id":"https:\/\/www.ammore.online\/es\/prodotto\/cappelliera-panettone-magnum-albaricoques-del-vesubio\/#primaryimage"},"thumbnailUrl":"https:\/\/www.ammore.online\/wp-content\/uploads\/2024\/10\/Panettone-cappelliera-3Kg.jpg","datePublished":"2023-10-11T17:09:26+00:00","dateModified":"2023-11-05T15:02:33+00:00","breadcrumb":{"@id":"https:\/\/www.ammore.online\/es\/prodotto\/cappelliera-panettone-magnum-albaricoques-del-vesubio\/#breadcrumb"},"inLanguage":"es","potentialAction":[{"@type":"ReadAction","target":["https:\/\/www.ammore.online\/es\/prodotto\/cappelliera-panettone-magnum-albaricoques-del-vesubio\/"]}]},{"@type":"ImageObject","inLanguage":"es","@id":"https:\/\/www.ammore.online\/es\/prodotto\/cappelliera-panettone-magnum-albaricoques-del-vesubio\/#primaryimage","url":"https:\/\/www.ammore.online\/wp-content\/uploads\/2024\/10\/Panettone-cappelliera-3Kg.jpg","contentUrl":"https:\/\/www.ammore.online\/wp-content\/uploads\/2024\/10\/Panettone-cappelliera-3Kg.jpg","width":1920,"height":1920,"caption":"Foto \u00a9 Alessandra Farinelli"},{"@type":"BreadcrumbList","@id":"https:\/\/www.ammore.online\/es\/prodotto\/cappelliera-panettone-magnum-albaricoques-del-vesubio\/#breadcrumb","itemListElement":[{"@type":"ListItem","position":1,"name":"Home","item":"https:\/\/www.ammore.online\/es\/"},{"@type":"ListItem","position":2,"name":"Tienda","item":"https:\/\/www.ammore.online\/es\/tienda\/"},{"@type":"ListItem","position":3,"name":"Panettone Magnum Albaricoques del Vesubio"}]},{"@type":"WebSite","@id":"https:\/\/www.ammore.online\/es\/#website","url":"https:\/\/www.ammore.online\/es\/","name":"Ammore","description":"Il gusto della tradizione","publisher":{"@id":"https:\/\/www.ammore.online\/es\/#organization"},"potentialAction":[{"@type":"SearchAction","target":{"@type":"EntryPoint","urlTemplate":"https:\/\/www.ammore.online\/es\/?s={search_term_string}"},"query-input":{"@type":"PropertyValueSpecification","valueRequired":true,"valueName":"search_term_string"}}],"inLanguage":"es"},{"@type":"Organization","@id":"https:\/\/www.ammore.online\/es\/#organization","name":"Ammore","url":"https:\/\/www.ammore.online\/es\/","logo":{"@type":"ImageObject","inLanguage":"es","@id":"https:\/\/www.ammore.online\/es\/#\/schema\/logo\/image\/","url":"https:\/\/www.ammore.online\/wp-content\/uploads\/2023\/10\/cropped-cropped-Ammore_logo.png","contentUrl":"https:\/\/www.ammore.online\/wp-content\/uploads\/2023\/10\/cropped-cropped-Ammore_logo.png","width":1411,"height":393,"caption":"Ammore"},"image":{"@id":"https:\/\/www.ammore.online\/es\/#\/schema\/logo\/image\/"},"sameAs":["https:\/\/www.facebook.com\/ammore.official","https:\/\/www.instagram.com\/ammore_official"]}]}},"_links":{"self":[{"href":"https:\/\/www.ammore.online\/es\/wp-json\/wp\/v2\/product\/3658","targetHints":{"allow":["GET"]}}],"collection":[{"href":"https:\/\/www.ammore.online\/es\/wp-json\/wp\/v2\/product"}],"about":[{"href":"https:\/\/www.ammore.online\/es\/wp-json\/wp\/v2\/types\/product"}],"wp:featuredmedia":[{"embeddable":true,"href":"https:\/\/www.ammore.online\/es\/wp-json\/wp\/v2\/media\/4943"}],"wp:attachment":[{"href":"https:\/\/www.ammore.online\/es\/wp-json\/wp\/v2\/media?parent=3658"}],"wp:term":[{"taxonomy":"product_cat","embeddable":true,"href":"https:\/\/www.ammore.online\/es\/wp-json\/wp\/v2\/product_cat?post=3658"},{"taxonomy":"product_tag","embeddable":true,"href":"https:\/\/www.ammore.online\/es\/wp-json\/wp\/v2\/product_tag?post=3658"}],"curies":[{"name":"wp","href":"https:\/\/api.w.org\/{rel}","templated":true}]}}