{"id":2393,"date":"2023-01-31T16:40:17","date_gmt":"2023-01-31T16:40:17","guid":{"rendered":"https:\/\/www.ammore.online\/prodotto\/colomba-hecha-a-mano-con-tres-chocolates-cubierta-con-glaseado-de-chocolate-con-leche\/"},"modified":"2024-01-16T18:52:04","modified_gmt":"2024-01-16T18:52:04","slug":"colomba-artigianale-ai-tre-cioccolati-ricoperta-con-glassa-al-cioccolato-al-latte","status":"publish","type":"product","link":"https:\/\/www.ammore.online\/es\/prodotto\/colomba-artigianale-ai-tre-cioccolati-ricoperta-con-glassa-al-cioccolato-al-latte\/","title":{"rendered":"Palomita artesana <br> Tres chocolates"},"content":{"rendered":"<p><strong>Ingredientes<\/strong>: harina de<strong> trigo<\/strong>, <strong>manteca<\/strong>, manteca de cacao, yema de<strong> huevo<\/strong> fresco, az\u00facar, fructosa, levadura madre (<strong>trigo<\/strong>), vainilla bourbon, Chocolate con leche Morogoro 38% (pasta de cacao, az\u00facar de ca\u00f1a, manteca de cacao, <strong>leche<\/strong> en polvo, lecitina de<strong> soja<\/strong>. Posible presencia de<strong> frutos secos<\/strong> y<strong> soja<\/strong>), Chocolate Blanco Morogoro 35% (az\u00facar de ca\u00f1a, manteca de cacao, <strong>leche<\/strong> en polvo, extracto de vainilla, lecitina de <strong>soja<\/strong>. Posible presencia de <strong>frutos secos<\/strong> y <strong>soja<\/strong>), Morogoro 68% chocolate negro (pasta de cacao, az\u00facar de ca\u00f1a, manteca de cacao, lecitina de <strong>soja<\/strong>. Posible presencia de<strong> frutos secos<\/strong> y <strong>soja<\/strong>), dextrosa, aromas y sal, miel, regulador de acidez, \u00e1cido c\u00edtrico. <strong>Ingredientes del glaseado<\/strong>: chocolate con leche (cacao m\u00ednimo 40%, manteca de cacao pura) manteca de cacao, <strong>leche<\/strong> entera en polvo, az\u00facar, granos de cacao, az\u00facar de ca\u00f1a, extracto natural de vainilla, emulgente (lecitina de <strong>soja<\/strong>), extracto de malta de cebada. Puede contener rastros de <strong>frutos secos<\/strong>, <strong>soja<\/strong> y <strong>mostaza<\/strong>. Conservar en lugar fresco y seco. Producto sujeto a la p\u00e9rdida de peso. Producido en Italia.<\/p>\n","protected":false},"excerpt":{"rendered":"<p>La elaboraci\u00f3n artesanal de esta paloma est\u00e1 asegurada por una levadura natural y una receta muy tradicional. Un producto especial, elaborado con masa madre y harinas finas, mantequilla de Breta\u00f1a y huevos de primera calidad cuyo sabor se enriquece con<strong> gotas de chocolate negro<\/strong>, con <strong>leche<\/strong> y <strong>blanco<\/strong> Domori y <strong>vainilla Bourbon de Madagascar<\/strong>. La cobertura crujiente con cobertura de chocolate con leche es exquisita.<\/p>\n<p><strong>Formato 1 kg &#8211;<\/strong> <strong>Envasado a mano<\/strong><\/p>\n<table border=\"0\">\n<tbody>\n<tr>\n<td><img loading=\"lazy\" decoding=\"async\" class=\"alignnone wp-image-573\" src=\"https:\/\/www.ammore.online\/wp-content\/uploads\/2022\/08\/Ingredienti_artigianale.png\" alt=\"\" width=\"197\" height=\"82\" \/><\/td>\n<td><img loading=\"lazy\" decoding=\"async\" class=\"alignnone size-medium wp-image-578\" src=\"https:\/\/www.ammore.online\/wp-content\/uploads\/2022\/08\/Ingredienti_lievito-300x125.png\" alt=\"\" width=\"197\" height=\"82\" srcset=\"https:\/\/www.ammore.online\/wp-content\/uploads\/2022\/08\/Ingredienti_lievito-300x125.png 300w, https:\/\/www.ammore.online\/wp-content\/uploads\/2022\/08\/Ingredienti_lievito-768x320.png 768w, https:\/\/www.ammore.online\/wp-content\/uploads\/2022\/08\/Ingredienti_lievito-720x300.png 720w, https:\/\/www.ammore.online\/wp-content\/uploads\/2022\/08\/Ingredienti_lievito.png 933w\" sizes=\"auto, (max-width: 197px) 100vw, 197px\" \/><\/td>\n<td><img loading=\"lazy\" decoding=\"async\" class=\"alignnone size-medium wp-image-583\" src=\"https:\/\/www.ammore.online\/wp-content\/uploads\/2022\/08\/Ingredienti_naturale-300x125.png\" alt=\"\" width=\"197\" height=\"82\" srcset=\"https:\/\/www.ammore.online\/wp-content\/uploads\/2022\/08\/Ingredienti_naturale-300x125.png 300w, https:\/\/www.ammore.online\/wp-content\/uploads\/2022\/08\/Ingredienti_naturale-768x320.png 768w, https:\/\/www.ammore.online\/wp-content\/uploads\/2022\/08\/Ingredienti_naturale-720x300.png 720w, https:\/\/www.ammore.online\/wp-content\/uploads\/2022\/08\/Ingredienti_naturale.png 933w\" sizes=\"auto, (max-width: 197px) 100vw, 197px\" \/><\/td>\n<\/tr>\n<tr>\n<td><img loading=\"lazy\" decoding=\"async\" class=\"alignnone size-medium wp-image-593\" src=\"https:\/\/www.ammore.online\/wp-content\/uploads\/2022\/08\/Ingredienti_no_palma-300x125.png\" alt=\"\" width=\"197\" height=\"82\" srcset=\"https:\/\/www.ammore.online\/wp-content\/uploads\/2022\/08\/Ingredienti_no_palma-300x125.png 300w, https:\/\/www.ammore.online\/wp-content\/uploads\/2022\/08\/Ingredienti_no_palma-768x320.png 768w, https:\/\/www.ammore.online\/wp-content\/uploads\/2022\/08\/Ingredienti_no_palma-720x300.png 720w, https:\/\/www.ammore.online\/wp-content\/uploads\/2022\/08\/Ingredienti_no_palma.png 933w\" sizes=\"auto, (max-width: 197px) 100vw, 197px\" \/><\/td>\n<td><img loading=\"lazy\" decoding=\"async\" class=\"alignnone size-medium wp-image-588\" src=\"https:\/\/www.ammore.online\/wp-content\/uploads\/2022\/08\/Ingredienti_no_grassi-300x125.png\" alt=\"\" width=\"197\" height=\"82\" srcset=\"https:\/\/www.ammore.online\/wp-content\/uploads\/2022\/08\/Ingredienti_no_grassi-300x125.png 300w, https:\/\/www.ammore.online\/wp-content\/uploads\/2022\/08\/Ingredienti_no_grassi-768x320.png 768w, https:\/\/www.ammore.online\/wp-content\/uploads\/2022\/08\/Ingredienti_no_grassi-720x300.png 720w, https:\/\/www.ammore.online\/wp-content\/uploads\/2022\/08\/Ingredienti_no_grassi.png 933w\" sizes=\"auto, (max-width: 197px) 100vw, 197px\" \/><\/td>\n<td><img loading=\"lazy\" decoding=\"async\" class=\"alignnone wp-image-573\" src=\"https:\/\/www.ammore.online\/wp-content\/uploads\/2022\/08\/Ingredienti_clip-300x125.png\" alt=\"\" width=\"197\" height=\"82\" srcset=\"https:\/\/www.ammore.online\/wp-content\/uploads\/2022\/08\/Ingredienti_clip-300x125.png 300w, https:\/\/www.ammore.online\/wp-content\/uploads\/2022\/08\/Ingredienti_clip-768x320.png 768w, https:\/\/www.ammore.online\/wp-content\/uploads\/2022\/08\/Ingredienti_clip-720x300.png 720w, https:\/\/www.ammore.online\/wp-content\/uploads\/2022\/08\/Ingredienti_clip.png 933w\" sizes=\"auto, (max-width: 197px) 100vw, 197px\" \/><\/td>\n<\/tr>\n<\/tbody>\n<\/table>\n","protected":false},"featured_media":2269,"template":"","meta":{"_genesis_hide_title":false,"_genesis_hide_breadcrumbs":false,"_genesis_hide_singular_image":false,"_genesis_hide_footer_widgets":false,"_genesis_custom_body_class":"","_genesis_custom_post_class":"","_genesis_layout":""},"product_cat":[108,112],"product_tag":[],"class_list":{"0":"post-2393","1":"product","2":"type-product","3":"status-publish","4":"has-post-thumbnail","6":"product_cat-pascua","7":"product_cat-tradicional-es","8":"entry","10":"first","11":"outofstock","12":"shipping-taxable","13":"purchasable","14":"product-type-simple"},"yoast_head":"<!-- This site is optimized with the Yoast SEO plugin v23.7 - https:\/\/yoast.com\/wordpress\/plugins\/seo\/ -->\n<title>Palomita artesana  Tres chocolates - Ammore<\/title>\n<meta name=\"robots\" content=\"index, follow, max-snippet:-1, max-image-preview:large, max-video-preview:-1\" \/>\n<link rel=\"canonical\" href=\"https:\/\/www.ammore.online\/es\/prodotto\/colomba-artigianale-ai-tre-cioccolati-ricoperta-con-glassa-al-cioccolato-al-latte\/\" \/>\n<meta property=\"og:locale\" content=\"es_ES\" \/>\n<meta property=\"og:type\" content=\"article\" \/>\n<meta property=\"og:title\" content=\"Palomita artesana  Tres chocolates - Ammore\" \/>\n<meta property=\"og:description\" content=\"La elaboraci\u00f3n artesanal de esta paloma est\u00e1 asegurada por una levadura natural y una receta muy tradicional. Un producto especial, elaborado con masa madre y harinas finas, mantequilla de Breta\u00f1a y huevos de primera calidad cuyo sabor se enriquece con gotas de chocolate negro, con leche y blanco Domori y vainilla Bourbon de Madagascar. La cobertura crujiente con cobertura de chocolate con leche es exquisita.  Formato 1 kg - Envasado a mano\" \/>\n<meta property=\"og:url\" content=\"https:\/\/www.ammore.online\/es\/prodotto\/colomba-artigianale-ai-tre-cioccolati-ricoperta-con-glassa-al-cioccolato-al-latte\/\" \/>\n<meta property=\"og:site_name\" content=\"Ammore\" \/>\n<meta property=\"article:publisher\" content=\"https:\/\/www.facebook.com\/ammore.official\" \/>\n<meta property=\"article:modified_time\" content=\"2024-01-16T18:52:04+00:00\" \/>\n<meta name=\"twitter:card\" content=\"summary_large_image\" \/>\n<meta name=\"twitter:label1\" content=\"Tiempo de lectura\" \/>\n\t<meta name=\"twitter:data1\" content=\"1 minuto\" \/>\n<script type=\"application\/ld+json\" class=\"yoast-schema-graph\">{\"@context\":\"https:\/\/schema.org\",\"@graph\":[{\"@type\":\"WebPage\",\"@id\":\"https:\/\/www.ammore.online\/es\/prodotto\/colomba-artigianale-ai-tre-cioccolati-ricoperta-con-glassa-al-cioccolato-al-latte\/\",\"url\":\"https:\/\/www.ammore.online\/es\/prodotto\/colomba-artigianale-ai-tre-cioccolati-ricoperta-con-glassa-al-cioccolato-al-latte\/\",\"name\":\"Palomita artesana Tres chocolates - Ammore\",\"isPartOf\":{\"@id\":\"https:\/\/www.ammore.online\/es\/#website\"},\"primaryImageOfPage\":{\"@id\":\"https:\/\/www.ammore.online\/es\/prodotto\/colomba-artigianale-ai-tre-cioccolati-ricoperta-con-glassa-al-cioccolato-al-latte\/#primaryimage\"},\"image\":{\"@id\":\"https:\/\/www.ammore.online\/es\/prodotto\/colomba-artigianale-ai-tre-cioccolati-ricoperta-con-glassa-al-cioccolato-al-latte\/#primaryimage\"},\"thumbnailUrl\":\"https:\/\/www.ammore.online\/wp-content\/uploads\/2023\/01\/tre-cioccolati.png\",\"datePublished\":\"2023-01-31T16:40:17+00:00\",\"dateModified\":\"2024-01-16T18:52:04+00:00\",\"breadcrumb\":{\"@id\":\"https:\/\/www.ammore.online\/es\/prodotto\/colomba-artigianale-ai-tre-cioccolati-ricoperta-con-glassa-al-cioccolato-al-latte\/#breadcrumb\"},\"inLanguage\":\"es\",\"potentialAction\":[{\"@type\":\"ReadAction\",\"target\":[\"https:\/\/www.ammore.online\/es\/prodotto\/colomba-artigianale-ai-tre-cioccolati-ricoperta-con-glassa-al-cioccolato-al-latte\/\"]}]},{\"@type\":\"ImageObject\",\"inLanguage\":\"es\",\"@id\":\"https:\/\/www.ammore.online\/es\/prodotto\/colomba-artigianale-ai-tre-cioccolati-ricoperta-con-glassa-al-cioccolato-al-latte\/#primaryimage\",\"url\":\"https:\/\/www.ammore.online\/wp-content\/uploads\/2023\/01\/tre-cioccolati.png\",\"contentUrl\":\"https:\/\/www.ammore.online\/wp-content\/uploads\/2023\/01\/tre-cioccolati.png\",\"width\":1024,\"height\":1024},{\"@type\":\"BreadcrumbList\",\"@id\":\"https:\/\/www.ammore.online\/es\/prodotto\/colomba-artigianale-ai-tre-cioccolati-ricoperta-con-glassa-al-cioccolato-al-latte\/#breadcrumb\",\"itemListElement\":[{\"@type\":\"ListItem\",\"position\":1,\"name\":\"Home\",\"item\":\"https:\/\/www.ammore.online\/es\/\"},{\"@type\":\"ListItem\",\"position\":2,\"name\":\"Tienda\",\"item\":\"https:\/\/www.ammore.online\/es\/tienda\/\"},{\"@type\":\"ListItem\",\"position\":3,\"name\":\"Palomita artesana Tres chocolates\"}]},{\"@type\":\"WebSite\",\"@id\":\"https:\/\/www.ammore.online\/es\/#website\",\"url\":\"https:\/\/www.ammore.online\/es\/\",\"name\":\"Ammore\",\"description\":\"Il gusto della tradizione\",\"publisher\":{\"@id\":\"https:\/\/www.ammore.online\/es\/#organization\"},\"potentialAction\":[{\"@type\":\"SearchAction\",\"target\":{\"@type\":\"EntryPoint\",\"urlTemplate\":\"https:\/\/www.ammore.online\/es\/?s={search_term_string}\"},\"query-input\":{\"@type\":\"PropertyValueSpecification\",\"valueRequired\":true,\"valueName\":\"search_term_string\"}}],\"inLanguage\":\"es\"},{\"@type\":\"Organization\",\"@id\":\"https:\/\/www.ammore.online\/es\/#organization\",\"name\":\"Ammore\",\"url\":\"https:\/\/www.ammore.online\/es\/\",\"logo\":{\"@type\":\"ImageObject\",\"inLanguage\":\"es\",\"@id\":\"https:\/\/www.ammore.online\/es\/#\/schema\/logo\/image\/\",\"url\":\"https:\/\/www.ammore.online\/wp-content\/uploads\/2023\/10\/cropped-cropped-Ammore_logo.png\",\"contentUrl\":\"https:\/\/www.ammore.online\/wp-content\/uploads\/2023\/10\/cropped-cropped-Ammore_logo.png\",\"width\":1411,\"height\":393,\"caption\":\"Ammore\"},\"image\":{\"@id\":\"https:\/\/www.ammore.online\/es\/#\/schema\/logo\/image\/\"},\"sameAs\":[\"https:\/\/www.facebook.com\/ammore.official\",\"https:\/\/www.instagram.com\/ammore_official\"]}]}<\/script>\n<!-- \/ Yoast SEO plugin. -->","yoast_head_json":{"title":"Palomita artesana  Tres chocolates - Ammore","robots":{"index":"index","follow":"follow","max-snippet":"max-snippet:-1","max-image-preview":"max-image-preview:large","max-video-preview":"max-video-preview:-1"},"canonical":"https:\/\/www.ammore.online\/es\/prodotto\/colomba-artigianale-ai-tre-cioccolati-ricoperta-con-glassa-al-cioccolato-al-latte\/","og_locale":"es_ES","og_type":"article","og_title":"Palomita artesana  Tres chocolates - Ammore","og_description":"La elaboraci\u00f3n artesanal de esta paloma est\u00e1 asegurada por una levadura natural y una receta muy tradicional. Un producto especial, elaborado con masa madre y harinas finas, mantequilla de Breta\u00f1a y huevos de primera calidad cuyo sabor se enriquece con gotas de chocolate negro, con leche y blanco Domori y vainilla Bourbon de Madagascar. La cobertura crujiente con cobertura de chocolate con leche es exquisita.  Formato 1 kg - Envasado a mano","og_url":"https:\/\/www.ammore.online\/es\/prodotto\/colomba-artigianale-ai-tre-cioccolati-ricoperta-con-glassa-al-cioccolato-al-latte\/","og_site_name":"Ammore","article_publisher":"https:\/\/www.facebook.com\/ammore.official","article_modified_time":"2024-01-16T18:52:04+00:00","twitter_card":"summary_large_image","twitter_misc":{"Tiempo de lectura":"1 minuto"},"schema":{"@context":"https:\/\/schema.org","@graph":[{"@type":"WebPage","@id":"https:\/\/www.ammore.online\/es\/prodotto\/colomba-artigianale-ai-tre-cioccolati-ricoperta-con-glassa-al-cioccolato-al-latte\/","url":"https:\/\/www.ammore.online\/es\/prodotto\/colomba-artigianale-ai-tre-cioccolati-ricoperta-con-glassa-al-cioccolato-al-latte\/","name":"Palomita artesana Tres chocolates - Ammore","isPartOf":{"@id":"https:\/\/www.ammore.online\/es\/#website"},"primaryImageOfPage":{"@id":"https:\/\/www.ammore.online\/es\/prodotto\/colomba-artigianale-ai-tre-cioccolati-ricoperta-con-glassa-al-cioccolato-al-latte\/#primaryimage"},"image":{"@id":"https:\/\/www.ammore.online\/es\/prodotto\/colomba-artigianale-ai-tre-cioccolati-ricoperta-con-glassa-al-cioccolato-al-latte\/#primaryimage"},"thumbnailUrl":"https:\/\/www.ammore.online\/wp-content\/uploads\/2023\/01\/tre-cioccolati.png","datePublished":"2023-01-31T16:40:17+00:00","dateModified":"2024-01-16T18:52:04+00:00","breadcrumb":{"@id":"https:\/\/www.ammore.online\/es\/prodotto\/colomba-artigianale-ai-tre-cioccolati-ricoperta-con-glassa-al-cioccolato-al-latte\/#breadcrumb"},"inLanguage":"es","potentialAction":[{"@type":"ReadAction","target":["https:\/\/www.ammore.online\/es\/prodotto\/colomba-artigianale-ai-tre-cioccolati-ricoperta-con-glassa-al-cioccolato-al-latte\/"]}]},{"@type":"ImageObject","inLanguage":"es","@id":"https:\/\/www.ammore.online\/es\/prodotto\/colomba-artigianale-ai-tre-cioccolati-ricoperta-con-glassa-al-cioccolato-al-latte\/#primaryimage","url":"https:\/\/www.ammore.online\/wp-content\/uploads\/2023\/01\/tre-cioccolati.png","contentUrl":"https:\/\/www.ammore.online\/wp-content\/uploads\/2023\/01\/tre-cioccolati.png","width":1024,"height":1024},{"@type":"BreadcrumbList","@id":"https:\/\/www.ammore.online\/es\/prodotto\/colomba-artigianale-ai-tre-cioccolati-ricoperta-con-glassa-al-cioccolato-al-latte\/#breadcrumb","itemListElement":[{"@type":"ListItem","position":1,"name":"Home","item":"https:\/\/www.ammore.online\/es\/"},{"@type":"ListItem","position":2,"name":"Tienda","item":"https:\/\/www.ammore.online\/es\/tienda\/"},{"@type":"ListItem","position":3,"name":"Palomita artesana Tres chocolates"}]},{"@type":"WebSite","@id":"https:\/\/www.ammore.online\/es\/#website","url":"https:\/\/www.ammore.online\/es\/","name":"Ammore","description":"Il gusto della tradizione","publisher":{"@id":"https:\/\/www.ammore.online\/es\/#organization"},"potentialAction":[{"@type":"SearchAction","target":{"@type":"EntryPoint","urlTemplate":"https:\/\/www.ammore.online\/es\/?s={search_term_string}"},"query-input":{"@type":"PropertyValueSpecification","valueRequired":true,"valueName":"search_term_string"}}],"inLanguage":"es"},{"@type":"Organization","@id":"https:\/\/www.ammore.online\/es\/#organization","name":"Ammore","url":"https:\/\/www.ammore.online\/es\/","logo":{"@type":"ImageObject","inLanguage":"es","@id":"https:\/\/www.ammore.online\/es\/#\/schema\/logo\/image\/","url":"https:\/\/www.ammore.online\/wp-content\/uploads\/2023\/10\/cropped-cropped-Ammore_logo.png","contentUrl":"https:\/\/www.ammore.online\/wp-content\/uploads\/2023\/10\/cropped-cropped-Ammore_logo.png","width":1411,"height":393,"caption":"Ammore"},"image":{"@id":"https:\/\/www.ammore.online\/es\/#\/schema\/logo\/image\/"},"sameAs":["https:\/\/www.facebook.com\/ammore.official","https:\/\/www.instagram.com\/ammore_official"]}]}},"_links":{"self":[{"href":"https:\/\/www.ammore.online\/es\/wp-json\/wp\/v2\/product\/2393","targetHints":{"allow":["GET"]}}],"collection":[{"href":"https:\/\/www.ammore.online\/es\/wp-json\/wp\/v2\/product"}],"about":[{"href":"https:\/\/www.ammore.online\/es\/wp-json\/wp\/v2\/types\/product"}],"wp:featuredmedia":[{"embeddable":true,"href":"https:\/\/www.ammore.online\/es\/wp-json\/wp\/v2\/media\/2269"}],"wp:attachment":[{"href":"https:\/\/www.ammore.online\/es\/wp-json\/wp\/v2\/media?parent=2393"}],"wp:term":[{"taxonomy":"product_cat","embeddable":true,"href":"https:\/\/www.ammore.online\/es\/wp-json\/wp\/v2\/product_cat?post=2393"},{"taxonomy":"product_tag","embeddable":true,"href":"https:\/\/www.ammore.online\/es\/wp-json\/wp\/v2\/product_tag?post=2393"}],"curies":[{"name":"wp","href":"https:\/\/api.w.org\/{rel}","templated":true}]}}