{"id":2389,"date":"2023-01-31T16:53:32","date_gmt":"2023-01-31T16:53:32","guid":{"rendered":"https:\/\/www.ammore.online\/prodotto\/colomba-hecha-a-mano-con-albaricoques-cubierta-con-glaseado-de-almendras\/"},"modified":"2024-01-16T17:49:38","modified_gmt":"2024-01-16T17:49:38","slug":"colomba-artigianale-con-albicocche-ricoperta-con-glassa-alle-mandorle","status":"publish","type":"product","link":"https:\/\/www.ammore.online\/es\/prodotto\/colomba-artigianale-con-albicocche-ricoperta-con-glassa-alle-mandorle\/","title":{"rendered":"Colomba Artesanal <br> Albaricoques del Vesubio"},"content":{"rendered":"<p><strong>Ingredientes<\/strong>: harina de<strong> trigo<\/strong>, yema de <strong>huevo<\/strong> fresca, <strong>manteca<\/strong>, manteca de cacao, az\u00facar, fructosa, levadura madre (<strong>trigo<\/strong>), vainilla bourbon, albaricoques confitados (albaricoque variedad Vesubio (60%), az\u00facar, jarabe de glucosa), dextrosa, aromas y sal, miel, regulador de acidez, \u00e1cido c\u00edtrico.<strong> Ingredientes del glaseado<\/strong>: az\u00facar granulada, clara de<strong> huevo<\/strong>, <strong>almendras<\/strong> sin c\u00e1scara y tostadas, harina de <strong>almendras<\/strong>, almid\u00f3n de ma\u00edz, harina de arroz, harina de <strong>avellana<\/strong>. Puede contener rastros de<strong> frutos secos<\/strong>, <strong>soja<\/strong> y<strong> mostaza.<\/strong> Conservar en lugar fresco y seco. Producto sujeto a la p\u00e9rdida de peso. Producido en Italia.<\/p>\n","protected":false},"excerpt":{"rendered":"<p>La elaboraci\u00f3n artesanal de esta paloma est\u00e1 asegurada por una levadura natural y una receta muy tradicional. Un producto especial, elaborado con masa madre y harinas finas, mantequilla de Breta\u00f1a y huevos de primera calidad cuyo sabor se enriquece con <strong>albaricoques del Vesubio confitados<\/strong> de Agrimontana y <strong>vainilla Bourbon de Madagascar<\/strong>. El topping crujiente con <strong>glaseado de almendras<\/strong> es exquisito.<\/p>\n<p><strong>Formato 1 kg<\/strong> &#8211; <strong>Envasado a mano<\/strong><\/p>\n<table border=\"0\">\n<tbody>\n<tr>\n<td><img loading=\"lazy\" decoding=\"async\" class=\"alignnone wp-image-573\" src=\"https:\/\/www.ammore.online\/wp-content\/uploads\/2022\/08\/Ingredienti_artigianale.png\" alt=\"\" width=\"197\" height=\"82\" \/><\/td>\n<td><img loading=\"lazy\" decoding=\"async\" class=\"alignnone size-medium wp-image-578\" src=\"https:\/\/www.ammore.online\/wp-content\/uploads\/2022\/08\/Ingredienti_lievito-300x125.png\" alt=\"\" width=\"197\" height=\"82\" srcset=\"https:\/\/www.ammore.online\/wp-content\/uploads\/2022\/08\/Ingredienti_lievito-300x125.png 300w, https:\/\/www.ammore.online\/wp-content\/uploads\/2022\/08\/Ingredienti_lievito-768x320.png 768w, https:\/\/www.ammore.online\/wp-content\/uploads\/2022\/08\/Ingredienti_lievito-720x300.png 720w, https:\/\/www.ammore.online\/wp-content\/uploads\/2022\/08\/Ingredienti_lievito.png 933w\" sizes=\"auto, (max-width: 197px) 100vw, 197px\" \/><\/td>\n<td><img loading=\"lazy\" decoding=\"async\" class=\"alignnone size-medium wp-image-583\" src=\"https:\/\/www.ammore.online\/wp-content\/uploads\/2022\/08\/Ingredienti_naturale-300x125.png\" alt=\"\" width=\"197\" height=\"82\" srcset=\"https:\/\/www.ammore.online\/wp-content\/uploads\/2022\/08\/Ingredienti_naturale-300x125.png 300w, https:\/\/www.ammore.online\/wp-content\/uploads\/2022\/08\/Ingredienti_naturale-768x320.png 768w, https:\/\/www.ammore.online\/wp-content\/uploads\/2022\/08\/Ingredienti_naturale-720x300.png 720w, https:\/\/www.ammore.online\/wp-content\/uploads\/2022\/08\/Ingredienti_naturale.png 933w\" sizes=\"auto, (max-width: 197px) 100vw, 197px\" \/><\/td>\n<\/tr>\n<tr>\n<td><img loading=\"lazy\" decoding=\"async\" class=\"alignnone size-medium wp-image-593\" src=\"https:\/\/www.ammore.online\/wp-content\/uploads\/2022\/08\/Ingredienti_no_palma-300x125.png\" alt=\"\" width=\"197\" height=\"82\" srcset=\"https:\/\/www.ammore.online\/wp-content\/uploads\/2022\/08\/Ingredienti_no_palma-300x125.png 300w, https:\/\/www.ammore.online\/wp-content\/uploads\/2022\/08\/Ingredienti_no_palma-768x320.png 768w, https:\/\/www.ammore.online\/wp-content\/uploads\/2022\/08\/Ingredienti_no_palma-720x300.png 720w, https:\/\/www.ammore.online\/wp-content\/uploads\/2022\/08\/Ingredienti_no_palma.png 933w\" sizes=\"auto, (max-width: 197px) 100vw, 197px\" \/><\/td>\n<td><img loading=\"lazy\" decoding=\"async\" class=\"alignnone size-medium wp-image-588\" src=\"https:\/\/www.ammore.online\/wp-content\/uploads\/2022\/08\/Ingredienti_no_grassi-300x125.png\" alt=\"\" width=\"197\" height=\"82\" srcset=\"https:\/\/www.ammore.online\/wp-content\/uploads\/2022\/08\/Ingredienti_no_grassi-300x125.png 300w, https:\/\/www.ammore.online\/wp-content\/uploads\/2022\/08\/Ingredienti_no_grassi-768x320.png 768w, https:\/\/www.ammore.online\/wp-content\/uploads\/2022\/08\/Ingredienti_no_grassi-720x300.png 720w, https:\/\/www.ammore.online\/wp-content\/uploads\/2022\/08\/Ingredienti_no_grassi.png 933w\" sizes=\"auto, (max-width: 197px) 100vw, 197px\" \/><\/td>\n<td><img loading=\"lazy\" decoding=\"async\" class=\"alignnone wp-image-573\" src=\"https:\/\/www.ammore.online\/wp-content\/uploads\/2022\/08\/Ingredienti_clip-300x125.png\" alt=\"\" width=\"197\" height=\"82\" srcset=\"https:\/\/www.ammore.online\/wp-content\/uploads\/2022\/08\/Ingredienti_clip-300x125.png 300w, https:\/\/www.ammore.online\/wp-content\/uploads\/2022\/08\/Ingredienti_clip-768x320.png 768w, https:\/\/www.ammore.online\/wp-content\/uploads\/2022\/08\/Ingredienti_clip-720x300.png 720w, https:\/\/www.ammore.online\/wp-content\/uploads\/2022\/08\/Ingredienti_clip.png 933w\" sizes=\"auto, (max-width: 197px) 100vw, 197px\" \/><\/td>\n<\/tr>\n<\/tbody>\n<\/table>\n","protected":false},"featured_media":2319,"template":"","meta":{"_genesis_hide_title":false,"_genesis_hide_breadcrumbs":false,"_genesis_hide_singular_image":false,"_genesis_hide_footer_widgets":false,"_genesis_custom_body_class":"","_genesis_custom_post_class":"","_genesis_layout":""},"product_cat":[108,112],"product_tag":[],"class_list":{"0":"post-2389","1":"product","2":"type-product","3":"status-publish","4":"has-post-thumbnail","6":"product_cat-pascua","7":"product_cat-tradicional-es","8":"entry","10":"first","11":"outofstock","12":"shipping-taxable","13":"purchasable","14":"product-type-simple"},"yoast_head":"<!-- This site is optimized with the Yoast SEO plugin v23.7 - https:\/\/yoast.com\/wordpress\/plugins\/seo\/ -->\n<title>Colomba Artesanal  Albaricoques del Vesubio - Ammore<\/title>\n<meta name=\"robots\" content=\"index, follow, max-snippet:-1, max-image-preview:large, max-video-preview:-1\" \/>\n<link rel=\"canonical\" href=\"https:\/\/www.ammore.online\/es\/prodotto\/colomba-artigianale-con-albicocche-ricoperta-con-glassa-alle-mandorle\/\" \/>\n<meta property=\"og:locale\" content=\"es_ES\" \/>\n<meta property=\"og:type\" content=\"article\" \/>\n<meta property=\"og:title\" content=\"Colomba Artesanal  Albaricoques del Vesubio - Ammore\" \/>\n<meta property=\"og:description\" content=\"La elaboraci\u00f3n artesanal de esta paloma est\u00e1 asegurada por una levadura natural y una receta muy tradicional. Un producto especial, elaborado con masa madre y harinas finas, mantequilla de Breta\u00f1a y huevos de primera calidad cuyo sabor se enriquece con albaricoques del Vesubio confitados de Agrimontana y vainilla Bourbon de Madagascar. El topping crujiente con glaseado de almendras es exquisito.  Formato 1 kg - Envasado a mano\" \/>\n<meta property=\"og:url\" content=\"https:\/\/www.ammore.online\/es\/prodotto\/colomba-artigianale-con-albicocche-ricoperta-con-glassa-alle-mandorle\/\" \/>\n<meta property=\"og:site_name\" content=\"Ammore\" \/>\n<meta property=\"article:publisher\" content=\"https:\/\/www.facebook.com\/ammore.official\" \/>\n<meta property=\"article:modified_time\" content=\"2024-01-16T17:49:38+00:00\" \/>\n<meta name=\"twitter:card\" content=\"summary_large_image\" \/>\n<meta name=\"twitter:label1\" content=\"Tiempo de lectura\" \/>\n\t<meta name=\"twitter:data1\" content=\"1 minuto\" \/>\n<script type=\"application\/ld+json\" class=\"yoast-schema-graph\">{\"@context\":\"https:\/\/schema.org\",\"@graph\":[{\"@type\":\"WebPage\",\"@id\":\"https:\/\/www.ammore.online\/es\/prodotto\/colomba-artigianale-con-albicocche-ricoperta-con-glassa-alle-mandorle\/\",\"url\":\"https:\/\/www.ammore.online\/es\/prodotto\/colomba-artigianale-con-albicocche-ricoperta-con-glassa-alle-mandorle\/\",\"name\":\"Colomba Artesanal Albaricoques del Vesubio - Ammore\",\"isPartOf\":{\"@id\":\"https:\/\/www.ammore.online\/es\/#website\"},\"primaryImageOfPage\":{\"@id\":\"https:\/\/www.ammore.online\/es\/prodotto\/colomba-artigianale-con-albicocche-ricoperta-con-glassa-alle-mandorle\/#primaryimage\"},\"image\":{\"@id\":\"https:\/\/www.ammore.online\/es\/prodotto\/colomba-artigianale-con-albicocche-ricoperta-con-glassa-alle-mandorle\/#primaryimage\"},\"thumbnailUrl\":\"https:\/\/www.ammore.online\/wp-content\/uploads\/2023\/01\/ALBICOCCHE.png\",\"datePublished\":\"2023-01-31T16:53:32+00:00\",\"dateModified\":\"2024-01-16T17:49:38+00:00\",\"breadcrumb\":{\"@id\":\"https:\/\/www.ammore.online\/es\/prodotto\/colomba-artigianale-con-albicocche-ricoperta-con-glassa-alle-mandorle\/#breadcrumb\"},\"inLanguage\":\"es\",\"potentialAction\":[{\"@type\":\"ReadAction\",\"target\":[\"https:\/\/www.ammore.online\/es\/prodotto\/colomba-artigianale-con-albicocche-ricoperta-con-glassa-alle-mandorle\/\"]}]},{\"@type\":\"ImageObject\",\"inLanguage\":\"es\",\"@id\":\"https:\/\/www.ammore.online\/es\/prodotto\/colomba-artigianale-con-albicocche-ricoperta-con-glassa-alle-mandorle\/#primaryimage\",\"url\":\"https:\/\/www.ammore.online\/wp-content\/uploads\/2023\/01\/ALBICOCCHE.png\",\"contentUrl\":\"https:\/\/www.ammore.online\/wp-content\/uploads\/2023\/01\/ALBICOCCHE.png\",\"width\":630,\"height\":630},{\"@type\":\"BreadcrumbList\",\"@id\":\"https:\/\/www.ammore.online\/es\/prodotto\/colomba-artigianale-con-albicocche-ricoperta-con-glassa-alle-mandorle\/#breadcrumb\",\"itemListElement\":[{\"@type\":\"ListItem\",\"position\":1,\"name\":\"Home\",\"item\":\"https:\/\/www.ammore.online\/es\/\"},{\"@type\":\"ListItem\",\"position\":2,\"name\":\"Tienda\",\"item\":\"https:\/\/www.ammore.online\/es\/tienda\/\"},{\"@type\":\"ListItem\",\"position\":3,\"name\":\"Colomba Artesanal Albaricoques del Vesubio\"}]},{\"@type\":\"WebSite\",\"@id\":\"https:\/\/www.ammore.online\/es\/#website\",\"url\":\"https:\/\/www.ammore.online\/es\/\",\"name\":\"Ammore\",\"description\":\"Il gusto della tradizione\",\"publisher\":{\"@id\":\"https:\/\/www.ammore.online\/es\/#organization\"},\"potentialAction\":[{\"@type\":\"SearchAction\",\"target\":{\"@type\":\"EntryPoint\",\"urlTemplate\":\"https:\/\/www.ammore.online\/es\/?s={search_term_string}\"},\"query-input\":{\"@type\":\"PropertyValueSpecification\",\"valueRequired\":true,\"valueName\":\"search_term_string\"}}],\"inLanguage\":\"es\"},{\"@type\":\"Organization\",\"@id\":\"https:\/\/www.ammore.online\/es\/#organization\",\"name\":\"Ammore\",\"url\":\"https:\/\/www.ammore.online\/es\/\",\"logo\":{\"@type\":\"ImageObject\",\"inLanguage\":\"es\",\"@id\":\"https:\/\/www.ammore.online\/es\/#\/schema\/logo\/image\/\",\"url\":\"https:\/\/www.ammore.online\/wp-content\/uploads\/2023\/10\/cropped-cropped-Ammore_logo.png\",\"contentUrl\":\"https:\/\/www.ammore.online\/wp-content\/uploads\/2023\/10\/cropped-cropped-Ammore_logo.png\",\"width\":1411,\"height\":393,\"caption\":\"Ammore\"},\"image\":{\"@id\":\"https:\/\/www.ammore.online\/es\/#\/schema\/logo\/image\/\"},\"sameAs\":[\"https:\/\/www.facebook.com\/ammore.official\",\"https:\/\/www.instagram.com\/ammore_official\"]}]}<\/script>\n<!-- \/ Yoast SEO plugin. -->","yoast_head_json":{"title":"Colomba Artesanal  Albaricoques del Vesubio - Ammore","robots":{"index":"index","follow":"follow","max-snippet":"max-snippet:-1","max-image-preview":"max-image-preview:large","max-video-preview":"max-video-preview:-1"},"canonical":"https:\/\/www.ammore.online\/es\/prodotto\/colomba-artigianale-con-albicocche-ricoperta-con-glassa-alle-mandorle\/","og_locale":"es_ES","og_type":"article","og_title":"Colomba Artesanal  Albaricoques del Vesubio - Ammore","og_description":"La elaboraci\u00f3n artesanal de esta paloma est\u00e1 asegurada por una levadura natural y una receta muy tradicional. Un producto especial, elaborado con masa madre y harinas finas, mantequilla de Breta\u00f1a y huevos de primera calidad cuyo sabor se enriquece con albaricoques del Vesubio confitados de Agrimontana y vainilla Bourbon de Madagascar. El topping crujiente con glaseado de almendras es exquisito.  Formato 1 kg - Envasado a mano","og_url":"https:\/\/www.ammore.online\/es\/prodotto\/colomba-artigianale-con-albicocche-ricoperta-con-glassa-alle-mandorle\/","og_site_name":"Ammore","article_publisher":"https:\/\/www.facebook.com\/ammore.official","article_modified_time":"2024-01-16T17:49:38+00:00","twitter_card":"summary_large_image","twitter_misc":{"Tiempo de lectura":"1 minuto"},"schema":{"@context":"https:\/\/schema.org","@graph":[{"@type":"WebPage","@id":"https:\/\/www.ammore.online\/es\/prodotto\/colomba-artigianale-con-albicocche-ricoperta-con-glassa-alle-mandorle\/","url":"https:\/\/www.ammore.online\/es\/prodotto\/colomba-artigianale-con-albicocche-ricoperta-con-glassa-alle-mandorle\/","name":"Colomba Artesanal Albaricoques del Vesubio - Ammore","isPartOf":{"@id":"https:\/\/www.ammore.online\/es\/#website"},"primaryImageOfPage":{"@id":"https:\/\/www.ammore.online\/es\/prodotto\/colomba-artigianale-con-albicocche-ricoperta-con-glassa-alle-mandorle\/#primaryimage"},"image":{"@id":"https:\/\/www.ammore.online\/es\/prodotto\/colomba-artigianale-con-albicocche-ricoperta-con-glassa-alle-mandorle\/#primaryimage"},"thumbnailUrl":"https:\/\/www.ammore.online\/wp-content\/uploads\/2023\/01\/ALBICOCCHE.png","datePublished":"2023-01-31T16:53:32+00:00","dateModified":"2024-01-16T17:49:38+00:00","breadcrumb":{"@id":"https:\/\/www.ammore.online\/es\/prodotto\/colomba-artigianale-con-albicocche-ricoperta-con-glassa-alle-mandorle\/#breadcrumb"},"inLanguage":"es","potentialAction":[{"@type":"ReadAction","target":["https:\/\/www.ammore.online\/es\/prodotto\/colomba-artigianale-con-albicocche-ricoperta-con-glassa-alle-mandorle\/"]}]},{"@type":"ImageObject","inLanguage":"es","@id":"https:\/\/www.ammore.online\/es\/prodotto\/colomba-artigianale-con-albicocche-ricoperta-con-glassa-alle-mandorle\/#primaryimage","url":"https:\/\/www.ammore.online\/wp-content\/uploads\/2023\/01\/ALBICOCCHE.png","contentUrl":"https:\/\/www.ammore.online\/wp-content\/uploads\/2023\/01\/ALBICOCCHE.png","width":630,"height":630},{"@type":"BreadcrumbList","@id":"https:\/\/www.ammore.online\/es\/prodotto\/colomba-artigianale-con-albicocche-ricoperta-con-glassa-alle-mandorle\/#breadcrumb","itemListElement":[{"@type":"ListItem","position":1,"name":"Home","item":"https:\/\/www.ammore.online\/es\/"},{"@type":"ListItem","position":2,"name":"Tienda","item":"https:\/\/www.ammore.online\/es\/tienda\/"},{"@type":"ListItem","position":3,"name":"Colomba Artesanal Albaricoques del Vesubio"}]},{"@type":"WebSite","@id":"https:\/\/www.ammore.online\/es\/#website","url":"https:\/\/www.ammore.online\/es\/","name":"Ammore","description":"Il gusto della tradizione","publisher":{"@id":"https:\/\/www.ammore.online\/es\/#organization"},"potentialAction":[{"@type":"SearchAction","target":{"@type":"EntryPoint","urlTemplate":"https:\/\/www.ammore.online\/es\/?s={search_term_string}"},"query-input":{"@type":"PropertyValueSpecification","valueRequired":true,"valueName":"search_term_string"}}],"inLanguage":"es"},{"@type":"Organization","@id":"https:\/\/www.ammore.online\/es\/#organization","name":"Ammore","url":"https:\/\/www.ammore.online\/es\/","logo":{"@type":"ImageObject","inLanguage":"es","@id":"https:\/\/www.ammore.online\/es\/#\/schema\/logo\/image\/","url":"https:\/\/www.ammore.online\/wp-content\/uploads\/2023\/10\/cropped-cropped-Ammore_logo.png","contentUrl":"https:\/\/www.ammore.online\/wp-content\/uploads\/2023\/10\/cropped-cropped-Ammore_logo.png","width":1411,"height":393,"caption":"Ammore"},"image":{"@id":"https:\/\/www.ammore.online\/es\/#\/schema\/logo\/image\/"},"sameAs":["https:\/\/www.facebook.com\/ammore.official","https:\/\/www.instagram.com\/ammore_official"]}]}},"_links":{"self":[{"href":"https:\/\/www.ammore.online\/es\/wp-json\/wp\/v2\/product\/2389","targetHints":{"allow":["GET"]}}],"collection":[{"href":"https:\/\/www.ammore.online\/es\/wp-json\/wp\/v2\/product"}],"about":[{"href":"https:\/\/www.ammore.online\/es\/wp-json\/wp\/v2\/types\/product"}],"wp:featuredmedia":[{"embeddable":true,"href":"https:\/\/www.ammore.online\/es\/wp-json\/wp\/v2\/media\/2319"}],"wp:attachment":[{"href":"https:\/\/www.ammore.online\/es\/wp-json\/wp\/v2\/media?parent=2389"}],"wp:term":[{"taxonomy":"product_cat","embeddable":true,"href":"https:\/\/www.ammore.online\/es\/wp-json\/wp\/v2\/product_cat?post=2389"},{"taxonomy":"product_tag","embeddable":true,"href":"https:\/\/www.ammore.online\/es\/wp-json\/wp\/v2\/product_tag?post=2389"}],"curies":[{"name":"wp","href":"https:\/\/api.w.org\/{rel}","templated":true}]}}