{"id":2369,"date":"2023-02-01T16:09:33","date_gmt":"2023-02-01T16:09:33","guid":{"rendered":"https:\/\/www.ammore.online\/prodotto\/colomba-hecha-a-mano-con-crema-blanca-de-avellanas-de-piemonte-45-untable-cubierta-con-glaseado-de-chocolate-negro\/"},"modified":"2023-03-20T20:15:46","modified_gmt":"2023-03-20T20:15:46","slug":"colomba-artigianale-con-crema-bianca-alle-nocciole-45-piemonte-da-spalmare-ricoperta-da-glassa-al-cioccolato-fondente","status":"publish","type":"product","link":"https:\/\/www.ammore.online\/es\/prodotto\/colomba-artigianale-con-crema-bianca-alle-nocciole-45-piemonte-da-spalmare-ricoperta-da-glassa-al-cioccolato-fondente\/","title":{"rendered":"Colomba hecha a mano con crema blanca de avellanas de piemonte 45% untable cubierta con glaseado de chocolate negro"},"content":{"rendered":"<p>Ingredientes: harina de trigo, yema de huevo fresca, manteca, az\u00facar, fructosa, levadura madre (trigo), vainilla bourbon, dextrosa, aromas y sal, miel, regulador de acidez, \u00e1cido c\u00edtrico.<br \/>\nIngredientes tarro de Crema 200g: Avellanas tostadas del Piemonte IGP (45%), az\u00facar de ca\u00f1a. Leche en polvo, aceite de girasol alto oleico, aceite de oliva extra virgen Manteca de cacao.<br \/>\nIngredientes Tarro 200g crema: avellanas de piamonte i.g.p. tostado (45%), az\u00facar de ca\u00f1a, leche en polvo baja en grasa, caf\u00e9 en polvo, aceite de girasol alto oleico, aceite de oliva virgen extra, manteca de cacao (min. 22%). emulsionante: lecitina de soja. Ingredientes del glaseado: Morogoro 68% chocolate negro (pasta de cacao, az\u00facar de ca\u00f1a, manteca de cacao, lecitina de soja. Posible presencia de frutos secos y soja.<\/p>\n<p>Puede contener rastros de frutos secos, soja y mostaza Conservar en lugar fresco y seco.<\/p>\n<p>Producto sujeto a la p\u00e9rdida de peso. Producido en Italia<\/p>\n","protected":false},"excerpt":{"rendered":"<p>La colomba hecha a mano naci\u00f3 para los amantes de las avellanas,<br \/>\ncon una masa suave y fragante perfumada con vainilla de<br \/>\nMadagascar, con una sabrosa crema blanca para untar de avellana de<br \/>\nPiemonte IGP y cubierto con un delicioso glaseado de .<br \/>\nchocolate negro Morogoro 68% Domori que contiene<br \/>\nsimplicidad y bondad<\/p>\n<p><strong>El paquete contiene: 1kg de colomba pandorata con glaseado + 200g de tarro de crema + cuchillo para untar<\/strong><br \/>\n<strong>Formato 1 kg<\/strong> &#8211; <strong>Envasado a mano<\/strong><\/p>\n<table border=\"0\">\n<tbody>\n<tr>\n<td><img loading=\"lazy\" decoding=\"async\" class=\"alignnone wp-image-573\" src=\"https:\/\/www.ammore.online\/wp-content\/uploads\/2022\/08\/Ingredienti_artigianale.png\" alt=\"\" width=\"197\" height=\"82\"><\/td>\n<td><img loading=\"lazy\" decoding=\"async\" class=\"alignnone size-medium wp-image-578\" src=\"https:\/\/www.ammore.online\/wp-content\/uploads\/2022\/08\/Ingredienti_lievito-300x125.png\" alt=\"\" width=\"197\" height=\"82\" srcset=\"https:\/\/www.ammore.online\/wp-content\/uploads\/2022\/08\/Ingredienti_lievito-300x125.png 300w, https:\/\/www.ammore.online\/wp-content\/uploads\/2022\/08\/Ingredienti_lievito-768x320.png 768w, https:\/\/www.ammore.online\/wp-content\/uploads\/2022\/08\/Ingredienti_lievito-720x300.png 720w, https:\/\/www.ammore.online\/wp-content\/uploads\/2022\/08\/Ingredienti_lievito.png 933w\" sizes=\"auto, (max-width: 197px) 100vw, 197px\" \/><\/td>\n<td><img loading=\"lazy\" decoding=\"async\" class=\"alignnone size-medium wp-image-583\" src=\"https:\/\/www.ammore.online\/wp-content\/uploads\/2022\/08\/Ingredienti_naturale-300x125.png\" alt=\"\" width=\"197\" height=\"82\" srcset=\"https:\/\/www.ammore.online\/wp-content\/uploads\/2022\/08\/Ingredienti_naturale-300x125.png 300w, https:\/\/www.ammore.online\/wp-content\/uploads\/2022\/08\/Ingredienti_naturale-768x320.png 768w, https:\/\/www.ammore.online\/wp-content\/uploads\/2022\/08\/Ingredienti_naturale-720x300.png 720w, https:\/\/www.ammore.online\/wp-content\/uploads\/2022\/08\/Ingredienti_naturale.png 933w\" sizes=\"auto, (max-width: 197px) 100vw, 197px\" \/><\/td>\n<\/tr>\n<tr>\n<td><img loading=\"lazy\" decoding=\"async\" class=\"alignnone size-medium wp-image-593\" src=\"https:\/\/www.ammore.online\/wp-content\/uploads\/2022\/08\/Ingredienti_no_palma-300x125.png\" alt=\"\" width=\"197\" height=\"82\" srcset=\"https:\/\/www.ammore.online\/wp-content\/uploads\/2022\/08\/Ingredienti_no_palma-300x125.png 300w, https:\/\/www.ammore.online\/wp-content\/uploads\/2022\/08\/Ingredienti_no_palma-768x320.png 768w, https:\/\/www.ammore.online\/wp-content\/uploads\/2022\/08\/Ingredienti_no_palma-720x300.png 720w, https:\/\/www.ammore.online\/wp-content\/uploads\/2022\/08\/Ingredienti_no_palma.png 933w\" sizes=\"auto, (max-width: 197px) 100vw, 197px\" \/><\/td>\n<td><img loading=\"lazy\" decoding=\"async\" class=\"alignnone size-medium wp-image-588\" src=\"https:\/\/www.ammore.online\/wp-content\/uploads\/2022\/08\/Ingredienti_no_grassi-300x125.png\" alt=\"\" width=\"197\" height=\"82\" srcset=\"https:\/\/www.ammore.online\/wp-content\/uploads\/2022\/08\/Ingredienti_no_grassi-300x125.png 300w, https:\/\/www.ammore.online\/wp-content\/uploads\/2022\/08\/Ingredienti_no_grassi-768x320.png 768w, https:\/\/www.ammore.online\/wp-content\/uploads\/2022\/08\/Ingredienti_no_grassi-720x300.png 720w, https:\/\/www.ammore.online\/wp-content\/uploads\/2022\/08\/Ingredienti_no_grassi.png 933w\" sizes=\"auto, (max-width: 197px) 100vw, 197px\" \/><\/td>\n<td><img loading=\"lazy\" decoding=\"async\" class=\"alignnone wp-image-573\" src=\"https:\/\/www.ammore.online\/wp-content\/uploads\/2022\/08\/Ingredienti_clip-300x125.png\" alt=\"\" width=\"197\" height=\"82\" srcset=\"https:\/\/www.ammore.online\/wp-content\/uploads\/2022\/08\/Ingredienti_clip-300x125.png 300w, https:\/\/www.ammore.online\/wp-content\/uploads\/2022\/08\/Ingredienti_clip-768x320.png 768w, https:\/\/www.ammore.online\/wp-content\/uploads\/2022\/08\/Ingredienti_clip-720x300.png 720w, https:\/\/www.ammore.online\/wp-content\/uploads\/2022\/08\/Ingredienti_clip.png 933w\" sizes=\"auto, (max-width: 197px) 100vw, 197px\" \/><\/td>\n<\/tr>\n<\/tbody>\n<\/table>\n","protected":false},"featured_media":0,"template":"","meta":{"_genesis_hide_title":false,"_genesis_hide_breadcrumbs":false,"_genesis_hide_singular_image":false,"_genesis_hide_footer_widgets":false,"_genesis_custom_body_class":"","_genesis_custom_post_class":"","_genesis_layout":""},"product_cat":[108,111],"product_tag":[],"class_list":{"0":"post-2369","1":"product","2":"type-product","3":"status-publish","5":"product_cat-pascua","6":"product_cat-especiales-es","7":"entry","9":"first","10":"outofstock","11":"shipping-taxable","12":"purchasable","13":"product-type-simple"},"yoast_head":"<!-- This site is optimized with the Yoast SEO plugin v23.7 - https:\/\/yoast.com\/wordpress\/plugins\/seo\/ -->\n<title>Colomba hecha a mano con crema blanca de avellanas de piemonte 45% untable cubierta con glaseado de chocolate negro - Ammore<\/title>\n<meta name=\"robots\" content=\"index, follow, max-snippet:-1, max-image-preview:large, max-video-preview:-1\" \/>\n<link rel=\"canonical\" href=\"https:\/\/www.ammore.online\/es\/prodotto\/colomba-artigianale-con-crema-bianca-alle-nocciole-45-piemonte-da-spalmare-ricoperta-da-glassa-al-cioccolato-fondente\/\" \/>\n<meta property=\"og:locale\" content=\"es_ES\" \/>\n<meta property=\"og:type\" content=\"article\" \/>\n<meta property=\"og:title\" content=\"Colomba hecha a mano con crema blanca de avellanas de piemonte 45% untable cubierta con glaseado de chocolate negro - Ammore\" \/>\n<meta property=\"og:description\" content=\"La colomba hecha a mano naci\u00f3 para los amantes de las avellanas, con una masa suave y fragante perfumada con vainilla de Madagascar, con una sabrosa crema blanca para untar de avellana de Piemonte IGP y cubierto con un delicioso glaseado de . chocolate negro Morogoro 68% Domori que contiene simplicidad y bondad El paquete contiene: 1kg de colomba pandorata con glaseado + 200g de tarro de crema + cuchillo para untar Formato 1 kg - Envasado a mano\" \/>\n<meta property=\"og:url\" content=\"https:\/\/www.ammore.online\/es\/prodotto\/colomba-artigianale-con-crema-bianca-alle-nocciole-45-piemonte-da-spalmare-ricoperta-da-glassa-al-cioccolato-fondente\/\" \/>\n<meta property=\"og:site_name\" content=\"Ammore\" \/>\n<meta property=\"article:publisher\" content=\"https:\/\/www.facebook.com\/ammore.official\" \/>\n<meta property=\"article:modified_time\" content=\"2023-03-20T20:15:46+00:00\" \/>\n<meta property=\"og:image\" content=\"https:\/\/www.ammore.online\/wp-content\/uploads\/2023\/01\/crema-spalmabile-bianca.png\" \/>\n\t<meta property=\"og:image:width\" content=\"1024\" \/>\n\t<meta property=\"og:image:height\" content=\"1024\" \/>\n\t<meta property=\"og:image:type\" content=\"image\/png\" \/>\n<meta name=\"twitter:card\" content=\"summary_large_image\" \/>\n<meta name=\"twitter:label1\" content=\"Tiempo de lectura\" \/>\n\t<meta name=\"twitter:data1\" content=\"1 minuto\" \/>\n<script type=\"application\/ld+json\" class=\"yoast-schema-graph\">{\"@context\":\"https:\/\/schema.org\",\"@graph\":[{\"@type\":\"WebPage\",\"@id\":\"https:\/\/www.ammore.online\/es\/prodotto\/colomba-artigianale-con-crema-bianca-alle-nocciole-45-piemonte-da-spalmare-ricoperta-da-glassa-al-cioccolato-fondente\/\",\"url\":\"https:\/\/www.ammore.online\/es\/prodotto\/colomba-artigianale-con-crema-bianca-alle-nocciole-45-piemonte-da-spalmare-ricoperta-da-glassa-al-cioccolato-fondente\/\",\"name\":\"Colomba hecha a mano con crema blanca de avellanas de piemonte 45% untable cubierta con glaseado de chocolate negro - Ammore\",\"isPartOf\":{\"@id\":\"https:\/\/www.ammore.online\/es\/#website\"},\"datePublished\":\"2023-02-01T16:09:33+00:00\",\"dateModified\":\"2023-03-20T20:15:46+00:00\",\"breadcrumb\":{\"@id\":\"https:\/\/www.ammore.online\/es\/prodotto\/colomba-artigianale-con-crema-bianca-alle-nocciole-45-piemonte-da-spalmare-ricoperta-da-glassa-al-cioccolato-fondente\/#breadcrumb\"},\"inLanguage\":\"es\",\"potentialAction\":[{\"@type\":\"ReadAction\",\"target\":[\"https:\/\/www.ammore.online\/es\/prodotto\/colomba-artigianale-con-crema-bianca-alle-nocciole-45-piemonte-da-spalmare-ricoperta-da-glassa-al-cioccolato-fondente\/\"]}]},{\"@type\":\"BreadcrumbList\",\"@id\":\"https:\/\/www.ammore.online\/es\/prodotto\/colomba-artigianale-con-crema-bianca-alle-nocciole-45-piemonte-da-spalmare-ricoperta-da-glassa-al-cioccolato-fondente\/#breadcrumb\",\"itemListElement\":[{\"@type\":\"ListItem\",\"position\":1,\"name\":\"Home\",\"item\":\"https:\/\/www.ammore.online\/es\/\"},{\"@type\":\"ListItem\",\"position\":2,\"name\":\"Tienda\",\"item\":\"https:\/\/www.ammore.online\/es\/tienda\/\"},{\"@type\":\"ListItem\",\"position\":3,\"name\":\"Colomba hecha a mano con crema blanca de avellanas de piemonte 45% untable cubierta con glaseado de chocolate negro\"}]},{\"@type\":\"WebSite\",\"@id\":\"https:\/\/www.ammore.online\/es\/#website\",\"url\":\"https:\/\/www.ammore.online\/es\/\",\"name\":\"Ammore\",\"description\":\"Il gusto della tradizione\",\"publisher\":{\"@id\":\"https:\/\/www.ammore.online\/es\/#organization\"},\"potentialAction\":[{\"@type\":\"SearchAction\",\"target\":{\"@type\":\"EntryPoint\",\"urlTemplate\":\"https:\/\/www.ammore.online\/es\/?s={search_term_string}\"},\"query-input\":{\"@type\":\"PropertyValueSpecification\",\"valueRequired\":true,\"valueName\":\"search_term_string\"}}],\"inLanguage\":\"es\"},{\"@type\":\"Organization\",\"@id\":\"https:\/\/www.ammore.online\/es\/#organization\",\"name\":\"Ammore\",\"url\":\"https:\/\/www.ammore.online\/es\/\",\"logo\":{\"@type\":\"ImageObject\",\"inLanguage\":\"es\",\"@id\":\"https:\/\/www.ammore.online\/es\/#\/schema\/logo\/image\/\",\"url\":\"https:\/\/www.ammore.online\/wp-content\/uploads\/2023\/10\/cropped-cropped-Ammore_logo.png\",\"contentUrl\":\"https:\/\/www.ammore.online\/wp-content\/uploads\/2023\/10\/cropped-cropped-Ammore_logo.png\",\"width\":1411,\"height\":393,\"caption\":\"Ammore\"},\"image\":{\"@id\":\"https:\/\/www.ammore.online\/es\/#\/schema\/logo\/image\/\"},\"sameAs\":[\"https:\/\/www.facebook.com\/ammore.official\",\"https:\/\/www.instagram.com\/ammore_official\"]}]}<\/script>\n<!-- \/ Yoast SEO plugin. -->","yoast_head_json":{"title":"Colomba hecha a mano con crema blanca de avellanas de piemonte 45% untable cubierta con glaseado de chocolate negro - Ammore","robots":{"index":"index","follow":"follow","max-snippet":"max-snippet:-1","max-image-preview":"max-image-preview:large","max-video-preview":"max-video-preview:-1"},"canonical":"https:\/\/www.ammore.online\/es\/prodotto\/colomba-artigianale-con-crema-bianca-alle-nocciole-45-piemonte-da-spalmare-ricoperta-da-glassa-al-cioccolato-fondente\/","og_locale":"es_ES","og_type":"article","og_title":"Colomba hecha a mano con crema blanca de avellanas de piemonte 45% untable cubierta con glaseado de chocolate negro - Ammore","og_description":"La colomba hecha a mano naci\u00f3 para los amantes de las avellanas, con una masa suave y fragante perfumada con vainilla de Madagascar, con una sabrosa crema blanca para untar de avellana de Piemonte IGP y cubierto con un delicioso glaseado de . chocolate negro Morogoro 68% Domori que contiene simplicidad y bondad El paquete contiene: 1kg de colomba pandorata con glaseado + 200g de tarro de crema + cuchillo para untar Formato 1 kg - Envasado a mano","og_url":"https:\/\/www.ammore.online\/es\/prodotto\/colomba-artigianale-con-crema-bianca-alle-nocciole-45-piemonte-da-spalmare-ricoperta-da-glassa-al-cioccolato-fondente\/","og_site_name":"Ammore","article_publisher":"https:\/\/www.facebook.com\/ammore.official","article_modified_time":"2023-03-20T20:15:46+00:00","og_image":[{"width":1024,"height":1024,"url":"https:\/\/www.ammore.online\/wp-content\/uploads\/2023\/01\/crema-spalmabile-bianca.png","type":"image\/png"}],"twitter_card":"summary_large_image","twitter_misc":{"Tiempo de lectura":"1 minuto"},"schema":{"@context":"https:\/\/schema.org","@graph":[{"@type":"WebPage","@id":"https:\/\/www.ammore.online\/es\/prodotto\/colomba-artigianale-con-crema-bianca-alle-nocciole-45-piemonte-da-spalmare-ricoperta-da-glassa-al-cioccolato-fondente\/","url":"https:\/\/www.ammore.online\/es\/prodotto\/colomba-artigianale-con-crema-bianca-alle-nocciole-45-piemonte-da-spalmare-ricoperta-da-glassa-al-cioccolato-fondente\/","name":"Colomba hecha a mano con crema blanca de avellanas de piemonte 45% untable cubierta con glaseado de chocolate negro - Ammore","isPartOf":{"@id":"https:\/\/www.ammore.online\/es\/#website"},"datePublished":"2023-02-01T16:09:33+00:00","dateModified":"2023-03-20T20:15:46+00:00","breadcrumb":{"@id":"https:\/\/www.ammore.online\/es\/prodotto\/colomba-artigianale-con-crema-bianca-alle-nocciole-45-piemonte-da-spalmare-ricoperta-da-glassa-al-cioccolato-fondente\/#breadcrumb"},"inLanguage":"es","potentialAction":[{"@type":"ReadAction","target":["https:\/\/www.ammore.online\/es\/prodotto\/colomba-artigianale-con-crema-bianca-alle-nocciole-45-piemonte-da-spalmare-ricoperta-da-glassa-al-cioccolato-fondente\/"]}]},{"@type":"BreadcrumbList","@id":"https:\/\/www.ammore.online\/es\/prodotto\/colomba-artigianale-con-crema-bianca-alle-nocciole-45-piemonte-da-spalmare-ricoperta-da-glassa-al-cioccolato-fondente\/#breadcrumb","itemListElement":[{"@type":"ListItem","position":1,"name":"Home","item":"https:\/\/www.ammore.online\/es\/"},{"@type":"ListItem","position":2,"name":"Tienda","item":"https:\/\/www.ammore.online\/es\/tienda\/"},{"@type":"ListItem","position":3,"name":"Colomba hecha a mano con crema blanca de avellanas de piemonte 45% untable cubierta con glaseado de chocolate negro"}]},{"@type":"WebSite","@id":"https:\/\/www.ammore.online\/es\/#website","url":"https:\/\/www.ammore.online\/es\/","name":"Ammore","description":"Il gusto della tradizione","publisher":{"@id":"https:\/\/www.ammore.online\/es\/#organization"},"potentialAction":[{"@type":"SearchAction","target":{"@type":"EntryPoint","urlTemplate":"https:\/\/www.ammore.online\/es\/?s={search_term_string}"},"query-input":{"@type":"PropertyValueSpecification","valueRequired":true,"valueName":"search_term_string"}}],"inLanguage":"es"},{"@type":"Organization","@id":"https:\/\/www.ammore.online\/es\/#organization","name":"Ammore","url":"https:\/\/www.ammore.online\/es\/","logo":{"@type":"ImageObject","inLanguage":"es","@id":"https:\/\/www.ammore.online\/es\/#\/schema\/logo\/image\/","url":"https:\/\/www.ammore.online\/wp-content\/uploads\/2023\/10\/cropped-cropped-Ammore_logo.png","contentUrl":"https:\/\/www.ammore.online\/wp-content\/uploads\/2023\/10\/cropped-cropped-Ammore_logo.png","width":1411,"height":393,"caption":"Ammore"},"image":{"@id":"https:\/\/www.ammore.online\/es\/#\/schema\/logo\/image\/"},"sameAs":["https:\/\/www.facebook.com\/ammore.official","https:\/\/www.instagram.com\/ammore_official"]}]}},"_links":{"self":[{"href":"https:\/\/www.ammore.online\/es\/wp-json\/wp\/v2\/product\/2369","targetHints":{"allow":["GET"]}}],"collection":[{"href":"https:\/\/www.ammore.online\/es\/wp-json\/wp\/v2\/product"}],"about":[{"href":"https:\/\/www.ammore.online\/es\/wp-json\/wp\/v2\/types\/product"}],"wp:attachment":[{"href":"https:\/\/www.ammore.online\/es\/wp-json\/wp\/v2\/media?parent=2369"}],"wp:term":[{"taxonomy":"product_cat","embeddable":true,"href":"https:\/\/www.ammore.online\/es\/wp-json\/wp\/v2\/product_cat?post=2369"},{"taxonomy":"product_tag","embeddable":true,"href":"https:\/\/www.ammore.online\/es\/wp-json\/wp\/v2\/product_tag?post=2369"}],"curies":[{"name":"wp","href":"https:\/\/api.w.org\/{rel}","templated":true}]}}