{"id":1147,"date":"2022-09-01T12:49:27","date_gmt":"2022-09-01T12:49:27","guid":{"rendered":"https:\/\/www.ammore.online\/?post_type=product&#038;p=1147"},"modified":"2024-01-30T18:26:00","modified_gmt":"2024-01-30T18:26:00","slug":"pandolce-classico","status":"publish","type":"product","link":"https:\/\/www.ammore.online\/es\/prodotto\/pandolce-classico\/","title":{"rendered":"PanDolce artesanal <br> Cl\u00e0sico"},"content":{"rendered":"<p><strong>Ingredientes<\/strong>: harina de <strong>trigo<\/strong> (<strong>trigo<\/strong> blando), <strong>mantequill<\/strong>a, pasas, piel de naranja confitada (piel de naranja fresca, jarabe de glucosa y fructosa, sacarosa), yema de<strong> huevo<\/strong> fresca, az\u00facar, fructosa, levadura natural (harina de<strong> trigo<\/strong>), <strong>manteca<\/strong> de cacao, vainilla Bourbon, miel, dextrosa, aromas y sal, corrector de acidez: \u00e1cido c\u00edtrico. Puede contener trazas de <strong>frutos secos<\/strong>,<strong> soja<\/strong> y <strong>mostaza<\/strong>. Conservar en lugar fr\u00edo y seco. Producto sujeto a p\u00e9rdida de peso. Producido en Italia.<\/p>\n<div class=\"notranslate\"><\/div>\n","protected":false},"excerpt":{"rendered":"<p>Un suave y delicioso producto fermentado que evoca sabores, aromas y recuerdos de las fiestas durante todo el a\u00f1o. Ideal tanto para el desayuno como para el postre, est\u00e1 elaborado con masa madre, harinas finas, mantequilla de Breta\u00f1a y huevos de primera calidad. La receta tradicional, sin conservantes ni grasas hidrogenadas, se enriquece con <strong>naranja <\/strong>Agrimontana<strong> confitada<\/strong>, <strong>pasas australianas<\/strong> y <strong>vainilla Bourbon de<\/strong> <strong>Madagascar<\/strong>.<\/p>\n<p><strong>Formato de 500 g\u00a0<\/strong>\u2013<strong>\u00a0Empaquetado a mano<\/strong><\/p>\n<p><img loading=\"lazy\" decoding=\"async\" class=\"alignnone wp-image-573\" src=\"https:\/\/www.ammore.online\/wp-content\/uploads\/2022\/08\/Ingredienti_artigianale.png\" alt=\"\" width=\"197\" height=\"82\" \/><img loading=\"lazy\" decoding=\"async\" class=\"alignnone size-medium wp-image-578\" src=\"https:\/\/www.ammore.online\/wp-content\/uploads\/2022\/08\/Ingredienti_lievito-300x125.png\" alt=\"\" width=\"197\" height=\"82\" srcset=\"https:\/\/www.ammore.online\/wp-content\/uploads\/2022\/08\/Ingredienti_lievito-300x125.png 300w, https:\/\/www.ammore.online\/wp-content\/uploads\/2022\/08\/Ingredienti_lievito-768x320.png 768w, https:\/\/www.ammore.online\/wp-content\/uploads\/2022\/08\/Ingredienti_lievito-720x300.png 720w, https:\/\/www.ammore.online\/wp-content\/uploads\/2022\/08\/Ingredienti_lievito.png 933w\" sizes=\"auto, (max-width: 197px) 100vw, 197px\" \/><img loading=\"lazy\" decoding=\"async\" class=\"alignnone size-medium wp-image-583\" src=\"https:\/\/www.ammore.online\/wp-content\/uploads\/2022\/08\/Ingredienti_naturale-300x125.png\" alt=\"\" width=\"197\" height=\"82\" srcset=\"https:\/\/www.ammore.online\/wp-content\/uploads\/2022\/08\/Ingredienti_naturale-300x125.png 300w, https:\/\/www.ammore.online\/wp-content\/uploads\/2022\/08\/Ingredienti_naturale-768x320.png 768w, https:\/\/www.ammore.online\/wp-content\/uploads\/2022\/08\/Ingredienti_naturale-720x300.png 720w, https:\/\/www.ammore.online\/wp-content\/uploads\/2022\/08\/Ingredienti_naturale.png 933w\" sizes=\"auto, (max-width: 197px) 100vw, 197px\" \/><img loading=\"lazy\" decoding=\"async\" class=\"alignnone size-medium wp-image-593\" src=\"https:\/\/www.ammore.online\/wp-content\/uploads\/2022\/08\/Ingredienti_no_palma-300x125.png\" alt=\"\" width=\"197\" height=\"82\" srcset=\"https:\/\/www.ammore.online\/wp-content\/uploads\/2022\/08\/Ingredienti_no_palma-300x125.png 300w, https:\/\/www.ammore.online\/wp-content\/uploads\/2022\/08\/Ingredienti_no_palma-768x320.png 768w, https:\/\/www.ammore.online\/wp-content\/uploads\/2022\/08\/Ingredienti_no_palma-720x300.png 720w, https:\/\/www.ammore.online\/wp-content\/uploads\/2022\/08\/Ingredienti_no_palma.png 933w\" sizes=\"auto, (max-width: 197px) 100vw, 197px\" \/><img loading=\"lazy\" decoding=\"async\" class=\"alignnone size-medium wp-image-588\" src=\"https:\/\/www.ammore.online\/wp-content\/uploads\/2022\/08\/Ingredienti_no_grassi-300x125.png\" alt=\"\" width=\"197\" height=\"82\" srcset=\"https:\/\/www.ammore.online\/wp-content\/uploads\/2022\/08\/Ingredienti_no_grassi-300x125.png 300w, https:\/\/www.ammore.online\/wp-content\/uploads\/2022\/08\/Ingredienti_no_grassi-768x320.png 768w, https:\/\/www.ammore.online\/wp-content\/uploads\/2022\/08\/Ingredienti_no_grassi-720x300.png 720w, https:\/\/www.ammore.online\/wp-content\/uploads\/2022\/08\/Ingredienti_no_grassi.png 933w\" sizes=\"auto, (max-width: 197px) 100vw, 197px\" \/><img loading=\"lazy\" decoding=\"async\" class=\"alignnone wp-image-573\" src=\"https:\/\/www.ammore.online\/wp-content\/uploads\/2022\/08\/Ingredienti_clip-300x125.png\" alt=\"\" width=\"197\" height=\"82\" srcset=\"https:\/\/www.ammore.online\/wp-content\/uploads\/2022\/08\/Ingredienti_clip-300x125.png 300w, https:\/\/www.ammore.online\/wp-content\/uploads\/2022\/08\/Ingredienti_clip-768x320.png 768w, https:\/\/www.ammore.online\/wp-content\/uploads\/2022\/08\/Ingredienti_clip-720x300.png 720w, https:\/\/www.ammore.online\/wp-content\/uploads\/2022\/08\/Ingredienti_clip.png 933w\" sizes=\"auto, (max-width: 197px) 100vw, 197px\" \/><\/p>\n","protected":false},"featured_media":907,"template":"","meta":{"_genesis_hide_title":false,"_genesis_hide_breadcrumbs":false,"_genesis_hide_singular_image":false,"_genesis_hide_footer_widgets":false,"_genesis_custom_body_class":"","_genesis_custom_post_class":"","_genesis_layout":""},"product_cat":[79],"product_tag":[],"class_list":{"0":"post-1147","1":"product","2":"type-product","3":"status-publish","4":"has-post-thumbnail","6":"product_cat-lievitati-artigianali-pandolce-es","7":"entry","9":"first","10":"outofstock","11":"shipping-taxable","12":"purchasable","13":"product-type-simple"},"yoast_head":"<!-- This site is optimized with the Yoast SEO plugin v23.7 - https:\/\/yoast.com\/wordpress\/plugins\/seo\/ -->\n<title>PanDolce artesanal  Cl\u00e0sico - Ammore<\/title>\n<meta name=\"robots\" content=\"index, follow, max-snippet:-1, max-image-preview:large, max-video-preview:-1\" \/>\n<link rel=\"canonical\" href=\"https:\/\/www.ammore.online\/es\/prodotto\/pandolce-classico\/\" \/>\n<meta property=\"og:locale\" content=\"es_ES\" \/>\n<meta property=\"og:type\" content=\"article\" \/>\n<meta property=\"og:title\" content=\"PanDolce artesanal  Cl\u00e0sico - Ammore\" \/>\n<meta property=\"og:description\" content=\"Un suave y delicioso producto fermentado que evoca sabores, aromas y recuerdos de las fiestas durante todo el a\u00f1o. Ideal tanto para el desayuno como para el postre, est\u00e1 elaborado con masa madre, harinas finas, mantequilla de Breta\u00f1a y huevos de primera calidad. La receta tradicional, sin conservantes ni grasas hidrogenadas, se enriquece con naranja Agrimontana confitada, pasas australianas y vainilla Bourbon de Madagascar.  Formato de 500 g\u00a0\u2013\u00a0Empaquetado a mano\" \/>\n<meta property=\"og:url\" content=\"https:\/\/www.ammore.online\/es\/prodotto\/pandolce-classico\/\" \/>\n<meta property=\"og:site_name\" content=\"Ammore\" \/>\n<meta property=\"article:publisher\" content=\"https:\/\/www.facebook.com\/ammore.official\" \/>\n<meta property=\"article:modified_time\" content=\"2024-01-30T18:26:00+00:00\" \/>\n<meta name=\"twitter:card\" content=\"summary_large_image\" \/>\n<meta name=\"twitter:label1\" content=\"Tiempo de lectura\" \/>\n\t<meta name=\"twitter:data1\" content=\"1 minuto\" \/>\n<script type=\"application\/ld+json\" class=\"yoast-schema-graph\">{\"@context\":\"https:\/\/schema.org\",\"@graph\":[{\"@type\":\"WebPage\",\"@id\":\"https:\/\/www.ammore.online\/es\/prodotto\/pandolce-classico\/\",\"url\":\"https:\/\/www.ammore.online\/es\/prodotto\/pandolce-classico\/\",\"name\":\"PanDolce artesanal Cl\u00e0sico - Ammore\",\"isPartOf\":{\"@id\":\"https:\/\/www.ammore.online\/es\/#website\"},\"primaryImageOfPage\":{\"@id\":\"https:\/\/www.ammore.online\/es\/prodotto\/pandolce-classico\/#primaryimage\"},\"image\":{\"@id\":\"https:\/\/www.ammore.online\/es\/prodotto\/pandolce-classico\/#primaryimage\"},\"thumbnailUrl\":\"https:\/\/www.ammore.online\/wp-content\/uploads\/2022\/08\/PANDOLCE-CLASSICO.png\",\"datePublished\":\"2022-09-01T12:49:27+00:00\",\"dateModified\":\"2024-01-30T18:26:00+00:00\",\"breadcrumb\":{\"@id\":\"https:\/\/www.ammore.online\/es\/prodotto\/pandolce-classico\/#breadcrumb\"},\"inLanguage\":\"es\",\"potentialAction\":[{\"@type\":\"ReadAction\",\"target\":[\"https:\/\/www.ammore.online\/es\/prodotto\/pandolce-classico\/\"]}]},{\"@type\":\"ImageObject\",\"inLanguage\":\"es\",\"@id\":\"https:\/\/www.ammore.online\/es\/prodotto\/pandolce-classico\/#primaryimage\",\"url\":\"https:\/\/www.ammore.online\/wp-content\/uploads\/2022\/08\/PANDOLCE-CLASSICO.png\",\"contentUrl\":\"https:\/\/www.ammore.online\/wp-content\/uploads\/2022\/08\/PANDOLCE-CLASSICO.png\",\"width\":630,\"height\":630},{\"@type\":\"BreadcrumbList\",\"@id\":\"https:\/\/www.ammore.online\/es\/prodotto\/pandolce-classico\/#breadcrumb\",\"itemListElement\":[{\"@type\":\"ListItem\",\"position\":1,\"name\":\"Home\",\"item\":\"https:\/\/www.ammore.online\/es\/\"},{\"@type\":\"ListItem\",\"position\":2,\"name\":\"Tienda\",\"item\":\"https:\/\/www.ammore.online\/es\/tienda\/\"},{\"@type\":\"ListItem\",\"position\":3,\"name\":\"PanDolce artesanal Cl\u00e0sico\"}]},{\"@type\":\"WebSite\",\"@id\":\"https:\/\/www.ammore.online\/es\/#website\",\"url\":\"https:\/\/www.ammore.online\/es\/\",\"name\":\"Ammore\",\"description\":\"Il gusto della tradizione\",\"publisher\":{\"@id\":\"https:\/\/www.ammore.online\/es\/#organization\"},\"potentialAction\":[{\"@type\":\"SearchAction\",\"target\":{\"@type\":\"EntryPoint\",\"urlTemplate\":\"https:\/\/www.ammore.online\/es\/?s={search_term_string}\"},\"query-input\":{\"@type\":\"PropertyValueSpecification\",\"valueRequired\":true,\"valueName\":\"search_term_string\"}}],\"inLanguage\":\"es\"},{\"@type\":\"Organization\",\"@id\":\"https:\/\/www.ammore.online\/es\/#organization\",\"name\":\"Ammore\",\"url\":\"https:\/\/www.ammore.online\/es\/\",\"logo\":{\"@type\":\"ImageObject\",\"inLanguage\":\"es\",\"@id\":\"https:\/\/www.ammore.online\/es\/#\/schema\/logo\/image\/\",\"url\":\"https:\/\/www.ammore.online\/wp-content\/uploads\/2023\/10\/cropped-cropped-Ammore_logo.png\",\"contentUrl\":\"https:\/\/www.ammore.online\/wp-content\/uploads\/2023\/10\/cropped-cropped-Ammore_logo.png\",\"width\":1411,\"height\":393,\"caption\":\"Ammore\"},\"image\":{\"@id\":\"https:\/\/www.ammore.online\/es\/#\/schema\/logo\/image\/\"},\"sameAs\":[\"https:\/\/www.facebook.com\/ammore.official\",\"https:\/\/www.instagram.com\/ammore_official\"]}]}<\/script>\n<!-- \/ Yoast SEO plugin. -->","yoast_head_json":{"title":"PanDolce artesanal  Cl\u00e0sico - Ammore","robots":{"index":"index","follow":"follow","max-snippet":"max-snippet:-1","max-image-preview":"max-image-preview:large","max-video-preview":"max-video-preview:-1"},"canonical":"https:\/\/www.ammore.online\/es\/prodotto\/pandolce-classico\/","og_locale":"es_ES","og_type":"article","og_title":"PanDolce artesanal  Cl\u00e0sico - Ammore","og_description":"Un suave y delicioso producto fermentado que evoca sabores, aromas y recuerdos de las fiestas durante todo el a\u00f1o. Ideal tanto para el desayuno como para el postre, est\u00e1 elaborado con masa madre, harinas finas, mantequilla de Breta\u00f1a y huevos de primera calidad. La receta tradicional, sin conservantes ni grasas hidrogenadas, se enriquece con naranja Agrimontana confitada, pasas australianas y vainilla Bourbon de Madagascar.  Formato de 500 g\u00a0\u2013\u00a0Empaquetado a mano","og_url":"https:\/\/www.ammore.online\/es\/prodotto\/pandolce-classico\/","og_site_name":"Ammore","article_publisher":"https:\/\/www.facebook.com\/ammore.official","article_modified_time":"2024-01-30T18:26:00+00:00","twitter_card":"summary_large_image","twitter_misc":{"Tiempo de lectura":"1 minuto"},"schema":{"@context":"https:\/\/schema.org","@graph":[{"@type":"WebPage","@id":"https:\/\/www.ammore.online\/es\/prodotto\/pandolce-classico\/","url":"https:\/\/www.ammore.online\/es\/prodotto\/pandolce-classico\/","name":"PanDolce artesanal Cl\u00e0sico - Ammore","isPartOf":{"@id":"https:\/\/www.ammore.online\/es\/#website"},"primaryImageOfPage":{"@id":"https:\/\/www.ammore.online\/es\/prodotto\/pandolce-classico\/#primaryimage"},"image":{"@id":"https:\/\/www.ammore.online\/es\/prodotto\/pandolce-classico\/#primaryimage"},"thumbnailUrl":"https:\/\/www.ammore.online\/wp-content\/uploads\/2022\/08\/PANDOLCE-CLASSICO.png","datePublished":"2022-09-01T12:49:27+00:00","dateModified":"2024-01-30T18:26:00+00:00","breadcrumb":{"@id":"https:\/\/www.ammore.online\/es\/prodotto\/pandolce-classico\/#breadcrumb"},"inLanguage":"es","potentialAction":[{"@type":"ReadAction","target":["https:\/\/www.ammore.online\/es\/prodotto\/pandolce-classico\/"]}]},{"@type":"ImageObject","inLanguage":"es","@id":"https:\/\/www.ammore.online\/es\/prodotto\/pandolce-classico\/#primaryimage","url":"https:\/\/www.ammore.online\/wp-content\/uploads\/2022\/08\/PANDOLCE-CLASSICO.png","contentUrl":"https:\/\/www.ammore.online\/wp-content\/uploads\/2022\/08\/PANDOLCE-CLASSICO.png","width":630,"height":630},{"@type":"BreadcrumbList","@id":"https:\/\/www.ammore.online\/es\/prodotto\/pandolce-classico\/#breadcrumb","itemListElement":[{"@type":"ListItem","position":1,"name":"Home","item":"https:\/\/www.ammore.online\/es\/"},{"@type":"ListItem","position":2,"name":"Tienda","item":"https:\/\/www.ammore.online\/es\/tienda\/"},{"@type":"ListItem","position":3,"name":"PanDolce artesanal Cl\u00e0sico"}]},{"@type":"WebSite","@id":"https:\/\/www.ammore.online\/es\/#website","url":"https:\/\/www.ammore.online\/es\/","name":"Ammore","description":"Il gusto della tradizione","publisher":{"@id":"https:\/\/www.ammore.online\/es\/#organization"},"potentialAction":[{"@type":"SearchAction","target":{"@type":"EntryPoint","urlTemplate":"https:\/\/www.ammore.online\/es\/?s={search_term_string}"},"query-input":{"@type":"PropertyValueSpecification","valueRequired":true,"valueName":"search_term_string"}}],"inLanguage":"es"},{"@type":"Organization","@id":"https:\/\/www.ammore.online\/es\/#organization","name":"Ammore","url":"https:\/\/www.ammore.online\/es\/","logo":{"@type":"ImageObject","inLanguage":"es","@id":"https:\/\/www.ammore.online\/es\/#\/schema\/logo\/image\/","url":"https:\/\/www.ammore.online\/wp-content\/uploads\/2023\/10\/cropped-cropped-Ammore_logo.png","contentUrl":"https:\/\/www.ammore.online\/wp-content\/uploads\/2023\/10\/cropped-cropped-Ammore_logo.png","width":1411,"height":393,"caption":"Ammore"},"image":{"@id":"https:\/\/www.ammore.online\/es\/#\/schema\/logo\/image\/"},"sameAs":["https:\/\/www.facebook.com\/ammore.official","https:\/\/www.instagram.com\/ammore_official"]}]}},"_links":{"self":[{"href":"https:\/\/www.ammore.online\/es\/wp-json\/wp\/v2\/product\/1147","targetHints":{"allow":["GET"]}}],"collection":[{"href":"https:\/\/www.ammore.online\/es\/wp-json\/wp\/v2\/product"}],"about":[{"href":"https:\/\/www.ammore.online\/es\/wp-json\/wp\/v2\/types\/product"}],"wp:featuredmedia":[{"embeddable":true,"href":"https:\/\/www.ammore.online\/es\/wp-json\/wp\/v2\/media\/907"}],"wp:attachment":[{"href":"https:\/\/www.ammore.online\/es\/wp-json\/wp\/v2\/media?parent=1147"}],"wp:term":[{"taxonomy":"product_cat","embeddable":true,"href":"https:\/\/www.ammore.online\/es\/wp-json\/wp\/v2\/product_cat?post=1147"},{"taxonomy":"product_tag","embeddable":true,"href":"https:\/\/www.ammore.online\/es\/wp-json\/wp\/v2\/product_tag?post=1147"}],"curies":[{"name":"wp","href":"https:\/\/api.w.org\/{rel}","templated":true}]}}