{"id":1100,"date":"2022-09-01T08:25:40","date_gmt":"2022-09-01T08:25:40","guid":{"rendered":"https:\/\/www.ammore.online\/?post_type=product&#038;p=1100"},"modified":"2025-09-30T16:42:20","modified_gmt":"2025-09-30T16:42:20","slug":"panettone-artigianale-crema-al-mandarino","status":"publish","type":"product","link":"https:\/\/www.ammore.online\/es\/prodotto\/panettone-artigianale-crema-al-mandarino\/","title":{"rendered":"Panettone artesanal <br> Crema de Mandarina"},"content":{"rendered":"<p><strong>Ingredientes<\/strong>: harina de <strong>trigo<\/strong>, crema (chocolate blanco (az\u00facar, manteca de cacao, <strong>leche<\/strong> desnatada en polvo, <strong>leche<\/strong> entera en polvo, suero en polvo, grasa <strong>l\u00e1ctea<\/strong>, lecitinas (<strong>soja<\/strong>), aroma natural de vainilla), <strong>mantequilla<\/strong> clarificada, aceite de semillas de girasol, infundido en alcohol de cascra de mandarina alc. 4%, <strong>mantequilla<\/strong>, agua, yema de <strong>huevo<\/strong> fresca, mandarinas confitados (cascara de mandarina,jarabe de glucosa y fructosa, azucar), pasta de naranjia, levadura natural (harina de <strong>trigo<\/strong>), fructosa, miel, az\u00facar, manteca de cacao, vainilla Bourbon, sal, dextrosa, corrector de acidez: \u00e1cido c\u00edtrico. Puede contener trazas de <strong>frutos secos<\/strong>, <strong>soja<\/strong> y <strong>mostaza<\/strong>. Conservar en lugar fr\u00edo y seco. Producto sujeto a p\u00e9rdida de peso. Producido en Italia.<\/p>\n","protected":false},"excerpt":{"rendered":"<p>La elaboraci\u00f3n artesanal de este panettone est\u00e1 garantizada por una levadura natural y una receta muy tradicional. Un producto especial relleno de nata preparado con una infusi\u00f3n de pieles de mandarina y elaborado con masa madre, harinas finas, mantequilla de Breta\u00f1a y huevos de primera calidad. El sabor final est\u00e1 enriquecido con <strong>mandarinas confitadas<\/strong> y <strong>Bourbon Vanilla<\/strong> de Madagascar.<\/p>\n<p><strong>Formato 1 kg<\/strong> &#8211; <strong>Empaquetado a<\/strong> mano<\/p>\n<table border=\"0\">\n<tbody>\n<tr>\n<td><img loading=\"lazy\" decoding=\"async\" class=\"alignnone wp-image-685\" src=\"https:\/\/www.ammore.online\/wp-content\/uploads\/2022\/08\/Ingredienti_artigianale-es.png\" alt=\"\" width=\"197\" height=\"82\" \/><\/td>\n<td><img loading=\"lazy\" decoding=\"async\" class=\"alignnone size-medium wp-image-578\" src=\"https:\/\/www.ammore.online\/wp-content\/uploads\/2022\/08\/Ingredienti_lievito-es.png\" alt=\"\" width=\"197\" height=\"82\" \/><\/td>\n<td><img loading=\"lazy\" decoding=\"async\" class=\"alignnone size-medium wp-image-583\" src=\"https:\/\/www.ammore.online\/wp-content\/uploads\/2022\/08\/Ingredienti_naturale-es.png\" alt=\"\" width=\"197\" height=\"82\" \/><\/td>\n<\/tr>\n<tr>\n<td><img loading=\"lazy\" decoding=\"async\" class=\"alignnone size-medium wp-image-593\" src=\"https:\/\/www.ammore.online\/wp-content\/uploads\/2022\/08\/Ingredienti_no_palma-es.png\" alt=\"\" width=\"197\" height=\"82\" \/><\/td>\n<td><img loading=\"lazy\" decoding=\"async\" class=\"alignnone size-medium wp-image-588\" src=\"https:\/\/www.ammore.online\/wp-content\/uploads\/2022\/08\/Ingredienti_no_grassi-es.png\" alt=\"\" width=\"197\" height=\"82\" \/><\/td>\n<td><img loading=\"lazy\" decoding=\"async\" class=\"alignnone size-medium wp-image-573\" src=\"https:\/\/www.ammore.online\/wp-content\/uploads\/2022\/08\/Ingredienti_clip-es.png\" alt=\"\" width=\"197\" height=\"82\" \/><\/td>\n<\/tr>\n<\/tbody>\n<\/table>\n","protected":false},"featured_media":4779,"template":"","meta":{"_genesis_hide_title":false,"_genesis_hide_breadcrumbs":false,"_genesis_hide_singular_image":false,"_genesis_hide_footer_widgets":false,"_genesis_custom_body_class":"","_genesis_custom_post_class":"","_genesis_layout":""},"product_cat":[62,100],"product_tag":[],"class_list":{"0":"post-1100","1":"product","2":"type-product","3":"status-publish","4":"has-post-thumbnail","6":"product_cat-navidad","7":"product_cat-relleno","8":"entry","10":"first","11":"outofstock","12":"shipping-taxable","13":"purchasable","14":"product-type-simple"},"yoast_head":"<!-- This site is optimized with the Yoast SEO plugin v23.7 - https:\/\/yoast.com\/wordpress\/plugins\/seo\/ -->\n<title>Panettone artesanal  Crema de Mandarina - Ammore<\/title>\n<meta name=\"robots\" content=\"index, follow, max-snippet:-1, max-image-preview:large, max-video-preview:-1\" \/>\n<link rel=\"canonical\" href=\"https:\/\/www.ammore.online\/es\/prodotto\/panettone-artigianale-crema-al-mandarino\/\" \/>\n<meta property=\"og:locale\" content=\"es_ES\" \/>\n<meta property=\"og:type\" content=\"article\" \/>\n<meta property=\"og:title\" content=\"Panettone artesanal  Crema de Mandarina - Ammore\" \/>\n<meta property=\"og:description\" content=\"La elaboraci\u00f3n artesanal de este panettone est\u00e1 garantizada por una levadura natural y una receta muy tradicional. Un producto especial relleno de nata preparado con una infusi\u00f3n de pieles de mandarina y elaborado con masa madre, harinas finas, mantequilla de Breta\u00f1a y huevos de primera calidad. El sabor final est\u00e1 enriquecido con mandarinas confitadas y Bourbon Vanilla de Madagascar.  Formato 1 kg - Empaquetado a mano\" \/>\n<meta property=\"og:url\" content=\"https:\/\/www.ammore.online\/es\/prodotto\/panettone-artigianale-crema-al-mandarino\/\" \/>\n<meta property=\"og:site_name\" content=\"Ammore\" \/>\n<meta property=\"article:publisher\" content=\"https:\/\/www.facebook.com\/ammore.official\" \/>\n<meta property=\"article:modified_time\" content=\"2025-09-30T16:42:20+00:00\" \/>\n<meta name=\"twitter:card\" content=\"summary_large_image\" \/>\n<meta name=\"twitter:label1\" content=\"Tiempo de lectura\" \/>\n\t<meta name=\"twitter:data1\" content=\"1 minuto\" \/>\n<script type=\"application\/ld+json\" class=\"yoast-schema-graph\">{\"@context\":\"https:\/\/schema.org\",\"@graph\":[{\"@type\":\"WebPage\",\"@id\":\"https:\/\/www.ammore.online\/es\/prodotto\/panettone-artigianale-crema-al-mandarino\/\",\"url\":\"https:\/\/www.ammore.online\/es\/prodotto\/panettone-artigianale-crema-al-mandarino\/\",\"name\":\"Panettone artesanal Crema de Mandarina - Ammore\",\"isPartOf\":{\"@id\":\"https:\/\/www.ammore.online\/es\/#website\"},\"primaryImageOfPage\":{\"@id\":\"https:\/\/www.ammore.online\/es\/prodotto\/panettone-artigianale-crema-al-mandarino\/#primaryimage\"},\"image\":{\"@id\":\"https:\/\/www.ammore.online\/es\/prodotto\/panettone-artigianale-crema-al-mandarino\/#primaryimage\"},\"thumbnailUrl\":\"https:\/\/www.ammore.online\/wp-content\/uploads\/2022\/10\/crema-al-limoncello.jpg\",\"datePublished\":\"2022-09-01T08:25:40+00:00\",\"dateModified\":\"2025-09-30T16:42:20+00:00\",\"breadcrumb\":{\"@id\":\"https:\/\/www.ammore.online\/es\/prodotto\/panettone-artigianale-crema-al-mandarino\/#breadcrumb\"},\"inLanguage\":\"es\",\"potentialAction\":[{\"@type\":\"ReadAction\",\"target\":[\"https:\/\/www.ammore.online\/es\/prodotto\/panettone-artigianale-crema-al-mandarino\/\"]}]},{\"@type\":\"ImageObject\",\"inLanguage\":\"es\",\"@id\":\"https:\/\/www.ammore.online\/es\/prodotto\/panettone-artigianale-crema-al-mandarino\/#primaryimage\",\"url\":\"https:\/\/www.ammore.online\/wp-content\/uploads\/2022\/10\/crema-al-limoncello.jpg\",\"contentUrl\":\"https:\/\/www.ammore.online\/wp-content\/uploads\/2022\/10\/crema-al-limoncello.jpg\",\"width\":1920,\"height\":1915,\"caption\":\"Foto \u00a9 Alessandra Farinelli\"},{\"@type\":\"BreadcrumbList\",\"@id\":\"https:\/\/www.ammore.online\/es\/prodotto\/panettone-artigianale-crema-al-mandarino\/#breadcrumb\",\"itemListElement\":[{\"@type\":\"ListItem\",\"position\":1,\"name\":\"Home\",\"item\":\"https:\/\/www.ammore.online\/es\/\"},{\"@type\":\"ListItem\",\"position\":2,\"name\":\"Tienda\",\"item\":\"https:\/\/www.ammore.online\/es\/tienda\/\"},{\"@type\":\"ListItem\",\"position\":3,\"name\":\"Panettone artesanal Crema de Mandarina\"}]},{\"@type\":\"WebSite\",\"@id\":\"https:\/\/www.ammore.online\/es\/#website\",\"url\":\"https:\/\/www.ammore.online\/es\/\",\"name\":\"Ammore\",\"description\":\"Il gusto della tradizione\",\"publisher\":{\"@id\":\"https:\/\/www.ammore.online\/es\/#organization\"},\"potentialAction\":[{\"@type\":\"SearchAction\",\"target\":{\"@type\":\"EntryPoint\",\"urlTemplate\":\"https:\/\/www.ammore.online\/es\/?s={search_term_string}\"},\"query-input\":{\"@type\":\"PropertyValueSpecification\",\"valueRequired\":true,\"valueName\":\"search_term_string\"}}],\"inLanguage\":\"es\"},{\"@type\":\"Organization\",\"@id\":\"https:\/\/www.ammore.online\/es\/#organization\",\"name\":\"Ammore\",\"url\":\"https:\/\/www.ammore.online\/es\/\",\"logo\":{\"@type\":\"ImageObject\",\"inLanguage\":\"es\",\"@id\":\"https:\/\/www.ammore.online\/es\/#\/schema\/logo\/image\/\",\"url\":\"https:\/\/www.ammore.online\/wp-content\/uploads\/2023\/10\/cropped-cropped-Ammore_logo.png\",\"contentUrl\":\"https:\/\/www.ammore.online\/wp-content\/uploads\/2023\/10\/cropped-cropped-Ammore_logo.png\",\"width\":1411,\"height\":393,\"caption\":\"Ammore\"},\"image\":{\"@id\":\"https:\/\/www.ammore.online\/es\/#\/schema\/logo\/image\/\"},\"sameAs\":[\"https:\/\/www.facebook.com\/ammore.official\",\"https:\/\/www.instagram.com\/ammore_official\"]}]}<\/script>\n<!-- \/ Yoast SEO plugin. -->","yoast_head_json":{"title":"Panettone artesanal  Crema de Mandarina - Ammore","robots":{"index":"index","follow":"follow","max-snippet":"max-snippet:-1","max-image-preview":"max-image-preview:large","max-video-preview":"max-video-preview:-1"},"canonical":"https:\/\/www.ammore.online\/es\/prodotto\/panettone-artigianale-crema-al-mandarino\/","og_locale":"es_ES","og_type":"article","og_title":"Panettone artesanal  Crema de Mandarina - Ammore","og_description":"La elaboraci\u00f3n artesanal de este panettone est\u00e1 garantizada por una levadura natural y una receta muy tradicional. Un producto especial relleno de nata preparado con una infusi\u00f3n de pieles de mandarina y elaborado con masa madre, harinas finas, mantequilla de Breta\u00f1a y huevos de primera calidad. El sabor final est\u00e1 enriquecido con mandarinas confitadas y Bourbon Vanilla de Madagascar.  Formato 1 kg - Empaquetado a mano","og_url":"https:\/\/www.ammore.online\/es\/prodotto\/panettone-artigianale-crema-al-mandarino\/","og_site_name":"Ammore","article_publisher":"https:\/\/www.facebook.com\/ammore.official","article_modified_time":"2025-09-30T16:42:20+00:00","twitter_card":"summary_large_image","twitter_misc":{"Tiempo de lectura":"1 minuto"},"schema":{"@context":"https:\/\/schema.org","@graph":[{"@type":"WebPage","@id":"https:\/\/www.ammore.online\/es\/prodotto\/panettone-artigianale-crema-al-mandarino\/","url":"https:\/\/www.ammore.online\/es\/prodotto\/panettone-artigianale-crema-al-mandarino\/","name":"Panettone artesanal Crema de Mandarina - Ammore","isPartOf":{"@id":"https:\/\/www.ammore.online\/es\/#website"},"primaryImageOfPage":{"@id":"https:\/\/www.ammore.online\/es\/prodotto\/panettone-artigianale-crema-al-mandarino\/#primaryimage"},"image":{"@id":"https:\/\/www.ammore.online\/es\/prodotto\/panettone-artigianale-crema-al-mandarino\/#primaryimage"},"thumbnailUrl":"https:\/\/www.ammore.online\/wp-content\/uploads\/2022\/10\/crema-al-limoncello.jpg","datePublished":"2022-09-01T08:25:40+00:00","dateModified":"2025-09-30T16:42:20+00:00","breadcrumb":{"@id":"https:\/\/www.ammore.online\/es\/prodotto\/panettone-artigianale-crema-al-mandarino\/#breadcrumb"},"inLanguage":"es","potentialAction":[{"@type":"ReadAction","target":["https:\/\/www.ammore.online\/es\/prodotto\/panettone-artigianale-crema-al-mandarino\/"]}]},{"@type":"ImageObject","inLanguage":"es","@id":"https:\/\/www.ammore.online\/es\/prodotto\/panettone-artigianale-crema-al-mandarino\/#primaryimage","url":"https:\/\/www.ammore.online\/wp-content\/uploads\/2022\/10\/crema-al-limoncello.jpg","contentUrl":"https:\/\/www.ammore.online\/wp-content\/uploads\/2022\/10\/crema-al-limoncello.jpg","width":1920,"height":1915,"caption":"Foto \u00a9 Alessandra Farinelli"},{"@type":"BreadcrumbList","@id":"https:\/\/www.ammore.online\/es\/prodotto\/panettone-artigianale-crema-al-mandarino\/#breadcrumb","itemListElement":[{"@type":"ListItem","position":1,"name":"Home","item":"https:\/\/www.ammore.online\/es\/"},{"@type":"ListItem","position":2,"name":"Tienda","item":"https:\/\/www.ammore.online\/es\/tienda\/"},{"@type":"ListItem","position":3,"name":"Panettone artesanal Crema de Mandarina"}]},{"@type":"WebSite","@id":"https:\/\/www.ammore.online\/es\/#website","url":"https:\/\/www.ammore.online\/es\/","name":"Ammore","description":"Il gusto della tradizione","publisher":{"@id":"https:\/\/www.ammore.online\/es\/#organization"},"potentialAction":[{"@type":"SearchAction","target":{"@type":"EntryPoint","urlTemplate":"https:\/\/www.ammore.online\/es\/?s={search_term_string}"},"query-input":{"@type":"PropertyValueSpecification","valueRequired":true,"valueName":"search_term_string"}}],"inLanguage":"es"},{"@type":"Organization","@id":"https:\/\/www.ammore.online\/es\/#organization","name":"Ammore","url":"https:\/\/www.ammore.online\/es\/","logo":{"@type":"ImageObject","inLanguage":"es","@id":"https:\/\/www.ammore.online\/es\/#\/schema\/logo\/image\/","url":"https:\/\/www.ammore.online\/wp-content\/uploads\/2023\/10\/cropped-cropped-Ammore_logo.png","contentUrl":"https:\/\/www.ammore.online\/wp-content\/uploads\/2023\/10\/cropped-cropped-Ammore_logo.png","width":1411,"height":393,"caption":"Ammore"},"image":{"@id":"https:\/\/www.ammore.online\/es\/#\/schema\/logo\/image\/"},"sameAs":["https:\/\/www.facebook.com\/ammore.official","https:\/\/www.instagram.com\/ammore_official"]}]}},"_links":{"self":[{"href":"https:\/\/www.ammore.online\/es\/wp-json\/wp\/v2\/product\/1100","targetHints":{"allow":["GET"]}}],"collection":[{"href":"https:\/\/www.ammore.online\/es\/wp-json\/wp\/v2\/product"}],"about":[{"href":"https:\/\/www.ammore.online\/es\/wp-json\/wp\/v2\/types\/product"}],"wp:featuredmedia":[{"embeddable":true,"href":"https:\/\/www.ammore.online\/es\/wp-json\/wp\/v2\/media\/4779"}],"wp:attachment":[{"href":"https:\/\/www.ammore.online\/es\/wp-json\/wp\/v2\/media?parent=1100"}],"wp:term":[{"taxonomy":"product_cat","embeddable":true,"href":"https:\/\/www.ammore.online\/es\/wp-json\/wp\/v2\/product_cat?post=1100"},{"taxonomy":"product_tag","embeddable":true,"href":"https:\/\/www.ammore.online\/es\/wp-json\/wp\/v2\/product_tag?post=1100"}],"curies":[{"name":"wp","href":"https:\/\/api.w.org\/{rel}","templated":true}]}}