{"id":3866,"date":"2023-11-27T18:14:25","date_gmt":"2023-11-27T18:14:25","guid":{"rendered":"https:\/\/www.ammore.online\/productos\/compotas\/"},"modified":"2023-11-27T18:21:57","modified_gmt":"2023-11-27T18:21:57","slug":"compotas","status":"publish","type":"page","link":"https:\/\/www.ammore.online\/es\/productos\/compotas\/","title":{"rendered":"Compotas"},"content":{"rendered":"<div class=\"wp-block-group alignwide\"><div class=\"wp-block-group__inner-container is-layout-constrained wp-block-group-is-layout-constrained\"><div style=\"height:100px\" aria-hidden=\"true\" class=\"wp-block-spacer\"><\/div>\n\n<p class=\"has-text-align-center\">\u00a1No es una simple compota sino mucho m\u00e1s! <\/p>\n\n<p class=\"has-text-align-center\">Sabor envolvente, rico en deliciosas frutas, elaborado con \u201c<strong>Ammore<\/strong>\u201d. <\/p>\n\n<p class=\"has-text-align-center\">Hemos seleccionado e investigado materias primas de excelente calidad. Los <strong>albaricoques del Vesubio<\/strong> variedad &#8220;<strong>Pellecchiella<\/strong>&#8221; y el jugo de manzana son cuidadosamente procesados \u200b\u200bpara darte una compota con un sabor \u00fanico pero sin exceder en calor\u00edas, perfecta para el desayuno o para tu merecido descanso diario. <\/p>\n\n<p class=\"has-text-align-center\">Divi\u00e9rtete probando los numerosos sabores que se ofrecen, todos ellos especialmente adecuados para la dieta de deportistas y m\u00e1s all\u00e1. <\/p>\n\n<p class=\"has-text-align-center\">Una forma de cuidar tanto la mente como el coraz\u00f3n, dedic\u00e1ndote a empezar el d\u00eda de forma nutritiva y saludable sin renunciar al sabor. <\/p>\n\n<p><\/p>\n\n<div style=\"height:50px\" aria-hidden=\"true\" class=\"wp-block-spacer\"><\/div><\/div><\/div><div data-align-buttons=\"true\" data-block-name=\"woocommerce\/product-category\" data-categories=\"[162]\" class=\"wc-block-grid wp-block-product-category wc-block-product-category has-3-columns has-multiple-rows alignwide has-aligned-buttons\"><ul class=\"wc-block-grid__products\"><li class=\"wc-block-grid__product\">\n\t\t\t\t<a href=\"https:\/\/www.ammore.online\/es\/prodotto\/compota-albaricoque-vesuvio\/\" class=\"wc-block-grid__product-link\">\n\t\t\t\t\t\n\t\t\t\t\t<div class=\"wc-block-grid__product-image\"><img loading=\"lazy\" decoding=\"async\" width=\"530\" height=\"530\" src=\"https:\/\/www.ammore.online\/wp-content\/uploads\/2023\/11\/Composta-Ammore-530x530.jpg\" class=\"attachment-woocommerce_thumbnail size-woocommerce_thumbnail\" alt=\"Compota &lt;br&gt; Albaricoque Pellecchiella del Vesuvio\" srcset=\"https:\/\/www.ammore.online\/wp-content\/uploads\/2023\/11\/Composta-Ammore-530x530.jpg 530w, https:\/\/www.ammore.online\/wp-content\/uploads\/2023\/11\/Composta-Ammore-300x300.jpg 300w, https:\/\/www.ammore.online\/wp-content\/uploads\/2023\/11\/Composta-Ammore-150x150.jpg 150w, https:\/\/www.ammore.online\/wp-content\/uploads\/2023\/11\/Composta-Ammore-768x768.jpg 768w, https:\/\/www.ammore.online\/wp-content\/uploads\/2023\/11\/Composta-Ammore-50x50.jpg 50w, https:\/\/www.ammore.online\/wp-content\/uploads\/2023\/11\/Composta-Ammore-600x600.jpg 600w, https:\/\/www.ammore.online\/wp-content\/uploads\/2023\/11\/Composta-Ammore-720x720.jpg 720w, https:\/\/www.ammore.online\/wp-content\/uploads\/2023\/11\/Composta-Ammore-180x180.jpg 180w, https:\/\/www.ammore.online\/wp-content\/uploads\/2023\/11\/Composta-Ammore.jpg 886w\" sizes=\"auto, (max-width: 530px) 100vw, 530px\" \/><\/div>\n\t\t\t\t\t<div class=\"wc-block-grid__product-title\">Compota <br> Albaricoque Pellecchiella del Vesuvio<\/div>\n\t\t\t\t<\/a>\n\t\t\t\t<div class=\"wc-block-grid__product-price price\"><span class=\"woocommerce-Price-amount amount\">9,00&nbsp;<span class=\"woocommerce-Price-currencySymbol\">&euro;<\/span><\/span><\/div>\n\t\t\t\t\n\t\t\t\t<div class=\"wp-block-button wc-block-grid__product-add-to-cart\"><a href=\"https:\/\/www.ammore.online\/es\/prodotto\/compota-albaricoque-vesuvio\/\" aria-label=\"Lee m\u00e1s sobre &ldquo;Compota &lt;br&gt; Albaricoque Pellecchiella del Vesuvio&rdquo;\" data-quantity=\"1\" data-product_id=\"3855\" data-product_sku=\"\" data-price=\"9\" rel=\"nofollow\" class=\"wp-block-button__link  add_to_cart_button\">Leer m\u00e1s<\/a><\/div>\n\t\t\t<\/li><\/ul><\/div>","protected":false},"excerpt":{"rendered":"<p>\u00a1No es una simple compota sino mucho m\u00e1s! Sabor envolvente, rico en deliciosas frutas, elaborado con \u201cAmmore\u201d. Hemos seleccionado e investigado materias primas de excelente calidad. Los albaricoques del Vesubio variedad &#8220;Pellecchiella&#8221; y el jugo de manzana son cuidadosamente procesados \u200b\u200bpara darte una compota con un sabor \u00fanico pero sin exceder en calor\u00edas, perfecta para [&hellip;]<\/p>\n","protected":false},"author":5,"featured_media":0,"parent":3111,"menu_order":0,"comment_status":"closed","ping_status":"closed","template":"templates\/blocks.php","meta":{"_genesis_hide_title":false,"_genesis_hide_breadcrumbs":false,"_genesis_hide_singular_image":false,"_genesis_hide_footer_widgets":false,"_genesis_custom_body_class":"","_genesis_custom_post_class":"","_genesis_layout":"full-width-content","footnotes":""},"class_list":{"0":"post-3866","1":"page","2":"type-page","3":"status-publish","5":"entry"},"yoast_head":"<!-- This site is optimized with the Yoast SEO plugin v23.7 - https:\/\/yoast.com\/wordpress\/plugins\/seo\/ -->\n<title>Compotas - Ammore<\/title>\n<meta name=\"description\" content=\"\u00a1No es un simple untable, sino mucho, mucho m\u00e1s! Una crema envolvente y deliciosa, de sabor goloso y elaborada con &quot;Ammore&quot;.\" \/>\n<meta name=\"robots\" content=\"index, follow, max-snippet:-1, max-image-preview:large, max-video-preview:-1\" \/>\n<link rel=\"canonical\" href=\"https:\/\/www.ammore.online\/es\/productos\/compotas\/\" \/>\n<meta property=\"og:locale\" content=\"es_ES\" \/>\n<meta property=\"og:type\" content=\"article\" \/>\n<meta property=\"og:title\" content=\"Compotas - Ammore\" \/>\n<meta property=\"og:description\" content=\"\u00a1No es un simple untable, sino mucho, mucho m\u00e1s! Una crema envolvente y deliciosa, de sabor goloso y elaborada con &quot;Ammore&quot;.\" \/>\n<meta property=\"og:url\" content=\"https:\/\/www.ammore.online\/es\/productos\/compotas\/\" \/>\n<meta property=\"og:site_name\" content=\"Ammore\" \/>\n<meta property=\"article:publisher\" content=\"https:\/\/www.facebook.com\/ammore.official\" \/>\n<meta property=\"article:modified_time\" content=\"2023-11-27T18:21:57+00:00\" \/>\n<meta name=\"twitter:card\" content=\"summary_large_image\" \/>\n<meta name=\"twitter:label1\" content=\"Tiempo de lectura\" \/>\n\t<meta name=\"twitter:data1\" content=\"1 minuto\" \/>\n<script type=\"application\/ld+json\" class=\"yoast-schema-graph\">{\"@context\":\"https:\/\/schema.org\",\"@graph\":[{\"@type\":\"WebPage\",\"@id\":\"https:\/\/www.ammore.online\/es\/productos\/compotas\/\",\"url\":\"https:\/\/www.ammore.online\/es\/productos\/compotas\/\",\"name\":\"Compotas - Ammore\",\"isPartOf\":{\"@id\":\"https:\/\/www.ammore.online\/es\/#website\"},\"datePublished\":\"2023-11-27T18:14:25+00:00\",\"dateModified\":\"2023-11-27T18:21:57+00:00\",\"description\":\"\u00a1No es un simple untable, sino mucho, mucho m\u00e1s! Una crema envolvente y deliciosa, de sabor goloso y elaborada con \\\"Ammore\\\".\",\"breadcrumb\":{\"@id\":\"https:\/\/www.ammore.online\/es\/productos\/compotas\/#breadcrumb\"},\"inLanguage\":\"es\",\"potentialAction\":[{\"@type\":\"ReadAction\",\"target\":[\"https:\/\/www.ammore.online\/es\/productos\/compotas\/\"]}]},{\"@type\":\"BreadcrumbList\",\"@id\":\"https:\/\/www.ammore.online\/es\/productos\/compotas\/#breadcrumb\",\"itemListElement\":[{\"@type\":\"ListItem\",\"position\":1,\"name\":\"Home\",\"item\":\"https:\/\/www.ammore.online\/es\/\"},{\"@type\":\"ListItem\",\"position\":2,\"name\":\"Productos\",\"item\":\"https:\/\/www.ammore.online\/es\/productos\/\"},{\"@type\":\"ListItem\",\"position\":3,\"name\":\"Compotas\"}]},{\"@type\":\"WebSite\",\"@id\":\"https:\/\/www.ammore.online\/es\/#website\",\"url\":\"https:\/\/www.ammore.online\/es\/\",\"name\":\"Ammore\",\"description\":\"Il gusto della tradizione\",\"publisher\":{\"@id\":\"https:\/\/www.ammore.online\/es\/#organization\"},\"potentialAction\":[{\"@type\":\"SearchAction\",\"target\":{\"@type\":\"EntryPoint\",\"urlTemplate\":\"https:\/\/www.ammore.online\/es\/?s={search_term_string}\"},\"query-input\":{\"@type\":\"PropertyValueSpecification\",\"valueRequired\":true,\"valueName\":\"search_term_string\"}}],\"inLanguage\":\"es\"},{\"@type\":\"Organization\",\"@id\":\"https:\/\/www.ammore.online\/es\/#organization\",\"name\":\"Ammore\",\"url\":\"https:\/\/www.ammore.online\/es\/\",\"logo\":{\"@type\":\"ImageObject\",\"inLanguage\":\"es\",\"@id\":\"https:\/\/www.ammore.online\/es\/#\/schema\/logo\/image\/\",\"url\":\"https:\/\/www.ammore.online\/wp-content\/uploads\/2023\/10\/cropped-cropped-Ammore_logo.png\",\"contentUrl\":\"https:\/\/www.ammore.online\/wp-content\/uploads\/2023\/10\/cropped-cropped-Ammore_logo.png\",\"width\":1411,\"height\":393,\"caption\":\"Ammore\"},\"image\":{\"@id\":\"https:\/\/www.ammore.online\/es\/#\/schema\/logo\/image\/\"},\"sameAs\":[\"https:\/\/www.facebook.com\/ammore.official\",\"https:\/\/www.instagram.com\/ammore_official\"]}]}<\/script>\n<!-- \/ Yoast SEO plugin. -->","yoast_head_json":{"title":"Compotas - Ammore","description":"\u00a1No es un simple untable, sino mucho, mucho m\u00e1s! Una crema envolvente y deliciosa, de sabor goloso y elaborada con \"Ammore\".","robots":{"index":"index","follow":"follow","max-snippet":"max-snippet:-1","max-image-preview":"max-image-preview:large","max-video-preview":"max-video-preview:-1"},"canonical":"https:\/\/www.ammore.online\/es\/productos\/compotas\/","og_locale":"es_ES","og_type":"article","og_title":"Compotas - Ammore","og_description":"\u00a1No es un simple untable, sino mucho, mucho m\u00e1s! Una crema envolvente y deliciosa, de sabor goloso y elaborada con \"Ammore\".","og_url":"https:\/\/www.ammore.online\/es\/productos\/compotas\/","og_site_name":"Ammore","article_publisher":"https:\/\/www.facebook.com\/ammore.official","article_modified_time":"2023-11-27T18:21:57+00:00","twitter_card":"summary_large_image","twitter_misc":{"Tiempo de lectura":"1 minuto"},"schema":{"@context":"https:\/\/schema.org","@graph":[{"@type":"WebPage","@id":"https:\/\/www.ammore.online\/es\/productos\/compotas\/","url":"https:\/\/www.ammore.online\/es\/productos\/compotas\/","name":"Compotas - Ammore","isPartOf":{"@id":"https:\/\/www.ammore.online\/es\/#website"},"datePublished":"2023-11-27T18:14:25+00:00","dateModified":"2023-11-27T18:21:57+00:00","description":"\u00a1No es un simple untable, sino mucho, mucho m\u00e1s! Una crema envolvente y deliciosa, de sabor goloso y elaborada con \"Ammore\".","breadcrumb":{"@id":"https:\/\/www.ammore.online\/es\/productos\/compotas\/#breadcrumb"},"inLanguage":"es","potentialAction":[{"@type":"ReadAction","target":["https:\/\/www.ammore.online\/es\/productos\/compotas\/"]}]},{"@type":"BreadcrumbList","@id":"https:\/\/www.ammore.online\/es\/productos\/compotas\/#breadcrumb","itemListElement":[{"@type":"ListItem","position":1,"name":"Home","item":"https:\/\/www.ammore.online\/es\/"},{"@type":"ListItem","position":2,"name":"Productos","item":"https:\/\/www.ammore.online\/es\/productos\/"},{"@type":"ListItem","position":3,"name":"Compotas"}]},{"@type":"WebSite","@id":"https:\/\/www.ammore.online\/es\/#website","url":"https:\/\/www.ammore.online\/es\/","name":"Ammore","description":"Il gusto della tradizione","publisher":{"@id":"https:\/\/www.ammore.online\/es\/#organization"},"potentialAction":[{"@type":"SearchAction","target":{"@type":"EntryPoint","urlTemplate":"https:\/\/www.ammore.online\/es\/?s={search_term_string}"},"query-input":{"@type":"PropertyValueSpecification","valueRequired":true,"valueName":"search_term_string"}}],"inLanguage":"es"},{"@type":"Organization","@id":"https:\/\/www.ammore.online\/es\/#organization","name":"Ammore","url":"https:\/\/www.ammore.online\/es\/","logo":{"@type":"ImageObject","inLanguage":"es","@id":"https:\/\/www.ammore.online\/es\/#\/schema\/logo\/image\/","url":"https:\/\/www.ammore.online\/wp-content\/uploads\/2023\/10\/cropped-cropped-Ammore_logo.png","contentUrl":"https:\/\/www.ammore.online\/wp-content\/uploads\/2023\/10\/cropped-cropped-Ammore_logo.png","width":1411,"height":393,"caption":"Ammore"},"image":{"@id":"https:\/\/www.ammore.online\/es\/#\/schema\/logo\/image\/"},"sameAs":["https:\/\/www.facebook.com\/ammore.official","https:\/\/www.instagram.com\/ammore_official"]}]}},"featured_image_src":null,"featured_image_src_square":null,"_links":{"self":[{"href":"https:\/\/www.ammore.online\/es\/wp-json\/wp\/v2\/pages\/3866","targetHints":{"allow":["GET"]}}],"collection":[{"href":"https:\/\/www.ammore.online\/es\/wp-json\/wp\/v2\/pages"}],"about":[{"href":"https:\/\/www.ammore.online\/es\/wp-json\/wp\/v2\/types\/page"}],"author":[{"embeddable":true,"href":"https:\/\/www.ammore.online\/es\/wp-json\/wp\/v2\/users\/5"}],"replies":[{"embeddable":true,"href":"https:\/\/www.ammore.online\/es\/wp-json\/wp\/v2\/comments?post=3866"}],"version-history":[{"count":1,"href":"https:\/\/www.ammore.online\/es\/wp-json\/wp\/v2\/pages\/3866\/revisions"}],"predecessor-version":[{"id":3867,"href":"https:\/\/www.ammore.online\/es\/wp-json\/wp\/v2\/pages\/3866\/revisions\/3867"}],"up":[{"embeddable":true,"href":"https:\/\/www.ammore.online\/es\/wp-json\/wp\/v2\/pages\/3111"}],"wp:attachment":[{"href":"https:\/\/www.ammore.online\/es\/wp-json\/wp\/v2\/media?parent=3866"}],"curies":[{"name":"wp","href":"https:\/\/api.w.org\/{rel}","templated":true}]}}