{"id":3522,"date":"2023-09-08T08:51:46","date_gmt":"2023-09-08T08:51:46","guid":{"rendered":"https:\/\/www.ammore.online\/productos\/creams-para-untar\/"},"modified":"2023-09-15T15:32:11","modified_gmt":"2023-09-15T15:32:11","slug":"creams-para-untar","status":"publish","type":"page","link":"https:\/\/www.ammore.online\/es\/productos\/creams-para-untar\/","title":{"rendered":"Creams para untar"},"content":{"rendered":"<div class=\"wp-block-group alignwide\"><div class=\"wp-block-group__inner-container is-layout-constrained wp-block-group-is-layout-constrained\"><div style=\"height:100px\" aria-hidden=\"true\" class=\"wp-block-spacer\"><\/div>\n\n<p class=\"has-text-align-center\">\u00a1No es un simple untable, sino mucho, mucho m\u00e1s! Una crema envolvente y deliciosa, de sabor goloso y elaborada con &#8220;<strong>Ammore<\/strong>&#8220;. <\/p>\n\n<p class=\"has-text-align-center\">Las materias primas investigadas y seleccionadas son de excelente calidad. El aceite de oliva virgen extra, el cacao, las avellanas y el az\u00facar de ca\u00f1a se procesan cuidadosamente para que tengas la energ\u00eda necesaria desde el desayuno o durante tu merecido descanso diario. <\/p>\n\n<p class=\"has-text-align-center\">Divi\u00e9rtete probando los numerosos sabores que te ofrecemos, todos ellos especialmente indicados para la nutrici\u00f3n deportiva y para aquellos que se preocupan por su bienestar, tanto de la mente como del coraz\u00f3n, dedic\u00e1ndose a un comienzo del d\u00eda nutritivo y saludable.<\/p>\n\n<div style=\"height:50px\" aria-hidden=\"true\" class=\"wp-block-spacer\"><\/div><\/div><\/div><div data-align-buttons=\"true\" data-block-name=\"woocommerce\/product-category\" data-categories=\"[99]\" class=\"wc-block-grid wp-block-product-category wc-block-product-category has-3-columns has-multiple-rows alignwide has-aligned-buttons\"><ul class=\"wc-block-grid__products\"><li class=\"wc-block-grid__product\">\n\t\t\t\t<a href=\"https:\/\/www.ammore.online\/es\/prodotto\/crema-bianca\/\" class=\"wc-block-grid__product-link\">\n\t\t\t\t\t\n\t\t\t\t\t<div class=\"wc-block-grid__product-image\"><img loading=\"lazy\" decoding=\"async\" width=\"530\" height=\"530\" src=\"https:\/\/www.ammore.online\/wp-content\/uploads\/2024\/10\/crema-bianca-scaled-530x530.jpg\" class=\"attachment-woocommerce_thumbnail size-woocommerce_thumbnail\" alt=\"Crema blanca\" srcset=\"https:\/\/www.ammore.online\/wp-content\/uploads\/2024\/10\/crema-bianca-scaled-530x530.jpg 530w, https:\/\/www.ammore.online\/wp-content\/uploads\/2024\/10\/crema-bianca-150x150.jpg 150w\" sizes=\"auto, (max-width: 530px) 100vw, 530px\" \/><\/div>\n\t\t\t\t\t<div class=\"wc-block-grid__product-title\">Crema blanca<\/div>\n\t\t\t\t<\/a>\n\t\t\t\t<div class=\"wc-block-grid__product-price price\"><span class=\"woocommerce-Price-amount amount\">12,00&nbsp;<span class=\"woocommerce-Price-currencySymbol\">&euro;<\/span><\/span><\/div>\n\t\t\t\t\n\t\t\t\t<div class=\"wp-block-button wc-block-grid__product-add-to-cart\"><a href=\"?add-to-cart=1330\" aria-label=\"A\u00f1adir al carrito: &ldquo;Crema blanca&rdquo;\" data-quantity=\"1\" data-product_id=\"1330\" data-product_sku=\"\" data-price=\"12\" rel=\"nofollow\" class=\"wp-block-button__link  add_to_cart_button ajax_add_to_cart\">A\u00f1adir al carrito<\/a><\/div>\n\t\t\t<\/li><li class=\"wc-block-grid__product\">\n\t\t\t\t<a href=\"https:\/\/www.ammore.online\/es\/prodotto\/crema-spalmabile-nocciole-pistacchi\/\" class=\"wc-block-grid__product-link\">\n\t\t\t\t\t\n\t\t\t\t\t<div class=\"wc-block-grid__product-image\"><img loading=\"lazy\" decoding=\"async\" width=\"530\" height=\"530\" src=\"https:\/\/www.ammore.online\/wp-content\/uploads\/2024\/10\/crema-nocciole-pistacchio-scaled-530x530.jpg\" class=\"attachment-woocommerce_thumbnail size-woocommerce_thumbnail\" alt=\"Crema de avellanas y pistachos\" srcset=\"https:\/\/www.ammore.online\/wp-content\/uploads\/2024\/10\/crema-nocciole-pistacchio-scaled-530x530.jpg 530w, https:\/\/www.ammore.online\/wp-content\/uploads\/2024\/10\/crema-nocciole-pistacchio-150x150.jpg 150w\" sizes=\"auto, (max-width: 530px) 100vw, 530px\" \/><\/div>\n\t\t\t\t\t<div class=\"wc-block-grid__product-title\">Crema de avellanas y pistachos<\/div>\n\t\t\t\t<\/a>\n\t\t\t\t<div class=\"wc-block-grid__product-price price\"><span class=\"woocommerce-Price-amount amount\">12,00&nbsp;<span class=\"woocommerce-Price-currencySymbol\">&euro;<\/span><\/span><\/div>\n\t\t\t\t\n\t\t\t\t<div class=\"wp-block-button wc-block-grid__product-add-to-cart\"><a href=\"?add-to-cart=1319\" aria-label=\"A\u00f1adir al carrito: &ldquo;Crema de avellanas y pistachos&rdquo;\" data-quantity=\"1\" data-product_id=\"1319\" data-product_sku=\"\" data-price=\"12\" rel=\"nofollow\" class=\"wp-block-button__link  add_to_cart_button ajax_add_to_cart\">A\u00f1adir al carrito<\/a><\/div>\n\t\t\t<\/li><li class=\"wc-block-grid__product\">\n\t\t\t\t<a href=\"https:\/\/www.ammore.online\/es\/prodotto\/crema-nocciole\/\" class=\"wc-block-grid__product-link\">\n\t\t\t\t\t\n\t\t\t\t\t<div class=\"wc-block-grid__product-image\"><img loading=\"lazy\" decoding=\"async\" width=\"530\" height=\"530\" src=\"https:\/\/www.ammore.online\/wp-content\/uploads\/2024\/10\/crema-nocciole-scaled-530x530.jpg\" class=\"attachment-woocommerce_thumbnail size-woocommerce_thumbnail\" alt=\"Crema de avellanas\" srcset=\"https:\/\/www.ammore.online\/wp-content\/uploads\/2024\/10\/crema-nocciole-scaled-530x530.jpg 530w, https:\/\/www.ammore.online\/wp-content\/uploads\/2024\/10\/crema-nocciole-150x150.jpg 150w\" sizes=\"auto, (max-width: 530px) 100vw, 530px\" \/><\/div>\n\t\t\t\t\t<div class=\"wc-block-grid__product-title\">Crema de avellanas<\/div>\n\t\t\t\t<\/a>\n\t\t\t\t<div class=\"wc-block-grid__product-price price\"><span class=\"woocommerce-Price-amount amount\">12,00&nbsp;<span class=\"woocommerce-Price-currencySymbol\">&euro;<\/span><\/span><\/div>\n\t\t\t\t\n\t\t\t\t<div class=\"wp-block-button wc-block-grid__product-add-to-cart\"><a href=\"?add-to-cart=1333\" aria-label=\"A\u00f1adir al carrito: &ldquo;Crema de avellanas&rdquo;\" data-quantity=\"1\" data-product_id=\"1333\" data-product_sku=\"\" data-price=\"12\" rel=\"nofollow\" class=\"wp-block-button__link  add_to_cart_button ajax_add_to_cart\">A\u00f1adir al carrito<\/a><\/div>\n\t\t\t<\/li><li class=\"wc-block-grid__product\">\n\t\t\t\t<a href=\"https:\/\/www.ammore.online\/es\/prodotto\/crema-fondente\/\" class=\"wc-block-grid__product-link\">\n\t\t\t\t\t\n\t\t\t\t\t<div class=\"wc-block-grid__product-image\"><img loading=\"lazy\" decoding=\"async\" width=\"530\" height=\"530\" src=\"https:\/\/www.ammore.online\/wp-content\/uploads\/2024\/10\/crema-fondente-scaled-530x530.jpg\" class=\"attachment-woocommerce_thumbnail size-woocommerce_thumbnail\" alt=\"Crema Oscura\" \/><\/div>\n\t\t\t\t\t<div class=\"wc-block-grid__product-title\">Crema Oscura<\/div>\n\t\t\t\t<\/a>\n\t\t\t\t<div class=\"wc-block-grid__product-price price\"><span class=\"woocommerce-Price-amount amount\">12,00&nbsp;<span class=\"woocommerce-Price-currencySymbol\">&euro;<\/span><\/span><\/div>\n\t\t\t\t\n\t\t\t\t<div class=\"wp-block-button wc-block-grid__product-add-to-cart\"><a href=\"https:\/\/www.ammore.online\/es\/prodotto\/crema-fondente\/\" aria-label=\"Lee m\u00e1s sobre &ldquo;Crema Oscura&rdquo;\" data-quantity=\"1\" data-product_id=\"1337\" data-product_sku=\"\" data-price=\"12\" rel=\"nofollow\" class=\"wp-block-button__link  add_to_cart_button\">Leer m\u00e1s<\/a><\/div>\n\t\t\t<\/li><\/ul><\/div>","protected":false},"excerpt":{"rendered":"<p>\u00a1No es un simple untable, sino mucho, mucho m\u00e1s! Una crema envolvente y deliciosa, de sabor goloso y elaborada con &#8220;Ammore&#8220;. Las materias primas investigadas y seleccionadas son de excelente calidad. El aceite de oliva virgen extra, el cacao, las avellanas y el az\u00facar de ca\u00f1a se procesan cuidadosamente para que tengas la energ\u00eda necesaria [&hellip;]<\/p>\n","protected":false},"author":1,"featured_media":0,"parent":3111,"menu_order":0,"comment_status":"closed","ping_status":"closed","template":"templates\/blocks.php","meta":{"_genesis_hide_title":false,"_genesis_hide_breadcrumbs":false,"_genesis_hide_singular_image":false,"_genesis_hide_footer_widgets":false,"_genesis_custom_body_class":"","_genesis_custom_post_class":"","_genesis_layout":"full-width-content","footnotes":""},"class_list":{"0":"post-3522","1":"page","2":"type-page","3":"status-publish","5":"entry"},"yoast_head":"<!-- This site is optimized with the Yoast SEO plugin v23.7 - https:\/\/yoast.com\/wordpress\/plugins\/seo\/ -->\n<title>Creams para untar - Ammore<\/title>\n<meta name=\"description\" content=\"\u00a1No es un simple untable, sino mucho, mucho m\u00e1s! Una crema envolvente y deliciosa, de sabor goloso y elaborada con &quot;Ammore&quot;.\" \/>\n<meta name=\"robots\" content=\"index, follow, max-snippet:-1, max-image-preview:large, max-video-preview:-1\" \/>\n<link rel=\"canonical\" href=\"https:\/\/www.ammore.online\/es\/productos\/creams-para-untar\/\" \/>\n<meta property=\"og:locale\" content=\"es_ES\" \/>\n<meta property=\"og:type\" content=\"article\" \/>\n<meta property=\"og:title\" content=\"Creams para untar - Ammore\" \/>\n<meta property=\"og:description\" content=\"\u00a1No es un simple untable, sino mucho, mucho m\u00e1s! Una crema envolvente y deliciosa, de sabor goloso y elaborada con &quot;Ammore&quot;.\" \/>\n<meta property=\"og:url\" content=\"https:\/\/www.ammore.online\/es\/productos\/creams-para-untar\/\" \/>\n<meta property=\"og:site_name\" content=\"Ammore\" \/>\n<meta property=\"article:publisher\" content=\"https:\/\/www.facebook.com\/ammore.official\" \/>\n<meta property=\"article:modified_time\" content=\"2023-09-15T15:32:11+00:00\" \/>\n<meta name=\"twitter:card\" content=\"summary_large_image\" \/>\n<meta name=\"twitter:label1\" content=\"Tiempo de lectura\" \/>\n\t<meta name=\"twitter:data1\" content=\"1 minuto\" \/>\n<script type=\"application\/ld+json\" class=\"yoast-schema-graph\">{\"@context\":\"https:\/\/schema.org\",\"@graph\":[{\"@type\":\"WebPage\",\"@id\":\"https:\/\/www.ammore.online\/es\/productos\/creams-para-untar\/\",\"url\":\"https:\/\/www.ammore.online\/es\/productos\/creams-para-untar\/\",\"name\":\"Creams para untar - Ammore\",\"isPartOf\":{\"@id\":\"https:\/\/www.ammore.online\/es\/#website\"},\"datePublished\":\"2023-09-08T08:51:46+00:00\",\"dateModified\":\"2023-09-15T15:32:11+00:00\",\"description\":\"\u00a1No es un simple untable, sino mucho, mucho m\u00e1s! Una crema envolvente y deliciosa, de sabor goloso y elaborada con \\\"Ammore\\\".\",\"breadcrumb\":{\"@id\":\"https:\/\/www.ammore.online\/es\/productos\/creams-para-untar\/#breadcrumb\"},\"inLanguage\":\"es\",\"potentialAction\":[{\"@type\":\"ReadAction\",\"target\":[\"https:\/\/www.ammore.online\/es\/productos\/creams-para-untar\/\"]}]},{\"@type\":\"BreadcrumbList\",\"@id\":\"https:\/\/www.ammore.online\/es\/productos\/creams-para-untar\/#breadcrumb\",\"itemListElement\":[{\"@type\":\"ListItem\",\"position\":1,\"name\":\"Home\",\"item\":\"https:\/\/www.ammore.online\/es\/\"},{\"@type\":\"ListItem\",\"position\":2,\"name\":\"Productos\",\"item\":\"https:\/\/www.ammore.online\/es\/productos\/\"},{\"@type\":\"ListItem\",\"position\":3,\"name\":\"Creams para untar\"}]},{\"@type\":\"WebSite\",\"@id\":\"https:\/\/www.ammore.online\/es\/#website\",\"url\":\"https:\/\/www.ammore.online\/es\/\",\"name\":\"Ammore\",\"description\":\"Il gusto della tradizione\",\"publisher\":{\"@id\":\"https:\/\/www.ammore.online\/es\/#organization\"},\"potentialAction\":[{\"@type\":\"SearchAction\",\"target\":{\"@type\":\"EntryPoint\",\"urlTemplate\":\"https:\/\/www.ammore.online\/es\/?s={search_term_string}\"},\"query-input\":{\"@type\":\"PropertyValueSpecification\",\"valueRequired\":true,\"valueName\":\"search_term_string\"}}],\"inLanguage\":\"es\"},{\"@type\":\"Organization\",\"@id\":\"https:\/\/www.ammore.online\/es\/#organization\",\"name\":\"Ammore\",\"url\":\"https:\/\/www.ammore.online\/es\/\",\"logo\":{\"@type\":\"ImageObject\",\"inLanguage\":\"es\",\"@id\":\"https:\/\/www.ammore.online\/es\/#\/schema\/logo\/image\/\",\"url\":\"https:\/\/www.ammore.online\/wp-content\/uploads\/2023\/10\/cropped-cropped-Ammore_logo.png\",\"contentUrl\":\"https:\/\/www.ammore.online\/wp-content\/uploads\/2023\/10\/cropped-cropped-Ammore_logo.png\",\"width\":1411,\"height\":393,\"caption\":\"Ammore\"},\"image\":{\"@id\":\"https:\/\/www.ammore.online\/es\/#\/schema\/logo\/image\/\"},\"sameAs\":[\"https:\/\/www.facebook.com\/ammore.official\",\"https:\/\/www.instagram.com\/ammore_official\"]}]}<\/script>\n<!-- \/ Yoast SEO plugin. -->","yoast_head_json":{"title":"Creams para untar - Ammore","description":"\u00a1No es un simple untable, sino mucho, mucho m\u00e1s! Una crema envolvente y deliciosa, de sabor goloso y elaborada con \"Ammore\".","robots":{"index":"index","follow":"follow","max-snippet":"max-snippet:-1","max-image-preview":"max-image-preview:large","max-video-preview":"max-video-preview:-1"},"canonical":"https:\/\/www.ammore.online\/es\/productos\/creams-para-untar\/","og_locale":"es_ES","og_type":"article","og_title":"Creams para untar - Ammore","og_description":"\u00a1No es un simple untable, sino mucho, mucho m\u00e1s! Una crema envolvente y deliciosa, de sabor goloso y elaborada con \"Ammore\".","og_url":"https:\/\/www.ammore.online\/es\/productos\/creams-para-untar\/","og_site_name":"Ammore","article_publisher":"https:\/\/www.facebook.com\/ammore.official","article_modified_time":"2023-09-15T15:32:11+00:00","twitter_card":"summary_large_image","twitter_misc":{"Tiempo de lectura":"1 minuto"},"schema":{"@context":"https:\/\/schema.org","@graph":[{"@type":"WebPage","@id":"https:\/\/www.ammore.online\/es\/productos\/creams-para-untar\/","url":"https:\/\/www.ammore.online\/es\/productos\/creams-para-untar\/","name":"Creams para untar - Ammore","isPartOf":{"@id":"https:\/\/www.ammore.online\/es\/#website"},"datePublished":"2023-09-08T08:51:46+00:00","dateModified":"2023-09-15T15:32:11+00:00","description":"\u00a1No es un simple untable, sino mucho, mucho m\u00e1s! Una crema envolvente y deliciosa, de sabor goloso y elaborada con \"Ammore\".","breadcrumb":{"@id":"https:\/\/www.ammore.online\/es\/productos\/creams-para-untar\/#breadcrumb"},"inLanguage":"es","potentialAction":[{"@type":"ReadAction","target":["https:\/\/www.ammore.online\/es\/productos\/creams-para-untar\/"]}]},{"@type":"BreadcrumbList","@id":"https:\/\/www.ammore.online\/es\/productos\/creams-para-untar\/#breadcrumb","itemListElement":[{"@type":"ListItem","position":1,"name":"Home","item":"https:\/\/www.ammore.online\/es\/"},{"@type":"ListItem","position":2,"name":"Productos","item":"https:\/\/www.ammore.online\/es\/productos\/"},{"@type":"ListItem","position":3,"name":"Creams para untar"}]},{"@type":"WebSite","@id":"https:\/\/www.ammore.online\/es\/#website","url":"https:\/\/www.ammore.online\/es\/","name":"Ammore","description":"Il gusto della tradizione","publisher":{"@id":"https:\/\/www.ammore.online\/es\/#organization"},"potentialAction":[{"@type":"SearchAction","target":{"@type":"EntryPoint","urlTemplate":"https:\/\/www.ammore.online\/es\/?s={search_term_string}"},"query-input":{"@type":"PropertyValueSpecification","valueRequired":true,"valueName":"search_term_string"}}],"inLanguage":"es"},{"@type":"Organization","@id":"https:\/\/www.ammore.online\/es\/#organization","name":"Ammore","url":"https:\/\/www.ammore.online\/es\/","logo":{"@type":"ImageObject","inLanguage":"es","@id":"https:\/\/www.ammore.online\/es\/#\/schema\/logo\/image\/","url":"https:\/\/www.ammore.online\/wp-content\/uploads\/2023\/10\/cropped-cropped-Ammore_logo.png","contentUrl":"https:\/\/www.ammore.online\/wp-content\/uploads\/2023\/10\/cropped-cropped-Ammore_logo.png","width":1411,"height":393,"caption":"Ammore"},"image":{"@id":"https:\/\/www.ammore.online\/es\/#\/schema\/logo\/image\/"},"sameAs":["https:\/\/www.facebook.com\/ammore.official","https:\/\/www.instagram.com\/ammore_official"]}]}},"featured_image_src":null,"featured_image_src_square":null,"_links":{"self":[{"href":"https:\/\/www.ammore.online\/es\/wp-json\/wp\/v2\/pages\/3522","targetHints":{"allow":["GET"]}}],"collection":[{"href":"https:\/\/www.ammore.online\/es\/wp-json\/wp\/v2\/pages"}],"about":[{"href":"https:\/\/www.ammore.online\/es\/wp-json\/wp\/v2\/types\/page"}],"author":[{"embeddable":true,"href":"https:\/\/www.ammore.online\/es\/wp-json\/wp\/v2\/users\/1"}],"replies":[{"embeddable":true,"href":"https:\/\/www.ammore.online\/es\/wp-json\/wp\/v2\/comments?post=3522"}],"version-history":[{"count":1,"href":"https:\/\/www.ammore.online\/es\/wp-json\/wp\/v2\/pages\/3522\/revisions"}],"predecessor-version":[{"id":3523,"href":"https:\/\/www.ammore.online\/es\/wp-json\/wp\/v2\/pages\/3522\/revisions\/3523"}],"up":[{"embeddable":true,"href":"https:\/\/www.ammore.online\/es\/wp-json\/wp\/v2\/pages\/3111"}],"wp:attachment":[{"href":"https:\/\/www.ammore.online\/es\/wp-json\/wp\/v2\/media?parent=3522"}],"curies":[{"name":"wp","href":"https:\/\/api.w.org\/{rel}","templated":true}]}}