{"id":3491,"date":"2023-07-14T14:25:12","date_gmt":"2023-07-14T14:25:12","guid":{"rendered":"https:\/\/www.ammore.online\/productos\/pandolce\/"},"modified":"2023-11-06T18:13:13","modified_gmt":"2023-11-06T18:13:13","slug":"pandolce","status":"publish","type":"page","link":"https:\/\/www.ammore.online\/es\/productos\/pandolce\/","title":{"rendered":"PanDolce"},"content":{"rendered":"<div class=\"wp-block-group alignwide\"><div class=\"wp-block-group__inner-container is-layout-constrained wp-block-group-is-layout-constrained\"><div style=\"height:100px\" aria-hidden=\"true\" class=\"wp-block-spacer\"><\/div>\n\n<p class=\"has-text-align-center\"><strong>Pandolce<\/strong> es un producto leudado suave y sabroso, caracter\u00edstico por su forma rectangular y elaborado con &#8220;<strong>Ammore<\/strong>&#8221; a partir de los ingredientes b\u00e1sicos del panettone, luego enriquecido con frutas confitadas y pasas, chocolate o, en la versi\u00f3n m\u00e1s simple, &#8220;brioche&#8221;. <\/p>\n\n<p class=\"has-text-align-center\">La levadura lenta y los ingredientes de alta calidad lo hacen perfecto para consumir durante todo el a\u00f1o. <\/p>\n\n<p class=\"has-text-align-center\">T\u00f3malo relajante para el desayuno o prefi\u00e9relo como postre. <\/p>\n\n<p class=\"has-text-align-center\">Acomp\u00e1\u00f1alo con helado o enriquece su sabor unt\u00e1ndolo sobre una de nuestras exquisitas <a href=\"http:\/\/htpps\/\/www.ammore.online\/\">cremas untables<\/a>: te deleitar\u00e1s y se convertir\u00e1 en un excelente motivo para empezar el d\u00eda con el pie derecho, movido por las ganas del bien, sano y en\u00e9rgico.<\/p>\n\n<div style=\"height:50px\" aria-hidden=\"true\" class=\"wp-block-spacer\"><\/div>\n\n<div data-align-buttons=\"true\" data-block-name=\"woocommerce\/product-category\" data-categories=\"[79]\" class=\"wc-block-grid wp-block-product-category wc-block-product-category has-3-columns has-multiple-rows has-aligned-buttons\"><ul class=\"wc-block-grid__products\"><li class=\"wc-block-grid__product\">\n\t\t\t\t<a href=\"https:\/\/www.ammore.online\/es\/prodotto\/pandolce-tre-cioccolati\/\" class=\"wc-block-grid__product-link\">\n\t\t\t\t\t\n\t\t\t\t\t<div class=\"wc-block-grid__product-image\"><img loading=\"lazy\" decoding=\"async\" width=\"530\" height=\"530\" src=\"https:\/\/www.ammore.online\/wp-content\/uploads\/2022\/09\/Tronchetto_Classico-530x530.png\" class=\"attachment-woocommerce_thumbnail size-woocommerce_thumbnail\" alt=\"PanDolce artesanal &lt;br&gt; Tres chocolates\" srcset=\"https:\/\/www.ammore.online\/wp-content\/uploads\/2022\/09\/Tronchetto_Classico-530x530.png 530w, https:\/\/www.ammore.online\/wp-content\/uploads\/2022\/09\/Tronchetto_Classico-300x300.png 300w, https:\/\/www.ammore.online\/wp-content\/uploads\/2022\/09\/Tronchetto_Classico-150x150.png 150w, https:\/\/www.ammore.online\/wp-content\/uploads\/2022\/09\/Tronchetto_Classico-600x600.png 600w, https:\/\/www.ammore.online\/wp-content\/uploads\/2022\/09\/Tronchetto_Classico-180x180.png 180w, https:\/\/www.ammore.online\/wp-content\/uploads\/2022\/09\/Tronchetto_Classico.png 630w\" sizes=\"auto, (max-width: 530px) 100vw, 530px\" \/><\/div>\n\t\t\t\t\t<div class=\"wc-block-grid__product-title\">PanDolce artesanal <br> Tres chocolates<\/div>\n\t\t\t\t<\/a>\n\t\t\t\t<div class=\"wc-block-grid__product-price price\"><span class=\"woocommerce-Price-amount amount\">27,00&nbsp;<span class=\"woocommerce-Price-currencySymbol\">&euro;<\/span><\/span><\/div>\n\t\t\t\t\n\t\t\t\t<div class=\"wp-block-button wc-block-grid__product-add-to-cart\"><a href=\"https:\/\/www.ammore.online\/es\/prodotto\/pandolce-tre-cioccolati\/\" aria-label=\"Lee m\u00e1s sobre &ldquo;PanDolce artesanal &lt;br&gt; Tres chocolates&rdquo;\" data-quantity=\"1\" data-product_id=\"1153\" data-product_sku=\"\" data-price=\"27\" rel=\"nofollow\" class=\"wp-block-button__link  add_to_cart_button\">Leer m\u00e1s<\/a><\/div>\n\t\t\t<\/li><li class=\"wc-block-grid__product\">\n\t\t\t\t<a href=\"https:\/\/www.ammore.online\/es\/prodotto\/pandolce-classico\/\" class=\"wc-block-grid__product-link\">\n\t\t\t\t\t\n\t\t\t\t\t<div class=\"wc-block-grid__product-image\"><img loading=\"lazy\" decoding=\"async\" width=\"530\" height=\"530\" src=\"https:\/\/www.ammore.online\/wp-content\/uploads\/2022\/08\/PANDOLCE-CLASSICO-530x530.png\" class=\"attachment-woocommerce_thumbnail size-woocommerce_thumbnail\" alt=\"PanDolce artesanal &lt;br&gt; Cl\u00e0sico\" srcset=\"https:\/\/www.ammore.online\/wp-content\/uploads\/2022\/08\/PANDOLCE-CLASSICO-530x530.png 530w, https:\/\/www.ammore.online\/wp-content\/uploads\/2022\/08\/PANDOLCE-CLASSICO-300x300.png 300w, https:\/\/www.ammore.online\/wp-content\/uploads\/2022\/08\/PANDOLCE-CLASSICO-150x150.png 150w, https:\/\/www.ammore.online\/wp-content\/uploads\/2022\/08\/PANDOLCE-CLASSICO-600x600.png 600w, https:\/\/www.ammore.online\/wp-content\/uploads\/2022\/08\/PANDOLCE-CLASSICO-180x180.png 180w, https:\/\/www.ammore.online\/wp-content\/uploads\/2022\/08\/PANDOLCE-CLASSICO.png 630w\" sizes=\"auto, (max-width: 530px) 100vw, 530px\" \/><\/div>\n\t\t\t\t\t<div class=\"wc-block-grid__product-title\">PanDolce artesanal <br> Cl\u00e0sico<\/div>\n\t\t\t\t<\/a>\n\t\t\t\t<div class=\"wc-block-grid__product-price price\"><span class=\"woocommerce-Price-amount amount\">27,00&nbsp;<span class=\"woocommerce-Price-currencySymbol\">&euro;<\/span><\/span><\/div>\n\t\t\t\t\n\t\t\t\t<div class=\"wp-block-button wc-block-grid__product-add-to-cart\"><a href=\"https:\/\/www.ammore.online\/es\/prodotto\/pandolce-classico\/\" aria-label=\"Lee m\u00e1s sobre &ldquo;PanDolce artesanal &lt;br&gt; Cl\u00e0sico&rdquo;\" data-quantity=\"1\" data-product_id=\"1147\" data-product_sku=\"\" data-price=\"27\" rel=\"nofollow\" class=\"wp-block-button__link  add_to_cart_button\">Leer m\u00e1s<\/a><\/div>\n\t\t\t<\/li><li class=\"wc-block-grid__product\">\n\t\t\t\t<a href=\"https:\/\/www.ammore.online\/es\/prodotto\/pandolce-artigianale-brioche-2\/\" class=\"wc-block-grid__product-link\">\n\t\t\t\t\t\n\t\t\t\t\t<div class=\"wc-block-grid__product-image\"><img loading=\"lazy\" decoding=\"async\" width=\"530\" height=\"530\" src=\"https:\/\/www.ammore.online\/wp-content\/uploads\/2022\/08\/PANDOLCE-BRIOCHE-530x530.png\" class=\"attachment-woocommerce_thumbnail size-woocommerce_thumbnail\" alt=\"PanDolce artesanal &lt;br&gt; Brioche\" srcset=\"https:\/\/www.ammore.online\/wp-content\/uploads\/2022\/08\/PANDOLCE-BRIOCHE-530x530.png 530w, https:\/\/www.ammore.online\/wp-content\/uploads\/2022\/08\/PANDOLCE-BRIOCHE-300x300.png 300w, https:\/\/www.ammore.online\/wp-content\/uploads\/2022\/08\/PANDOLCE-BRIOCHE-150x150.png 150w, https:\/\/www.ammore.online\/wp-content\/uploads\/2022\/08\/PANDOLCE-BRIOCHE-600x600.png 600w, https:\/\/www.ammore.online\/wp-content\/uploads\/2022\/08\/PANDOLCE-BRIOCHE-180x180.png 180w, https:\/\/www.ammore.online\/wp-content\/uploads\/2022\/08\/PANDOLCE-BRIOCHE.png 630w\" sizes=\"auto, (max-width: 530px) 100vw, 530px\" \/><\/div>\n\t\t\t\t\t<div class=\"wc-block-grid__product-title\">PanDolce artesanal <br> Brioche<\/div>\n\t\t\t\t<\/a>\n\t\t\t\t<div class=\"wc-block-grid__product-price price\"><span class=\"woocommerce-Price-amount amount\">27,00&nbsp;<span class=\"woocommerce-Price-currencySymbol\">&euro;<\/span><\/span><\/div>\n\t\t\t\t\n\t\t\t\t<div class=\"wp-block-button wc-block-grid__product-add-to-cart\"><a href=\"?add-to-cart=1413\" aria-label=\"A\u00f1adir al carrito: &ldquo;PanDolce artesanal &lt;br&gt; Brioche&rdquo;\" data-quantity=\"1\" data-product_id=\"1413\" data-product_sku=\"\" data-price=\"27\" rel=\"nofollow\" class=\"wp-block-button__link  add_to_cart_button ajax_add_to_cart\">A\u00f1adir al carrito<\/a><\/div>\n\t\t\t<\/li><\/ul><\/div><\/div><\/div><div class=\"wp-block-cover alignfull has-parallax\"><span aria-hidden=\"true\" class=\"wp-block-cover__background has-background-dim-80 has-background-dim\" style=\"background-color:#946941\"><\/span><div role=\"img\" class=\"wp-block-cover__image-background wp-image-153 has-parallax\" style=\"background-position:50% 50%;background-image:url(https:\/\/www.ammore.online\/wp-content\/uploads\/2022\/08\/farina-2.jpg)\"><\/div><div class=\"wp-block-cover__inner-container is-layout-flow wp-block-cover-is-layout-flow\"><div class=\"wp-block-genesis-blocks-gb-columns gb-layout-columns-1 one-column gb-columns-center alignfull\" style=\"margin-bottom:15px;padding-right:2%;padding-left:2%\"><div class=\"gb-layout-column-wrap gb-block-layout-column-gap-0 gb-is-responsive-column\" style=\"max-width:1060px\"><div class=\"wp-block-genesis-blocks-gb-column gb-block-layout-column\"><div class=\"gb-block-layout-column-inner\"><p><\/p><\/div><\/div><\/div><\/div>\n\n<div style=\"height:20px\" aria-hidden=\"true\" class=\"wp-block-spacer\"><\/div>\n\n<h2 class=\"wp-block-heading alignfull has-text-align-center small-heading is-style-default has-white-color has-text-color\">Descargue nuestro folleto &#8220;PanEvo &amp; PanDolce&#8221;<\/h2>\n\n<div class=\"wp-block-columns is-layout-flex wp-container-core-columns-is-layout-9d6595d7 wp-block-columns-is-layout-flex\"><div class=\"wp-block-column is-layout-flow wp-block-column-is-layout-flow\"><\/div>\n\n<div class=\"wp-block-column is-layout-flow wp-block-column-is-layout-flow\"><div class=\"wp-block-buttons is-content-justification-center is-layout-flex wp-container-core-buttons-is-layout-16018d1d wp-block-buttons-is-layout-flex\"><div class=\"wp-block-button\"><a class=\"wp-block-button__link has-text-align-center wp-element-button\" href=\"https:\/\/www.ammore.online\/wp-content\/uploads\/2023\/10\/BROCHURE-PANEVO-PANDOLCE.pdf\" target=\"_blank\" rel=\"noreferrer noopener\">Descarga aqu\u00ed<\/a><\/div><\/div><\/div>\n\n<div class=\"wp-block-column is-layout-flow wp-block-column-is-layout-flow\"><\/div><\/div><\/div><\/div>","protected":false},"excerpt":{"rendered":"<p>Pandolce es un producto leudado suave y sabroso, caracter\u00edstico por su forma rectangular y elaborado con &#8220;Ammore&#8221; a partir de los ingredientes b\u00e1sicos del panettone, luego enriquecido con frutas confitadas y pasas, chocolate o, en la versi\u00f3n m\u00e1s simple, &#8220;brioche&#8221;. La levadura lenta y los ingredientes de alta calidad lo hacen perfecto para consumir durante [&hellip;]<\/p>\n","protected":false},"author":1,"featured_media":0,"parent":3111,"menu_order":0,"comment_status":"closed","ping_status":"closed","template":"templates\/blocks.php","meta":{"_genesis_hide_title":false,"_genesis_hide_breadcrumbs":false,"_genesis_hide_singular_image":false,"_genesis_hide_footer_widgets":false,"_genesis_custom_body_class":"","_genesis_custom_post_class":"","_genesis_layout":"full-width-content","footnotes":""},"class_list":{"0":"post-3491","1":"page","2":"type-page","3":"status-publish","5":"entry"},"yoast_head":"<!-- This site is optimized with the Yoast SEO plugin v23.7 - https:\/\/yoast.com\/wordpress\/plugins\/seo\/ -->\n<title>PanDolce - Ammore<\/title>\n<meta name=\"description\" content=\"Pandolce es un producto leudado suave y sabroso, caracter\u00edstico por su forma rectangular y elaborado con &quot;Ammore&quot;\" \/>\n<meta name=\"robots\" content=\"index, follow, max-snippet:-1, max-image-preview:large, max-video-preview:-1\" \/>\n<link rel=\"canonical\" href=\"https:\/\/www.ammore.online\/es\/productos\/pandolce\/\" \/>\n<meta property=\"og:locale\" content=\"es_ES\" \/>\n<meta property=\"og:type\" content=\"article\" \/>\n<meta property=\"og:title\" content=\"PanDolce - Ammore\" \/>\n<meta property=\"og:description\" content=\"Pandolce es un producto leudado suave y sabroso, caracter\u00edstico por su forma rectangular y elaborado con &quot;Ammore&quot;\" \/>\n<meta property=\"og:url\" content=\"https:\/\/www.ammore.online\/es\/productos\/pandolce\/\" \/>\n<meta property=\"og:site_name\" content=\"Ammore\" \/>\n<meta property=\"article:publisher\" content=\"https:\/\/www.facebook.com\/ammore.official\" \/>\n<meta property=\"article:modified_time\" content=\"2023-11-06T18:13:13+00:00\" \/>\n<meta name=\"twitter:card\" content=\"summary_large_image\" \/>\n<meta name=\"twitter:label1\" content=\"Tiempo de lectura\" \/>\n\t<meta name=\"twitter:data1\" content=\"1 minuto\" \/>\n<script type=\"application\/ld+json\" class=\"yoast-schema-graph\">{\"@context\":\"https:\/\/schema.org\",\"@graph\":[{\"@type\":\"WebPage\",\"@id\":\"https:\/\/www.ammore.online\/es\/productos\/pandolce\/\",\"url\":\"https:\/\/www.ammore.online\/es\/productos\/pandolce\/\",\"name\":\"PanDolce - Ammore\",\"isPartOf\":{\"@id\":\"https:\/\/www.ammore.online\/es\/#website\"},\"datePublished\":\"2023-07-14T14:25:12+00:00\",\"dateModified\":\"2023-11-06T18:13:13+00:00\",\"description\":\"Pandolce es un producto leudado suave y sabroso, caracter\u00edstico por su forma rectangular y elaborado con \\\"Ammore\\\"\",\"breadcrumb\":{\"@id\":\"https:\/\/www.ammore.online\/es\/productos\/pandolce\/#breadcrumb\"},\"inLanguage\":\"es\",\"potentialAction\":[{\"@type\":\"ReadAction\",\"target\":[\"https:\/\/www.ammore.online\/es\/productos\/pandolce\/\"]}]},{\"@type\":\"BreadcrumbList\",\"@id\":\"https:\/\/www.ammore.online\/es\/productos\/pandolce\/#breadcrumb\",\"itemListElement\":[{\"@type\":\"ListItem\",\"position\":1,\"name\":\"Home\",\"item\":\"https:\/\/www.ammore.online\/es\/\"},{\"@type\":\"ListItem\",\"position\":2,\"name\":\"Productos\",\"item\":\"https:\/\/www.ammore.online\/es\/productos\/\"},{\"@type\":\"ListItem\",\"position\":3,\"name\":\"PanDolce\"}]},{\"@type\":\"WebSite\",\"@id\":\"https:\/\/www.ammore.online\/es\/#website\",\"url\":\"https:\/\/www.ammore.online\/es\/\",\"name\":\"Ammore\",\"description\":\"Il gusto della tradizione\",\"publisher\":{\"@id\":\"https:\/\/www.ammore.online\/es\/#organization\"},\"potentialAction\":[{\"@type\":\"SearchAction\",\"target\":{\"@type\":\"EntryPoint\",\"urlTemplate\":\"https:\/\/www.ammore.online\/es\/?s={search_term_string}\"},\"query-input\":{\"@type\":\"PropertyValueSpecification\",\"valueRequired\":true,\"valueName\":\"search_term_string\"}}],\"inLanguage\":\"es\"},{\"@type\":\"Organization\",\"@id\":\"https:\/\/www.ammore.online\/es\/#organization\",\"name\":\"Ammore\",\"url\":\"https:\/\/www.ammore.online\/es\/\",\"logo\":{\"@type\":\"ImageObject\",\"inLanguage\":\"es\",\"@id\":\"https:\/\/www.ammore.online\/es\/#\/schema\/logo\/image\/\",\"url\":\"https:\/\/www.ammore.online\/wp-content\/uploads\/2023\/10\/cropped-cropped-Ammore_logo.png\",\"contentUrl\":\"https:\/\/www.ammore.online\/wp-content\/uploads\/2023\/10\/cropped-cropped-Ammore_logo.png\",\"width\":1411,\"height\":393,\"caption\":\"Ammore\"},\"image\":{\"@id\":\"https:\/\/www.ammore.online\/es\/#\/schema\/logo\/image\/\"},\"sameAs\":[\"https:\/\/www.facebook.com\/ammore.official\",\"https:\/\/www.instagram.com\/ammore_official\"]}]}<\/script>\n<!-- \/ Yoast SEO plugin. -->","yoast_head_json":{"title":"PanDolce - Ammore","description":"Pandolce es un producto leudado suave y sabroso, caracter\u00edstico por su forma rectangular y elaborado con \"Ammore\"","robots":{"index":"index","follow":"follow","max-snippet":"max-snippet:-1","max-image-preview":"max-image-preview:large","max-video-preview":"max-video-preview:-1"},"canonical":"https:\/\/www.ammore.online\/es\/productos\/pandolce\/","og_locale":"es_ES","og_type":"article","og_title":"PanDolce - Ammore","og_description":"Pandolce es un producto leudado suave y sabroso, caracter\u00edstico por su forma rectangular y elaborado con \"Ammore\"","og_url":"https:\/\/www.ammore.online\/es\/productos\/pandolce\/","og_site_name":"Ammore","article_publisher":"https:\/\/www.facebook.com\/ammore.official","article_modified_time":"2023-11-06T18:13:13+00:00","twitter_card":"summary_large_image","twitter_misc":{"Tiempo de lectura":"1 minuto"},"schema":{"@context":"https:\/\/schema.org","@graph":[{"@type":"WebPage","@id":"https:\/\/www.ammore.online\/es\/productos\/pandolce\/","url":"https:\/\/www.ammore.online\/es\/productos\/pandolce\/","name":"PanDolce - Ammore","isPartOf":{"@id":"https:\/\/www.ammore.online\/es\/#website"},"datePublished":"2023-07-14T14:25:12+00:00","dateModified":"2023-11-06T18:13:13+00:00","description":"Pandolce es un producto leudado suave y sabroso, caracter\u00edstico por su forma rectangular y elaborado con \"Ammore\"","breadcrumb":{"@id":"https:\/\/www.ammore.online\/es\/productos\/pandolce\/#breadcrumb"},"inLanguage":"es","potentialAction":[{"@type":"ReadAction","target":["https:\/\/www.ammore.online\/es\/productos\/pandolce\/"]}]},{"@type":"BreadcrumbList","@id":"https:\/\/www.ammore.online\/es\/productos\/pandolce\/#breadcrumb","itemListElement":[{"@type":"ListItem","position":1,"name":"Home","item":"https:\/\/www.ammore.online\/es\/"},{"@type":"ListItem","position":2,"name":"Productos","item":"https:\/\/www.ammore.online\/es\/productos\/"},{"@type":"ListItem","position":3,"name":"PanDolce"}]},{"@type":"WebSite","@id":"https:\/\/www.ammore.online\/es\/#website","url":"https:\/\/www.ammore.online\/es\/","name":"Ammore","description":"Il gusto della tradizione","publisher":{"@id":"https:\/\/www.ammore.online\/es\/#organization"},"potentialAction":[{"@type":"SearchAction","target":{"@type":"EntryPoint","urlTemplate":"https:\/\/www.ammore.online\/es\/?s={search_term_string}"},"query-input":{"@type":"PropertyValueSpecification","valueRequired":true,"valueName":"search_term_string"}}],"inLanguage":"es"},{"@type":"Organization","@id":"https:\/\/www.ammore.online\/es\/#organization","name":"Ammore","url":"https:\/\/www.ammore.online\/es\/","logo":{"@type":"ImageObject","inLanguage":"es","@id":"https:\/\/www.ammore.online\/es\/#\/schema\/logo\/image\/","url":"https:\/\/www.ammore.online\/wp-content\/uploads\/2023\/10\/cropped-cropped-Ammore_logo.png","contentUrl":"https:\/\/www.ammore.online\/wp-content\/uploads\/2023\/10\/cropped-cropped-Ammore_logo.png","width":1411,"height":393,"caption":"Ammore"},"image":{"@id":"https:\/\/www.ammore.online\/es\/#\/schema\/logo\/image\/"},"sameAs":["https:\/\/www.facebook.com\/ammore.official","https:\/\/www.instagram.com\/ammore_official"]}]}},"featured_image_src":null,"featured_image_src_square":null,"_links":{"self":[{"href":"https:\/\/www.ammore.online\/es\/wp-json\/wp\/v2\/pages\/3491","targetHints":{"allow":["GET"]}}],"collection":[{"href":"https:\/\/www.ammore.online\/es\/wp-json\/wp\/v2\/pages"}],"about":[{"href":"https:\/\/www.ammore.online\/es\/wp-json\/wp\/v2\/types\/page"}],"author":[{"embeddable":true,"href":"https:\/\/www.ammore.online\/es\/wp-json\/wp\/v2\/users\/1"}],"replies":[{"embeddable":true,"href":"https:\/\/www.ammore.online\/es\/wp-json\/wp\/v2\/comments?post=3491"}],"version-history":[{"count":2,"href":"https:\/\/www.ammore.online\/es\/wp-json\/wp\/v2\/pages\/3491\/revisions"}],"predecessor-version":[{"id":3795,"href":"https:\/\/www.ammore.online\/es\/wp-json\/wp\/v2\/pages\/3491\/revisions\/3795"}],"up":[{"embeddable":true,"href":"https:\/\/www.ammore.online\/es\/wp-json\/wp\/v2\/pages\/3111"}],"wp:attachment":[{"href":"https:\/\/www.ammore.online\/es\/wp-json\/wp\/v2\/media?parent=3491"}],"curies":[{"name":"wp","href":"https:\/\/api.w.org\/{rel}","templated":true}]}}