{"id":3111,"date":"2023-07-14T14:02:30","date_gmt":"2023-07-14T14:02:30","guid":{"rendered":"https:\/\/www.ammore.online\/productos\/"},"modified":"2025-02-27T15:52:17","modified_gmt":"2025-02-27T15:52:17","slug":"productos","status":"publish","type":"page","link":"https:\/\/www.ammore.online\/es\/productos\/","title":{"rendered":"Productos"},"content":{"rendered":"<div class=\"wp-block-group alignwide\"><div class=\"wp-block-group__inner-container is-layout-constrained wp-block-group-is-layout-constrained\"><div style=\"height:100px\" aria-hidden=\"true\" class=\"wp-block-spacer\"><\/div>\n\n<h3 class=\"wp-block-heading has-text-align-center\">Nos gusta tanto lo dulce como lo salado. <\/h3>\n\n<h3 class=\"wp-block-heading has-text-align-center\">Y tenemos cuidado de ofrecer tambi\u00e9n productos sin gluten.<\/h3>\n\n<div style=\"height:20px\" aria-hidden=\"true\" class=\"wp-block-spacer\"><\/div>\n\n<p class=\"has-text-align-center\">La nuestra es una <strong>levadura<\/strong> lenta, nunca dura menos de 48 horas y le da a la masa un dorado tentador cuando menos y un panal homog\u00e9neo y suave que la hacen especial. La exclusiva <strong>masa madre<\/strong> que guardamos celosamente desde hace m\u00e1s de 16 a\u00f1os completa su sabor haci\u00e9ndolo m\u00e1s digerible. No utilizamos conservantes ni aceite de palma.<\/p>\n\n<p class=\"has-text-align-center\">Pensamos en aniversarios como <strong>Semana Santa<\/strong> y <strong>Navidad<\/strong>, pero te acompa\u00f1amos en cualquier momento del d\u00eda, en una ocasi\u00f3n especial o en una velada de relax. En el <strong>desayuno<\/strong>, para un <strong>aperitivo<\/strong> o una <strong>pausa<\/strong> en el trabajo que te haga olvidar las meriendas habituales, al menos durante un d\u00eda.<\/p>\n\n<div class=\"wp-block-group alignfull\"><div class=\"wp-block-group__inner-container is-layout-constrained wp-block-group-is-layout-constrained\"><div style=\"height:50px\" aria-hidden=\"true\" class=\"wp-block-spacer block-visibility-hide-small-screen\"><\/div>\n\n<div style=\"height:50px\" aria-hidden=\"true\" class=\"wp-block-spacer block-visibility-hide-large-screen block-visibility-hide-medium-screen\"><\/div>\n\n<h2 class=\"has-text-align-center\" id=\"noi\" style=\"color:#782648\">NUESTROS PRODUCTOS<\/h2>\n\n<div style=\"height:50px\" aria-hidden=\"true\" class=\"wp-block-spacer block-visibility-hide-small-screen\"><\/div>\n\n<div class=\"woocommerce columns-5\"><ul class=\"products columns-5\">\n<li class=\"product-category product first\">\n\t<a aria-label=\"Visitar la categor\u00eda de producto Pascua\" href=\"https:\/\/www.ammore.online\/es\/productos-artesanales\/pascua\/\"><img loading=\"lazy\" decoding=\"async\" src=\"https:\/\/www.ammore.online\/wp-content\/uploads\/2023\/04\/image0-scaled-530x530.jpeg\" alt=\"Pascua\" width=\"530\" height=\"530\" \/>\t\t<h2 class=\"woocommerce-loop-category__title\">\n\t\t\tPascua <mark class=\"count\">(11)<\/mark>\t\t<\/h2>\n\t\t<\/a><\/li>\n<li class=\"product-category product\">\n\t<a aria-label=\"Visitar la categor\u00eda de producto Navidad\" href=\"https:\/\/www.ammore.online\/es\/productos-artesanales\/navidad\/\"><img loading=\"lazy\" decoding=\"async\" src=\"https:\/\/www.ammore.online\/wp-content\/uploads\/2024\/10\/pandorato_08-530x530.jpg\" alt=\"Navidad\" width=\"530\" height=\"530\" srcset=\"https:\/\/www.ammore.online\/wp-content\/uploads\/2024\/10\/pandorato_08-530x530.jpg 530w, https:\/\/www.ammore.online\/wp-content\/uploads\/2024\/10\/pandorato_08-150x150.jpg 150w, https:\/\/www.ammore.online\/wp-content\/uploads\/2024\/10\/pandorato_08-600x600.jpg 600w, https:\/\/www.ammore.online\/wp-content\/uploads\/2024\/10\/pandorato_08-180x180.jpg 180w\" sizes=\"auto, (max-width: 530px) 100vw, 530px\" \/>\t\t<h2 class=\"woocommerce-loop-category__title\">\n\t\t\tNavidad <mark class=\"count\">(28)<\/mark>\t\t<\/h2>\n\t\t<\/a><\/li>\n<li class=\"product-category product\">\n\t<a aria-label=\"Visitar la categor\u00eda de producto Cappelliera\" href=\"https:\/\/www.ammore.online\/es\/productos-artesanales\/cappelliera-es\/\"><img loading=\"lazy\" decoding=\"async\" src=\"https:\/\/www.ammore.online\/wp-content\/uploads\/2024\/10\/Panettone-cappelliera-3Kg-530x530.jpg\" alt=\"Cappelliera\" width=\"530\" height=\"530\" srcset=\"https:\/\/www.ammore.online\/wp-content\/uploads\/2024\/10\/Panettone-cappelliera-3Kg-530x530.jpg 530w, https:\/\/www.ammore.online\/wp-content\/uploads\/2024\/10\/Panettone-cappelliera-3Kg-300x300.jpg 300w, https:\/\/www.ammore.online\/wp-content\/uploads\/2024\/10\/Panettone-cappelliera-3Kg-1024x1024.jpg 1024w, https:\/\/www.ammore.online\/wp-content\/uploads\/2024\/10\/Panettone-cappelliera-3Kg-150x150.jpg 150w, https:\/\/www.ammore.online\/wp-content\/uploads\/2024\/10\/Panettone-cappelliera-3Kg-768x768.jpg 768w, https:\/\/www.ammore.online\/wp-content\/uploads\/2024\/10\/Panettone-cappelliera-3Kg-50x50.jpg 50w, https:\/\/www.ammore.online\/wp-content\/uploads\/2024\/10\/Panettone-cappelliera-3Kg-1600x1600.jpg 1600w, https:\/\/www.ammore.online\/wp-content\/uploads\/2024\/10\/Panettone-cappelliera-3Kg-1536x1536.jpg 1536w, https:\/\/www.ammore.online\/wp-content\/uploads\/2024\/10\/Panettone-cappelliera-3Kg-600x600.jpg 600w, https:\/\/www.ammore.online\/wp-content\/uploads\/2024\/10\/Panettone-cappelliera-3Kg-720x720.jpg 720w, https:\/\/www.ammore.online\/wp-content\/uploads\/2024\/10\/Panettone-cappelliera-3Kg-180x180.jpg 180w, https:\/\/www.ammore.online\/wp-content\/uploads\/2024\/10\/Panettone-cappelliera-3Kg.jpg 1920w\" sizes=\"auto, (max-width: 530px) 100vw, 530px\" \/>\t\t<h2 class=\"woocommerce-loop-category__title\">\n\t\t\tCappelliera <mark class=\"count\">(16)<\/mark>\t\t<\/h2>\n\t\t<\/a><\/li>\n<li class=\"product-category product\">\n\t<a aria-label=\"Visitar la categor\u00eda de producto Panevo\" href=\"https:\/\/www.ammore.online\/es\/productos-artesanales\/panevo-es\/\"><img loading=\"lazy\" decoding=\"async\" src=\"https:\/\/www.ammore.online\/wp-content\/uploads\/2024\/10\/InCollage_20241018_160229091-scaled.jpg\" alt=\"Panevo\" width=\"530\" height=\"530\" \/>\t\t<h2 class=\"woocommerce-loop-category__title\">\n\t\t\tPanevo <mark class=\"count\">(5)<\/mark>\t\t<\/h2>\n\t\t<\/a><\/li>\n<li class=\"product-category product last\">\n\t<a aria-label=\"Visitar la categor\u00eda de producto Pandolce\" href=\"https:\/\/www.ammore.online\/es\/productos-artesanales\/lievitati-artigianali-pandolce-es\/\"><img loading=\"lazy\" decoding=\"async\" src=\"https:\/\/www.ammore.online\/wp-content\/uploads\/2024\/10\/Pandolce_brioche_01-530x530.jpg\" alt=\"Pandolce\" width=\"530\" height=\"530\" srcset=\"https:\/\/www.ammore.online\/wp-content\/uploads\/2024\/10\/Pandolce_brioche_01-530x530.jpg 530w, https:\/\/www.ammore.online\/wp-content\/uploads\/2024\/10\/Pandolce_brioche_01-150x150.jpg 150w, https:\/\/www.ammore.online\/wp-content\/uploads\/2024\/10\/Pandolce_brioche_01-600x600.jpg 600w, https:\/\/www.ammore.online\/wp-content\/uploads\/2024\/10\/Pandolce_brioche_01-180x180.jpg 180w\" sizes=\"auto, (max-width: 530px) 100vw, 530px\" \/>\t\t<h2 class=\"woocommerce-loop-category__title\">\n\t\t\tPandolce <mark class=\"count\">(3)<\/mark>\t\t<\/h2>\n\t\t<\/a><\/li>\n<li class=\"product-category product first\">\n\t<a aria-label=\"Visitar la categor\u00eda de producto Cremas untables\" href=\"https:\/\/www.ammore.online\/es\/productos-artesanales\/cremas-untables\/\"><img loading=\"lazy\" decoding=\"async\" src=\"https:\/\/www.ammore.online\/wp-content\/uploads\/2024\/10\/crema-nocciole-scaled-530x530.jpg\" alt=\"Cremas untables\" width=\"530\" height=\"530\" \/>\t\t<h2 class=\"woocommerce-loop-category__title\">\n\t\t\tCremas untables <mark class=\"count\">(4)<\/mark>\t\t<\/h2>\n\t\t<\/a><\/li>\n<li class=\"product-category product\">\n\t<a aria-label=\"Visitar la categor\u00eda de producto Almendra\" href=\"https:\/\/www.ammore.online\/es\/productos-artesanales\/almendra\/\"><img loading=\"lazy\" decoding=\"async\" src=\"https:\/\/www.ammore.online\/wp-content\/uploads\/woocommerce-placeholder-530x530.png\" alt=\"Almendra\" width=\"530\" height=\"530\" \/>\t\t<h2 class=\"woocommerce-loop-category__title\">\n\t\t\tAlmendra <mark class=\"count\">(1)<\/mark>\t\t<\/h2>\n\t\t<\/a><\/li>\n<li class=\"product-category product\">\n\t<a aria-label=\"Visitar la categor\u00eda de producto Compotas\" href=\"https:\/\/www.ammore.online\/es\/productos-artesanales\/compotas\/\"><img loading=\"lazy\" decoding=\"async\" src=\"https:\/\/www.ammore.online\/wp-content\/uploads\/2023\/11\/Composta-Ammore-530x530.jpg\" alt=\"Compotas\" width=\"530\" height=\"530\" srcset=\"https:\/\/www.ammore.online\/wp-content\/uploads\/2023\/11\/Composta-Ammore-530x530.jpg 530w, https:\/\/www.ammore.online\/wp-content\/uploads\/2023\/11\/Composta-Ammore-300x300.jpg 300w, https:\/\/www.ammore.online\/wp-content\/uploads\/2023\/11\/Composta-Ammore-150x150.jpg 150w, https:\/\/www.ammore.online\/wp-content\/uploads\/2023\/11\/Composta-Ammore-768x768.jpg 768w, https:\/\/www.ammore.online\/wp-content\/uploads\/2023\/11\/Composta-Ammore-50x50.jpg 50w, https:\/\/www.ammore.online\/wp-content\/uploads\/2023\/11\/Composta-Ammore-600x600.jpg 600w, https:\/\/www.ammore.online\/wp-content\/uploads\/2023\/11\/Composta-Ammore-720x720.jpg 720w, https:\/\/www.ammore.online\/wp-content\/uploads\/2023\/11\/Composta-Ammore-180x180.jpg 180w, https:\/\/www.ammore.online\/wp-content\/uploads\/2023\/11\/Composta-Ammore.jpg 886w\" sizes=\"auto, (max-width: 530px) 100vw, 530px\" \/>\t\t<h2 class=\"woocommerce-loop-category__title\">\n\t\t\tCompotas <mark class=\"count\">(1)<\/mark>\t\t<\/h2>\n\t\t<\/a><\/li>\n<\/ul>\n<\/div><\/div><\/div>\n\n<p class=\"has-text-align-center\">Nos encargamos de la selecci\u00f3n de productos de alta calidad con &#8220;<strong>Ammore<\/strong>&#8221; y los trabajamos en un <strong>laboratorio<\/strong> artesanal, nuestro socio, que tiene su sede en la provincia de Avellino. Nos especializamos en la producci\u00f3n artesanal, en varios sabores, de <strong>palomas<\/strong>, <strong>panettone<\/strong>, <strong>panzuppati<\/strong>, <strong>pandolci<\/strong> y <strong>panevo<\/strong>. Y si lo desea, estamos listos para sorprenderlo con una tentadora l\u00ednea de <strong>cremas para untar.<\/strong><\/p>\n\n<p class=\"has-text-align-center\">Partimos de una <strong>b\u00fasqueda<\/strong> escrupulosa de la materia prima para llegar a la entrega. Nos encanta cuidar el m\u00e1s m\u00ednimo detalle y para nosotros el packaging es un detalle fundamental. Es por eso que usamos un empaque protector termosellado, resellable con un <strong>clip para conservar la frescura<\/strong> que se puede reutilizar de manera segura.<\/p>\n\n<p class=\"has-text-align-center\">Nuestra bolsa ecosostenible mantiene inalterados el sabor, la fragancia y los aromas, lo que nos permite alargar el periodo de conservaci\u00f3n de nuestros productos fermentados. As\u00ed saborear\u00e1s, cada vez como la primera vez, la inconfundible suavidad que satisface el paladar, la mente y el coraz\u00f3n de quienes prefieren las cosas buenas del pasado.<\/p><\/div><\/div>","protected":false},"excerpt":{"rendered":"<p>Nos gusta tanto lo dulce como lo salado. Y tenemos cuidado de ofrecer tambi\u00e9n productos sin gluten. La nuestra es una levadura lenta, nunca dura menos de 48 horas y le da a la masa un dorado tentador cuando menos y un panal homog\u00e9neo y suave que la hacen especial. La exclusiva masa madre que [&hellip;]<\/p>\n","protected":false},"author":1,"featured_media":0,"parent":0,"menu_order":0,"comment_status":"closed","ping_status":"closed","template":"templates\/blocks.php","meta":{"_genesis_hide_title":false,"_genesis_hide_breadcrumbs":false,"_genesis_hide_singular_image":false,"_genesis_hide_footer_widgets":false,"_genesis_custom_body_class":"","_genesis_custom_post_class":"","_genesis_layout":"full-width-content","footnotes":""},"class_list":{"0":"post-3111","1":"page","2":"type-page","3":"status-publish","5":"entry"},"yoast_head":"<!-- This site is optimized with the Yoast SEO plugin v23.7 - https:\/\/yoast.com\/wordpress\/plugins\/seo\/ -->\n<title>Productos - Ammore<\/title>\n<meta name=\"robots\" content=\"index, follow, max-snippet:-1, max-image-preview:large, max-video-preview:-1\" \/>\n<link rel=\"canonical\" href=\"https:\/\/www.ammore.online\/es\/productos\/\" \/>\n<meta property=\"og:locale\" content=\"es_ES\" \/>\n<meta property=\"og:type\" content=\"article\" \/>\n<meta property=\"og:title\" content=\"Productos - Ammore\" \/>\n<meta property=\"og:description\" content=\"Nos gusta tanto lo dulce como lo salado. Y tenemos cuidado de ofrecer tambi\u00e9n productos sin gluten. La nuestra es una levadura lenta, nunca dura menos de 48 horas y le da a la masa un dorado tentador cuando menos y un panal homog\u00e9neo y suave que la hacen especial. La exclusiva masa madre que [&hellip;]\" \/>\n<meta property=\"og:url\" content=\"https:\/\/www.ammore.online\/es\/productos\/\" \/>\n<meta property=\"og:site_name\" content=\"Ammore\" \/>\n<meta property=\"article:publisher\" content=\"https:\/\/www.facebook.com\/ammore.official\" \/>\n<meta property=\"article:modified_time\" content=\"2025-02-27T15:52:17+00:00\" \/>\n<meta name=\"twitter:card\" content=\"summary_large_image\" \/>\n<meta name=\"twitter:label1\" content=\"Tiempo de lectura\" \/>\n\t<meta name=\"twitter:data1\" content=\"2 minutos\" \/>\n<script type=\"application\/ld+json\" class=\"yoast-schema-graph\">{\"@context\":\"https:\/\/schema.org\",\"@graph\":[{\"@type\":\"WebPage\",\"@id\":\"https:\/\/www.ammore.online\/es\/productos\/\",\"url\":\"https:\/\/www.ammore.online\/es\/productos\/\",\"name\":\"Productos - Ammore\",\"isPartOf\":{\"@id\":\"https:\/\/www.ammore.online\/es\/#website\"},\"datePublished\":\"2023-07-14T14:02:30+00:00\",\"dateModified\":\"2025-02-27T15:52:17+00:00\",\"breadcrumb\":{\"@id\":\"https:\/\/www.ammore.online\/es\/productos\/#breadcrumb\"},\"inLanguage\":\"es\",\"potentialAction\":[{\"@type\":\"ReadAction\",\"target\":[\"https:\/\/www.ammore.online\/es\/productos\/\"]}]},{\"@type\":\"BreadcrumbList\",\"@id\":\"https:\/\/www.ammore.online\/es\/productos\/#breadcrumb\",\"itemListElement\":[{\"@type\":\"ListItem\",\"position\":1,\"name\":\"Home\",\"item\":\"https:\/\/www.ammore.online\/es\/\"},{\"@type\":\"ListItem\",\"position\":2,\"name\":\"Productos\"}]},{\"@type\":\"WebSite\",\"@id\":\"https:\/\/www.ammore.online\/es\/#website\",\"url\":\"https:\/\/www.ammore.online\/es\/\",\"name\":\"Ammore\",\"description\":\"Il gusto della tradizione\",\"publisher\":{\"@id\":\"https:\/\/www.ammore.online\/es\/#organization\"},\"potentialAction\":[{\"@type\":\"SearchAction\",\"target\":{\"@type\":\"EntryPoint\",\"urlTemplate\":\"https:\/\/www.ammore.online\/es\/?s={search_term_string}\"},\"query-input\":{\"@type\":\"PropertyValueSpecification\",\"valueRequired\":true,\"valueName\":\"search_term_string\"}}],\"inLanguage\":\"es\"},{\"@type\":\"Organization\",\"@id\":\"https:\/\/www.ammore.online\/es\/#organization\",\"name\":\"Ammore\",\"url\":\"https:\/\/www.ammore.online\/es\/\",\"logo\":{\"@type\":\"ImageObject\",\"inLanguage\":\"es\",\"@id\":\"https:\/\/www.ammore.online\/es\/#\/schema\/logo\/image\/\",\"url\":\"https:\/\/www.ammore.online\/wp-content\/uploads\/2023\/10\/cropped-cropped-Ammore_logo.png\",\"contentUrl\":\"https:\/\/www.ammore.online\/wp-content\/uploads\/2023\/10\/cropped-cropped-Ammore_logo.png\",\"width\":1411,\"height\":393,\"caption\":\"Ammore\"},\"image\":{\"@id\":\"https:\/\/www.ammore.online\/es\/#\/schema\/logo\/image\/\"},\"sameAs\":[\"https:\/\/www.facebook.com\/ammore.official\",\"https:\/\/www.instagram.com\/ammore_official\"]}]}<\/script>\n<!-- \/ Yoast SEO plugin. -->","yoast_head_json":{"title":"Productos - Ammore","robots":{"index":"index","follow":"follow","max-snippet":"max-snippet:-1","max-image-preview":"max-image-preview:large","max-video-preview":"max-video-preview:-1"},"canonical":"https:\/\/www.ammore.online\/es\/productos\/","og_locale":"es_ES","og_type":"article","og_title":"Productos - Ammore","og_description":"Nos gusta tanto lo dulce como lo salado. Y tenemos cuidado de ofrecer tambi\u00e9n productos sin gluten. La nuestra es una levadura lenta, nunca dura menos de 48 horas y le da a la masa un dorado tentador cuando menos y un panal homog\u00e9neo y suave que la hacen especial. La exclusiva masa madre que [&hellip;]","og_url":"https:\/\/www.ammore.online\/es\/productos\/","og_site_name":"Ammore","article_publisher":"https:\/\/www.facebook.com\/ammore.official","article_modified_time":"2025-02-27T15:52:17+00:00","twitter_card":"summary_large_image","twitter_misc":{"Tiempo de lectura":"2 minutos"},"schema":{"@context":"https:\/\/schema.org","@graph":[{"@type":"WebPage","@id":"https:\/\/www.ammore.online\/es\/productos\/","url":"https:\/\/www.ammore.online\/es\/productos\/","name":"Productos - Ammore","isPartOf":{"@id":"https:\/\/www.ammore.online\/es\/#website"},"datePublished":"2023-07-14T14:02:30+00:00","dateModified":"2025-02-27T15:52:17+00:00","breadcrumb":{"@id":"https:\/\/www.ammore.online\/es\/productos\/#breadcrumb"},"inLanguage":"es","potentialAction":[{"@type":"ReadAction","target":["https:\/\/www.ammore.online\/es\/productos\/"]}]},{"@type":"BreadcrumbList","@id":"https:\/\/www.ammore.online\/es\/productos\/#breadcrumb","itemListElement":[{"@type":"ListItem","position":1,"name":"Home","item":"https:\/\/www.ammore.online\/es\/"},{"@type":"ListItem","position":2,"name":"Productos"}]},{"@type":"WebSite","@id":"https:\/\/www.ammore.online\/es\/#website","url":"https:\/\/www.ammore.online\/es\/","name":"Ammore","description":"Il gusto della tradizione","publisher":{"@id":"https:\/\/www.ammore.online\/es\/#organization"},"potentialAction":[{"@type":"SearchAction","target":{"@type":"EntryPoint","urlTemplate":"https:\/\/www.ammore.online\/es\/?s={search_term_string}"},"query-input":{"@type":"PropertyValueSpecification","valueRequired":true,"valueName":"search_term_string"}}],"inLanguage":"es"},{"@type":"Organization","@id":"https:\/\/www.ammore.online\/es\/#organization","name":"Ammore","url":"https:\/\/www.ammore.online\/es\/","logo":{"@type":"ImageObject","inLanguage":"es","@id":"https:\/\/www.ammore.online\/es\/#\/schema\/logo\/image\/","url":"https:\/\/www.ammore.online\/wp-content\/uploads\/2023\/10\/cropped-cropped-Ammore_logo.png","contentUrl":"https:\/\/www.ammore.online\/wp-content\/uploads\/2023\/10\/cropped-cropped-Ammore_logo.png","width":1411,"height":393,"caption":"Ammore"},"image":{"@id":"https:\/\/www.ammore.online\/es\/#\/schema\/logo\/image\/"},"sameAs":["https:\/\/www.facebook.com\/ammore.official","https:\/\/www.instagram.com\/ammore_official"]}]}},"featured_image_src":null,"featured_image_src_square":null,"_links":{"self":[{"href":"https:\/\/www.ammore.online\/es\/wp-json\/wp\/v2\/pages\/3111","targetHints":{"allow":["GET"]}}],"collection":[{"href":"https:\/\/www.ammore.online\/es\/wp-json\/wp\/v2\/pages"}],"about":[{"href":"https:\/\/www.ammore.online\/es\/wp-json\/wp\/v2\/types\/page"}],"author":[{"embeddable":true,"href":"https:\/\/www.ammore.online\/es\/wp-json\/wp\/v2\/users\/1"}],"replies":[{"embeddable":true,"href":"https:\/\/www.ammore.online\/es\/wp-json\/wp\/v2\/comments?post=3111"}],"version-history":[{"count":3,"href":"https:\/\/www.ammore.online\/es\/wp-json\/wp\/v2\/pages\/3111\/revisions"}],"predecessor-version":[{"id":3798,"href":"https:\/\/www.ammore.online\/es\/wp-json\/wp\/v2\/pages\/3111\/revisions\/3798"}],"wp:attachment":[{"href":"https:\/\/www.ammore.online\/es\/wp-json\/wp\/v2\/media?parent=3111"}],"curies":[{"name":"wp","href":"https:\/\/api.w.org\/{rel}","templated":true}]}}