{"id":2994,"date":"2023-06-29T07:37:13","date_gmt":"2023-06-29T07:37:13","guid":{"rendered":"https:\/\/www.ammore.online\/ammore-lievitati-artigianali\/noi\/"},"modified":"2023-09-06T11:29:06","modified_gmt":"2023-09-06T11:29:06","slug":"noi","status":"publish","type":"page","link":"https:\/\/www.ammore.online\/es\/ammore-lievitati-artigianali\/noi\/","title":{"rendered":"Nosotros"},"content":{"rendered":"<div class=\"wp-block-group alignwide\"><div class=\"wp-block-group__inner-container is-layout-constrained wp-block-group-is-layout-constrained\"><div style=\"height:100px\" aria-hidden=\"true\" class=\"wp-block-spacer block-visibility-hide-small-screen\"><\/div>\n\n<div style=\"height:50px\" aria-hidden=\"true\" class=\"wp-block-spacer block-visibility-hide-large-screen block-visibility-hide-medium-screen\"><\/div>\n\n<h3 class=\"wp-block-heading has-text-align-center\">&#8220;Ammore&#8221; naci\u00f3 de un sue\u00f1o.<\/h3>\n\n<h3 class=\"wp-block-heading has-text-align-center\">La de Napoleone Cioffi que es su alma. <\/h3>\n\n<p class=\"has-text-align-center\">\u00c9l es quien hace realidad su mayor deseo. De ni\u00f1o no pasaba un d\u00eda en el que no se imaginaba con los ojos abiertos mordiendo una loncha de panettone rebosante de nata. Una vez que creci\u00f3, la energ\u00eda y el entusiasmo del empresario de Campania se mezclan (\u00a1es apropiado decirlo!) con el amor por la comida y una b\u00fasqueda incansable de ingredientes de calidad. Luego las ganas de aunar tradici\u00f3n e innovaci\u00f3n hacen el resto.<\/p>\n\n<p class=\"has-text-align-center\">Tras acumular una larga experiencia en el sector de las bebidas espirituosas y licores, crea su propia empresa donde se fusiona la excelencia con una gran pasi\u00f3n por el territorio. La deliciosa y refinada l\u00ednea de productos fermentados artesanales &#8220;Ammore&#8221; se hace as\u00ed realidad. Y es el encuentro con un reputado pastelero de Cervinara el que hace posible el milagro gastron\u00f3mico. Su asociaci\u00f3n da vida a una amplia gama de creaciones dulces y saladas, tambi\u00e9n disponibles sin gluten.<\/p>\n\n<p class=\"has-text-align-center\">Junto a los cl\u00e1sicos imperdibles como el panettone y la colombe, el viaje del gusto que recorrer\u00e1s con nosotros te llevar\u00e1 a descubrir una nueva idea de &#8220;bueno&#8221;, pensada y creada con &#8220;Ammore&#8221;. Pruebe incluso un solo bocado de pandolci y d\u00e9jese tentar por las novedades m\u00e1s buscadas. Directamente para usted desde los hornos de nuestros laboratorios llegan panzuppati y panevo, productos \u00fanicos en su g\u00e9nero y ofrecidos en varios sabores entre los que tendr\u00e1 muchas opciones para elegir.<\/p>\n\n<p class=\"has-text-align-center\">Finalmente, el surtido se completa con una tentadora l\u00ednea de cremas para untar. Si por un lado la experimentaci\u00f3n de nuevas recetas siempre indica caminos originales, un punto permanece invariable. El uso de masa madre, conservada con refrescos apropiados y mantenida viva durante 16 a\u00f1os, lo que garantiza un sabor \u00fanico a todos los productos con levadura.<\/p>\n\n<div style=\"height:50px\" aria-hidden=\"true\" class=\"wp-block-spacer block-visibility-hide-small-screen\"><\/div>\n\n<div style=\"height:50px\" aria-hidden=\"true\" class=\"wp-block-spacer block-visibility-hide-large-screen block-visibility-hide-medium-screen\"><\/div>\n\n<h2 class=\"has-text-align-center\" id=\"noi\" style=\"color:#782648\">ALGUNOS DE NUESTROS PRODUCTOS<\/h2>\n\n<div style=\"height:50px\" aria-hidden=\"true\" class=\"wp-block-spacer block-visibility-hide-small-screen\"><\/div>\n\n<div class=\"woocommerce columns-4\"><ul class=\"products columns-4\">\n<li class=\"product-category product first\">\n\t<a aria-label=\"Visitar la categor\u00eda de producto Pascua\" href=\"https:\/\/www.ammore.online\/es\/productos-artesanales\/pascua\/\"><img loading=\"lazy\" decoding=\"async\" src=\"https:\/\/www.ammore.online\/wp-content\/uploads\/2023\/04\/image0-scaled-530x530.jpeg\" alt=\"Pascua\" width=\"530\" height=\"530\" \/>\t\t<h2 class=\"woocommerce-loop-category__title\">\n\t\t\tPascua <mark class=\"count\">(11)<\/mark>\t\t<\/h2>\n\t\t<\/a><\/li>\n<li class=\"product-category product\">\n\t<a aria-label=\"Visitar la categor\u00eda de producto Navidad\" href=\"https:\/\/www.ammore.online\/es\/productos-artesanales\/navidad\/\"><img loading=\"lazy\" decoding=\"async\" src=\"https:\/\/www.ammore.online\/wp-content\/uploads\/2024\/10\/pandorato_08-530x530.jpg\" alt=\"Navidad\" width=\"530\" height=\"530\" srcset=\"https:\/\/www.ammore.online\/wp-content\/uploads\/2024\/10\/pandorato_08-530x530.jpg 530w, https:\/\/www.ammore.online\/wp-content\/uploads\/2024\/10\/pandorato_08-150x150.jpg 150w, https:\/\/www.ammore.online\/wp-content\/uploads\/2024\/10\/pandorato_08-600x600.jpg 600w, https:\/\/www.ammore.online\/wp-content\/uploads\/2024\/10\/pandorato_08-180x180.jpg 180w\" sizes=\"auto, (max-width: 530px) 100vw, 530px\" \/>\t\t<h2 class=\"woocommerce-loop-category__title\">\n\t\t\tNavidad <mark class=\"count\">(28)<\/mark>\t\t<\/h2>\n\t\t<\/a><\/li>\n<li class=\"product-category product\">\n\t<a aria-label=\"Visitar la categor\u00eda de producto Cappelliera\" href=\"https:\/\/www.ammore.online\/es\/productos-artesanales\/cappelliera-es\/\"><img loading=\"lazy\" decoding=\"async\" src=\"https:\/\/www.ammore.online\/wp-content\/uploads\/2024\/10\/Panettone-cappelliera-3Kg-530x530.jpg\" alt=\"Cappelliera\" width=\"530\" height=\"530\" srcset=\"https:\/\/www.ammore.online\/wp-content\/uploads\/2024\/10\/Panettone-cappelliera-3Kg-530x530.jpg 530w, https:\/\/www.ammore.online\/wp-content\/uploads\/2024\/10\/Panettone-cappelliera-3Kg-300x300.jpg 300w, https:\/\/www.ammore.online\/wp-content\/uploads\/2024\/10\/Panettone-cappelliera-3Kg-1024x1024.jpg 1024w, https:\/\/www.ammore.online\/wp-content\/uploads\/2024\/10\/Panettone-cappelliera-3Kg-150x150.jpg 150w, https:\/\/www.ammore.online\/wp-content\/uploads\/2024\/10\/Panettone-cappelliera-3Kg-768x768.jpg 768w, https:\/\/www.ammore.online\/wp-content\/uploads\/2024\/10\/Panettone-cappelliera-3Kg-50x50.jpg 50w, https:\/\/www.ammore.online\/wp-content\/uploads\/2024\/10\/Panettone-cappelliera-3Kg-1600x1600.jpg 1600w, https:\/\/www.ammore.online\/wp-content\/uploads\/2024\/10\/Panettone-cappelliera-3Kg-1536x1536.jpg 1536w, https:\/\/www.ammore.online\/wp-content\/uploads\/2024\/10\/Panettone-cappelliera-3Kg-600x600.jpg 600w, https:\/\/www.ammore.online\/wp-content\/uploads\/2024\/10\/Panettone-cappelliera-3Kg-720x720.jpg 720w, https:\/\/www.ammore.online\/wp-content\/uploads\/2024\/10\/Panettone-cappelliera-3Kg-180x180.jpg 180w, https:\/\/www.ammore.online\/wp-content\/uploads\/2024\/10\/Panettone-cappelliera-3Kg.jpg 1920w\" sizes=\"auto, (max-width: 530px) 100vw, 530px\" \/>\t\t<h2 class=\"woocommerce-loop-category__title\">\n\t\t\tCappelliera <mark class=\"count\">(16)<\/mark>\t\t<\/h2>\n\t\t<\/a><\/li>\n<li class=\"product-category product last\">\n\t<a aria-label=\"Visitar la categor\u00eda de producto Panevo\" href=\"https:\/\/www.ammore.online\/es\/productos-artesanales\/panevo-es\/\"><img loading=\"lazy\" decoding=\"async\" src=\"https:\/\/www.ammore.online\/wp-content\/uploads\/2024\/10\/InCollage_20241018_160229091-scaled.jpg\" alt=\"Panevo\" width=\"530\" height=\"530\" \/>\t\t<h2 class=\"woocommerce-loop-category__title\">\n\t\t\tPanevo <mark class=\"count\">(5)<\/mark>\t\t<\/h2>\n\t\t<\/a><\/li>\n<\/ul>\n<\/div><\/div><\/div><div class=\"wp-block-cover alignfull has-parallax\"><span aria-hidden=\"true\" class=\"wp-block-cover__background has-background-dim-80 has-background-dim\" style=\"background-color:#946941\"><\/span><div role=\"img\" class=\"wp-block-cover__image-background wp-image-153 has-parallax\" style=\"background-position:50% 50%;background-image:url(https:\/\/www.ammore.online\/wp-content\/uploads\/2022\/08\/farina-2.jpg)\"><\/div><div class=\"wp-block-cover__inner-container is-layout-flow wp-block-cover-is-layout-flow\"><div class=\"wp-block-genesis-blocks-gb-columns gb-layout-columns-1 one-column gb-columns-center alignfull\" style=\"margin-bottom:15px;padding-right:2%;padding-left:2%\"><div class=\"gb-layout-column-wrap gb-block-layout-column-gap-0 gb-is-responsive-column\" style=\"max-width:1060px\"><div class=\"wp-block-genesis-blocks-gb-column gb-block-layout-column\"><div class=\"gb-block-layout-column-inner\"><p><\/p><\/div><\/div><\/div><\/div>\n\n<div style=\"height:20px\" aria-hidden=\"true\" class=\"wp-block-spacer\"><\/div>\n\n<h2 class=\"wp-block-heading alignfull has-text-align-center small-heading is-style-default has-white-color has-text-color\">Mantente siempre actualizado<\/h2>\n\n<div class=\"wp-block-columns is-layout-flex wp-container-core-columns-is-layout-9d6595d7 wp-block-columns-is-layout-flex\"><div class=\"wp-block-column is-layout-flow wp-block-column-is-layout-flow\"><\/div>\n\n<div class=\"wp-block-column is-layout-flow wp-block-column-is-layout-flow\"><script>(function() {\n\twindow.mc4wp = window.mc4wp || {\n\t\tlisteners: [],\n\t\tforms: {\n\t\t\ton: function(evt, cb) {\n\t\t\t\twindow.mc4wp.listeners.push(\n\t\t\t\t\t{\n\t\t\t\t\t\tevent   : evt,\n\t\t\t\t\t\tcallback: cb\n\t\t\t\t\t}\n\t\t\t\t);\n\t\t\t}\n\t\t}\n\t}\n})();\n<\/script><!-- Mailchimp for WordPress v4.9.18 - https:\/\/wordpress.org\/plugins\/mailchimp-for-wp\/ --><form id=\"mc4wp-form-1\" class=\"mc4wp-form mc4wp-form-1275\" method=\"post\" data-id=\"1275\" data-name=\"Ammore NewsLetter\" ><div class=\"mc4wp-form-fields\"><p>\n\t<center><label>\u00a1Ingrese su correo electr\u00f3nico y suscr\u00edbase a nuestro bolet\u00edn!\n      <p>\n        \n      <\/p>\n\t\t<input type=\"email\" name=\"EMAIL\" placeholder=\"Tu correo electr\u00f3nico\" required=\"\">\n<\/label>\n<p>\n    <label>\n      <p>\n        \n      <\/p>\n        <input name=\"AGREE_TO_TERMS\" type=\"checkbox\" value=\"1\" required=\"\"> <a href=\"https:\/\/www.ammore.online\/es\/privacy-policy\/\" target=\"_blank\" rel=\"noopener\">He le\u00eddo y acepto los t\u00e9rminos y condiciones<\/a>\n    <\/label>\n<\/p>\n<p>\n\t<input type=\"submit\" value=\"Suscribir\"> <\/center>\n<\/p><\/div><label style=\"display: none !important;\">Deja vac\u00edo este campo si eres humano: <input type=\"text\" name=\"_mc4wp_honeypot\" value=\"\" tabindex=\"-1\" autocomplete=\"off\" \/><\/label><input type=\"hidden\" name=\"_mc4wp_timestamp\" value=\"1777602502\" \/><input type=\"hidden\" name=\"_mc4wp_form_id\" value=\"1275\" \/><input type=\"hidden\" name=\"_mc4wp_form_element_id\" value=\"mc4wp-form-1\" \/><div class=\"mc4wp-response\"><\/div><\/form><!-- \/ Mailchimp for WordPress Plugin --><\/div>\n\n<div class=\"wp-block-column is-layout-flow wp-block-column-is-layout-flow\"><\/div><\/div><\/div><\/div>","protected":false},"excerpt":{"rendered":"<p>&#8220;Ammore&#8221; naci\u00f3 de un sue\u00f1o. La de Napoleone Cioffi que es su alma. \u00c9l es quien hace realidad su mayor deseo. De ni\u00f1o no pasaba un d\u00eda en el que no se imaginaba con los ojos abiertos mordiendo una loncha de panettone rebosante de nata. Una vez que creci\u00f3, la energ\u00eda y el entusiasmo del [&hellip;]<\/p>\n","protected":false},"author":1,"featured_media":0,"parent":1177,"menu_order":0,"comment_status":"closed","ping_status":"closed","template":"templates\/blocks.php","meta":{"_genesis_hide_title":true,"_genesis_hide_breadcrumbs":true,"_genesis_hide_singular_image":true,"_genesis_hide_footer_widgets":false,"_genesis_custom_body_class":"","_genesis_custom_post_class":"","_genesis_layout":"full-width-content","footnotes":""},"class_list":{"0":"post-2994","1":"page","2":"type-page","3":"status-publish","5":"entry"},"yoast_head":"<!-- This site is optimized with the Yoast SEO plugin v23.7 - https:\/\/yoast.com\/wordpress\/plugins\/seo\/ -->\n<title>Nosotros - Ammore<\/title>\n<meta name=\"robots\" content=\"index, follow, max-snippet:-1, max-image-preview:large, max-video-preview:-1\" \/>\n<link rel=\"canonical\" href=\"https:\/\/www.ammore.online\/es\/ammore-lievitati-artigianali\/noi\/\" \/>\n<meta property=\"og:locale\" content=\"es_ES\" \/>\n<meta property=\"og:type\" content=\"article\" \/>\n<meta property=\"og:title\" content=\"Nosotros - Ammore\" \/>\n<meta property=\"og:description\" content=\"&#8220;Ammore&#8221; naci\u00f3 de un sue\u00f1o. La de Napoleone Cioffi que es su alma. \u00c9l es quien hace realidad su mayor deseo. De ni\u00f1o no pasaba un d\u00eda en el que no se imaginaba con los ojos abiertos mordiendo una loncha de panettone rebosante de nata. Una vez que creci\u00f3, la energ\u00eda y el entusiasmo del [&hellip;]\" \/>\n<meta property=\"og:url\" content=\"https:\/\/www.ammore.online\/es\/ammore-lievitati-artigianali\/noi\/\" \/>\n<meta property=\"og:site_name\" content=\"Ammore\" \/>\n<meta property=\"article:publisher\" content=\"https:\/\/www.facebook.com\/ammore.official\" \/>\n<meta property=\"article:modified_time\" content=\"2023-09-06T11:29:06+00:00\" \/>\n<meta name=\"twitter:card\" content=\"summary_large_image\" \/>\n<meta name=\"twitter:label1\" content=\"Tiempo de lectura\" \/>\n\t<meta name=\"twitter:data1\" content=\"2 minutos\" \/>\n<script type=\"application\/ld+json\" class=\"yoast-schema-graph\">{\"@context\":\"https:\/\/schema.org\",\"@graph\":[{\"@type\":\"WebPage\",\"@id\":\"https:\/\/www.ammore.online\/es\/ammore-lievitati-artigianali\/noi\/\",\"url\":\"https:\/\/www.ammore.online\/es\/ammore-lievitati-artigianali\/noi\/\",\"name\":\"Nosotros - Ammore\",\"isPartOf\":{\"@id\":\"https:\/\/www.ammore.online\/es\/#website\"},\"datePublished\":\"2023-06-29T07:37:13+00:00\",\"dateModified\":\"2023-09-06T11:29:06+00:00\",\"breadcrumb\":{\"@id\":\"https:\/\/www.ammore.online\/es\/ammore-lievitati-artigianali\/noi\/#breadcrumb\"},\"inLanguage\":\"es\",\"potentialAction\":[{\"@type\":\"ReadAction\",\"target\":[\"https:\/\/www.ammore.online\/es\/ammore-lievitati-artigianali\/noi\/\"]}]},{\"@type\":\"BreadcrumbList\",\"@id\":\"https:\/\/www.ammore.online\/es\/ammore-lievitati-artigianali\/noi\/#breadcrumb\",\"itemListElement\":[{\"@type\":\"ListItem\",\"position\":1,\"name\":\"Home\",\"item\":\"https:\/\/www.ammore.online\/es\/\"},{\"@type\":\"ListItem\",\"position\":2,\"name\":\"Homepage\",\"item\":\"https:\/\/www.ammore.online\/es\/\"},{\"@type\":\"ListItem\",\"position\":3,\"name\":\"Nosotros\"}]},{\"@type\":\"WebSite\",\"@id\":\"https:\/\/www.ammore.online\/es\/#website\",\"url\":\"https:\/\/www.ammore.online\/es\/\",\"name\":\"Ammore\",\"description\":\"Il gusto della tradizione\",\"publisher\":{\"@id\":\"https:\/\/www.ammore.online\/es\/#organization\"},\"potentialAction\":[{\"@type\":\"SearchAction\",\"target\":{\"@type\":\"EntryPoint\",\"urlTemplate\":\"https:\/\/www.ammore.online\/es\/?s={search_term_string}\"},\"query-input\":{\"@type\":\"PropertyValueSpecification\",\"valueRequired\":true,\"valueName\":\"search_term_string\"}}],\"inLanguage\":\"es\"},{\"@type\":\"Organization\",\"@id\":\"https:\/\/www.ammore.online\/es\/#organization\",\"name\":\"Ammore\",\"url\":\"https:\/\/www.ammore.online\/es\/\",\"logo\":{\"@type\":\"ImageObject\",\"inLanguage\":\"es\",\"@id\":\"https:\/\/www.ammore.online\/es\/#\/schema\/logo\/image\/\",\"url\":\"https:\/\/www.ammore.online\/wp-content\/uploads\/2023\/10\/cropped-cropped-Ammore_logo.png\",\"contentUrl\":\"https:\/\/www.ammore.online\/wp-content\/uploads\/2023\/10\/cropped-cropped-Ammore_logo.png\",\"width\":1411,\"height\":393,\"caption\":\"Ammore\"},\"image\":{\"@id\":\"https:\/\/www.ammore.online\/es\/#\/schema\/logo\/image\/\"},\"sameAs\":[\"https:\/\/www.facebook.com\/ammore.official\",\"https:\/\/www.instagram.com\/ammore_official\"]}]}<\/script>\n<!-- \/ Yoast SEO plugin. -->","yoast_head_json":{"title":"Nosotros - Ammore","robots":{"index":"index","follow":"follow","max-snippet":"max-snippet:-1","max-image-preview":"max-image-preview:large","max-video-preview":"max-video-preview:-1"},"canonical":"https:\/\/www.ammore.online\/es\/ammore-lievitati-artigianali\/noi\/","og_locale":"es_ES","og_type":"article","og_title":"Nosotros - Ammore","og_description":"&#8220;Ammore&#8221; naci\u00f3 de un sue\u00f1o. La de Napoleone Cioffi que es su alma. \u00c9l es quien hace realidad su mayor deseo. De ni\u00f1o no pasaba un d\u00eda en el que no se imaginaba con los ojos abiertos mordiendo una loncha de panettone rebosante de nata. Una vez que creci\u00f3, la energ\u00eda y el entusiasmo del [&hellip;]","og_url":"https:\/\/www.ammore.online\/es\/ammore-lievitati-artigianali\/noi\/","og_site_name":"Ammore","article_publisher":"https:\/\/www.facebook.com\/ammore.official","article_modified_time":"2023-09-06T11:29:06+00:00","twitter_card":"summary_large_image","twitter_misc":{"Tiempo de lectura":"2 minutos"},"schema":{"@context":"https:\/\/schema.org","@graph":[{"@type":"WebPage","@id":"https:\/\/www.ammore.online\/es\/ammore-lievitati-artigianali\/noi\/","url":"https:\/\/www.ammore.online\/es\/ammore-lievitati-artigianali\/noi\/","name":"Nosotros - Ammore","isPartOf":{"@id":"https:\/\/www.ammore.online\/es\/#website"},"datePublished":"2023-06-29T07:37:13+00:00","dateModified":"2023-09-06T11:29:06+00:00","breadcrumb":{"@id":"https:\/\/www.ammore.online\/es\/ammore-lievitati-artigianali\/noi\/#breadcrumb"},"inLanguage":"es","potentialAction":[{"@type":"ReadAction","target":["https:\/\/www.ammore.online\/es\/ammore-lievitati-artigianali\/noi\/"]}]},{"@type":"BreadcrumbList","@id":"https:\/\/www.ammore.online\/es\/ammore-lievitati-artigianali\/noi\/#breadcrumb","itemListElement":[{"@type":"ListItem","position":1,"name":"Home","item":"https:\/\/www.ammore.online\/es\/"},{"@type":"ListItem","position":2,"name":"Homepage","item":"https:\/\/www.ammore.online\/es\/"},{"@type":"ListItem","position":3,"name":"Nosotros"}]},{"@type":"WebSite","@id":"https:\/\/www.ammore.online\/es\/#website","url":"https:\/\/www.ammore.online\/es\/","name":"Ammore","description":"Il gusto della tradizione","publisher":{"@id":"https:\/\/www.ammore.online\/es\/#organization"},"potentialAction":[{"@type":"SearchAction","target":{"@type":"EntryPoint","urlTemplate":"https:\/\/www.ammore.online\/es\/?s={search_term_string}"},"query-input":{"@type":"PropertyValueSpecification","valueRequired":true,"valueName":"search_term_string"}}],"inLanguage":"es"},{"@type":"Organization","@id":"https:\/\/www.ammore.online\/es\/#organization","name":"Ammore","url":"https:\/\/www.ammore.online\/es\/","logo":{"@type":"ImageObject","inLanguage":"es","@id":"https:\/\/www.ammore.online\/es\/#\/schema\/logo\/image\/","url":"https:\/\/www.ammore.online\/wp-content\/uploads\/2023\/10\/cropped-cropped-Ammore_logo.png","contentUrl":"https:\/\/www.ammore.online\/wp-content\/uploads\/2023\/10\/cropped-cropped-Ammore_logo.png","width":1411,"height":393,"caption":"Ammore"},"image":{"@id":"https:\/\/www.ammore.online\/es\/#\/schema\/logo\/image\/"},"sameAs":["https:\/\/www.facebook.com\/ammore.official","https:\/\/www.instagram.com\/ammore_official"]}]}},"featured_image_src":null,"featured_image_src_square":null,"_links":{"self":[{"href":"https:\/\/www.ammore.online\/es\/wp-json\/wp\/v2\/pages\/2994","targetHints":{"allow":["GET"]}}],"collection":[{"href":"https:\/\/www.ammore.online\/es\/wp-json\/wp\/v2\/pages"}],"about":[{"href":"https:\/\/www.ammore.online\/es\/wp-json\/wp\/v2\/types\/page"}],"author":[{"embeddable":true,"href":"https:\/\/www.ammore.online\/es\/wp-json\/wp\/v2\/users\/1"}],"replies":[{"embeddable":true,"href":"https:\/\/www.ammore.online\/es\/wp-json\/wp\/v2\/comments?post=2994"}],"version-history":[{"count":5,"href":"https:\/\/www.ammore.online\/es\/wp-json\/wp\/v2\/pages\/2994\/revisions"}],"predecessor-version":[{"id":3066,"href":"https:\/\/www.ammore.online\/es\/wp-json\/wp\/v2\/pages\/2994\/revisions\/3066"}],"up":[{"embeddable":true,"href":"https:\/\/www.ammore.online\/es\/wp-json\/wp\/v2\/pages\/1177"}],"wp:attachment":[{"href":"https:\/\/www.ammore.online\/es\/wp-json\/wp\/v2\/media?parent=2994"}],"curies":[{"name":"wp","href":"https:\/\/api.w.org\/{rel}","templated":true}]}}