{"id":756,"date":"2022-08-25T20:11:22","date_gmt":"2022-08-25T20:11:22","guid":{"rendered":"https:\/\/www.ammore.online\/?post_type=product&#038;p=756"},"modified":"2023-11-05T20:36:37","modified_gmt":"2023-11-05T20:36:37","slug":"panettone-artigianale-pandorato-con-crema-nocciole-e-pistacchi","status":"publish","type":"product","link":"https:\/\/www.ammore.online\/de\/prodotto\/panettone-artigianale-pandorato-con-crema-nocciole-e-pistacchi\/","title":{"rendered":"Handwerklich hergestellter <br>  Pandorato mit Sahne Haseln\u00fcsse und Pistazien Panettone"},"content":{"rendered":"<p><strong>Zutaten<\/strong>: <strong>Weizenmehl<\/strong>, Butter, frisches <strong>Eigelb<\/strong>, Kakaobutter, Zucker, Fruktose, nat\u00fcrliche Hefe (<strong>Weizenmehl<\/strong>), Bourbon-Vanille, Dextrose, Aromen und Salz, Honig, S\u00e4ureregulator: Zitronens\u00e4ure. <strong>Cremezutaten<\/strong> 200g-Glas: Piemonteser <strong>Haseln\u00fcsse<\/strong> i.g.p. ger\u00f6stete Bohnen (45 %), Rohrzucker, <strong>Magermilchpulver<\/strong>, Sonnenblumen\u00f6l mit hohem \u00d6ls\u00e4uregehalt, natives Oliven\u00f6l extra, <strong>Kakaobutter<\/strong> (mind. 22 %), <strong>Pistazien<\/strong>. Emulgator: <strong>Sojalecithin<\/strong>. <strong>Zutaten f\u00fcr Puderzucker<\/strong>: Zucker, Maisst\u00e4rke. Kann Spuren von <strong>N\u00fcssen<\/strong>, <strong>Soja<\/strong> und <strong>Senf<\/strong> enthalten. Produkt unterliegt einem Gewichtsverlust. Hergestellt in Italien.<\/p>\n","protected":false},"excerpt":{"rendered":"<p>Eine k\u00f6stliche Kombination f\u00fcr ein unvergessliches Weihnachtsgeschenk. Der einzigartige Geschmack des &#8220;<strong><a href=\"https:\/\/www.ammore.online\/prodotti\/natale\/\">Pandorato<\/a>&#8220;<\/strong>, verfeinert durch die S\u00fc\u00dfe der Bourbon-Vanille aus Madagaskar, wird Bissen f\u00fcr Bissen durch die <a href=\"https:\/\/www.ammore.online\/prodotti\/natale\/\">&#8220;<strong>Ammore&#8221; Creme &#8220;Haseln\u00fcsse und Pistazien&#8221; <\/strong><\/a>verst\u00e4rkt, die gro\u00dfz\u00fcgig auf jeder Scheibe verteilt wird.<\/p>\n<p><strong>Die Packung enth\u00e4lt einen Pandorato-Panettone, ein P\u00e4ckchen Puderzucker, ein 200-Gramm-Glas Streichcreme und einen Vietri-Keramikstreicher<\/strong>.<\/p>\n<p><strong>Format 1 kg<\/strong> &#8211; <strong>Von hand verpackt <\/strong><\/p>\n<table border=\"0\">\n<tbody>\n<tr>\n<td><img loading=\"lazy\" decoding=\"async\" class=\"alignnone wp-image-573\" src=\"https:\/\/www.ammore.online\/wp-content\/uploads\/2022\/08\/Ingredienti_artigianale-de.png\" alt=\"\" width=\"197\" height=\"82\" \/><\/td>\n<td><img loading=\"lazy\" decoding=\"async\" class=\"alignnone size-medium wp-image-578\" src=\"https:\/\/www.ammore.online\/wp-content\/uploads\/2022\/08\/Ingredienti_lievito-de.png\" alt=\"\" width=\"197\" height=\"82\" \/><\/td>\n<td><img loading=\"lazy\" decoding=\"async\" class=\"alignnone size-medium wp-image-583\" src=\"https:\/\/www.ammore.online\/wp-content\/uploads\/2022\/08\/Ingredienti_naturale-de.png\" alt=\"\" width=\"197\" height=\"82\" \/><\/td>\n<\/tr>\n<tr>\n<td><img loading=\"lazy\" decoding=\"async\" class=\"alignnone size-medium wp-image-593\" src=\"https:\/\/www.ammore.online\/wp-content\/uploads\/2022\/08\/Ingredienti_no_palma-de.png\" alt=\"\" width=\"197\" height=\"82\" \/><\/td>\n<td><img loading=\"lazy\" decoding=\"async\" class=\"alignnone size-medium wp-image-588\" src=\"https:\/\/www.ammore.online\/wp-content\/uploads\/2022\/08\/Ingredienti_no_grassi-de.png\" alt=\"\" width=\"197\" height=\"82\" \/><\/td>\n<td><img loading=\"lazy\" decoding=\"async\" class=\"alignnone wp-image-573\" src=\"https:\/\/www.ammore.online\/wp-content\/uploads\/2022\/08\/Ingredienti_clip-de.png\" alt=\"\" width=\"197\" height=\"82\" \/><\/td>\n<\/tr>\n<\/tbody>\n<\/table>\n","protected":false},"featured_media":4834,"template":"","meta":{"_genesis_hide_title":false,"_genesis_hide_breadcrumbs":false,"_genesis_hide_singular_image":false,"_genesis_hide_footer_widgets":false,"_genesis_custom_body_class":"","_genesis_custom_post_class":"","_genesis_layout":""},"product_cat":[64,97],"product_tag":[],"class_list":{"0":"post-756","1":"product","2":"type-product","3":"status-publish","4":"has-post-thumbnail","6":"product_cat-weihnachten","7":"product_cat-sonderangebote","8":"entry","10":"first","11":"outofstock","12":"shipping-taxable","13":"purchasable","14":"product-type-simple"},"yoast_head":"<!-- This site is optimized with the Yoast SEO plugin v23.7 - https:\/\/yoast.com\/wordpress\/plugins\/seo\/ -->\n<title>Handwerklich hergestellter  Pandorato mit Sahne Haseln\u00fcsse und Pistazien Panettone - Ammore<\/title>\n<meta name=\"robots\" content=\"index, follow, max-snippet:-1, max-image-preview:large, max-video-preview:-1\" \/>\n<link rel=\"canonical\" href=\"https:\/\/www.ammore.online\/de\/prodotto\/panettone-artigianale-pandorato-con-crema-nocciole-e-pistacchi\/\" \/>\n<meta property=\"og:locale\" content=\"de_DE\" \/>\n<meta property=\"og:type\" content=\"article\" \/>\n<meta property=\"og:title\" content=\"Handwerklich hergestellter  Pandorato mit Sahne Haseln\u00fcsse und Pistazien Panettone - Ammore\" \/>\n<meta property=\"og:description\" content=\"Eine k\u00f6stliche Kombination f\u00fcr ein unvergessliches Weihnachtsgeschenk. Der einzigartige Geschmack des &quot;Pandorato&quot;, verfeinert durch die S\u00fc\u00dfe der Bourbon-Vanille aus Madagaskar, wird Bissen f\u00fcr Bissen durch die &quot;Ammore&quot; Creme &quot;Haseln\u00fcsse und Pistazien&quot; verst\u00e4rkt, die gro\u00dfz\u00fcgig auf jeder Scheibe verteilt wird.  Die Packung enth\u00e4lt einen Pandorato-Panettone, ein P\u00e4ckchen Puderzucker, ein 200-Gramm-Glas Streichcreme und einen Vietri-Keramikstreicher.  Format 1 kg - Von hand verpackt\" \/>\n<meta property=\"og:url\" content=\"https:\/\/www.ammore.online\/de\/prodotto\/panettone-artigianale-pandorato-con-crema-nocciole-e-pistacchi\/\" \/>\n<meta property=\"og:site_name\" content=\"Ammore\" \/>\n<meta property=\"article:publisher\" content=\"https:\/\/www.facebook.com\/ammore.official\" \/>\n<meta property=\"article:modified_time\" content=\"2023-11-05T20:36:37+00:00\" \/>\n<meta name=\"twitter:card\" content=\"summary_large_image\" \/>\n<meta name=\"twitter:label1\" content=\"Gesch\u00e4tzte Lesezeit\" \/>\n\t<meta name=\"twitter:data1\" content=\"1\u00a0Minute\" \/>\n<script type=\"application\/ld+json\" class=\"yoast-schema-graph\">{\"@context\":\"https:\/\/schema.org\",\"@graph\":[{\"@type\":\"WebPage\",\"@id\":\"https:\/\/www.ammore.online\/de\/prodotto\/panettone-artigianale-pandorato-con-crema-nocciole-e-pistacchi\/\",\"url\":\"https:\/\/www.ammore.online\/de\/prodotto\/panettone-artigianale-pandorato-con-crema-nocciole-e-pistacchi\/\",\"name\":\"Handwerklich hergestellter Pandorato mit Sahne Haseln\u00fcsse und Pistazien Panettone - Ammore\",\"isPartOf\":{\"@id\":\"https:\/\/www.ammore.online\/es\/#website\"},\"primaryImageOfPage\":{\"@id\":\"https:\/\/www.ammore.online\/de\/prodotto\/panettone-artigianale-pandorato-con-crema-nocciole-e-pistacchi\/#primaryimage\"},\"image\":{\"@id\":\"https:\/\/www.ammore.online\/de\/prodotto\/panettone-artigianale-pandorato-con-crema-nocciole-e-pistacchi\/#primaryimage\"},\"thumbnailUrl\":\"https:\/\/www.ammore.online\/wp-content\/uploads\/2024\/10\/pandorato-crema-nocciole-e-pistacchi.jpg\",\"datePublished\":\"2022-08-25T20:11:22+00:00\",\"dateModified\":\"2023-11-05T20:36:37+00:00\",\"breadcrumb\":{\"@id\":\"https:\/\/www.ammore.online\/de\/prodotto\/panettone-artigianale-pandorato-con-crema-nocciole-e-pistacchi\/#breadcrumb\"},\"inLanguage\":\"de\",\"potentialAction\":[{\"@type\":\"ReadAction\",\"target\":[\"https:\/\/www.ammore.online\/de\/prodotto\/panettone-artigianale-pandorato-con-crema-nocciole-e-pistacchi\/\"]}]},{\"@type\":\"ImageObject\",\"inLanguage\":\"de\",\"@id\":\"https:\/\/www.ammore.online\/de\/prodotto\/panettone-artigianale-pandorato-con-crema-nocciole-e-pistacchi\/#primaryimage\",\"url\":\"https:\/\/www.ammore.online\/wp-content\/uploads\/2024\/10\/pandorato-crema-nocciole-e-pistacchi.jpg\",\"contentUrl\":\"https:\/\/www.ammore.online\/wp-content\/uploads\/2024\/10\/pandorato-crema-nocciole-e-pistacchi.jpg\",\"width\":1920,\"height\":1920,\"caption\":\"Foto \u00a9 Alessandra Farinelli\"},{\"@type\":\"BreadcrumbList\",\"@id\":\"https:\/\/www.ammore.online\/de\/prodotto\/panettone-artigianale-pandorato-con-crema-nocciole-e-pistacchi\/#breadcrumb\",\"itemListElement\":[{\"@type\":\"ListItem\",\"position\":1,\"name\":\"Home\",\"item\":\"https:\/\/www.ammore.online\/de\/\"},{\"@type\":\"ListItem\",\"position\":2,\"name\":\"Shop\",\"item\":\"https:\/\/www.ammore.online\/de\/shop\/\"},{\"@type\":\"ListItem\",\"position\":3,\"name\":\"Handwerklich hergestellter Pandorato mit Sahne Haseln\u00fcsse und Pistazien Panettone\"}]},{\"@type\":\"WebSite\",\"@id\":\"https:\/\/www.ammore.online\/es\/#website\",\"url\":\"https:\/\/www.ammore.online\/es\/\",\"name\":\"Ammore\",\"description\":\"Il gusto della tradizione\",\"publisher\":{\"@id\":\"https:\/\/www.ammore.online\/es\/#organization\"},\"potentialAction\":[{\"@type\":\"SearchAction\",\"target\":{\"@type\":\"EntryPoint\",\"urlTemplate\":\"https:\/\/www.ammore.online\/es\/?s={search_term_string}\"},\"query-input\":{\"@type\":\"PropertyValueSpecification\",\"valueRequired\":true,\"valueName\":\"search_term_string\"}}],\"inLanguage\":\"de\"},{\"@type\":\"Organization\",\"@id\":\"https:\/\/www.ammore.online\/es\/#organization\",\"name\":\"Ammore\",\"url\":\"https:\/\/www.ammore.online\/es\/\",\"logo\":{\"@type\":\"ImageObject\",\"inLanguage\":\"de\",\"@id\":\"https:\/\/www.ammore.online\/es\/#\/schema\/logo\/image\/\",\"url\":\"https:\/\/www.ammore.online\/wp-content\/uploads\/2023\/10\/cropped-cropped-Ammore_logo.png\",\"contentUrl\":\"https:\/\/www.ammore.online\/wp-content\/uploads\/2023\/10\/cropped-cropped-Ammore_logo.png\",\"width\":1411,\"height\":393,\"caption\":\"Ammore\"},\"image\":{\"@id\":\"https:\/\/www.ammore.online\/es\/#\/schema\/logo\/image\/\"},\"sameAs\":[\"https:\/\/www.facebook.com\/ammore.official\",\"https:\/\/www.instagram.com\/ammore_official\"]}]}<\/script>\n<!-- \/ Yoast SEO plugin. -->","yoast_head_json":{"title":"Handwerklich hergestellter  Pandorato mit Sahne Haseln\u00fcsse und Pistazien Panettone - Ammore","robots":{"index":"index","follow":"follow","max-snippet":"max-snippet:-1","max-image-preview":"max-image-preview:large","max-video-preview":"max-video-preview:-1"},"canonical":"https:\/\/www.ammore.online\/de\/prodotto\/panettone-artigianale-pandorato-con-crema-nocciole-e-pistacchi\/","og_locale":"de_DE","og_type":"article","og_title":"Handwerklich hergestellter  Pandorato mit Sahne Haseln\u00fcsse und Pistazien Panettone - Ammore","og_description":"Eine k\u00f6stliche Kombination f\u00fcr ein unvergessliches Weihnachtsgeschenk. Der einzigartige Geschmack des \"Pandorato\", verfeinert durch die S\u00fc\u00dfe der Bourbon-Vanille aus Madagaskar, wird Bissen f\u00fcr Bissen durch die \"Ammore\" Creme \"Haseln\u00fcsse und Pistazien\" verst\u00e4rkt, die gro\u00dfz\u00fcgig auf jeder Scheibe verteilt wird.  Die Packung enth\u00e4lt einen Pandorato-Panettone, ein P\u00e4ckchen Puderzucker, ein 200-Gramm-Glas Streichcreme und einen Vietri-Keramikstreicher.  Format 1 kg - Von hand verpackt","og_url":"https:\/\/www.ammore.online\/de\/prodotto\/panettone-artigianale-pandorato-con-crema-nocciole-e-pistacchi\/","og_site_name":"Ammore","article_publisher":"https:\/\/www.facebook.com\/ammore.official","article_modified_time":"2023-11-05T20:36:37+00:00","twitter_card":"summary_large_image","twitter_misc":{"Gesch\u00e4tzte Lesezeit":"1\u00a0Minute"},"schema":{"@context":"https:\/\/schema.org","@graph":[{"@type":"WebPage","@id":"https:\/\/www.ammore.online\/de\/prodotto\/panettone-artigianale-pandorato-con-crema-nocciole-e-pistacchi\/","url":"https:\/\/www.ammore.online\/de\/prodotto\/panettone-artigianale-pandorato-con-crema-nocciole-e-pistacchi\/","name":"Handwerklich hergestellter Pandorato mit Sahne Haseln\u00fcsse und Pistazien Panettone - Ammore","isPartOf":{"@id":"https:\/\/www.ammore.online\/es\/#website"},"primaryImageOfPage":{"@id":"https:\/\/www.ammore.online\/de\/prodotto\/panettone-artigianale-pandorato-con-crema-nocciole-e-pistacchi\/#primaryimage"},"image":{"@id":"https:\/\/www.ammore.online\/de\/prodotto\/panettone-artigianale-pandorato-con-crema-nocciole-e-pistacchi\/#primaryimage"},"thumbnailUrl":"https:\/\/www.ammore.online\/wp-content\/uploads\/2024\/10\/pandorato-crema-nocciole-e-pistacchi.jpg","datePublished":"2022-08-25T20:11:22+00:00","dateModified":"2023-11-05T20:36:37+00:00","breadcrumb":{"@id":"https:\/\/www.ammore.online\/de\/prodotto\/panettone-artigianale-pandorato-con-crema-nocciole-e-pistacchi\/#breadcrumb"},"inLanguage":"de","potentialAction":[{"@type":"ReadAction","target":["https:\/\/www.ammore.online\/de\/prodotto\/panettone-artigianale-pandorato-con-crema-nocciole-e-pistacchi\/"]}]},{"@type":"ImageObject","inLanguage":"de","@id":"https:\/\/www.ammore.online\/de\/prodotto\/panettone-artigianale-pandorato-con-crema-nocciole-e-pistacchi\/#primaryimage","url":"https:\/\/www.ammore.online\/wp-content\/uploads\/2024\/10\/pandorato-crema-nocciole-e-pistacchi.jpg","contentUrl":"https:\/\/www.ammore.online\/wp-content\/uploads\/2024\/10\/pandorato-crema-nocciole-e-pistacchi.jpg","width":1920,"height":1920,"caption":"Foto \u00a9 Alessandra Farinelli"},{"@type":"BreadcrumbList","@id":"https:\/\/www.ammore.online\/de\/prodotto\/panettone-artigianale-pandorato-con-crema-nocciole-e-pistacchi\/#breadcrumb","itemListElement":[{"@type":"ListItem","position":1,"name":"Home","item":"https:\/\/www.ammore.online\/de\/"},{"@type":"ListItem","position":2,"name":"Shop","item":"https:\/\/www.ammore.online\/de\/shop\/"},{"@type":"ListItem","position":3,"name":"Handwerklich hergestellter Pandorato mit Sahne Haseln\u00fcsse und Pistazien Panettone"}]},{"@type":"WebSite","@id":"https:\/\/www.ammore.online\/es\/#website","url":"https:\/\/www.ammore.online\/es\/","name":"Ammore","description":"Il gusto della tradizione","publisher":{"@id":"https:\/\/www.ammore.online\/es\/#organization"},"potentialAction":[{"@type":"SearchAction","target":{"@type":"EntryPoint","urlTemplate":"https:\/\/www.ammore.online\/es\/?s={search_term_string}"},"query-input":{"@type":"PropertyValueSpecification","valueRequired":true,"valueName":"search_term_string"}}],"inLanguage":"de"},{"@type":"Organization","@id":"https:\/\/www.ammore.online\/es\/#organization","name":"Ammore","url":"https:\/\/www.ammore.online\/es\/","logo":{"@type":"ImageObject","inLanguage":"de","@id":"https:\/\/www.ammore.online\/es\/#\/schema\/logo\/image\/","url":"https:\/\/www.ammore.online\/wp-content\/uploads\/2023\/10\/cropped-cropped-Ammore_logo.png","contentUrl":"https:\/\/www.ammore.online\/wp-content\/uploads\/2023\/10\/cropped-cropped-Ammore_logo.png","width":1411,"height":393,"caption":"Ammore"},"image":{"@id":"https:\/\/www.ammore.online\/es\/#\/schema\/logo\/image\/"},"sameAs":["https:\/\/www.facebook.com\/ammore.official","https:\/\/www.instagram.com\/ammore_official"]}]}},"_links":{"self":[{"href":"https:\/\/www.ammore.online\/de\/wp-json\/wp\/v2\/product\/756","targetHints":{"allow":["GET"]}}],"collection":[{"href":"https:\/\/www.ammore.online\/de\/wp-json\/wp\/v2\/product"}],"about":[{"href":"https:\/\/www.ammore.online\/de\/wp-json\/wp\/v2\/types\/product"}],"wp:featuredmedia":[{"embeddable":true,"href":"https:\/\/www.ammore.online\/de\/wp-json\/wp\/v2\/media\/4834"}],"wp:attachment":[{"href":"https:\/\/www.ammore.online\/de\/wp-json\/wp\/v2\/media?parent=756"}],"wp:term":[{"taxonomy":"product_cat","embeddable":true,"href":"https:\/\/www.ammore.online\/de\/wp-json\/wp\/v2\/product_cat?post=756"},{"taxonomy":"product_tag","embeddable":true,"href":"https:\/\/www.ammore.online\/de\/wp-json\/wp\/v2\/product_tag?post=756"}],"curies":[{"name":"wp","href":"https:\/\/api.w.org\/{rel}","templated":true}]}}