{"id":664,"date":"2022-08-24T14:12:09","date_gmt":"2022-08-24T14:12:09","guid":{"rendered":"https:\/\/www.ammore.online\/?post_type=product&#038;p=664"},"modified":"2025-10-09T15:42:32","modified_gmt":"2025-10-09T15:42:32","slug":"panettone-artigianale-allo-strudel-senza-glutine","status":"publish","type":"product","link":"https:\/\/www.ammore.online\/de\/prodotto\/panettone-artigianale-allo-strudel-senza-glutine\/","title":{"rendered":"Gluteinfreier und laktosefrei handwerklich hergestellter <br> Strudel Panettone"},"content":{"rendered":"<p><strong>Zuaten<\/strong>: Glutenfreies Mehl (Maisst\u00e4rke, Reisst\u00e4rke, Kartoffelst\u00e4rke, Mehl aus Reis, Zucker, <strong>Milchpulver<\/strong>, P_anzenfasern, Verdickungsmittel: Guarkernmehl, Carboxymethylcellulose), <strong>Butter <\/strong>(laktose weniger als 0,01%), Wasser, geschluckte Weizenst\u00e4rke,<strong> Eier<\/strong>, Zucker, Rosinen (mit Sonnenblumen\u00f6l ober_\u00e4chenbehandelte Sultaninen, min. 14 %), halbkandiert \u00c4pfel (\u00c4pfel, Glukose-Fruktose-Sirup, Saccharose, Zitronens\u00e4ure E330, Sorbat-Kalium E202, min. 11%), Akazienhonig, Sorbit, Orangenschale (Orangenschale, Glukosesirup -Fruktose, Zucker), Zitronenschale (Zitronenschale, Glukose -Fruktosesirup, Zucker), Kakaobutter (<strong>Soja<\/strong>), Bierhefe, Salz, Emulgatoren: E471, Stabilisator: E420, Zimtpulver, Nelkenpulver, Ingwerpulver. Enth\u00e4lt kein gluten und palmol. Enth\u00e4lt <strong>Milch<\/strong>, <strong>Eier<\/strong>,<strong> Soja<\/strong>. Hergestellt in einem Labor, das auch<strong> Milch<\/strong>,<strong> Sesam<\/strong>,<strong> N\u00fcsse<\/strong> und<strong> Erdn\u00fcsse<\/strong> verwendet.<\/p>\n","protected":false},"excerpt":{"rendered":"<p>Ein besonderes Produkt, das die Eigenschaften des traditionellen Weihnachtsdesserts unver\u00e4ndert beibeh\u00e4lt. Es sieht aus wie ein gesunder und weicher Teig, hergestellt aus zertifizierten Rohstoffen und verfeinert mit dem Geschmack von<strong> Zimt<\/strong> und weichen <strong>Apfel<\/strong>&#8211; und <strong>Rosinenw\u00fcrfeln<\/strong>.<\/p>\n<p><strong>Format 400 gr<\/strong> &#8211; <strong>Von Hand verpackt<\/strong><\/p>\n<table border=\"0\">\n<tbody>\n<tr>\n<td><img loading=\"lazy\" decoding=\"async\" class=\"alignnone wp-image-573\" src=\"https:\/\/www.ammore.online\/wp-content\/uploads\/2022\/08\/Ingredienti_artigianale.png\" alt=\"\" width=\"197\" height=\"82\" \/><\/td>\n<td><img loading=\"lazy\" decoding=\"async\" class=\"alignnone size-medium wp-image-583\" src=\"https:\/\/www.ammore.online\/wp-content\/uploads\/2022\/08\/Ingredienti_naturale-300x125.png\" alt=\"\" width=\"197\" height=\"82\" srcset=\"https:\/\/www.ammore.online\/wp-content\/uploads\/2022\/08\/Ingredienti_naturale-300x125.png 300w, https:\/\/www.ammore.online\/wp-content\/uploads\/2022\/08\/Ingredienti_naturale-768x320.png 768w, https:\/\/www.ammore.online\/wp-content\/uploads\/2022\/08\/Ingredienti_naturale-720x300.png 720w, https:\/\/www.ammore.online\/wp-content\/uploads\/2022\/08\/Ingredienti_naturale.png 933w\" sizes=\"auto, (max-width: 197px) 100vw, 197px\" \/><\/td>\n<td><\/td>\n<\/tr>\n<tr>\n<td><img loading=\"lazy\" decoding=\"async\" class=\"alignnone size-medium wp-image-593\" src=\"https:\/\/www.ammore.online\/wp-content\/uploads\/2022\/08\/Ingredienti_no_palma-300x125.png\" alt=\"\" width=\"197\" height=\"82\" srcset=\"https:\/\/www.ammore.online\/wp-content\/uploads\/2022\/08\/Ingredienti_no_palma-300x125.png 300w, https:\/\/www.ammore.online\/wp-content\/uploads\/2022\/08\/Ingredienti_no_palma-768x320.png 768w, https:\/\/www.ammore.online\/wp-content\/uploads\/2022\/08\/Ingredienti_no_palma-720x300.png 720w, https:\/\/www.ammore.online\/wp-content\/uploads\/2022\/08\/Ingredienti_no_palma.png 933w\" sizes=\"auto, (max-width: 197px) 100vw, 197px\" \/><\/td>\n<td><img loading=\"lazy\" decoding=\"async\" class=\"alignnone size-medium wp-image-588\" src=\"https:\/\/www.ammore.online\/wp-content\/uploads\/2022\/08\/Ingredienti_no_grassi-300x125.png\" alt=\"\" width=\"197\" height=\"82\" srcset=\"https:\/\/www.ammore.online\/wp-content\/uploads\/2022\/08\/Ingredienti_no_grassi-300x125.png 300w, https:\/\/www.ammore.online\/wp-content\/uploads\/2022\/08\/Ingredienti_no_grassi-768x320.png 768w, https:\/\/www.ammore.online\/wp-content\/uploads\/2022\/08\/Ingredienti_no_grassi-720x300.png 720w, https:\/\/www.ammore.online\/wp-content\/uploads\/2022\/08\/Ingredienti_no_grassi.png 933w\" sizes=\"auto, (max-width: 197px) 100vw, 197px\" \/><\/td>\n<td><\/td>\n<\/tr>\n<\/tbody>\n<\/table>\n","protected":false},"featured_media":4767,"template":"","meta":{"_genesis_hide_title":false,"_genesis_hide_breadcrumbs":false,"_genesis_hide_singular_image":false,"_genesis_hide_footer_widgets":false,"_genesis_custom_body_class":"","_genesis_custom_post_class":"","_genesis_layout":""},"product_cat":[135,64],"product_tag":[],"class_list":{"0":"post-664","1":"product","2":"type-product","3":"status-publish","4":"has-post-thumbnail","6":"product_cat-glutenfrei","7":"product_cat-weihnachten","8":"entry","10":"first","11":"outofstock","12":"shipping-taxable","13":"purchasable","14":"product-type-simple"},"yoast_head":"<!-- This site is optimized with the Yoast SEO plugin v23.7 - https:\/\/yoast.com\/wordpress\/plugins\/seo\/ -->\n<title>Gluteinfreier und laktosefrei handwerklich hergestellter  Strudel Panettone - Ammore<\/title>\n<meta name=\"robots\" content=\"index, follow, max-snippet:-1, max-image-preview:large, max-video-preview:-1\" \/>\n<link rel=\"canonical\" href=\"https:\/\/www.ammore.online\/prodotto\/panettone-artigianale-allo-strudel-senza-glutine\/\" \/>\n<meta property=\"og:locale\" content=\"de_DE\" \/>\n<meta property=\"og:type\" content=\"article\" \/>\n<meta property=\"og:title\" content=\"Gluteinfreier und laktosefrei handwerklich hergestellter  Strudel Panettone - Ammore\" \/>\n<meta property=\"og:description\" content=\"Ein besonderes Produkt, das die Eigenschaften des traditionellen Weihnachtsdesserts unver\u00e4ndert beibeh\u00e4lt. Es sieht aus wie ein gesunder und weicher Teig, hergestellt aus zertifizierten Rohstoffen und verfeinert mit dem Geschmack von Zimt und weichen Apfel- und Rosinenw\u00fcrfeln.  Format 400 gr - Von Hand verpackt\" \/>\n<meta property=\"og:url\" content=\"https:\/\/www.ammore.online\/prodotto\/panettone-artigianale-allo-strudel-senza-glutine\/\" \/>\n<meta property=\"og:site_name\" content=\"Ammore\" \/>\n<meta property=\"article:publisher\" content=\"https:\/\/www.facebook.com\/ammore.official\" \/>\n<meta property=\"article:modified_time\" content=\"2025-10-09T15:42:32+00:00\" \/>\n<meta property=\"og:image\" content=\"https:\/\/www.ammore.online\/wp-content\/uploads\/2023\/07\/senzaglutine.jpg\" \/>\n\t<meta property=\"og:image:width\" content=\"1920\" \/>\n\t<meta property=\"og:image:height\" content=\"1920\" \/>\n\t<meta property=\"og:image:type\" content=\"image\/jpeg\" \/>\n<meta name=\"twitter:card\" content=\"summary_large_image\" \/>\n<meta name=\"twitter:label1\" content=\"Gesch\u00e4tzte Lesezeit\" \/>\n\t<meta name=\"twitter:data1\" content=\"1\u00a0Minute\" \/>\n<script type=\"application\/ld+json\" class=\"yoast-schema-graph\">{\"@context\":\"https:\/\/schema.org\",\"@graph\":[{\"@type\":\"WebPage\",\"@id\":\"https:\/\/www.ammore.online\/prodotto\/panettone-artigianale-allo-strudel-senza-glutine\/\",\"url\":\"https:\/\/www.ammore.online\/prodotto\/panettone-artigianale-allo-strudel-senza-glutine\/\",\"name\":\"Gluteinfreier und laktosefrei handwerklich hergestellter Strudel Panettone - Ammore\",\"isPartOf\":{\"@id\":\"https:\/\/www.ammore.online\/es\/#website\"},\"primaryImageOfPage\":{\"@id\":\"https:\/\/www.ammore.online\/prodotto\/panettone-artigianale-allo-strudel-senza-glutine\/#primaryimage\"},\"image\":{\"@id\":\"https:\/\/www.ammore.online\/prodotto\/panettone-artigianale-allo-strudel-senza-glutine\/#primaryimage\"},\"thumbnailUrl\":\"https:\/\/www.ammore.online\/wp-content\/uploads\/2023\/07\/senzaglutine.jpg\",\"datePublished\":\"2022-08-24T14:12:09+00:00\",\"dateModified\":\"2025-10-09T15:42:32+00:00\",\"breadcrumb\":{\"@id\":\"https:\/\/www.ammore.online\/prodotto\/panettone-artigianale-allo-strudel-senza-glutine\/#breadcrumb\"},\"inLanguage\":\"de\",\"potentialAction\":[{\"@type\":\"ReadAction\",\"target\":[\"https:\/\/www.ammore.online\/prodotto\/panettone-artigianale-allo-strudel-senza-glutine\/\"]}]},{\"@type\":\"ImageObject\",\"inLanguage\":\"de\",\"@id\":\"https:\/\/www.ammore.online\/prodotto\/panettone-artigianale-allo-strudel-senza-glutine\/#primaryimage\",\"url\":\"https:\/\/www.ammore.online\/wp-content\/uploads\/2023\/07\/senzaglutine.jpg\",\"contentUrl\":\"https:\/\/www.ammore.online\/wp-content\/uploads\/2023\/07\/senzaglutine.jpg\",\"width\":1920,\"height\":1920,\"caption\":\"Foto \u00a9 Alessandra Farinelli\"},{\"@type\":\"BreadcrumbList\",\"@id\":\"https:\/\/www.ammore.online\/prodotto\/panettone-artigianale-allo-strudel-senza-glutine\/#breadcrumb\",\"itemListElement\":[{\"@type\":\"ListItem\",\"position\":1,\"name\":\"Home\",\"item\":\"https:\/\/www.ammore.online\/de\/\"},{\"@type\":\"ListItem\",\"position\":2,\"name\":\"Shop\",\"item\":\"https:\/\/www.ammore.online\/de\/shop\/\"},{\"@type\":\"ListItem\",\"position\":3,\"name\":\"Gluteinfreier und laktosefrei handwerklich hergestellter &lt;br&gt; Strudel Panettone\"}]},{\"@type\":\"WebSite\",\"@id\":\"https:\/\/www.ammore.online\/es\/#website\",\"url\":\"https:\/\/www.ammore.online\/es\/\",\"name\":\"Ammore\",\"description\":\"Il gusto della tradizione\",\"publisher\":{\"@id\":\"https:\/\/www.ammore.online\/es\/#organization\"},\"potentialAction\":[{\"@type\":\"SearchAction\",\"target\":{\"@type\":\"EntryPoint\",\"urlTemplate\":\"https:\/\/www.ammore.online\/es\/?s={search_term_string}\"},\"query-input\":{\"@type\":\"PropertyValueSpecification\",\"valueRequired\":true,\"valueName\":\"search_term_string\"}}],\"inLanguage\":\"de\"},{\"@type\":\"Organization\",\"@id\":\"https:\/\/www.ammore.online\/es\/#organization\",\"name\":\"Ammore\",\"url\":\"https:\/\/www.ammore.online\/es\/\",\"logo\":{\"@type\":\"ImageObject\",\"inLanguage\":\"de\",\"@id\":\"https:\/\/www.ammore.online\/es\/#\/schema\/logo\/image\/\",\"url\":\"https:\/\/www.ammore.online\/wp-content\/uploads\/2023\/10\/cropped-cropped-Ammore_logo.png\",\"contentUrl\":\"https:\/\/www.ammore.online\/wp-content\/uploads\/2023\/10\/cropped-cropped-Ammore_logo.png\",\"width\":1411,\"height\":393,\"caption\":\"Ammore\"},\"image\":{\"@id\":\"https:\/\/www.ammore.online\/es\/#\/schema\/logo\/image\/\"},\"sameAs\":[\"https:\/\/www.facebook.com\/ammore.official\",\"https:\/\/www.instagram.com\/ammore_official\"]}]}<\/script>\n<!-- \/ Yoast SEO plugin. -->","yoast_head_json":{"title":"Gluteinfreier und laktosefrei handwerklich hergestellter  Strudel Panettone - Ammore","robots":{"index":"index","follow":"follow","max-snippet":"max-snippet:-1","max-image-preview":"max-image-preview:large","max-video-preview":"max-video-preview:-1"},"canonical":"https:\/\/www.ammore.online\/prodotto\/panettone-artigianale-allo-strudel-senza-glutine\/","og_locale":"de_DE","og_type":"article","og_title":"Gluteinfreier und laktosefrei handwerklich hergestellter  Strudel Panettone - Ammore","og_description":"Ein besonderes Produkt, das die Eigenschaften des traditionellen Weihnachtsdesserts unver\u00e4ndert beibeh\u00e4lt. Es sieht aus wie ein gesunder und weicher Teig, hergestellt aus zertifizierten Rohstoffen und verfeinert mit dem Geschmack von Zimt und weichen Apfel- und Rosinenw\u00fcrfeln.  Format 400 gr - Von Hand verpackt","og_url":"https:\/\/www.ammore.online\/prodotto\/panettone-artigianale-allo-strudel-senza-glutine\/","og_site_name":"Ammore","article_publisher":"https:\/\/www.facebook.com\/ammore.official","article_modified_time":"2025-10-09T15:42:32+00:00","og_image":[{"width":1920,"height":1920,"url":"https:\/\/www.ammore.online\/wp-content\/uploads\/2023\/07\/senzaglutine.jpg","type":"image\/jpeg"}],"twitter_card":"summary_large_image","twitter_misc":{"Gesch\u00e4tzte Lesezeit":"1\u00a0Minute"},"schema":{"@context":"https:\/\/schema.org","@graph":[{"@type":"WebPage","@id":"https:\/\/www.ammore.online\/prodotto\/panettone-artigianale-allo-strudel-senza-glutine\/","url":"https:\/\/www.ammore.online\/prodotto\/panettone-artigianale-allo-strudel-senza-glutine\/","name":"Gluteinfreier und laktosefrei handwerklich hergestellter Strudel Panettone - Ammore","isPartOf":{"@id":"https:\/\/www.ammore.online\/es\/#website"},"primaryImageOfPage":{"@id":"https:\/\/www.ammore.online\/prodotto\/panettone-artigianale-allo-strudel-senza-glutine\/#primaryimage"},"image":{"@id":"https:\/\/www.ammore.online\/prodotto\/panettone-artigianale-allo-strudel-senza-glutine\/#primaryimage"},"thumbnailUrl":"https:\/\/www.ammore.online\/wp-content\/uploads\/2023\/07\/senzaglutine.jpg","datePublished":"2022-08-24T14:12:09+00:00","dateModified":"2025-10-09T15:42:32+00:00","breadcrumb":{"@id":"https:\/\/www.ammore.online\/prodotto\/panettone-artigianale-allo-strudel-senza-glutine\/#breadcrumb"},"inLanguage":"de","potentialAction":[{"@type":"ReadAction","target":["https:\/\/www.ammore.online\/prodotto\/panettone-artigianale-allo-strudel-senza-glutine\/"]}]},{"@type":"ImageObject","inLanguage":"de","@id":"https:\/\/www.ammore.online\/prodotto\/panettone-artigianale-allo-strudel-senza-glutine\/#primaryimage","url":"https:\/\/www.ammore.online\/wp-content\/uploads\/2023\/07\/senzaglutine.jpg","contentUrl":"https:\/\/www.ammore.online\/wp-content\/uploads\/2023\/07\/senzaglutine.jpg","width":1920,"height":1920,"caption":"Foto \u00a9 Alessandra Farinelli"},{"@type":"BreadcrumbList","@id":"https:\/\/www.ammore.online\/prodotto\/panettone-artigianale-allo-strudel-senza-glutine\/#breadcrumb","itemListElement":[{"@type":"ListItem","position":1,"name":"Home","item":"https:\/\/www.ammore.online\/de\/"},{"@type":"ListItem","position":2,"name":"Shop","item":"https:\/\/www.ammore.online\/de\/shop\/"},{"@type":"ListItem","position":3,"name":"Gluteinfreier und laktosefrei handwerklich hergestellter &lt;br&gt; Strudel Panettone"}]},{"@type":"WebSite","@id":"https:\/\/www.ammore.online\/es\/#website","url":"https:\/\/www.ammore.online\/es\/","name":"Ammore","description":"Il gusto della tradizione","publisher":{"@id":"https:\/\/www.ammore.online\/es\/#organization"},"potentialAction":[{"@type":"SearchAction","target":{"@type":"EntryPoint","urlTemplate":"https:\/\/www.ammore.online\/es\/?s={search_term_string}"},"query-input":{"@type":"PropertyValueSpecification","valueRequired":true,"valueName":"search_term_string"}}],"inLanguage":"de"},{"@type":"Organization","@id":"https:\/\/www.ammore.online\/es\/#organization","name":"Ammore","url":"https:\/\/www.ammore.online\/es\/","logo":{"@type":"ImageObject","inLanguage":"de","@id":"https:\/\/www.ammore.online\/es\/#\/schema\/logo\/image\/","url":"https:\/\/www.ammore.online\/wp-content\/uploads\/2023\/10\/cropped-cropped-Ammore_logo.png","contentUrl":"https:\/\/www.ammore.online\/wp-content\/uploads\/2023\/10\/cropped-cropped-Ammore_logo.png","width":1411,"height":393,"caption":"Ammore"},"image":{"@id":"https:\/\/www.ammore.online\/es\/#\/schema\/logo\/image\/"},"sameAs":["https:\/\/www.facebook.com\/ammore.official","https:\/\/www.instagram.com\/ammore_official"]}]}},"_links":{"self":[{"href":"https:\/\/www.ammore.online\/de\/wp-json\/wp\/v2\/product\/664","targetHints":{"allow":["GET"]}}],"collection":[{"href":"https:\/\/www.ammore.online\/de\/wp-json\/wp\/v2\/product"}],"about":[{"href":"https:\/\/www.ammore.online\/de\/wp-json\/wp\/v2\/types\/product"}],"wp:featuredmedia":[{"embeddable":true,"href":"https:\/\/www.ammore.online\/de\/wp-json\/wp\/v2\/media\/4767"}],"wp:attachment":[{"href":"https:\/\/www.ammore.online\/de\/wp-json\/wp\/v2\/media?parent=664"}],"wp:term":[{"taxonomy":"product_cat","embeddable":true,"href":"https:\/\/www.ammore.online\/de\/wp-json\/wp\/v2\/product_cat?post=664"},{"taxonomy":"product_tag","embeddable":true,"href":"https:\/\/www.ammore.online\/de\/wp-json\/wp\/v2\/product_tag?post=664"}],"curies":[{"name":"wp","href":"https:\/\/api.w.org\/{rel}","templated":true}]}}