{"id":4908,"date":"2024-10-16T16:45:27","date_gmt":"2024-10-16T16:45:27","guid":{"rendered":"https:\/\/www.ammore.online\/?post_type=product&#038;p=4908"},"modified":"2024-10-16T17:20:40","modified_gmt":"2024-10-16T17:20:40","slug":"handwerklicher-pandoro","status":"publish","type":"product","link":"https:\/\/www.ammore.online\/de\/prodotto\/handwerklicher-pandoro\/","title":{"rendered":"Handwerklicher Pandoro"},"content":{"rendered":"<p><strong>Zutaten<\/strong>: <strong>weizenmehl<\/strong>, frisches<strong> Eigelb<\/strong>, <strong>Butter<\/strong>, Kakaobutter, Zucker, Fruktose, nat\u00fcrliche Hefe (<strong>Weizenmehl<\/strong>), wasser, Bourbon-Vanille, honig, salz, Dextrose, S\u00e4ureregulator: Zitronens\u00e4ure. <strong>Zutaten f\u00fcr Puderzucker<\/strong>: Zucker, Maisst\u00e4rke. Kann Spuren von<strong> N\u00fcssen<\/strong>, Soja und<strong> Senf<\/strong> enthalten. An einem kalten und trockenen Ort aufbewahren. Produkt unterliegt einem Gewichtsverlust. Hergestellt in Italien.<\/p>\n","protected":false},"excerpt":{"rendered":"<p>&nbsp;<\/p>\n<p>Die Handwerkskunst des klassischen<strong> Pandoro<\/strong> wird durch nat\u00fcrliches Sauerteig und gew\u00e4hrleistet langsam, ein langer Prozess mit mehreren Teigen und ein extrem Rezept traditionell. Ein besonderes Produkt, hergestellt aus Sauerteig und Mehl feine, <strong>bretonische Butter<\/strong> und Eier von h\u00f6chster Qualit\u00e4t, deren<br \/>\nGeschmack ist angereichert durch die Anwesenheit von Bourbon-Vanille aus Madagaskar.<\/p>\n<p><strong>Format 1 kg<\/strong> &#8211; <strong>Der Pandoro ist in einer Weihnachtskarte verpackt<\/strong><\/p>\n","protected":false},"featured_media":5026,"template":"","meta":{"_genesis_hide_title":false,"_genesis_hide_breadcrumbs":false,"_genesis_hide_singular_image":false,"_genesis_hide_footer_widgets":false,"_genesis_custom_body_class":"","_genesis_custom_post_class":"","_genesis_layout":""},"product_cat":[98,64],"product_tag":[],"class_list":{"0":"post-4908","1":"product","2":"type-product","3":"status-publish","4":"has-post-thumbnail","6":"product_cat-traditionell","7":"product_cat-weihnachten","8":"entry","10":"first","11":"outofstock","12":"shipping-taxable","13":"purchasable","14":"product-type-simple"},"yoast_head":"<!-- This site is optimized with the Yoast SEO plugin v23.7 - https:\/\/yoast.com\/wordpress\/plugins\/seo\/ -->\n<title>Handwerklicher Pandoro - Ammore<\/title>\n<meta name=\"robots\" content=\"index, follow, max-snippet:-1, max-image-preview:large, max-video-preview:-1\" \/>\n<link rel=\"canonical\" href=\"https:\/\/www.ammore.online\/?post_type=product&p=4901\" \/>\n<meta property=\"og:locale\" content=\"de_DE\" \/>\n<meta property=\"og:type\" content=\"article\" \/>\n<meta property=\"og:title\" content=\"Handwerklicher Pandoro - Ammore\" \/>\n<meta property=\"og:description\" content=\"&nbsp;  Die Handwerkskunst des klassischen Pandoro wird durch nat\u00fcrliches Sauerteig und gew\u00e4hrleistet langsam, ein langer Prozess mit mehreren Teigen und ein extrem Rezept traditionell. Ein besonderes Produkt, hergestellt aus Sauerteig und Mehl feine, bretonische Butter und Eier von h\u00f6chster Qualit\u00e4t, deren Geschmack ist angereichert durch die Anwesenheit von Bourbon-Vanille aus Madagaskar.  Format 1 kg - Der Pandoro ist in einer Weihnachtskarte verpackt\" \/>\n<meta property=\"og:url\" content=\"https:\/\/www.ammore.online\/?post_type=product&amp;p=4901\" \/>\n<meta property=\"og:site_name\" content=\"Ammore\" \/>\n<meta property=\"article:publisher\" content=\"https:\/\/www.facebook.com\/ammore.official\" \/>\n<meta property=\"article:modified_time\" content=\"2024-10-16T17:20:40+00:00\" \/>\n<meta property=\"og:image\" content=\"https:\/\/www.ammore.online\/wp-content\/uploads\/2024\/10\/PAndoro-con-fondo.jpg\" \/>\n\t<meta property=\"og:image:width\" content=\"1920\" \/>\n\t<meta property=\"og:image:height\" content=\"1920\" \/>\n\t<meta property=\"og:image:type\" content=\"image\/jpeg\" \/>\n<meta name=\"twitter:card\" content=\"summary_large_image\" \/>\n<meta name=\"twitter:label1\" content=\"Gesch\u00e4tzte Lesezeit\" \/>\n\t<meta name=\"twitter:data1\" content=\"1\u00a0Minute\" \/>\n<script type=\"application\/ld+json\" class=\"yoast-schema-graph\">{\"@context\":\"https:\/\/schema.org\",\"@graph\":[{\"@type\":\"WebPage\",\"@id\":\"https:\/\/www.ammore.online\/?post_type=product&p=4901\",\"url\":\"https:\/\/www.ammore.online\/?post_type=product&p=4901\",\"name\":\"Handwerklicher Pandoro - Ammore\",\"isPartOf\":{\"@id\":\"https:\/\/www.ammore.online\/es\/#website\"},\"primaryImageOfPage\":{\"@id\":\"https:\/\/www.ammore.online\/?post_type=product&p=4901#primaryimage\"},\"image\":{\"@id\":\"https:\/\/www.ammore.online\/?post_type=product&p=4901#primaryimage\"},\"thumbnailUrl\":\"https:\/\/www.ammore.online\/wp-content\/uploads\/2024\/10\/PAndoro-con-fondo.jpg\",\"datePublished\":\"2024-10-16T16:45:27+00:00\",\"dateModified\":\"2024-10-16T17:20:40+00:00\",\"breadcrumb\":{\"@id\":\"https:\/\/www.ammore.online\/?post_type=product&p=4901#breadcrumb\"},\"inLanguage\":\"de\",\"potentialAction\":[{\"@type\":\"ReadAction\",\"target\":[\"https:\/\/www.ammore.online\/?post_type=product&p=4901\"]}]},{\"@type\":\"ImageObject\",\"inLanguage\":\"de\",\"@id\":\"https:\/\/www.ammore.online\/?post_type=product&p=4901#primaryimage\",\"url\":\"https:\/\/www.ammore.online\/wp-content\/uploads\/2024\/10\/PAndoro-con-fondo.jpg\",\"contentUrl\":\"https:\/\/www.ammore.online\/wp-content\/uploads\/2024\/10\/PAndoro-con-fondo.jpg\",\"width\":1920,\"height\":1920,\"caption\":\"Foto \u00a9 Alessandra Farinelli\"},{\"@type\":\"BreadcrumbList\",\"@id\":\"https:\/\/www.ammore.online\/?post_type=product&p=4901#breadcrumb\",\"itemListElement\":[{\"@type\":\"ListItem\",\"position\":1,\"name\":\"Home\",\"item\":\"https:\/\/www.ammore.online\/de\/\"},{\"@type\":\"ListItem\",\"position\":2,\"name\":\"Shop\",\"item\":\"https:\/\/www.ammore.online\/de\/shop\/\"},{\"@type\":\"ListItem\",\"position\":3,\"name\":\"Handwerklicher Pandoro\"}]},{\"@type\":\"WebSite\",\"@id\":\"https:\/\/www.ammore.online\/es\/#website\",\"url\":\"https:\/\/www.ammore.online\/es\/\",\"name\":\"Ammore\",\"description\":\"Il gusto della tradizione\",\"publisher\":{\"@id\":\"https:\/\/www.ammore.online\/es\/#organization\"},\"potentialAction\":[{\"@type\":\"SearchAction\",\"target\":{\"@type\":\"EntryPoint\",\"urlTemplate\":\"https:\/\/www.ammore.online\/es\/?s={search_term_string}\"},\"query-input\":{\"@type\":\"PropertyValueSpecification\",\"valueRequired\":true,\"valueName\":\"search_term_string\"}}],\"inLanguage\":\"de\"},{\"@type\":\"Organization\",\"@id\":\"https:\/\/www.ammore.online\/es\/#organization\",\"name\":\"Ammore\",\"url\":\"https:\/\/www.ammore.online\/es\/\",\"logo\":{\"@type\":\"ImageObject\",\"inLanguage\":\"de\",\"@id\":\"https:\/\/www.ammore.online\/es\/#\/schema\/logo\/image\/\",\"url\":\"https:\/\/www.ammore.online\/wp-content\/uploads\/2023\/10\/cropped-cropped-Ammore_logo.png\",\"contentUrl\":\"https:\/\/www.ammore.online\/wp-content\/uploads\/2023\/10\/cropped-cropped-Ammore_logo.png\",\"width\":1411,\"height\":393,\"caption\":\"Ammore\"},\"image\":{\"@id\":\"https:\/\/www.ammore.online\/es\/#\/schema\/logo\/image\/\"},\"sameAs\":[\"https:\/\/www.facebook.com\/ammore.official\",\"https:\/\/www.instagram.com\/ammore_official\"]}]}<\/script>\n<!-- \/ Yoast SEO plugin. -->","yoast_head_json":{"title":"Handwerklicher Pandoro - Ammore","robots":{"index":"index","follow":"follow","max-snippet":"max-snippet:-1","max-image-preview":"max-image-preview:large","max-video-preview":"max-video-preview:-1"},"canonical":"https:\/\/www.ammore.online\/?post_type=product&p=4901","og_locale":"de_DE","og_type":"article","og_title":"Handwerklicher Pandoro - Ammore","og_description":"&nbsp;  Die Handwerkskunst des klassischen Pandoro wird durch nat\u00fcrliches Sauerteig und gew\u00e4hrleistet langsam, ein langer Prozess mit mehreren Teigen und ein extrem Rezept traditionell. Ein besonderes Produkt, hergestellt aus Sauerteig und Mehl feine, bretonische Butter und Eier von h\u00f6chster Qualit\u00e4t, deren Geschmack ist angereichert durch die Anwesenheit von Bourbon-Vanille aus Madagaskar.  Format 1 kg - Der Pandoro ist in einer Weihnachtskarte verpackt","og_url":"https:\/\/www.ammore.online\/?post_type=product&p=4901","og_site_name":"Ammore","article_publisher":"https:\/\/www.facebook.com\/ammore.official","article_modified_time":"2024-10-16T17:20:40+00:00","og_image":[{"width":1920,"height":1920,"url":"https:\/\/www.ammore.online\/wp-content\/uploads\/2024\/10\/PAndoro-con-fondo.jpg","type":"image\/jpeg"}],"twitter_card":"summary_large_image","twitter_misc":{"Gesch\u00e4tzte Lesezeit":"1\u00a0Minute"},"schema":{"@context":"https:\/\/schema.org","@graph":[{"@type":"WebPage","@id":"https:\/\/www.ammore.online\/?post_type=product&p=4901","url":"https:\/\/www.ammore.online\/?post_type=product&p=4901","name":"Handwerklicher Pandoro - Ammore","isPartOf":{"@id":"https:\/\/www.ammore.online\/es\/#website"},"primaryImageOfPage":{"@id":"https:\/\/www.ammore.online\/?post_type=product&p=4901#primaryimage"},"image":{"@id":"https:\/\/www.ammore.online\/?post_type=product&p=4901#primaryimage"},"thumbnailUrl":"https:\/\/www.ammore.online\/wp-content\/uploads\/2024\/10\/PAndoro-con-fondo.jpg","datePublished":"2024-10-16T16:45:27+00:00","dateModified":"2024-10-16T17:20:40+00:00","breadcrumb":{"@id":"https:\/\/www.ammore.online\/?post_type=product&p=4901#breadcrumb"},"inLanguage":"de","potentialAction":[{"@type":"ReadAction","target":["https:\/\/www.ammore.online\/?post_type=product&p=4901"]}]},{"@type":"ImageObject","inLanguage":"de","@id":"https:\/\/www.ammore.online\/?post_type=product&p=4901#primaryimage","url":"https:\/\/www.ammore.online\/wp-content\/uploads\/2024\/10\/PAndoro-con-fondo.jpg","contentUrl":"https:\/\/www.ammore.online\/wp-content\/uploads\/2024\/10\/PAndoro-con-fondo.jpg","width":1920,"height":1920,"caption":"Foto \u00a9 Alessandra Farinelli"},{"@type":"BreadcrumbList","@id":"https:\/\/www.ammore.online\/?post_type=product&p=4901#breadcrumb","itemListElement":[{"@type":"ListItem","position":1,"name":"Home","item":"https:\/\/www.ammore.online\/de\/"},{"@type":"ListItem","position":2,"name":"Shop","item":"https:\/\/www.ammore.online\/de\/shop\/"},{"@type":"ListItem","position":3,"name":"Handwerklicher Pandoro"}]},{"@type":"WebSite","@id":"https:\/\/www.ammore.online\/es\/#website","url":"https:\/\/www.ammore.online\/es\/","name":"Ammore","description":"Il gusto della tradizione","publisher":{"@id":"https:\/\/www.ammore.online\/es\/#organization"},"potentialAction":[{"@type":"SearchAction","target":{"@type":"EntryPoint","urlTemplate":"https:\/\/www.ammore.online\/es\/?s={search_term_string}"},"query-input":{"@type":"PropertyValueSpecification","valueRequired":true,"valueName":"search_term_string"}}],"inLanguage":"de"},{"@type":"Organization","@id":"https:\/\/www.ammore.online\/es\/#organization","name":"Ammore","url":"https:\/\/www.ammore.online\/es\/","logo":{"@type":"ImageObject","inLanguage":"de","@id":"https:\/\/www.ammore.online\/es\/#\/schema\/logo\/image\/","url":"https:\/\/www.ammore.online\/wp-content\/uploads\/2023\/10\/cropped-cropped-Ammore_logo.png","contentUrl":"https:\/\/www.ammore.online\/wp-content\/uploads\/2023\/10\/cropped-cropped-Ammore_logo.png","width":1411,"height":393,"caption":"Ammore"},"image":{"@id":"https:\/\/www.ammore.online\/es\/#\/schema\/logo\/image\/"},"sameAs":["https:\/\/www.facebook.com\/ammore.official","https:\/\/www.instagram.com\/ammore_official"]}]}},"_links":{"self":[{"href":"https:\/\/www.ammore.online\/de\/wp-json\/wp\/v2\/product\/4908","targetHints":{"allow":["GET"]}}],"collection":[{"href":"https:\/\/www.ammore.online\/de\/wp-json\/wp\/v2\/product"}],"about":[{"href":"https:\/\/www.ammore.online\/de\/wp-json\/wp\/v2\/types\/product"}],"wp:featuredmedia":[{"embeddable":true,"href":"https:\/\/www.ammore.online\/de\/wp-json\/wp\/v2\/media\/5026"}],"wp:attachment":[{"href":"https:\/\/www.ammore.online\/de\/wp-json\/wp\/v2\/media?parent=4908"}],"wp:term":[{"taxonomy":"product_cat","embeddable":true,"href":"https:\/\/www.ammore.online\/de\/wp-json\/wp\/v2\/product_cat?post=4908"},{"taxonomy":"product_tag","embeddable":true,"href":"https:\/\/www.ammore.online\/de\/wp-json\/wp\/v2\/product_tag?post=4908"}],"curies":[{"name":"wp","href":"https:\/\/api.w.org\/{rel}","templated":true}]}}