{"id":4880,"date":"2024-10-09T16:25:44","date_gmt":"2024-10-09T16:25:44","guid":{"rendered":"https:\/\/www.ammore.online\/?post_type=product&#038;p=4880"},"modified":"2025-09-09T15:08:18","modified_gmt":"2025-09-09T15:08:18","slug":"duetto-sapori-pregiati","status":"publish","type":"product","link":"https:\/\/www.ammore.online\/de\/prodotto\/duetto-sapori-pregiati\/","title":{"rendered":"Duetto Sapori Pregiati"},"content":{"rendered":"<p><strong>Zutaten<\/strong>: <strong>weizenmehl<\/strong>, wasser, frisches<strong> Eigelb<\/strong>, natives Oliven\u00f6l extra 10%, nat\u00fcrliche Hefe (<strong>Weizenmehl<\/strong>), parmigiano reggiano DOP 3% (<strong>Milch<\/strong>, Salz, Lab), Salz, eingelegte Sommer tr\u00fcffel creme, Zucker, Pfeffer, Aroma von wei\u00dfen Tr\u00fcffeln 0,1%, Parmigiano-Reggiano-Geschmack 0,1%, dextrose, S\u00e4ureregulator: Zitronens\u00e4ure. Kann Spuren von<strong> N\u00fcssen<\/strong>, <strong>Soja<\/strong> und<strong> Senf<\/strong> enthalten. An einemkalten und trockenen Ortaufbewahren. Produkt unterliegteinem Gewichtsverlust. Hergestellt in Italien.<\/p>\n","protected":false},"excerpt":{"rendered":"<p>Die handwerkliche Herstellung dieses Panevo mit leicht salzigem Geschmack und nativem Oliven\u00f6l extra wird durch eine nat\u00fcrliche Sauerteigf\u00fchrung und ein \u00e4u\u00dferst traditionelles Rezept gew\u00e4hrleistet. Es handelt sich um ein einzigartiges Produkt, das mit Mutterhefe, feinem Mehl und hochwertigen Eiern hergestellt und mit dem Aroma von wei\u00dfem <strong>Tr\u00fcffel<\/strong> und <strong>reifer kase <\/strong>und eine Prise Maldon-Salz auf der Oberfl\u00e4cheangereichert wird, die ihm einen originellen Geschmack verleihen. Er eignet sich besonders gut als Aperitif und f\u00fcr jeden besonderen Anlass.<\/p>\n<p><strong>1-kg-Format \u2013 Das Panevo und das Glas mit gegrillten Maida-Artischocken sind in einer eleganten Hutschachtel verpackt<\/strong><\/p>\n<table border=\"0\">\n<tbody>\n<tr>\n<td><img loading=\"lazy\" decoding=\"async\" class=\"alignnone wp-image-573\" src=\"https:\/\/www.ammore.online\/wp-content\/uploads\/2022\/08\/Ingredienti_artigianale-de.png\" alt=\"\" width=\"197\" height=\"82\" \/><\/td>\n<td><img loading=\"lazy\" decoding=\"async\" class=\"alignnone size-medium wp-image-578\" src=\"https:\/\/www.ammore.online\/wp-content\/uploads\/2022\/08\/Ingredienti_lievito-de.png\" alt=\"\" width=\"197\" height=\"82\" \/><\/td>\n<td><img loading=\"lazy\" decoding=\"async\" class=\"alignnone size-medium wp-image-583\" src=\"https:\/\/www.ammore.online\/wp-content\/uploads\/2022\/08\/Ingredienti_naturale-de.png\" alt=\"\" width=\"197\" height=\"82\" \/><\/td>\n<\/tr>\n<tr>\n<td><img loading=\"lazy\" decoding=\"async\" class=\"alignnone size-medium wp-image-593\" src=\"https:\/\/www.ammore.online\/wp-content\/uploads\/2022\/08\/Ingredienti_no_palma-de.png\" alt=\"\" width=\"197\" height=\"82\" \/><\/td>\n<td><img loading=\"lazy\" decoding=\"async\" class=\"alignnone size-medium wp-image-588\" src=\"https:\/\/www.ammore.online\/wp-content\/uploads\/2022\/08\/Ingredienti_no_grassi-de.png\" alt=\"\" width=\"197\" height=\"82\" \/><\/td>\n<td><img loading=\"lazy\" decoding=\"async\" class=\"alignnone wp-image-573\" src=\"https:\/\/www.ammore.online\/wp-content\/uploads\/2022\/08\/Ingredienti_clip-de.png\" alt=\"\" width=\"197\" height=\"82\" \/><\/td>\n<\/tr>\n<tr>\n<td><img loading=\"lazy\" decoding=\"async\" class=\"alignnone size-medium wp-image-593\" src=\"https:\/\/www.ammore.online\/wp-content\/uploads\/2022\/08\/Ingredienti_olio-de.png\" alt=\"\" width=\"197\" height=\"82\" \/><\/td>\n<td><\/td>\n<td><\/td>\n<\/tr>\n<\/tbody>\n<\/table>\n","protected":false},"featured_media":5567,"template":"","meta":{"_genesis_hide_title":false,"_genesis_hide_breadcrumbs":false,"_genesis_hide_singular_image":false,"_genesis_hide_footer_widgets":false,"_genesis_custom_body_class":"","_genesis_custom_post_class":"","_genesis_layout":""},"product_cat":[163,187],"product_tag":[],"class_list":{"0":"post-4880","1":"product","2":"type-product","3":"status-publish","4":"has-post-thumbnail","6":"product_cat-cappelliera-de","7":"product_cat-duetto-de","8":"entry","10":"first","11":"outofstock","12":"shipping-taxable","13":"purchasable","14":"product-type-simple"},"yoast_head":"<!-- This site is optimized with the Yoast SEO plugin v23.7 - https:\/\/yoast.com\/wordpress\/plugins\/seo\/ -->\n<title>Duetto Sapori Pregiati - Ammore<\/title>\n<meta name=\"robots\" content=\"index, follow, max-snippet:-1, max-image-preview:large, max-video-preview:-1\" \/>\n<link rel=\"canonical\" href=\"https:\/\/www.ammore.online\/de\/prodotto\/duetto-sapori-pregiati\/\" \/>\n<meta property=\"og:locale\" content=\"de_DE\" \/>\n<meta property=\"og:type\" content=\"article\" \/>\n<meta property=\"og:title\" content=\"Duetto Sapori Pregiati - Ammore\" \/>\n<meta property=\"og:description\" content=\"Die handwerkliche Herstellung dieses Panevo mit leicht salzigem Geschmack und nativem Oliven\u00f6l extra wird durch eine nat\u00fcrliche Sauerteigf\u00fchrung und ein \u00e4u\u00dferst traditionelles Rezept gew\u00e4hrleistet. Es handelt sich um ein einzigartiges Produkt, das mit Mutterhefe, feinem Mehl und hochwertigen Eiern hergestellt und mit dem Aroma von wei\u00dfem Tr\u00fcffel und reifer kase und eine Prise Maldon-Salz auf der Oberfl\u00e4cheangereichert wird, die ihm einen originellen Geschmack verleihen. Er eignet sich besonders gut als Aperitif und f\u00fcr jeden besonderen Anlass.  1-kg-Format \u2013 Das Panevo und das Glas mit gegrillten Maida-Artischocken sind in einer eleganten Hutschachtel verpackt\" \/>\n<meta property=\"og:url\" content=\"https:\/\/www.ammore.online\/de\/prodotto\/duetto-sapori-pregiati\/\" \/>\n<meta property=\"og:site_name\" content=\"Ammore\" \/>\n<meta property=\"article:publisher\" content=\"https:\/\/www.facebook.com\/ammore.official\" \/>\n<meta property=\"article:modified_time\" content=\"2025-09-09T15:08:18+00:00\" \/>\n<meta property=\"og:image\" content=\"https:\/\/www.ammore.online\/wp-content\/uploads\/2025\/09\/duetto-sapori-pregiati-1024x1024.png\" \/>\n\t<meta property=\"og:image:width\" content=\"1024\" \/>\n\t<meta property=\"og:image:height\" content=\"1024\" \/>\n\t<meta property=\"og:image:type\" content=\"image\/png\" \/>\n<meta name=\"twitter:card\" content=\"summary_large_image\" \/>\n<meta name=\"twitter:label1\" content=\"Gesch\u00e4tzte Lesezeit\" \/>\n\t<meta name=\"twitter:data1\" content=\"1\u00a0Minute\" \/>\n<script type=\"application\/ld+json\" class=\"yoast-schema-graph\">{\"@context\":\"https:\/\/schema.org\",\"@graph\":[{\"@type\":\"WebPage\",\"@id\":\"https:\/\/www.ammore.online\/de\/prodotto\/duetto-sapori-pregiati\/\",\"url\":\"https:\/\/www.ammore.online\/de\/prodotto\/duetto-sapori-pregiati\/\",\"name\":\"Duetto Sapori Pregiati - Ammore\",\"isPartOf\":{\"@id\":\"https:\/\/www.ammore.online\/es\/#website\"},\"primaryImageOfPage\":{\"@id\":\"https:\/\/www.ammore.online\/de\/prodotto\/duetto-sapori-pregiati\/#primaryimage\"},\"image\":{\"@id\":\"https:\/\/www.ammore.online\/de\/prodotto\/duetto-sapori-pregiati\/#primaryimage\"},\"thumbnailUrl\":\"https:\/\/www.ammore.online\/wp-content\/uploads\/2025\/09\/DUETTO_carciofini_01.jpg\",\"datePublished\":\"2024-10-09T16:25:44+00:00\",\"dateModified\":\"2025-09-09T15:08:18+00:00\",\"breadcrumb\":{\"@id\":\"https:\/\/www.ammore.online\/de\/prodotto\/duetto-sapori-pregiati\/#breadcrumb\"},\"inLanguage\":\"de\",\"potentialAction\":[{\"@type\":\"ReadAction\",\"target\":[\"https:\/\/www.ammore.online\/de\/prodotto\/duetto-sapori-pregiati\/\"]}]},{\"@type\":\"ImageObject\",\"inLanguage\":\"de\",\"@id\":\"https:\/\/www.ammore.online\/de\/prodotto\/duetto-sapori-pregiati\/#primaryimage\",\"url\":\"https:\/\/www.ammore.online\/wp-content\/uploads\/2025\/09\/DUETTO_carciofini_01.jpg\",\"contentUrl\":\"https:\/\/www.ammore.online\/wp-content\/uploads\/2025\/09\/DUETTO_carciofini_01.jpg\",\"width\":1920,\"height\":1920,\"caption\":\"Foto \u00a9 Alessandra Farinelli\"},{\"@type\":\"BreadcrumbList\",\"@id\":\"https:\/\/www.ammore.online\/de\/prodotto\/duetto-sapori-pregiati\/#breadcrumb\",\"itemListElement\":[{\"@type\":\"ListItem\",\"position\":1,\"name\":\"Home\",\"item\":\"https:\/\/www.ammore.online\/de\/\"},{\"@type\":\"ListItem\",\"position\":2,\"name\":\"Shop\",\"item\":\"https:\/\/www.ammore.online\/de\/shop\/\"},{\"@type\":\"ListItem\",\"position\":3,\"name\":\"Duetto Sapori Pregiati\"}]},{\"@type\":\"WebSite\",\"@id\":\"https:\/\/www.ammore.online\/es\/#website\",\"url\":\"https:\/\/www.ammore.online\/es\/\",\"name\":\"Ammore\",\"description\":\"Il gusto della tradizione\",\"publisher\":{\"@id\":\"https:\/\/www.ammore.online\/es\/#organization\"},\"potentialAction\":[{\"@type\":\"SearchAction\",\"target\":{\"@type\":\"EntryPoint\",\"urlTemplate\":\"https:\/\/www.ammore.online\/es\/?s={search_term_string}\"},\"query-input\":{\"@type\":\"PropertyValueSpecification\",\"valueRequired\":true,\"valueName\":\"search_term_string\"}}],\"inLanguage\":\"de\"},{\"@type\":\"Organization\",\"@id\":\"https:\/\/www.ammore.online\/es\/#organization\",\"name\":\"Ammore\",\"url\":\"https:\/\/www.ammore.online\/es\/\",\"logo\":{\"@type\":\"ImageObject\",\"inLanguage\":\"de\",\"@id\":\"https:\/\/www.ammore.online\/es\/#\/schema\/logo\/image\/\",\"url\":\"https:\/\/www.ammore.online\/wp-content\/uploads\/2023\/10\/cropped-cropped-Ammore_logo.png\",\"contentUrl\":\"https:\/\/www.ammore.online\/wp-content\/uploads\/2023\/10\/cropped-cropped-Ammore_logo.png\",\"width\":1411,\"height\":393,\"caption\":\"Ammore\"},\"image\":{\"@id\":\"https:\/\/www.ammore.online\/es\/#\/schema\/logo\/image\/\"},\"sameAs\":[\"https:\/\/www.facebook.com\/ammore.official\",\"https:\/\/www.instagram.com\/ammore_official\"]}]}<\/script>\n<!-- \/ Yoast SEO plugin. -->","yoast_head_json":{"title":"Duetto Sapori Pregiati - Ammore","robots":{"index":"index","follow":"follow","max-snippet":"max-snippet:-1","max-image-preview":"max-image-preview:large","max-video-preview":"max-video-preview:-1"},"canonical":"https:\/\/www.ammore.online\/de\/prodotto\/duetto-sapori-pregiati\/","og_locale":"de_DE","og_type":"article","og_title":"Duetto Sapori Pregiati - Ammore","og_description":"Die handwerkliche Herstellung dieses Panevo mit leicht salzigem Geschmack und nativem Oliven\u00f6l extra wird durch eine nat\u00fcrliche Sauerteigf\u00fchrung und ein \u00e4u\u00dferst traditionelles Rezept gew\u00e4hrleistet. Es handelt sich um ein einzigartiges Produkt, das mit Mutterhefe, feinem Mehl und hochwertigen Eiern hergestellt und mit dem Aroma von wei\u00dfem Tr\u00fcffel und reifer kase und eine Prise Maldon-Salz auf der Oberfl\u00e4cheangereichert wird, die ihm einen originellen Geschmack verleihen. Er eignet sich besonders gut als Aperitif und f\u00fcr jeden besonderen Anlass.  1-kg-Format \u2013 Das Panevo und das Glas mit gegrillten Maida-Artischocken sind in einer eleganten Hutschachtel verpackt","og_url":"https:\/\/www.ammore.online\/de\/prodotto\/duetto-sapori-pregiati\/","og_site_name":"Ammore","article_publisher":"https:\/\/www.facebook.com\/ammore.official","article_modified_time":"2025-09-09T15:08:18+00:00","og_image":[{"width":1024,"height":1024,"url":"https:\/\/www.ammore.online\/wp-content\/uploads\/2025\/09\/duetto-sapori-pregiati-1024x1024.png","type":"image\/png"}],"twitter_card":"summary_large_image","twitter_misc":{"Gesch\u00e4tzte Lesezeit":"1\u00a0Minute"},"schema":{"@context":"https:\/\/schema.org","@graph":[{"@type":"WebPage","@id":"https:\/\/www.ammore.online\/de\/prodotto\/duetto-sapori-pregiati\/","url":"https:\/\/www.ammore.online\/de\/prodotto\/duetto-sapori-pregiati\/","name":"Duetto Sapori Pregiati - Ammore","isPartOf":{"@id":"https:\/\/www.ammore.online\/es\/#website"},"primaryImageOfPage":{"@id":"https:\/\/www.ammore.online\/de\/prodotto\/duetto-sapori-pregiati\/#primaryimage"},"image":{"@id":"https:\/\/www.ammore.online\/de\/prodotto\/duetto-sapori-pregiati\/#primaryimage"},"thumbnailUrl":"https:\/\/www.ammore.online\/wp-content\/uploads\/2025\/09\/DUETTO_carciofini_01.jpg","datePublished":"2024-10-09T16:25:44+00:00","dateModified":"2025-09-09T15:08:18+00:00","breadcrumb":{"@id":"https:\/\/www.ammore.online\/de\/prodotto\/duetto-sapori-pregiati\/#breadcrumb"},"inLanguage":"de","potentialAction":[{"@type":"ReadAction","target":["https:\/\/www.ammore.online\/de\/prodotto\/duetto-sapori-pregiati\/"]}]},{"@type":"ImageObject","inLanguage":"de","@id":"https:\/\/www.ammore.online\/de\/prodotto\/duetto-sapori-pregiati\/#primaryimage","url":"https:\/\/www.ammore.online\/wp-content\/uploads\/2025\/09\/DUETTO_carciofini_01.jpg","contentUrl":"https:\/\/www.ammore.online\/wp-content\/uploads\/2025\/09\/DUETTO_carciofini_01.jpg","width":1920,"height":1920,"caption":"Foto \u00a9 Alessandra Farinelli"},{"@type":"BreadcrumbList","@id":"https:\/\/www.ammore.online\/de\/prodotto\/duetto-sapori-pregiati\/#breadcrumb","itemListElement":[{"@type":"ListItem","position":1,"name":"Home","item":"https:\/\/www.ammore.online\/de\/"},{"@type":"ListItem","position":2,"name":"Shop","item":"https:\/\/www.ammore.online\/de\/shop\/"},{"@type":"ListItem","position":3,"name":"Duetto Sapori Pregiati"}]},{"@type":"WebSite","@id":"https:\/\/www.ammore.online\/es\/#website","url":"https:\/\/www.ammore.online\/es\/","name":"Ammore","description":"Il gusto della tradizione","publisher":{"@id":"https:\/\/www.ammore.online\/es\/#organization"},"potentialAction":[{"@type":"SearchAction","target":{"@type":"EntryPoint","urlTemplate":"https:\/\/www.ammore.online\/es\/?s={search_term_string}"},"query-input":{"@type":"PropertyValueSpecification","valueRequired":true,"valueName":"search_term_string"}}],"inLanguage":"de"},{"@type":"Organization","@id":"https:\/\/www.ammore.online\/es\/#organization","name":"Ammore","url":"https:\/\/www.ammore.online\/es\/","logo":{"@type":"ImageObject","inLanguage":"de","@id":"https:\/\/www.ammore.online\/es\/#\/schema\/logo\/image\/","url":"https:\/\/www.ammore.online\/wp-content\/uploads\/2023\/10\/cropped-cropped-Ammore_logo.png","contentUrl":"https:\/\/www.ammore.online\/wp-content\/uploads\/2023\/10\/cropped-cropped-Ammore_logo.png","width":1411,"height":393,"caption":"Ammore"},"image":{"@id":"https:\/\/www.ammore.online\/es\/#\/schema\/logo\/image\/"},"sameAs":["https:\/\/www.facebook.com\/ammore.official","https:\/\/www.instagram.com\/ammore_official"]}]}},"_links":{"self":[{"href":"https:\/\/www.ammore.online\/de\/wp-json\/wp\/v2\/product\/4880","targetHints":{"allow":["GET"]}}],"collection":[{"href":"https:\/\/www.ammore.online\/de\/wp-json\/wp\/v2\/product"}],"about":[{"href":"https:\/\/www.ammore.online\/de\/wp-json\/wp\/v2\/types\/product"}],"wp:featuredmedia":[{"embeddable":true,"href":"https:\/\/www.ammore.online\/de\/wp-json\/wp\/v2\/media\/5567"}],"wp:attachment":[{"href":"https:\/\/www.ammore.online\/de\/wp-json\/wp\/v2\/media?parent=4880"}],"wp:term":[{"taxonomy":"product_cat","embeddable":true,"href":"https:\/\/www.ammore.online\/de\/wp-json\/wp\/v2\/product_cat?post=4880"},{"taxonomy":"product_tag","embeddable":true,"href":"https:\/\/www.ammore.online\/de\/wp-json\/wp\/v2\/product_tag?post=4880"}],"curies":[{"name":"wp","href":"https:\/\/api.w.org\/{rel}","templated":true}]}}