{"id":3739,"date":"2023-11-05T18:43:36","date_gmt":"2023-11-05T18:43:36","guid":{"rendered":"https:\/\/www.ammore.online\/?post_type=product&#038;p=3739"},"modified":"2025-09-17T15:22:47","modified_gmt":"2025-09-17T15:22:47","slug":"cappelliera-duetto-handwerkliche-panettone-o-scarpariello","status":"publish","type":"product","link":"https:\/\/www.ammore.online\/de\/prodotto\/cappelliera-duetto-handwerkliche-panettone-o-scarpariello\/","title":{"rendered":"Duetto Pecorino Calcagno"},"content":{"rendered":"<p><strong>Zutaten<\/strong>: <strong>Weizenmehl<\/strong>, frisches <strong>Eigelb<\/strong>, natives Oliven\u00f6l extra,<strong> Kakaobutter<\/strong>, Zucker, nat\u00fcrliche Hefe (<strong>Weizenmehl<\/strong>), Salz, Pfeffer, abgetropfte getrocknete Tomaten, parmigiano reggiano DOP (<strong>milch<\/strong>, Lab und salz), Waln\u00fcsse, Dextrose, nat\u00fcrliche Aromen, <strong>Basilikum<\/strong>, S\u00e4ureregulator: Zitronens\u00e4ure. Kann Spuren von <strong>N\u00fcssen<\/strong>, <strong>Soja<\/strong> und <strong>Senf<\/strong> enthalten. An einem kalten und trockenen Ort aufbewahren. Produkt unterliegt einem Gewichtsverlust. Hergestellt in Italien.<\/p>\n","protected":false},"excerpt":{"rendered":"<p>Die handwerkliche Qualit\u00e4t dieses Panevo mit seinem leicht salzigen Geschmack und dem nativen Oliven\u00f6l extra wird durch nat\u00fcrliches Sauerteigverfahren und ein \u00e4u\u00dferst traditionelles Rezept gew\u00e4hrleistet. Ein einzigartiges Produkt aus Sauerteig, feinem Mehl und hochwertigen Eiern, verfeinert mit dem Geschmack von abgetropften Maida-<strong>Tomaten<\/strong>, <strong>gereiftem K\u00e4se<\/strong> und frischem <strong>Basilikum<\/strong>. Es eignet sich besonders als Aperitif und f\u00fcr jeden besonderen Anlass.<\/p>\n<p><strong>Format 1 kg<\/strong> &#8211; <strong>Der Panevo und das pecorino Calcagno sind in einer eleganten Hutschachtel verpackt<\/strong><\/p>\n<table border=\"0\">\n<tbody>\n<tr>\n<td><img loading=\"lazy\" decoding=\"async\" class=\"alignnone wp-image-573\" src=\"https:\/\/www.ammore.online\/wp-content\/uploads\/2022\/08\/Ingredienti_artigianale-de.png\" alt=\"\" width=\"197\" height=\"82\" \/><\/td>\n<td><img loading=\"lazy\" decoding=\"async\" class=\"alignnone size-medium wp-image-578\" src=\"https:\/\/www.ammore.online\/wp-content\/uploads\/2022\/08\/Ingredienti_lievito-de.png\" alt=\"\" width=\"197\" height=\"82\" \/><\/td>\n<td><img loading=\"lazy\" decoding=\"async\" class=\"alignnone size-medium wp-image-583\" src=\"https:\/\/www.ammore.online\/wp-content\/uploads\/2022\/08\/Ingredienti_naturale-de.png\" alt=\"\" width=\"197\" height=\"82\" \/><\/td>\n<\/tr>\n<tr>\n<td><img loading=\"lazy\" decoding=\"async\" class=\"alignnone size-medium wp-image-593\" src=\"https:\/\/www.ammore.online\/wp-content\/uploads\/2022\/08\/Ingredienti_no_palma-de.png\" alt=\"\" width=\"197\" height=\"82\" \/><\/td>\n<td><img loading=\"lazy\" decoding=\"async\" class=\"alignnone size-medium wp-image-588\" src=\"https:\/\/www.ammore.online\/wp-content\/uploads\/2022\/08\/Ingredienti_no_grassi-de.png\" alt=\"\" width=\"197\" height=\"82\" \/><\/td>\n<td><img loading=\"lazy\" decoding=\"async\" class=\"alignnone wp-image-573\" src=\"https:\/\/www.ammore.online\/wp-content\/uploads\/2022\/08\/Ingredienti_clip-de.png\" alt=\"\" width=\"197\" height=\"82\" \/><\/td>\n<\/tr>\n<tr>\n<td><img loading=\"lazy\" decoding=\"async\" class=\"alignnone size-medium wp-image-593\" src=\"https:\/\/www.ammore.online\/wp-content\/uploads\/2022\/08\/Ingredienti_olio-de.png\" alt=\"\" width=\"197\" height=\"82\" \/><\/td>\n<td><\/td>\n<td><\/td>\n<\/tr>\n<\/tbody>\n<\/table>\n","protected":false},"featured_media":4696,"template":"","meta":{"_genesis_hide_title":false,"_genesis_hide_breadcrumbs":false,"_genesis_hide_singular_image":false,"_genesis_hide_footer_widgets":false,"_genesis_custom_body_class":"","_genesis_custom_post_class":"","_genesis_layout":""},"product_cat":[163,187],"product_tag":[],"class_list":{"0":"post-3739","1":"product","2":"type-product","3":"status-publish","4":"has-post-thumbnail","6":"product_cat-cappelliera-de","7":"product_cat-duetto-de","8":"entry","10":"first","11":"outofstock","12":"shipping-taxable","13":"purchasable","14":"product-type-simple"},"yoast_head":"<!-- This site is optimized with the Yoast SEO plugin v23.7 - https:\/\/yoast.com\/wordpress\/plugins\/seo\/ -->\n<title>Duetto Pecorino Calcagno - Ammore<\/title>\n<meta name=\"robots\" content=\"index, follow, max-snippet:-1, max-image-preview:large, max-video-preview:-1\" \/>\n<link rel=\"canonical\" href=\"https:\/\/www.ammore.online\/prodotto\/cappelliera-duetto-panettone-artigianale-o-scarpariello\/\" \/>\n<meta property=\"og:locale\" content=\"de_DE\" \/>\n<meta property=\"og:type\" content=\"article\" \/>\n<meta property=\"og:title\" content=\"Duetto Pecorino Calcagno - Ammore\" \/>\n<meta property=\"og:description\" content=\"Die handwerkliche Qualit\u00e4t dieses Panevo mit seinem leicht salzigen Geschmack und dem nativen Oliven\u00f6l extra wird durch nat\u00fcrliches Sauerteigverfahren und ein \u00e4u\u00dferst traditionelles Rezept gew\u00e4hrleistet. Ein einzigartiges Produkt aus Sauerteig, feinem Mehl und hochwertigen Eiern, verfeinert mit dem Geschmack von abgetropften Maida-Tomaten, gereiftem K\u00e4se und frischem Basilikum. Es eignet sich besonders als Aperitif und f\u00fcr jeden besonderen Anlass.  Format 1 kg - Der Panevo und das pecorino Calcagno sind in einer eleganten Hutschachtel verpackt\" \/>\n<meta property=\"og:url\" content=\"https:\/\/www.ammore.online\/prodotto\/cappelliera-duetto-panettone-artigianale-o-scarpariello\/\" \/>\n<meta property=\"og:site_name\" content=\"Ammore\" \/>\n<meta property=\"article:publisher\" content=\"https:\/\/www.facebook.com\/ammore.official\" \/>\n<meta property=\"article:modified_time\" content=\"2025-09-17T15:22:47+00:00\" \/>\n<meta property=\"og:image\" content=\"https:\/\/www.ammore.online\/wp-content\/uploads\/2024\/10\/DUETTO_castelmagno_01.jpg\" \/>\n\t<meta property=\"og:image:width\" content=\"1920\" \/>\n\t<meta property=\"og:image:height\" content=\"1920\" \/>\n\t<meta property=\"og:image:type\" content=\"image\/jpeg\" \/>\n<meta name=\"twitter:card\" content=\"summary_large_image\" \/>\n<meta name=\"twitter:label1\" content=\"Gesch\u00e4tzte Lesezeit\" \/>\n\t<meta name=\"twitter:data1\" content=\"1\u00a0Minute\" \/>\n<script type=\"application\/ld+json\" class=\"yoast-schema-graph\">{\"@context\":\"https:\/\/schema.org\",\"@graph\":[{\"@type\":\"WebPage\",\"@id\":\"https:\/\/www.ammore.online\/prodotto\/cappelliera-duetto-panettone-artigianale-o-scarpariello\/\",\"url\":\"https:\/\/www.ammore.online\/prodotto\/cappelliera-duetto-panettone-artigianale-o-scarpariello\/\",\"name\":\"Duetto Pecorino Calcagno - Ammore\",\"isPartOf\":{\"@id\":\"https:\/\/www.ammore.online\/es\/#website\"},\"primaryImageOfPage\":{\"@id\":\"https:\/\/www.ammore.online\/prodotto\/cappelliera-duetto-panettone-artigianale-o-scarpariello\/#primaryimage\"},\"image\":{\"@id\":\"https:\/\/www.ammore.online\/prodotto\/cappelliera-duetto-panettone-artigianale-o-scarpariello\/#primaryimage\"},\"thumbnailUrl\":\"https:\/\/www.ammore.online\/wp-content\/uploads\/2024\/10\/DUETTO_castelmagno_01.jpg\",\"datePublished\":\"2023-11-05T18:43:36+00:00\",\"dateModified\":\"2025-09-17T15:22:47+00:00\",\"breadcrumb\":{\"@id\":\"https:\/\/www.ammore.online\/prodotto\/cappelliera-duetto-panettone-artigianale-o-scarpariello\/#breadcrumb\"},\"inLanguage\":\"de\",\"potentialAction\":[{\"@type\":\"ReadAction\",\"target\":[\"https:\/\/www.ammore.online\/prodotto\/cappelliera-duetto-panettone-artigianale-o-scarpariello\/\"]}]},{\"@type\":\"ImageObject\",\"inLanguage\":\"de\",\"@id\":\"https:\/\/www.ammore.online\/prodotto\/cappelliera-duetto-panettone-artigianale-o-scarpariello\/#primaryimage\",\"url\":\"https:\/\/www.ammore.online\/wp-content\/uploads\/2024\/10\/DUETTO_castelmagno_01.jpg\",\"contentUrl\":\"https:\/\/www.ammore.online\/wp-content\/uploads\/2024\/10\/DUETTO_castelmagno_01.jpg\",\"width\":1920,\"height\":1920,\"caption\":\"Foto \u00a9 Alessandra Farinelli\"},{\"@type\":\"BreadcrumbList\",\"@id\":\"https:\/\/www.ammore.online\/prodotto\/cappelliera-duetto-panettone-artigianale-o-scarpariello\/#breadcrumb\",\"itemListElement\":[{\"@type\":\"ListItem\",\"position\":1,\"name\":\"Home\",\"item\":\"https:\/\/www.ammore.online\/de\/\"},{\"@type\":\"ListItem\",\"position\":2,\"name\":\"Shop\",\"item\":\"https:\/\/www.ammore.online\/de\/shop\/\"},{\"@type\":\"ListItem\",\"position\":3,\"name\":\"Duetto Pecorino Calcagno\"}]},{\"@type\":\"WebSite\",\"@id\":\"https:\/\/www.ammore.online\/es\/#website\",\"url\":\"https:\/\/www.ammore.online\/es\/\",\"name\":\"Ammore\",\"description\":\"Il gusto della tradizione\",\"publisher\":{\"@id\":\"https:\/\/www.ammore.online\/es\/#organization\"},\"potentialAction\":[{\"@type\":\"SearchAction\",\"target\":{\"@type\":\"EntryPoint\",\"urlTemplate\":\"https:\/\/www.ammore.online\/es\/?s={search_term_string}\"},\"query-input\":{\"@type\":\"PropertyValueSpecification\",\"valueRequired\":true,\"valueName\":\"search_term_string\"}}],\"inLanguage\":\"de\"},{\"@type\":\"Organization\",\"@id\":\"https:\/\/www.ammore.online\/es\/#organization\",\"name\":\"Ammore\",\"url\":\"https:\/\/www.ammore.online\/es\/\",\"logo\":{\"@type\":\"ImageObject\",\"inLanguage\":\"de\",\"@id\":\"https:\/\/www.ammore.online\/es\/#\/schema\/logo\/image\/\",\"url\":\"https:\/\/www.ammore.online\/wp-content\/uploads\/2023\/10\/cropped-cropped-Ammore_logo.png\",\"contentUrl\":\"https:\/\/www.ammore.online\/wp-content\/uploads\/2023\/10\/cropped-cropped-Ammore_logo.png\",\"width\":1411,\"height\":393,\"caption\":\"Ammore\"},\"image\":{\"@id\":\"https:\/\/www.ammore.online\/es\/#\/schema\/logo\/image\/\"},\"sameAs\":[\"https:\/\/www.facebook.com\/ammore.official\",\"https:\/\/www.instagram.com\/ammore_official\"]}]}<\/script>\n<!-- \/ Yoast SEO plugin. -->","yoast_head_json":{"title":"Duetto Pecorino Calcagno - Ammore","robots":{"index":"index","follow":"follow","max-snippet":"max-snippet:-1","max-image-preview":"max-image-preview:large","max-video-preview":"max-video-preview:-1"},"canonical":"https:\/\/www.ammore.online\/prodotto\/cappelliera-duetto-panettone-artigianale-o-scarpariello\/","og_locale":"de_DE","og_type":"article","og_title":"Duetto Pecorino Calcagno - Ammore","og_description":"Die handwerkliche Qualit\u00e4t dieses Panevo mit seinem leicht salzigen Geschmack und dem nativen Oliven\u00f6l extra wird durch nat\u00fcrliches Sauerteigverfahren und ein \u00e4u\u00dferst traditionelles Rezept gew\u00e4hrleistet. Ein einzigartiges Produkt aus Sauerteig, feinem Mehl und hochwertigen Eiern, verfeinert mit dem Geschmack von abgetropften Maida-Tomaten, gereiftem K\u00e4se und frischem Basilikum. Es eignet sich besonders als Aperitif und f\u00fcr jeden besonderen Anlass.  Format 1 kg - Der Panevo und das pecorino Calcagno sind in einer eleganten Hutschachtel verpackt","og_url":"https:\/\/www.ammore.online\/prodotto\/cappelliera-duetto-panettone-artigianale-o-scarpariello\/","og_site_name":"Ammore","article_publisher":"https:\/\/www.facebook.com\/ammore.official","article_modified_time":"2025-09-17T15:22:47+00:00","og_image":[{"width":1920,"height":1920,"url":"https:\/\/www.ammore.online\/wp-content\/uploads\/2024\/10\/DUETTO_castelmagno_01.jpg","type":"image\/jpeg"}],"twitter_card":"summary_large_image","twitter_misc":{"Gesch\u00e4tzte Lesezeit":"1\u00a0Minute"},"schema":{"@context":"https:\/\/schema.org","@graph":[{"@type":"WebPage","@id":"https:\/\/www.ammore.online\/prodotto\/cappelliera-duetto-panettone-artigianale-o-scarpariello\/","url":"https:\/\/www.ammore.online\/prodotto\/cappelliera-duetto-panettone-artigianale-o-scarpariello\/","name":"Duetto Pecorino Calcagno - Ammore","isPartOf":{"@id":"https:\/\/www.ammore.online\/es\/#website"},"primaryImageOfPage":{"@id":"https:\/\/www.ammore.online\/prodotto\/cappelliera-duetto-panettone-artigianale-o-scarpariello\/#primaryimage"},"image":{"@id":"https:\/\/www.ammore.online\/prodotto\/cappelliera-duetto-panettone-artigianale-o-scarpariello\/#primaryimage"},"thumbnailUrl":"https:\/\/www.ammore.online\/wp-content\/uploads\/2024\/10\/DUETTO_castelmagno_01.jpg","datePublished":"2023-11-05T18:43:36+00:00","dateModified":"2025-09-17T15:22:47+00:00","breadcrumb":{"@id":"https:\/\/www.ammore.online\/prodotto\/cappelliera-duetto-panettone-artigianale-o-scarpariello\/#breadcrumb"},"inLanguage":"de","potentialAction":[{"@type":"ReadAction","target":["https:\/\/www.ammore.online\/prodotto\/cappelliera-duetto-panettone-artigianale-o-scarpariello\/"]}]},{"@type":"ImageObject","inLanguage":"de","@id":"https:\/\/www.ammore.online\/prodotto\/cappelliera-duetto-panettone-artigianale-o-scarpariello\/#primaryimage","url":"https:\/\/www.ammore.online\/wp-content\/uploads\/2024\/10\/DUETTO_castelmagno_01.jpg","contentUrl":"https:\/\/www.ammore.online\/wp-content\/uploads\/2024\/10\/DUETTO_castelmagno_01.jpg","width":1920,"height":1920,"caption":"Foto \u00a9 Alessandra Farinelli"},{"@type":"BreadcrumbList","@id":"https:\/\/www.ammore.online\/prodotto\/cappelliera-duetto-panettone-artigianale-o-scarpariello\/#breadcrumb","itemListElement":[{"@type":"ListItem","position":1,"name":"Home","item":"https:\/\/www.ammore.online\/de\/"},{"@type":"ListItem","position":2,"name":"Shop","item":"https:\/\/www.ammore.online\/de\/shop\/"},{"@type":"ListItem","position":3,"name":"Duetto Pecorino Calcagno"}]},{"@type":"WebSite","@id":"https:\/\/www.ammore.online\/es\/#website","url":"https:\/\/www.ammore.online\/es\/","name":"Ammore","description":"Il gusto della tradizione","publisher":{"@id":"https:\/\/www.ammore.online\/es\/#organization"},"potentialAction":[{"@type":"SearchAction","target":{"@type":"EntryPoint","urlTemplate":"https:\/\/www.ammore.online\/es\/?s={search_term_string}"},"query-input":{"@type":"PropertyValueSpecification","valueRequired":true,"valueName":"search_term_string"}}],"inLanguage":"de"},{"@type":"Organization","@id":"https:\/\/www.ammore.online\/es\/#organization","name":"Ammore","url":"https:\/\/www.ammore.online\/es\/","logo":{"@type":"ImageObject","inLanguage":"de","@id":"https:\/\/www.ammore.online\/es\/#\/schema\/logo\/image\/","url":"https:\/\/www.ammore.online\/wp-content\/uploads\/2023\/10\/cropped-cropped-Ammore_logo.png","contentUrl":"https:\/\/www.ammore.online\/wp-content\/uploads\/2023\/10\/cropped-cropped-Ammore_logo.png","width":1411,"height":393,"caption":"Ammore"},"image":{"@id":"https:\/\/www.ammore.online\/es\/#\/schema\/logo\/image\/"},"sameAs":["https:\/\/www.facebook.com\/ammore.official","https:\/\/www.instagram.com\/ammore_official"]}]}},"_links":{"self":[{"href":"https:\/\/www.ammore.online\/de\/wp-json\/wp\/v2\/product\/3739","targetHints":{"allow":["GET"]}}],"collection":[{"href":"https:\/\/www.ammore.online\/de\/wp-json\/wp\/v2\/product"}],"about":[{"href":"https:\/\/www.ammore.online\/de\/wp-json\/wp\/v2\/types\/product"}],"wp:featuredmedia":[{"embeddable":true,"href":"https:\/\/www.ammore.online\/de\/wp-json\/wp\/v2\/media\/4696"}],"wp:attachment":[{"href":"https:\/\/www.ammore.online\/de\/wp-json\/wp\/v2\/media?parent=3739"}],"wp:term":[{"taxonomy":"product_cat","embeddable":true,"href":"https:\/\/www.ammore.online\/de\/wp-json\/wp\/v2\/product_cat?post=3739"},{"taxonomy":"product_tag","embeddable":true,"href":"https:\/\/www.ammore.online\/de\/wp-json\/wp\/v2\/product_tag?post=3739"}],"curies":[{"name":"wp","href":"https:\/\/api.w.org\/{rel}","templated":true}]}}