{"id":2392,"date":"2023-01-31T16:40:17","date_gmt":"2023-01-31T16:40:17","guid":{"rendered":"https:\/\/www.ammore.online\/prodotto\/handwerker-colomba-mit-drei-schokoladen-mit-milchschokoladenglasur-ueberzogen\/"},"modified":"2024-01-16T18:34:55","modified_gmt":"2024-01-16T18:34:55","slug":"colomba-artigianale-ai-tre-cioccolati-ricoperta-con-glassa-al-cioccolato-al-latte","status":"publish","type":"product","link":"https:\/\/www.ammore.online\/de\/prodotto\/colomba-artigianale-ai-tre-cioccolati-ricoperta-con-glassa-al-cioccolato-al-latte\/","title":{"rendered":"Handwerkliche Taube <br> Drei Pralinen"},"content":{"rendered":"<p><strong>Zutaten<\/strong>: <strong>Weizenmehl<\/strong>,<strong> Butter<\/strong>, Kakaobutter, frisches<strong> Eigelb<\/strong>, Zucker, Fruktose, Mutterhefe (<strong>Weizen<\/strong>), Vanille-Bourbon, Morogoro 38% Vollmilchschokolade (Kakaomasse, Rohrzucker, Kakaobutter, <strong>Milchpulver<\/strong>, <strong>Sojalecithin<\/strong>. M\u00f6gliche Anwesenheit von <strong>N\u00fcssen<\/strong> und <strong>Soja<\/strong>), Wei\u00dfe Schokolade Morogoro 35% (Rohrzucker, Kakaobutter, <strong>Milchpulver<\/strong>, Vanilleextrakt, <strong>Sojalecithin<\/strong>. M\u00f6gliche Anwesenheit von <strong>N\u00fcssen<\/strong> und <strong>Soja<\/strong>), Morogoro 68% Zartbitterschokolade (Kakaomasse, Rohrzucker, Kakaobutter, <strong>Sojalecithin<\/strong>. M\u00f6gliche Anwesenheit von <strong>N\u00fcssen<\/strong> und <strong>Soja<\/strong>), dextrose, Aromen und Salz, Honig, S\u00e4ureregulator, Zitronens\u00e4ure<br \/>\nZitronens\u00e4ure. <strong>Zuckergusszutaten<\/strong>: Milchschokolade (mindestens Kakao 40%, reine Kakaobutter) Kakaobutter, <strong>Vollmilchpulver<\/strong>, Zucker, Kakaobohnen, Rohrzucker, nat\u00fcrlicher Vanilleextrakt, Emulgator (<strong>soja<\/strong>-Lecithin), Gerstenmalzextrakt. Es kann Spuren von<strong> N\u00fcssen<\/strong> <strong>Soja<\/strong> und <strong>Senf<\/strong> enthalten. An einem kalten und trockenen Ort aufbewahren. Produkt unterliegt dem Gewichtsverlust. Produziert in Italien.<\/p>\n","protected":false},"excerpt":{"rendered":"<p>Die Handwerkskunst dieser Taube wird durch einen nat\u00fcrlichen Sauerteig und ein \u00e4u\u00dferst traditionelles Rezept gew\u00e4hrleistet. Ein besonderes Produkt, hergestellt aus Sauerteig und feinem Mehl, Butter aus der Bretagne und hochwertigen Eiern, dessen Geschmack <strong>durch dunkle<\/strong>, <strong>Milch<\/strong>&#8211; <strong>und wei\u00dfe<\/strong> <strong>Schokoladentropfen<\/strong> von Domori und<strong> Bourbon-Vanille<\/strong> aus <strong>Madagaskar<\/strong> bereichert wird. Der knusprige \u00dcberzug mit Milchschokoladenglasur ist exquisit.<\/p>\n<p><strong>Format 1 Kg<\/strong> \u2013 <strong>Von Hand verpackt<\/strong><\/p>\n<table border=\"0\">\n<tbody>\n<tr>\n<td><img loading=\"lazy\" decoding=\"async\" class=\"alignnone wp-image-573\" src=\"https:\/\/www.ammore.online\/wp-content\/uploads\/2022\/08\/Ingredienti_artigianale.png\" alt=\"\" width=\"197\" height=\"82\" \/><\/td>\n<td><img loading=\"lazy\" decoding=\"async\" class=\"alignnone size-medium wp-image-578\" src=\"https:\/\/www.ammore.online\/wp-content\/uploads\/2022\/08\/Ingredienti_lievito-300x125.png\" alt=\"\" width=\"197\" height=\"82\" srcset=\"https:\/\/www.ammore.online\/wp-content\/uploads\/2022\/08\/Ingredienti_lievito-300x125.png 300w, https:\/\/www.ammore.online\/wp-content\/uploads\/2022\/08\/Ingredienti_lievito-768x320.png 768w, https:\/\/www.ammore.online\/wp-content\/uploads\/2022\/08\/Ingredienti_lievito-720x300.png 720w, https:\/\/www.ammore.online\/wp-content\/uploads\/2022\/08\/Ingredienti_lievito.png 933w\" sizes=\"auto, (max-width: 197px) 100vw, 197px\" \/><\/td>\n<td><img loading=\"lazy\" decoding=\"async\" class=\"alignnone size-medium wp-image-583\" src=\"https:\/\/www.ammore.online\/wp-content\/uploads\/2022\/08\/Ingredienti_naturale-300x125.png\" alt=\"\" width=\"197\" height=\"82\" srcset=\"https:\/\/www.ammore.online\/wp-content\/uploads\/2022\/08\/Ingredienti_naturale-300x125.png 300w, https:\/\/www.ammore.online\/wp-content\/uploads\/2022\/08\/Ingredienti_naturale-768x320.png 768w, https:\/\/www.ammore.online\/wp-content\/uploads\/2022\/08\/Ingredienti_naturale-720x300.png 720w, https:\/\/www.ammore.online\/wp-content\/uploads\/2022\/08\/Ingredienti_naturale.png 933w\" sizes=\"auto, (max-width: 197px) 100vw, 197px\" \/><\/td>\n<\/tr>\n<tr>\n<td><img loading=\"lazy\" decoding=\"async\" class=\"alignnone size-medium wp-image-593\" src=\"https:\/\/www.ammore.online\/wp-content\/uploads\/2022\/08\/Ingredienti_no_palma-300x125.png\" alt=\"\" width=\"197\" height=\"82\" srcset=\"https:\/\/www.ammore.online\/wp-content\/uploads\/2022\/08\/Ingredienti_no_palma-300x125.png 300w, https:\/\/www.ammore.online\/wp-content\/uploads\/2022\/08\/Ingredienti_no_palma-768x320.png 768w, https:\/\/www.ammore.online\/wp-content\/uploads\/2022\/08\/Ingredienti_no_palma-720x300.png 720w, https:\/\/www.ammore.online\/wp-content\/uploads\/2022\/08\/Ingredienti_no_palma.png 933w\" sizes=\"auto, (max-width: 197px) 100vw, 197px\" \/><\/td>\n<td><img loading=\"lazy\" decoding=\"async\" class=\"alignnone size-medium wp-image-588\" src=\"https:\/\/www.ammore.online\/wp-content\/uploads\/2022\/08\/Ingredienti_no_grassi-300x125.png\" alt=\"\" width=\"197\" height=\"82\" srcset=\"https:\/\/www.ammore.online\/wp-content\/uploads\/2022\/08\/Ingredienti_no_grassi-300x125.png 300w, https:\/\/www.ammore.online\/wp-content\/uploads\/2022\/08\/Ingredienti_no_grassi-768x320.png 768w, https:\/\/www.ammore.online\/wp-content\/uploads\/2022\/08\/Ingredienti_no_grassi-720x300.png 720w, https:\/\/www.ammore.online\/wp-content\/uploads\/2022\/08\/Ingredienti_no_grassi.png 933w\" sizes=\"auto, (max-width: 197px) 100vw, 197px\" \/><\/td>\n<td><img loading=\"lazy\" decoding=\"async\" class=\"alignnone wp-image-573\" src=\"https:\/\/www.ammore.online\/wp-content\/uploads\/2022\/08\/Ingredienti_clip-300x125.png\" alt=\"\" width=\"197\" height=\"82\" srcset=\"https:\/\/www.ammore.online\/wp-content\/uploads\/2022\/08\/Ingredienti_clip-300x125.png 300w, https:\/\/www.ammore.online\/wp-content\/uploads\/2022\/08\/Ingredienti_clip-768x320.png 768w, https:\/\/www.ammore.online\/wp-content\/uploads\/2022\/08\/Ingredienti_clip-720x300.png 720w, https:\/\/www.ammore.online\/wp-content\/uploads\/2022\/08\/Ingredienti_clip.png 933w\" sizes=\"auto, (max-width: 197px) 100vw, 197px\" \/><\/td>\n<\/tr>\n<\/tbody>\n<\/table>\n","protected":false},"featured_media":2269,"template":"","meta":{"_genesis_hide_title":false,"_genesis_hide_breadcrumbs":false,"_genesis_hide_singular_image":false,"_genesis_hide_footer_widgets":false,"_genesis_custom_body_class":"","_genesis_custom_post_class":"","_genesis_layout":""},"product_cat":[129,133],"product_tag":[],"class_list":{"0":"post-2392","1":"product","2":"type-product","3":"status-publish","4":"has-post-thumbnail","6":"product_cat-ostern","7":"product_cat-traditionell-de","8":"entry","10":"first","11":"outofstock","12":"shipping-taxable","13":"purchasable","14":"product-type-simple"},"yoast_head":"<!-- This site is optimized with the Yoast SEO plugin v23.7 - https:\/\/yoast.com\/wordpress\/plugins\/seo\/ -->\n<title>Handwerkliche Taube  Drei Pralinen - Ammore<\/title>\n<meta name=\"robots\" content=\"index, follow, max-snippet:-1, max-image-preview:large, max-video-preview:-1\" \/>\n<link rel=\"canonical\" href=\"https:\/\/www.ammore.online\/de\/prodotto\/colomba-artigianale-ai-tre-cioccolati-ricoperta-con-glassa-al-cioccolato-al-latte\/\" \/>\n<meta property=\"og:locale\" content=\"de_DE\" \/>\n<meta property=\"og:type\" content=\"article\" \/>\n<meta property=\"og:title\" content=\"Handwerkliche Taube  Drei Pralinen - Ammore\" \/>\n<meta property=\"og:description\" content=\"Die Handwerkskunst dieser Taube wird durch einen nat\u00fcrlichen Sauerteig und ein \u00e4u\u00dferst traditionelles Rezept gew\u00e4hrleistet. Ein besonderes Produkt, hergestellt aus Sauerteig und feinem Mehl, Butter aus der Bretagne und hochwertigen Eiern, dessen Geschmack durch dunkle, Milch- und wei\u00dfe Schokoladentropfen von Domori und Bourbon-Vanille aus Madagaskar bereichert wird. Der knusprige \u00dcberzug mit Milchschokoladenglasur ist exquisit.  Format 1 Kg \u2013 Von Hand verpackt\" \/>\n<meta property=\"og:url\" content=\"https:\/\/www.ammore.online\/de\/prodotto\/colomba-artigianale-ai-tre-cioccolati-ricoperta-con-glassa-al-cioccolato-al-latte\/\" \/>\n<meta property=\"og:site_name\" content=\"Ammore\" \/>\n<meta property=\"article:publisher\" content=\"https:\/\/www.facebook.com\/ammore.official\" \/>\n<meta property=\"article:modified_time\" content=\"2024-01-16T18:34:55+00:00\" \/>\n<meta name=\"twitter:card\" content=\"summary_large_image\" \/>\n<meta name=\"twitter:label1\" content=\"Gesch\u00e4tzte Lesezeit\" \/>\n\t<meta name=\"twitter:data1\" content=\"1\u00a0Minute\" \/>\n<script type=\"application\/ld+json\" class=\"yoast-schema-graph\">{\"@context\":\"https:\/\/schema.org\",\"@graph\":[{\"@type\":\"WebPage\",\"@id\":\"https:\/\/www.ammore.online\/de\/prodotto\/colomba-artigianale-ai-tre-cioccolati-ricoperta-con-glassa-al-cioccolato-al-latte\/\",\"url\":\"https:\/\/www.ammore.online\/de\/prodotto\/colomba-artigianale-ai-tre-cioccolati-ricoperta-con-glassa-al-cioccolato-al-latte\/\",\"name\":\"Handwerkliche Taube Drei Pralinen - Ammore\",\"isPartOf\":{\"@id\":\"https:\/\/www.ammore.online\/es\/#website\"},\"primaryImageOfPage\":{\"@id\":\"https:\/\/www.ammore.online\/de\/prodotto\/colomba-artigianale-ai-tre-cioccolati-ricoperta-con-glassa-al-cioccolato-al-latte\/#primaryimage\"},\"image\":{\"@id\":\"https:\/\/www.ammore.online\/de\/prodotto\/colomba-artigianale-ai-tre-cioccolati-ricoperta-con-glassa-al-cioccolato-al-latte\/#primaryimage\"},\"thumbnailUrl\":\"https:\/\/www.ammore.online\/wp-content\/uploads\/2023\/01\/tre-cioccolati.png\",\"datePublished\":\"2023-01-31T16:40:17+00:00\",\"dateModified\":\"2024-01-16T18:34:55+00:00\",\"breadcrumb\":{\"@id\":\"https:\/\/www.ammore.online\/de\/prodotto\/colomba-artigianale-ai-tre-cioccolati-ricoperta-con-glassa-al-cioccolato-al-latte\/#breadcrumb\"},\"inLanguage\":\"de\",\"potentialAction\":[{\"@type\":\"ReadAction\",\"target\":[\"https:\/\/www.ammore.online\/de\/prodotto\/colomba-artigianale-ai-tre-cioccolati-ricoperta-con-glassa-al-cioccolato-al-latte\/\"]}]},{\"@type\":\"ImageObject\",\"inLanguage\":\"de\",\"@id\":\"https:\/\/www.ammore.online\/de\/prodotto\/colomba-artigianale-ai-tre-cioccolati-ricoperta-con-glassa-al-cioccolato-al-latte\/#primaryimage\",\"url\":\"https:\/\/www.ammore.online\/wp-content\/uploads\/2023\/01\/tre-cioccolati.png\",\"contentUrl\":\"https:\/\/www.ammore.online\/wp-content\/uploads\/2023\/01\/tre-cioccolati.png\",\"width\":1024,\"height\":1024},{\"@type\":\"BreadcrumbList\",\"@id\":\"https:\/\/www.ammore.online\/de\/prodotto\/colomba-artigianale-ai-tre-cioccolati-ricoperta-con-glassa-al-cioccolato-al-latte\/#breadcrumb\",\"itemListElement\":[{\"@type\":\"ListItem\",\"position\":1,\"name\":\"Home\",\"item\":\"https:\/\/www.ammore.online\/de\/\"},{\"@type\":\"ListItem\",\"position\":2,\"name\":\"Shop\",\"item\":\"https:\/\/www.ammore.online\/de\/shop\/\"},{\"@type\":\"ListItem\",\"position\":3,\"name\":\"Handwerkliche Taube Drei Pralinen\"}]},{\"@type\":\"WebSite\",\"@id\":\"https:\/\/www.ammore.online\/es\/#website\",\"url\":\"https:\/\/www.ammore.online\/es\/\",\"name\":\"Ammore\",\"description\":\"Il gusto della tradizione\",\"publisher\":{\"@id\":\"https:\/\/www.ammore.online\/es\/#organization\"},\"potentialAction\":[{\"@type\":\"SearchAction\",\"target\":{\"@type\":\"EntryPoint\",\"urlTemplate\":\"https:\/\/www.ammore.online\/es\/?s={search_term_string}\"},\"query-input\":{\"@type\":\"PropertyValueSpecification\",\"valueRequired\":true,\"valueName\":\"search_term_string\"}}],\"inLanguage\":\"de\"},{\"@type\":\"Organization\",\"@id\":\"https:\/\/www.ammore.online\/es\/#organization\",\"name\":\"Ammore\",\"url\":\"https:\/\/www.ammore.online\/es\/\",\"logo\":{\"@type\":\"ImageObject\",\"inLanguage\":\"de\",\"@id\":\"https:\/\/www.ammore.online\/es\/#\/schema\/logo\/image\/\",\"url\":\"https:\/\/www.ammore.online\/wp-content\/uploads\/2023\/10\/cropped-cropped-Ammore_logo.png\",\"contentUrl\":\"https:\/\/www.ammore.online\/wp-content\/uploads\/2023\/10\/cropped-cropped-Ammore_logo.png\",\"width\":1411,\"height\":393,\"caption\":\"Ammore\"},\"image\":{\"@id\":\"https:\/\/www.ammore.online\/es\/#\/schema\/logo\/image\/\"},\"sameAs\":[\"https:\/\/www.facebook.com\/ammore.official\",\"https:\/\/www.instagram.com\/ammore_official\"]}]}<\/script>\n<!-- \/ Yoast SEO plugin. -->","yoast_head_json":{"title":"Handwerkliche Taube  Drei Pralinen - Ammore","robots":{"index":"index","follow":"follow","max-snippet":"max-snippet:-1","max-image-preview":"max-image-preview:large","max-video-preview":"max-video-preview:-1"},"canonical":"https:\/\/www.ammore.online\/de\/prodotto\/colomba-artigianale-ai-tre-cioccolati-ricoperta-con-glassa-al-cioccolato-al-latte\/","og_locale":"de_DE","og_type":"article","og_title":"Handwerkliche Taube  Drei Pralinen - Ammore","og_description":"Die Handwerkskunst dieser Taube wird durch einen nat\u00fcrlichen Sauerteig und ein \u00e4u\u00dferst traditionelles Rezept gew\u00e4hrleistet. Ein besonderes Produkt, hergestellt aus Sauerteig und feinem Mehl, Butter aus der Bretagne und hochwertigen Eiern, dessen Geschmack durch dunkle, Milch- und wei\u00dfe Schokoladentropfen von Domori und Bourbon-Vanille aus Madagaskar bereichert wird. Der knusprige \u00dcberzug mit Milchschokoladenglasur ist exquisit.  Format 1 Kg \u2013 Von Hand verpackt","og_url":"https:\/\/www.ammore.online\/de\/prodotto\/colomba-artigianale-ai-tre-cioccolati-ricoperta-con-glassa-al-cioccolato-al-latte\/","og_site_name":"Ammore","article_publisher":"https:\/\/www.facebook.com\/ammore.official","article_modified_time":"2024-01-16T18:34:55+00:00","twitter_card":"summary_large_image","twitter_misc":{"Gesch\u00e4tzte Lesezeit":"1\u00a0Minute"},"schema":{"@context":"https:\/\/schema.org","@graph":[{"@type":"WebPage","@id":"https:\/\/www.ammore.online\/de\/prodotto\/colomba-artigianale-ai-tre-cioccolati-ricoperta-con-glassa-al-cioccolato-al-latte\/","url":"https:\/\/www.ammore.online\/de\/prodotto\/colomba-artigianale-ai-tre-cioccolati-ricoperta-con-glassa-al-cioccolato-al-latte\/","name":"Handwerkliche Taube Drei Pralinen - Ammore","isPartOf":{"@id":"https:\/\/www.ammore.online\/es\/#website"},"primaryImageOfPage":{"@id":"https:\/\/www.ammore.online\/de\/prodotto\/colomba-artigianale-ai-tre-cioccolati-ricoperta-con-glassa-al-cioccolato-al-latte\/#primaryimage"},"image":{"@id":"https:\/\/www.ammore.online\/de\/prodotto\/colomba-artigianale-ai-tre-cioccolati-ricoperta-con-glassa-al-cioccolato-al-latte\/#primaryimage"},"thumbnailUrl":"https:\/\/www.ammore.online\/wp-content\/uploads\/2023\/01\/tre-cioccolati.png","datePublished":"2023-01-31T16:40:17+00:00","dateModified":"2024-01-16T18:34:55+00:00","breadcrumb":{"@id":"https:\/\/www.ammore.online\/de\/prodotto\/colomba-artigianale-ai-tre-cioccolati-ricoperta-con-glassa-al-cioccolato-al-latte\/#breadcrumb"},"inLanguage":"de","potentialAction":[{"@type":"ReadAction","target":["https:\/\/www.ammore.online\/de\/prodotto\/colomba-artigianale-ai-tre-cioccolati-ricoperta-con-glassa-al-cioccolato-al-latte\/"]}]},{"@type":"ImageObject","inLanguage":"de","@id":"https:\/\/www.ammore.online\/de\/prodotto\/colomba-artigianale-ai-tre-cioccolati-ricoperta-con-glassa-al-cioccolato-al-latte\/#primaryimage","url":"https:\/\/www.ammore.online\/wp-content\/uploads\/2023\/01\/tre-cioccolati.png","contentUrl":"https:\/\/www.ammore.online\/wp-content\/uploads\/2023\/01\/tre-cioccolati.png","width":1024,"height":1024},{"@type":"BreadcrumbList","@id":"https:\/\/www.ammore.online\/de\/prodotto\/colomba-artigianale-ai-tre-cioccolati-ricoperta-con-glassa-al-cioccolato-al-latte\/#breadcrumb","itemListElement":[{"@type":"ListItem","position":1,"name":"Home","item":"https:\/\/www.ammore.online\/de\/"},{"@type":"ListItem","position":2,"name":"Shop","item":"https:\/\/www.ammore.online\/de\/shop\/"},{"@type":"ListItem","position":3,"name":"Handwerkliche Taube Drei Pralinen"}]},{"@type":"WebSite","@id":"https:\/\/www.ammore.online\/es\/#website","url":"https:\/\/www.ammore.online\/es\/","name":"Ammore","description":"Il gusto della tradizione","publisher":{"@id":"https:\/\/www.ammore.online\/es\/#organization"},"potentialAction":[{"@type":"SearchAction","target":{"@type":"EntryPoint","urlTemplate":"https:\/\/www.ammore.online\/es\/?s={search_term_string}"},"query-input":{"@type":"PropertyValueSpecification","valueRequired":true,"valueName":"search_term_string"}}],"inLanguage":"de"},{"@type":"Organization","@id":"https:\/\/www.ammore.online\/es\/#organization","name":"Ammore","url":"https:\/\/www.ammore.online\/es\/","logo":{"@type":"ImageObject","inLanguage":"de","@id":"https:\/\/www.ammore.online\/es\/#\/schema\/logo\/image\/","url":"https:\/\/www.ammore.online\/wp-content\/uploads\/2023\/10\/cropped-cropped-Ammore_logo.png","contentUrl":"https:\/\/www.ammore.online\/wp-content\/uploads\/2023\/10\/cropped-cropped-Ammore_logo.png","width":1411,"height":393,"caption":"Ammore"},"image":{"@id":"https:\/\/www.ammore.online\/es\/#\/schema\/logo\/image\/"},"sameAs":["https:\/\/www.facebook.com\/ammore.official","https:\/\/www.instagram.com\/ammore_official"]}]}},"_links":{"self":[{"href":"https:\/\/www.ammore.online\/de\/wp-json\/wp\/v2\/product\/2392","targetHints":{"allow":["GET"]}}],"collection":[{"href":"https:\/\/www.ammore.online\/de\/wp-json\/wp\/v2\/product"}],"about":[{"href":"https:\/\/www.ammore.online\/de\/wp-json\/wp\/v2\/types\/product"}],"wp:featuredmedia":[{"embeddable":true,"href":"https:\/\/www.ammore.online\/de\/wp-json\/wp\/v2\/media\/2269"}],"wp:attachment":[{"href":"https:\/\/www.ammore.online\/de\/wp-json\/wp\/v2\/media?parent=2392"}],"wp:term":[{"taxonomy":"product_cat","embeddable":true,"href":"https:\/\/www.ammore.online\/de\/wp-json\/wp\/v2\/product_cat?post=2392"},{"taxonomy":"product_tag","embeddable":true,"href":"https:\/\/www.ammore.online\/de\/wp-json\/wp\/v2\/product_tag?post=2392"}],"curies":[{"name":"wp","href":"https:\/\/api.w.org\/{rel}","templated":true}]}}