{"id":2372,"date":"2023-01-31T18:55:21","date_gmt":"2023-01-31T18:55:21","guid":{"rendered":"https:\/\/www.ammore.online\/prodotto\/colomba-mit-gianduia-creme-50-piedmont-hazelnuesse-fuer-mit-dunkeler-schokoladenglaser-abgedeckte-verbreitung\/"},"modified":"2023-03-20T20:28:26","modified_gmt":"2023-03-20T20:28:26","slug":"colomba-artigianale-con-crema-gianduia-50-nocciole-piemonte-da-spalmare-ricoperta-da-glassa-al-cioccolato-fondente","status":"publish","type":"product","link":"https:\/\/www.ammore.online\/de\/prodotto\/colomba-artigianale-con-crema-gianduia-50-nocciole-piemonte-da-spalmare-ricoperta-da-glassa-al-cioccolato-fondente\/","title":{"rendered":"Colomba mit gianduia-creme 50% piedmont-hazeln\u00fcsse f\u00fcr mit dunkeler schokoladenglaser abgedeckte verbreitung"},"content":{"rendered":"<p>Zutaten: Weizenmehl, frisches Eigelb, Butter, Kakaobutter, Zucker, Fruktose, Mutterhefe (Weizen), Bourbon Vanille, Dextrose, Aromen und Salz, Honig, S\u00e4ureregulator, Zitronens\u00e4ure.<br \/>\nZutaten Cremeglas 200g: Ger\u00f6stete piemontesische Haseln\u00fcsse IGP (50%), Rohrzucker, Bitteres mageres Kakaopulver, Kakaobutter (min. 22%), Sonnenblumen\u00f6l mit hohem \u00d6lgehalt, Oliven\u00f6l extra vergine. Cacao (min.20%);<br \/>\nZuckerguss Zutaten: Morogoro 68% Zartbitterschokolade (Kakaomasse, Rohrzucker, Kakaobutter, Sojalecithin. M\u00f6gliche Anwesenheit von N\u00fcssen und Soja). Possibile presenza di frutta secca a guscio<br \/>\nEs kann Spuren von Schalenfr\u00fcchten, Soja und Senf enthalten. An einem kalten und trockenen Ort aufbewahren.<br \/>\nProdukt unterliegt dem Gewichtsverlust. Produziert in Italien<\/p>\n","protected":false},"excerpt":{"rendered":"<p>Der Teig des nat\u00fcrlich ges\u00e4uerten handwerklichen colomba<br \/>\ngew\u00fcrzt mit Madagaskar-Vanille, mit<br \/>\neiner Gianduia-Creme aus 50% piemontesischen Haseln\u00fcssen IGP zum Verteilen und \u00dcberziehen<br \/>\nmit einer exquisiten dunklen Schokoladenglasur<br \/>\nMorogoro 68% Do mori,die besonders angenehm im Geschmack ist,<br \/>\ndie Osterferien noch angenehmer gieriger.<\/p>\n<p><strong>Die Packung enth\u00e4lt: 1kg colomba pandorata mit Zuckerguss + 200g Sahneglas + Aufstrich<\/strong><br \/>\n<strong>Format 1 kg<\/strong> &#8211; <strong>Von Hand verpackt<\/strong><\/p>\n<table border=\"0\">\n<tbody>\n<tr>\n<td><img loading=\"lazy\" decoding=\"async\" class=\"alignnone wp-image-573\" src=\"https:\/\/www.ammore.online\/wp-content\/uploads\/2022\/08\/Ingredienti_artigianale.png\" alt=\"\" width=\"197\" height=\"82\"><\/td>\n<td><img loading=\"lazy\" decoding=\"async\" class=\"alignnone size-medium wp-image-578\" src=\"https:\/\/www.ammore.online\/wp-content\/uploads\/2022\/08\/Ingredienti_lievito-300x125.png\" alt=\"\" width=\"197\" height=\"82\" srcset=\"https:\/\/www.ammore.online\/wp-content\/uploads\/2022\/08\/Ingredienti_lievito-300x125.png 300w, https:\/\/www.ammore.online\/wp-content\/uploads\/2022\/08\/Ingredienti_lievito-768x320.png 768w, https:\/\/www.ammore.online\/wp-content\/uploads\/2022\/08\/Ingredienti_lievito-720x300.png 720w, https:\/\/www.ammore.online\/wp-content\/uploads\/2022\/08\/Ingredienti_lievito.png 933w\" sizes=\"auto, (max-width: 197px) 100vw, 197px\" \/><\/td>\n<td><img loading=\"lazy\" decoding=\"async\" class=\"alignnone size-medium wp-image-583\" src=\"https:\/\/www.ammore.online\/wp-content\/uploads\/2022\/08\/Ingredienti_naturale-300x125.png\" alt=\"\" width=\"197\" height=\"82\" srcset=\"https:\/\/www.ammore.online\/wp-content\/uploads\/2022\/08\/Ingredienti_naturale-300x125.png 300w, https:\/\/www.ammore.online\/wp-content\/uploads\/2022\/08\/Ingredienti_naturale-768x320.png 768w, https:\/\/www.ammore.online\/wp-content\/uploads\/2022\/08\/Ingredienti_naturale-720x300.png 720w, https:\/\/www.ammore.online\/wp-content\/uploads\/2022\/08\/Ingredienti_naturale.png 933w\" sizes=\"auto, (max-width: 197px) 100vw, 197px\" \/><\/td>\n<\/tr>\n<tr>\n<td><img loading=\"lazy\" decoding=\"async\" class=\"alignnone size-medium wp-image-593\" src=\"https:\/\/www.ammore.online\/wp-content\/uploads\/2022\/08\/Ingredienti_no_palma-300x125.png\" alt=\"\" width=\"197\" height=\"82\" srcset=\"https:\/\/www.ammore.online\/wp-content\/uploads\/2022\/08\/Ingredienti_no_palma-300x125.png 300w, https:\/\/www.ammore.online\/wp-content\/uploads\/2022\/08\/Ingredienti_no_palma-768x320.png 768w, https:\/\/www.ammore.online\/wp-content\/uploads\/2022\/08\/Ingredienti_no_palma-720x300.png 720w, https:\/\/www.ammore.online\/wp-content\/uploads\/2022\/08\/Ingredienti_no_palma.png 933w\" sizes=\"auto, (max-width: 197px) 100vw, 197px\" \/><\/td>\n<td><img loading=\"lazy\" decoding=\"async\" class=\"alignnone size-medium wp-image-588\" src=\"https:\/\/www.ammore.online\/wp-content\/uploads\/2022\/08\/Ingredienti_no_grassi-300x125.png\" alt=\"\" width=\"197\" height=\"82\" srcset=\"https:\/\/www.ammore.online\/wp-content\/uploads\/2022\/08\/Ingredienti_no_grassi-300x125.png 300w, https:\/\/www.ammore.online\/wp-content\/uploads\/2022\/08\/Ingredienti_no_grassi-768x320.png 768w, https:\/\/www.ammore.online\/wp-content\/uploads\/2022\/08\/Ingredienti_no_grassi-720x300.png 720w, https:\/\/www.ammore.online\/wp-content\/uploads\/2022\/08\/Ingredienti_no_grassi.png 933w\" sizes=\"auto, (max-width: 197px) 100vw, 197px\" \/><\/td>\n<td><img loading=\"lazy\" decoding=\"async\" class=\"alignnone wp-image-573\" src=\"https:\/\/www.ammore.online\/wp-content\/uploads\/2022\/08\/Ingredienti_clip-300x125.png\" alt=\"\" width=\"197\" height=\"82\" srcset=\"https:\/\/www.ammore.online\/wp-content\/uploads\/2022\/08\/Ingredienti_clip-300x125.png 300w, https:\/\/www.ammore.online\/wp-content\/uploads\/2022\/08\/Ingredienti_clip-768x320.png 768w, https:\/\/www.ammore.online\/wp-content\/uploads\/2022\/08\/Ingredienti_clip-720x300.png 720w, https:\/\/www.ammore.online\/wp-content\/uploads\/2022\/08\/Ingredienti_clip.png 933w\" sizes=\"auto, (max-width: 197px) 100vw, 197px\" \/><\/td>\n<\/tr>\n<\/tbody>\n<\/table>\n","protected":false},"featured_media":0,"template":"","meta":{"_genesis_hide_title":false,"_genesis_hide_breadcrumbs":false,"_genesis_hide_singular_image":false,"_genesis_hide_footer_widgets":false,"_genesis_custom_body_class":"","_genesis_custom_post_class":"","_genesis_layout":""},"product_cat":[129,132],"product_tag":[],"class_list":{"0":"post-2372","1":"product","2":"type-product","3":"status-publish","5":"product_cat-ostern","6":"product_cat-sonderangebote-de","7":"entry","9":"first","10":"outofstock","11":"shipping-taxable","12":"purchasable","13":"product-type-simple"},"yoast_head":"<!-- This site is optimized with the Yoast SEO plugin v23.7 - https:\/\/yoast.com\/wordpress\/plugins\/seo\/ -->\n<title>Colomba mit gianduia-creme 50% piedmont-hazeln\u00fcsse f\u00fcr mit dunkeler schokoladenglaser abgedeckte verbreitung - Ammore<\/title>\n<meta name=\"robots\" content=\"index, follow, max-snippet:-1, max-image-preview:large, max-video-preview:-1\" \/>\n<link rel=\"canonical\" href=\"https:\/\/www.ammore.online\/de\/prodotto\/colomba-artigianale-con-crema-gianduia-50-nocciole-piemonte-da-spalmare-ricoperta-da-glassa-al-cioccolato-fondente\/\" \/>\n<meta property=\"og:locale\" content=\"de_DE\" \/>\n<meta property=\"og:type\" content=\"article\" \/>\n<meta property=\"og:title\" content=\"Colomba mit gianduia-creme 50% piedmont-hazeln\u00fcsse f\u00fcr mit dunkeler schokoladenglaser abgedeckte verbreitung - Ammore\" \/>\n<meta property=\"og:description\" content=\"Der Teig des nat\u00fcrlich ges\u00e4uerten handwerklichen colomba gew\u00fcrzt mit Madagaskar-Vanille, mit einer Gianduia-Creme aus 50% piemontesischen Haseln\u00fcssen IGP zum Verteilen und \u00dcberziehen mit einer exquisiten dunklen Schokoladenglasur Morogoro 68% Do mori,die besonders angenehm im Geschmack ist, die Osterferien noch angenehmer gieriger. Die Packung enth\u00e4lt: 1kg colomba pandorata mit Zuckerguss + 200g Sahneglas + Aufstrich Format 1 kg - Von Hand verpackt\" \/>\n<meta property=\"og:url\" content=\"https:\/\/www.ammore.online\/de\/prodotto\/colomba-artigianale-con-crema-gianduia-50-nocciole-piemonte-da-spalmare-ricoperta-da-glassa-al-cioccolato-fondente\/\" \/>\n<meta property=\"og:site_name\" content=\"Ammore\" \/>\n<meta property=\"article:publisher\" content=\"https:\/\/www.facebook.com\/ammore.official\" \/>\n<meta property=\"article:modified_time\" content=\"2023-03-20T20:28:26+00:00\" \/>\n<meta property=\"og:image\" content=\"https:\/\/www.ammore.online\/wp-content\/uploads\/2023\/01\/crema-spalmabile-nocciole.png\" \/>\n\t<meta property=\"og:image:width\" content=\"1024\" \/>\n\t<meta property=\"og:image:height\" content=\"1024\" \/>\n\t<meta property=\"og:image:type\" content=\"image\/png\" \/>\n<meta name=\"twitter:card\" content=\"summary_large_image\" \/>\n<script type=\"application\/ld+json\" class=\"yoast-schema-graph\">{\"@context\":\"https:\/\/schema.org\",\"@graph\":[{\"@type\":\"WebPage\",\"@id\":\"https:\/\/www.ammore.online\/de\/prodotto\/colomba-artigianale-con-crema-gianduia-50-nocciole-piemonte-da-spalmare-ricoperta-da-glassa-al-cioccolato-fondente\/\",\"url\":\"https:\/\/www.ammore.online\/de\/prodotto\/colomba-artigianale-con-crema-gianduia-50-nocciole-piemonte-da-spalmare-ricoperta-da-glassa-al-cioccolato-fondente\/\",\"name\":\"Colomba mit gianduia-creme 50% piedmont-hazeln\u00fcsse f\u00fcr mit dunkeler schokoladenglaser abgedeckte verbreitung - Ammore\",\"isPartOf\":{\"@id\":\"https:\/\/www.ammore.online\/es\/#website\"},\"datePublished\":\"2023-01-31T18:55:21+00:00\",\"dateModified\":\"2023-03-20T20:28:26+00:00\",\"breadcrumb\":{\"@id\":\"https:\/\/www.ammore.online\/de\/prodotto\/colomba-artigianale-con-crema-gianduia-50-nocciole-piemonte-da-spalmare-ricoperta-da-glassa-al-cioccolato-fondente\/#breadcrumb\"},\"inLanguage\":\"de\",\"potentialAction\":[{\"@type\":\"ReadAction\",\"target\":[\"https:\/\/www.ammore.online\/de\/prodotto\/colomba-artigianale-con-crema-gianduia-50-nocciole-piemonte-da-spalmare-ricoperta-da-glassa-al-cioccolato-fondente\/\"]}]},{\"@type\":\"BreadcrumbList\",\"@id\":\"https:\/\/www.ammore.online\/de\/prodotto\/colomba-artigianale-con-crema-gianduia-50-nocciole-piemonte-da-spalmare-ricoperta-da-glassa-al-cioccolato-fondente\/#breadcrumb\",\"itemListElement\":[{\"@type\":\"ListItem\",\"position\":1,\"name\":\"Home\",\"item\":\"https:\/\/www.ammore.online\/de\/\"},{\"@type\":\"ListItem\",\"position\":2,\"name\":\"Shop\",\"item\":\"https:\/\/www.ammore.online\/de\/shop\/\"},{\"@type\":\"ListItem\",\"position\":3,\"name\":\"Colomba mit gianduia-creme 50% piedmont-hazeln\u00fcsse f\u00fcr mit dunkeler schokoladenglaser abgedeckte verbreitung\"}]},{\"@type\":\"WebSite\",\"@id\":\"https:\/\/www.ammore.online\/es\/#website\",\"url\":\"https:\/\/www.ammore.online\/es\/\",\"name\":\"Ammore\",\"description\":\"Il gusto della tradizione\",\"publisher\":{\"@id\":\"https:\/\/www.ammore.online\/es\/#organization\"},\"potentialAction\":[{\"@type\":\"SearchAction\",\"target\":{\"@type\":\"EntryPoint\",\"urlTemplate\":\"https:\/\/www.ammore.online\/es\/?s={search_term_string}\"},\"query-input\":{\"@type\":\"PropertyValueSpecification\",\"valueRequired\":true,\"valueName\":\"search_term_string\"}}],\"inLanguage\":\"de\"},{\"@type\":\"Organization\",\"@id\":\"https:\/\/www.ammore.online\/es\/#organization\",\"name\":\"Ammore\",\"url\":\"https:\/\/www.ammore.online\/es\/\",\"logo\":{\"@type\":\"ImageObject\",\"inLanguage\":\"de\",\"@id\":\"https:\/\/www.ammore.online\/es\/#\/schema\/logo\/image\/\",\"url\":\"https:\/\/www.ammore.online\/wp-content\/uploads\/2023\/10\/cropped-cropped-Ammore_logo.png\",\"contentUrl\":\"https:\/\/www.ammore.online\/wp-content\/uploads\/2023\/10\/cropped-cropped-Ammore_logo.png\",\"width\":1411,\"height\":393,\"caption\":\"Ammore\"},\"image\":{\"@id\":\"https:\/\/www.ammore.online\/es\/#\/schema\/logo\/image\/\"},\"sameAs\":[\"https:\/\/www.facebook.com\/ammore.official\",\"https:\/\/www.instagram.com\/ammore_official\"]}]}<\/script>\n<!-- \/ Yoast SEO plugin. -->","yoast_head_json":{"title":"Colomba mit gianduia-creme 50% piedmont-hazeln\u00fcsse f\u00fcr mit dunkeler schokoladenglaser abgedeckte verbreitung - Ammore","robots":{"index":"index","follow":"follow","max-snippet":"max-snippet:-1","max-image-preview":"max-image-preview:large","max-video-preview":"max-video-preview:-1"},"canonical":"https:\/\/www.ammore.online\/de\/prodotto\/colomba-artigianale-con-crema-gianduia-50-nocciole-piemonte-da-spalmare-ricoperta-da-glassa-al-cioccolato-fondente\/","og_locale":"de_DE","og_type":"article","og_title":"Colomba mit gianduia-creme 50% piedmont-hazeln\u00fcsse f\u00fcr mit dunkeler schokoladenglaser abgedeckte verbreitung - Ammore","og_description":"Der Teig des nat\u00fcrlich ges\u00e4uerten handwerklichen colomba gew\u00fcrzt mit Madagaskar-Vanille, mit einer Gianduia-Creme aus 50% piemontesischen Haseln\u00fcssen IGP zum Verteilen und \u00dcberziehen mit einer exquisiten dunklen Schokoladenglasur Morogoro 68% Do mori,die besonders angenehm im Geschmack ist, die Osterferien noch angenehmer gieriger. Die Packung enth\u00e4lt: 1kg colomba pandorata mit Zuckerguss + 200g Sahneglas + Aufstrich Format 1 kg - Von Hand verpackt","og_url":"https:\/\/www.ammore.online\/de\/prodotto\/colomba-artigianale-con-crema-gianduia-50-nocciole-piemonte-da-spalmare-ricoperta-da-glassa-al-cioccolato-fondente\/","og_site_name":"Ammore","article_publisher":"https:\/\/www.facebook.com\/ammore.official","article_modified_time":"2023-03-20T20:28:26+00:00","og_image":[{"width":1024,"height":1024,"url":"https:\/\/www.ammore.online\/wp-content\/uploads\/2023\/01\/crema-spalmabile-nocciole.png","type":"image\/png"}],"twitter_card":"summary_large_image","schema":{"@context":"https:\/\/schema.org","@graph":[{"@type":"WebPage","@id":"https:\/\/www.ammore.online\/de\/prodotto\/colomba-artigianale-con-crema-gianduia-50-nocciole-piemonte-da-spalmare-ricoperta-da-glassa-al-cioccolato-fondente\/","url":"https:\/\/www.ammore.online\/de\/prodotto\/colomba-artigianale-con-crema-gianduia-50-nocciole-piemonte-da-spalmare-ricoperta-da-glassa-al-cioccolato-fondente\/","name":"Colomba mit gianduia-creme 50% piedmont-hazeln\u00fcsse f\u00fcr mit dunkeler schokoladenglaser abgedeckte verbreitung - Ammore","isPartOf":{"@id":"https:\/\/www.ammore.online\/es\/#website"},"datePublished":"2023-01-31T18:55:21+00:00","dateModified":"2023-03-20T20:28:26+00:00","breadcrumb":{"@id":"https:\/\/www.ammore.online\/de\/prodotto\/colomba-artigianale-con-crema-gianduia-50-nocciole-piemonte-da-spalmare-ricoperta-da-glassa-al-cioccolato-fondente\/#breadcrumb"},"inLanguage":"de","potentialAction":[{"@type":"ReadAction","target":["https:\/\/www.ammore.online\/de\/prodotto\/colomba-artigianale-con-crema-gianduia-50-nocciole-piemonte-da-spalmare-ricoperta-da-glassa-al-cioccolato-fondente\/"]}]},{"@type":"BreadcrumbList","@id":"https:\/\/www.ammore.online\/de\/prodotto\/colomba-artigianale-con-crema-gianduia-50-nocciole-piemonte-da-spalmare-ricoperta-da-glassa-al-cioccolato-fondente\/#breadcrumb","itemListElement":[{"@type":"ListItem","position":1,"name":"Home","item":"https:\/\/www.ammore.online\/de\/"},{"@type":"ListItem","position":2,"name":"Shop","item":"https:\/\/www.ammore.online\/de\/shop\/"},{"@type":"ListItem","position":3,"name":"Colomba mit gianduia-creme 50% piedmont-hazeln\u00fcsse f\u00fcr mit dunkeler schokoladenglaser abgedeckte verbreitung"}]},{"@type":"WebSite","@id":"https:\/\/www.ammore.online\/es\/#website","url":"https:\/\/www.ammore.online\/es\/","name":"Ammore","description":"Il gusto della tradizione","publisher":{"@id":"https:\/\/www.ammore.online\/es\/#organization"},"potentialAction":[{"@type":"SearchAction","target":{"@type":"EntryPoint","urlTemplate":"https:\/\/www.ammore.online\/es\/?s={search_term_string}"},"query-input":{"@type":"PropertyValueSpecification","valueRequired":true,"valueName":"search_term_string"}}],"inLanguage":"de"},{"@type":"Organization","@id":"https:\/\/www.ammore.online\/es\/#organization","name":"Ammore","url":"https:\/\/www.ammore.online\/es\/","logo":{"@type":"ImageObject","inLanguage":"de","@id":"https:\/\/www.ammore.online\/es\/#\/schema\/logo\/image\/","url":"https:\/\/www.ammore.online\/wp-content\/uploads\/2023\/10\/cropped-cropped-Ammore_logo.png","contentUrl":"https:\/\/www.ammore.online\/wp-content\/uploads\/2023\/10\/cropped-cropped-Ammore_logo.png","width":1411,"height":393,"caption":"Ammore"},"image":{"@id":"https:\/\/www.ammore.online\/es\/#\/schema\/logo\/image\/"},"sameAs":["https:\/\/www.facebook.com\/ammore.official","https:\/\/www.instagram.com\/ammore_official"]}]}},"_links":{"self":[{"href":"https:\/\/www.ammore.online\/de\/wp-json\/wp\/v2\/product\/2372","targetHints":{"allow":["GET"]}}],"collection":[{"href":"https:\/\/www.ammore.online\/de\/wp-json\/wp\/v2\/product"}],"about":[{"href":"https:\/\/www.ammore.online\/de\/wp-json\/wp\/v2\/types\/product"}],"wp:attachment":[{"href":"https:\/\/www.ammore.online\/de\/wp-json\/wp\/v2\/media?parent=2372"}],"wp:term":[{"taxonomy":"product_cat","embeddable":true,"href":"https:\/\/www.ammore.online\/de\/wp-json\/wp\/v2\/product_cat?post=2372"},{"taxonomy":"product_tag","embeddable":true,"href":"https:\/\/www.ammore.online\/de\/wp-json\/wp\/v2\/product_tag?post=2372"}],"curies":[{"name":"wp","href":"https:\/\/api.w.org\/{rel}","templated":true}]}}