{"id":2344,"date":"2023-02-01T17:28:39","date_gmt":"2023-02-01T17:28:39","guid":{"rendered":"https:\/\/www.ammore.online\/prodotto\/glutenfreier-schokoladen-colomba\/"},"modified":"2024-01-15T19:19:53","modified_gmt":"2024-01-15T19:19:53","slug":"colomba-artigianale-clioccolato-senza-glutine","status":"publish","type":"product","link":"https:\/\/www.ammore.online\/de\/prodotto\/colomba-artigianale-clioccolato-senza-glutine\/","title":{"rendered":"Glutenfreier handwerklich hergestellter <br> Schokolade Colomba"},"content":{"rendered":"<p>Zutaten: Glutenfreies Mehl (Maisst\u00e4rke, Reisst\u00e4rke, Kartoffelst\u00e4rke, Reismehl, Zucker, <strong>Milchpulver<\/strong>, Pflanzenfasern, Verdickungsmittel: Guarkernmehl, Carboxymethylcellulose), <strong>Butter<\/strong>, Wasser, glutenfreie Weizenst\u00e4rke, <strong>Eier<\/strong>, Zucker, dunkle Schokoladendrops (Zucker, Kakaomasse, Kakaobutter, Emulgator: <strong>Sojalecithin<\/strong>, mind. 20%), Akazienhonig, Sorbit, Orangenschale (Orangenschalen, Glukosesirup-Fruktose, Zucker), Zitronenschale (Zitronenschale, Glukose-Fruktose Sirup, Zucker), Kakaobutter (<strong>Soja<\/strong>), Bierhefe, Salz, Mono- und Diglyceride von Speisefetts\u00e4uren, Aromen, Stabilisator E420, Propylenglycol, Natriumstearat.<br \/>\nENTH\u00c4LT KEIN GLUTEN UND PALM\u00d6L.<br \/>\nEnth\u00e4lt <strong>Milch<\/strong>, <strong>Eier<\/strong>, <strong>Soja<\/strong>. Hergestellt in einem Labor, das auch <strong>Milch<\/strong>, <strong>Sesam<\/strong>, <strong>N\u00fcsse<\/strong> und <strong>Erdn\u00fcsse<\/strong> verwendet.<\/p>\n","protected":false},"excerpt":{"rendered":"<p>Eine besondere Taube, die die Eigenschaften des traditionellen Osterkuchens unver\u00e4ndert beibeh\u00e4lt. Es wird aus zertifizierten Rohstoffen hergestellt und ist ein gesunder und weicher Teig, der eine regelm\u00e4\u00dfige Wabe umschlie\u00dft, die mit <strong>dunklen Schokoladentropfen<\/strong> verziert ist.<\/p>\n<p><strong>Format 400 gr<\/strong> &#8211; <strong>Von Hand verpackt<\/strong><\/p>\n<table border=\"0\">\n<tbody>\n<tr>\n<td><img loading=\"lazy\" decoding=\"async\" class=\"alignnone wp-image-573\" src=\"https:\/\/www.ammore.online\/wp-content\/uploads\/2022\/08\/Ingredienti_artigianale.png\" alt=\"\" width=\"197\" height=\"82\" \/><\/td>\n<td><img loading=\"lazy\" decoding=\"async\" class=\"alignnone size-medium wp-image-583\" src=\"https:\/\/www.ammore.online\/wp-content\/uploads\/2022\/08\/Ingredienti_naturale-300x125.png\" alt=\"\" width=\"197\" height=\"82\" srcset=\"https:\/\/www.ammore.online\/wp-content\/uploads\/2022\/08\/Ingredienti_naturale-300x125.png 300w, https:\/\/www.ammore.online\/wp-content\/uploads\/2022\/08\/Ingredienti_naturale-768x320.png 768w, https:\/\/www.ammore.online\/wp-content\/uploads\/2022\/08\/Ingredienti_naturale-720x300.png 720w, https:\/\/www.ammore.online\/wp-content\/uploads\/2022\/08\/Ingredienti_naturale.png 933w\" sizes=\"auto, (max-width: 197px) 100vw, 197px\" \/><\/td>\n<\/tr>\n<tr>\n<td><img loading=\"lazy\" decoding=\"async\" class=\"alignnone size-medium wp-image-593\" src=\"https:\/\/www.ammore.online\/wp-content\/uploads\/2022\/08\/Ingredienti_no_palma-300x125.png\" alt=\"\" width=\"197\" height=\"82\" srcset=\"https:\/\/www.ammore.online\/wp-content\/uploads\/2022\/08\/Ingredienti_no_palma-300x125.png 300w, https:\/\/www.ammore.online\/wp-content\/uploads\/2022\/08\/Ingredienti_no_palma-768x320.png 768w, https:\/\/www.ammore.online\/wp-content\/uploads\/2022\/08\/Ingredienti_no_palma-720x300.png 720w, https:\/\/www.ammore.online\/wp-content\/uploads\/2022\/08\/Ingredienti_no_palma.png 933w\" sizes=\"auto, (max-width: 197px) 100vw, 197px\" \/><\/td>\n<td><img loading=\"lazy\" decoding=\"async\" class=\"alignnone size-medium wp-image-588\" src=\"https:\/\/www.ammore.online\/wp-content\/uploads\/2022\/08\/Ingredienti_no_grassi-300x125.png\" alt=\"\" width=\"197\" height=\"82\" srcset=\"https:\/\/www.ammore.online\/wp-content\/uploads\/2022\/08\/Ingredienti_no_grassi-300x125.png 300w, https:\/\/www.ammore.online\/wp-content\/uploads\/2022\/08\/Ingredienti_no_grassi-768x320.png 768w, https:\/\/www.ammore.online\/wp-content\/uploads\/2022\/08\/Ingredienti_no_grassi-720x300.png 720w, https:\/\/www.ammore.online\/wp-content\/uploads\/2022\/08\/Ingredienti_no_grassi.png 933w\" sizes=\"auto, (max-width: 197px) 100vw, 197px\" \/><\/td>\n<\/tr>\n<\/tbody>\n<\/table>\n","protected":false},"featured_media":2404,"template":"","meta":{"_genesis_hide_title":false,"_genesis_hide_breadcrumbs":false,"_genesis_hide_singular_image":false,"_genesis_hide_footer_widgets":false,"_genesis_custom_body_class":"","_genesis_custom_post_class":"","_genesis_layout":""},"product_cat":[129,131],"product_tag":[],"class_list":{"0":"post-2344","1":"product","2":"type-product","3":"status-publish","4":"has-post-thumbnail","6":"product_cat-ostern","7":"product_cat-glutenfreies-ostern","8":"entry","10":"first","11":"outofstock","12":"shipping-taxable","13":"purchasable","14":"product-type-simple"},"yoast_head":"<!-- This site is optimized with the Yoast SEO plugin v23.7 - https:\/\/yoast.com\/wordpress\/plugins\/seo\/ -->\n<title>Glutenfreier handwerklich hergestellter  Schokolade Colomba - Ammore<\/title>\n<meta name=\"robots\" content=\"index, follow, max-snippet:-1, max-image-preview:large, max-video-preview:-1\" \/>\n<link rel=\"canonical\" href=\"https:\/\/www.ammore.online\/de\/prodotto\/colomba-artigianale-clioccolato-senza-glutine\/\" \/>\n<meta property=\"og:locale\" content=\"de_DE\" \/>\n<meta property=\"og:type\" content=\"article\" \/>\n<meta property=\"og:title\" content=\"Glutenfreier handwerklich hergestellter  Schokolade Colomba - Ammore\" \/>\n<meta property=\"og:description\" content=\"Eine besondere Taube, die die Eigenschaften des traditionellen Osterkuchens unver\u00e4ndert beibeh\u00e4lt. Es wird aus zertifizierten Rohstoffen hergestellt und ist ein gesunder und weicher Teig, der eine regelm\u00e4\u00dfige Wabe umschlie\u00dft, die mit dunklen Schokoladentropfen verziert ist.  Format 400 gr - Von Hand verpackt\" \/>\n<meta property=\"og:url\" content=\"https:\/\/www.ammore.online\/de\/prodotto\/colomba-artigianale-clioccolato-senza-glutine\/\" \/>\n<meta property=\"og:site_name\" content=\"Ammore\" \/>\n<meta property=\"article:publisher\" content=\"https:\/\/www.facebook.com\/ammore.official\" \/>\n<meta property=\"article:modified_time\" content=\"2024-01-15T19:19:53+00:00\" \/>\n<meta name=\"twitter:card\" content=\"summary_large_image\" \/>\n<meta name=\"twitter:label1\" content=\"Gesch\u00e4tzte Lesezeit\" \/>\n\t<meta name=\"twitter:data1\" content=\"1\u00a0Minute\" \/>\n<script type=\"application\/ld+json\" class=\"yoast-schema-graph\">{\"@context\":\"https:\/\/schema.org\",\"@graph\":[{\"@type\":\"WebPage\",\"@id\":\"https:\/\/www.ammore.online\/de\/prodotto\/colomba-artigianale-clioccolato-senza-glutine\/\",\"url\":\"https:\/\/www.ammore.online\/de\/prodotto\/colomba-artigianale-clioccolato-senza-glutine\/\",\"name\":\"Glutenfreier handwerklich hergestellter Schokolade Colomba - Ammore\",\"isPartOf\":{\"@id\":\"https:\/\/www.ammore.online\/es\/#website\"},\"primaryImageOfPage\":{\"@id\":\"https:\/\/www.ammore.online\/de\/prodotto\/colomba-artigianale-clioccolato-senza-glutine\/#primaryimage\"},\"image\":{\"@id\":\"https:\/\/www.ammore.online\/de\/prodotto\/colomba-artigianale-clioccolato-senza-glutine\/#primaryimage\"},\"thumbnailUrl\":\"https:\/\/www.ammore.online\/wp-content\/uploads\/2023\/02\/CIOCCO-SENZA-GLUTINE.jpg\",\"datePublished\":\"2023-02-01T17:28:39+00:00\",\"dateModified\":\"2024-01-15T19:19:53+00:00\",\"breadcrumb\":{\"@id\":\"https:\/\/www.ammore.online\/de\/prodotto\/colomba-artigianale-clioccolato-senza-glutine\/#breadcrumb\"},\"inLanguage\":\"de\",\"potentialAction\":[{\"@type\":\"ReadAction\",\"target\":[\"https:\/\/www.ammore.online\/de\/prodotto\/colomba-artigianale-clioccolato-senza-glutine\/\"]}]},{\"@type\":\"ImageObject\",\"inLanguage\":\"de\",\"@id\":\"https:\/\/www.ammore.online\/de\/prodotto\/colomba-artigianale-clioccolato-senza-glutine\/#primaryimage\",\"url\":\"https:\/\/www.ammore.online\/wp-content\/uploads\/2023\/02\/CIOCCO-SENZA-GLUTINE.jpg\",\"contentUrl\":\"https:\/\/www.ammore.online\/wp-content\/uploads\/2023\/02\/CIOCCO-SENZA-GLUTINE.jpg\",\"width\":1306,\"height\":884},{\"@type\":\"BreadcrumbList\",\"@id\":\"https:\/\/www.ammore.online\/de\/prodotto\/colomba-artigianale-clioccolato-senza-glutine\/#breadcrumb\",\"itemListElement\":[{\"@type\":\"ListItem\",\"position\":1,\"name\":\"Home\",\"item\":\"https:\/\/www.ammore.online\/de\/\"},{\"@type\":\"ListItem\",\"position\":2,\"name\":\"Shop\",\"item\":\"https:\/\/www.ammore.online\/de\/shop\/\"},{\"@type\":\"ListItem\",\"position\":3,\"name\":\"Glutenfreier handwerklich hergestellter Schokolade Colomba\"}]},{\"@type\":\"WebSite\",\"@id\":\"https:\/\/www.ammore.online\/es\/#website\",\"url\":\"https:\/\/www.ammore.online\/es\/\",\"name\":\"Ammore\",\"description\":\"Il gusto della tradizione\",\"publisher\":{\"@id\":\"https:\/\/www.ammore.online\/es\/#organization\"},\"potentialAction\":[{\"@type\":\"SearchAction\",\"target\":{\"@type\":\"EntryPoint\",\"urlTemplate\":\"https:\/\/www.ammore.online\/es\/?s={search_term_string}\"},\"query-input\":{\"@type\":\"PropertyValueSpecification\",\"valueRequired\":true,\"valueName\":\"search_term_string\"}}],\"inLanguage\":\"de\"},{\"@type\":\"Organization\",\"@id\":\"https:\/\/www.ammore.online\/es\/#organization\",\"name\":\"Ammore\",\"url\":\"https:\/\/www.ammore.online\/es\/\",\"logo\":{\"@type\":\"ImageObject\",\"inLanguage\":\"de\",\"@id\":\"https:\/\/www.ammore.online\/es\/#\/schema\/logo\/image\/\",\"url\":\"https:\/\/www.ammore.online\/wp-content\/uploads\/2023\/10\/cropped-cropped-Ammore_logo.png\",\"contentUrl\":\"https:\/\/www.ammore.online\/wp-content\/uploads\/2023\/10\/cropped-cropped-Ammore_logo.png\",\"width\":1411,\"height\":393,\"caption\":\"Ammore\"},\"image\":{\"@id\":\"https:\/\/www.ammore.online\/es\/#\/schema\/logo\/image\/\"},\"sameAs\":[\"https:\/\/www.facebook.com\/ammore.official\",\"https:\/\/www.instagram.com\/ammore_official\"]}]}<\/script>\n<!-- \/ Yoast SEO plugin. -->","yoast_head_json":{"title":"Glutenfreier handwerklich hergestellter  Schokolade Colomba - Ammore","robots":{"index":"index","follow":"follow","max-snippet":"max-snippet:-1","max-image-preview":"max-image-preview:large","max-video-preview":"max-video-preview:-1"},"canonical":"https:\/\/www.ammore.online\/de\/prodotto\/colomba-artigianale-clioccolato-senza-glutine\/","og_locale":"de_DE","og_type":"article","og_title":"Glutenfreier handwerklich hergestellter  Schokolade Colomba - Ammore","og_description":"Eine besondere Taube, die die Eigenschaften des traditionellen Osterkuchens unver\u00e4ndert beibeh\u00e4lt. Es wird aus zertifizierten Rohstoffen hergestellt und ist ein gesunder und weicher Teig, der eine regelm\u00e4\u00dfige Wabe umschlie\u00dft, die mit dunklen Schokoladentropfen verziert ist.  Format 400 gr - Von Hand verpackt","og_url":"https:\/\/www.ammore.online\/de\/prodotto\/colomba-artigianale-clioccolato-senza-glutine\/","og_site_name":"Ammore","article_publisher":"https:\/\/www.facebook.com\/ammore.official","article_modified_time":"2024-01-15T19:19:53+00:00","twitter_card":"summary_large_image","twitter_misc":{"Gesch\u00e4tzte Lesezeit":"1\u00a0Minute"},"schema":{"@context":"https:\/\/schema.org","@graph":[{"@type":"WebPage","@id":"https:\/\/www.ammore.online\/de\/prodotto\/colomba-artigianale-clioccolato-senza-glutine\/","url":"https:\/\/www.ammore.online\/de\/prodotto\/colomba-artigianale-clioccolato-senza-glutine\/","name":"Glutenfreier handwerklich hergestellter Schokolade Colomba - Ammore","isPartOf":{"@id":"https:\/\/www.ammore.online\/es\/#website"},"primaryImageOfPage":{"@id":"https:\/\/www.ammore.online\/de\/prodotto\/colomba-artigianale-clioccolato-senza-glutine\/#primaryimage"},"image":{"@id":"https:\/\/www.ammore.online\/de\/prodotto\/colomba-artigianale-clioccolato-senza-glutine\/#primaryimage"},"thumbnailUrl":"https:\/\/www.ammore.online\/wp-content\/uploads\/2023\/02\/CIOCCO-SENZA-GLUTINE.jpg","datePublished":"2023-02-01T17:28:39+00:00","dateModified":"2024-01-15T19:19:53+00:00","breadcrumb":{"@id":"https:\/\/www.ammore.online\/de\/prodotto\/colomba-artigianale-clioccolato-senza-glutine\/#breadcrumb"},"inLanguage":"de","potentialAction":[{"@type":"ReadAction","target":["https:\/\/www.ammore.online\/de\/prodotto\/colomba-artigianale-clioccolato-senza-glutine\/"]}]},{"@type":"ImageObject","inLanguage":"de","@id":"https:\/\/www.ammore.online\/de\/prodotto\/colomba-artigianale-clioccolato-senza-glutine\/#primaryimage","url":"https:\/\/www.ammore.online\/wp-content\/uploads\/2023\/02\/CIOCCO-SENZA-GLUTINE.jpg","contentUrl":"https:\/\/www.ammore.online\/wp-content\/uploads\/2023\/02\/CIOCCO-SENZA-GLUTINE.jpg","width":1306,"height":884},{"@type":"BreadcrumbList","@id":"https:\/\/www.ammore.online\/de\/prodotto\/colomba-artigianale-clioccolato-senza-glutine\/#breadcrumb","itemListElement":[{"@type":"ListItem","position":1,"name":"Home","item":"https:\/\/www.ammore.online\/de\/"},{"@type":"ListItem","position":2,"name":"Shop","item":"https:\/\/www.ammore.online\/de\/shop\/"},{"@type":"ListItem","position":3,"name":"Glutenfreier handwerklich hergestellter Schokolade Colomba"}]},{"@type":"WebSite","@id":"https:\/\/www.ammore.online\/es\/#website","url":"https:\/\/www.ammore.online\/es\/","name":"Ammore","description":"Il gusto della tradizione","publisher":{"@id":"https:\/\/www.ammore.online\/es\/#organization"},"potentialAction":[{"@type":"SearchAction","target":{"@type":"EntryPoint","urlTemplate":"https:\/\/www.ammore.online\/es\/?s={search_term_string}"},"query-input":{"@type":"PropertyValueSpecification","valueRequired":true,"valueName":"search_term_string"}}],"inLanguage":"de"},{"@type":"Organization","@id":"https:\/\/www.ammore.online\/es\/#organization","name":"Ammore","url":"https:\/\/www.ammore.online\/es\/","logo":{"@type":"ImageObject","inLanguage":"de","@id":"https:\/\/www.ammore.online\/es\/#\/schema\/logo\/image\/","url":"https:\/\/www.ammore.online\/wp-content\/uploads\/2023\/10\/cropped-cropped-Ammore_logo.png","contentUrl":"https:\/\/www.ammore.online\/wp-content\/uploads\/2023\/10\/cropped-cropped-Ammore_logo.png","width":1411,"height":393,"caption":"Ammore"},"image":{"@id":"https:\/\/www.ammore.online\/es\/#\/schema\/logo\/image\/"},"sameAs":["https:\/\/www.facebook.com\/ammore.official","https:\/\/www.instagram.com\/ammore_official"]}]}},"_links":{"self":[{"href":"https:\/\/www.ammore.online\/de\/wp-json\/wp\/v2\/product\/2344","targetHints":{"allow":["GET"]}}],"collection":[{"href":"https:\/\/www.ammore.online\/de\/wp-json\/wp\/v2\/product"}],"about":[{"href":"https:\/\/www.ammore.online\/de\/wp-json\/wp\/v2\/types\/product"}],"wp:featuredmedia":[{"embeddable":true,"href":"https:\/\/www.ammore.online\/de\/wp-json\/wp\/v2\/media\/2404"}],"wp:attachment":[{"href":"https:\/\/www.ammore.online\/de\/wp-json\/wp\/v2\/media?parent=2344"}],"wp:term":[{"taxonomy":"product_cat","embeddable":true,"href":"https:\/\/www.ammore.online\/de\/wp-json\/wp\/v2\/product_cat?post=2344"},{"taxonomy":"product_tag","embeddable":true,"href":"https:\/\/www.ammore.online\/de\/wp-json\/wp\/v2\/product_tag?post=2344"}],"curies":[{"name":"wp","href":"https:\/\/api.w.org\/{rel}","templated":true}]}}