{"id":1151,"date":"2022-09-01T12:58:02","date_gmt":"2022-09-01T12:58:02","guid":{"rendered":"https:\/\/www.ammore.online\/?post_type=product&#038;p=1151"},"modified":"2023-11-05T21:16:37","modified_gmt":"2023-11-05T21:16:37","slug":"pandolce-ai-tre-cioccolati","status":"publish","type":"product","link":"https:\/\/www.ammore.online\/de\/prodotto\/pandolce-ai-tre-cioccolati\/","title":{"rendered":"Handwerklich hergestellter <br> Drei Pralinen PanDolce"},"content":{"rendered":"<p><strong>Zuaten<\/strong>: <strong>Weizenmehl<\/strong>, (<strong>Weichweizen<\/strong>), <strong>Butter<\/strong>, Morogoro 38% Vollmilchschokolade (Kakaomasse, Rohrzucker, <strong>Kakaobutter<\/strong>, M<strong>ilchpulver<\/strong>, <strong>Sojalecithin<\/strong>. M\u00f6gliche Anwesenheit von <strong>N\u00fcssen<\/strong> und<strong> Soja<\/strong>), <strong>Wei\u00dfe<\/strong> Schokolade Morogoro 35% (Rohrzucker, <strong>Kakaobutter<\/strong>, <strong>Milchpulver<\/strong>, Vanilleextrakt, <strong>Sojalecithin<\/strong>. M\u00f6gliche Anwesenheit von<strong> N\u00fcssen<\/strong> und <strong>Soja<\/strong>), Morogoro 68% Zartbitterschokolade (Kakaomasse, Rohrzucker, <strong>Kakaobutter<\/strong>, <strong>Sojalecithin<\/strong>. M\u00f6gliche Anwesenheit von <strong>N\u00fcssen<\/strong> und <strong>Soja<\/strong>), frisches <strong>Eigelb<\/strong>, Zucker, Fruktose, nat\u00fcrliche Hefe (<strong>Weizenmehl<\/strong>) , <strong>Kakaobutter<\/strong>, Bourbon Vanille, Aromen und Salz, Honig, S\u00e4ureregulator: Zitronens\u00e4ure. Es kann Spuren von <strong>Schalenfr\u00fcchten<\/strong>, <strong>Soja<\/strong> und <strong>Senf<\/strong> enthalten. An einem kalten und trockenen Ort aufbewahren. Produkt unterliegt einem Gewichtsverlust. Hergestellt in Italien.<\/p>\n","protected":false},"excerpt":{"rendered":"<p>Ein weiches und k\u00f6stliches Sauerteigprodukt, das Aromen hervorruft, pr Ofumi und Souvenirs der Feierlichkeiten das ganze Jahr \u00fcber. Es eignet sich sowohl zum Fr\u00fchst\u00fcck als auch als Dessert und wird aus Sauerteig, feinem Mehl, Butter aus der Bretagne und Eiern h\u00f6chster Qualit\u00e4t hergestellt. Das traditionelle Rezept, ohne Konservierungsstoffe oder geh\u00e4rtete Fette, <strong>wird mit dunklen<\/strong>, <strong>wei\u00dfen<\/strong> und <strong>Milchschokoladenst\u00fcckchen<\/strong> von Domori und <strong>Bourbon-Vanille aus Madagaskar<\/strong> verfeinert.<\/p>\n<p><strong>500 g-Format<\/strong>\u00a0\u2013\u00a0<strong>Von Hand verpackt<\/strong><\/p>\n<p><img loading=\"lazy\" decoding=\"async\" class=\"alignnone wp-image-573\" src=\"https:\/\/www.ammore.online\/wp-content\/uploads\/2022\/08\/Ingredienti_artigianale.png\" alt=\"\" width=\"197\" height=\"82\" \/><img loading=\"lazy\" decoding=\"async\" class=\"alignnone size-medium wp-image-578\" src=\"https:\/\/www.ammore.online\/wp-content\/uploads\/2022\/08\/Ingredienti_lievito-300x125.png\" alt=\"\" width=\"197\" height=\"82\" srcset=\"https:\/\/www.ammore.online\/wp-content\/uploads\/2022\/08\/Ingredienti_lievito-300x125.png 300w, https:\/\/www.ammore.online\/wp-content\/uploads\/2022\/08\/Ingredienti_lievito-768x320.png 768w, https:\/\/www.ammore.online\/wp-content\/uploads\/2022\/08\/Ingredienti_lievito-720x300.png 720w, https:\/\/www.ammore.online\/wp-content\/uploads\/2022\/08\/Ingredienti_lievito.png 933w\" sizes=\"auto, (max-width: 197px) 100vw, 197px\" \/><img loading=\"lazy\" decoding=\"async\" class=\"alignnone size-medium wp-image-583\" src=\"https:\/\/www.ammore.online\/wp-content\/uploads\/2022\/08\/Ingredienti_naturale-300x125.png\" alt=\"\" width=\"197\" height=\"82\" srcset=\"https:\/\/www.ammore.online\/wp-content\/uploads\/2022\/08\/Ingredienti_naturale-300x125.png 300w, https:\/\/www.ammore.online\/wp-content\/uploads\/2022\/08\/Ingredienti_naturale-768x320.png 768w, https:\/\/www.ammore.online\/wp-content\/uploads\/2022\/08\/Ingredienti_naturale-720x300.png 720w, https:\/\/www.ammore.online\/wp-content\/uploads\/2022\/08\/Ingredienti_naturale.png 933w\" sizes=\"auto, (max-width: 197px) 100vw, 197px\" \/><img loading=\"lazy\" decoding=\"async\" class=\"alignnone size-medium wp-image-593\" src=\"https:\/\/www.ammore.online\/wp-content\/uploads\/2022\/08\/Ingredienti_no_palma-300x125.png\" alt=\"\" width=\"197\" height=\"82\" srcset=\"https:\/\/www.ammore.online\/wp-content\/uploads\/2022\/08\/Ingredienti_no_palma-300x125.png 300w, https:\/\/www.ammore.online\/wp-content\/uploads\/2022\/08\/Ingredienti_no_palma-768x320.png 768w, https:\/\/www.ammore.online\/wp-content\/uploads\/2022\/08\/Ingredienti_no_palma-720x300.png 720w, https:\/\/www.ammore.online\/wp-content\/uploads\/2022\/08\/Ingredienti_no_palma.png 933w\" sizes=\"auto, (max-width: 197px) 100vw, 197px\" \/><img loading=\"lazy\" decoding=\"async\" class=\"alignnone size-medium wp-image-588\" src=\"https:\/\/www.ammore.online\/wp-content\/uploads\/2022\/08\/Ingredienti_no_grassi-300x125.png\" alt=\"\" width=\"197\" height=\"82\" srcset=\"https:\/\/www.ammore.online\/wp-content\/uploads\/2022\/08\/Ingredienti_no_grassi-300x125.png 300w, https:\/\/www.ammore.online\/wp-content\/uploads\/2022\/08\/Ingredienti_no_grassi-768x320.png 768w, https:\/\/www.ammore.online\/wp-content\/uploads\/2022\/08\/Ingredienti_no_grassi-720x300.png 720w, https:\/\/www.ammore.online\/wp-content\/uploads\/2022\/08\/Ingredienti_no_grassi.png 933w\" sizes=\"auto, (max-width: 197px) 100vw, 197px\" \/><img loading=\"lazy\" decoding=\"async\" class=\"alignnone wp-image-573\" src=\"https:\/\/www.ammore.online\/wp-content\/uploads\/2022\/08\/Ingredienti_clip-de.png\" alt=\"\" width=\"197\" height=\"82\" \/><\/p>\n","protected":false},"featured_media":1353,"template":"","meta":{"_genesis_hide_title":false,"_genesis_hide_breadcrumbs":false,"_genesis_hide_singular_image":false,"_genesis_hide_footer_widgets":false,"_genesis_custom_body_class":"","_genesis_custom_post_class":"","_genesis_layout":""},"product_cat":[78],"product_tag":[],"class_list":{"0":"post-1151","1":"product","2":"type-product","3":"status-publish","4":"has-post-thumbnail","6":"product_cat-lievitati-artigianali-pandolce-de","7":"entry","9":"first","10":"outofstock","11":"shipping-taxable","12":"purchasable","13":"product-type-simple"},"yoast_head":"<!-- This site is optimized with the Yoast SEO plugin v23.7 - https:\/\/yoast.com\/wordpress\/plugins\/seo\/ -->\n<title>Handwerklich hergestellter  Drei Pralinen PanDolce - Ammore<\/title>\n<meta name=\"robots\" content=\"index, follow, max-snippet:-1, max-image-preview:large, max-video-preview:-1\" \/>\n<link rel=\"canonical\" href=\"https:\/\/www.ammore.online\/de\/prodotto\/pandolce-ai-tre-cioccolati\/\" \/>\n<meta property=\"og:locale\" content=\"de_DE\" \/>\n<meta property=\"og:type\" content=\"article\" \/>\n<meta property=\"og:title\" content=\"Handwerklich hergestellter  Drei Pralinen PanDolce - Ammore\" \/>\n<meta property=\"og:description\" content=\"Ein weiches und k\u00f6stliches Sauerteigprodukt, das Aromen hervorruft, pr Ofumi und Souvenirs der Feierlichkeiten das ganze Jahr \u00fcber. Es eignet sich sowohl zum Fr\u00fchst\u00fcck als auch als Dessert und wird aus Sauerteig, feinem Mehl, Butter aus der Bretagne und Eiern h\u00f6chster Qualit\u00e4t hergestellt. Das traditionelle Rezept, ohne Konservierungsstoffe oder geh\u00e4rtete Fette, wird mit dunklen, wei\u00dfen und Milchschokoladenst\u00fcckchen von Domori und Bourbon-Vanille aus Madagaskar verfeinert.  500 g-Format\u00a0\u2013\u00a0Von Hand verpackt\" \/>\n<meta property=\"og:url\" content=\"https:\/\/www.ammore.online\/de\/prodotto\/pandolce-ai-tre-cioccolati\/\" \/>\n<meta property=\"og:site_name\" content=\"Ammore\" \/>\n<meta property=\"article:publisher\" content=\"https:\/\/www.facebook.com\/ammore.official\" \/>\n<meta property=\"article:modified_time\" content=\"2023-11-05T21:16:37+00:00\" \/>\n<meta name=\"twitter:card\" content=\"summary_large_image\" \/>\n<meta name=\"twitter:label1\" content=\"Gesch\u00e4tzte Lesezeit\" \/>\n\t<meta name=\"twitter:data1\" content=\"1\u00a0Minute\" \/>\n<script type=\"application\/ld+json\" class=\"yoast-schema-graph\">{\"@context\":\"https:\/\/schema.org\",\"@graph\":[{\"@type\":\"WebPage\",\"@id\":\"https:\/\/www.ammore.online\/de\/prodotto\/pandolce-ai-tre-cioccolati\/\",\"url\":\"https:\/\/www.ammore.online\/de\/prodotto\/pandolce-ai-tre-cioccolati\/\",\"name\":\"Handwerklich hergestellter Drei Pralinen PanDolce - Ammore\",\"isPartOf\":{\"@id\":\"https:\/\/www.ammore.online\/es\/#website\"},\"primaryImageOfPage\":{\"@id\":\"https:\/\/www.ammore.online\/de\/prodotto\/pandolce-ai-tre-cioccolati\/#primaryimage\"},\"image\":{\"@id\":\"https:\/\/www.ammore.online\/de\/prodotto\/pandolce-ai-tre-cioccolati\/#primaryimage\"},\"thumbnailUrl\":\"https:\/\/www.ammore.online\/wp-content\/uploads\/2022\/09\/Tronchetto_Classico.png\",\"datePublished\":\"2022-09-01T12:58:02+00:00\",\"dateModified\":\"2023-11-05T21:16:37+00:00\",\"breadcrumb\":{\"@id\":\"https:\/\/www.ammore.online\/de\/prodotto\/pandolce-ai-tre-cioccolati\/#breadcrumb\"},\"inLanguage\":\"de\",\"potentialAction\":[{\"@type\":\"ReadAction\",\"target\":[\"https:\/\/www.ammore.online\/de\/prodotto\/pandolce-ai-tre-cioccolati\/\"]}]},{\"@type\":\"ImageObject\",\"inLanguage\":\"de\",\"@id\":\"https:\/\/www.ammore.online\/de\/prodotto\/pandolce-ai-tre-cioccolati\/#primaryimage\",\"url\":\"https:\/\/www.ammore.online\/wp-content\/uploads\/2022\/09\/Tronchetto_Classico.png\",\"contentUrl\":\"https:\/\/www.ammore.online\/wp-content\/uploads\/2022\/09\/Tronchetto_Classico.png\",\"width\":630,\"height\":630},{\"@type\":\"BreadcrumbList\",\"@id\":\"https:\/\/www.ammore.online\/de\/prodotto\/pandolce-ai-tre-cioccolati\/#breadcrumb\",\"itemListElement\":[{\"@type\":\"ListItem\",\"position\":1,\"name\":\"Home\",\"item\":\"https:\/\/www.ammore.online\/de\/\"},{\"@type\":\"ListItem\",\"position\":2,\"name\":\"Shop\",\"item\":\"https:\/\/www.ammore.online\/de\/shop\/\"},{\"@type\":\"ListItem\",\"position\":3,\"name\":\"Handwerklich hergestellter Drei Pralinen PanDolce\"}]},{\"@type\":\"WebSite\",\"@id\":\"https:\/\/www.ammore.online\/es\/#website\",\"url\":\"https:\/\/www.ammore.online\/es\/\",\"name\":\"Ammore\",\"description\":\"Il gusto della tradizione\",\"publisher\":{\"@id\":\"https:\/\/www.ammore.online\/es\/#organization\"},\"potentialAction\":[{\"@type\":\"SearchAction\",\"target\":{\"@type\":\"EntryPoint\",\"urlTemplate\":\"https:\/\/www.ammore.online\/es\/?s={search_term_string}\"},\"query-input\":{\"@type\":\"PropertyValueSpecification\",\"valueRequired\":true,\"valueName\":\"search_term_string\"}}],\"inLanguage\":\"de\"},{\"@type\":\"Organization\",\"@id\":\"https:\/\/www.ammore.online\/es\/#organization\",\"name\":\"Ammore\",\"url\":\"https:\/\/www.ammore.online\/es\/\",\"logo\":{\"@type\":\"ImageObject\",\"inLanguage\":\"de\",\"@id\":\"https:\/\/www.ammore.online\/es\/#\/schema\/logo\/image\/\",\"url\":\"https:\/\/www.ammore.online\/wp-content\/uploads\/2023\/10\/cropped-cropped-Ammore_logo.png\",\"contentUrl\":\"https:\/\/www.ammore.online\/wp-content\/uploads\/2023\/10\/cropped-cropped-Ammore_logo.png\",\"width\":1411,\"height\":393,\"caption\":\"Ammore\"},\"image\":{\"@id\":\"https:\/\/www.ammore.online\/es\/#\/schema\/logo\/image\/\"},\"sameAs\":[\"https:\/\/www.facebook.com\/ammore.official\",\"https:\/\/www.instagram.com\/ammore_official\"]}]}<\/script>\n<!-- \/ Yoast SEO plugin. -->","yoast_head_json":{"title":"Handwerklich hergestellter  Drei Pralinen PanDolce - Ammore","robots":{"index":"index","follow":"follow","max-snippet":"max-snippet:-1","max-image-preview":"max-image-preview:large","max-video-preview":"max-video-preview:-1"},"canonical":"https:\/\/www.ammore.online\/de\/prodotto\/pandolce-ai-tre-cioccolati\/","og_locale":"de_DE","og_type":"article","og_title":"Handwerklich hergestellter  Drei Pralinen PanDolce - Ammore","og_description":"Ein weiches und k\u00f6stliches Sauerteigprodukt, das Aromen hervorruft, pr Ofumi und Souvenirs der Feierlichkeiten das ganze Jahr \u00fcber. Es eignet sich sowohl zum Fr\u00fchst\u00fcck als auch als Dessert und wird aus Sauerteig, feinem Mehl, Butter aus der Bretagne und Eiern h\u00f6chster Qualit\u00e4t hergestellt. Das traditionelle Rezept, ohne Konservierungsstoffe oder geh\u00e4rtete Fette, wird mit dunklen, wei\u00dfen und Milchschokoladenst\u00fcckchen von Domori und Bourbon-Vanille aus Madagaskar verfeinert.  500 g-Format\u00a0\u2013\u00a0Von Hand verpackt","og_url":"https:\/\/www.ammore.online\/de\/prodotto\/pandolce-ai-tre-cioccolati\/","og_site_name":"Ammore","article_publisher":"https:\/\/www.facebook.com\/ammore.official","article_modified_time":"2023-11-05T21:16:37+00:00","twitter_card":"summary_large_image","twitter_misc":{"Gesch\u00e4tzte Lesezeit":"1\u00a0Minute"},"schema":{"@context":"https:\/\/schema.org","@graph":[{"@type":"WebPage","@id":"https:\/\/www.ammore.online\/de\/prodotto\/pandolce-ai-tre-cioccolati\/","url":"https:\/\/www.ammore.online\/de\/prodotto\/pandolce-ai-tre-cioccolati\/","name":"Handwerklich hergestellter Drei Pralinen PanDolce - Ammore","isPartOf":{"@id":"https:\/\/www.ammore.online\/es\/#website"},"primaryImageOfPage":{"@id":"https:\/\/www.ammore.online\/de\/prodotto\/pandolce-ai-tre-cioccolati\/#primaryimage"},"image":{"@id":"https:\/\/www.ammore.online\/de\/prodotto\/pandolce-ai-tre-cioccolati\/#primaryimage"},"thumbnailUrl":"https:\/\/www.ammore.online\/wp-content\/uploads\/2022\/09\/Tronchetto_Classico.png","datePublished":"2022-09-01T12:58:02+00:00","dateModified":"2023-11-05T21:16:37+00:00","breadcrumb":{"@id":"https:\/\/www.ammore.online\/de\/prodotto\/pandolce-ai-tre-cioccolati\/#breadcrumb"},"inLanguage":"de","potentialAction":[{"@type":"ReadAction","target":["https:\/\/www.ammore.online\/de\/prodotto\/pandolce-ai-tre-cioccolati\/"]}]},{"@type":"ImageObject","inLanguage":"de","@id":"https:\/\/www.ammore.online\/de\/prodotto\/pandolce-ai-tre-cioccolati\/#primaryimage","url":"https:\/\/www.ammore.online\/wp-content\/uploads\/2022\/09\/Tronchetto_Classico.png","contentUrl":"https:\/\/www.ammore.online\/wp-content\/uploads\/2022\/09\/Tronchetto_Classico.png","width":630,"height":630},{"@type":"BreadcrumbList","@id":"https:\/\/www.ammore.online\/de\/prodotto\/pandolce-ai-tre-cioccolati\/#breadcrumb","itemListElement":[{"@type":"ListItem","position":1,"name":"Home","item":"https:\/\/www.ammore.online\/de\/"},{"@type":"ListItem","position":2,"name":"Shop","item":"https:\/\/www.ammore.online\/de\/shop\/"},{"@type":"ListItem","position":3,"name":"Handwerklich hergestellter Drei Pralinen PanDolce"}]},{"@type":"WebSite","@id":"https:\/\/www.ammore.online\/es\/#website","url":"https:\/\/www.ammore.online\/es\/","name":"Ammore","description":"Il gusto della tradizione","publisher":{"@id":"https:\/\/www.ammore.online\/es\/#organization"},"potentialAction":[{"@type":"SearchAction","target":{"@type":"EntryPoint","urlTemplate":"https:\/\/www.ammore.online\/es\/?s={search_term_string}"},"query-input":{"@type":"PropertyValueSpecification","valueRequired":true,"valueName":"search_term_string"}}],"inLanguage":"de"},{"@type":"Organization","@id":"https:\/\/www.ammore.online\/es\/#organization","name":"Ammore","url":"https:\/\/www.ammore.online\/es\/","logo":{"@type":"ImageObject","inLanguage":"de","@id":"https:\/\/www.ammore.online\/es\/#\/schema\/logo\/image\/","url":"https:\/\/www.ammore.online\/wp-content\/uploads\/2023\/10\/cropped-cropped-Ammore_logo.png","contentUrl":"https:\/\/www.ammore.online\/wp-content\/uploads\/2023\/10\/cropped-cropped-Ammore_logo.png","width":1411,"height":393,"caption":"Ammore"},"image":{"@id":"https:\/\/www.ammore.online\/es\/#\/schema\/logo\/image\/"},"sameAs":["https:\/\/www.facebook.com\/ammore.official","https:\/\/www.instagram.com\/ammore_official"]}]}},"_links":{"self":[{"href":"https:\/\/www.ammore.online\/de\/wp-json\/wp\/v2\/product\/1151","targetHints":{"allow":["GET"]}}],"collection":[{"href":"https:\/\/www.ammore.online\/de\/wp-json\/wp\/v2\/product"}],"about":[{"href":"https:\/\/www.ammore.online\/de\/wp-json\/wp\/v2\/types\/product"}],"wp:featuredmedia":[{"embeddable":true,"href":"https:\/\/www.ammore.online\/de\/wp-json\/wp\/v2\/media\/1353"}],"wp:attachment":[{"href":"https:\/\/www.ammore.online\/de\/wp-json\/wp\/v2\/media?parent=1151"}],"wp:term":[{"taxonomy":"product_cat","embeddable":true,"href":"https:\/\/www.ammore.online\/de\/wp-json\/wp\/v2\/product_cat?post=1151"},{"taxonomy":"product_tag","embeddable":true,"href":"https:\/\/www.ammore.online\/de\/wp-json\/wp\/v2\/product_tag?post=1151"}],"curies":[{"name":"wp","href":"https:\/\/api.w.org\/{rel}","templated":true}]}}