{"id":1133,"date":"2022-09-01T12:31:25","date_gmt":"2022-09-01T12:31:25","guid":{"rendered":"https:\/\/www.ammore.online\/?post_type=product&#038;p=1133"},"modified":"2025-04-14T17:27:06","modified_gmt":"2025-04-14T17:27:06","slug":"panevo-artigianale-cavolo-verza-e-formaggio","status":"publish","type":"product","link":"https:\/\/www.ammore.online\/de\/prodotto\/panevo-artigianale-cavolo-verza-e-formaggio\/","title":{"rendered":"Handwerklich hergestellter<br> Kohl Kraut und K\u00e4se PanEvo"},"content":{"rendered":"<p><strong>Zuaten<\/strong>: <strong>Weizenmehl<\/strong>, frisches <strong>Eigelb<\/strong>, Oliven\u00f6l extra vergine, <strong>Kakaobutter<\/strong>, Zucker, nat\u00fcrliche Hefe (<strong>Weizenmehl<\/strong>), Salz, Pfeffer, getrockneter Bio-Schwarzkohl in St\u00fccken, Wirsing getrocknete Bio-St\u00fccke, Ziegenk\u00e4se Ziege (<strong>Ziegenmilch<\/strong>, Salz, Lab, <strong>Milchfermente<\/strong>), parmigiano reggiano DOP (<strong>milch<\/strong>, Lab und Salz),\u00a0Dextrose, Aromen, S\u00e4ureregulator: Citronens\u00e4ure. Es kann Spuren von <strong>Schalenfr\u00fcchten<\/strong>, <strong>Soja<\/strong> und<strong> Senf<\/strong> enthalten. An einem kalten und trockenen Ort aufbewahren. Produkt unterliegt dem Gewichtsverlust. Produziert in Italien.<\/p>\n","protected":false},"excerpt":{"rendered":"<p>Leicht gesalzenes Sauerteigprodukt mit Oliven\u00f6l extra vergine. Der <strong>Geschmack<\/strong> von <strong>Schwarzkohl<\/strong> und Wirsing (beide Bio und getrocknet in St\u00fccken) zusammen mit dem gew\u00fcrzten <strong>k\u00e4se <\/strong>und eine Prise Maldon-Salz auf der Oberfl\u00e4che verleihen ihm einen originellen Geschmack. Er eignet sich besonders als Aperitif und f\u00fcr jeden besonderen Anlass.<\/p>\n<p><strong>Format 500 g &#8211; Von Hand verpackt<\/strong><\/p>\n<p><img loading=\"lazy\" decoding=\"async\" class=\"alignnone wp-image-573\" src=\"https:\/\/www.ammore.online\/wp-content\/uploads\/2022\/08\/Ingredienti_artigianale-de.png\" alt=\"\" width=\"197\" height=\"82\" \/><img loading=\"lazy\" decoding=\"async\" class=\"alignnone size-medium wp-image-578\" src=\"https:\/\/www.ammore.online\/wp-content\/uploads\/2022\/08\/Ingredienti_lievito-de.png\" alt=\"\" width=\"197\" height=\"82\" \/><img loading=\"lazy\" decoding=\"async\" class=\"alignnone size-medium wp-image-583\" src=\"https:\/\/www.ammore.online\/wp-content\/uploads\/2022\/08\/Ingredienti_naturale-de.png\" alt=\"\" width=\"197\" height=\"82\" \/><img loading=\"lazy\" decoding=\"async\" class=\"alignnone size-medium wp-image-593\" src=\"https:\/\/www.ammore.online\/wp-content\/uploads\/2022\/08\/Ingredienti_no_palma-de.png\" alt=\"\" width=\"197\" height=\"82\" \/><img loading=\"lazy\" decoding=\"async\" class=\"alignnone size-medium wp-image-588\" src=\"https:\/\/www.ammore.online\/wp-content\/uploads\/2022\/08\/Ingredienti_no_grassi-de.png\" alt=\"\" width=\"197\" height=\"82\" \/><img loading=\"lazy\" decoding=\"async\" class=\"alignnone wp-image-573\" src=\"https:\/\/www.ammore.online\/wp-content\/uploads\/2022\/08\/Ingredienti_clip-de.png\" alt=\"\" width=\"197\" height=\"82\" \/><img loading=\"lazy\" decoding=\"async\" class=\"alignnone size-medium wp-image-593\" src=\"https:\/\/www.ammore.online\/wp-content\/uploads\/2022\/08\/Ingredienti_olio-de.png\" alt=\"\" width=\"197\" height=\"82\" \/><\/p>\n","protected":false},"featured_media":4963,"template":"","meta":{"_genesis_hide_title":false,"_genesis_hide_breadcrumbs":false,"_genesis_hide_singular_image":false,"_genesis_hide_footer_widgets":false,"_genesis_custom_body_class":"","_genesis_custom_post_class":"","_genesis_layout":""},"product_cat":[82],"product_tag":[],"class_list":{"0":"post-1133","1":"product","2":"type-product","3":"status-publish","4":"has-post-thumbnail","6":"product_cat-panevo-de","7":"entry","9":"first","10":"outofstock","11":"shipping-taxable","12":"purchasable","13":"product-type-simple"},"yoast_head":"<!-- This site is optimized with the Yoast SEO plugin v23.7 - https:\/\/yoast.com\/wordpress\/plugins\/seo\/ -->\n<title>Handwerklich hergestellter Kohl Kraut und K\u00e4se PanEvo - Ammore<\/title>\n<meta name=\"robots\" content=\"index, follow, max-snippet:-1, max-image-preview:large, max-video-preview:-1\" \/>\n<link rel=\"canonical\" href=\"https:\/\/www.ammore.online\/de\/prodotto\/panevo-artigianale-cavolo-verza-e-formaggio\/\" \/>\n<meta property=\"og:locale\" content=\"de_DE\" \/>\n<meta property=\"og:type\" content=\"article\" \/>\n<meta property=\"og:title\" content=\"Handwerklich hergestellter Kohl Kraut und K\u00e4se PanEvo - Ammore\" \/>\n<meta property=\"og:description\" content=\"Leicht gesalzenes Sauerteigprodukt mit Oliven\u00f6l extra vergine. Der Geschmack von Schwarzkohl und Wirsing (beide Bio und getrocknet in St\u00fccken) zusammen mit dem gew\u00fcrzten k\u00e4se und eine Prise Maldon-Salz auf der Oberfl\u00e4che verleihen ihm einen originellen Geschmack. Er eignet sich besonders als Aperitif und f\u00fcr jeden besonderen Anlass.  Format 500 g - Von Hand verpackt\" \/>\n<meta property=\"og:url\" content=\"https:\/\/www.ammore.online\/de\/prodotto\/panevo-artigianale-cavolo-verza-e-formaggio\/\" \/>\n<meta property=\"og:site_name\" content=\"Ammore\" \/>\n<meta property=\"article:publisher\" content=\"https:\/\/www.facebook.com\/ammore.official\" \/>\n<meta property=\"article:modified_time\" content=\"2025-04-14T17:27:06+00:00\" \/>\n<meta name=\"twitter:card\" content=\"summary_large_image\" \/>\n<meta name=\"twitter:label1\" content=\"Gesch\u00e4tzte Lesezeit\" \/>\n\t<meta name=\"twitter:data1\" content=\"1\u00a0Minute\" \/>\n<script type=\"application\/ld+json\" class=\"yoast-schema-graph\">{\"@context\":\"https:\/\/schema.org\",\"@graph\":[{\"@type\":\"WebPage\",\"@id\":\"https:\/\/www.ammore.online\/de\/prodotto\/panevo-artigianale-cavolo-verza-e-formaggio\/\",\"url\":\"https:\/\/www.ammore.online\/de\/prodotto\/panevo-artigianale-cavolo-verza-e-formaggio\/\",\"name\":\"Handwerklich hergestellter Kohl Kraut und K\u00e4se PanEvo - Ammore\",\"isPartOf\":{\"@id\":\"https:\/\/www.ammore.online\/es\/#website\"},\"primaryImageOfPage\":{\"@id\":\"https:\/\/www.ammore.online\/de\/prodotto\/panevo-artigianale-cavolo-verza-e-formaggio\/#primaryimage\"},\"image\":{\"@id\":\"https:\/\/www.ammore.online\/de\/prodotto\/panevo-artigianale-cavolo-verza-e-formaggio\/#primaryimage\"},\"thumbnailUrl\":\"https:\/\/www.ammore.online\/wp-content\/uploads\/2024\/10\/Panevo.jpg\",\"datePublished\":\"2022-09-01T12:31:25+00:00\",\"dateModified\":\"2025-04-14T17:27:06+00:00\",\"breadcrumb\":{\"@id\":\"https:\/\/www.ammore.online\/de\/prodotto\/panevo-artigianale-cavolo-verza-e-formaggio\/#breadcrumb\"},\"inLanguage\":\"de\",\"potentialAction\":[{\"@type\":\"ReadAction\",\"target\":[\"https:\/\/www.ammore.online\/de\/prodotto\/panevo-artigianale-cavolo-verza-e-formaggio\/\"]}]},{\"@type\":\"ImageObject\",\"inLanguage\":\"de\",\"@id\":\"https:\/\/www.ammore.online\/de\/prodotto\/panevo-artigianale-cavolo-verza-e-formaggio\/#primaryimage\",\"url\":\"https:\/\/www.ammore.online\/wp-content\/uploads\/2024\/10\/Panevo.jpg\",\"contentUrl\":\"https:\/\/www.ammore.online\/wp-content\/uploads\/2024\/10\/Panevo.jpg\",\"width\":1920,\"height\":1920,\"caption\":\"Foto \u00a9 Alessandra Farinelli\"},{\"@type\":\"BreadcrumbList\",\"@id\":\"https:\/\/www.ammore.online\/de\/prodotto\/panevo-artigianale-cavolo-verza-e-formaggio\/#breadcrumb\",\"itemListElement\":[{\"@type\":\"ListItem\",\"position\":1,\"name\":\"Home\",\"item\":\"https:\/\/www.ammore.online\/de\/\"},{\"@type\":\"ListItem\",\"position\":2,\"name\":\"Shop\",\"item\":\"https:\/\/www.ammore.online\/de\/shop\/\"},{\"@type\":\"ListItem\",\"position\":3,\"name\":\"Handwerklich hergestellter Kohl Kraut und K\u00e4se PanEvo\"}]},{\"@type\":\"WebSite\",\"@id\":\"https:\/\/www.ammore.online\/es\/#website\",\"url\":\"https:\/\/www.ammore.online\/es\/\",\"name\":\"Ammore\",\"description\":\"Il gusto della tradizione\",\"publisher\":{\"@id\":\"https:\/\/www.ammore.online\/es\/#organization\"},\"potentialAction\":[{\"@type\":\"SearchAction\",\"target\":{\"@type\":\"EntryPoint\",\"urlTemplate\":\"https:\/\/www.ammore.online\/es\/?s={search_term_string}\"},\"query-input\":{\"@type\":\"PropertyValueSpecification\",\"valueRequired\":true,\"valueName\":\"search_term_string\"}}],\"inLanguage\":\"de\"},{\"@type\":\"Organization\",\"@id\":\"https:\/\/www.ammore.online\/es\/#organization\",\"name\":\"Ammore\",\"url\":\"https:\/\/www.ammore.online\/es\/\",\"logo\":{\"@type\":\"ImageObject\",\"inLanguage\":\"de\",\"@id\":\"https:\/\/www.ammore.online\/es\/#\/schema\/logo\/image\/\",\"url\":\"https:\/\/www.ammore.online\/wp-content\/uploads\/2023\/10\/cropped-cropped-Ammore_logo.png\",\"contentUrl\":\"https:\/\/www.ammore.online\/wp-content\/uploads\/2023\/10\/cropped-cropped-Ammore_logo.png\",\"width\":1411,\"height\":393,\"caption\":\"Ammore\"},\"image\":{\"@id\":\"https:\/\/www.ammore.online\/es\/#\/schema\/logo\/image\/\"},\"sameAs\":[\"https:\/\/www.facebook.com\/ammore.official\",\"https:\/\/www.instagram.com\/ammore_official\"]}]}<\/script>\n<!-- \/ Yoast SEO plugin. -->","yoast_head_json":{"title":"Handwerklich hergestellter Kohl Kraut und K\u00e4se PanEvo - Ammore","robots":{"index":"index","follow":"follow","max-snippet":"max-snippet:-1","max-image-preview":"max-image-preview:large","max-video-preview":"max-video-preview:-1"},"canonical":"https:\/\/www.ammore.online\/de\/prodotto\/panevo-artigianale-cavolo-verza-e-formaggio\/","og_locale":"de_DE","og_type":"article","og_title":"Handwerklich hergestellter Kohl Kraut und K\u00e4se PanEvo - Ammore","og_description":"Leicht gesalzenes Sauerteigprodukt mit Oliven\u00f6l extra vergine. Der Geschmack von Schwarzkohl und Wirsing (beide Bio und getrocknet in St\u00fccken) zusammen mit dem gew\u00fcrzten k\u00e4se und eine Prise Maldon-Salz auf der Oberfl\u00e4che verleihen ihm einen originellen Geschmack. Er eignet sich besonders als Aperitif und f\u00fcr jeden besonderen Anlass.  Format 500 g - Von Hand verpackt","og_url":"https:\/\/www.ammore.online\/de\/prodotto\/panevo-artigianale-cavolo-verza-e-formaggio\/","og_site_name":"Ammore","article_publisher":"https:\/\/www.facebook.com\/ammore.official","article_modified_time":"2025-04-14T17:27:06+00:00","twitter_card":"summary_large_image","twitter_misc":{"Gesch\u00e4tzte Lesezeit":"1\u00a0Minute"},"schema":{"@context":"https:\/\/schema.org","@graph":[{"@type":"WebPage","@id":"https:\/\/www.ammore.online\/de\/prodotto\/panevo-artigianale-cavolo-verza-e-formaggio\/","url":"https:\/\/www.ammore.online\/de\/prodotto\/panevo-artigianale-cavolo-verza-e-formaggio\/","name":"Handwerklich hergestellter Kohl Kraut und K\u00e4se PanEvo - Ammore","isPartOf":{"@id":"https:\/\/www.ammore.online\/es\/#website"},"primaryImageOfPage":{"@id":"https:\/\/www.ammore.online\/de\/prodotto\/panevo-artigianale-cavolo-verza-e-formaggio\/#primaryimage"},"image":{"@id":"https:\/\/www.ammore.online\/de\/prodotto\/panevo-artigianale-cavolo-verza-e-formaggio\/#primaryimage"},"thumbnailUrl":"https:\/\/www.ammore.online\/wp-content\/uploads\/2024\/10\/Panevo.jpg","datePublished":"2022-09-01T12:31:25+00:00","dateModified":"2025-04-14T17:27:06+00:00","breadcrumb":{"@id":"https:\/\/www.ammore.online\/de\/prodotto\/panevo-artigianale-cavolo-verza-e-formaggio\/#breadcrumb"},"inLanguage":"de","potentialAction":[{"@type":"ReadAction","target":["https:\/\/www.ammore.online\/de\/prodotto\/panevo-artigianale-cavolo-verza-e-formaggio\/"]}]},{"@type":"ImageObject","inLanguage":"de","@id":"https:\/\/www.ammore.online\/de\/prodotto\/panevo-artigianale-cavolo-verza-e-formaggio\/#primaryimage","url":"https:\/\/www.ammore.online\/wp-content\/uploads\/2024\/10\/Panevo.jpg","contentUrl":"https:\/\/www.ammore.online\/wp-content\/uploads\/2024\/10\/Panevo.jpg","width":1920,"height":1920,"caption":"Foto \u00a9 Alessandra Farinelli"},{"@type":"BreadcrumbList","@id":"https:\/\/www.ammore.online\/de\/prodotto\/panevo-artigianale-cavolo-verza-e-formaggio\/#breadcrumb","itemListElement":[{"@type":"ListItem","position":1,"name":"Home","item":"https:\/\/www.ammore.online\/de\/"},{"@type":"ListItem","position":2,"name":"Shop","item":"https:\/\/www.ammore.online\/de\/shop\/"},{"@type":"ListItem","position":3,"name":"Handwerklich hergestellter Kohl Kraut und K\u00e4se PanEvo"}]},{"@type":"WebSite","@id":"https:\/\/www.ammore.online\/es\/#website","url":"https:\/\/www.ammore.online\/es\/","name":"Ammore","description":"Il gusto della tradizione","publisher":{"@id":"https:\/\/www.ammore.online\/es\/#organization"},"potentialAction":[{"@type":"SearchAction","target":{"@type":"EntryPoint","urlTemplate":"https:\/\/www.ammore.online\/es\/?s={search_term_string}"},"query-input":{"@type":"PropertyValueSpecification","valueRequired":true,"valueName":"search_term_string"}}],"inLanguage":"de"},{"@type":"Organization","@id":"https:\/\/www.ammore.online\/es\/#organization","name":"Ammore","url":"https:\/\/www.ammore.online\/es\/","logo":{"@type":"ImageObject","inLanguage":"de","@id":"https:\/\/www.ammore.online\/es\/#\/schema\/logo\/image\/","url":"https:\/\/www.ammore.online\/wp-content\/uploads\/2023\/10\/cropped-cropped-Ammore_logo.png","contentUrl":"https:\/\/www.ammore.online\/wp-content\/uploads\/2023\/10\/cropped-cropped-Ammore_logo.png","width":1411,"height":393,"caption":"Ammore"},"image":{"@id":"https:\/\/www.ammore.online\/es\/#\/schema\/logo\/image\/"},"sameAs":["https:\/\/www.facebook.com\/ammore.official","https:\/\/www.instagram.com\/ammore_official"]}]}},"_links":{"self":[{"href":"https:\/\/www.ammore.online\/de\/wp-json\/wp\/v2\/product\/1133","targetHints":{"allow":["GET"]}}],"collection":[{"href":"https:\/\/www.ammore.online\/de\/wp-json\/wp\/v2\/product"}],"about":[{"href":"https:\/\/www.ammore.online\/de\/wp-json\/wp\/v2\/types\/product"}],"wp:featuredmedia":[{"embeddable":true,"href":"https:\/\/www.ammore.online\/de\/wp-json\/wp\/v2\/media\/4963"}],"wp:attachment":[{"href":"https:\/\/www.ammore.online\/de\/wp-json\/wp\/v2\/media?parent=1133"}],"wp:term":[{"taxonomy":"product_cat","embeddable":true,"href":"https:\/\/www.ammore.online\/de\/wp-json\/wp\/v2\/product_cat?post=1133"},{"taxonomy":"product_tag","embeddable":true,"href":"https:\/\/www.ammore.online\/de\/wp-json\/wp\/v2\/product_tag?post=1133"}],"curies":[{"name":"wp","href":"https:\/\/api.w.org\/{rel}","templated":true}]}}