{"id":1098,"date":"2022-09-01T08:25:40","date_gmt":"2022-09-01T08:25:40","guid":{"rendered":"https:\/\/www.ammore.online\/?post_type=product&#038;p=1098"},"modified":"2025-09-30T16:45:59","modified_gmt":"2025-09-30T16:45:59","slug":"panettone-artigianale-crema-al-mandarino","status":"publish","type":"product","link":"https:\/\/www.ammore.online\/de\/prodotto\/panettone-artigianale-crema-al-mandarino\/","title":{"rendered":"Handwerklich hergestellter <br> Mandarinencreme Panettone"},"content":{"rendered":"<p><strong>Zutaten<\/strong>: <strong>Weizenmehl<\/strong>, creme (wei\u00dfe Schokolade (Zucker, Kakaobutter, <strong>Magermilchpulver<\/strong>, <strong>Vollmilchpulver<\/strong>, <strong>Molkenpulver<\/strong>, Milchfett, Lecithine (<strong>Soja<\/strong>), nat\u00fcrliches Vanillearoma), gekl\u00e4rte <strong>Butter<\/strong>, Sonnenblumenkern\u00f6l, angereichert mit 4 % Mandarinenalkohol, <strong>Butter<\/strong>, wasser, frisches <strong>Eigelb<\/strong>, kandierte mandarinen (mandarinenschale, glukose- fruktose-sirup, zucher), Orangenpaste, nat\u00fcrliche Hefe (Weizenmehl), Fruktose, honig, Zucker, Kakaobutter, Bourbon-Vanille, Dextrose, Salz, S\u00e4ureregulator: Zitronens\u00e4ureKann Spuren von <strong>N\u00fcssen<\/strong>, <strong>Soja<\/strong> und<strong> Senf<\/strong> enthalten. An einem kalten und trockenen Ort aufbewahren. Produkt unterliegt einem Gewichtsverlust. Hergestellt in Italien.<\/p>\n","protected":false},"excerpt":{"rendered":"<p>Die Handwerkskunst dieses Panettone wird durch einen nat\u00fcrlichen Sauerteig und ein \u00e4u\u00dferst traditionelles Rezept gew\u00e4hrleistet. Ein besonderes Produkt gef\u00fcllt mit Sahne, zubereitet mit einem Aufguss von Mandarinenschalen und hergestellt aus Sauerteig, feinem Mehl, Butter aus der Bretagne und Eiern h\u00f6chster Qualit\u00e4t. Der finale Geschmack wird durch <strong>kandierte mandarinen<\/strong> und <strong>Bourbon-Vanille<\/strong> aus Madagaskar bereichert.<\/p>\n<p><strong>Format 1 kg<\/strong> &#8211; <strong>Von hand verpackt <\/strong><\/p>\n<table border=\"0\">\n<tbody>\n<tr>\n<td><img loading=\"lazy\" decoding=\"async\" class=\"alignnone wp-image-685\" src=\"https:\/\/www.ammore.online\/wp-content\/uploads\/2022\/08\/Ingredienti_artigianale-de.png\" alt=\"\" width=\"197\" height=\"82\" \/><\/td>\n<td><img loading=\"lazy\" decoding=\"async\" class=\"alignnone size-medium wp-image-578\" src=\"https:\/\/www.ammore.online\/wp-content\/uploads\/2022\/08\/Ingredienti_lievito-de.png\" alt=\"\" width=\"197\" height=\"82\" \/><\/td>\n<td><img loading=\"lazy\" decoding=\"async\" class=\"alignnone size-medium wp-image-583\" src=\"https:\/\/www.ammore.online\/wp-content\/uploads\/2022\/08\/Ingredienti_naturale-de.png\" alt=\"\" width=\"197\" height=\"82\" \/><\/td>\n<\/tr>\n<tr>\n<td><img loading=\"lazy\" decoding=\"async\" class=\"alignnone size-medium wp-image-593\" src=\"https:\/\/www.ammore.online\/wp-content\/uploads\/2022\/08\/Ingredienti_no_palma-de.png\" alt=\"\" width=\"197\" height=\"82\" \/><\/td>\n<td><img loading=\"lazy\" decoding=\"async\" class=\"alignnone size-medium wp-image-588\" src=\"https:\/\/www.ammore.online\/wp-content\/uploads\/2022\/08\/Ingredienti_no_grassi-de.png\" alt=\"\" width=\"197\" height=\"82\" \/><\/td>\n<td><img loading=\"lazy\" decoding=\"async\" class=\"alignnone size-medium wp-image-573\" src=\"https:\/\/www.ammore.online\/wp-content\/uploads\/2022\/08\/Ingredienti_clip-de.png\" alt=\"\" width=\"197\" height=\"82\" \/><\/td>\n<\/tr>\n<\/tbody>\n<\/table>\n","protected":false},"featured_media":4779,"template":"","meta":{"_genesis_hide_title":false,"_genesis_hide_breadcrumbs":false,"_genesis_hide_singular_image":false,"_genesis_hide_footer_widgets":false,"_genesis_custom_body_class":"","_genesis_custom_post_class":"","_genesis_layout":""},"product_cat":[64,95],"product_tag":[],"class_list":{"0":"post-1098","1":"product","2":"type-product","3":"status-publish","4":"has-post-thumbnail","6":"product_cat-weihnachten","7":"product_cat-ausgestopft","8":"entry","10":"first","11":"outofstock","12":"shipping-taxable","13":"purchasable","14":"product-type-simple"},"yoast_head":"<!-- This site is optimized with the Yoast SEO plugin v23.7 - https:\/\/yoast.com\/wordpress\/plugins\/seo\/ -->\n<title>Handwerklich hergestellter  Mandarinencreme Panettone - Ammore<\/title>\n<meta name=\"robots\" content=\"index, follow, max-snippet:-1, max-image-preview:large, max-video-preview:-1\" \/>\n<link rel=\"canonical\" href=\"https:\/\/www.ammore.online\/de\/prodotto\/panettone-artigianale-crema-al-mandarino\/\" \/>\n<meta property=\"og:locale\" content=\"de_DE\" \/>\n<meta property=\"og:type\" content=\"article\" \/>\n<meta property=\"og:title\" content=\"Handwerklich hergestellter  Mandarinencreme Panettone - Ammore\" \/>\n<meta property=\"og:description\" content=\"Die Handwerkskunst dieses Panettone wird durch einen nat\u00fcrlichen Sauerteig und ein \u00e4u\u00dferst traditionelles Rezept gew\u00e4hrleistet. Ein besonderes Produkt gef\u00fcllt mit Sahne, zubereitet mit einem Aufguss von Mandarinenschalen und hergestellt aus Sauerteig, feinem Mehl, Butter aus der Bretagne und Eiern h\u00f6chster Qualit\u00e4t. Der finale Geschmack wird durch kandierte mandarinen und Bourbon-Vanille aus Madagaskar bereichert.  Format 1 kg - Von hand verpackt\" \/>\n<meta property=\"og:url\" content=\"https:\/\/www.ammore.online\/de\/prodotto\/panettone-artigianale-crema-al-mandarino\/\" \/>\n<meta property=\"og:site_name\" content=\"Ammore\" \/>\n<meta property=\"article:publisher\" content=\"https:\/\/www.facebook.com\/ammore.official\" \/>\n<meta property=\"article:modified_time\" content=\"2025-09-30T16:45:59+00:00\" \/>\n<meta name=\"twitter:card\" content=\"summary_large_image\" \/>\n<meta name=\"twitter:label1\" content=\"Gesch\u00e4tzte Lesezeit\" \/>\n\t<meta name=\"twitter:data1\" content=\"1\u00a0Minute\" \/>\n<script type=\"application\/ld+json\" class=\"yoast-schema-graph\">{\"@context\":\"https:\/\/schema.org\",\"@graph\":[{\"@type\":\"WebPage\",\"@id\":\"https:\/\/www.ammore.online\/de\/prodotto\/panettone-artigianale-crema-al-mandarino\/\",\"url\":\"https:\/\/www.ammore.online\/de\/prodotto\/panettone-artigianale-crema-al-mandarino\/\",\"name\":\"Handwerklich hergestellter Mandarinencreme Panettone - Ammore\",\"isPartOf\":{\"@id\":\"https:\/\/www.ammore.online\/es\/#website\"},\"primaryImageOfPage\":{\"@id\":\"https:\/\/www.ammore.online\/de\/prodotto\/panettone-artigianale-crema-al-mandarino\/#primaryimage\"},\"image\":{\"@id\":\"https:\/\/www.ammore.online\/de\/prodotto\/panettone-artigianale-crema-al-mandarino\/#primaryimage\"},\"thumbnailUrl\":\"https:\/\/www.ammore.online\/wp-content\/uploads\/2022\/10\/crema-al-limoncello.jpg\",\"datePublished\":\"2022-09-01T08:25:40+00:00\",\"dateModified\":\"2025-09-30T16:45:59+00:00\",\"breadcrumb\":{\"@id\":\"https:\/\/www.ammore.online\/de\/prodotto\/panettone-artigianale-crema-al-mandarino\/#breadcrumb\"},\"inLanguage\":\"de\",\"potentialAction\":[{\"@type\":\"ReadAction\",\"target\":[\"https:\/\/www.ammore.online\/de\/prodotto\/panettone-artigianale-crema-al-mandarino\/\"]}]},{\"@type\":\"ImageObject\",\"inLanguage\":\"de\",\"@id\":\"https:\/\/www.ammore.online\/de\/prodotto\/panettone-artigianale-crema-al-mandarino\/#primaryimage\",\"url\":\"https:\/\/www.ammore.online\/wp-content\/uploads\/2022\/10\/crema-al-limoncello.jpg\",\"contentUrl\":\"https:\/\/www.ammore.online\/wp-content\/uploads\/2022\/10\/crema-al-limoncello.jpg\",\"width\":1920,\"height\":1915,\"caption\":\"Foto \u00a9 Alessandra Farinelli\"},{\"@type\":\"BreadcrumbList\",\"@id\":\"https:\/\/www.ammore.online\/de\/prodotto\/panettone-artigianale-crema-al-mandarino\/#breadcrumb\",\"itemListElement\":[{\"@type\":\"ListItem\",\"position\":1,\"name\":\"Home\",\"item\":\"https:\/\/www.ammore.online\/de\/\"},{\"@type\":\"ListItem\",\"position\":2,\"name\":\"Shop\",\"item\":\"https:\/\/www.ammore.online\/de\/shop\/\"},{\"@type\":\"ListItem\",\"position\":3,\"name\":\"Handwerklich hergestellter Mandarinencreme Panettone\"}]},{\"@type\":\"WebSite\",\"@id\":\"https:\/\/www.ammore.online\/es\/#website\",\"url\":\"https:\/\/www.ammore.online\/es\/\",\"name\":\"Ammore\",\"description\":\"Il gusto della tradizione\",\"publisher\":{\"@id\":\"https:\/\/www.ammore.online\/es\/#organization\"},\"potentialAction\":[{\"@type\":\"SearchAction\",\"target\":{\"@type\":\"EntryPoint\",\"urlTemplate\":\"https:\/\/www.ammore.online\/es\/?s={search_term_string}\"},\"query-input\":{\"@type\":\"PropertyValueSpecification\",\"valueRequired\":true,\"valueName\":\"search_term_string\"}}],\"inLanguage\":\"de\"},{\"@type\":\"Organization\",\"@id\":\"https:\/\/www.ammore.online\/es\/#organization\",\"name\":\"Ammore\",\"url\":\"https:\/\/www.ammore.online\/es\/\",\"logo\":{\"@type\":\"ImageObject\",\"inLanguage\":\"de\",\"@id\":\"https:\/\/www.ammore.online\/es\/#\/schema\/logo\/image\/\",\"url\":\"https:\/\/www.ammore.online\/wp-content\/uploads\/2023\/10\/cropped-cropped-Ammore_logo.png\",\"contentUrl\":\"https:\/\/www.ammore.online\/wp-content\/uploads\/2023\/10\/cropped-cropped-Ammore_logo.png\",\"width\":1411,\"height\":393,\"caption\":\"Ammore\"},\"image\":{\"@id\":\"https:\/\/www.ammore.online\/es\/#\/schema\/logo\/image\/\"},\"sameAs\":[\"https:\/\/www.facebook.com\/ammore.official\",\"https:\/\/www.instagram.com\/ammore_official\"]}]}<\/script>\n<!-- \/ Yoast SEO plugin. -->","yoast_head_json":{"title":"Handwerklich hergestellter  Mandarinencreme Panettone - Ammore","robots":{"index":"index","follow":"follow","max-snippet":"max-snippet:-1","max-image-preview":"max-image-preview:large","max-video-preview":"max-video-preview:-1"},"canonical":"https:\/\/www.ammore.online\/de\/prodotto\/panettone-artigianale-crema-al-mandarino\/","og_locale":"de_DE","og_type":"article","og_title":"Handwerklich hergestellter  Mandarinencreme Panettone - Ammore","og_description":"Die Handwerkskunst dieses Panettone wird durch einen nat\u00fcrlichen Sauerteig und ein \u00e4u\u00dferst traditionelles Rezept gew\u00e4hrleistet. Ein besonderes Produkt gef\u00fcllt mit Sahne, zubereitet mit einem Aufguss von Mandarinenschalen und hergestellt aus Sauerteig, feinem Mehl, Butter aus der Bretagne und Eiern h\u00f6chster Qualit\u00e4t. Der finale Geschmack wird durch kandierte mandarinen und Bourbon-Vanille aus Madagaskar bereichert.  Format 1 kg - Von hand verpackt","og_url":"https:\/\/www.ammore.online\/de\/prodotto\/panettone-artigianale-crema-al-mandarino\/","og_site_name":"Ammore","article_publisher":"https:\/\/www.facebook.com\/ammore.official","article_modified_time":"2025-09-30T16:45:59+00:00","twitter_card":"summary_large_image","twitter_misc":{"Gesch\u00e4tzte Lesezeit":"1\u00a0Minute"},"schema":{"@context":"https:\/\/schema.org","@graph":[{"@type":"WebPage","@id":"https:\/\/www.ammore.online\/de\/prodotto\/panettone-artigianale-crema-al-mandarino\/","url":"https:\/\/www.ammore.online\/de\/prodotto\/panettone-artigianale-crema-al-mandarino\/","name":"Handwerklich hergestellter Mandarinencreme Panettone - Ammore","isPartOf":{"@id":"https:\/\/www.ammore.online\/es\/#website"},"primaryImageOfPage":{"@id":"https:\/\/www.ammore.online\/de\/prodotto\/panettone-artigianale-crema-al-mandarino\/#primaryimage"},"image":{"@id":"https:\/\/www.ammore.online\/de\/prodotto\/panettone-artigianale-crema-al-mandarino\/#primaryimage"},"thumbnailUrl":"https:\/\/www.ammore.online\/wp-content\/uploads\/2022\/10\/crema-al-limoncello.jpg","datePublished":"2022-09-01T08:25:40+00:00","dateModified":"2025-09-30T16:45:59+00:00","breadcrumb":{"@id":"https:\/\/www.ammore.online\/de\/prodotto\/panettone-artigianale-crema-al-mandarino\/#breadcrumb"},"inLanguage":"de","potentialAction":[{"@type":"ReadAction","target":["https:\/\/www.ammore.online\/de\/prodotto\/panettone-artigianale-crema-al-mandarino\/"]}]},{"@type":"ImageObject","inLanguage":"de","@id":"https:\/\/www.ammore.online\/de\/prodotto\/panettone-artigianale-crema-al-mandarino\/#primaryimage","url":"https:\/\/www.ammore.online\/wp-content\/uploads\/2022\/10\/crema-al-limoncello.jpg","contentUrl":"https:\/\/www.ammore.online\/wp-content\/uploads\/2022\/10\/crema-al-limoncello.jpg","width":1920,"height":1915,"caption":"Foto \u00a9 Alessandra Farinelli"},{"@type":"BreadcrumbList","@id":"https:\/\/www.ammore.online\/de\/prodotto\/panettone-artigianale-crema-al-mandarino\/#breadcrumb","itemListElement":[{"@type":"ListItem","position":1,"name":"Home","item":"https:\/\/www.ammore.online\/de\/"},{"@type":"ListItem","position":2,"name":"Shop","item":"https:\/\/www.ammore.online\/de\/shop\/"},{"@type":"ListItem","position":3,"name":"Handwerklich hergestellter Mandarinencreme Panettone"}]},{"@type":"WebSite","@id":"https:\/\/www.ammore.online\/es\/#website","url":"https:\/\/www.ammore.online\/es\/","name":"Ammore","description":"Il gusto della tradizione","publisher":{"@id":"https:\/\/www.ammore.online\/es\/#organization"},"potentialAction":[{"@type":"SearchAction","target":{"@type":"EntryPoint","urlTemplate":"https:\/\/www.ammore.online\/es\/?s={search_term_string}"},"query-input":{"@type":"PropertyValueSpecification","valueRequired":true,"valueName":"search_term_string"}}],"inLanguage":"de"},{"@type":"Organization","@id":"https:\/\/www.ammore.online\/es\/#organization","name":"Ammore","url":"https:\/\/www.ammore.online\/es\/","logo":{"@type":"ImageObject","inLanguage":"de","@id":"https:\/\/www.ammore.online\/es\/#\/schema\/logo\/image\/","url":"https:\/\/www.ammore.online\/wp-content\/uploads\/2023\/10\/cropped-cropped-Ammore_logo.png","contentUrl":"https:\/\/www.ammore.online\/wp-content\/uploads\/2023\/10\/cropped-cropped-Ammore_logo.png","width":1411,"height":393,"caption":"Ammore"},"image":{"@id":"https:\/\/www.ammore.online\/es\/#\/schema\/logo\/image\/"},"sameAs":["https:\/\/www.facebook.com\/ammore.official","https:\/\/www.instagram.com\/ammore_official"]}]}},"_links":{"self":[{"href":"https:\/\/www.ammore.online\/de\/wp-json\/wp\/v2\/product\/1098","targetHints":{"allow":["GET"]}}],"collection":[{"href":"https:\/\/www.ammore.online\/de\/wp-json\/wp\/v2\/product"}],"about":[{"href":"https:\/\/www.ammore.online\/de\/wp-json\/wp\/v2\/types\/product"}],"wp:featuredmedia":[{"embeddable":true,"href":"https:\/\/www.ammore.online\/de\/wp-json\/wp\/v2\/media\/4779"}],"wp:attachment":[{"href":"https:\/\/www.ammore.online\/de\/wp-json\/wp\/v2\/media?parent=1098"}],"wp:term":[{"taxonomy":"product_cat","embeddable":true,"href":"https:\/\/www.ammore.online\/de\/wp-json\/wp\/v2\/product_cat?post=1098"},{"taxonomy":"product_tag","embeddable":true,"href":"https:\/\/www.ammore.online\/de\/wp-json\/wp\/v2\/product_tag?post=1098"}],"curies":[{"name":"wp","href":"https:\/\/api.w.org\/{rel}","templated":true}]}}