{"id":3864,"date":"2023-11-27T18:14:25","date_gmt":"2023-11-27T18:14:25","guid":{"rendered":"https:\/\/www.ammore.online\/produkte\/kompotte\/"},"modified":"2023-11-27T18:20:44","modified_gmt":"2023-11-27T18:20:44","slug":"kompotte","status":"publish","type":"page","link":"https:\/\/www.ammore.online\/de\/produkte\/kompotte\/","title":{"rendered":"Kompotte"},"content":{"rendered":"<div class=\"wp-block-group alignwide\"><div class=\"wp-block-group__inner-container is-layout-constrained wp-block-group-is-layout-constrained\"><div style=\"height:100px\" aria-hidden=\"true\" class=\"wp-block-spacer\"><\/div>\n\n<p class=\"has-text-align-center\">Kein einfaches Kompott, sondern viel mehr! <\/p>\n\n<p class=\"has-text-align-center\">Umh\u00fcllender Geschmack, reich an k\u00f6stlichen Fr\u00fcchten, hergestellt mit \u201e<strong>Ammore<\/strong>\u201c. <\/p>\n\n<p class=\"has-text-align-center\">Wir haben Rohstoffe von ausgezeichneter Qualit\u00e4t ausgew\u00e4hlt und recherchiert. <strong>Aprikosen der Vesuv-Sorte<\/strong> \u201e<strong>Pellecchiella<\/strong>\u201c und Apfelsaft werden sorgf\u00e4ltig verarbeitet, um Ihnen ein Kompott mit einzigartigem Geschmack, aber nicht \u00fcberm\u00e4\u00dfig vielen Kalorien, perfekt zum Fr\u00fchst\u00fcck oder f\u00fcr Ihre wohlverdiente t\u00e4gliche Pause zu geben. <\/p>\n\n<p class=\"has-text-align-center\">Viel Spa\u00df beim Probieren der zahlreichen angebotenen Geschmacksrichtungen, die sich alle besonders f\u00fcr die Ern\u00e4hrung von Sportlern und dar\u00fcber hinaus eignen. <\/p>\n\n<p class=\"has-text-align-center\">Eine M\u00f6glichkeit, sowohl den Geist als auch das Herz zu pflegen und sich einem nahrhaften und gesunden Start in den Tag zu widmen, ohne auf den Geschmack zu verzichten. <\/p>\n\n<p><\/p>\n\n<div style=\"height:50px\" aria-hidden=\"true\" class=\"wp-block-spacer\"><\/div><\/div><\/div><div data-align-buttons=\"true\" data-block-name=\"woocommerce\/product-category\" data-categories=\"[164]\" class=\"wc-block-grid wp-block-product-category wc-block-product-category has-3-columns has-multiple-rows alignwide has-aligned-buttons\"><ul class=\"wc-block-grid__products\"><li class=\"wc-block-grid__product\">\n\t\t\t\t<a href=\"https:\/\/www.ammore.online\/de\/prodotto\/kompott-aprikose-vesuvio\/\" class=\"wc-block-grid__product-link\">\n\t\t\t\t\t\n\t\t\t\t\t<div class=\"wc-block-grid__product-image\"><img loading=\"lazy\" decoding=\"async\" width=\"530\" height=\"530\" src=\"https:\/\/www.ammore.online\/wp-content\/uploads\/2023\/11\/Composta-Ammore-530x530.jpg\" class=\"attachment-woocommerce_thumbnail size-woocommerce_thumbnail\" alt=\"Kompott &lt;br&gt; Aprikose Pellecchiella del Vesuvio\" srcset=\"https:\/\/www.ammore.online\/wp-content\/uploads\/2023\/11\/Composta-Ammore-530x530.jpg 530w, https:\/\/www.ammore.online\/wp-content\/uploads\/2023\/11\/Composta-Ammore-300x300.jpg 300w, https:\/\/www.ammore.online\/wp-content\/uploads\/2023\/11\/Composta-Ammore-150x150.jpg 150w, https:\/\/www.ammore.online\/wp-content\/uploads\/2023\/11\/Composta-Ammore-768x768.jpg 768w, https:\/\/www.ammore.online\/wp-content\/uploads\/2023\/11\/Composta-Ammore-50x50.jpg 50w, https:\/\/www.ammore.online\/wp-content\/uploads\/2023\/11\/Composta-Ammore-600x600.jpg 600w, https:\/\/www.ammore.online\/wp-content\/uploads\/2023\/11\/Composta-Ammore-720x720.jpg 720w, https:\/\/www.ammore.online\/wp-content\/uploads\/2023\/11\/Composta-Ammore-180x180.jpg 180w, https:\/\/www.ammore.online\/wp-content\/uploads\/2023\/11\/Composta-Ammore.jpg 886w\" sizes=\"auto, (max-width: 530px) 100vw, 530px\" \/><\/div>\n\t\t\t\t\t<div class=\"wc-block-grid__product-title\">Kompott <br> Aprikose Pellecchiella del Vesuvio<\/div>\n\t\t\t\t<\/a>\n\t\t\t\t<div class=\"wc-block-grid__product-price price\"><span class=\"woocommerce-Price-amount amount\">9,00&nbsp;<span class=\"woocommerce-Price-currencySymbol\">&euro;<\/span><\/span><\/div>\n\t\t\t\t\n\t\t\t\t<div class=\"wp-block-button wc-block-grid__product-add-to-cart\"><a href=\"https:\/\/www.ammore.online\/de\/prodotto\/kompott-aprikose-vesuvio\/\" aria-label=\"Lese mehr \u00fcber &#8222;Kompott &lt;br&gt; Aprikose Pellecchiella del Vesuvio&#8220;\" data-quantity=\"1\" data-product_id=\"3853\" data-product_sku=\"\" data-price=\"9\" rel=\"nofollow\" class=\"wp-block-button__link  add_to_cart_button\">Weiterlesen<\/a><\/div>\n\t\t\t<\/li><\/ul><\/div>","protected":false},"excerpt":{"rendered":"<p>Kein einfaches Kompott, sondern viel mehr! Umh\u00fcllender Geschmack, reich an k\u00f6stlichen Fr\u00fcchten, hergestellt mit \u201eAmmore\u201c. Wir haben Rohstoffe von ausgezeichneter Qualit\u00e4t ausgew\u00e4hlt und recherchiert. Aprikosen der Vesuv-Sorte \u201ePellecchiella\u201c und Apfelsaft werden sorgf\u00e4ltig verarbeitet, um Ihnen ein Kompott mit einzigartigem Geschmack, aber nicht \u00fcberm\u00e4\u00dfig vielen Kalorien, perfekt zum Fr\u00fchst\u00fcck oder f\u00fcr Ihre wohlverdiente t\u00e4gliche Pause zu [&hellip;]<\/p>\n","protected":false},"author":5,"featured_media":0,"parent":3105,"menu_order":0,"comment_status":"closed","ping_status":"closed","template":"templates\/blocks.php","meta":{"_genesis_hide_title":false,"_genesis_hide_breadcrumbs":false,"_genesis_hide_singular_image":false,"_genesis_hide_footer_widgets":false,"_genesis_custom_body_class":"","_genesis_custom_post_class":"","_genesis_layout":"full-width-content","footnotes":""},"class_list":{"0":"post-3864","1":"page","2":"type-page","3":"status-publish","5":"entry"},"yoast_head":"<!-- This site is optimized with the Yoast SEO plugin v23.7 - https:\/\/yoast.com\/wordpress\/plugins\/seo\/ -->\n<title>Kompotte - Ammore<\/title>\n<meta name=\"description\" content=\"Kein einfacher Streich, sondern noch viel, viel mehr! Eine umh\u00fcllende und k\u00f6stliche Creme mit k\u00f6stlichem Geschmack, hergestellt mit \u201eAmmore\u201c.\" \/>\n<meta name=\"robots\" content=\"index, follow, max-snippet:-1, max-image-preview:large, max-video-preview:-1\" \/>\n<link rel=\"canonical\" href=\"https:\/\/www.ammore.online\/de\/produkte\/kompotte\/\" \/>\n<meta property=\"og:locale\" content=\"de_DE\" \/>\n<meta property=\"og:type\" content=\"article\" \/>\n<meta property=\"og:title\" content=\"Kompotte - Ammore\" \/>\n<meta property=\"og:description\" content=\"Kein einfacher Streich, sondern noch viel, viel mehr! Eine umh\u00fcllende und k\u00f6stliche Creme mit k\u00f6stlichem Geschmack, hergestellt mit \u201eAmmore\u201c.\" \/>\n<meta property=\"og:url\" content=\"https:\/\/www.ammore.online\/de\/produkte\/kompotte\/\" \/>\n<meta property=\"og:site_name\" content=\"Ammore\" \/>\n<meta property=\"article:publisher\" content=\"https:\/\/www.facebook.com\/ammore.official\" \/>\n<meta property=\"article:modified_time\" content=\"2023-11-27T18:20:44+00:00\" \/>\n<meta name=\"twitter:card\" content=\"summary_large_image\" \/>\n<meta name=\"twitter:label1\" content=\"Gesch\u00e4tzte Lesezeit\" \/>\n\t<meta name=\"twitter:data1\" content=\"1\u00a0Minute\" \/>\n<script type=\"application\/ld+json\" class=\"yoast-schema-graph\">{\"@context\":\"https:\/\/schema.org\",\"@graph\":[{\"@type\":\"WebPage\",\"@id\":\"https:\/\/www.ammore.online\/de\/produkte\/kompotte\/\",\"url\":\"https:\/\/www.ammore.online\/de\/produkte\/kompotte\/\",\"name\":\"Kompotte - Ammore\",\"isPartOf\":{\"@id\":\"https:\/\/www.ammore.online\/es\/#website\"},\"datePublished\":\"2023-11-27T18:14:25+00:00\",\"dateModified\":\"2023-11-27T18:20:44+00:00\",\"description\":\"Kein einfacher Streich, sondern noch viel, viel mehr! Eine umh\u00fcllende und k\u00f6stliche Creme mit k\u00f6stlichem Geschmack, hergestellt mit \u201eAmmore\u201c.\",\"breadcrumb\":{\"@id\":\"https:\/\/www.ammore.online\/de\/produkte\/kompotte\/#breadcrumb\"},\"inLanguage\":\"de\",\"potentialAction\":[{\"@type\":\"ReadAction\",\"target\":[\"https:\/\/www.ammore.online\/de\/produkte\/kompotte\/\"]}]},{\"@type\":\"BreadcrumbList\",\"@id\":\"https:\/\/www.ammore.online\/de\/produkte\/kompotte\/#breadcrumb\",\"itemListElement\":[{\"@type\":\"ListItem\",\"position\":1,\"name\":\"Home\",\"item\":\"https:\/\/www.ammore.online\/de\/\"},{\"@type\":\"ListItem\",\"position\":2,\"name\":\"Produkte\",\"item\":\"https:\/\/www.ammore.online\/de\/produkte\/\"},{\"@type\":\"ListItem\",\"position\":3,\"name\":\"Kompotte\"}]},{\"@type\":\"WebSite\",\"@id\":\"https:\/\/www.ammore.online\/es\/#website\",\"url\":\"https:\/\/www.ammore.online\/es\/\",\"name\":\"Ammore\",\"description\":\"Il gusto della tradizione\",\"publisher\":{\"@id\":\"https:\/\/www.ammore.online\/es\/#organization\"},\"potentialAction\":[{\"@type\":\"SearchAction\",\"target\":{\"@type\":\"EntryPoint\",\"urlTemplate\":\"https:\/\/www.ammore.online\/es\/?s={search_term_string}\"},\"query-input\":{\"@type\":\"PropertyValueSpecification\",\"valueRequired\":true,\"valueName\":\"search_term_string\"}}],\"inLanguage\":\"de\"},{\"@type\":\"Organization\",\"@id\":\"https:\/\/www.ammore.online\/es\/#organization\",\"name\":\"Ammore\",\"url\":\"https:\/\/www.ammore.online\/es\/\",\"logo\":{\"@type\":\"ImageObject\",\"inLanguage\":\"de\",\"@id\":\"https:\/\/www.ammore.online\/es\/#\/schema\/logo\/image\/\",\"url\":\"https:\/\/www.ammore.online\/wp-content\/uploads\/2023\/10\/cropped-cropped-Ammore_logo.png\",\"contentUrl\":\"https:\/\/www.ammore.online\/wp-content\/uploads\/2023\/10\/cropped-cropped-Ammore_logo.png\",\"width\":1411,\"height\":393,\"caption\":\"Ammore\"},\"image\":{\"@id\":\"https:\/\/www.ammore.online\/es\/#\/schema\/logo\/image\/\"},\"sameAs\":[\"https:\/\/www.facebook.com\/ammore.official\",\"https:\/\/www.instagram.com\/ammore_official\"]}]}<\/script>\n<!-- \/ Yoast SEO plugin. -->","yoast_head_json":{"title":"Kompotte - Ammore","description":"Kein einfacher Streich, sondern noch viel, viel mehr! Eine umh\u00fcllende und k\u00f6stliche Creme mit k\u00f6stlichem Geschmack, hergestellt mit \u201eAmmore\u201c.","robots":{"index":"index","follow":"follow","max-snippet":"max-snippet:-1","max-image-preview":"max-image-preview:large","max-video-preview":"max-video-preview:-1"},"canonical":"https:\/\/www.ammore.online\/de\/produkte\/kompotte\/","og_locale":"de_DE","og_type":"article","og_title":"Kompotte - Ammore","og_description":"Kein einfacher Streich, sondern noch viel, viel mehr! Eine umh\u00fcllende und k\u00f6stliche Creme mit k\u00f6stlichem Geschmack, hergestellt mit \u201eAmmore\u201c.","og_url":"https:\/\/www.ammore.online\/de\/produkte\/kompotte\/","og_site_name":"Ammore","article_publisher":"https:\/\/www.facebook.com\/ammore.official","article_modified_time":"2023-11-27T18:20:44+00:00","twitter_card":"summary_large_image","twitter_misc":{"Gesch\u00e4tzte Lesezeit":"1\u00a0Minute"},"schema":{"@context":"https:\/\/schema.org","@graph":[{"@type":"WebPage","@id":"https:\/\/www.ammore.online\/de\/produkte\/kompotte\/","url":"https:\/\/www.ammore.online\/de\/produkte\/kompotte\/","name":"Kompotte - Ammore","isPartOf":{"@id":"https:\/\/www.ammore.online\/es\/#website"},"datePublished":"2023-11-27T18:14:25+00:00","dateModified":"2023-11-27T18:20:44+00:00","description":"Kein einfacher Streich, sondern noch viel, viel mehr! Eine umh\u00fcllende und k\u00f6stliche Creme mit k\u00f6stlichem Geschmack, hergestellt mit \u201eAmmore\u201c.","breadcrumb":{"@id":"https:\/\/www.ammore.online\/de\/produkte\/kompotte\/#breadcrumb"},"inLanguage":"de","potentialAction":[{"@type":"ReadAction","target":["https:\/\/www.ammore.online\/de\/produkte\/kompotte\/"]}]},{"@type":"BreadcrumbList","@id":"https:\/\/www.ammore.online\/de\/produkte\/kompotte\/#breadcrumb","itemListElement":[{"@type":"ListItem","position":1,"name":"Home","item":"https:\/\/www.ammore.online\/de\/"},{"@type":"ListItem","position":2,"name":"Produkte","item":"https:\/\/www.ammore.online\/de\/produkte\/"},{"@type":"ListItem","position":3,"name":"Kompotte"}]},{"@type":"WebSite","@id":"https:\/\/www.ammore.online\/es\/#website","url":"https:\/\/www.ammore.online\/es\/","name":"Ammore","description":"Il gusto della tradizione","publisher":{"@id":"https:\/\/www.ammore.online\/es\/#organization"},"potentialAction":[{"@type":"SearchAction","target":{"@type":"EntryPoint","urlTemplate":"https:\/\/www.ammore.online\/es\/?s={search_term_string}"},"query-input":{"@type":"PropertyValueSpecification","valueRequired":true,"valueName":"search_term_string"}}],"inLanguage":"de"},{"@type":"Organization","@id":"https:\/\/www.ammore.online\/es\/#organization","name":"Ammore","url":"https:\/\/www.ammore.online\/es\/","logo":{"@type":"ImageObject","inLanguage":"de","@id":"https:\/\/www.ammore.online\/es\/#\/schema\/logo\/image\/","url":"https:\/\/www.ammore.online\/wp-content\/uploads\/2023\/10\/cropped-cropped-Ammore_logo.png","contentUrl":"https:\/\/www.ammore.online\/wp-content\/uploads\/2023\/10\/cropped-cropped-Ammore_logo.png","width":1411,"height":393,"caption":"Ammore"},"image":{"@id":"https:\/\/www.ammore.online\/es\/#\/schema\/logo\/image\/"},"sameAs":["https:\/\/www.facebook.com\/ammore.official","https:\/\/www.instagram.com\/ammore_official"]}]}},"featured_image_src":null,"featured_image_src_square":null,"_links":{"self":[{"href":"https:\/\/www.ammore.online\/de\/wp-json\/wp\/v2\/pages\/3864","targetHints":{"allow":["GET"]}}],"collection":[{"href":"https:\/\/www.ammore.online\/de\/wp-json\/wp\/v2\/pages"}],"about":[{"href":"https:\/\/www.ammore.online\/de\/wp-json\/wp\/v2\/types\/page"}],"author":[{"embeddable":true,"href":"https:\/\/www.ammore.online\/de\/wp-json\/wp\/v2\/users\/5"}],"replies":[{"embeddable":true,"href":"https:\/\/www.ammore.online\/de\/wp-json\/wp\/v2\/comments?post=3864"}],"version-history":[{"count":1,"href":"https:\/\/www.ammore.online\/de\/wp-json\/wp\/v2\/pages\/3864\/revisions"}],"predecessor-version":[{"id":3865,"href":"https:\/\/www.ammore.online\/de\/wp-json\/wp\/v2\/pages\/3864\/revisions\/3865"}],"up":[{"embeddable":true,"href":"https:\/\/www.ammore.online\/de\/wp-json\/wp\/v2\/pages\/3105"}],"wp:attachment":[{"href":"https:\/\/www.ammore.online\/de\/wp-json\/wp\/v2\/media?parent=3864"}],"curies":[{"name":"wp","href":"https:\/\/api.w.org\/{rel}","templated":true}]}}