{"id":3520,"date":"2023-09-08T08:51:46","date_gmt":"2023-09-08T08:51:46","guid":{"rendered":"https:\/\/www.ammore.online\/produkte\/streichfaehige-cremes\/"},"modified":"2023-09-15T15:30:51","modified_gmt":"2023-09-15T15:30:51","slug":"streichfaehige-cremes","status":"publish","type":"page","link":"https:\/\/www.ammore.online\/de\/produkte\/streichfaehige-cremes\/","title":{"rendered":"Streichf\u00e4hige Cremes"},"content":{"rendered":"<div class=\"wp-block-group alignwide\"><div class=\"wp-block-group__inner-container is-layout-constrained wp-block-group-is-layout-constrained\"><div style=\"height:100px\" aria-hidden=\"true\" class=\"wp-block-spacer\"><\/div>\n\n<p class=\"has-text-align-center\">Kein einfacher Streich, sondern noch viel, viel mehr! Eine umh\u00fcllende und k\u00f6stliche Creme mit k\u00f6stlichem Geschmack, hergestellt mit \u201e<strong>Ammore<\/strong>\u201c. <\/p>\n\n<p class=\"has-text-align-center\">Die erforschten und ausgew\u00e4hlten Rohstoffe sind von ausgezeichneter Qualit\u00e4t. Extra natives Oliven\u00f6l, Kakao, Haseln\u00fcsse und Rohrzucker werden sorgf\u00e4ltig verarbeitet, um Ihnen bereits beim Fr\u00fchst\u00fcck oder in der wohlverdienten t\u00e4glichen Pause die n\u00f6tige Energie zu geben. <\/p>\n\n<p class=\"has-text-align-center\">Viel Spa\u00df beim Probieren der zahlreichen angebotenen Geschmacksrichtungen, die sich alle besonders f\u00fcr die Sportern\u00e4hrung eignen und f\u00fcr alle, denen das Wohlbefinden von Geist und Herz am Herzen liegt und die sich einen n\u00e4hrstoffreichen und gesunden Start in den Tag widmen.<\/p>\n\n<div style=\"height:50px\" aria-hidden=\"true\" class=\"wp-block-spacer\"><\/div><\/div><\/div><div data-align-buttons=\"true\" data-block-name=\"woocommerce\/product-category\" data-categories=\"[94]\" class=\"wc-block-grid wp-block-product-category wc-block-product-category has-3-columns has-multiple-rows alignwide has-aligned-buttons\"><ul class=\"wc-block-grid__products\"><li class=\"wc-block-grid__product\">\n\t\t\t\t<a href=\"https:\/\/www.ammore.online\/de\/prodotto\/crema-bianca\/\" class=\"wc-block-grid__product-link\">\n\t\t\t\t\t\n\t\t\t\t\t<div class=\"wc-block-grid__product-image\"><img loading=\"lazy\" decoding=\"async\" width=\"530\" height=\"530\" src=\"https:\/\/www.ammore.online\/wp-content\/uploads\/2024\/10\/crema-bianca-scaled-530x530.jpg\" class=\"attachment-woocommerce_thumbnail size-woocommerce_thumbnail\" alt=\"Wei\u00dfe Creme\" srcset=\"https:\/\/www.ammore.online\/wp-content\/uploads\/2024\/10\/crema-bianca-scaled-530x530.jpg 530w, https:\/\/www.ammore.online\/wp-content\/uploads\/2024\/10\/crema-bianca-150x150.jpg 150w\" sizes=\"auto, (max-width: 530px) 100vw, 530px\" \/><\/div>\n\t\t\t\t\t<div class=\"wc-block-grid__product-title\">Wei\u00dfe Creme<\/div>\n\t\t\t\t<\/a>\n\t\t\t\t<div class=\"wc-block-grid__product-price price\"><span class=\"woocommerce-Price-amount amount\">12,00&nbsp;<span class=\"woocommerce-Price-currencySymbol\">&euro;<\/span><\/span><\/div>\n\t\t\t\t\n\t\t\t\t<div class=\"wp-block-button wc-block-grid__product-add-to-cart\"><a href=\"?add-to-cart=1329\" aria-label=\"In den Warenkorb legen: \u201eWei\u00dfe Creme\u201c\" data-quantity=\"1\" data-product_id=\"1329\" data-product_sku=\"\" data-price=\"12\" rel=\"nofollow\" class=\"wp-block-button__link  add_to_cart_button ajax_add_to_cart\">In den Warenkorb<\/a><\/div>\n\t\t\t<\/li><li class=\"wc-block-grid__product\">\n\t\t\t\t<a href=\"https:\/\/www.ammore.online\/de\/prodotto\/crema-spalmabile-nocciole-pistacchi\/\" class=\"wc-block-grid__product-link\">\n\t\t\t\t\t\n\t\t\t\t\t<div class=\"wc-block-grid__product-image\"><img loading=\"lazy\" decoding=\"async\" width=\"530\" height=\"530\" src=\"https:\/\/www.ammore.online\/wp-content\/uploads\/2024\/10\/crema-nocciole-pistacchio-scaled-530x530.jpg\" class=\"attachment-woocommerce_thumbnail size-woocommerce_thumbnail\" alt=\"Haseln\u00fcss- und Pistaziencreme\" srcset=\"https:\/\/www.ammore.online\/wp-content\/uploads\/2024\/10\/crema-nocciole-pistacchio-scaled-530x530.jpg 530w, https:\/\/www.ammore.online\/wp-content\/uploads\/2024\/10\/crema-nocciole-pistacchio-150x150.jpg 150w\" sizes=\"auto, (max-width: 530px) 100vw, 530px\" \/><\/div>\n\t\t\t\t\t<div class=\"wc-block-grid__product-title\">Haseln\u00fcss- und Pistaziencreme<\/div>\n\t\t\t\t<\/a>\n\t\t\t\t<div class=\"wc-block-grid__product-price price\"><span class=\"woocommerce-Price-amount amount\">12,00&nbsp;<span class=\"woocommerce-Price-currencySymbol\">&euro;<\/span><\/span><\/div>\n\t\t\t\t\n\t\t\t\t<div class=\"wp-block-button wc-block-grid__product-add-to-cart\"><a href=\"?add-to-cart=1318\" aria-label=\"In den Warenkorb legen: \u201eHaseln\u00fcss- und Pistaziencreme\u201c\" data-quantity=\"1\" data-product_id=\"1318\" data-product_sku=\"\" data-price=\"12\" rel=\"nofollow\" class=\"wp-block-button__link  add_to_cart_button ajax_add_to_cart\">In den Warenkorb<\/a><\/div>\n\t\t\t<\/li><li class=\"wc-block-grid__product\">\n\t\t\t\t<a href=\"https:\/\/www.ammore.online\/de\/prodotto\/crema-nocciole\/\" class=\"wc-block-grid__product-link\">\n\t\t\t\t\t\n\t\t\t\t\t<div class=\"wc-block-grid__product-image\"><img loading=\"lazy\" decoding=\"async\" width=\"530\" height=\"530\" src=\"https:\/\/www.ammore.online\/wp-content\/uploads\/2024\/10\/crema-nocciole-scaled-530x530.jpg\" class=\"attachment-woocommerce_thumbnail size-woocommerce_thumbnail\" alt=\"Haselnuss-Creme\" srcset=\"https:\/\/www.ammore.online\/wp-content\/uploads\/2024\/10\/crema-nocciole-scaled-530x530.jpg 530w, https:\/\/www.ammore.online\/wp-content\/uploads\/2024\/10\/crema-nocciole-150x150.jpg 150w\" sizes=\"auto, (max-width: 530px) 100vw, 530px\" \/><\/div>\n\t\t\t\t\t<div class=\"wc-block-grid__product-title\">Haselnuss-Creme<\/div>\n\t\t\t\t<\/a>\n\t\t\t\t<div class=\"wc-block-grid__product-price price\"><span class=\"woocommerce-Price-amount amount\">12,00&nbsp;<span class=\"woocommerce-Price-currencySymbol\">&euro;<\/span><\/span><\/div>\n\t\t\t\t\n\t\t\t\t<div class=\"wp-block-button wc-block-grid__product-add-to-cart\"><a href=\"?add-to-cart=1332\" aria-label=\"In den Warenkorb legen: \u201eHaselnuss-Creme\u201c\" data-quantity=\"1\" data-product_id=\"1332\" data-product_sku=\"\" data-price=\"12\" rel=\"nofollow\" class=\"wp-block-button__link  add_to_cart_button ajax_add_to_cart\">In den Warenkorb<\/a><\/div>\n\t\t\t<\/li><li class=\"wc-block-grid__product\">\n\t\t\t\t<a href=\"https:\/\/www.ammore.online\/de\/prodotto\/crema-fondente\/\" class=\"wc-block-grid__product-link\">\n\t\t\t\t\t\n\t\t\t\t\t<div class=\"wc-block-grid__product-image\"><img loading=\"lazy\" decoding=\"async\" width=\"530\" height=\"530\" src=\"https:\/\/www.ammore.online\/wp-content\/uploads\/2024\/10\/crema-fondente-scaled-530x530.jpg\" class=\"attachment-woocommerce_thumbnail size-woocommerce_thumbnail\" alt=\"Dunkle Creme\" \/><\/div>\n\t\t\t\t\t<div class=\"wc-block-grid__product-title\">Dunkle Creme<\/div>\n\t\t\t\t<\/a>\n\t\t\t\t<div class=\"wc-block-grid__product-price price\"><span class=\"woocommerce-Price-amount amount\">12,00&nbsp;<span class=\"woocommerce-Price-currencySymbol\">&euro;<\/span><\/span><\/div>\n\t\t\t\t\n\t\t\t\t<div class=\"wp-block-button wc-block-grid__product-add-to-cart\"><a href=\"https:\/\/www.ammore.online\/de\/prodotto\/crema-fondente\/\" aria-label=\"Lese mehr \u00fcber &#8222;Dunkle Creme&#8220;\" data-quantity=\"1\" data-product_id=\"1336\" data-product_sku=\"\" data-price=\"12\" rel=\"nofollow\" class=\"wp-block-button__link  add_to_cart_button\">Weiterlesen<\/a><\/div>\n\t\t\t<\/li><\/ul><\/div>","protected":false},"excerpt":{"rendered":"<p>Kein einfacher Streich, sondern noch viel, viel mehr! Eine umh\u00fcllende und k\u00f6stliche Creme mit k\u00f6stlichem Geschmack, hergestellt mit \u201eAmmore\u201c. Die erforschten und ausgew\u00e4hlten Rohstoffe sind von ausgezeichneter Qualit\u00e4t. Extra natives Oliven\u00f6l, Kakao, Haseln\u00fcsse und Rohrzucker werden sorgf\u00e4ltig verarbeitet, um Ihnen bereits beim Fr\u00fchst\u00fcck oder in der wohlverdienten t\u00e4glichen Pause die n\u00f6tige Energie zu geben. Viel [&hellip;]<\/p>\n","protected":false},"author":1,"featured_media":0,"parent":3105,"menu_order":0,"comment_status":"closed","ping_status":"closed","template":"templates\/blocks.php","meta":{"_genesis_hide_title":false,"_genesis_hide_breadcrumbs":false,"_genesis_hide_singular_image":false,"_genesis_hide_footer_widgets":false,"_genesis_custom_body_class":"","_genesis_custom_post_class":"","_genesis_layout":"full-width-content","footnotes":""},"class_list":{"0":"post-3520","1":"page","2":"type-page","3":"status-publish","5":"entry"},"yoast_head":"<!-- This site is optimized with the Yoast SEO plugin v23.7 - https:\/\/yoast.com\/wordpress\/plugins\/seo\/ -->\n<title>Streichf\u00e4hige Cremes - Ammore<\/title>\n<meta name=\"description\" content=\"Kein einfacher Streich, sondern noch viel, viel mehr! Eine umh\u00fcllende und k\u00f6stliche Creme mit k\u00f6stlichem Geschmack, hergestellt mit \u201eAmmore\u201c.\" \/>\n<meta name=\"robots\" content=\"index, follow, max-snippet:-1, max-image-preview:large, max-video-preview:-1\" \/>\n<link rel=\"canonical\" href=\"https:\/\/www.ammore.online\/de\/produkte\/streichfaehige-cremes\/\" \/>\n<meta property=\"og:locale\" content=\"de_DE\" \/>\n<meta property=\"og:type\" content=\"article\" \/>\n<meta property=\"og:title\" content=\"Streichf\u00e4hige Cremes - Ammore\" \/>\n<meta property=\"og:description\" content=\"Kein einfacher Streich, sondern noch viel, viel mehr! Eine umh\u00fcllende und k\u00f6stliche Creme mit k\u00f6stlichem Geschmack, hergestellt mit \u201eAmmore\u201c.\" \/>\n<meta property=\"og:url\" content=\"https:\/\/www.ammore.online\/de\/produkte\/streichfaehige-cremes\/\" \/>\n<meta property=\"og:site_name\" content=\"Ammore\" \/>\n<meta property=\"article:publisher\" content=\"https:\/\/www.facebook.com\/ammore.official\" \/>\n<meta property=\"article:modified_time\" content=\"2023-09-15T15:30:51+00:00\" \/>\n<meta name=\"twitter:card\" content=\"summary_large_image\" \/>\n<meta name=\"twitter:label1\" content=\"Gesch\u00e4tzte Lesezeit\" \/>\n\t<meta name=\"twitter:data1\" content=\"1\u00a0Minute\" \/>\n<script type=\"application\/ld+json\" class=\"yoast-schema-graph\">{\"@context\":\"https:\/\/schema.org\",\"@graph\":[{\"@type\":\"WebPage\",\"@id\":\"https:\/\/www.ammore.online\/de\/produkte\/streichfaehige-cremes\/\",\"url\":\"https:\/\/www.ammore.online\/de\/produkte\/streichfaehige-cremes\/\",\"name\":\"Streichf\u00e4hige Cremes - Ammore\",\"isPartOf\":{\"@id\":\"https:\/\/www.ammore.online\/es\/#website\"},\"datePublished\":\"2023-09-08T08:51:46+00:00\",\"dateModified\":\"2023-09-15T15:30:51+00:00\",\"description\":\"Kein einfacher Streich, sondern noch viel, viel mehr! Eine umh\u00fcllende und k\u00f6stliche Creme mit k\u00f6stlichem Geschmack, hergestellt mit \u201eAmmore\u201c.\",\"breadcrumb\":{\"@id\":\"https:\/\/www.ammore.online\/de\/produkte\/streichfaehige-cremes\/#breadcrumb\"},\"inLanguage\":\"de\",\"potentialAction\":[{\"@type\":\"ReadAction\",\"target\":[\"https:\/\/www.ammore.online\/de\/produkte\/streichfaehige-cremes\/\"]}]},{\"@type\":\"BreadcrumbList\",\"@id\":\"https:\/\/www.ammore.online\/de\/produkte\/streichfaehige-cremes\/#breadcrumb\",\"itemListElement\":[{\"@type\":\"ListItem\",\"position\":1,\"name\":\"Home\",\"item\":\"https:\/\/www.ammore.online\/de\/\"},{\"@type\":\"ListItem\",\"position\":2,\"name\":\"Produkte\",\"item\":\"https:\/\/www.ammore.online\/de\/produkte\/\"},{\"@type\":\"ListItem\",\"position\":3,\"name\":\"Streichf\u00e4hige Cremes\"}]},{\"@type\":\"WebSite\",\"@id\":\"https:\/\/www.ammore.online\/es\/#website\",\"url\":\"https:\/\/www.ammore.online\/es\/\",\"name\":\"Ammore\",\"description\":\"Il gusto della tradizione\",\"publisher\":{\"@id\":\"https:\/\/www.ammore.online\/es\/#organization\"},\"potentialAction\":[{\"@type\":\"SearchAction\",\"target\":{\"@type\":\"EntryPoint\",\"urlTemplate\":\"https:\/\/www.ammore.online\/es\/?s={search_term_string}\"},\"query-input\":{\"@type\":\"PropertyValueSpecification\",\"valueRequired\":true,\"valueName\":\"search_term_string\"}}],\"inLanguage\":\"de\"},{\"@type\":\"Organization\",\"@id\":\"https:\/\/www.ammore.online\/es\/#organization\",\"name\":\"Ammore\",\"url\":\"https:\/\/www.ammore.online\/es\/\",\"logo\":{\"@type\":\"ImageObject\",\"inLanguage\":\"de\",\"@id\":\"https:\/\/www.ammore.online\/es\/#\/schema\/logo\/image\/\",\"url\":\"https:\/\/www.ammore.online\/wp-content\/uploads\/2023\/10\/cropped-cropped-Ammore_logo.png\",\"contentUrl\":\"https:\/\/www.ammore.online\/wp-content\/uploads\/2023\/10\/cropped-cropped-Ammore_logo.png\",\"width\":1411,\"height\":393,\"caption\":\"Ammore\"},\"image\":{\"@id\":\"https:\/\/www.ammore.online\/es\/#\/schema\/logo\/image\/\"},\"sameAs\":[\"https:\/\/www.facebook.com\/ammore.official\",\"https:\/\/www.instagram.com\/ammore_official\"]}]}<\/script>\n<!-- \/ Yoast SEO plugin. -->","yoast_head_json":{"title":"Streichf\u00e4hige Cremes - Ammore","description":"Kein einfacher Streich, sondern noch viel, viel mehr! Eine umh\u00fcllende und k\u00f6stliche Creme mit k\u00f6stlichem Geschmack, hergestellt mit \u201eAmmore\u201c.","robots":{"index":"index","follow":"follow","max-snippet":"max-snippet:-1","max-image-preview":"max-image-preview:large","max-video-preview":"max-video-preview:-1"},"canonical":"https:\/\/www.ammore.online\/de\/produkte\/streichfaehige-cremes\/","og_locale":"de_DE","og_type":"article","og_title":"Streichf\u00e4hige Cremes - Ammore","og_description":"Kein einfacher Streich, sondern noch viel, viel mehr! Eine umh\u00fcllende und k\u00f6stliche Creme mit k\u00f6stlichem Geschmack, hergestellt mit \u201eAmmore\u201c.","og_url":"https:\/\/www.ammore.online\/de\/produkte\/streichfaehige-cremes\/","og_site_name":"Ammore","article_publisher":"https:\/\/www.facebook.com\/ammore.official","article_modified_time":"2023-09-15T15:30:51+00:00","twitter_card":"summary_large_image","twitter_misc":{"Gesch\u00e4tzte Lesezeit":"1\u00a0Minute"},"schema":{"@context":"https:\/\/schema.org","@graph":[{"@type":"WebPage","@id":"https:\/\/www.ammore.online\/de\/produkte\/streichfaehige-cremes\/","url":"https:\/\/www.ammore.online\/de\/produkte\/streichfaehige-cremes\/","name":"Streichf\u00e4hige Cremes - Ammore","isPartOf":{"@id":"https:\/\/www.ammore.online\/es\/#website"},"datePublished":"2023-09-08T08:51:46+00:00","dateModified":"2023-09-15T15:30:51+00:00","description":"Kein einfacher Streich, sondern noch viel, viel mehr! Eine umh\u00fcllende und k\u00f6stliche Creme mit k\u00f6stlichem Geschmack, hergestellt mit \u201eAmmore\u201c.","breadcrumb":{"@id":"https:\/\/www.ammore.online\/de\/produkte\/streichfaehige-cremes\/#breadcrumb"},"inLanguage":"de","potentialAction":[{"@type":"ReadAction","target":["https:\/\/www.ammore.online\/de\/produkte\/streichfaehige-cremes\/"]}]},{"@type":"BreadcrumbList","@id":"https:\/\/www.ammore.online\/de\/produkte\/streichfaehige-cremes\/#breadcrumb","itemListElement":[{"@type":"ListItem","position":1,"name":"Home","item":"https:\/\/www.ammore.online\/de\/"},{"@type":"ListItem","position":2,"name":"Produkte","item":"https:\/\/www.ammore.online\/de\/produkte\/"},{"@type":"ListItem","position":3,"name":"Streichf\u00e4hige Cremes"}]},{"@type":"WebSite","@id":"https:\/\/www.ammore.online\/es\/#website","url":"https:\/\/www.ammore.online\/es\/","name":"Ammore","description":"Il gusto della tradizione","publisher":{"@id":"https:\/\/www.ammore.online\/es\/#organization"},"potentialAction":[{"@type":"SearchAction","target":{"@type":"EntryPoint","urlTemplate":"https:\/\/www.ammore.online\/es\/?s={search_term_string}"},"query-input":{"@type":"PropertyValueSpecification","valueRequired":true,"valueName":"search_term_string"}}],"inLanguage":"de"},{"@type":"Organization","@id":"https:\/\/www.ammore.online\/es\/#organization","name":"Ammore","url":"https:\/\/www.ammore.online\/es\/","logo":{"@type":"ImageObject","inLanguage":"de","@id":"https:\/\/www.ammore.online\/es\/#\/schema\/logo\/image\/","url":"https:\/\/www.ammore.online\/wp-content\/uploads\/2023\/10\/cropped-cropped-Ammore_logo.png","contentUrl":"https:\/\/www.ammore.online\/wp-content\/uploads\/2023\/10\/cropped-cropped-Ammore_logo.png","width":1411,"height":393,"caption":"Ammore"},"image":{"@id":"https:\/\/www.ammore.online\/es\/#\/schema\/logo\/image\/"},"sameAs":["https:\/\/www.facebook.com\/ammore.official","https:\/\/www.instagram.com\/ammore_official"]}]}},"featured_image_src":null,"featured_image_src_square":null,"_links":{"self":[{"href":"https:\/\/www.ammore.online\/de\/wp-json\/wp\/v2\/pages\/3520","targetHints":{"allow":["GET"]}}],"collection":[{"href":"https:\/\/www.ammore.online\/de\/wp-json\/wp\/v2\/pages"}],"about":[{"href":"https:\/\/www.ammore.online\/de\/wp-json\/wp\/v2\/types\/page"}],"author":[{"embeddable":true,"href":"https:\/\/www.ammore.online\/de\/wp-json\/wp\/v2\/users\/1"}],"replies":[{"embeddable":true,"href":"https:\/\/www.ammore.online\/de\/wp-json\/wp\/v2\/comments?post=3520"}],"version-history":[{"count":1,"href":"https:\/\/www.ammore.online\/de\/wp-json\/wp\/v2\/pages\/3520\/revisions"}],"predecessor-version":[{"id":3521,"href":"https:\/\/www.ammore.online\/de\/wp-json\/wp\/v2\/pages\/3520\/revisions\/3521"}],"up":[{"embeddable":true,"href":"https:\/\/www.ammore.online\/de\/wp-json\/wp\/v2\/pages\/3105"}],"wp:attachment":[{"href":"https:\/\/www.ammore.online\/de\/wp-json\/wp\/v2\/media?parent=3520"}],"curies":[{"name":"wp","href":"https:\/\/api.w.org\/{rel}","templated":true}]}}