{"id":3483,"date":"2023-09-08T08:29:18","date_gmt":"2023-09-08T08:29:18","guid":{"rendered":"https:\/\/www.ammore.online\/produkte\/panevo\/"},"modified":"2023-11-06T18:18:38","modified_gmt":"2023-11-06T18:18:38","slug":"panevo","status":"publish","type":"page","link":"https:\/\/www.ammore.online\/de\/produkte\/panevo\/","title":{"rendered":"PanEvo"},"content":{"rendered":"<div class=\"wp-block-group alignwide\"><div class=\"wp-block-group__inner-container is-layout-constrained wp-block-group-is-layout-constrained\"><div style=\"height:100px\" aria-hidden=\"true\" class=\"wp-block-spacer\"><\/div>\n\n<p class=\"has-text-align-center\">Gehen wir mit diesem Sauerteigprodukt, das uns in die Kindheit zur\u00fcckversetzt, in die Vergangenheit zur\u00fcck. <strong>Panevo<\/strong> bietet auf neue Weise und mit \u201e<strong>Ammore<\/strong>\u201c, dem Snack aus unserer Kindheit, dem \u201eBrot und \u00d6l\u201c der Vergangenheit, eine Neuinterpretation. Und von diesen ruft es den ganzen Zauber mit den D\u00fcften und Geschmacksrichtungen von ausgezeichnetem K\u00e4se und Gem\u00fcse aus dem Garten hervor, die in zahlreichen traditionellen Rezepten Verwendung finden. <\/p>\n\n<p class=\"has-text-align-center\">Die Grundzutaten sind in der Tat das \u00e4rmste Lebensmittel schlechthin und das extra native Oliven\u00f6l DOP. Er kann das ganze Jahr \u00fcber hei\u00df oder kalt als Aperitif serviert werden, im Brotkorb oder auf einem separaten Schneidebrett, zu Gerichten, die von den K\u00f6chen zubereitet oder sogar zu Hause zubereitet werden. <\/p>\n\n<p class=\"has-text-align-center\">Tatar und Fleisch sind die perfekte Kombination und die Kombination wird zum Superlativ, als Aperitif, zu Aufschnitt und K\u00e4se sowie zu Mousse und Pasteten.<\/p>\n\n<div style=\"height:50px\" aria-hidden=\"true\" class=\"wp-block-spacer\"><\/div>\n\n<div data-align-buttons=\"true\" data-block-name=\"woocommerce\/product-category\" data-categories=\"[82]\" class=\"wc-block-grid wp-block-product-category wc-block-product-category has-3-columns has-multiple-rows alignwide has-aligned-buttons\"><ul class=\"wc-block-grid__products\"><li class=\"wc-block-grid__product\">\n\t\t\t\t<a href=\"https:\/\/www.ammore.online\/de\/prodotto\/handwerklich-hergestelltes-truffel-und-kase-panevo-copia\/\" class=\"wc-block-grid__product-link\">\n\t\t\t\t\t\n\t\t\t\t\t<div class=\"wc-block-grid__product-image\"><img loading=\"lazy\" decoding=\"async\" width=\"530\" height=\"530\" src=\"https:\/\/www.ammore.online\/wp-content\/uploads\/2024\/10\/Panevo-530x530.jpg\" class=\"attachment-woocommerce_thumbnail size-woocommerce_thumbnail\" alt=\"Handwerklich hergestelltes &lt;br&gt; Wei\u00dfem Tr\u00fcffel und kase PanEvo\" srcset=\"https:\/\/www.ammore.online\/wp-content\/uploads\/2024\/10\/Panevo-530x530.jpg 530w, https:\/\/www.ammore.online\/wp-content\/uploads\/2024\/10\/Panevo-300x300.jpg 300w, https:\/\/www.ammore.online\/wp-content\/uploads\/2024\/10\/Panevo-1024x1024.jpg 1024w, https:\/\/www.ammore.online\/wp-content\/uploads\/2024\/10\/Panevo-150x150.jpg 150w, https:\/\/www.ammore.online\/wp-content\/uploads\/2024\/10\/Panevo-768x768.jpg 768w, https:\/\/www.ammore.online\/wp-content\/uploads\/2024\/10\/Panevo-50x50.jpg 50w, https:\/\/www.ammore.online\/wp-content\/uploads\/2024\/10\/Panevo-1600x1600.jpg 1600w, https:\/\/www.ammore.online\/wp-content\/uploads\/2024\/10\/Panevo-1536x1536.jpg 1536w, https:\/\/www.ammore.online\/wp-content\/uploads\/2024\/10\/Panevo-600x600.jpg 600w, https:\/\/www.ammore.online\/wp-content\/uploads\/2024\/10\/Panevo-720x720.jpg 720w, https:\/\/www.ammore.online\/wp-content\/uploads\/2024\/10\/Panevo-180x180.jpg 180w, https:\/\/www.ammore.online\/wp-content\/uploads\/2024\/10\/Panevo.jpg 1920w\" sizes=\"auto, (max-width: 530px) 100vw, 530px\" \/><\/div>\n\t\t\t\t\t<div class=\"wc-block-grid__product-title\">Handwerklich hergestelltes <br> Wei\u00dfem Tr\u00fcffel und kase PanEvo<\/div>\n\t\t\t\t<\/a>\n\t\t\t\t<div class=\"wc-block-grid__product-price price\"><span class=\"woocommerce-Price-amount amount\">27,00&nbsp;<span class=\"woocommerce-Price-currencySymbol\">&euro;<\/span><\/span><\/div>\n\t\t\t\t\n\t\t\t\t<div class=\"wp-block-button wc-block-grid__product-add-to-cart\"><a href=\"?add-to-cart=4628\" aria-label=\"In den Warenkorb legen: \u201eHandwerklich hergestelltes &lt;br&gt; Wei\u00dfem Tr\u00fcffel und kase PanEvo\u201c\" data-quantity=\"1\" data-product_id=\"4628\" data-product_sku=\"\" data-price=\"27\" rel=\"nofollow\" class=\"wp-block-button__link  add_to_cart_button ajax_add_to_cart\">In den Warenkorb<\/a><\/div>\n\t\t\t<\/li><li class=\"wc-block-grid__product\">\n\t\t\t\t<a href=\"https:\/\/www.ammore.online\/de\/prodotto\/panevo-artigianale-nerano\/\" class=\"wc-block-grid__product-link\">\n\t\t\t\t\t\n\t\t\t\t\t<div class=\"wc-block-grid__product-image\"><img loading=\"lazy\" decoding=\"async\" width=\"530\" height=\"530\" src=\"https:\/\/www.ammore.online\/wp-content\/uploads\/2024\/10\/Panevo-530x530.jpg\" class=\"attachment-woocommerce_thumbnail size-woocommerce_thumbnail\" alt=\"Handwerklich hergestellter &lt;br&gt; Nerano PanEvo\" srcset=\"https:\/\/www.ammore.online\/wp-content\/uploads\/2024\/10\/Panevo-530x530.jpg 530w, https:\/\/www.ammore.online\/wp-content\/uploads\/2024\/10\/Panevo-300x300.jpg 300w, https:\/\/www.ammore.online\/wp-content\/uploads\/2024\/10\/Panevo-1024x1024.jpg 1024w, https:\/\/www.ammore.online\/wp-content\/uploads\/2024\/10\/Panevo-150x150.jpg 150w, https:\/\/www.ammore.online\/wp-content\/uploads\/2024\/10\/Panevo-768x768.jpg 768w, https:\/\/www.ammore.online\/wp-content\/uploads\/2024\/10\/Panevo-50x50.jpg 50w, https:\/\/www.ammore.online\/wp-content\/uploads\/2024\/10\/Panevo-1600x1600.jpg 1600w, https:\/\/www.ammore.online\/wp-content\/uploads\/2024\/10\/Panevo-1536x1536.jpg 1536w, https:\/\/www.ammore.online\/wp-content\/uploads\/2024\/10\/Panevo-600x600.jpg 600w, https:\/\/www.ammore.online\/wp-content\/uploads\/2024\/10\/Panevo-720x720.jpg 720w, https:\/\/www.ammore.online\/wp-content\/uploads\/2024\/10\/Panevo-180x180.jpg 180w, https:\/\/www.ammore.online\/wp-content\/uploads\/2024\/10\/Panevo.jpg 1920w\" sizes=\"auto, (max-width: 530px) 100vw, 530px\" \/><\/div>\n\t\t\t\t\t<div class=\"wc-block-grid__product-title\">Handwerklich hergestellter <br> Nerano PanEvo<\/div>\n\t\t\t\t<\/a>\n\t\t\t\t<div class=\"wc-block-grid__product-price price\"><span class=\"woocommerce-Price-amount amount\">27,00&nbsp;<span class=\"woocommerce-Price-currencySymbol\">&euro;<\/span><\/span><\/div>\n\t\t\t\t\n\t\t\t\t<div class=\"wp-block-button wc-block-grid__product-add-to-cart\"><a href=\"https:\/\/www.ammore.online\/de\/prodotto\/panevo-artigianale-nerano\/\" aria-label=\"Lese mehr \u00fcber &#8222;Handwerklich hergestellter &lt;br&gt; Nerano PanEvo&#8220;\" data-quantity=\"1\" data-product_id=\"1139\" data-product_sku=\"\" data-price=\"27\" rel=\"nofollow\" class=\"wp-block-button__link  add_to_cart_button\">Weiterlesen<\/a><\/div>\n\t\t\t<\/li><li class=\"wc-block-grid__product\">\n\t\t\t\t<a href=\"https:\/\/www.ammore.online\/de\/prodotto\/panevo-artigianale-cavolo-verza-e-formaggio\/\" class=\"wc-block-grid__product-link\">\n\t\t\t\t\t\n\t\t\t\t\t<div class=\"wc-block-grid__product-image\"><img loading=\"lazy\" decoding=\"async\" width=\"530\" height=\"530\" src=\"https:\/\/www.ammore.online\/wp-content\/uploads\/2024\/10\/Panevo-530x530.jpg\" class=\"attachment-woocommerce_thumbnail size-woocommerce_thumbnail\" alt=\"Handwerklich hergestellter&lt;br&gt; Kohl Kraut und K\u00e4se PanEvo\" srcset=\"https:\/\/www.ammore.online\/wp-content\/uploads\/2024\/10\/Panevo-530x530.jpg 530w, https:\/\/www.ammore.online\/wp-content\/uploads\/2024\/10\/Panevo-300x300.jpg 300w, https:\/\/www.ammore.online\/wp-content\/uploads\/2024\/10\/Panevo-1024x1024.jpg 1024w, https:\/\/www.ammore.online\/wp-content\/uploads\/2024\/10\/Panevo-150x150.jpg 150w, https:\/\/www.ammore.online\/wp-content\/uploads\/2024\/10\/Panevo-768x768.jpg 768w, https:\/\/www.ammore.online\/wp-content\/uploads\/2024\/10\/Panevo-50x50.jpg 50w, https:\/\/www.ammore.online\/wp-content\/uploads\/2024\/10\/Panevo-1600x1600.jpg 1600w, https:\/\/www.ammore.online\/wp-content\/uploads\/2024\/10\/Panevo-1536x1536.jpg 1536w, https:\/\/www.ammore.online\/wp-content\/uploads\/2024\/10\/Panevo-600x600.jpg 600w, https:\/\/www.ammore.online\/wp-content\/uploads\/2024\/10\/Panevo-720x720.jpg 720w, https:\/\/www.ammore.online\/wp-content\/uploads\/2024\/10\/Panevo-180x180.jpg 180w, https:\/\/www.ammore.online\/wp-content\/uploads\/2024\/10\/Panevo.jpg 1920w\" sizes=\"auto, (max-width: 530px) 100vw, 530px\" \/><\/div>\n\t\t\t\t\t<div class=\"wc-block-grid__product-title\">Handwerklich hergestellter<br> Kohl Kraut und K\u00e4se PanEvo<\/div>\n\t\t\t\t<\/a>\n\t\t\t\t<div class=\"wc-block-grid__product-price price\"><span class=\"woocommerce-Price-amount amount\">27,00&nbsp;<span class=\"woocommerce-Price-currencySymbol\">&euro;<\/span><\/span><\/div>\n\t\t\t\t\n\t\t\t\t<div class=\"wp-block-button wc-block-grid__product-add-to-cart\"><a href=\"https:\/\/www.ammore.online\/de\/prodotto\/panevo-artigianale-cavolo-verza-e-formaggio\/\" aria-label=\"Lese mehr \u00fcber &#8222;Handwerklich hergestellter&lt;br&gt; Kohl Kraut und K\u00e4se PanEvo&#8220;\" data-quantity=\"1\" data-product_id=\"1133\" data-product_sku=\"\" data-price=\"27\" rel=\"nofollow\" class=\"wp-block-button__link  add_to_cart_button\">Weiterlesen<\/a><\/div>\n\t\t\t<\/li><li class=\"wc-block-grid__product\">\n\t\t\t\t<a href=\"https:\/\/www.ammore.online\/de\/prodotto\/panevo-artigianale-rucola-parmigiano\/\" class=\"wc-block-grid__product-link\">\n\t\t\t\t\t\n\t\t\t\t\t<div class=\"wc-block-grid__product-image\"><img loading=\"lazy\" decoding=\"async\" width=\"530\" height=\"530\" src=\"https:\/\/www.ammore.online\/wp-content\/uploads\/2024\/10\/InCollage_20241018_160229091-scaled.jpg\" class=\"attachment-woocommerce_thumbnail size-woocommerce_thumbnail\" alt=\"Handwerklich hergestelltes &lt;br&gt; Rucola und kase PanEvo\" srcset=\"https:\/\/www.ammore.online\/wp-content\/uploads\/2024\/10\/InCollage_20241018_160229091-scaled.jpg 2560w, https:\/\/www.ammore.online\/wp-content\/uploads\/2024\/10\/InCollage_20241018_160229091-300x300.jpg 300w, https:\/\/www.ammore.online\/wp-content\/uploads\/2024\/10\/InCollage_20241018_160229091-1024x1024.jpg 1024w, https:\/\/www.ammore.online\/wp-content\/uploads\/2024\/10\/InCollage_20241018_160229091-150x150.jpg 150w, https:\/\/www.ammore.online\/wp-content\/uploads\/2024\/10\/InCollage_20241018_160229091-768x768.jpg 768w, https:\/\/www.ammore.online\/wp-content\/uploads\/2024\/10\/InCollage_20241018_160229091-50x50.jpg 50w, https:\/\/www.ammore.online\/wp-content\/uploads\/2024\/10\/InCollage_20241018_160229091-1600x1600.jpg 1600w\" sizes=\"auto, (max-width: 530px) 100vw, 530px\" \/><\/div>\n\t\t\t\t\t<div class=\"wc-block-grid__product-title\">Handwerklich hergestelltes <br> Rucola und kase PanEvo<\/div>\n\t\t\t\t<\/a>\n\t\t\t\t<div class=\"wc-block-grid__product-price price\"><span class=\"woocommerce-Price-amount amount\">27,00&nbsp;<span class=\"woocommerce-Price-currencySymbol\">&euro;<\/span><\/span><\/div>\n\t\t\t\t\n\t\t\t\t<div class=\"wp-block-button wc-block-grid__product-add-to-cart\"><a href=\"https:\/\/www.ammore.online\/de\/prodotto\/panevo-artigianale-rucola-parmigiano\/\" aria-label=\"Lese mehr \u00fcber &#8222;Handwerklich hergestelltes &lt;br&gt; Rucola und kase PanEvo&#8220;\" data-quantity=\"1\" data-product_id=\"1116\" data-product_sku=\"\" data-price=\"27\" rel=\"nofollow\" class=\"wp-block-button__link  add_to_cart_button\">Weiterlesen<\/a><\/div>\n\t\t\t<\/li><li class=\"wc-block-grid__product\">\n\t\t\t\t<a href=\"https:\/\/www.ammore.online\/de\/prodotto\/panevo-artigianale-o-scarpariello-2\/\" class=\"wc-block-grid__product-link\">\n\t\t\t\t\t\n\t\t\t\t\t<div class=\"wc-block-grid__product-image\"><img loading=\"lazy\" decoding=\"async\" width=\"530\" height=\"530\" src=\"https:\/\/www.ammore.online\/wp-content\/uploads\/2024\/10\/InCollage_20241018_160229091-scaled.jpg\" class=\"attachment-woocommerce_thumbnail size-woocommerce_thumbnail\" alt=\"Handwerklich hergestellter &lt;br&gt; &#039;O Scarpariello PanEvo\" srcset=\"https:\/\/www.ammore.online\/wp-content\/uploads\/2024\/10\/InCollage_20241018_160229091-scaled.jpg 2560w, https:\/\/www.ammore.online\/wp-content\/uploads\/2024\/10\/InCollage_20241018_160229091-300x300.jpg 300w, https:\/\/www.ammore.online\/wp-content\/uploads\/2024\/10\/InCollage_20241018_160229091-1024x1024.jpg 1024w, https:\/\/www.ammore.online\/wp-content\/uploads\/2024\/10\/InCollage_20241018_160229091-150x150.jpg 150w, https:\/\/www.ammore.online\/wp-content\/uploads\/2024\/10\/InCollage_20241018_160229091-768x768.jpg 768w, https:\/\/www.ammore.online\/wp-content\/uploads\/2024\/10\/InCollage_20241018_160229091-50x50.jpg 50w, https:\/\/www.ammore.online\/wp-content\/uploads\/2024\/10\/InCollage_20241018_160229091-1600x1600.jpg 1600w\" sizes=\"auto, (max-width: 530px) 100vw, 530px\" \/><\/div>\n\t\t\t\t\t<div class=\"wc-block-grid__product-title\">Handwerklich hergestellter <br> &#8216;O Scarpariello PanEvo<\/div>\n\t\t\t\t<\/a>\n\t\t\t\t<div class=\"wc-block-grid__product-price price\"><span class=\"woocommerce-Price-amount amount\">27,00&nbsp;<span class=\"woocommerce-Price-currencySymbol\">&euro;<\/span><\/span><\/div>\n\t\t\t\t\n\t\t\t\t<div class=\"wp-block-button wc-block-grid__product-add-to-cart\"><a href=\"?add-to-cart=1111\" aria-label=\"In den Warenkorb legen: \u201eHandwerklich hergestellter &lt;br&gt; &#039;O Scarpariello PanEvo\u201c\" data-quantity=\"1\" data-product_id=\"1111\" data-product_sku=\"\" data-price=\"27\" rel=\"nofollow\" class=\"wp-block-button__link  add_to_cart_button ajax_add_to_cart\">In den Warenkorb<\/a><\/div>\n\t\t\t<\/li><\/ul><\/div><\/div><\/div><div class=\"wp-block-cover alignfull has-parallax\"><span aria-hidden=\"true\" class=\"wp-block-cover__background has-background-dim-80 has-background-dim\" style=\"background-color:#946941\"><\/span><div role=\"img\" class=\"wp-block-cover__image-background wp-image-153 has-parallax\" style=\"background-position:50% 50%;background-image:url(https:\/\/www.ammore.online\/wp-content\/uploads\/2022\/08\/farina-2.jpg)\"><\/div><div class=\"wp-block-cover__inner-container is-layout-flow wp-block-cover-is-layout-flow\"><div class=\"wp-block-genesis-blocks-gb-columns gb-layout-columns-1 one-column gb-columns-center alignfull\" style=\"margin-bottom:15px;padding-right:2%;padding-left:2%\"><div class=\"gb-layout-column-wrap gb-block-layout-column-gap-0 gb-is-responsive-column\" style=\"max-width:1060px\"><div class=\"wp-block-genesis-blocks-gb-column gb-block-layout-column\"><div class=\"gb-block-layout-column-inner\"><p><\/p><\/div><\/div><\/div><\/div>\n\n<div style=\"height:20px\" aria-hidden=\"true\" class=\"wp-block-spacer\"><\/div>\n\n<h2 class=\"wp-block-heading alignfull has-text-align-center small-heading is-style-default has-white-color has-text-color\">Laden Sie unsere Brosch\u00fcre \u201ePanEvo &amp; PanDolce\u201c herunter<\/h2>\n\n<div class=\"wp-block-columns is-layout-flex wp-container-core-columns-is-layout-9d6595d7 wp-block-columns-is-layout-flex\"><div class=\"wp-block-column is-layout-flow wp-block-column-is-layout-flow\"><\/div>\n\n<div class=\"wp-block-column is-layout-flow wp-block-column-is-layout-flow\"><div class=\"wp-block-buttons is-content-justification-center is-layout-flex wp-container-core-buttons-is-layout-16018d1d wp-block-buttons-is-layout-flex\"><div class=\"wp-block-button\"><a class=\"wp-block-button__link has-text-align-center wp-element-button\" href=\"https:\/\/www.ammore.online\/wp-content\/uploads\/2023\/10\/BROCHURE-PANEVO-PANDOLCE.pdf\" target=\"_blank\" rel=\"noreferrer noopener\">Hier herunterladen<\/a><\/div><\/div><\/div>\n\n<div class=\"wp-block-column is-layout-flow wp-block-column-is-layout-flow\"><\/div><\/div><\/div><\/div>","protected":false},"excerpt":{"rendered":"<p>Gehen wir mit diesem Sauerteigprodukt, das uns in die Kindheit zur\u00fcckversetzt, in die Vergangenheit zur\u00fcck. Panevo bietet auf neue Weise und mit \u201eAmmore\u201c, dem Snack aus unserer Kindheit, dem \u201eBrot und \u00d6l\u201c der Vergangenheit, eine Neuinterpretation. Und von diesen ruft es den ganzen Zauber mit den D\u00fcften und Geschmacksrichtungen von ausgezeichnetem K\u00e4se und Gem\u00fcse aus [&hellip;]<\/p>\n","protected":false},"author":1,"featured_media":0,"parent":3105,"menu_order":0,"comment_status":"closed","ping_status":"closed","template":"templates\/blocks.php","meta":{"_genesis_hide_title":false,"_genesis_hide_breadcrumbs":false,"_genesis_hide_singular_image":false,"_genesis_hide_footer_widgets":false,"_genesis_custom_body_class":"","_genesis_custom_post_class":"","_genesis_layout":"full-width-content","footnotes":""},"class_list":{"0":"post-3483","1":"page","2":"type-page","3":"status-publish","5":"entry"},"yoast_head":"<!-- This site is optimized with the Yoast SEO plugin v23.7 - https:\/\/yoast.com\/wordpress\/plugins\/seo\/ -->\n<title>PanEvo - Ammore<\/title>\n<meta name=\"description\" content=\"Gehen wir mit diesem Sauerteigprodukt, das uns in die Kindheit zur\u00fcckversetzt, in die Vergangenheit zur\u00fcck.\" \/>\n<meta name=\"robots\" content=\"index, follow, max-snippet:-1, max-image-preview:large, max-video-preview:-1\" \/>\n<link rel=\"canonical\" href=\"https:\/\/www.ammore.online\/de\/produkte\/panevo\/\" \/>\n<meta property=\"og:locale\" content=\"de_DE\" \/>\n<meta property=\"og:type\" content=\"article\" \/>\n<meta property=\"og:title\" content=\"PanEvo - Ammore\" \/>\n<meta property=\"og:description\" content=\"Gehen wir mit diesem Sauerteigprodukt, das uns in die Kindheit zur\u00fcckversetzt, in die Vergangenheit zur\u00fcck.\" \/>\n<meta property=\"og:url\" content=\"https:\/\/www.ammore.online\/de\/produkte\/panevo\/\" \/>\n<meta property=\"og:site_name\" content=\"Ammore\" \/>\n<meta property=\"article:publisher\" content=\"https:\/\/www.facebook.com\/ammore.official\" \/>\n<meta property=\"article:modified_time\" content=\"2023-11-06T18:18:38+00:00\" \/>\n<meta name=\"twitter:card\" content=\"summary_large_image\" \/>\n<meta name=\"twitter:label1\" content=\"Gesch\u00e4tzte Lesezeit\" \/>\n\t<meta name=\"twitter:data1\" content=\"1\u00a0Minute\" \/>\n<script type=\"application\/ld+json\" class=\"yoast-schema-graph\">{\"@context\":\"https:\/\/schema.org\",\"@graph\":[{\"@type\":\"WebPage\",\"@id\":\"https:\/\/www.ammore.online\/de\/produkte\/panevo\/\",\"url\":\"https:\/\/www.ammore.online\/de\/produkte\/panevo\/\",\"name\":\"PanEvo - Ammore\",\"isPartOf\":{\"@id\":\"https:\/\/www.ammore.online\/es\/#website\"},\"datePublished\":\"2023-09-08T08:29:18+00:00\",\"dateModified\":\"2023-11-06T18:18:38+00:00\",\"description\":\"Gehen wir mit diesem Sauerteigprodukt, das uns in die Kindheit zur\u00fcckversetzt, in die Vergangenheit zur\u00fcck.\",\"breadcrumb\":{\"@id\":\"https:\/\/www.ammore.online\/de\/produkte\/panevo\/#breadcrumb\"},\"inLanguage\":\"de\",\"potentialAction\":[{\"@type\":\"ReadAction\",\"target\":[\"https:\/\/www.ammore.online\/de\/produkte\/panevo\/\"]}]},{\"@type\":\"BreadcrumbList\",\"@id\":\"https:\/\/www.ammore.online\/de\/produkte\/panevo\/#breadcrumb\",\"itemListElement\":[{\"@type\":\"ListItem\",\"position\":1,\"name\":\"Home\",\"item\":\"https:\/\/www.ammore.online\/de\/\"},{\"@type\":\"ListItem\",\"position\":2,\"name\":\"Produkte\",\"item\":\"https:\/\/www.ammore.online\/de\/produkte\/\"},{\"@type\":\"ListItem\",\"position\":3,\"name\":\"PanEvo\"}]},{\"@type\":\"WebSite\",\"@id\":\"https:\/\/www.ammore.online\/es\/#website\",\"url\":\"https:\/\/www.ammore.online\/es\/\",\"name\":\"Ammore\",\"description\":\"Il gusto della tradizione\",\"publisher\":{\"@id\":\"https:\/\/www.ammore.online\/es\/#organization\"},\"potentialAction\":[{\"@type\":\"SearchAction\",\"target\":{\"@type\":\"EntryPoint\",\"urlTemplate\":\"https:\/\/www.ammore.online\/es\/?s={search_term_string}\"},\"query-input\":{\"@type\":\"PropertyValueSpecification\",\"valueRequired\":true,\"valueName\":\"search_term_string\"}}],\"inLanguage\":\"de\"},{\"@type\":\"Organization\",\"@id\":\"https:\/\/www.ammore.online\/es\/#organization\",\"name\":\"Ammore\",\"url\":\"https:\/\/www.ammore.online\/es\/\",\"logo\":{\"@type\":\"ImageObject\",\"inLanguage\":\"de\",\"@id\":\"https:\/\/www.ammore.online\/es\/#\/schema\/logo\/image\/\",\"url\":\"https:\/\/www.ammore.online\/wp-content\/uploads\/2023\/10\/cropped-cropped-Ammore_logo.png\",\"contentUrl\":\"https:\/\/www.ammore.online\/wp-content\/uploads\/2023\/10\/cropped-cropped-Ammore_logo.png\",\"width\":1411,\"height\":393,\"caption\":\"Ammore\"},\"image\":{\"@id\":\"https:\/\/www.ammore.online\/es\/#\/schema\/logo\/image\/\"},\"sameAs\":[\"https:\/\/www.facebook.com\/ammore.official\",\"https:\/\/www.instagram.com\/ammore_official\"]}]}<\/script>\n<!-- \/ Yoast SEO plugin. -->","yoast_head_json":{"title":"PanEvo - Ammore","description":"Gehen wir mit diesem Sauerteigprodukt, das uns in die Kindheit zur\u00fcckversetzt, in die Vergangenheit zur\u00fcck.","robots":{"index":"index","follow":"follow","max-snippet":"max-snippet:-1","max-image-preview":"max-image-preview:large","max-video-preview":"max-video-preview:-1"},"canonical":"https:\/\/www.ammore.online\/de\/produkte\/panevo\/","og_locale":"de_DE","og_type":"article","og_title":"PanEvo - Ammore","og_description":"Gehen wir mit diesem Sauerteigprodukt, das uns in die Kindheit zur\u00fcckversetzt, in die Vergangenheit zur\u00fcck.","og_url":"https:\/\/www.ammore.online\/de\/produkte\/panevo\/","og_site_name":"Ammore","article_publisher":"https:\/\/www.facebook.com\/ammore.official","article_modified_time":"2023-11-06T18:18:38+00:00","twitter_card":"summary_large_image","twitter_misc":{"Gesch\u00e4tzte Lesezeit":"1\u00a0Minute"},"schema":{"@context":"https:\/\/schema.org","@graph":[{"@type":"WebPage","@id":"https:\/\/www.ammore.online\/de\/produkte\/panevo\/","url":"https:\/\/www.ammore.online\/de\/produkte\/panevo\/","name":"PanEvo - Ammore","isPartOf":{"@id":"https:\/\/www.ammore.online\/es\/#website"},"datePublished":"2023-09-08T08:29:18+00:00","dateModified":"2023-11-06T18:18:38+00:00","description":"Gehen wir mit diesem Sauerteigprodukt, das uns in die Kindheit zur\u00fcckversetzt, in die Vergangenheit zur\u00fcck.","breadcrumb":{"@id":"https:\/\/www.ammore.online\/de\/produkte\/panevo\/#breadcrumb"},"inLanguage":"de","potentialAction":[{"@type":"ReadAction","target":["https:\/\/www.ammore.online\/de\/produkte\/panevo\/"]}]},{"@type":"BreadcrumbList","@id":"https:\/\/www.ammore.online\/de\/produkte\/panevo\/#breadcrumb","itemListElement":[{"@type":"ListItem","position":1,"name":"Home","item":"https:\/\/www.ammore.online\/de\/"},{"@type":"ListItem","position":2,"name":"Produkte","item":"https:\/\/www.ammore.online\/de\/produkte\/"},{"@type":"ListItem","position":3,"name":"PanEvo"}]},{"@type":"WebSite","@id":"https:\/\/www.ammore.online\/es\/#website","url":"https:\/\/www.ammore.online\/es\/","name":"Ammore","description":"Il gusto della tradizione","publisher":{"@id":"https:\/\/www.ammore.online\/es\/#organization"},"potentialAction":[{"@type":"SearchAction","target":{"@type":"EntryPoint","urlTemplate":"https:\/\/www.ammore.online\/es\/?s={search_term_string}"},"query-input":{"@type":"PropertyValueSpecification","valueRequired":true,"valueName":"search_term_string"}}],"inLanguage":"de"},{"@type":"Organization","@id":"https:\/\/www.ammore.online\/es\/#organization","name":"Ammore","url":"https:\/\/www.ammore.online\/es\/","logo":{"@type":"ImageObject","inLanguage":"de","@id":"https:\/\/www.ammore.online\/es\/#\/schema\/logo\/image\/","url":"https:\/\/www.ammore.online\/wp-content\/uploads\/2023\/10\/cropped-cropped-Ammore_logo.png","contentUrl":"https:\/\/www.ammore.online\/wp-content\/uploads\/2023\/10\/cropped-cropped-Ammore_logo.png","width":1411,"height":393,"caption":"Ammore"},"image":{"@id":"https:\/\/www.ammore.online\/es\/#\/schema\/logo\/image\/"},"sameAs":["https:\/\/www.facebook.com\/ammore.official","https:\/\/www.instagram.com\/ammore_official"]}]}},"featured_image_src":null,"featured_image_src_square":null,"_links":{"self":[{"href":"https:\/\/www.ammore.online\/de\/wp-json\/wp\/v2\/pages\/3483","targetHints":{"allow":["GET"]}}],"collection":[{"href":"https:\/\/www.ammore.online\/de\/wp-json\/wp\/v2\/pages"}],"about":[{"href":"https:\/\/www.ammore.online\/de\/wp-json\/wp\/v2\/types\/page"}],"author":[{"embeddable":true,"href":"https:\/\/www.ammore.online\/de\/wp-json\/wp\/v2\/users\/1"}],"replies":[{"embeddable":true,"href":"https:\/\/www.ammore.online\/de\/wp-json\/wp\/v2\/comments?post=3483"}],"version-history":[{"count":2,"href":"https:\/\/www.ammore.online\/de\/wp-json\/wp\/v2\/pages\/3483\/revisions"}],"predecessor-version":[{"id":3801,"href":"https:\/\/www.ammore.online\/de\/wp-json\/wp\/v2\/pages\/3483\/revisions\/3801"}],"up":[{"embeddable":true,"href":"https:\/\/www.ammore.online\/de\/wp-json\/wp\/v2\/pages\/3105"}],"wp:attachment":[{"href":"https:\/\/www.ammore.online\/de\/wp-json\/wp\/v2\/media?parent=3483"}],"curies":[{"name":"wp","href":"https:\/\/api.w.org\/{rel}","templated":true}]}}