{"id":3105,"date":"2023-07-14T14:02:30","date_gmt":"2023-07-14T14:02:30","guid":{"rendered":"https:\/\/www.ammore.online\/produkte\/"},"modified":"2025-02-27T15:52:07","modified_gmt":"2025-02-27T15:52:07","slug":"produkte","status":"publish","type":"page","link":"https:\/\/www.ammore.online\/de\/produkte\/","title":{"rendered":"Produkte"},"content":{"rendered":"<div class=\"wp-block-group alignwide\"><div class=\"wp-block-group__inner-container is-layout-constrained wp-block-group-is-layout-constrained\"><div style=\"height:100px\" aria-hidden=\"true\" class=\"wp-block-spacer\"><\/div>\n\n<h3 class=\"wp-block-heading has-text-align-center\">Wir m\u00f6gen sowohl s\u00fc\u00df als auch herzhaft. <\/h3>\n\n<h3 class=\"wp-block-heading has-text-align-center\">Und wir achten darauf, auch glutenfreie Produkte anzubieten.<\/h3>\n\n<div style=\"height:20px\" aria-hidden=\"true\" class=\"wp-block-spacer\"><\/div>\n\n<p class=\"has-text-align-center\">Bei uns geht es <strong>langsam<\/strong> auf, es dauert nie weniger als 48 Stunden und verleiht dem Teig, gelinde gesagt, eine einladende Br\u00e4unung und eine homogene und weiche Wabe, die ihn zu etwas Besonderem macht. Der exklusive Sauerteig, den wir seit \u00fcber 16 Jahren sorgf\u00e4ltig h\u00fcten, vervollst\u00e4ndigt seinen <strong>Geschmack<\/strong> und macht ihn bek\u00f6mmlicher. Wir verzichten auf Konservierungsstoffe und Palm\u00f6l.<\/p>\n\n<p class=\"has-text-align-center\">Wir denken an Jubil\u00e4en wie <strong>Ostern<\/strong> und <strong>Weihnachten<\/strong>, leisten Ihnen aber zu jeder Tageszeit, bei einem besonderen Anlass oder einem entspannten Abend Gesellschaft. Beim <strong>Fr\u00fchst\u00fcck<\/strong>, zum <strong>Aperitif<\/strong> oder einer <strong>Arbeitspause<\/strong>, die die \u00fcblichen Snacks zumindest f\u00fcr einen Tag vergessen l\u00e4sst.<\/p>\n\n<div class=\"wp-block-group alignfull\"><div class=\"wp-block-group__inner-container is-layout-constrained wp-block-group-is-layout-constrained\"><div style=\"height:50px\" aria-hidden=\"true\" class=\"wp-block-spacer block-visibility-hide-small-screen\"><\/div>\n\n<div style=\"height:50px\" aria-hidden=\"true\" class=\"wp-block-spacer block-visibility-hide-large-screen block-visibility-hide-medium-screen\"><\/div>\n\n<h2 class=\"has-text-align-center\" id=\"noi\" style=\"color:#782648\">UNSERE PRODUKTE<\/h2>\n\n<div style=\"height:50px\" aria-hidden=\"true\" class=\"wp-block-spacer block-visibility-hide-small-screen\"><\/div>\n\n<div class=\"woocommerce columns-5\"><ul class=\"products columns-5\">\n<li class=\"product-category product first\">\n\t<a aria-label=\"Produktkategorie Ostern besuchen\" href=\"https:\/\/www.ammore.online\/de\/Handgefertigte-Produkte\/ostern\/\"><img loading=\"lazy\" decoding=\"async\" src=\"https:\/\/www.ammore.online\/wp-content\/uploads\/2023\/04\/image0-scaled-530x530.jpeg\" alt=\"Ostern\" width=\"530\" height=\"530\" \/>\t\t<h2 class=\"woocommerce-loop-category__title\">\n\t\t\tOstern <mark class=\"count\">(11)<\/mark>\t\t<\/h2>\n\t\t<\/a><\/li>\n<li class=\"product-category product\">\n\t<a aria-label=\"Produktkategorie Weihnachten besuchen\" href=\"https:\/\/www.ammore.online\/de\/Handgefertigte-Produkte\/weihnachten\/\"><img loading=\"lazy\" decoding=\"async\" src=\"https:\/\/www.ammore.online\/wp-content\/uploads\/2024\/10\/pandorato_08-530x530.jpg\" alt=\"Weihnachten\" width=\"530\" height=\"530\" srcset=\"https:\/\/www.ammore.online\/wp-content\/uploads\/2024\/10\/pandorato_08-530x530.jpg 530w, https:\/\/www.ammore.online\/wp-content\/uploads\/2024\/10\/pandorato_08-150x150.jpg 150w, https:\/\/www.ammore.online\/wp-content\/uploads\/2024\/10\/pandorato_08-600x600.jpg 600w, https:\/\/www.ammore.online\/wp-content\/uploads\/2024\/10\/pandorato_08-180x180.jpg 180w\" sizes=\"auto, (max-width: 530px) 100vw, 530px\" \/>\t\t<h2 class=\"woocommerce-loop-category__title\">\n\t\t\tWeihnachten <mark class=\"count\">(28)<\/mark>\t\t<\/h2>\n\t\t<\/a><\/li>\n<li class=\"product-category product\">\n\t<a aria-label=\"Produktkategorie Cappelliera besuchen\" href=\"https:\/\/www.ammore.online\/de\/Handgefertigte-Produkte\/cappelliera-de\/\"><img loading=\"lazy\" decoding=\"async\" src=\"https:\/\/www.ammore.online\/wp-content\/uploads\/2024\/10\/Panettone-cappelliera-3Kg-530x530.jpg\" alt=\"Cappelliera\" width=\"530\" height=\"530\" srcset=\"https:\/\/www.ammore.online\/wp-content\/uploads\/2024\/10\/Panettone-cappelliera-3Kg-530x530.jpg 530w, https:\/\/www.ammore.online\/wp-content\/uploads\/2024\/10\/Panettone-cappelliera-3Kg-300x300.jpg 300w, https:\/\/www.ammore.online\/wp-content\/uploads\/2024\/10\/Panettone-cappelliera-3Kg-1024x1024.jpg 1024w, https:\/\/www.ammore.online\/wp-content\/uploads\/2024\/10\/Panettone-cappelliera-3Kg-150x150.jpg 150w, https:\/\/www.ammore.online\/wp-content\/uploads\/2024\/10\/Panettone-cappelliera-3Kg-768x768.jpg 768w, https:\/\/www.ammore.online\/wp-content\/uploads\/2024\/10\/Panettone-cappelliera-3Kg-50x50.jpg 50w, https:\/\/www.ammore.online\/wp-content\/uploads\/2024\/10\/Panettone-cappelliera-3Kg-1600x1600.jpg 1600w, https:\/\/www.ammore.online\/wp-content\/uploads\/2024\/10\/Panettone-cappelliera-3Kg-1536x1536.jpg 1536w, https:\/\/www.ammore.online\/wp-content\/uploads\/2024\/10\/Panettone-cappelliera-3Kg-600x600.jpg 600w, https:\/\/www.ammore.online\/wp-content\/uploads\/2024\/10\/Panettone-cappelliera-3Kg-720x720.jpg 720w, https:\/\/www.ammore.online\/wp-content\/uploads\/2024\/10\/Panettone-cappelliera-3Kg-180x180.jpg 180w, https:\/\/www.ammore.online\/wp-content\/uploads\/2024\/10\/Panettone-cappelliera-3Kg.jpg 1920w\" sizes=\"auto, (max-width: 530px) 100vw, 530px\" \/>\t\t<h2 class=\"woocommerce-loop-category__title\">\n\t\t\tCappelliera <mark class=\"count\">(16)<\/mark>\t\t<\/h2>\n\t\t<\/a><\/li>\n<li class=\"product-category product\">\n\t<a aria-label=\"Produktkategorie Panevo besuchen\" href=\"https:\/\/www.ammore.online\/de\/Handgefertigte-Produkte\/panevo-de\/\"><img loading=\"lazy\" decoding=\"async\" src=\"https:\/\/www.ammore.online\/wp-content\/uploads\/2024\/10\/InCollage_20241018_160229091-scaled.jpg\" alt=\"Panevo\" width=\"530\" height=\"530\" \/>\t\t<h2 class=\"woocommerce-loop-category__title\">\n\t\t\tPanevo <mark class=\"count\">(5)<\/mark>\t\t<\/h2>\n\t\t<\/a><\/li>\n<li class=\"product-category product last\">\n\t<a aria-label=\"Produktkategorie Pandolce besuchen\" href=\"https:\/\/www.ammore.online\/de\/Handgefertigte-Produkte\/lievitati-artigianali-pandolce-de\/\"><img loading=\"lazy\" decoding=\"async\" src=\"https:\/\/www.ammore.online\/wp-content\/uploads\/2024\/10\/Pandolce_brioche_01-530x530.jpg\" alt=\"Pandolce\" width=\"530\" height=\"530\" srcset=\"https:\/\/www.ammore.online\/wp-content\/uploads\/2024\/10\/Pandolce_brioche_01-530x530.jpg 530w, https:\/\/www.ammore.online\/wp-content\/uploads\/2024\/10\/Pandolce_brioche_01-150x150.jpg 150w, https:\/\/www.ammore.online\/wp-content\/uploads\/2024\/10\/Pandolce_brioche_01-600x600.jpg 600w, https:\/\/www.ammore.online\/wp-content\/uploads\/2024\/10\/Pandolce_brioche_01-180x180.jpg 180w\" sizes=\"auto, (max-width: 530px) 100vw, 530px\" \/>\t\t<h2 class=\"woocommerce-loop-category__title\">\n\t\t\tPandolce <mark class=\"count\">(3)<\/mark>\t\t<\/h2>\n\t\t<\/a><\/li>\n<li class=\"product-category product first\">\n\t<a aria-label=\"Produktkategorie Streichf\u00e4hige Cremes besuchen\" href=\"https:\/\/www.ammore.online\/de\/Handgefertigte-Produkte\/streichfahige-cremes\/\"><img loading=\"lazy\" decoding=\"async\" src=\"https:\/\/www.ammore.online\/wp-content\/uploads\/2024\/10\/crema-nocciole-scaled-530x530.jpg\" alt=\"Streichf\u00e4hige Cremes\" width=\"530\" height=\"530\" \/>\t\t<h2 class=\"woocommerce-loop-category__title\">\n\t\t\tStreichf\u00e4hige Cremes <mark class=\"count\">(4)<\/mark>\t\t<\/h2>\n\t\t<\/a><\/li>\n<li class=\"product-category product\">\n\t<a aria-label=\"Produktkategorie Praline besuchen\" href=\"https:\/\/www.ammore.online\/de\/Handgefertigte-Produkte\/praline-de\/\"><img loading=\"lazy\" decoding=\"async\" src=\"https:\/\/www.ammore.online\/wp-content\/uploads\/2026\/03\/FOTO-530x530.png\" alt=\"Praline\" width=\"530\" height=\"530\" srcset=\"https:\/\/www.ammore.online\/wp-content\/uploads\/2026\/03\/FOTO-530x530.png 530w, https:\/\/www.ammore.online\/wp-content\/uploads\/2026\/03\/FOTO-300x300.png 300w, https:\/\/www.ammore.online\/wp-content\/uploads\/2026\/03\/FOTO-1024x1024.png 1024w, https:\/\/www.ammore.online\/wp-content\/uploads\/2026\/03\/FOTO-150x150.png 150w, https:\/\/www.ammore.online\/wp-content\/uploads\/2026\/03\/FOTO-768x768.png 768w, https:\/\/www.ammore.online\/wp-content\/uploads\/2026\/03\/FOTO-50x50.png 50w, https:\/\/www.ammore.online\/wp-content\/uploads\/2026\/03\/FOTO-600x600.png 600w, https:\/\/www.ammore.online\/wp-content\/uploads\/2026\/03\/FOTO-720x720.png 720w, https:\/\/www.ammore.online\/wp-content\/uploads\/2026\/03\/FOTO-180x180.png 180w, https:\/\/www.ammore.online\/wp-content\/uploads\/2026\/03\/FOTO.png 1417w\" sizes=\"auto, (max-width: 530px) 100vw, 530px\" \/>\t\t<h2 class=\"woocommerce-loop-category__title\">\n\t\t\tPraline <mark class=\"count\">(1)<\/mark>\t\t<\/h2>\n\t\t<\/a><\/li>\n<li class=\"product-category product\">\n\t<a aria-label=\"Produktkategorie Kompotte besuchen\" href=\"https:\/\/www.ammore.online\/de\/Handgefertigte-Produkte\/kompotte\/\"><img loading=\"lazy\" decoding=\"async\" src=\"https:\/\/www.ammore.online\/wp-content\/uploads\/2023\/11\/Composta-Ammore-530x530.jpg\" alt=\"Kompotte\" width=\"530\" height=\"530\" srcset=\"https:\/\/www.ammore.online\/wp-content\/uploads\/2023\/11\/Composta-Ammore-530x530.jpg 530w, https:\/\/www.ammore.online\/wp-content\/uploads\/2023\/11\/Composta-Ammore-300x300.jpg 300w, https:\/\/www.ammore.online\/wp-content\/uploads\/2023\/11\/Composta-Ammore-150x150.jpg 150w, https:\/\/www.ammore.online\/wp-content\/uploads\/2023\/11\/Composta-Ammore-768x768.jpg 768w, https:\/\/www.ammore.online\/wp-content\/uploads\/2023\/11\/Composta-Ammore-50x50.jpg 50w, https:\/\/www.ammore.online\/wp-content\/uploads\/2023\/11\/Composta-Ammore-600x600.jpg 600w, https:\/\/www.ammore.online\/wp-content\/uploads\/2023\/11\/Composta-Ammore-720x720.jpg 720w, https:\/\/www.ammore.online\/wp-content\/uploads\/2023\/11\/Composta-Ammore-180x180.jpg 180w, https:\/\/www.ammore.online\/wp-content\/uploads\/2023\/11\/Composta-Ammore.jpg 886w\" sizes=\"auto, (max-width: 530px) 100vw, 530px\" \/>\t\t<h2 class=\"woocommerce-loop-category__title\">\n\t\t\tKompotte <mark class=\"count\">(1)<\/mark>\t\t<\/h2>\n\t\t<\/a><\/li>\n<\/ul>\n<\/div><\/div><\/div>\n\n<p class=\"has-text-align-center\">Wir k\u00fcmmern uns mit \u201e<strong>Ammore<\/strong>\u201c um die Auswahl hochwertiger Produkte und verarbeiten diese in einem <strong>handwerklichen<\/strong> Labor, unserem Partner, das seinen Sitz in der Provinz Avellino hat. Wir sind auf die handwerkliche Herstellung von <strong>Tauben<\/strong>, <strong>Panettone<\/strong>, <strong>Panzuppati<\/strong>, <strong>Pandolci<\/strong> und <strong>Panevo<\/strong> in verschiedenen Geschmacksrichtungen spezialisiert. Und wenn Sie m\u00f6chten, sind wir bereit, Sie mit einer verlockenden Linie streichf\u00e4higer <strong>Cremes zu \u00fcberraschen<\/strong>.<\/p>\n\n<p class=\"has-text-align-center\">Wir beginnen mit einer sorgf\u00e4ltigen <strong>Recherche<\/strong> des Rohmaterials, um zur Lieferung zu gelangen. Wir k\u00fcmmern uns gerne um jedes kleinste Detail und f\u00fcr uns ist die Verpackung ein grundlegendes Detail. Deshalb verwenden wir eine hei\u00dfversiegelte Schutzverpackung, die mit einem <strong>Frischhalteclip wiederverschlie\u00dfbar<\/strong> ist und bedenkenlos wiederverwendet werden kann.<\/p>\n\n<p class=\"has-text-align-center\">Unser \u00f6kologisch nachhaltiger Beutel bewahrt Geschmack, Duft und Aromen unver\u00e4ndert und erm\u00f6glicht uns so, die Haltbarkeitsdauer unserer Sauerteigprodukte zu verl\u00e4ngern. So werden Sie jedes Mal wie beim ersten Mal die unverwechselbare Sanftheit genie\u00dfen, die den Gaumen, den Geist und das Herz derjenigen befriedigt, die die guten Dinge der Vergangenheit bevorzugen.<\/p><\/div><\/div>","protected":false},"excerpt":{"rendered":"<p>Wir m\u00f6gen sowohl s\u00fc\u00df als auch herzhaft. Und wir achten darauf, auch glutenfreie Produkte anzubieten. Bei uns geht es langsam auf, es dauert nie weniger als 48 Stunden und verleiht dem Teig, gelinde gesagt, eine einladende Br\u00e4unung und eine homogene und weiche Wabe, die ihn zu etwas Besonderem macht. Der exklusive Sauerteig, den wir seit [&hellip;]<\/p>\n","protected":false},"author":1,"featured_media":0,"parent":0,"menu_order":0,"comment_status":"closed","ping_status":"closed","template":"templates\/blocks.php","meta":{"_genesis_hide_title":false,"_genesis_hide_breadcrumbs":false,"_genesis_hide_singular_image":false,"_genesis_hide_footer_widgets":false,"_genesis_custom_body_class":"","_genesis_custom_post_class":"","_genesis_layout":"full-width-content","footnotes":""},"class_list":{"0":"post-3105","1":"page","2":"type-page","3":"status-publish","5":"entry"},"yoast_head":"<!-- This site is optimized with the Yoast SEO plugin v23.7 - https:\/\/yoast.com\/wordpress\/plugins\/seo\/ -->\n<title>Produkte - Ammore<\/title>\n<meta name=\"robots\" content=\"index, follow, max-snippet:-1, max-image-preview:large, max-video-preview:-1\" \/>\n<link rel=\"canonical\" href=\"https:\/\/www.ammore.online\/de\/produkte\/\" \/>\n<meta property=\"og:locale\" content=\"de_DE\" \/>\n<meta property=\"og:type\" content=\"article\" \/>\n<meta property=\"og:title\" content=\"Produkte - Ammore\" \/>\n<meta property=\"og:description\" content=\"Wir m\u00f6gen sowohl s\u00fc\u00df als auch herzhaft. Und wir achten darauf, auch glutenfreie Produkte anzubieten. Bei uns geht es langsam auf, es dauert nie weniger als 48 Stunden und verleiht dem Teig, gelinde gesagt, eine einladende Br\u00e4unung und eine homogene und weiche Wabe, die ihn zu etwas Besonderem macht. Der exklusive Sauerteig, den wir seit [&hellip;]\" \/>\n<meta property=\"og:url\" content=\"https:\/\/www.ammore.online\/de\/produkte\/\" \/>\n<meta property=\"og:site_name\" content=\"Ammore\" \/>\n<meta property=\"article:publisher\" content=\"https:\/\/www.facebook.com\/ammore.official\" \/>\n<meta property=\"article:modified_time\" content=\"2025-02-27T15:52:07+00:00\" \/>\n<meta name=\"twitter:card\" content=\"summary_large_image\" \/>\n<meta name=\"twitter:label1\" content=\"Gesch\u00e4tzte Lesezeit\" \/>\n\t<meta name=\"twitter:data1\" content=\"2\u00a0Minuten\" \/>\n<script type=\"application\/ld+json\" class=\"yoast-schema-graph\">{\"@context\":\"https:\/\/schema.org\",\"@graph\":[{\"@type\":\"WebPage\",\"@id\":\"https:\/\/www.ammore.online\/de\/produkte\/\",\"url\":\"https:\/\/www.ammore.online\/de\/produkte\/\",\"name\":\"Produkte - Ammore\",\"isPartOf\":{\"@id\":\"https:\/\/www.ammore.online\/es\/#website\"},\"datePublished\":\"2023-07-14T14:02:30+00:00\",\"dateModified\":\"2025-02-27T15:52:07+00:00\",\"breadcrumb\":{\"@id\":\"https:\/\/www.ammore.online\/de\/produkte\/#breadcrumb\"},\"inLanguage\":\"de\",\"potentialAction\":[{\"@type\":\"ReadAction\",\"target\":[\"https:\/\/www.ammore.online\/de\/produkte\/\"]}]},{\"@type\":\"BreadcrumbList\",\"@id\":\"https:\/\/www.ammore.online\/de\/produkte\/#breadcrumb\",\"itemListElement\":[{\"@type\":\"ListItem\",\"position\":1,\"name\":\"Home\",\"item\":\"https:\/\/www.ammore.online\/de\/\"},{\"@type\":\"ListItem\",\"position\":2,\"name\":\"Produkte\"}]},{\"@type\":\"WebSite\",\"@id\":\"https:\/\/www.ammore.online\/es\/#website\",\"url\":\"https:\/\/www.ammore.online\/es\/\",\"name\":\"Ammore\",\"description\":\"Il gusto della tradizione\",\"publisher\":{\"@id\":\"https:\/\/www.ammore.online\/es\/#organization\"},\"potentialAction\":[{\"@type\":\"SearchAction\",\"target\":{\"@type\":\"EntryPoint\",\"urlTemplate\":\"https:\/\/www.ammore.online\/es\/?s={search_term_string}\"},\"query-input\":{\"@type\":\"PropertyValueSpecification\",\"valueRequired\":true,\"valueName\":\"search_term_string\"}}],\"inLanguage\":\"de\"},{\"@type\":\"Organization\",\"@id\":\"https:\/\/www.ammore.online\/es\/#organization\",\"name\":\"Ammore\",\"url\":\"https:\/\/www.ammore.online\/es\/\",\"logo\":{\"@type\":\"ImageObject\",\"inLanguage\":\"de\",\"@id\":\"https:\/\/www.ammore.online\/es\/#\/schema\/logo\/image\/\",\"url\":\"https:\/\/www.ammore.online\/wp-content\/uploads\/2023\/10\/cropped-cropped-Ammore_logo.png\",\"contentUrl\":\"https:\/\/www.ammore.online\/wp-content\/uploads\/2023\/10\/cropped-cropped-Ammore_logo.png\",\"width\":1411,\"height\":393,\"caption\":\"Ammore\"},\"image\":{\"@id\":\"https:\/\/www.ammore.online\/es\/#\/schema\/logo\/image\/\"},\"sameAs\":[\"https:\/\/www.facebook.com\/ammore.official\",\"https:\/\/www.instagram.com\/ammore_official\"]}]}<\/script>\n<!-- \/ Yoast SEO plugin. -->","yoast_head_json":{"title":"Produkte - Ammore","robots":{"index":"index","follow":"follow","max-snippet":"max-snippet:-1","max-image-preview":"max-image-preview:large","max-video-preview":"max-video-preview:-1"},"canonical":"https:\/\/www.ammore.online\/de\/produkte\/","og_locale":"de_DE","og_type":"article","og_title":"Produkte - Ammore","og_description":"Wir m\u00f6gen sowohl s\u00fc\u00df als auch herzhaft. Und wir achten darauf, auch glutenfreie Produkte anzubieten. Bei uns geht es langsam auf, es dauert nie weniger als 48 Stunden und verleiht dem Teig, gelinde gesagt, eine einladende Br\u00e4unung und eine homogene und weiche Wabe, die ihn zu etwas Besonderem macht. Der exklusive Sauerteig, den wir seit [&hellip;]","og_url":"https:\/\/www.ammore.online\/de\/produkte\/","og_site_name":"Ammore","article_publisher":"https:\/\/www.facebook.com\/ammore.official","article_modified_time":"2025-02-27T15:52:07+00:00","twitter_card":"summary_large_image","twitter_misc":{"Gesch\u00e4tzte Lesezeit":"2\u00a0Minuten"},"schema":{"@context":"https:\/\/schema.org","@graph":[{"@type":"WebPage","@id":"https:\/\/www.ammore.online\/de\/produkte\/","url":"https:\/\/www.ammore.online\/de\/produkte\/","name":"Produkte - Ammore","isPartOf":{"@id":"https:\/\/www.ammore.online\/es\/#website"},"datePublished":"2023-07-14T14:02:30+00:00","dateModified":"2025-02-27T15:52:07+00:00","breadcrumb":{"@id":"https:\/\/www.ammore.online\/de\/produkte\/#breadcrumb"},"inLanguage":"de","potentialAction":[{"@type":"ReadAction","target":["https:\/\/www.ammore.online\/de\/produkte\/"]}]},{"@type":"BreadcrumbList","@id":"https:\/\/www.ammore.online\/de\/produkte\/#breadcrumb","itemListElement":[{"@type":"ListItem","position":1,"name":"Home","item":"https:\/\/www.ammore.online\/de\/"},{"@type":"ListItem","position":2,"name":"Produkte"}]},{"@type":"WebSite","@id":"https:\/\/www.ammore.online\/es\/#website","url":"https:\/\/www.ammore.online\/es\/","name":"Ammore","description":"Il gusto della tradizione","publisher":{"@id":"https:\/\/www.ammore.online\/es\/#organization"},"potentialAction":[{"@type":"SearchAction","target":{"@type":"EntryPoint","urlTemplate":"https:\/\/www.ammore.online\/es\/?s={search_term_string}"},"query-input":{"@type":"PropertyValueSpecification","valueRequired":true,"valueName":"search_term_string"}}],"inLanguage":"de"},{"@type":"Organization","@id":"https:\/\/www.ammore.online\/es\/#organization","name":"Ammore","url":"https:\/\/www.ammore.online\/es\/","logo":{"@type":"ImageObject","inLanguage":"de","@id":"https:\/\/www.ammore.online\/es\/#\/schema\/logo\/image\/","url":"https:\/\/www.ammore.online\/wp-content\/uploads\/2023\/10\/cropped-cropped-Ammore_logo.png","contentUrl":"https:\/\/www.ammore.online\/wp-content\/uploads\/2023\/10\/cropped-cropped-Ammore_logo.png","width":1411,"height":393,"caption":"Ammore"},"image":{"@id":"https:\/\/www.ammore.online\/es\/#\/schema\/logo\/image\/"},"sameAs":["https:\/\/www.facebook.com\/ammore.official","https:\/\/www.instagram.com\/ammore_official"]}]}},"featured_image_src":null,"featured_image_src_square":null,"_links":{"self":[{"href":"https:\/\/www.ammore.online\/de\/wp-json\/wp\/v2\/pages\/3105","targetHints":{"allow":["GET"]}}],"collection":[{"href":"https:\/\/www.ammore.online\/de\/wp-json\/wp\/v2\/pages"}],"about":[{"href":"https:\/\/www.ammore.online\/de\/wp-json\/wp\/v2\/types\/page"}],"author":[{"embeddable":true,"href":"https:\/\/www.ammore.online\/de\/wp-json\/wp\/v2\/users\/1"}],"replies":[{"embeddable":true,"href":"https:\/\/www.ammore.online\/de\/wp-json\/wp\/v2\/comments?post=3105"}],"version-history":[{"count":3,"href":"https:\/\/www.ammore.online\/de\/wp-json\/wp\/v2\/pages\/3105\/revisions"}],"predecessor-version":[{"id":3796,"href":"https:\/\/www.ammore.online\/de\/wp-json\/wp\/v2\/pages\/3105\/revisions\/3796"}],"wp:attachment":[{"href":"https:\/\/www.ammore.online\/de\/wp-json\/wp\/v2\/media?parent=3105"}],"curies":[{"name":"wp","href":"https:\/\/api.w.org\/{rel}","templated":true}]}}